{"id":722,"date":"2023-12-25T11:18:27","date_gmt":"2023-12-25T03:18:27","guid":{"rendered":"https:\/\/www.plasticgranularmachine.com\/?post_type=product&#038;p=722"},"modified":"2025-01-06T10:01:51","modified_gmt":"2025-01-06T02:01:51","slug":"strand-cooling-bath","status":"publish","type":"product","link":"https:\/\/www.plasticgranularmachine.com\/fr\/product\/strand-cooling-bath\/","title":{"rendered":"Bain de refroidissement de brins pour la pelletisation du plastique"},"content":{"rendered":"<p>Le bain de refroidissement des brins d'Efficient Machinery joue un r\u00f4le cl\u00e9 dans le refroidissement et le durcissement du processus de recyclage et de granulation du plastique. Nos granulateurs de plastique export\u00e9s vers l'Arabie Saoudite, l'Afrique du Sud, le Nigeria et d'autres pays sont \u00e9quip\u00e9s de r\u00e9servoirs de refroidissement par eau.<\/p>   <div class=\"wp-block-image\"> <figure class=\"aligncenter size-full\"><img loading=\"lazy\" decoding=\"async\" width=\"720\" height=\"540\" src=\"https:\/\/www.plasticgranularmachine.com\/wp-content\/uploads\/2023\/12\/plastic-pelletizing-machines.webp\" alt=\"machines de granulation du plastique\" class=\"wp-image-1272\" srcset=\"https:\/\/www.plasticgranularmachine.com\/wp-content\/uploads\/2023\/12\/plastic-pelletizing-machines.webp 720w, https:\/\/www.plasticgranularmachine.com\/wp-content\/uploads\/2023\/12\/plastic-pelletizing-machines-300x225.webp 300w, https:\/\/www.plasticgranularmachine.com\/wp-content\/uploads\/2023\/12\/plastic-pelletizing-machines-16x12.webp 16w\" sizes=\"auto, (max-width: 720px) 100vw, 720px\" \/><figcaption class=\"wp-element-caption\">machines de granulation du plastique<\/figcaption><\/figure> <\/div>   <h2 class=\"wp-block-heading\">Utilisation du bain de refroidissement des brins pour la pelletisation du plastique<\/h2>    <figure class=\"wp-block-gallery has-nested-images columns-default is-cropped wp-block-gallery-2 is-layout-flex wp-block-gallery-is-layout-flex\"> <figure class=\"wp-block-image size-large\"><img loading=\"lazy\" decoding=\"async\" width=\"720\" height=\"540\" data-id=\"1274\" src=\"https:\/\/www.plasticgranularmachine.com\/wp-content\/uploads\/2023\/12\/water-cooling-tank-for-plastic.webp\" alt=\"r\u00e9servoir de refroidissement par eau pour plastique\" class=\"wp-image-1274\" srcset=\"https:\/\/www.plasticgranularmachine.com\/wp-content\/uploads\/2023\/12\/water-cooling-tank-for-plastic.webp 720w, https:\/\/www.plasticgranularmachine.com\/wp-content\/uploads\/2023\/12\/water-cooling-tank-for-plastic-300x225.webp 300w, https:\/\/www.plasticgranularmachine.com\/wp-content\/uploads\/2023\/12\/water-cooling-tank-for-plastic-16x12.webp 16w\" sizes=\"auto, (max-width: 720px) 100vw, 720px\" \/><figcaption class=\"wp-element-caption\">r\u00e9servoir de refroidissement par eau pour plastique<\/figcaption><\/figure>    <figure class=\"wp-block-image size-large\"><img loading=\"lazy\" decoding=\"async\" width=\"720\" height=\"540\" data-id=\"1273\" src=\"https:\/\/www.plasticgranularmachine.com\/wp-content\/uploads\/2023\/12\/strand-cooling-bath.webp\" alt=\"bain de refroidissement des brins\" class=\"wp-image-1273\" srcset=\"https:\/\/www.plasticgranularmachine.com\/wp-content\/uploads\/2023\/12\/strand-cooling-bath.webp 720w, https:\/\/www.plasticgranularmachine.com\/wp-content\/uploads\/2023\/12\/strand-cooling-bath-300x225.webp 300w, https:\/\/www.plasticgranularmachine.com\/wp-content\/uploads\/2023\/12\/strand-cooling-bath-16x12.webp 16w\" sizes=\"auto, (max-width: 720px) 100vw, 720px\" \/><figcaption class=\"wp-element-caption\">bain de refroidissement des brins<\/figcaption><\/figure> <\/figure>    <p>Les brins de plastique extrud\u00e9s de la machine de granulation sont tr\u00e8s chauds lors de leur premi\u00e8re production et doivent \u00eatre rapidement refroidis dans un bain de refroidissement des brins. La basse temp\u00e9rature durcit \u00e9galement rapidement le plastique, ce qui contribue \u00e0 garantir que la bande conserve sa forme pour le processus de d\u00e9coupe ult\u00e9rieur.<\/p>   <div class=\"wp-block-image\"> <figure class=\"aligncenter size-full\"><img loading=\"lazy\" decoding=\"async\" width=\"540\" height=\"720\" src=\"https:\/\/www.plasticgranularmachine.com\/wp-content\/uploads\/2023\/12\/strand-cooling-bath-working-for-plastic-granulation.webp\" alt=\"bain de refroidissement de brins travaillant pour la granulation plastique\" class=\"wp-image-1276\" srcset=\"https:\/\/www.plasticgranularmachine.com\/wp-content\/uploads\/2023\/12\/strand-cooling-bath-working-for-plastic-granulation.webp 540w, https:\/\/www.plasticgranularmachine.com\/wp-content\/uploads\/2023\/12\/strand-cooling-bath-working-for-plastic-granulation-225x300.webp 225w, https:\/\/www.plasticgranularmachine.com\/wp-content\/uploads\/2023\/12\/strand-cooling-bath-working-for-plastic-granulation-9x12.webp 9w\" sizes=\"auto, (max-width: 540px) 100vw, 540px\" \/><figcaption class=\"wp-element-caption\">bain de refroidissement de brins travaillant pour la granulation plastique<\/figcaption><\/figure> <\/div>   <h2 class=\"wp-block-heading\">Avantages du bain-marie pour le refroidissement des brins de plastique <\/h2>    <p>Acier inoxydable : Le bain-marie pour refroidir les brins de plastique est en acier inoxydable, les caract\u00e9ristiques de l'acier inoxydable garantissent que le r\u00e9servoir de refroidissement peut maintenir un haut degr\u00e9 de durabilit\u00e9 dans un environnement humide, prolongeant ainsi la dur\u00e9e de vie.<\/p>    <p class=\"translation-block\">Correspondance des sp\u00e9cifications : le bain d\u2019eau de refroidissement est parfaitement adapt\u00e9 au <strong><a href=\"https:\/\/www.plasticgranularmachine.com\/fr\/product\/plastic-film-granulator\/\" data-type=\"link\" data-id=\"https:\/\/www.plasticgranularmachine.com\/product\/plastic-film-granulator\/\"> pelletiseur plastique<\/a><\/strong>. Cela garantit que la taille du bac est adapt\u00e9e \u00e0 la capacit\u00e9 du pelletiseur, \u00e9vitant les goulots d\u2019\u00e9tranglement dans le processus de production.<\/p>    <figure class=\"wp-block-gallery aligncenter has-nested-images columns-default is-cropped wp-block-gallery-3 is-layout-flex wp-block-gallery-is-layout-flex\"> <figure class=\"wp-block-image size-full\"><img loading=\"lazy\" decoding=\"async\" width=\"720\" height=\"540\" data-id=\"1275\" src=\"https:\/\/www.plasticgranularmachine.com\/wp-content\/uploads\/2023\/12\/extrusion-cooling-tank-for-plastic.webp\" alt=\"r\u00e9servoir de refroidissement par extrusion pour plastique\" class=\"wp-image-1275\" srcset=\"https:\/\/www.plasticgranularmachine.com\/wp-content\/uploads\/2023\/12\/extrusion-cooling-tank-for-plastic.webp 720w, https:\/\/www.plasticgranularmachine.com\/wp-content\/uploads\/2023\/12\/extrusion-cooling-tank-for-plastic-300x225.webp 300w, https:\/\/www.plasticgranularmachine.com\/wp-content\/uploads\/2023\/12\/extrusion-cooling-tank-for-plastic-16x12.webp 16w\" sizes=\"auto, (max-width: 720px) 100vw, 720px\" \/><figcaption class=\"wp-element-caption\">r\u00e9servoir de refroidissement par extrusion pour plastique<\/figcaption><\/figure>    <figure class=\"wp-block-image size-full\"><img loading=\"lazy\" decoding=\"async\" width=\"720\" height=\"540\" data-id=\"1277\" src=\"https:\/\/www.plasticgranularmachine.com\/wp-content\/uploads\/2023\/12\/plastic-granules-making-machines.webp\" alt=\"machines de fabrication de granul\u00e9s de plastique\" class=\"wp-image-1277\" srcset=\"https:\/\/www.plasticgranularmachine.com\/wp-content\/uploads\/2023\/12\/plastic-granules-making-machines.webp 720w, https:\/\/www.plasticgranularmachine.com\/wp-content\/uploads\/2023\/12\/plastic-granules-making-machines-300x225.webp 300w, https:\/\/www.plasticgranularmachine.com\/wp-content\/uploads\/2023\/12\/plastic-granules-making-machines-16x12.webp 16w\" sizes=\"auto, (max-width: 720px) 100vw, 720px\" \/><figcaption class=\"wp-element-caption\">machines de fabrication de granul\u00e9s de plastique<\/figcaption><\/figure> <\/figure>    <h2 class=\"wp-block-heading\">Int\u00e9gration d'une ligne de pelletisation de recyclage du plastique<\/h2>    <p class=\"translation-block\">Les cuves de refroidissement sont g\u00e9n\u00e9ralement connect\u00e9es \u00e0 d\u2019autres \u00e9quipements de pelletisation, tels que les granulateurs et les coupeuses, pour r\u00e9aliser le fonctionnement int\u00e9gr\u00e9 de l\u2019ensemble de la <strong><a href=\"https:\/\/www.plasticgranularmachine.com\/fr\/product\/plastic-granulating-line\/\" data-type=\"link\" data-id=\"https:\/\/www.plasticgranularmachine.com\/product\/plastic-granulating-line\/\"> ligne de pelletisation et recyclage du plastique<\/a><\/strong>, ce qui am\u00e9liore l\u2019efficacit\u00e9 de la production et la facilit\u00e9 d\u2019utilisation.<\/p>    <figure class=\"wp-block-gallery aligncenter has-nested-images columns-default is-cropped wp-block-gallery-4 is-layout-flex wp-block-gallery-is-layout-flex\"> <figure class=\"wp-block-image size-full\"><img loading=\"lazy\" decoding=\"async\" width=\"720\" height=\"540\" data-id=\"1280\" src=\"https:\/\/www.plasticgranularmachine.com\/wp-content\/uploads\/2023\/12\/extrusion-cooling-tank-plastic-.webp\" alt=\"utilisation du r\u00e9servoir de refroidissement par extrusion dans la ligne de granulation\" class=\"wp-image-1280\" srcset=\"https:\/\/www.plasticgranularmachine.com\/wp-content\/uploads\/2023\/12\/extrusion-cooling-tank-plastic-.webp 720w, https:\/\/www.plasticgranularmachine.com\/wp-content\/uploads\/2023\/12\/extrusion-cooling-tank-plastic--300x225.webp 300w, https:\/\/www.plasticgranularmachine.com\/wp-content\/uploads\/2023\/12\/extrusion-cooling-tank-plastic--16x12.webp 16w\" sizes=\"auto, (max-width: 720px) 100vw, 720px\" \/><figcaption class=\"wp-element-caption\">utilisation du r\u00e9servoir de refroidissement par extrusion dans la ligne de granulation<\/figcaption><\/figure>    <figure class=\"wp-block-image size-full\"><img loading=\"lazy\" decoding=\"async\" width=\"720\" height=\"540\" data-id=\"1278\" src=\"https:\/\/www.plasticgranularmachine.com\/wp-content\/uploads\/2023\/12\/water-cooling-tank-in-a-pelletizing-line.webp\" alt=\"r\u00e9servoir de refroidissement par eau dans une ligne de granulation\" class=\"wp-image-1278\" srcset=\"https:\/\/www.plasticgranularmachine.com\/wp-content\/uploads\/2023\/12\/water-cooling-tank-in-a-pelletizing-line.webp 720w, https:\/\/www.plasticgranularmachine.com\/wp-content\/uploads\/2023\/12\/water-cooling-tank-in-a-pelletizing-line-300x225.webp 300w, https:\/\/www.plasticgranularmachine.com\/wp-content\/uploads\/2023\/12\/water-cooling-tank-in-a-pelletizing-line-16x12.webp 16w\" sizes=\"auto, (max-width: 720px) 100vw, 720px\" \/><figcaption class=\"wp-element-caption\">r\u00e9servoir de refroidissement par eau dans une ligne de granulation<\/figcaption><\/figure> <\/figure>","protected":false},"excerpt":{"rendered":"<p>Les bains de refroidissement des brins jouent un r\u00f4le important dans les lignes de granulation du plastique pour aider \u00e0 solidifier et \u00e0 refroidir la feuille de plastique extrud\u00e9e fondue.<\/p>","protected":false},"author":1,"featured_media":1447,"parent":0,"template":"","tags":[37],"product-type":[32],"class_list":["post-722","product","type-product","status-publish","has-post-thumbnail","hentry","tag-pelletizing","product-type-plastic-baler"],"_links":{"self":[{"href":"https:\/\/www.plasticgranularmachine.com\/fr\/wp-json\/wp\/v2\/product\/722","targetHints":{"allow":["GET"]}}],"collection":[{"href":"https:\/\/www.plasticgranularmachine.com\/fr\/wp-json\/wp\/v2\/product"}],"about":[{"href":"https:\/\/www.plasticgranularmachine.com\/fr\/wp-json\/wp\/v2\/types\/product"}],"author":[{"embeddable":true,"href":"https:\/\/www.plasticgranularmachine.com\/fr\/wp-json\/wp\/v2\/users\/1"}],"wp:featuredmedia":[{"embeddable":true,"href":"https:\/\/www.plasticgranularmachine.com\/fr\/wp-json\/wp\/v2\/media\/1447"}],"wp:attachment":[{"href":"https:\/\/www.plasticgranularmachine.com\/fr\/wp-json\/wp\/v2\/media?parent=722"}],"wp:term":[{"taxonomy":"post_tag","embeddable":true,"href":"https:\/\/www.plasticgranularmachine.com\/fr\/wp-json\/wp\/v2\/tags?post=722"},{"taxonomy":"product-type","embeddable":true,"href":"https:\/\/www.plasticgranularmachine.com\/fr\/wp-json\/wp\/v2\/product-type?post=722"}],"curies":[{"name":"wp","href":"https:\/\/api.w.org\/{rel}","templated":true}]}}