{"id":954,"date":"2024-10-18T16:40:06","date_gmt":"2024-10-18T08:40:06","guid":{"rendered":"https:\/\/www.plasticgranularmachine.com\/?post_type=product&#038;p=954"},"modified":"2025-03-21T17:08:45","modified_gmt":"2025-03-21T09:08:45","slug":"hard-plastic-recycling-line","status":"publish","type":"product","link":"https:\/\/www.plasticgranularmachine.com\/fr\/product\/hard-plastic-recycling-line\/","title":{"rendered":"Ligne de recyclage de plastique rigide pour le r\u00e9aff\u00fbtage PP PE PVC HDPE"},"content":{"rendered":"<p>Vous recherchez la meilleure solution pour recycler les palettes, les tuyaux, les bidons d\u2019huile, les mat\u00e9riaux des t\u00eates d\u2019extrusion, etc. ? La ligne de recyclage du plastique dur offre une m\u00e9thode compl\u00e8te et efficace pour broyer le PP, PE, PVC, HDPE, etc. en granul\u00e9s de grande valeur.<\/p>    <figure class=\"wp-block-gallery has-nested-images columns-default is-cropped wp-block-gallery-2 is-layout-flex wp-block-gallery-is-layout-flex\"> <figure class=\"wp-block-image size-full\"><img loading=\"lazy\" decoding=\"async\" width=\"720\" height=\"540\" data-id=\"1205\" src=\"https:\/\/www.plasticgranularmachine.com\/wp-content\/uploads\/2024\/10\/plastic-pallet-1.webp\" alt=\"palette en plastique\" class=\"wp-image-1205\" srcset=\"https:\/\/www.plasticgranularmachine.com\/wp-content\/uploads\/2024\/10\/plastic-pallet-1.webp 720w, https:\/\/www.plasticgranularmachine.com\/wp-content\/uploads\/2024\/10\/plastic-pallet-1-300x225.webp 300w, https:\/\/www.plasticgranularmachine.com\/wp-content\/uploads\/2024\/10\/plastic-pallet-1-16x12.webp 16w\" sizes=\"auto, (max-width: 720px) 100vw, 720px\" \/><figcaption class=\"wp-element-caption\">palette en plastique<\/figcaption><\/figure>    <figure class=\"wp-block-image size-full\"><img loading=\"lazy\" decoding=\"async\" width=\"720\" height=\"540\" data-id=\"1204\" src=\"https:\/\/www.plasticgranularmachine.com\/wp-content\/uploads\/2024\/10\/plastic-containers1.webp\" alt=\"contenants en plastique\" class=\"wp-image-1204\" srcset=\"https:\/\/www.plasticgranularmachine.com\/wp-content\/uploads\/2024\/10\/plastic-containers1.webp 720w, https:\/\/www.plasticgranularmachine.com\/wp-content\/uploads\/2024\/10\/plastic-containers1-300x225.webp 300w, https:\/\/www.plasticgranularmachine.com\/wp-content\/uploads\/2024\/10\/plastic-containers1-16x12.webp 16w\" sizes=\"auto, (max-width: 720px) 100vw, 720px\" \/><figcaption class=\"wp-element-caption\">contenants en plastique<\/figcaption><\/figure>    <figure class=\"wp-block-image size-large\"><img loading=\"lazy\" decoding=\"async\" width=\"720\" height=\"540\" data-id=\"1206\" src=\"https:\/\/www.plasticgranularmachine.com\/wp-content\/uploads\/2024\/10\/Fruit-Basket-1.webp\" alt=\"Corbeille de fruits\" class=\"wp-image-1206\" srcset=\"https:\/\/www.plasticgranularmachine.com\/wp-content\/uploads\/2024\/10\/Fruit-Basket-1.webp 720w, https:\/\/www.plasticgranularmachine.com\/wp-content\/uploads\/2024\/10\/Fruit-Basket-1-300x225.webp 300w, https:\/\/www.plasticgranularmachine.com\/wp-content\/uploads\/2024\/10\/Fruit-Basket-1-16x12.webp 16w\" sizes=\"auto, (max-width: 720px) 100vw, 720px\" \/><figcaption class=\"wp-element-caption\">Corbeille de fruits<\/figcaption><\/figure> <\/figure>    <h2 class=\"wp-block-heading\">Principales caract\u00e9ristiques de la ligne de recyclage efficace du plastique dur<\/h2>    <ul class=\"wp-block-list\"> <li>Large gamme d'applications : traite facilement divers plastiques durs et convient \u00e0 toutes les tailles d'usines.<\/li>    <li>Capacit\u00e9 de 100 ~ 500 kg\/h et moteurs puissants pour une production efficace et continue.<\/li>    <li>Diverses machines personnalisables sont disponibles pour la s\u00e9lection et la combinaison, avec une configuration flexible.<\/li>    <li>Il est \u00e9quip\u00e9 d'un syst\u00e8me de contr\u00f4le de temp\u00e9rature intelligent pour un contr\u00f4le pr\u00e9cis de la temp\u00e9rature de granulation.<\/li>    <li>Les granul\u00e9s produits ont une surface de haute qualit\u00e9, lisse et uniforme, ainsi que de bonnes propri\u00e9t\u00e9s physiques.<\/li> <\/ul>   <div class=\"wp-block-image\"> <figure class=\"aligncenter size-full\"><img loading=\"lazy\" decoding=\"async\" width=\"720\" height=\"540\" src=\"https:\/\/www.plasticgranularmachine.com\/wp-content\/uploads\/2024\/10\/hard-plastic-recycling-line-3.webp\" alt=\"ligne de recyclage de plastique dur\" class=\"wp-image-1207\" srcset=\"https:\/\/www.plasticgranularmachine.com\/wp-content\/uploads\/2024\/10\/hard-plastic-recycling-line-3.webp 720w, https:\/\/www.plasticgranularmachine.com\/wp-content\/uploads\/2024\/10\/hard-plastic-recycling-line-3-300x225.webp 300w, https:\/\/www.plasticgranularmachine.com\/wp-content\/uploads\/2024\/10\/hard-plastic-recycling-line-3-16x12.webp 16w\" sizes=\"auto, (max-width: 720px) 100vw, 720px\" \/><figcaption class=\"wp-element-caption\">ligne de recyclage de plastique dur<\/figcaption><\/figure> <\/div>   <h2 class=\"wp-block-heading\">\u00c0 quels types de traitement du plastique les machines de recyclage efficaces sont-elles adapt\u00e9es\u00a0?<\/h2>    <h3 class=\"wp-block-heading\">Mati\u00e8res premi\u00e8res<\/h3>    <p>La ligne de recyclage de plastique dur est sp\u00e9cialement con\u00e7ue pour transformer les plastiques PP, PE, PVC, HDPE, ABS, etc. \u00e0 haute r\u00e9sistance et rigidit\u00e9 en granul\u00e9s r\u00e9utilisables. Ces mat\u00e9riaux peuvent g\u00e9n\u00e9ralement \u00eatre collect\u00e9s dans les champs ci-dessous\u00a0:<\/p>    <ul class=\"wp-block-list\"> <li><strong>N\u00e9cessit\u00e9s quotidiennes\u00a0:<\/strong> Jouets, meubles, contenants alimentaires, etc.<\/li>    <li><strong>Construction<\/strong>: Tuyaux, cadres de fen\u00eatres, etc.<\/li>    <li><strong>Industrie automobile<\/strong>: Pare-chocs et autres pi\u00e8ces<\/li>    <li><strong>Produits \u00e9lectroniques<\/strong>: Bo\u00eetiers isolants, connecteurs, etc.<\/li>    <li><strong>Industrie de l'emballage\u00a0:<\/strong> Seaux, canettes, etc. en plastique rigide.<\/li> <\/ul>    <h3 class=\"wp-block-heading\">Produits finaux<\/h3>    <p>Ces plastiques durs sont finalement transform\u00e9s en granul\u00e9s uniformes, qui peuvent \u00eatre utilis\u00e9s pour fabriquer de nouveaux produits en plastique.<\/p>    <figure class=\"wp-block-gallery has-nested-images columns-default is-cropped wp-block-gallery-3 is-layout-flex wp-block-gallery-is-layout-flex\"> <figure class=\"wp-block-image size-large\"><img loading=\"lazy\" decoding=\"async\" width=\"720\" height=\"540\" data-id=\"1209\" src=\"https:\/\/www.plasticgranularmachine.com\/wp-content\/uploads\/2024\/10\/Raw-materials-and-products-of-hard-plastic-recycling-line-1.webp\" alt=\"Mati\u00e8res premi\u00e8res et produits de la ligne de recyclage du plastique dur\" class=\"wp-image-1209\" srcset=\"https:\/\/www.plasticgranularmachine.com\/wp-content\/uploads\/2024\/10\/Raw-materials-and-products-of-hard-plastic-recycling-line-1.webp 720w, https:\/\/www.plasticgranularmachine.com\/wp-content\/uploads\/2024\/10\/Raw-materials-and-products-of-hard-plastic-recycling-line-1-300x225.webp 300w, https:\/\/www.plasticgranularmachine.com\/wp-content\/uploads\/2024\/10\/Raw-materials-and-products-of-hard-plastic-recycling-line-1-16x12.webp 16w\" sizes=\"auto, (max-width: 720px) 100vw, 720px\" \/><figcaption class=\"wp-element-caption\">Mati\u00e8res premi\u00e8res et produits de la ligne de recyclage du plastique dur<\/figcaption><\/figure>    <figure class=\"wp-block-image size-large\"><img loading=\"lazy\" decoding=\"async\" width=\"720\" height=\"540\" data-id=\"1208\" src=\"https:\/\/www.plasticgranularmachine.com\/wp-content\/uploads\/2024\/10\/HDPE-pipes-and-granule.webp\" alt=\"Tuyaux et granul\u00e9s en PEHD\" class=\"wp-image-1208\" srcset=\"https:\/\/www.plasticgranularmachine.com\/wp-content\/uploads\/2024\/10\/HDPE-pipes-and-granule.webp 720w, https:\/\/www.plasticgranularmachine.com\/wp-content\/uploads\/2024\/10\/HDPE-pipes-and-granule-300x225.webp 300w, https:\/\/www.plasticgranularmachine.com\/wp-content\/uploads\/2024\/10\/HDPE-pipes-and-granule-16x12.webp 16w\" sizes=\"auto, (max-width: 720px) 100vw, 720px\" \/><figcaption class=\"wp-element-caption\">Tuyaux et granul\u00e9s en PEHD<\/figcaption><\/figure> <\/figure>    <h3 class=\"wp-block-heading\">Usines appropri\u00e9es<\/h3>    <p>La ligne de recyclage de plastique dur Efficient est tr\u00e8s polyvalente et peut \u00eatre personnalis\u00e9e pour r\u00e9pondre aux besoins des usines de toutes tailles. Cela le rend adapt\u00e9 aux petits et grands recycleurs de plastique cherchant \u00e0 recycler des mat\u00e9riaux post-consommation, ainsi qu'aux fabricants souhaitant r\u00e9cup\u00e9rer les plastiques post-industriels.<\/p>    <h2 class=\"wp-block-heading\">Comment fonctionne le processus de recyclage ?<\/h2>    <h3 class=\"wp-block-heading\">\u00c9tape 1 : Concassage<\/h3>    <p>Premi\u00e8rement, les plastiques rigides sont introduits dans un broyeur de plastique pour \u00eatre broy\u00e9s en flocons plus petits, plus faciles \u00e0 laver et \u00e0 granuler. Par classification des mati\u00e8res premi\u00e8res, les tailles des flocons obtenus sont diff\u00e9rentes et peuvent \u00eatre ajust\u00e9es. Ils mesurent g\u00e9n\u00e9ralement environ 10 \u00e0 20 mm pour les processus ult\u00e9rieurs. <\/p>    <p class=\"translation-block\">Le <em><a href=\"https:\/\/www.plasticgranularmachine.com\/fr\/product\/hard-plastic-shredder\/\" data-type=\"link\" data-id=\"https:\/\/www.plasticgranularmachine.com\/product\/hard-plastic-shredder\/\">broyeur de plastique<\/a><\/em> utilise la force de cisaillement de la lame rotative et de la lame stationnaire pour broyer efficacement les mat\u00e9riaux volumineux et rigides sans blocage.<\/p>    <div class=\"wp-block-media-text is-stacked-on-mobile\"><figure class=\"wp-block-media-text__media\"><img loading=\"lazy\" decoding=\"async\" width=\"720\" height=\"540\" src=\"https:\/\/www.plasticgranularmachine.com\/wp-content\/uploads\/2024\/10\/hard-plastic-shredder-machine-1.webp\" alt=\"Machine de d\u00e9chiqueteur en plastique dur\" class=\"wp-image-1606 size-full\" srcset=\"https:\/\/www.plasticgranularmachine.com\/wp-content\/uploads\/2024\/10\/hard-plastic-shredder-machine-1.webp 720w, https:\/\/www.plasticgranularmachine.com\/wp-content\/uploads\/2024\/10\/hard-plastic-shredder-machine-1-300x225.webp 300w, https:\/\/www.plasticgranularmachine.com\/wp-content\/uploads\/2024\/10\/hard-plastic-shredder-machine-1-16x12.webp 16w\" sizes=\"auto, (max-width: 720px) 100vw, 720px\" \/><\/figure><div class=\"wp-block-media-text__content\"> <ul class=\"wp-block-list\"> <li>Mat\u00e9riel: 60Si2Mn<\/li>    <li>Capacit\u00e9\u00a0: 600~1200 kg\/h<\/li>    <li>Mati\u00e8res premi\u00e8res : plastiques rigides<\/li>    <li>Produits finaux\u00a0: flocons uniformes<\/li> <\/ul> <\/div><\/div>    <h3 class=\"wp-block-heading\">\u00c9tape 2\u00a0: Lavage<\/h3>    <p>Les plastiques destin\u00e9s au recyclage contiennent souvent de la salet\u00e9 et d'autres impuret\u00e9s sur leurs surfaces, qui doivent \u00eatre lav\u00e9es dans une cuve de lavage pour garantir la puret\u00e9 et la propret\u00e9 des mat\u00e9riaux recycl\u00e9s.<\/p>    <p class=\"translation-block\">Le <em><a href=\"https:\/\/www.plasticgranularmachine.com\/fr\/product\/plastic-film-washing-machine\/\" data-type=\"link\" data-id=\"https:\/\/www.plasticgranularmachine.com\/product\/plastic-film-washing-machine\/\">bac de lavage de plastique<\/a><\/em> mesure g\u00e9n\u00e9ralement environ 10 \u00e0 30 m de long et peut \u00eatre personnalis\u00e9 en fonction de vos besoins de production. Il utilise un syst\u00e8me de circulation d'eau, tr\u00e8s efficace et \u00e9conome en \u00e9nergie.<\/p>    <div class=\"wp-block-media-text is-stacked-on-mobile\"><figure class=\"wp-block-media-text__media\"><img loading=\"lazy\" decoding=\"async\" width=\"720\" height=\"540\" src=\"https:\/\/www.plasticgranularmachine.com\/wp-content\/uploads\/2024\/10\/plastic-washing-machine.webp\" alt=\"machine \u00e0 laver le plastique\" class=\"wp-image-1211 size-full\" srcset=\"https:\/\/www.plasticgranularmachine.com\/wp-content\/uploads\/2024\/10\/plastic-washing-machine.webp 720w, https:\/\/www.plasticgranularmachine.com\/wp-content\/uploads\/2024\/10\/plastic-washing-machine-300x225.webp 300w, https:\/\/www.plasticgranularmachine.com\/wp-content\/uploads\/2024\/10\/plastic-washing-machine-16x12.webp 16w\" sizes=\"auto, (max-width: 720px) 100vw, 720px\" \/><\/figure><div class=\"wp-block-media-text__content\"> <ul class=\"wp-block-list\"> <li>Puissance : 3KW<\/li>    <li>Longueur : 10 ~ 30 m<\/li>    <li>Fonction : laver les plastiques et \u00e9liminer les impuret\u00e9s.<\/li> <\/ul> <\/div><\/div>    <h3 class=\"wp-block-heading\">\u00c9tape 3\u00a0: Pellerisation<\/h3>    <p class=\"translation-block\">La <em><a href=\"https:\/\/www.plasticgranularmachine.com\/fr\/product\/hdpe-granules-making-machine\/\" data-type=\"link\" data-id=\"https:\/\/www.plasticgranularmachine.com\/product\/hdpe-granules-making-machine\/\">machine de granulation de plastique<\/a><\/em> est un \u00e9quipement essentiel qui transforme le plastique en granules. L'ensemble du processus comprend le chauffage, l'extrusion, le refroidissement et la coupe.<\/p>    <ul class=\"wp-block-list\"> <li>Gr\u00e2ce \u00e0 la technologie de fusion \u00e0 vis \u00e0 haute temp\u00e9rature, les plastiques sont chauff\u00e9s jusqu'\u00e0 ce qu'ils soient fondus, puis extrud\u00e9s en longues bandes par la t\u00eate de fili\u00e8re.<\/li>    <li>Ces bandes denses traversent un r\u00e9servoir de refroidissement pour se solidifier et am\u00e9liorer leur douceur de surface.<\/li>    <li>Enfin, une machine de d\u00e9coupe de granul\u00e9s de plastique coupe les longues bandes en granul\u00e9s uniformes.<\/li> <\/ul>    <div class=\"wp-block-media-text is-stacked-on-mobile\"><figure class=\"wp-block-media-text__media\"><img loading=\"lazy\" decoding=\"async\" width=\"720\" height=\"540\" src=\"https:\/\/www.plasticgranularmachine.com\/wp-content\/uploads\/2024\/10\/plastic-pelletizer-machine.webp\" alt=\"machine de granulation en plastique\" class=\"wp-image-1212 size-full\" srcset=\"https:\/\/www.plasticgranularmachine.com\/wp-content\/uploads\/2024\/10\/plastic-pelletizer-machine.webp 720w, https:\/\/www.plasticgranularmachine.com\/wp-content\/uploads\/2024\/10\/plastic-pelletizer-machine-300x225.webp 300w, https:\/\/www.plasticgranularmachine.com\/wp-content\/uploads\/2024\/10\/plastic-pelletizer-machine-16x12.webp 16w\" sizes=\"auto, (max-width: 720px) 100vw, 720px\" \/><\/figure><div class=\"wp-block-media-text__content\"> <ul class=\"wp-block-list\"> <li>Puissance\u00a0: 30 ~ 75\u00a0KW<\/li>    <li>Sortie\u00a0: 180 ~ 380 kg\/h<\/li>    <li>Mat\u00e9riau : acier inoxydable de haute qualit\u00e9<\/li> <\/ul> <\/div><\/div>    <h3 class=\"wp-block-heading\">\u00c9tape 4 : S\u00e9chage<\/h3>    <p>Un s\u00e8che-linge en plastique est sp\u00e9cialement utilis\u00e9 dans les lignes de recyclage en plastique pour d\u00e9shabiller le plastique apr\u00e8s le nettoyage ou la tarding. Le taux d'ass\u00e8chement est sup\u00e9rieur \u00e0 97%.<\/p>    <div class=\"wp-block-media-text is-stacked-on-mobile\"><figure class=\"wp-block-media-text__media\"><img loading=\"lazy\" decoding=\"async\" width=\"720\" height=\"540\" src=\"https:\/\/www.plasticgranularmachine.com\/wp-content\/uploads\/2024\/10\/horizontal-plastic-dryer.webp\" alt=\"s\u00e9choir en plastique horizontal\" class=\"wp-image-1608 size-full\" srcset=\"https:\/\/www.plasticgranularmachine.com\/wp-content\/uploads\/2024\/10\/horizontal-plastic-dryer.webp 720w, https:\/\/www.plasticgranularmachine.com\/wp-content\/uploads\/2024\/10\/horizontal-plastic-dryer-300x225.webp 300w, https:\/\/www.plasticgranularmachine.com\/wp-content\/uploads\/2024\/10\/horizontal-plastic-dryer-16x12.webp 16w\" sizes=\"auto, (max-width: 720px) 100vw, 720px\" \/><\/figure><div class=\"wp-block-media-text__content\"> <ul class=\"wp-block-list\"> <li>Puissance\u00a0: 7,5 ~ 15\u00a0KW<\/li>    <li>Taux d'ass\u00e8chement: plus de 97%<\/li>    <li>Mat\u00e9riau : acier inoxydable de haute qualit\u00e9<\/li> <\/ul> <\/div><\/div>    <h2 class=\"wp-block-heading\">Informations relatives \u00e0 l'exp\u00e9dition sur Efficient<\/h2>    <ul class=\"wp-block-list\"> <li>Nous fournissons des suggestions correspondantes et des conceptions d\u2019usine en fonction de vos besoins de production.<\/li>    <li>Bienvenue \u00e0 visiter notre usine pour inspection\u00a0!<\/li>    <li>Le d\u00e9lai de livraison est d'environ 20 \u00e0 25 jours apr\u00e8s avoir pass\u00e9 la commande.<\/li>    <li>Exp\u00e9dier via la logistique internationale.<\/li>    <li>Nous fournissons une garantie d'un an, des services d'installation et de r\u00e9glage sur site.<\/li> <\/ul>    <p>Efficient a plus de dix ans d'exp\u00e9rience, de grands ateliers de production et des \u00e9quipes professionnelles. J'esp\u00e8re que nous pourrons coop\u00e9rer pour am\u00e9liorer votre efficacit\u00e9 de production\u00a0!<\/p>    <figure class=\"wp-block-gallery has-nested-images columns-default is-cropped wp-block-gallery-4 is-layout-flex wp-block-gallery-is-layout-flex\"> <figure class=\"wp-block-image size-large\"><img loading=\"lazy\" decoding=\"async\" width=\"720\" height=\"540\" data-id=\"1215\" src=\"https:\/\/www.plasticgranularmachine.com\/wp-content\/uploads\/2024\/10\/Shipping-preparation-for-plastic-granulation-line.webp\" alt=\"Pr\u00e9paration d&#039;exp\u00e9dition pour ligne de granulation plastique\" class=\"wp-image-1215\" srcset=\"https:\/\/www.plasticgranularmachine.com\/wp-content\/uploads\/2024\/10\/Shipping-preparation-for-plastic-granulation-line.webp 720w, https:\/\/www.plasticgranularmachine.com\/wp-content\/uploads\/2024\/10\/Shipping-preparation-for-plastic-granulation-line-300x225.webp 300w, https:\/\/www.plasticgranularmachine.com\/wp-content\/uploads\/2024\/10\/Shipping-preparation-for-plastic-granulation-line-16x12.webp 16w\" sizes=\"auto, (max-width: 720px) 100vw, 720px\" \/><figcaption class=\"wp-element-caption\">Pr\u00e9paration d'exp\u00e9dition pour ligne de granulation plastique<\/figcaption><\/figure>    <figure class=\"wp-block-image size-large\"><img loading=\"lazy\" decoding=\"async\" width=\"720\" height=\"540\" data-id=\"1214\" src=\"https:\/\/www.plasticgranularmachine.com\/wp-content\/uploads\/2024\/10\/Pelletizer-crating.webp\" alt=\"Caisse de pelletiseur\" class=\"wp-image-1214\" srcset=\"https:\/\/www.plasticgranularmachine.com\/wp-content\/uploads\/2024\/10\/Pelletizer-crating.webp 720w, https:\/\/www.plasticgranularmachine.com\/wp-content\/uploads\/2024\/10\/Pelletizer-crating-300x225.webp 300w, https:\/\/www.plasticgranularmachine.com\/wp-content\/uploads\/2024\/10\/Pelletizer-crating-16x12.webp 16w\" sizes=\"auto, (max-width: 720px) 100vw, 720px\" \/><figcaption class=\"wp-element-caption\">Caisse de pelletiseur<\/figcaption><\/figure> <\/figure>    <h2 class=\"wp-block-heading\">Partager des cas r\u00e9ussis<\/h2>    <p>Au cours des derni\u00e8res ann\u00e9es, Shuliy a export\u00e9 avec succ\u00e8s de nombreuses machines de recyclage du plastique dans le monde entier. Voici quelques cas r\u00e9cents de lignes de recyclage de plastique dur. Si vous souhaitez obtenir plus d\u2019informations, n\u2019h\u00e9sitez pas \u00e0 nous contacter.<\/p>    <ul class=\"wp-block-list\"> <li><em><a href=\"https:\/\/www.plasticgranularmachine.com\/fr\/Info\/plastic-pellet-making-machine-exported-to-germany\/\" data-type=\"link\" data-id=\"https:\/\/www.plasticgranularmachine.com\/Info\/plastic-pellet-making-machine-exported-to-germany\/\">Machine de fabrication de granul\u00e9s de plastique export\u00e9e vers l'Allemagne<\/a><\/em><\/li>    <li><em><a href=\"https:\/\/www.plasticgranularmachine.com\/fr\/Info\/pvc-granulator-machine-shipped-to-oman-successfully\/\" data-type=\"link\" data-id=\"https:\/\/www.plasticgranularmachine.com\/Info\/pvc-granulator-machine-shipped-to-oman-successfully\/\">Machine de granulation de PVC exp\u00e9di\u00e9e avec succ\u00e8s \u00e0 Oman<\/a><\/em><\/li>    <li><em><a href=\"https:\/\/www.plasticgranularmachine.com\/fr\/Info\/plastic-recycling-pellet-machine-sent-to-mozambique\/\" data-type=\"link\" data-id=\"https:\/\/www.plasticgranularmachine.com\/Info\/plastic-recycling-pellet-machine-sent-to-mozambique\/\">Poursuite de la coop\u00e9ration\u00a0: une machine \u00e0 granul\u00e9s de recyclage du plastique envoy\u00e9e au Mozambique<\/a><\/em><\/li> <\/ul>    <figure class=\"wp-block-gallery has-nested-images columns-default is-cropped wp-block-gallery-5 is-layout-flex wp-block-gallery-is-layout-flex\"> <figure class=\"wp-block-image size-large\"><img loading=\"lazy\" decoding=\"async\" width=\"720\" height=\"540\" data-id=\"1216\" src=\"https:\/\/www.plasticgranularmachine.com\/wp-content\/uploads\/2024\/10\/A-photo-with-the-customer-3.webp\" alt=\"Une photo avec le client\" class=\"wp-image-1216\" srcset=\"https:\/\/www.plasticgranularmachine.com\/wp-content\/uploads\/2024\/10\/A-photo-with-the-customer-3.webp 720w, https:\/\/www.plasticgranularmachine.com\/wp-content\/uploads\/2024\/10\/A-photo-with-the-customer-3-300x225.webp 300w, https:\/\/www.plasticgranularmachine.com\/wp-content\/uploads\/2024\/10\/A-photo-with-the-customer-3-16x12.webp 16w\" sizes=\"auto, (max-width: 720px) 100vw, 720px\" \/><figcaption class=\"wp-element-caption\">Une photo avec le client<\/figcaption><\/figure>    <figure class=\"wp-block-image size-large\"><img loading=\"lazy\" decoding=\"async\" width=\"720\" height=\"540\" data-id=\"1217\" src=\"https:\/\/www.plasticgranularmachine.com\/wp-content\/uploads\/2024\/10\/Group-photo-with-customer-at-plastic-recycling-machine-installation-site.webp\" alt=\"Photo de groupe avec un client sur le site d&#039;installation d&#039;une machine de recyclage du plastique\" class=\"wp-image-1217\" srcset=\"https:\/\/www.plasticgranularmachine.com\/wp-content\/uploads\/2024\/10\/Group-photo-with-customer-at-plastic-recycling-machine-installation-site.webp 720w, https:\/\/www.plasticgranularmachine.com\/wp-content\/uploads\/2024\/10\/Group-photo-with-customer-at-plastic-recycling-machine-installation-site-300x225.webp 300w, https:\/\/www.plasticgranularmachine.com\/wp-content\/uploads\/2024\/10\/Group-photo-with-customer-at-plastic-recycling-machine-installation-site-16x12.webp 16w\" sizes=\"auto, (max-width: 720px) 100vw, 720px\" \/><figcaption class=\"wp-element-caption\">Photo de groupe avec un client sur le site d'installation d'une machine de recyclage du plastique<\/figcaption><\/figure> <\/figure>    <h3 class=\"wp-block-heading\">Vid\u00e9o de commentaires des clients<\/h3>    <p>La ligne de recyclage efficace du plastique dur a re\u00e7u de nombreux \u00e9loges en raison de ses nombreux avantages. Il s'agit d'une vid\u00e9o de retour d'information de notre client d'Oman. <\/p>    <figure class=\"wp-block-embed is-type-video is-provider-youtube wp-block-embed-youtube wp-embed-aspect-16-9 wp-has-aspect-ratio\"><div class=\"wp-block-embed__wrapper\"> <iframe loading=\"lazy\" title=\"Comment l&#039;usine de recyclage de plastique d&#039;Oman transforme les d\u00e9chets rigides en granul\u00e9s recycl\u00e9s\" width=\"500\" height=\"281\" src=\"https:\/\/www.youtube.com\/embed\/NUP-LciKvvU?feature=oembed\" frameborder=\"0\" allow=\"accelerometer; autoplay; clipboard-write; encrypted-media; gyroscope; picture-in-picture; web-share\" referrerpolicy=\"strict-origin-when-cross-origin\" allowfullscreen><\/iframe> <\/div><\/figure>    <h2 class=\"wp-block-heading\">J'attends avec impatience vos nouvelles<\/h2>    <p>En bref, la ligne de recyclage de plastique dur efficace se caract\u00e9rise par une haute efficacit\u00e9, une haute qualit\u00e9 et une faible consommation d'\u00e9nergie. De plus, nous offrons des services complets pour satisfaire tous vos besoins de production. Si vous \u00eates int\u00e9ress\u00e9, n'h\u00e9sitez pas \u00e0 nous contacter.<\/p>   <div class=\"wp-block-image\"> <figure class=\"aligncenter size-full\"><img loading=\"lazy\" decoding=\"async\" width=\"720\" height=\"540\" src=\"https:\/\/www.plasticgranularmachine.com\/wp-content\/uploads\/2024\/10\/hard-plastic-recycling-line-in-the-factory.webp\" alt=\"ligne de recyclage de plastique dur en usine\" class=\"wp-image-1218\" srcset=\"https:\/\/www.plasticgranularmachine.com\/wp-content\/uploads\/2024\/10\/hard-plastic-recycling-line-in-the-factory.webp 720w, https:\/\/www.plasticgranularmachine.com\/wp-content\/uploads\/2024\/10\/hard-plastic-recycling-line-in-the-factory-300x225.webp 300w, https:\/\/www.plasticgranularmachine.com\/wp-content\/uploads\/2024\/10\/hard-plastic-recycling-line-in-the-factory-16x12.webp 16w\" sizes=\"auto, (max-width: 720px) 100vw, 720px\" \/><figcaption class=\"wp-element-caption\">ligne de recyclage de plastique dur en usine<\/figcaption><\/figure> <\/div>","protected":false},"excerpt":{"rendered":"<p>La ligne de recyclage du plastique dur est un ensemble de machines combin\u00e9es importantes qui broient les plastiques rigides PP, PE, PVC, HDPE, etc. en granul\u00e9s recycl\u00e9s. <\/p>","protected":false},"author":1,"featured_media":1202,"parent":0,"template":"","tags":[36,40],"product-type":[10],"class_list":["post-954","product","type-product","status-publish","has-post-thumbnail","hentry","tag-hard-plastic-recycling","tag-solution","product-type-solutions"],"_links":{"self":[{"href":"https:\/\/www.plasticgranularmachine.com\/fr\/wp-json\/wp\/v2\/product\/954","targetHints":{"allow":["GET"]}}],"collection":[{"href":"https:\/\/www.plasticgranularmachine.com\/fr\/wp-json\/wp\/v2\/product"}],"about":[{"href":"https:\/\/www.plasticgranularmachine.com\/fr\/wp-json\/wp\/v2\/types\/product"}],"author":[{"embeddable":true,"href":"https:\/\/www.plasticgranularmachine.com\/fr\/wp-json\/wp\/v2\/users\/1"}],"wp:featuredmedia":[{"embeddable":true,"href":"https:\/\/www.plasticgranularmachine.com\/fr\/wp-json\/wp\/v2\/media\/1202"}],"wp:attachment":[{"href":"https:\/\/www.plasticgranularmachine.com\/fr\/wp-json\/wp\/v2\/media?parent=954"}],"wp:term":[{"taxonomy":"post_tag","embeddable":true,"href":"https:\/\/www.plasticgranularmachine.com\/fr\/wp-json\/wp\/v2\/tags?post=954"},{"taxonomy":"product-type","embeddable":true,"href":"https:\/\/www.plasticgranularmachine.com\/fr\/wp-json\/wp\/v2\/product-type?post=954"}],"curies":[{"name":"wp","href":"https:\/\/api.w.org\/{rel}","templated":true}]}}