{"id":2,"date":"2022-06-23T01:24:56","date_gmt":"2022-06-23T01:24:56","guid":{"rendered":"http:\/\/tailwind-themes.local\/?page_id=2"},"modified":"2024-11-19T18:08:19","modified_gmt":"2024-11-19T10:08:19","slug":"about-efficient-machinery","status":"publish","type":"page","link":"https:\/\/www.plasticgranularmachine.com\/pt\/about-efficient-machinery\/","title":{"rendered":"Sobre n\u00f3s"},"content":{"rendered":"<h2 class=\"wp-block-heading\">Quem somos n\u00f3s?<\/h2>    <p>A Zhengzhou Efficient Machinery \u00e9 um fornecedor profissional de equipamentos para reciclagem de pl\u00e1stico, comprometido com solu\u00e7\u00f5es eficientes e ecol\u00f3gicas. Desde a sua cria\u00e7\u00e3o, a Efficient Company estabeleceu rela\u00e7\u00f5es com clientes em mais de 20 pa\u00edses, ajudando-os a construir f\u00e1bricas de reciclagem de pl\u00e1stico a partir do zero, incluindo f\u00e1bricas de reciclagem de garrafas de pl\u00e1stico PET, f\u00e1bricas de pelotiza\u00e7\u00e3o HDPE LDPE, f\u00e1bricas de reciclagem de EPS, etc., envolvendo o processamento e reaproveitamento de mais de dez tipos de mat\u00e9rias-primas.<\/p>   <div class=\"wp-block-image\"> <figure class=\"aligncenter size-full is-resized\"><img loading=\"lazy\" decoding=\"async\" width=\"800\" height=\"720\" src=\"https:\/\/www.plasticgranularmachine.com\/wp-content\/uploads\/2024\/11\/Efficient-Machinery.webp\" alt=\"Maquin\u00e1rio Eficiente\" class=\"wp-image-1132\" style=\"object-fit:cover;width:720px;height:540px\" srcset=\"https:\/\/www.plasticgranularmachine.com\/wp-content\/uploads\/2024\/11\/Efficient-Machinery.webp 800w, https:\/\/www.plasticgranularmachine.com\/wp-content\/uploads\/2024\/11\/Efficient-Machinery-300x270.webp 300w, https:\/\/www.plasticgranularmachine.com\/wp-content\/uploads\/2024\/11\/Efficient-Machinery-768x691.webp 768w, https:\/\/www.plasticgranularmachine.com\/wp-content\/uploads\/2024\/11\/Efficient-Machinery-13x12.webp 13w\" sizes=\"auto, (max-width: 800px) 100vw, 800px\" \/><figcaption class=\"wp-element-caption\">Maquin\u00e1rio Eficiente<\/figcaption><\/figure> <\/div>   <div class=\"wp-block-columns is-layout-flex wp-container-core-columns-is-layout-9d6595d7 wp-block-columns-is-layout-flex\"> <div class=\"wp-block-column is-layout-flow wp-block-column-is-layout-flow\"> <figure class=\"wp-block-image size-full\"><img loading=\"lazy\" decoding=\"async\" width=\"720\" height=\"540\" src=\"https:\/\/www.plasticgranularmachine.com\/wp-content\/uploads\/2022\/06\/plastic-film-recycling-line-1.jpg\" alt=\"linha de reciclagem de filme pl\u00e1stico\" class=\"wp-image-194\" srcset=\"https:\/\/www.plasticgranularmachine.com\/wp-content\/uploads\/2022\/06\/plastic-film-recycling-line-1.jpg 720w, https:\/\/www.plasticgranularmachine.com\/wp-content\/uploads\/2022\/06\/plastic-film-recycling-line-1-300x225.jpg 300w\" sizes=\"auto, (max-width: 720px) 100vw, 720px\" \/><figcaption class=\"wp-element-caption\">linha de reciclagem de filme pl\u00e1stico<\/figcaption><\/figure> <\/div>    <div class=\"wp-block-column is-layout-flow wp-block-column-is-layout-flow\"> <h2 class=\"wp-block-heading\">Produtos Principais<\/h2>    <p class=\"has-white-background-color has-background translation-block\">A principal m\u00e1quina de reciclagem de pl\u00e1stico inclui <a href=\"https:\/\/www.plasticgranularmachine.com\/pt\/product\/pet-bottles-recycling-line\/\">linha de reciclagem de garrafas de pl\u00e1stico<\/a> e linha de lavagem de garrafas PET, <a href=\"https:\/\/www.plasticgranularmachine.com\/pt\/product\/plastic-film-recycling-line\/\">linha de reciclagem de pel\u00edcula pl\u00e1stica<\/a>, <a href=\"https:\/\/www.plasticgranularmachine.com\/pt\/product\/eps-recycling-machine\/\">linha de granula\u00e7\u00e3o EPS<\/a>, <a href=\"https:\/\/www.plasticgranularmachine.com\/pt\/products\/crushing-machine\/\">triturador de pl\u00e1stico,<\/a> m\u00e1quina de deslabelizar garrafas de pl\u00e1stico,<a href=\"https:\/\/www.plasticgranularmachine.com\/pt\/products\/plastic-pelletizer\/\"> granulador de pl\u00e1stico<\/a>, <a href=\"https:\/\/www.plasticgranularmachine.com\/pt\/products\/plastic-dryer\/\">desidratador de pl\u00e1stico<\/a>, <a href=\"https:\/\/www.plasticgranularmachine.com\/pt\/products\/washing-machine\/\">m\u00e1quina de lavar pl\u00e1stico<\/a>, etc.<\/p> <\/div> <\/div>    <h2 class=\"wp-block-heading\">Equipe Din\u00e2mica<\/h2>    <p>Frequentemente organizamos uma variedade de atividades de forma\u00e7\u00e3o de equipes e festas de anivers\u00e1rio de funcion\u00e1rios. O chefe da empresa tamb\u00e9m participa frequentemente de diversas atividades com os funcion\u00e1rios.<\/p>    <figure class=\"wp-block-video\"><video height=\"720\" style=\"aspect-ratio: 1280 \/ 720;\" width=\"1280\" controls src=\"https:\/\/www.plasticgranularmachine.com\/wp-content\/uploads\/2022\/07\/shuliy-group.mp4\"><\/video><\/figure>","protected":false},"excerpt":{"rendered":"<p>Who are we? Zhengzhou Efficient Machinery is a professional plastic recycling equipment supplier committed to efficient and eco-friendly solutions. Since its inception, Efficient Company has established relationships with customers in more than 20 countries, helping them to build plastic recycling plants from scratch, including PET plastic bottle recycling plants, HDPE LDPE pelletizing plants, EPS recycling [&hellip;]<\/p>\n","protected":false},"author":1,"featured_media":0,"parent":0,"menu_order":0,"comment_status":"closed","ping_status":"closed","template":"","meta":{"footnotes":""},"class_list":["post-2","page","type-page","status-publish","hentry"],"_links":{"self":[{"href":"https:\/\/www.plasticgranularmachine.com\/pt\/wp-json\/wp\/v2\/pages\/2","targetHints":{"allow":["GET"]}}],"collection":[{"href":"https:\/\/www.plasticgranularmachine.com\/pt\/wp-json\/wp\/v2\/pages"}],"about":[{"href":"https:\/\/www.plasticgranularmachine.com\/pt\/wp-json\/wp\/v2\/types\/page"}],"author":[{"embeddable":true,"href":"https:\/\/www.plasticgranularmachine.com\/pt\/wp-json\/wp\/v2\/users\/1"}],"replies":[{"embeddable":true,"href":"https:\/\/www.plasticgranularmachine.com\/pt\/wp-json\/wp\/v2\/comments?post=2"}],"version-history":[{"count":0,"href":"https:\/\/www.plasticgranularmachine.com\/pt\/wp-json\/wp\/v2\/pages\/2\/revisions"}],"wp:attachment":[{"href":"https:\/\/www.plasticgranularmachine.com\/pt\/wp-json\/wp\/v2\/media?parent=2"}],"curies":[{"name":"wp","href":"https:\/\/api.w.org\/{rel}","templated":true}]}}