{"id":139,"date":"2022-07-20T08:55:52","date_gmt":"2022-07-20T08:55:52","guid":{"rendered":"https:\/\/www.plasticgranularmachine.com\/?post_type=product&#038;p=139"},"modified":"2025-01-06T10:00:00","modified_gmt":"2025-01-06T02:00:00","slug":"plastic-granulating-line","status":"publish","type":"product","link":"https:\/\/www.plasticgranularmachine.com\/pt\/product\/plastic-granulating-line\/","title":{"rendered":"Linha de granula\u00e7\u00e3o de pl\u00e1stico para reciclagem de PP LDPE HDPE"},"content":{"rendered":"<p>A linha de granula\u00e7\u00e3o de pl\u00e1stico \u00e9 a linha de produ\u00e7\u00e3o mais comum em linhas de reciclagem de pl\u00e1stico. Ent\u00e3o, essa linha tem como objetivo a reciclagem de pl\u00e1stico em pellets. A faixa de produ\u00e7\u00e3o da linha completa de pelotiza\u00e7\u00e3o de pl\u00e1stico \u00e9 de 100-500 kg\/h. <\/p>    <p>A linha de reciclagem inclui uma m\u00e1quina de britagem e lavagem, tanque de enx\u00e1gue de filme pl\u00e1stico, m\u00e1quina de desidrata\u00e7\u00e3o de pl\u00e1stico, m\u00e1quina de pelotiza\u00e7\u00e3o de pl\u00e1stico, tanque de resfriamento, m\u00e1quina de pelotiza\u00e7\u00e3o e recipiente de armazenamento. <\/p>   <div class=\"wp-block-image\"> <figure class=\"aligncenter size-full\"><img loading=\"lazy\" decoding=\"async\" width=\"720\" height=\"540\" src=\"https:\/\/www.plasticgranularmachine.com\/wp-content\/uploads\/2022\/07\/plastic-granulating-line.webp\" alt=\"linha de granula\u00e7\u00e3o de pl\u00e1stico\" class=\"wp-image-1322\" srcset=\"https:\/\/www.plasticgranularmachine.com\/wp-content\/uploads\/2022\/07\/plastic-granulating-line.webp 720w, https:\/\/www.plasticgranularmachine.com\/wp-content\/uploads\/2022\/07\/plastic-granulating-line-300x225.webp 300w, https:\/\/www.plasticgranularmachine.com\/wp-content\/uploads\/2022\/07\/plastic-granulating-line-16x12.webp 16w\" sizes=\"auto, (max-width: 720px) 100vw, 720px\" \/><figcaption class=\"wp-element-caption\">linha de granula\u00e7\u00e3o de pl\u00e1stico<\/figcaption><\/figure> <\/div>   <h2 class=\"wp-block-heading\" id=\"h-what-is-the-scope-of-application-of-the-plastic-granulating-line\">Qual \u00e9 o escopo de aplica\u00e7\u00e3o da linha de granula\u00e7\u00e3o de pl\u00e1stico?<\/h2>    <p class=\"translation-block\">No entanto, nem todos os pl\u00e1sticos podem ser processados pela nossa linha de granula\u00e7\u00e3o para reciclagem de pl\u00e1stico. A nossa linha s\u00f3 pode processar filmes pl\u00e1sticos de PP, PE, BOPP, LDPE e HDPE. Outros materiais pl\u00e1sticos, como garrafas PET e espuma EPS, precisam de ser processados pela <a href=\"https:\/\/www.plasticgranularmachine.com\/pt\/product\/pet-bottles-recycling-line\/\">linha de reciclagem de garrafas PET<\/a> e pela <a href=\"https:\/\/www.plasticgranularmachine.com\/pt\/product\/eps-recycling-machine\/\">linha de pelotiza\u00e7\u00e3o de espuma EPS para reciclagem<\/a>. Isto tamb\u00e9m significa que materiais especiais requerem m\u00e1quinas e linhas de pl\u00e1stico especiais. Se encontrar um fabricante que diga que a sua \u00fanica linha de reciclagem de pl\u00e1stico pode processar todos os materiais pl\u00e1sticos. Ent\u00e3o precisa de prestar mais aten\u00e7\u00e3o.<\/p>   <div class=\"wp-block-image\"> <figure class=\"aligncenter size-full\"><img loading=\"lazy\" decoding=\"async\" width=\"720\" height=\"540\" src=\"https:\/\/www.plasticgranularmachine.com\/wp-content\/uploads\/2022\/07\/different-waste-plastic-film.jpg\" alt=\"diferentes res\u00edduos de filme pl\u00e1stico\" class=\"wp-image-142\" srcset=\"https:\/\/www.plasticgranularmachine.com\/wp-content\/uploads\/2022\/07\/different-waste-plastic-film.jpg 720w, https:\/\/www.plasticgranularmachine.com\/wp-content\/uploads\/2022\/07\/different-waste-plastic-film-300x225.jpg 300w\" sizes=\"auto, (max-width: 720px) 100vw, 720px\" \/><figcaption class=\"wp-element-caption\">diferentes res\u00edduos de filme pl\u00e1stico<\/figcaption><\/figure> <\/div>   <h2 class=\"wp-block-heading\">Como os gr\u00e2nulos de pl\u00e1stico s\u00e3o feitos?<\/h2>    <p>A seguir \u00e9 apresentada uma introdu\u00e7\u00e3o ao processo de pelotiza\u00e7\u00e3o de pl\u00e1stico para a linha de granula\u00e7\u00e3o de pl\u00e1stico.<\/p>    <h3 class=\"wp-block-heading\">Tritura\u00e7\u00e3o e Limpeza<\/h3>    <p>Primeiro, o filme pl\u00e1stico precisa ser esmagado em peda\u00e7os. Durante a tritura\u00e7\u00e3o, nossa m\u00e1quina de processamento de pl\u00e1stico limpar\u00e1 os fragmentos de pl\u00e1stico.<\/p>   <div class=\"wp-block-image\"> <figure class=\"aligncenter size-full\"><img loading=\"lazy\" decoding=\"async\" width=\"720\" height=\"540\" src=\"https:\/\/www.plasticgranularmachine.com\/wp-content\/uploads\/2022\/07\/waste-plastic-after-crushing.jpg\" alt=\"res\u00edduos de pl\u00e1stico ap\u00f3s esmagamento\" class=\"wp-image-143\" srcset=\"https:\/\/www.plasticgranularmachine.com\/wp-content\/uploads\/2022\/07\/waste-plastic-after-crushing.jpg 720w, https:\/\/www.plasticgranularmachine.com\/wp-content\/uploads\/2022\/07\/waste-plastic-after-crushing-300x225.jpg 300w\" sizes=\"auto, (max-width: 720px) 100vw, 720px\" \/><figcaption class=\"wp-element-caption\">res\u00edduos de pl\u00e1stico ap\u00f3s esmagamento<\/figcaption><\/figure> <\/div>   <h3 class=\"wp-block-heading\">Desidrata\u00e7\u00e3o<\/h3>    <p>Ap\u00f3s a limpeza, os detritos pl\u00e1sticos conter\u00e3o muita \u00e1gua. Portanto, para melhores resultados de pelotiza\u00e7\u00e3o, eles precisam ser desidratados e secos.<\/p>    <h3 class=\"wp-block-heading\">Pelotiza\u00e7\u00e3o<\/h3>    <p>A seguir vem a parte mais importante da linha de granula\u00e7\u00e3o de pl\u00e1stico. A m\u00e1quina de pelotiza\u00e7\u00e3o de pl\u00e1stico derrete o filme pl\u00e1stico e extrusa longas tiras de pl\u00e1stico.<\/p>    <h3 class=\"wp-block-heading\">Resfriamento<\/h3>    <p>Em seguida, o pl\u00e1stico filamentar \u00e9 resfriado para endurec\u00ea-lo para posterior corte.<\/p>    <h3 class=\"wp-block-heading\">Pelotiza\u00e7\u00e3o<\/h3>    <p>Ap\u00f3s o resfriamento, as longas tiras de pl\u00e1stico s\u00e3o cortadas em pellets com um cortador.<\/p>   <div class=\"wp-block-image\"> <figure class=\"aligncenter size-full\"><img loading=\"lazy\" decoding=\"async\" width=\"720\" height=\"540\" src=\"https:\/\/www.plasticgranularmachine.com\/wp-content\/uploads\/2022\/06\/finished-products.jpg\" alt=\"produtos finalizados\" class=\"wp-image-108\" srcset=\"https:\/\/www.plasticgranularmachine.com\/wp-content\/uploads\/2022\/06\/finished-products.jpg 720w, https:\/\/www.plasticgranularmachine.com\/wp-content\/uploads\/2022\/06\/finished-products-300x225.jpg 300w\" sizes=\"auto, (max-width: 720px) 100vw, 720px\" \/><figcaption class=\"wp-element-caption\">produtos finalizados<\/figcaption><\/figure> <\/div>   <h3 class=\"wp-block-heading\">Armazenando<\/h3>    <p>Finalmente, os pellets de pl\u00e1stico s\u00e3o armazenados em caixas de armazenamento.<\/p>    <h2 class=\"wp-block-heading\">A m\u00e1quina principal da linha de granula\u00e7\u00e3o de pl\u00e1stico<\/h2>    <h3 class=\"wp-block-heading\">M\u00e1quina trituradora de pl\u00e1stico<\/h3>    <p class=\"translation-block\">O <strong><a href=\"https:\/\/www.plasticgranularmachine.com\/pt\/product\/plastic-film-crusher\/\">triturador de pl\u00e1stico<\/a><\/strong> \u00e9 a primeira m\u00e1quina principal na linha de granula\u00e7\u00e3o para reciclagem de pl\u00e1stico. Pode triturar filmes pl\u00e1sticos em fragmentos de pl\u00e1stico. Al\u00e9m disso, a maior caracter\u00edstica do nosso triturador de pl\u00e1stico \u00e9 que pode limpar fragmentos de pl\u00e1stico ap\u00f3s a tritura\u00e7\u00e3o de pl\u00e1stico. Portanto, esta \u00e9 uma m\u00e1quina de tritura\u00e7\u00e3o e limpeza. A faca especial incorporada \u00e9 muito afiada e pode cortar o filme pl\u00e1stico em pequenos peda\u00e7os num curto espa\u00e7o de tempo. A m\u00e1quina adota um design de veda\u00e7\u00e3o fechado, pelo que tem alta seguran\u00e7a.<\/p>   <div class=\"wp-block-image\"> <figure class=\"aligncenter size-full\"><img loading=\"lazy\" decoding=\"async\" width=\"720\" height=\"540\" src=\"https:\/\/www.plasticgranularmachine.com\/wp-content\/uploads\/2022\/07\/plastic-crusher-for-pppe.webp\" alt=\"triturador de pl\u00e1stico para pppe\" class=\"wp-image-1323\" srcset=\"https:\/\/www.plasticgranularmachine.com\/wp-content\/uploads\/2022\/07\/plastic-crusher-for-pppe.webp 720w, https:\/\/www.plasticgranularmachine.com\/wp-content\/uploads\/2022\/07\/plastic-crusher-for-pppe-300x225.webp 300w, https:\/\/www.plasticgranularmachine.com\/wp-content\/uploads\/2022\/07\/plastic-crusher-for-pppe-16x12.webp 16w\" sizes=\"auto, (max-width: 720px) 100vw, 720px\" \/><figcaption class=\"wp-element-caption\">triturador de pl\u00e1stico para pppe<\/figcaption><\/figure> <\/div>   <h3 class=\"wp-block-heading\">Desidratador de pl\u00e1stico<\/h3>    <p class=\"translation-block\"><strong><a href=\"https:\/\/www.plasticgranularmachine.com\/pt\/product\/pet-flakes-dryer\/\">M\u00e1quina desidratadora de pl\u00e1stico<\/a><\/strong> eficiente \u00e9 uma m\u00e1quina que utiliza for\u00e7a centr\u00edfuga forte para secar a \u00e1gua em fragmentos de pl\u00e1stico.<\/p>   <div class=\"wp-block-image\"> <figure class=\"aligncenter size-full\"><img loading=\"lazy\" decoding=\"async\" width=\"720\" height=\"540\" src=\"https:\/\/www.plasticgranularmachine.com\/wp-content\/uploads\/2022\/07\/vertical-plastic-dewatering-machine.webp\" alt=\"m\u00e1quina de desidrata\u00e7\u00e3o pl\u00e1stica vertical\" class=\"wp-image-1324\" srcset=\"https:\/\/www.plasticgranularmachine.com\/wp-content\/uploads\/2022\/07\/vertical-plastic-dewatering-machine.webp 720w, https:\/\/www.plasticgranularmachine.com\/wp-content\/uploads\/2022\/07\/vertical-plastic-dewatering-machine-300x225.webp 300w, https:\/\/www.plasticgranularmachine.com\/wp-content\/uploads\/2022\/07\/vertical-plastic-dewatering-machine-16x12.webp 16w\" sizes=\"auto, (max-width: 720px) 100vw, 720px\" \/><figcaption class=\"wp-element-caption\">m\u00e1quina de desidrata\u00e7\u00e3o pl\u00e1stica vertical<\/figcaption><\/figure> <\/div>   <h3 class=\"wp-block-heading\">M\u00e1quina granuladora de pl\u00e1stico<\/h3>    <p class=\"translation-block\">O nosso <strong><a href=\"https:\/\/www.plasticgranularmachine.com\/pt\/product\/plastic-film-granulator\/\">granulador de pl\u00e1stico para reciclagem<\/a><\/strong> \u00e9 uma m\u00e1quina que pode derreter filmes pl\u00e1sticos e extrudar longas tiras de pl\u00e1stico. Todo o sistema de granula\u00e7\u00e3o de pl\u00e1stico inclui a m\u00e1quina principal e a m\u00e1quina auxiliar. Ap\u00f3s a fus\u00e3o, o pl\u00e1stico fluir\u00e1 para fora da sa\u00edda da m\u00e1quina principal e entrar\u00e1 na m\u00e1quina auxiliar. Sob a a\u00e7\u00e3o da m\u00e1quina auxiliar, o pl\u00e1stico em forma de tira ser\u00e1 extrudido da cabe\u00e7a de corte da m\u00e1quina auxiliar.<\/p>   <div class=\"wp-block-image\"> <figure class=\"aligncenter size-full\"><img loading=\"lazy\" decoding=\"async\" width=\"720\" height=\"540\" src=\"https:\/\/www.plasticgranularmachine.com\/wp-content\/uploads\/2022\/07\/plastic-granulator.webp\" alt=\"granulador de pl\u00e1stico\" class=\"wp-image-1325\" srcset=\"https:\/\/www.plasticgranularmachine.com\/wp-content\/uploads\/2022\/07\/plastic-granulator.webp 720w, https:\/\/www.plasticgranularmachine.com\/wp-content\/uploads\/2022\/07\/plastic-granulator-300x225.webp 300w, https:\/\/www.plasticgranularmachine.com\/wp-content\/uploads\/2022\/07\/plastic-granulator-16x12.webp 16w\" sizes=\"auto, (max-width: 720px) 100vw, 720px\" \/><figcaption class=\"wp-element-caption\">granulador de pl\u00e1stico<\/figcaption><\/figure> <\/div>   <h3 class=\"wp-block-heading\">M\u00e1quina de corte de pellets<\/h3>    <p class=\"translation-block\">Para obter part\u00edculas de pl\u00e1stico, precisa de um granulador de pl\u00e1stico para cortar longas tiras de pl\u00e1stico em part\u00edculas de pl\u00e1stico. Uma <strong><a href=\"https:\/\/www.plasticgranularmachine.com\/pt\/product\/plastic-strip-cutting-machine\/\">m\u00e1quina de corte de granulados<\/a><\/strong> pode ajud\u00e1-lo a conseguir isto. Al\u00e9m disso, o tamanho das part\u00edculas de pl\u00e1stico pode ser ajustado de acordo com as suas necessidades.<\/p>   <div class=\"wp-block-image\"> <figure class=\"aligncenter size-full\"><img loading=\"lazy\" decoding=\"async\" width=\"720\" height=\"540\" src=\"https:\/\/www.plasticgranularmachine.com\/wp-content\/uploads\/2022\/07\/Pellet-cutting-machine1.webp\" alt=\"M\u00e1quina de corte de pellets\" class=\"wp-image-1326\" srcset=\"https:\/\/www.plasticgranularmachine.com\/wp-content\/uploads\/2022\/07\/Pellet-cutting-machine1.webp 720w, https:\/\/www.plasticgranularmachine.com\/wp-content\/uploads\/2022\/07\/Pellet-cutting-machine1-300x225.webp 300w, https:\/\/www.plasticgranularmachine.com\/wp-content\/uploads\/2022\/07\/Pellet-cutting-machine1-16x12.webp 16w\" sizes=\"auto, (max-width: 720px) 100vw, 720px\" \/><figcaption class=\"wp-element-caption\">M\u00e1quina de corte de pellets<\/figcaption><\/figure> <\/div>   <h2 class=\"wp-block-heading\">Granulador de pl\u00e1stico para venda<\/h2>    <p class=\"translation-block\">Para resumir, sabemos que o granulador de pl\u00e1stico \u00e9 o equipamento chave em toda a linha de granula\u00e7\u00e3o de pl\u00e1stico. O extrusor de granula\u00e7\u00e3o de pl\u00e1stico para res\u00edduos adota controlo autom\u00e1tico de temperatura e tecnologia de aquecimento eletromagn\u00e9tico. Portanto, tem as caracter\u00edsticas de menor consumo de energia, nenhuma polui\u00e7\u00e3o e alto grau de automa\u00e7\u00e3o. Na <a href=\"https:\/\/www.plasticgranularmachine.com\/pt\/\">Maquinaria Eficiente para Reciclagem de Pl\u00e1stico<\/a>, temos mini granuladores de pl\u00e1stico e granuladores de pl\u00e1stico de grande escala para venda. Abaixo est\u00e3o os par\u00e2metros de tr\u00eas granuladores de pl\u00e1stico. Se desejar outras m\u00e1quinas, n\u00e3o hesite em contactar-nos.<\/p>    <figure class=\"wp-block-table\"><table><tbody><tr><td>Modelo<\/td><td>SL-125<\/td><td>SL-150<\/td><td>SL-180<\/td><\/tr><tr><td>Di\u00e2metro do parafuso<\/td><td>125mm<\/td><td>150mm<\/td><td>180mm<\/td><\/tr><tr><td>Velocidade do eixo principal<\/td><td>50-70min<\/td><td>40-60min<\/td><td>40-50min<\/td><\/tr><tr><td>Motor principal<\/td><td>22+1,5lw<\/td><td>30+1,5 kW<\/td><td>45 kW<\/td><\/tr><tr><td>Capacidade<\/td><td>3t\/dia<\/td><td>5t\/dia<\/td><td>7t\/dia\/ 24h<\/td><\/tr><\/tbody><\/table><\/figure>   <div class=\"wp-block-image\"> <figure class=\"aligncenter size-full\"><img loading=\"lazy\" decoding=\"async\" width=\"720\" height=\"540\" src=\"https:\/\/www.plasticgranularmachine.com\/wp-content\/uploads\/2022\/07\/plastic-granules-making-machine.webp\" alt=\"m\u00e1quina de fazer gr\u00e2nulos de pl\u00e1stico\" class=\"wp-image-1327\" srcset=\"https:\/\/www.plasticgranularmachine.com\/wp-content\/uploads\/2022\/07\/plastic-granules-making-machine.webp 720w, https:\/\/www.plasticgranularmachine.com\/wp-content\/uploads\/2022\/07\/plastic-granules-making-machine-300x225.webp 300w, https:\/\/www.plasticgranularmachine.com\/wp-content\/uploads\/2022\/07\/plastic-granules-making-machine-16x12.webp 16w\" sizes=\"auto, (max-width: 720px) 100vw, 720px\" \/><figcaption class=\"wp-element-caption\">m\u00e1quina de fazer gr\u00e2nulos de pl\u00e1stico<\/figcaption><\/figure> <\/div>   <h2 class=\"wp-block-heading\">Caracter\u00edsticas da linha de granula\u00e7\u00e3o de pl\u00e1stico<\/h2>    <ol class=\"wp-block-list\"> <li>Alto rendimento. A produ\u00e7\u00e3o da linha de produ\u00e7\u00e3o \u00e9 alta e a produ\u00e7\u00e3o m\u00e1xima por hora pode chegar a 1000 kg.<\/li>    <li>Amplamente utilizado. Nossa linha de reciclagem pode granular filmes pl\u00e1sticos de diversas mat\u00e9rias-primas. Al\u00e9m do mais, as mat\u00e9rias-primas mais comuns incluem PP, PE, BOPP, LDPE e HDPE.<\/li>    <li>F\u00e1cil de operar. Porque toda a linha de pelotiza\u00e7\u00e3o de pl\u00e1stico precisa apenas de 3-4 pessoas.<\/li>    <li>Grau de automa\u00e7\u00e3o.<\/li>    <li>Longa vida \u00fatil. Toda a linha de produ\u00e7\u00e3o \u00e9 feita de a\u00e7o dur\u00e1vel. Portanto, possui caracter\u00edsticas de robustez e durabilidade.<\/li> <\/ol>    <h2 class=\"wp-block-heading\">V\u00eddeo 3D do processo de granula\u00e7\u00e3o de filme pl\u00e1stico<\/h2>    <figure class=\"wp-block-embed is-type-video is-provider-youtube wp-block-embed-youtube wp-embed-aspect-16-9 wp-has-aspect-ratio\"><div class=\"wp-block-embed__wrapper\"> <iframe loading=\"lazy\" title=\"V\u00eddeo 3D do processo de reciclagem de filme PET | M\u00e1quina de reciclagem de res\u00edduos de filme pl\u00e1stico\" width=\"500\" height=\"281\" src=\"https:\/\/www.youtube.com\/embed\/rm1eGCFGcdc?feature=oembed\" frameborder=\"0\" allow=\"accelerometer; autoplay; clipboard-write; encrypted-media; gyroscope; picture-in-picture; web-share\" referrerpolicy=\"strict-origin-when-cross-origin\" allowfullscreen><\/iframe> <\/div><\/figure>    <h2 class=\"wp-block-heading\">Perguntas e respostas<\/h2>    <ol class=\"wp-block-list\"> <li>Minhas mat\u00e9rias-primas s\u00e3o PP, PE, PET, <a href=\"https:\/\/en.wikipedia.org\/wiki\/Polyvinyl_chloride\" target=\"_blank\" rel=\"noopener\">PVC<\/a>, PS e outros produtos pl\u00e1sticos. Posso usar a mesma linha de produ\u00e7\u00e3o para granula\u00e7\u00e3o?<br>R: N\u00e3o, diferentes mat\u00e9rias-primas t\u00eam diferentes processos de tratamento. (porque diferentes mat\u00e9rias-primas t\u00eam diferentes pontos de fus\u00e3o)<\/li>    <li>Se as mat\u00e9rias-primas forem PP e PE, qual a temperatura necess\u00e1ria para a granula\u00e7\u00e3o? Qual \u00e9 a temperatura m\u00e1xima da m\u00e1quina?<br>R: 240 graus Celsius s\u00e3o suficientes. Al\u00e9m do mais, a temperatura m\u00e1xima de trabalho da m\u00e1quina pode chegar a 500 graus.<\/li>    <li>Qual \u00e9 o consumo de energia de toda a linha de pelotiza\u00e7\u00e3o de pl\u00e1stico?<br>R: o consumo de energia de uma tonelada de material \u00e9 de cerca de 500 graus.<\/li>    <li>Qual \u00e9 o material da rosca e da matriz do granulador?<br>A: a\u00e7o mangan\u00eas 38 Luo \/40 Luo<\/li>    <li>Como distinguir o modelo da m\u00e1quina extrusora e pelotizadora?<br>R: O modelo \u00e9 dividido de acordo com o di\u00e2metro interno do parafuso.<\/li>    <li>Como fazer part\u00edculas de cores diferentes? Existe uma f\u00f3rmula?<br>A: adicione pigmento ao granular. A f\u00f3rmula s\u00f3 pode ser fornecida ap\u00f3s fazer um pedido.<\/li>    <li>Quantas pessoas eu preciso para operar toda a linha de granula\u00e7\u00e3o de pl\u00e1stico?<br>R: 3-4 pessoas s\u00e3o suficientes<\/li> <\/ol>    <p>Resumindo, se voc\u00ea precisar de servi\u00e7os de granula\u00e7\u00e3o de pl\u00e1stico, n\u00e3o hesite em nos contatar.<\/p>","protected":false},"excerpt":{"rendered":"<p>The plastic granulating line is the most common production line in plastic recycling lines. So, this line has the purpose of recycling plastic into pellets. The output range of the complete plastic pelletizing line is from 100-500 kg\/h. The recycling line includes a crushing and washing machine, plastic film rinsing tank, plastic dewatering machine, plastic [&hellip;]<\/p>\n","protected":false},"author":1,"featured_media":1220,"parent":0,"template":"","tags":[37,41],"product-type":[10],"class_list":["post-139","product","type-product","status-publish","has-post-thumbnail","hentry","tag-pelletizing","tag-plastic-film-recycling","product-type-solutions"],"_links":{"self":[{"href":"https:\/\/www.plasticgranularmachine.com\/pt\/wp-json\/wp\/v2\/product\/139","targetHints":{"allow":["GET"]}}],"collection":[{"href":"https:\/\/www.plasticgranularmachine.com\/pt\/wp-json\/wp\/v2\/product"}],"about":[{"href":"https:\/\/www.plasticgranularmachine.com\/pt\/wp-json\/wp\/v2\/types\/product"}],"author":[{"embeddable":true,"href":"https:\/\/www.plasticgranularmachine.com\/pt\/wp-json\/wp\/v2\/users\/1"}],"wp:featuredmedia":[{"embeddable":true,"href":"https:\/\/www.plasticgranularmachine.com\/pt\/wp-json\/wp\/v2\/media\/1220"}],"wp:attachment":[{"href":"https:\/\/www.plasticgranularmachine.com\/pt\/wp-json\/wp\/v2\/media?parent=139"}],"wp:term":[{"taxonomy":"post_tag","embeddable":true,"href":"https:\/\/www.plasticgranularmachine.com\/pt\/wp-json\/wp\/v2\/tags?post=139"},{"taxonomy":"product-type","embeddable":true,"href":"https:\/\/www.plasticgranularmachine.com\/pt\/wp-json\/wp\/v2\/product-type?post=139"}],"curies":[{"name":"wp","href":"https:\/\/api.w.org\/{rel}","templated":true}]}}