{"id":1663,"date":"2025-05-12T16:29:21","date_gmt":"2025-05-12T08:29:21","guid":{"rendered":"https:\/\/www.plasticgranularmachine.com\/?post_type=product&#038;p=1663"},"modified":"2025-07-22T14:28:50","modified_gmt":"2025-07-22T06:28:50","slug":"tire-recycling-production-line","status":"publish","type":"product","link":"https:\/\/www.plasticgranularmachine.com\/pt\/product\/tire-recycling-production-line\/","title":{"rendered":"Linha de Produ\u00e7\u00e3o de Reciclagem de Pneus Semi-Autom\u00e1tica"},"content":{"rendered":"<p>A linha de produ\u00e7\u00e3o de reciclagem de pneus semi-autom\u00e1tica combina a opera\u00e7\u00e3o sin\u00e9rgica de assist\u00eancia manual e equipamentos automatizados para alcan\u00e7ar a convers\u00e3o de pneus descartados em p\u00f3 de borracha de maneira econ\u00f4mica. <\/p>    <p>Pode ser amplamente utilizado para reciclar pneus comuns, como pneus de carro, e pode ser operado por apenas 2 a 4 pessoas, tornando-o particularmente adequado para startups ou pequenas e m\u00e9dias plantas de reciclagem de pneus com or\u00e7amentos limitados.<\/p>   <div class=\"wp-block-image\"> <figure class=\"aligncenter size-full\"><img loading=\"lazy\" decoding=\"async\" width=\"720\" height=\"463\" src=\"https:\/\/www.plasticgranularmachine.com\/wp-content\/uploads\/2025\/05\/semi-automatic-tire-recycling-production-line.webp\" alt=\"linha de reciclagem de pneus semi-autom\u00e1tica\" class=\"wp-image-1667\" srcset=\"https:\/\/www.plasticgranularmachine.com\/wp-content\/uploads\/2025\/05\/semi-automatic-tire-recycling-production-line.webp 720w, https:\/\/www.plasticgranularmachine.com\/wp-content\/uploads\/2025\/05\/semi-automatic-tire-recycling-production-line-300x193.webp 300w, https:\/\/www.plasticgranularmachine.com\/wp-content\/uploads\/2025\/05\/semi-automatic-tire-recycling-production-line-18x12.webp 18w\" sizes=\"auto, (max-width: 720px) 100vw, 720px\" \/><figcaption class=\"wp-element-caption\">linha de reciclagem de pneus semi-autom\u00e1tica<\/figcaption><\/figure> <\/div>   <h2 class=\"wp-block-heading\">Aplica\u00e7\u00e3o e Produtos Finais da Linha de Produ\u00e7\u00e3o de Reciclagem de Pneus<\/h2>    <p>A linha de produ\u00e7\u00e3o de reciclagem de pneus semi-autom\u00e1tica \u00e9 adequada para processar todos os tipos de pneus usados com um di\u00e2metro \u2264 1200mm, como pneus de carro, pneus de caminh\u00e3o, entre outros. <\/p>    <figure class=\"wp-block-gallery has-nested-images columns-default is-cropped wp-block-gallery-2 is-layout-flex wp-block-gallery-is-layout-flex\"> <figure class=\"wp-block-image size-large\"><img loading=\"lazy\" decoding=\"async\" width=\"720\" height=\"540\" data-id=\"1666\" src=\"https:\/\/www.plasticgranularmachine.com\/wp-content\/uploads\/2025\/05\/scrap-tires.webp\" alt=\"pneus usados\" class=\"wp-image-1666\" srcset=\"https:\/\/www.plasticgranularmachine.com\/wp-content\/uploads\/2025\/05\/scrap-tires.webp 720w, https:\/\/www.plasticgranularmachine.com\/wp-content\/uploads\/2025\/05\/scrap-tires-300x225.webp 300w, https:\/\/www.plasticgranularmachine.com\/wp-content\/uploads\/2025\/05\/scrap-tires-16x12.webp 16w\" sizes=\"auto, (max-width: 720px) 100vw, 720px\" \/><figcaption class=\"wp-element-caption\">pneus usados<\/figcaption><\/figure>    <figure class=\"wp-block-image size-large\"><img loading=\"lazy\" decoding=\"async\" width=\"720\" height=\"540\" data-id=\"1665\" src=\"https:\/\/www.plasticgranularmachine.com\/wp-content\/uploads\/2025\/05\/Rubber-powder-of-different-finenesses.webp\" alt=\"P\u00f3 de borracha de diferentes finuras\" class=\"wp-image-1665\" srcset=\"https:\/\/www.plasticgranularmachine.com\/wp-content\/uploads\/2025\/05\/Rubber-powder-of-different-finenesses.webp 720w, https:\/\/www.plasticgranularmachine.com\/wp-content\/uploads\/2025\/05\/Rubber-powder-of-different-finenesses-300x225.webp 300w, https:\/\/www.plasticgranularmachine.com\/wp-content\/uploads\/2025\/05\/Rubber-powder-of-different-finenesses-16x12.webp 16w\" sizes=\"auto, (max-width: 720px) 100vw, 720px\" \/><figcaption class=\"wp-element-caption\">P\u00f3 de borracha de diferentes finuras<\/figcaption><\/figure> <\/figure>    <p>Atrav\u00e9s do processo de pr\u00e9-tratamento, tritura\u00e7\u00e3o, moagem e triagem, os pneus em fim de vida s\u00e3o processados em gr\u00e2nulos ou p\u00f3s de borracha ajust\u00e1veis de 10-40 malhas, e a pureza dos produtos \u00e9 de at\u00e9 99% ou mais.<\/p>    <h2 class=\"wp-block-heading\">Principais Caracter\u00edsticas da Linha de Reciclagem de Pneus Usados<\/h2>    <ul class=\"wp-block-list\"> <li><strong>Baixo investimento:<\/strong> estrutura simples, opera\u00e7\u00e3o flex\u00edvel, baixo custo de aquisi\u00e7\u00e3o, adequada para startups ou pequenas f\u00e1bricas.<\/li>    <li><strong>Alto retorno:<\/strong> alta efici\u00eancia, boa qualidade do produto, pureza de at\u00e9 99%, alta competitividade no mercado.<\/li>    <li><strong>Opera\u00e7\u00e3o f\u00e1cil:<\/strong> apenas 2-4 pessoas podem ajudar a completar a produ\u00e7\u00e3o. O equipamento \u00e9 equipado com prote\u00e7\u00f5es de seguran\u00e7a e \u00e9 seguro para operar. <\/li>    <li><strong>Prote\u00e7\u00e3o ambiental:<\/strong> Certificados CE e ISO podem ser fornecidos, com baixo consumo de energia, sem polui\u00e7\u00e3o e em conformidade com os padr\u00f5es ambientais.<\/li> <\/ul>    <h2 class=\"wp-block-heading\">Como Funciona a Linha de Produ\u00e7\u00e3o de P\u00f3 de Borracha Semi-Autom\u00e1tica?<\/h2>    <p>A linha completa de reciclagem de pneus semi-autom\u00e1tica consiste em um cortador de parede lateral de pneus, um cortador de tiras de pneus, um cortador de blocos de pneus, um triturador de pneus, uma m\u00e1quina de p\u00f3 de borracha e um sistema de separador magn\u00e9tico, al\u00e9m de um separador de fibras.<\/p>   <div class=\"wp-block-image\"> <figure class=\"aligncenter size-full\"><img loading=\"lazy\" decoding=\"async\" width=\"720\" height=\"540\" src=\"https:\/\/www.plasticgranularmachine.com\/wp-content\/uploads\/2025\/05\/working-flow-of-the-semi-automatic-rubber-recycling-plant.webp\" alt=\"fluxo de trabalho da planta de reciclagem de borracha semi-autom\u00e1tica\" class=\"wp-image-1672\" srcset=\"https:\/\/www.plasticgranularmachine.com\/wp-content\/uploads\/2025\/05\/working-flow-of-the-semi-automatic-rubber-recycling-plant.webp 720w, https:\/\/www.plasticgranularmachine.com\/wp-content\/uploads\/2025\/05\/working-flow-of-the-semi-automatic-rubber-recycling-plant-300x225.webp 300w, https:\/\/www.plasticgranularmachine.com\/wp-content\/uploads\/2025\/05\/working-flow-of-the-semi-automatic-rubber-recycling-plant-16x12.webp 16w\" sizes=\"auto, (max-width: 720px) 100vw, 720px\" \/><figcaption class=\"wp-element-caption\">fluxo de trabalho da planta de reciclagem de borracha semi-autom\u00e1tica<\/figcaption><\/figure> <\/div>   <ol class=\"wp-block-list\"> <li><strong>Pr\u00e9-tratamento 1<\/strong>: Usando uma m\u00e1quina cortadora de an\u00e9is de pneus, corte a borda do pneu que cont\u00e9m uma grande quantidade de fio de a\u00e7o para obter as laterais de borracha dos pneus.<\/li>    <li><strong>Pr\u00e9-tratamento 2:<\/strong> Utilizando uma m\u00e1quina de corte de tiras de pneus, corte as laterais dos pneus em tiras de 3-5 cm de largura.<\/li>    <li><strong>Pr\u00e9-tratamento 3:<\/strong> Em seguida, corte as tiras de borracha em blocos menores de 5 cm de comprimento e largura com a cortadora de blocos de pneus para o processo de tritura\u00e7\u00e3o subsequente.<\/li>    <li><strong>Moagem e Triagem:<\/strong> Os rolos g\u00eameos moem eficientemente blocos de borracha em p\u00f3 de 10-40 mesh atrav\u00e9s de cisalhamento e fric\u00e7\u00e3o. Uma tela vibrat\u00f3ria e um sistema de triagem em v\u00e1rias etapas separam automaticamente o p\u00f3 qualificado, reciclando qualquer material que n\u00e3o atenda aos requisitos de tamanho.<\/li>    <li><strong>Separa\u00e7\u00e3o Magn\u00e9tica: <\/strong>Atrav\u00e9s da adsor\u00e7\u00e3o por rolos magn\u00e9ticos, o fio de ferro misto no p\u00f3 de borracha \u00e9 removido de forma eficiente, melhorando a pureza do p\u00f3 de borracha.<\/li>    <li><strong>Separa\u00e7\u00e3o de Fibras: <\/strong>As fibras de nylon residuais s\u00e3o removidas por triagem a ar para garantir que a pureza do p\u00f3 de borracha possa ser superior a 99%.<\/li> <\/ol>    <h2 class=\"wp-block-heading\">M\u00e1quinas de Reciclagem de Pneus Eficientes \u00e0 Venda<\/h2>    <p>Nossas linhas de produ\u00e7\u00e3o de reciclagem de pneus s\u00e3o modulares e flex\u00edveis. Abaixo est\u00e3o informa\u00e7\u00f5es sobre as especifica\u00e7\u00f5es chave de cada m\u00e1quina.<\/p>    <h3 class=\"wp-block-heading\">M\u00e1quina de Corte de Lateral de Pneus<\/h3>    <div class=\"wp-block-media-text is-stacked-on-mobile\"><figure class=\"wp-block-media-text__media\"><img loading=\"lazy\" decoding=\"async\" width=\"720\" height=\"540\" src=\"https:\/\/www.plasticgranularmachine.com\/wp-content\/uploads\/2025\/05\/tire-sidewall-cutter.webp\" alt=\"cortador de parede lateral de pneus\" class=\"wp-image-1670 size-full\" srcset=\"https:\/\/www.plasticgranularmachine.com\/wp-content\/uploads\/2025\/05\/tire-sidewall-cutter.webp 720w, https:\/\/www.plasticgranularmachine.com\/wp-content\/uploads\/2025\/05\/tire-sidewall-cutter-300x225.webp 300w, https:\/\/www.plasticgranularmachine.com\/wp-content\/uploads\/2025\/05\/tire-sidewall-cutter-16x12.webp 16w\" sizes=\"auto, (max-width: 720px) 100vw, 720px\" \/><\/figure><div class=\"wp-block-media-text__content\"> <p>Altamente eficientes na remo\u00e7\u00e3o de fios de a\u00e7o, protegendo e prolongando a vida \u00fatil de toda a linha.<\/p>    <ul class=\"wp-block-list\"> <li>Capacidade: 40 pcs\/h<\/li>    <li>Pot\u00eancia do motor: 4+0.75 KW<\/li>    <li>Faixa de trabalho: pneus de 650-1250 mm<\/li>    <li>Tamanho da m\u00e1quina: 1,8m*1,3m*1,6m<\/li> <\/ul> <\/div><\/div>    <h3 class=\"wp-block-heading\">Cortador de Faixas de Pneus<\/h3>    <div class=\"wp-block-media-text is-stacked-on-mobile\"><figure class=\"wp-block-media-text__media\"><img loading=\"lazy\" decoding=\"async\" width=\"720\" height=\"540\" src=\"https:\/\/www.plasticgranularmachine.com\/wp-content\/uploads\/2025\/05\/tire-strip-cutter.webp\" alt=\"cortador de tiras de pneus\" class=\"wp-image-1671 size-full\" srcset=\"https:\/\/www.plasticgranularmachine.com\/wp-content\/uploads\/2025\/05\/tire-strip-cutter.webp 720w, https:\/\/www.plasticgranularmachine.com\/wp-content\/uploads\/2025\/05\/tire-strip-cutter-300x225.webp 300w, https:\/\/www.plasticgranularmachine.com\/wp-content\/uploads\/2025\/05\/tire-strip-cutter-16x12.webp 16w\" sizes=\"auto, (max-width: 720px) 100vw, 720px\" \/><\/figure><div class=\"wp-block-media-text__content\"> <p>For\u00e7a de corte forte, opera\u00e7\u00e3o simples e pequena \u00e1rea ocupada.<\/p>    <ul class=\"wp-block-list\"> <li>Capacidade: 1000 kg\/h<\/li>    <li>Pot\u00eancia do motor: 5,5 KW<\/li>    <li>Velocidade do motor: 45 r\/min<\/li>    <li>Produtos finais: tiras de 3-5 cm de largura<\/li> <\/ul> <\/div><\/div>    <h3 class=\"wp-block-heading\">Cortador de Blocos de Pneus<\/h3>    <div class=\"wp-block-media-text is-stacked-on-mobile\"><figure class=\"wp-block-media-text__media\"><img loading=\"lazy\" decoding=\"async\" width=\"720\" height=\"540\" src=\"https:\/\/www.plasticgranularmachine.com\/wp-content\/uploads\/2025\/05\/tire-block-cutter.webp\" alt=\"cortador de blocos de pneus\" class=\"wp-image-1668 size-full\" srcset=\"https:\/\/www.plasticgranularmachine.com\/wp-content\/uploads\/2025\/05\/tire-block-cutter.webp 720w, https:\/\/www.plasticgranularmachine.com\/wp-content\/uploads\/2025\/05\/tire-block-cutter-300x225.webp 300w, https:\/\/www.plasticgranularmachine.com\/wp-content\/uploads\/2025\/05\/tire-block-cutter-16x12.webp 16w\" sizes=\"auto, (max-width: 720px) 100vw, 720px\" \/><\/figure><div class=\"wp-block-media-text__content\"> <p>Cortes est\u00e1veis melhoram efetivamente a efici\u00eancia da reciclagem de pneus, protegem o dispositivo subsequente e s\u00e3o adequados para opera\u00e7\u00e3o cont\u00ednua.<\/p>    <ul class=\"wp-block-list\"> <li>Modelo: QKJ-358, cortador de blocos de pneus atualizado<\/li>    <li>Capacidade: 800\/1500 kg\/h<\/li>    <li>Pot\u00eancia do motor: 5.5\/18.5 KW<\/li> <\/ul> <\/div><\/div>    <h3 class=\"wp-block-heading\">Moedor de Pneus e Separadores Magn\u00e9ticos<\/h3>    <div class=\"wp-block-media-text is-stacked-on-mobile\"><figure class=\"wp-block-media-text__media\"><img loading=\"lazy\" decoding=\"async\" width=\"720\" height=\"540\" src=\"https:\/\/www.plasticgranularmachine.com\/wp-content\/uploads\/2025\/05\/tire-crusher-and-magnetic-separator.webp\" alt=\"triturador de pneus e separador magn\u00e9tico\" class=\"wp-image-1669 size-full\" srcset=\"https:\/\/www.plasticgranularmachine.com\/wp-content\/uploads\/2025\/05\/tire-crusher-and-magnetic-separator.webp 720w, https:\/\/www.plasticgranularmachine.com\/wp-content\/uploads\/2025\/05\/tire-crusher-and-magnetic-separator-300x225.webp 300w, https:\/\/www.plasticgranularmachine.com\/wp-content\/uploads\/2025\/05\/tire-crusher-and-magnetic-separator-16x12.webp 16w\" sizes=\"auto, (max-width: 720px) 100vw, 720px\" \/><\/figure><div class=\"wp-block-media-text__content\"> <p class=\"translation-block\">Moagem fina, peneira\u00e7\u00e3o multiest\u00e1gio, material uniforme e fino, tamanho ajust\u00e1vel, pureza superior a 99%.<\/p>    <ul class=\"wp-block-list\"> <li>Modelo: Linha SL-350\/400\/450\/560\/560D\/660<\/li>    <li>Capacidade: 80-300 \/ 150-400 \/ 200-600 \/ 300-1000 \/ 800-1600 \/ 900-2300 kg\/h<\/li>    <li>Tamanho da sa\u00edda: 10-40 malha (2,5-0,63 mm)<\/li> <\/ul> <\/div><\/div>    <h3 class=\"wp-block-heading\">Separador de Fibra<\/h3>    <div class=\"wp-block-media-text is-stacked-on-mobile\"><figure class=\"wp-block-media-text__media\"><img loading=\"lazy\" decoding=\"async\" width=\"720\" height=\"540\" src=\"https:\/\/www.plasticgranularmachine.com\/wp-content\/uploads\/2025\/05\/fiber-separator.webp\" alt=\"separador de fibra\" class=\"wp-image-1664 size-full\" srcset=\"https:\/\/www.plasticgranularmachine.com\/wp-content\/uploads\/2025\/05\/fiber-separator.webp 720w, https:\/\/www.plasticgranularmachine.com\/wp-content\/uploads\/2025\/05\/fiber-separator-300x225.webp 300w, https:\/\/www.plasticgranularmachine.com\/wp-content\/uploads\/2025\/05\/fiber-separator-16x12.webp 16w\" sizes=\"auto, (max-width: 720px) 100vw, 720px\" \/><\/figure><div class=\"wp-block-media-text__content\"> <p>Remo\u00e7\u00e3o altamente eficiente de fibras de nylon, sem danos ao p\u00f3 de borracha, economia de energia e ambientalmente amig\u00e1vel.<\/p>    <ul class=\"wp-block-list\"> <li>Capacidade: 800-1000 kg\/h<\/li>    <li>Pot\u00eancia do motor: 5,5 KW<\/li>    <li>Pureza da sa\u00edda: mais de 99%<\/li> <\/ul> <\/div><\/div>    <h2 class=\"wp-block-heading\">Obtenha uma Solu\u00e7\u00e3o Personalizada de Reciclagem de Pneus!<\/h2>    <p class=\"translation-block\">Quer esteja apenas a iniciar o seu neg\u00f3cio de reciclagem de pneus ou j\u00e1 a gerir uma instala\u00e7\u00e3o de reciclagem madura, oferecemos solu\u00e7\u00f5es personalizadas para todos os tipos de pneus \u2014 desde linhas de produ\u00e7\u00e3o de reciclagem de pneus semiautom\u00e1ticas a <a href=\"https:\/\/www.plasticgranularmachine.com\/pt\/product\/rubber-recycling-plant\/\">totalmente autom\u00e1ticas<\/a>. N\u00e3o hesite em contactar-nos para mais detalhes!<\/p>","protected":false},"excerpt":{"rendered":"<p>The semi-automatic tire recycling production line combines the synergistic operation of manual assistance and automated equipment to achieve the conversion of scrap tires into rubber powder in a cost-effective manner. It can be widely used to recycle common scrap tires, such as car tires, and can be operated by only 2-4 people, making it particularly [&hellip;]<\/p>\n","protected":false},"author":1,"featured_media":1672,"parent":0,"template":"","tags":[],"product-type":[10],"class_list":["post-1663","product","type-product","status-publish","has-post-thumbnail","hentry","product-type-solutions"],"_links":{"self":[{"href":"https:\/\/www.plasticgranularmachine.com\/pt\/wp-json\/wp\/v2\/product\/1663","targetHints":{"allow":["GET"]}}],"collection":[{"href":"https:\/\/www.plasticgranularmachine.com\/pt\/wp-json\/wp\/v2\/product"}],"about":[{"href":"https:\/\/www.plasticgranularmachine.com\/pt\/wp-json\/wp\/v2\/types\/product"}],"author":[{"embeddable":true,"href":"https:\/\/www.plasticgranularmachine.com\/pt\/wp-json\/wp\/v2\/users\/1"}],"wp:featuredmedia":[{"embeddable":true,"href":"https:\/\/www.plasticgranularmachine.com\/pt\/wp-json\/wp\/v2\/media\/1672"}],"wp:attachment":[{"href":"https:\/\/www.plasticgranularmachine.com\/pt\/wp-json\/wp\/v2\/media?parent=1663"}],"wp:term":[{"taxonomy":"post_tag","embeddable":true,"href":"https:\/\/www.plasticgranularmachine.com\/pt\/wp-json\/wp\/v2\/tags?post=1663"},{"taxonomy":"product-type","embeddable":true,"href":"https:\/\/www.plasticgranularmachine.com\/pt\/wp-json\/wp\/v2\/product-type?post=1663"}],"curies":[{"name":"wp","href":"https:\/\/api.w.org\/{rel}","templated":true}]}}