{"id":1688,"date":"2025-05-26T10:49:51","date_gmt":"2025-05-26T02:49:51","guid":{"rendered":"https:\/\/www.plasticgranularmachine.com\/?post_type=product&#038;p=1688"},"modified":"2025-07-23T10:32:17","modified_gmt":"2025-07-23T02:32:17","slug":"egg-tray-production-line","status":"publish","type":"product","link":"https:\/\/www.plasticgranularmachine.com\/pt\/product\/egg-tray-production-line\/","title":{"rendered":"Maximize os Retornos com a Linha de Produ\u00e7\u00e3o de Bandejas de Ovos"},"content":{"rendered":"<p>A nossa linha de produ\u00e7\u00e3o de bandejas de ovos de polpa de papel tem uma capacidade de 1.000 a 7.000 pe\u00e7as por hora. Ela pode converter eficientemente papel waste em v\u00e1rios produtos de bandejas de papel, como bandejas para ovos, bandejas para ma\u00e7\u00e3s, bandejas para sapatos, bandejas para copos de caf\u00e9, etc. Estes produtos s\u00e3o amplamente utilizados em muitos campos, incluindo alimenta\u00e7\u00e3o, agricultura e bens de consumo.<\/p>    <p>Usando o nosso equipamento, o custo total m\u00e9dio por bandeja de ovos \u00e9 de apenas $0,026-$0,04, enquanto o pre\u00e7o de mercado internacional \u00e9 tipicamente de $0,07-$0,10 ou mais. A margem de lucro \u00e9 t\u00e3o alta quanto 150%-250%, tornando este um projeto de investimento muito atraente!<\/p>   <div class=\"wp-block-image\"> <figure class=\"aligncenter size-full\"><img loading=\"lazy\" decoding=\"async\" width=\"720\" height=\"540\" src=\"https:\/\/www.plasticgranularmachine.com\/wp-content\/uploads\/2025\/05\/egg-tray-manufacturing-plant.webp\" alt=\"f\u00e1brica de produ\u00e7\u00e3o de bandejas de ovos\" class=\"wp-image-1692\" srcset=\"https:\/\/www.plasticgranularmachine.com\/wp-content\/uploads\/2025\/05\/egg-tray-manufacturing-plant.webp 720w, https:\/\/www.plasticgranularmachine.com\/wp-content\/uploads\/2025\/05\/egg-tray-manufacturing-plant-300x225.webp 300w, https:\/\/www.plasticgranularmachine.com\/wp-content\/uploads\/2025\/05\/egg-tray-manufacturing-plant-16x12.webp 16w\" sizes=\"auto, (max-width: 720px) 100vw, 720px\" \/><figcaption class=\"wp-element-caption\">f\u00e1brica de produ\u00e7\u00e3o de bandejas de ovos<\/figcaption><\/figure> <\/div>   <h2 class=\"wp-block-heading\">Mat\u00e9rias-primas e produtos finais das m\u00e1quinas de bandejas de ovos<\/h2>    <p>A nossa linha de produ\u00e7\u00e3o de bandejas de ovos utiliza papel reciclado e fibras vegetais, como jornais velhos, embalagens, bandejas de ovos usadas, polpa de madeira, etc., como mat\u00e9rias-primas. Atrav\u00e9s de processos de pulping, moldagem, secagem e embalagem, produz bandejas de ovos respir\u00e1veis, biodegrad\u00e1veis e ecol\u00f3gicas.<\/p>    <figure class=\"wp-block-gallery has-nested-images columns-default is-cropped wp-block-gallery-2 is-layout-flex wp-block-gallery-is-layout-flex\"> <figure class=\"wp-block-image size-large\"><img loading=\"lazy\" decoding=\"async\" width=\"720\" height=\"540\" data-id=\"1703\" src=\"https:\/\/www.plasticgranularmachine.com\/wp-content\/uploads\/2025\/05\/waste-paper-boxes.webp\" alt=\"caixas de papel reciclado\" class=\"wp-image-1703\" srcset=\"https:\/\/www.plasticgranularmachine.com\/wp-content\/uploads\/2025\/05\/waste-paper-boxes.webp 720w, https:\/\/www.plasticgranularmachine.com\/wp-content\/uploads\/2025\/05\/waste-paper-boxes-300x225.webp 300w, https:\/\/www.plasticgranularmachine.com\/wp-content\/uploads\/2025\/05\/waste-paper-boxes-16x12.webp 16w\" sizes=\"auto, (max-width: 720px) 100vw, 720px\" \/><figcaption class=\"wp-element-caption\">caixas de papel reciclado<\/figcaption><\/figure>    <figure class=\"wp-block-image size-large\"><img loading=\"lazy\" decoding=\"async\" width=\"720\" height=\"540\" data-id=\"1702\" src=\"https:\/\/www.plasticgranularmachine.com\/wp-content\/uploads\/2025\/05\/waste-nueswpapers.webp\" alt=\"jornais velhos\" class=\"wp-image-1702\" srcset=\"https:\/\/www.plasticgranularmachine.com\/wp-content\/uploads\/2025\/05\/waste-nueswpapers.webp 720w, https:\/\/www.plasticgranularmachine.com\/wp-content\/uploads\/2025\/05\/waste-nueswpapers-300x225.webp 300w, https:\/\/www.plasticgranularmachine.com\/wp-content\/uploads\/2025\/05\/waste-nueswpapers-16x12.webp 16w\" sizes=\"auto, (max-width: 720px) 100vw, 720px\" \/><figcaption class=\"wp-element-caption\">jornais velhos<\/figcaption><\/figure>    <figure class=\"wp-block-image size-large\"><img loading=\"lazy\" decoding=\"async\" width=\"720\" height=\"540\" data-id=\"1691\" src=\"https:\/\/www.plasticgranularmachine.com\/wp-content\/uploads\/2025\/05\/books.webp\" alt=\"livros\" class=\"wp-image-1691\" srcset=\"https:\/\/www.plasticgranularmachine.com\/wp-content\/uploads\/2025\/05\/books.webp 720w, https:\/\/www.plasticgranularmachine.com\/wp-content\/uploads\/2025\/05\/books-300x225.webp 300w, https:\/\/www.plasticgranularmachine.com\/wp-content\/uploads\/2025\/05\/books-16x12.webp 16w\" sizes=\"auto, (max-width: 720px) 100vw, 720px\" \/><figcaption class=\"wp-element-caption\">livros<\/figcaption><\/figure> <\/figure>    <p>Al\u00e9m disso, ao mudar o molde e ajustar o processo de produ\u00e7\u00e3o, podemos produzir bandejas de papel de alta qualidade em v\u00e1rios tamanhos, formas e cores para atender a diferentes necessidades. Nossas bandejas s\u00e3o amplamente utilizadas em embalagens de alimentos, itens do dia a dia, transporte, embalagens eletr\u00f4nicas \u00e0 prova de choque, entre outros.<\/p>   <div class=\"wp-block-image\"> <figure class=\"aligncenter size-full\"><img loading=\"lazy\" decoding=\"async\" width=\"720\" height=\"540\" src=\"https:\/\/www.plasticgranularmachine.com\/wp-content\/uploads\/2025\/05\/various-paper-trays.webp\" alt=\"v\u00e1rios tabuleiros de papel\" class=\"wp-image-1701\" srcset=\"https:\/\/www.plasticgranularmachine.com\/wp-content\/uploads\/2025\/05\/various-paper-trays.webp 720w, https:\/\/www.plasticgranularmachine.com\/wp-content\/uploads\/2025\/05\/various-paper-trays-300x225.webp 300w, https:\/\/www.plasticgranularmachine.com\/wp-content\/uploads\/2025\/05\/various-paper-trays-16x12.webp 16w\" sizes=\"auto, (max-width: 720px) 100vw, 720px\" \/><figcaption class=\"wp-element-caption\">v\u00e1rios tabuleiros de papel<\/figcaption><\/figure> <\/div>   <h2 class=\"wp-block-heading\">Caracter\u00edsticas principais da nossa linha de produ\u00e7\u00e3o de bandejas de ovos<\/h2>    <ul class=\"wp-block-list\"> <li>As mat\u00e9rias-primas para reciclagem de papel\u00e3o est\u00e3o amplamente dispon\u00edveis.<\/li>    <li>As bandejas de ovos acabadas podem ser personalizadas em desempenho, cor, espessura e forma.<\/li>    <li>As caixas de ovos biodegrad\u00e1veis atendem aos padr\u00f5es ambientais e s\u00e3o respir\u00e1veis.<\/li>    <li>A m\u00e1quina oferece opera\u00e7\u00e3o autom\u00e1tica ou semi-autom\u00e1tica.<\/li>    <li>V\u00e1rios m\u00e9todos de secagem atendem a diferentes climas.<\/li>    <li>Baixos custos de produ\u00e7\u00e3o geram altos retornos, com margens de lucro de 150%-250%.<\/li>    <li>Fornecemos linhas de produ\u00e7\u00e3o com capacidades de 1.000\u20137.000 pcs\/h e apoiamos todo o processo de planejamento, incluindo instala\u00e7\u00e3o e garantia gratuita.<\/li> <\/ul>   <div class=\"wp-block-image\"> <figure class=\"aligncenter size-full\"><img loading=\"lazy\" decoding=\"async\" width=\"720\" height=\"540\" src=\"https:\/\/www.plasticgranularmachine.com\/wp-content\/uploads\/2025\/05\/egg-tray-production-line.webp\" alt=\"linha de produ\u00e7\u00e3o de bandejas de ovos\" class=\"wp-image-1694\" srcset=\"https:\/\/www.plasticgranularmachine.com\/wp-content\/uploads\/2025\/05\/egg-tray-production-line.webp 720w, https:\/\/www.plasticgranularmachine.com\/wp-content\/uploads\/2025\/05\/egg-tray-production-line-300x225.webp 300w, https:\/\/www.plasticgranularmachine.com\/wp-content\/uploads\/2025\/05\/egg-tray-production-line-16x12.webp 16w\" sizes=\"auto, (max-width: 720px) 100vw, 720px\" \/><figcaption class=\"wp-element-caption\">linha de produ\u00e7\u00e3o de bandejas de ovos<\/figcaption><\/figure> <\/div>   <h2 class=\"wp-block-heading\">Processo completo de fabrica\u00e7\u00e3o de bandejas de ovos revelado<\/h2>   <div class=\"wp-block-image\"> <figure class=\"aligncenter size-full\"><img loading=\"lazy\" decoding=\"async\" width=\"700\" height=\"461\" src=\"https:\/\/www.plasticgranularmachine.com\/wp-content\/uploads\/2025\/05\/procedures-of-egg-tray-production-line.webp\" alt=\"procedimentos da linha de produ\u00e7\u00e3o de bandejas de ovos\" class=\"wp-image-1699\" srcset=\"https:\/\/www.plasticgranularmachine.com\/wp-content\/uploads\/2025\/05\/procedures-of-egg-tray-production-line.webp 700w, https:\/\/www.plasticgranularmachine.com\/wp-content\/uploads\/2025\/05\/procedures-of-egg-tray-production-line-300x198.webp 300w, https:\/\/www.plasticgranularmachine.com\/wp-content\/uploads\/2025\/05\/procedures-of-egg-tray-production-line-18x12.webp 18w\" sizes=\"auto, (max-width: 700px) 100vw, 700px\" \/><figcaption class=\"wp-element-caption\">procedimentos da linha de produ\u00e7\u00e3o de bandejas de ovos<\/figcaption><\/figure> <\/div>   <h3 class=\"wp-block-heading\">Pulveriza\u00e7\u00e3o de papel<\/h3>    <ul class=\"wp-block-list\"> <li>Coloque papel\u00e3o e \u00e1gua no pulper hidr\u00e1ulico para triturar a polpa.<\/li>    <li>Em seguida, s\u00e3o adicionados aditivos ao tanque de condicionamento da polpa para modificar a polpa. Mexa continuamente para formar uma polpa uniforme.<\/li>    <li>As bombas de polpa transportam a polpa para o tanque de suprimento.<\/li>    <li>Adicione \u00e1gua para diluir a polpa a uma concentra\u00e7\u00e3o de 3-5%.<\/li> <\/ul>   <div class=\"wp-block-image\"> <figure class=\"aligncenter size-full\"><img loading=\"lazy\" decoding=\"async\" width=\"720\" height=\"540\" src=\"https:\/\/www.plasticgranularmachine.com\/wp-content\/uploads\/2025\/05\/paper-pulping-machine.webp\" alt=\"m\u00e1quina de polpa de papel\" class=\"wp-image-1698\" srcset=\"https:\/\/www.plasticgranularmachine.com\/wp-content\/uploads\/2025\/05\/paper-pulping-machine.webp 720w, https:\/\/www.plasticgranularmachine.com\/wp-content\/uploads\/2025\/05\/paper-pulping-machine-300x225.webp 300w, https:\/\/www.plasticgranularmachine.com\/wp-content\/uploads\/2025\/05\/paper-pulping-machine-16x12.webp 16w\" sizes=\"auto, (max-width: 720px) 100vw, 720px\" \/><figcaption class=\"wp-element-caption\">m\u00e1quina de polpa de papel<\/figcaption><\/figure> <\/div>   <h3 class=\"wp-block-heading\">Moldagem de bandejas de ovos<\/h3>    <p class=\"translation-block\">O processo de moldagem \u00e9 o passo mais importante na linha de produ\u00e7\u00e3o de bandejas de ovos. Oferecemos muitos modelos de <a href=\"https:\/\/www.plasticgranularmachine.com\/pt\/product\/egg-tray-making-machine\/\" data-type=\"link\" data-id=\"https:\/\/www.plasticgranularmachine.com\/product\/egg-tray-making-machine\/\">m\u00e1quinas de moldagem de bandejas de ovos<\/a>, incluindo m\u00e1quinas de fabrica\u00e7\u00e3o de bandejas de ovos de face \u00fanica, quatro faces e oito faces, com capacidades que variam de 1.000 a 7.000 pe\u00e7as por hora.<\/p>    <ul class=\"wp-block-list\"> <li>O molde da m\u00e1quina de moldagem de bandejas de ovos adsorve a polpa sob a a\u00e7\u00e3o de uma bomba de v\u00e1cuo.<\/li>    <li>O excesso de \u00e1gua drena da polpa atrav\u00e9s de uma malha de a\u00e7o inoxid\u00e1vel para uma piscina de retorno para reutiliza\u00e7\u00e3o.<\/li>    <li>Ap\u00f3s desidrata\u00e7\u00e3o a v\u00e1cuo, a bandeja de ovos \u00e9 moldada.<\/li>    <li>A m\u00e1quina de v\u00e1cuo ajuda ent\u00e3o a desmoldar as bandejas de ovos e transferi-las para a esteira transportadora.<\/li> <\/ul>   <div class=\"wp-block-image\"> <figure class=\"aligncenter size-full\"><img loading=\"lazy\" decoding=\"async\" width=\"720\" height=\"540\" src=\"https:\/\/www.plasticgranularmachine.com\/wp-content\/uploads\/2025\/05\/automatic-egg-tray-molding-machine.webp\" alt=\"m\u00e1quina autom\u00e1tica de moldagem de bandejas de ovos\" class=\"wp-image-1690\" srcset=\"https:\/\/www.plasticgranularmachine.com\/wp-content\/uploads\/2025\/05\/automatic-egg-tray-molding-machine.webp 720w, https:\/\/www.plasticgranularmachine.com\/wp-content\/uploads\/2025\/05\/automatic-egg-tray-molding-machine-300x225.webp 300w, https:\/\/www.plasticgranularmachine.com\/wp-content\/uploads\/2025\/05\/automatic-egg-tray-molding-machine-16x12.webp 16w\" sizes=\"auto, (max-width: 720px) 100vw, 720px\" \/><figcaption class=\"wp-element-caption\">m\u00e1quina autom\u00e1tica de moldagem de bandejas de ovos<\/figcaption><\/figure> <\/div>   <h3 class=\"wp-block-heading\">Secagem<\/h3>    <p>Os suportes de ovos moldados molhados preliminares devem ser secos para aumentar a sua estabilidade e firmeza. Escolha o m\u00e9todo de secagem mais adequado de acordo com o clima local, o local e outras condi\u00e7\u00f5es. A nossa linha de produ\u00e7\u00e3o de suportes de ovos suporta o seguinte:<\/p>    <ul class=\"wp-block-list\"> <li>Secagem manual<\/li>    <li>Forno de secagem<\/li>    <li>Secagem met\u00e1lica em v\u00e1rias camadas.<\/li>    <li>Secagem em engenharia civil.<\/li> <\/ul>    <figure class=\"wp-block-gallery has-nested-images columns-default is-cropped wp-block-gallery-3 is-layout-flex wp-block-gallery-is-layout-flex\"> <figure class=\"wp-block-image size-large\"><img loading=\"lazy\" decoding=\"async\" width=\"720\" height=\"540\" data-id=\"1697\" src=\"https:\/\/www.plasticgranularmachine.com\/wp-content\/uploads\/2025\/05\/Multi-layer-metal-dryers.webp\" alt=\"Secadores met\u00e1licos em v\u00e1rias camadas\" class=\"wp-image-1697\" srcset=\"https:\/\/www.plasticgranularmachine.com\/wp-content\/uploads\/2025\/05\/Multi-layer-metal-dryers.webp 720w, https:\/\/www.plasticgranularmachine.com\/wp-content\/uploads\/2025\/05\/Multi-layer-metal-dryers-300x225.webp 300w, https:\/\/www.plasticgranularmachine.com\/wp-content\/uploads\/2025\/05\/Multi-layer-metal-dryers-16x12.webp 16w\" sizes=\"auto, (max-width: 720px) 100vw, 720px\" \/><figcaption class=\"wp-element-caption\">Secadores met\u00e1licos em v\u00e1rias camadas<\/figcaption><\/figure>    <figure class=\"wp-block-image size-large\"><img loading=\"lazy\" decoding=\"async\" width=\"720\" height=\"540\" data-id=\"1696\" src=\"https:\/\/www.plasticgranularmachine.com\/wp-content\/uploads\/2025\/05\/mesh-belt-dryer.webp\" alt=\"Secador de correia de malha\" class=\"wp-image-1696\" srcset=\"https:\/\/www.plasticgranularmachine.com\/wp-content\/uploads\/2025\/05\/mesh-belt-dryer.webp 720w, https:\/\/www.plasticgranularmachine.com\/wp-content\/uploads\/2025\/05\/mesh-belt-dryer-300x225.webp 300w, https:\/\/www.plasticgranularmachine.com\/wp-content\/uploads\/2025\/05\/mesh-belt-dryer-16x12.webp 16w\" sizes=\"auto, (max-width: 720px) 100vw, 720px\" \/><figcaption class=\"wp-element-caption\">Secador de correia de malha<\/figcaption><\/figure> <\/figure>    <h3 class=\"wp-block-heading\">Imprensa e Embalagem a Quente:<\/h3>    <ul class=\"wp-block-list\"> <li>A m\u00e1quina de moldagem a quente prensa as bandejas de ovos a alta temperatura para melhorar sua resist\u00eancia e apar\u00eancia.<\/li>    <li>A m\u00e1quina de empilhamento empilha cuidadosamente as bandejas de ovos prensadas a quente de acordo com os dados, melhorando a contagem e a efici\u00eancia de embalagem.<\/li>    <li>A enfardadora captura e embala as bandejas de ovos para f\u00e1cil transporte e armazenamento.<\/li> <\/ul>    <figure class=\"wp-block-gallery has-nested-images columns-default is-cropped wp-block-gallery-4 is-layout-flex wp-block-gallery-is-layout-flex\"> <figure class=\"wp-block-image size-large\"><img loading=\"lazy\" decoding=\"async\" width=\"720\" height=\"540\" data-id=\"1695\" src=\"https:\/\/www.plasticgranularmachine.com\/wp-content\/uploads\/2025\/05\/hot-press-machine.webp\" alt=\"m\u00e1quina de prensa a quente\" class=\"wp-image-1695\" srcset=\"https:\/\/www.plasticgranularmachine.com\/wp-content\/uploads\/2025\/05\/hot-press-machine.webp 720w, https:\/\/www.plasticgranularmachine.com\/wp-content\/uploads\/2025\/05\/hot-press-machine-300x225.webp 300w, https:\/\/www.plasticgranularmachine.com\/wp-content\/uploads\/2025\/05\/hot-press-machine-16x12.webp 16w\" sizes=\"auto, (max-width: 720px) 100vw, 720px\" \/><figcaption class=\"wp-element-caption\">m\u00e1quina de prensa a quente<\/figcaption><\/figure>    <figure class=\"wp-block-image size-large\"><img loading=\"lazy\" decoding=\"async\" width=\"720\" height=\"540\" data-id=\"1693\" src=\"https:\/\/www.plasticgranularmachine.com\/wp-content\/uploads\/2025\/05\/egg-tray-packing-machine.webp\" alt=\"m\u00e1quina de embalagem de bandejas de ovos\" class=\"wp-image-1693\" srcset=\"https:\/\/www.plasticgranularmachine.com\/wp-content\/uploads\/2025\/05\/egg-tray-packing-machine.webp 720w, https:\/\/www.plasticgranularmachine.com\/wp-content\/uploads\/2025\/05\/egg-tray-packing-machine-300x225.webp 300w, https:\/\/www.plasticgranularmachine.com\/wp-content\/uploads\/2025\/05\/egg-tray-packing-machine-16x12.webp 16w\" sizes=\"auto, (max-width: 720px) 100vw, 720px\" \/><figcaption class=\"wp-element-caption\">m\u00e1quina de embalagem de bandejas de ovos<\/figcaption><\/figure> <\/figure>    <h2 class=\"wp-block-heading\">Escolha-nos para uma planta de fabrica\u00e7\u00e3o de bandejas de ovos com altos retornos<\/h2>    <p>A nossa linha de produ\u00e7\u00e3o de bandejas de ovos, que requer um baixo investimento mas oferece um alto retorno, foi vendida para muitos pa\u00edses, incluindo Ar\u00e1bia Saudita, N\u00edger, Mali, Espanha, Su\u00ed\u00e7a, etc., e foi bem recebida.<\/p>    <p>Se voc\u00ea estiver interessado em nossos produtos, n\u00e3o hesite em nos contatar para solu\u00e7\u00f5es personalizadas!<\/p>    <figure class=\"wp-block-gallery has-nested-images columns-default is-cropped wp-block-gallery-5 is-layout-flex wp-block-gallery-is-layout-flex\"> <figure class=\"wp-block-image size-large\"><img loading=\"lazy\" decoding=\"async\" width=\"720\" height=\"540\" data-id=\"1700\" src=\"https:\/\/www.plasticgranularmachine.com\/wp-content\/uploads\/2025\/05\/Spain-client-visits-egg-tray-machine.webp\" alt=\"cliente da Espanha visita a m\u00e1quina de bandejas de ovos\" class=\"wp-image-1700\" srcset=\"https:\/\/www.plasticgranularmachine.com\/wp-content\/uploads\/2025\/05\/Spain-client-visits-egg-tray-machine.webp 720w, https:\/\/www.plasticgranularmachine.com\/wp-content\/uploads\/2025\/05\/Spain-client-visits-egg-tray-machine-300x225.webp 300w, https:\/\/www.plasticgranularmachine.com\/wp-content\/uploads\/2025\/05\/Spain-client-visits-egg-tray-machine-16x12.webp 16w\" sizes=\"auto, (max-width: 720px) 100vw, 720px\" \/><figcaption class=\"wp-element-caption\">cliente da Espanha visita a m\u00e1quina de bandejas de ovos<\/figcaption><\/figure>    <figure class=\"wp-block-image size-large\"><img loading=\"lazy\" decoding=\"async\" width=\"720\" height=\"540\" data-id=\"1689\" src=\"https:\/\/www.plasticgranularmachine.com\/wp-content\/uploads\/2025\/05\/African-customer-visits-the-factory.webp\" alt=\"cliente africano visita a f\u00e1brica\" class=\"wp-image-1689\" srcset=\"https:\/\/www.plasticgranularmachine.com\/wp-content\/uploads\/2025\/05\/African-customer-visits-the-factory.webp 720w, https:\/\/www.plasticgranularmachine.com\/wp-content\/uploads\/2025\/05\/African-customer-visits-the-factory-300x225.webp 300w, https:\/\/www.plasticgranularmachine.com\/wp-content\/uploads\/2025\/05\/African-customer-visits-the-factory-16x12.webp 16w\" sizes=\"auto, (max-width: 720px) 100vw, 720px\" \/><figcaption class=\"wp-element-caption\">cliente africano visita a f\u00e1brica<\/figcaption><\/figure> <\/figure>","protected":false},"excerpt":{"rendered":"<p>Our paper pulp egg tray production line has a capacity of 1,000 to 7,000 pieces per hour. It can efficiently convert waste paper into various paper tray products, such as egg trays, apple trays, shoe trays, coffee cup trays, etc. These products are widely used in many fields, including food, agriculture, and daily necessities. Using [&hellip;]<\/p>\n","protected":false},"author":1,"featured_media":1692,"parent":0,"template":"","tags":[],"product-type":[10],"class_list":["post-1688","product","type-product","status-publish","has-post-thumbnail","hentry","product-type-solutions"],"_links":{"self":[{"href":"https:\/\/www.plasticgranularmachine.com\/pt\/wp-json\/wp\/v2\/product\/1688","targetHints":{"allow":["GET"]}}],"collection":[{"href":"https:\/\/www.plasticgranularmachine.com\/pt\/wp-json\/wp\/v2\/product"}],"about":[{"href":"https:\/\/www.plasticgranularmachine.com\/pt\/wp-json\/wp\/v2\/types\/product"}],"author":[{"embeddable":true,"href":"https:\/\/www.plasticgranularmachine.com\/pt\/wp-json\/wp\/v2\/users\/1"}],"wp:featuredmedia":[{"embeddable":true,"href":"https:\/\/www.plasticgranularmachine.com\/pt\/wp-json\/wp\/v2\/media\/1692"}],"wp:attachment":[{"href":"https:\/\/www.plasticgranularmachine.com\/pt\/wp-json\/wp\/v2\/media?parent=1688"}],"wp:term":[{"taxonomy":"post_tag","embeddable":true,"href":"https:\/\/www.plasticgranularmachine.com\/pt\/wp-json\/wp\/v2\/tags?post=1688"},{"taxonomy":"product-type","embeddable":true,"href":"https:\/\/www.plasticgranularmachine.com\/pt\/wp-json\/wp\/v2\/product-type?post=1688"}],"curies":[{"name":"wp","href":"https:\/\/api.w.org\/{rel}","templated":true}]}}