{"id":1722,"date":"2025-06-16T14:20:26","date_gmt":"2025-06-16T06:20:26","guid":{"rendered":"https:\/\/www.plasticgranularmachine.com\/?post_type=product&#038;p=1722"},"modified":"2025-07-23T10:35:52","modified_gmt":"2025-07-23T02:35:52","slug":"hydraulic-metal-baler","status":"publish","type":"product","link":"https:\/\/www.plasticgranularmachine.com\/pt\/product\/hydraulic-metal-baler\/","title":{"rendered":"Prensa Hidr\u00e1ulica de Metal para Reciclagem Eficiente de Sucata"},"content":{"rendered":"<p>Procurando uma solu\u00e7\u00e3o eficiente para comprimir o seu sucata met\u00e1lica e reduzir os custos de armazenamento e transporte? A nossa prensa hidr\u00e1ulica para metais \u00e9 a sua escolha ideal\u2014poderosa, personaliz\u00e1vel e constru\u00edda para durar.<\/p>   <div class=\"wp-block-image\"> <figure class=\"aligncenter size-full\"><img loading=\"lazy\" decoding=\"async\" width=\"720\" height=\"540\" src=\"https:\/\/www.plasticgranularmachine.com\/wp-content\/uploads\/2025\/06\/hydraulic-metal-baler.webp\" alt=\"prensa de metal hidr\u00e1ulica\" class=\"wp-image-1725\" srcset=\"https:\/\/www.plasticgranularmachine.com\/wp-content\/uploads\/2025\/06\/hydraulic-metal-baler.webp 720w, https:\/\/www.plasticgranularmachine.com\/wp-content\/uploads\/2025\/06\/hydraulic-metal-baler-300x225.webp 300w, https:\/\/www.plasticgranularmachine.com\/wp-content\/uploads\/2025\/06\/hydraulic-metal-baler-16x12.webp 16w\" sizes=\"auto, (max-width: 720px) 100vw, 720px\" \/><figcaption class=\"wp-element-caption\">prensa de metal hidr\u00e1ulica<\/figcaption><\/figure> <\/div>   <h2 class=\"wp-block-heading\">O que \u00e9 um Prensa Hidr\u00e1ulica de Metal?<\/h2>    <p>Uma prensa de metal hidr\u00e1ulica \u00e9 uma m\u00e1quina de reciclagem especializada projetada para comprimir v\u00e1rios res\u00edduos met\u00e1licos em fardos compactos e densos. Alimentado por press\u00e3o hidr\u00e1ulica, este equipamento garante opera\u00e7\u00f5es de alta efici\u00eancia em sucatas, centros de reciclagem, plantas de processamento de metais e ind\u00fastrias de fundi\u00e7\u00e3o.<\/p>    <figure class=\"wp-block-gallery has-nested-images columns-default is-cropped wp-block-gallery-2 is-layout-flex wp-block-gallery-is-layout-flex\"> <figure class=\"wp-block-image size-large\"><img loading=\"lazy\" decoding=\"async\" width=\"720\" height=\"540\" data-id=\"1726\" src=\"https:\/\/www.plasticgranularmachine.com\/wp-content\/uploads\/2025\/06\/hydraulic-scrap-baling-press-machine.webp\" alt=\"m\u00e1quina de prensa hidr\u00e1ulica para sucata\" class=\"wp-image-1726\" srcset=\"https:\/\/www.plasticgranularmachine.com\/wp-content\/uploads\/2025\/06\/hydraulic-scrap-baling-press-machine.webp 720w, https:\/\/www.plasticgranularmachine.com\/wp-content\/uploads\/2025\/06\/hydraulic-scrap-baling-press-machine-300x225.webp 300w, https:\/\/www.plasticgranularmachine.com\/wp-content\/uploads\/2025\/06\/hydraulic-scrap-baling-press-machine-16x12.webp 16w\" sizes=\"auto, (max-width: 720px) 100vw, 720px\" \/><figcaption class=\"wp-element-caption\">m\u00e1quina de prensa hidr\u00e1ulica para sucata<\/figcaption><\/figure>    <figure class=\"wp-block-image size-large\"><img loading=\"lazy\" decoding=\"async\" width=\"720\" height=\"540\" data-id=\"1727\" src=\"https:\/\/www.plasticgranularmachine.com\/wp-content\/uploads\/2025\/06\/Metal-blocks-baled-by-hydraulic-metal-baler.webp\" alt=\"Blocos de metal prensados por prensa hidr\u00e1ulica de metal\" class=\"wp-image-1727\" srcset=\"https:\/\/www.plasticgranularmachine.com\/wp-content\/uploads\/2025\/06\/Metal-blocks-baled-by-hydraulic-metal-baler.webp 720w, https:\/\/www.plasticgranularmachine.com\/wp-content\/uploads\/2025\/06\/Metal-blocks-baled-by-hydraulic-metal-baler-300x225.webp 300w, https:\/\/www.plasticgranularmachine.com\/wp-content\/uploads\/2025\/06\/Metal-blocks-baled-by-hydraulic-metal-baler-16x12.webp 16w\" sizes=\"auto, (max-width: 720px) 100vw, 720px\" \/><figcaption class=\"wp-element-caption\">Blocos de metal prensados por prensa hidr\u00e1ulica de metal<\/figcaption><\/figure> <\/figure>    <h2 class=\"wp-block-heading\">Materiais de Entrada e Tipos de Fardos Acabados<\/h2>    <p>Os nossos prensas hidr\u00e1ulicas para metais podem lidar com uma ampla variedade de metais ferrosos e n\u00e3o ferrosos, incluindo:<\/p>    <ul class=\"wp-block-list\"> <li>A\u00e7o e ferro sucateado<\/li>    <li>Latas e chapas de alum\u00ednio<\/li>    <li>Fios e tubos de cobre<\/li>    <li>Cavilhas de a\u00e7o e lascas de alum\u00ednio<\/li>    <li>Carrocerias de carros, tambores de \u00f3leo e eletrodom\u00e9sticos desmontados<\/li> <\/ul>    <figure class=\"wp-block-gallery has-nested-images columns-default is-cropped wp-block-gallery-3 is-layout-flex wp-block-gallery-is-layout-flex\"> <figure class=\"wp-block-image size-large\"><img loading=\"lazy\" decoding=\"async\" width=\"720\" height=\"540\" data-id=\"1730\" src=\"https:\/\/www.plasticgranularmachine.com\/wp-content\/uploads\/2025\/06\/Scrap-car-shells.webp\" alt=\"Carrocerias de carros em sucata\" class=\"wp-image-1730\" srcset=\"https:\/\/www.plasticgranularmachine.com\/wp-content\/uploads\/2025\/06\/Scrap-car-shells.webp 720w, https:\/\/www.plasticgranularmachine.com\/wp-content\/uploads\/2025\/06\/Scrap-car-shells-300x225.webp 300w, https:\/\/www.plasticgranularmachine.com\/wp-content\/uploads\/2025\/06\/Scrap-car-shells-16x12.webp 16w\" sizes=\"auto, (max-width: 720px) 100vw, 720px\" \/><figcaption class=\"wp-element-caption\">Carrocerias de carros em sucata<\/figcaption><\/figure>    <figure class=\"wp-block-image size-large\"><img loading=\"lazy\" decoding=\"async\" width=\"720\" height=\"540\" data-id=\"1731\" src=\"https:\/\/www.plasticgranularmachine.com\/wp-content\/uploads\/2025\/06\/scrap-copper-wire.webp\" alt=\"fio de cobre em sucata\" class=\"wp-image-1731\" srcset=\"https:\/\/www.plasticgranularmachine.com\/wp-content\/uploads\/2025\/06\/scrap-copper-wire.webp 720w, https:\/\/www.plasticgranularmachine.com\/wp-content\/uploads\/2025\/06\/scrap-copper-wire-300x225.webp 300w, https:\/\/www.plasticgranularmachine.com\/wp-content\/uploads\/2025\/06\/scrap-copper-wire-16x12.webp 16w\" sizes=\"auto, (max-width: 720px) 100vw, 720px\" \/><figcaption class=\"wp-element-caption\">fio de cobre em sucata<\/figcaption><\/figure>    <figure class=\"wp-block-image size-large\"><img loading=\"lazy\" decoding=\"async\" width=\"720\" height=\"540\" data-id=\"1729\" src=\"https:\/\/www.plasticgranularmachine.com\/wp-content\/uploads\/2025\/06\/Scrap-aluminum-cans.webp\" alt=\"latas de alum\u00ednio em sucata\" class=\"wp-image-1729\" srcset=\"https:\/\/www.plasticgranularmachine.com\/wp-content\/uploads\/2025\/06\/Scrap-aluminum-cans.webp 720w, https:\/\/www.plasticgranularmachine.com\/wp-content\/uploads\/2025\/06\/Scrap-aluminum-cans-300x225.webp 300w, https:\/\/www.plasticgranularmachine.com\/wp-content\/uploads\/2025\/06\/Scrap-aluminum-cans-16x12.webp 16w\" sizes=\"auto, (max-width: 720px) 100vw, 720px\" \/><figcaption class=\"wp-element-caption\">latas de alum\u00ednio em sucata<\/figcaption><\/figure> <\/figure>    <p>Os fardos acabados podem ser retangulares, cil\u00edndricos ou at\u00e9 octogonais, dependendo do tamanho do seu forno ou das suas prefer\u00eancias de armazenamento.<\/p>    <h2 class=\"wp-block-heading\">Aplica\u00e7\u00f5es do nosso prensa de metal hidr\u00e1ulica<\/h2>    <p>Este equipamento \u00e9 amplamente utilizado em:<\/p>    <ul class=\"wp-block-list\"> <li>Instala\u00e7\u00f5es de reciclagem de metais em sucata<\/li>    <li>Plantas de processamento e fabrica\u00e7\u00e3o de metais<\/li>    <li>Usinas de a\u00e7o e fundi\u00e7\u00f5es<\/li>    <li>P\u00e1tios de desmantelamento de autom\u00f3veis<\/li>    <li>Centros de triagem de res\u00edduos<\/li> <\/ul>    <p>Ao converter sucata solta em fardos de alta densidade, facilita o transporte, reduz a perda por oxida\u00e7\u00e3o durante a fus\u00e3o e melhora a efici\u00eancia de alimenta\u00e7\u00e3o do forno.<\/p>   <div class=\"wp-block-image\"> <figure class=\"aligncenter size-large\"><img loading=\"lazy\" decoding=\"async\" width=\"720\" height=\"540\" src=\"https:\/\/www.plasticgranularmachine.com\/wp-content\/uploads\/2025\/06\/regular-metal-bales.webp\" alt=\"fardos de metal regulares\" class=\"wp-image-1728\" srcset=\"https:\/\/www.plasticgranularmachine.com\/wp-content\/uploads\/2025\/06\/regular-metal-bales.webp 720w, https:\/\/www.plasticgranularmachine.com\/wp-content\/uploads\/2025\/06\/regular-metal-bales-300x225.webp 300w, https:\/\/www.plasticgranularmachine.com\/wp-content\/uploads\/2025\/06\/regular-metal-bales-16x12.webp 16w\" sizes=\"auto, (max-width: 720px) 100vw, 720px\" \/><figcaption class=\"wp-element-caption\">fardos de metal regulares<\/figcaption><\/figure> <\/div>   <h2 class=\"wp-block-heading\">Principais caracter\u00edsticas da m\u00e1quina de prensa hidr\u00e1ulica<\/h2>    <p>As prensas hidr\u00e1ulicas para metais Shuliy s\u00e3o projetadas com a conveni\u00eancia e efici\u00eancia do usu\u00e1rio em mente:<\/p>    <ul class=\"wp-block-list\"> <li><strong>Opera\u00e7\u00e3o hidr\u00e1ulica<\/strong>: Suave, est\u00e1vel e energeticamente eficiente.<\/li>    <li><strong>Modos de controle flex\u00edveis<\/strong>Escolha entre controle manual e automa\u00e7\u00e3o PLC.<\/li>    <li><strong>M\u00faltiplos m\u00e9todos de eje\u00e7\u00e3o de fardos<\/strong>Empurr\u00e3o lateral, empurr\u00e3o frontal e viragem de fardos para se adequar a diferentes tipos de materiais.<\/li>    <li><strong>Sem funda\u00e7\u00e3o necess\u00e1ria<\/strong>Instala\u00e7\u00e3o f\u00e1cil, mesmo em \u00e1reas remotas. Vers\u00f5es a diesel tamb\u00e9m est\u00e3o dispon\u00edveis.<\/li>    <li><strong>Estrutura compacta e dur\u00e1vel<\/strong>Projetadas para opera\u00e7\u00e3o cont\u00ednua e manuten\u00e7\u00e3o m\u00ednima.<\/li> <\/ul>    <p>Se voc\u00ea est\u00e1 lidando com sucatas de alum\u00ednio leves ou metais industriais pesados, temos modelos que variam de 125 a 400 toneladas para atender \u00e0s suas necessidades de produ\u00e7\u00e3o.<\/p>    <figure class=\"wp-block-gallery has-nested-images columns-default is-cropped wp-block-gallery-4 is-layout-flex wp-block-gallery-is-layout-flex\"> <figure class=\"wp-block-image size-large\"><img loading=\"lazy\" decoding=\"async\" width=\"720\" height=\"540\" data-id=\"1724\" src=\"https:\/\/www.plasticgranularmachine.com\/wp-content\/uploads\/2025\/06\/details-of-the-metal-baling-machine.webp\" alt=\"detalhes da m\u00e1quina de enfardamento de metal\" class=\"wp-image-1724\" srcset=\"https:\/\/www.plasticgranularmachine.com\/wp-content\/uploads\/2025\/06\/details-of-the-metal-baling-machine.webp 720w, https:\/\/www.plasticgranularmachine.com\/wp-content\/uploads\/2025\/06\/details-of-the-metal-baling-machine-300x225.webp 300w, https:\/\/www.plasticgranularmachine.com\/wp-content\/uploads\/2025\/06\/details-of-the-metal-baling-machine-16x12.webp 16w\" sizes=\"auto, (max-width: 720px) 100vw, 720px\" \/><figcaption class=\"wp-element-caption\">detalhes da m\u00e1quina de enfardamento de metal<\/figcaption><\/figure>    <figure class=\"wp-block-image size-large\"><img loading=\"lazy\" decoding=\"async\" width=\"720\" height=\"540\" data-id=\"1723\" src=\"https:\/\/www.plasticgranularmachine.com\/wp-content\/uploads\/2025\/06\/auto-metal-baler.webp\" alt=\"enfardadora de metal autom\u00e1tica\" class=\"wp-image-1723\" srcset=\"https:\/\/www.plasticgranularmachine.com\/wp-content\/uploads\/2025\/06\/auto-metal-baler.webp 720w, https:\/\/www.plasticgranularmachine.com\/wp-content\/uploads\/2025\/06\/auto-metal-baler-300x225.webp 300w, https:\/\/www.plasticgranularmachine.com\/wp-content\/uploads\/2025\/06\/auto-metal-baler-16x12.webp 16w\" sizes=\"auto, (max-width: 720px) 100vw, 720px\" \/><figcaption class=\"wp-element-caption\">enfardadora de metal autom\u00e1tica<\/figcaption><\/figure> <\/figure>    <h2 class=\"wp-block-heading\">Par\u00e2metros da M\u00e1quina de Prensagem de Sucata para Venda<\/h2>    <figure style=\"font-size:17px\" class=\"wp-block-table\"><table><tbody><tr><td>Modelo<\/td><td>Y81-125<\/td><td>Y81- 135<\/td><td>Y81- 160<\/td><td>Y81- 200<\/td><td>Y81- 250<\/td><td>Y81- 315<\/td><td>Y81- 400<\/td><\/tr><tr><td>Press\u00e3o Hidr\u00e1ulica<\/td><td>125 T<\/td><td>135 T<\/td><td>160 T<\/td><td>200 T<\/td><td>250 T<\/td><td>315 T<\/td><td>400 T<\/td><\/tr><tr><td>Tamanho do Fardo<\/td><td>30*30 cm<\/td><td>30*30 cm<\/td><td>35*35\/40*40 cm<\/td><td>45*45 cm<\/td><td>50*50 cm<\/td><td>50*50\/60*60 cm<\/td><td>60*60 cm<\/td><\/tr><tr><td>Peso do Fardo<\/td><td>30-50 kg<\/td><td>30-50 kg<\/td><td>50-180 kg<\/td><td>100-200 kg<\/td><td>200-800 kg<\/td><td>700-1500 kg<\/td><td>1000-1500 kg<\/td><\/tr><tr><td>Tempo de Ciclo<\/td><td>100 s<\/td><td>110 s<\/td><td>110-130 s<\/td><td>140 s<\/td><td>150-160 s<\/td><td>170-200 s<\/td><td>180 s<\/td><\/tr><tr><td>Pot\u00eancia do motor<\/td><td>15 KW<\/td><td>18,5 KW<\/td><td>18,5 \/ 22 KW<\/td><td>22 KW<\/td><td>44 KW<\/td><td>60 KW<\/td><td>90 KW<\/td><\/tr><tr><td>Volume do Silo<\/td><td>300 L<\/td><td>300 L<\/td><td>300\/600 L<\/td><td>600 L<\/td><td>800-1000 L<\/td><td>1000-1500 L<\/td><td>1500 L<\/td><\/tr><\/tbody><\/table><\/figure>    <h2 class=\"wp-block-heading\">Como funciona a m\u00e1quina de prensagem de sucata met\u00e1lica?<\/h2>    <p>A prensa hidr\u00e1ulica para metais funciona atrav\u00e9s de uma s\u00e9rie de cilindros hidr\u00e1ulicos:<\/p>    <ol class=\"wp-block-list\"> <li><strong>Alimenta\u00e7\u00e3o<\/strong>A sucata met\u00e1lica \u00e9 carregada na c\u00e2mara de compress\u00e3o manualmente ou atrav\u00e9s de um transportador.<\/li>    <li><strong>Compress\u00e3o<\/strong>: O sistema hidr\u00e1ulico ativa e comprime o material usando cilindros de alta press\u00e3o.<\/li>    <li><strong>Eje\u00e7\u00e3o<\/strong>: Uma vez que o fardo \u00e9 formado, ele \u00e9 ejectado usando o m\u00e9todo selecionado\u2014virar, frontal ou empurrar pelo lado.<\/li> <\/ol>    <p>O sistema de controle inteligente da prensa garante tamanhos de fardo consistentes e altas taxas de produ\u00e7\u00e3o, economizando tempo e m\u00e3o de obra.<\/p>   <div class=\"wp-block-image\"> <figure class=\"aligncenter size-full\"><img loading=\"lazy\" decoding=\"async\" width=\"720\" height=\"540\" src=\"https:\/\/www.plasticgranularmachine.com\/wp-content\/uploads\/2025\/06\/metal-recycling-baler.webp\" alt=\"prensa de reciclagem de metal\" class=\"wp-image-1733\" srcset=\"https:\/\/www.plasticgranularmachine.com\/wp-content\/uploads\/2025\/06\/metal-recycling-baler.webp 720w, https:\/\/www.plasticgranularmachine.com\/wp-content\/uploads\/2025\/06\/metal-recycling-baler-300x225.webp 300w, https:\/\/www.plasticgranularmachine.com\/wp-content\/uploads\/2025\/06\/metal-recycling-baler-16x12.webp 16w\" sizes=\"auto, (max-width: 720px) 100vw, 720px\" \/><figcaption class=\"wp-element-caption\">prensa de reciclagem de metal<\/figcaption><\/figure> <\/div>   <h2 class=\"wp-block-heading\">Prensa de sucata met\u00e1lica personalizada \u00e0 venda<\/h2>    <p class=\"translation-block\">Pronto para otimizar seu processo de reciclagem de metais? Entre em contato conosco agora para uma solu\u00e7\u00e3o personalizada de prensa hidr\u00e1ulica para metais! Al\u00e9m disso, al\u00e9m do enfardamento de metais, tamb\u00e9m oferecemos <a href=\"https:\/\/www.plasticgranularmachine.com\/pt\/product\/hydraulic-plastic-baling-machine\/\" data-type=\"link\" data-id=\"https:\/\/www.plasticgranularmachine.com\/product\/hydraulic-plastic-baling-machine\/\">prensas de enfardamento de pl\u00e1stico<\/a> para reciclagem.<\/p>","protected":false},"excerpt":{"rendered":"<p>Looking for an efficient solution to compress your metal scrap and reduce storage and transport costs? Our hydraulic metal baler is your ideal choice\u2014powerful, customizable, and built to last. What Is a Hydraulic Metal Baler? A hydraulic metal baler is a specialized recycling machine designed to compress various metal scraps into compact, dense bales. Powered [&hellip;]<\/p>\n","protected":false},"author":1,"featured_media":1725,"parent":0,"template":"","tags":[],"product-type":[78],"class_list":["post-1722","product","type-product","status-publish","has-post-thumbnail","hentry","product-type-metal-recycling-machine"],"_links":{"self":[{"href":"https:\/\/www.plasticgranularmachine.com\/pt\/wp-json\/wp\/v2\/product\/1722","targetHints":{"allow":["GET"]}}],"collection":[{"href":"https:\/\/www.plasticgranularmachine.com\/pt\/wp-json\/wp\/v2\/product"}],"about":[{"href":"https:\/\/www.plasticgranularmachine.com\/pt\/wp-json\/wp\/v2\/types\/product"}],"author":[{"embeddable":true,"href":"https:\/\/www.plasticgranularmachine.com\/pt\/wp-json\/wp\/v2\/users\/1"}],"wp:featuredmedia":[{"embeddable":true,"href":"https:\/\/www.plasticgranularmachine.com\/pt\/wp-json\/wp\/v2\/media\/1725"}],"wp:attachment":[{"href":"https:\/\/www.plasticgranularmachine.com\/pt\/wp-json\/wp\/v2\/media?parent=1722"}],"wp:term":[{"taxonomy":"post_tag","embeddable":true,"href":"https:\/\/www.plasticgranularmachine.com\/pt\/wp-json\/wp\/v2\/tags?post=1722"},{"taxonomy":"product-type","embeddable":true,"href":"https:\/\/www.plasticgranularmachine.com\/pt\/wp-json\/wp\/v2\/product-type?post=1722"}],"curies":[{"name":"wp","href":"https:\/\/api.w.org\/{rel}","templated":true}]}}