{"id":1746,"date":"2025-06-23T14:37:32","date_gmt":"2025-06-23T06:37:32","guid":{"rendered":"https:\/\/www.plasticgranularmachine.com\/?post_type=product&#038;p=1746"},"modified":"2025-07-22T14:36:07","modified_gmt":"2025-07-22T06:36:07","slug":"tire-grinder-and-magnetic-separator","status":"publish","type":"product","link":"https:\/\/www.plasticgranularmachine.com\/pt\/product\/tire-grinder-and-magnetic-separator\/","title":{"rendered":"Moedor de Pneus e Separadores Magn\u00e9ticos | Fabrica\u00e7\u00e3o de P\u00f3 de Borracha"},"content":{"rendered":"<p>O nosso moedor de pneus e separadores magn\u00e9ticos convertem eficientemente peda\u00e7os de pneus de 30-100mm em p\u00f3 de borracha de 5-40 mesh, enquanto separam automaticamente fios de a\u00e7o, maximizando a pureza e o potencial de lucro. Com o consumo de energia reduzido em 1\/3 e modelos que variam de 80kg\/h a 2300kg\/h, oferecemos um ROI l\u00edder na ind\u00fastria para recicladores globais.<\/p>    <figure class=\"wp-block-gallery has-nested-images columns-default is-cropped wp-block-gallery-2 is-layout-flex wp-block-gallery-is-layout-flex\"> <figure class=\"wp-block-image size-large\"><img loading=\"lazy\" decoding=\"async\" width=\"720\" height=\"540\" data-id=\"1753\" src=\"https:\/\/www.plasticgranularmachine.com\/wp-content\/uploads\/2025\/06\/tire-grinding-screening-system-in-the-factory.webp\" alt=\"sistema de triagem de moagem de pneus na f\u00e1brica\" class=\"wp-image-1753\" srcset=\"https:\/\/www.plasticgranularmachine.com\/wp-content\/uploads\/2025\/06\/tire-grinding-screening-system-in-the-factory.webp 720w, https:\/\/www.plasticgranularmachine.com\/wp-content\/uploads\/2025\/06\/tire-grinding-screening-system-in-the-factory-300x225.webp 300w, https:\/\/www.plasticgranularmachine.com\/wp-content\/uploads\/2025\/06\/tire-grinding-screening-system-in-the-factory-16x12.webp 16w\" sizes=\"auto, (max-width: 720px) 100vw, 720px\" \/><figcaption class=\"wp-element-caption\">sistema de triagem de moagem de pneus na f\u00e1brica<\/figcaption><\/figure>    <figure class=\"wp-block-image size-large\"><img loading=\"lazy\" decoding=\"async\" width=\"720\" height=\"540\" data-id=\"1747\" src=\"https:\/\/www.plasticgranularmachine.com\/wp-content\/uploads\/2025\/06\/fine-rubber-powder.webp\" alt=\"p\u00f3 de borracha fina\" class=\"wp-image-1747\" srcset=\"https:\/\/www.plasticgranularmachine.com\/wp-content\/uploads\/2025\/06\/fine-rubber-powder.webp 720w, https:\/\/www.plasticgranularmachine.com\/wp-content\/uploads\/2025\/06\/fine-rubber-powder-300x225.webp 300w, https:\/\/www.plasticgranularmachine.com\/wp-content\/uploads\/2025\/06\/fine-rubber-powder-16x12.webp 16w\" sizes=\"auto, (max-width: 720px) 100vw, 720px\" \/><figcaption class=\"wp-element-caption\">p\u00f3 de borracha fina<\/figcaption><\/figure> <\/figure>    <h2 class=\"wp-block-heading\">Mat\u00e9ria-prima e Sa\u00edda Premium do Sistema de Moagem de Pneus<\/h2>    <p class=\"translation-block\">Os nossos trituradores de pneus e separadores magn\u00e9ticos s\u00e3o meticulosamente projetados para integra\u00e7\u00e3o perfeita em linhas de reciclagem de pneus de sucata <a href=\"https:\/\/www.plasticgranularmachine.com\/pt\/product\/tire-recycling-production-line\/\" data-type=\"link\" data-id=\"https:\/\/www.plasticgranularmachine.com\/product\/tire-recycling-production-line\/\">semi-autom\u00e1ticas<\/a> e <a href=\"https:\/\/www.plasticgranularmachine.com\/pt\/product\/rubber-recycling-plant\/\" data-type=\"link\" data-id=\"https:\/\/www.plasticgranularmachine.com\/product\/rubber-recycling-plant\/\">totalmente autom\u00e1ticas<\/a>. Esta versatilidade permite o processamento eficiente de uma vasta gama de tipos de pneus, incluindo pneus standard (di\u00e2metro inferior a 1200 mm) e pneus maiores Off-the-Road (OTR). Dentro da configura\u00e7\u00e3o da linha de reciclagem de pneus, o sistema processa as seguintes entradas e sa\u00eddas:<\/p>    <ul class=\"wp-block-list\"> <li>null<strong>Entrada:<\/strong>Pneus inteiros\/mo\u00eddos (blocos de 30-100mm).<\/li>    <li>null<strong>Sa\u00edda:<\/strong>null <ul class=\"wp-block-list\"> <li>p\u00f3 de borracha fina 5-40 mesh (0,63mm\u20132,5mm)<\/li>    <li>Fios de a\u00e7o limpos (recuperados via separador magn\u00e9tico)<\/li> <\/ul> <\/li> <\/ul>    <p>N\u00e3o \u00e9 necess\u00e1rio triagem manual \u2013 sa\u00edda pura em uma \u00fanica passagem.<\/p>    <figure class=\"wp-block-gallery has-nested-images columns-default is-cropped wp-block-gallery-3 is-layout-flex wp-block-gallery-is-layout-flex\"> <figure class=\"wp-block-image size-large\"><img loading=\"lazy\" decoding=\"async\" width=\"720\" height=\"540\" data-id=\"1755\" src=\"https:\/\/www.plasticgranularmachine.com\/wp-content\/uploads\/2025\/06\/tire-powder-for-new-rubber-products-manufacturing.webp\" alt=\"p\u00f3 de pneu para fabrica\u00e7\u00e3o de novos produtos de borracha\" class=\"wp-image-1755\" srcset=\"https:\/\/www.plasticgranularmachine.com\/wp-content\/uploads\/2025\/06\/tire-powder-for-new-rubber-products-manufacturing.webp 720w, https:\/\/www.plasticgranularmachine.com\/wp-content\/uploads\/2025\/06\/tire-powder-for-new-rubber-products-manufacturing-300x225.webp 300w, https:\/\/www.plasticgranularmachine.com\/wp-content\/uploads\/2025\/06\/tire-powder-for-new-rubber-products-manufacturing-16x12.webp 16w\" sizes=\"auto, (max-width: 720px) 100vw, 720px\" \/><figcaption class=\"wp-element-caption\">p\u00f3 de pneu para fabrica\u00e7\u00e3o de novos produtos de borracha<\/figcaption><\/figure>    <figure class=\"wp-block-image size-large\"><img loading=\"lazy\" decoding=\"async\" width=\"720\" height=\"540\" data-id=\"1748\" src=\"https:\/\/www.plasticgranularmachine.com\/wp-content\/uploads\/2025\/06\/fine-steel-wires.webp\" alt=\"fios de a\u00e7o finos\" class=\"wp-image-1748\" srcset=\"https:\/\/www.plasticgranularmachine.com\/wp-content\/uploads\/2025\/06\/fine-steel-wires.webp 720w, https:\/\/www.plasticgranularmachine.com\/wp-content\/uploads\/2025\/06\/fine-steel-wires-300x225.webp 300w, https:\/\/www.plasticgranularmachine.com\/wp-content\/uploads\/2025\/06\/fine-steel-wires-16x12.webp 16w\" sizes=\"auto, (max-width: 720px) 100vw, 720px\" \/><figcaption class=\"wp-element-caption\">fios de a\u00e7o finos<\/figcaption><\/figure> <\/figure>    <h2 class=\"wp-block-heading\">Por que as Nossas M\u00e1quinas de P\u00f3 de Borracha s\u00e3o Populares no Mercado?<\/h2>    <ul class=\"wp-block-list\"> <li><strong>Design Integrado de Alta Efici\u00eancia<\/strong>: Combina britagem, triagem e separa\u00e7\u00e3o magn\u00e9tica em um sistema compacto para garantir um processamento simplificado e eficiente.<\/li>    <li><strong>Tamanho de P\u00f3 Ajust\u00e1vel<\/strong>: O p\u00f3 de borracha \u00e9 livremente ajust\u00e1vel entre <strong>5 e 40 mesh<\/strong>, adequado para v\u00e1rias aplica\u00e7\u00f5es, como produtos de borracha reciclada, pisos desportivos e tapetes.<\/li>    <li><strong>Ampla Faixa de Capacidade<\/strong>: A capacidade de produ\u00e7\u00e3o varia de <strong>80 kg\/h a 2300 kg\/h<\/strong>, tornando-o ideal para pequenas oficinas, instala\u00e7\u00f5es de m\u00e9dia escala e grandes plantas industriais de reciclagem.<\/li>    <li><strong>Remo\u00e7\u00e3o Eficiente de A\u00e7o<\/strong>: Equipado com um <strong>tambor magn\u00e9tico forte embutido<\/strong>, que remove efetivamente fios de a\u00e7o finos do p\u00f3 de borracha.<\/li>    <li><strong>Sa\u00edda de Alta Pureza<\/strong>P\u00f3 de borracha final atinge uma <strong>pureza de n\u00e3o menos de 99%<\/strong>, garantindo maior qualidade para aplica\u00e7\u00f5es posteriores.<\/li> <\/ul>    <h2 class=\"wp-block-heading\">Especifica\u00e7\u00f5es T\u00e9cnicas da Nossa Linha de Moagem de Pneus de Borracha<\/h2>    <figure class=\"wp-block-table\"><table><thead><tr><th>null<strong>Tamanho da Sa\u00edda<\/strong>null<\/th><th>null<strong>Moedor de Pneus SL-350<\/strong>null<\/th><th>null<strong>Granulador de Borracha SL-400<\/strong>null<\/th><th>null<strong>Moedor de Pneus SL-450<\/strong>null<\/th><th>null<strong>Sistema de Separador Magn\u00e9tico SL-560<\/strong>null<\/th><th>null<strong>Moedor Industrial SL-560D<\/strong>null<\/th><th>null<strong>Fresadora de Alta Capacidade SL-660<\/strong>null<\/th><\/tr><\/thead><tbody><tr><td>null<strong>10 Mesh (2,5mm)<\/strong>null<\/td><td>250-300 kg\/h<\/td><td>400-500 kg\/h<\/td><td>500-600 kg\/h<\/td><td>900-1000 kg\/h<\/td><td>1500-1600 kg\/h<\/td><td>2100-2300 kg\/h<\/td><\/tr><tr><td>null<strong>20 Mesh (1,25mm)<\/strong>null<\/td><td>180-230 kg\/h<\/td><td>300-350 kg\/h<\/td><td>400-500 kg\/h<\/td><td>600-700 kg\/h<\/td><td>1200-1300 kg\/h<\/td><td>1600-1700 kg\/h<\/td><\/tr><tr><td>null<strong>30 Mesh (0,83mm)<\/strong>null<\/td><td>150-210 kg\/h<\/td><td>240-280 kg\/h<\/td><td>350-450 kg\/h<\/td><td>450-550 kg\/h<\/td><td>1000-1100 kg\/h<\/td><td>1200-1300 kg\/h<\/td><\/tr><tr><td>null<strong>40 Mesh (0,63mm)<\/strong>null<\/td><td>80-120 kg\/h<\/td><td>150-175 kg\/h<\/td><td>200-250 kg\/h<\/td><td>300-350 kg\/h<\/td><td>800-900 kg\/h<\/td><td>900-1000 kg\/h<\/td><\/tr><tr><td>null<strong>Recupera\u00e7\u00e3o de Fios de A\u00e7o<\/strong>null<\/td><td>\u2705 Separador Magn\u00e9tico Integrado<\/td><td>\u2705 Separa\u00e7\u00e3o Autom\u00e1tica<\/td><td>\u2705 Remo\u00e7\u00e3o Cont\u00ednua<\/td><td>\u2705 Extra\u00e7\u00e3o de Alta Pot\u00eancia<\/td><td>\u2705 Separa\u00e7\u00e3o em Duas Etapas<\/td><td>\u2705 Recupera\u00e7\u00e3o de Alta Resist\u00eancia<\/td><\/tr><tr><td>null<strong>Personaliza\u00e7\u00e3o de Pot\u00eancia<\/strong>null<\/td><td>220V\/380V\/415V<\/td><td>Suporte a Tens\u00e3o Global<\/td><td><\/td><\/tr><\/tbody><\/table><\/figure>    <ul class=\"wp-block-list\"> <li><strong>Separador Magn\u00e9tico Integrado<\/strong>: Remove efetivamente 99% do fio de a\u00e7o durante o processo de moagem. <\/li>    <li><strong>Economia de Energia<\/strong>: Consumo 30% inferior em compara\u00e7\u00e3o com m\u00e1quinas convencionais<\/li>    <li><strong>Garantia do Rolador<\/strong>: garantia de 3 anos em rolos de liga 5Cr6MnMo<\/li>    <li><strong>Faixa de Sa\u00edda<\/strong>: 5-40 mesh (Telhas personaliz\u00e1veis dispon\u00edveis)<\/li> <\/ul>    <h2 class=\"wp-block-heading\">Como Funciona o Moinho de Pneus e o Separador Magn\u00e9tico?<\/h2>    <ol class=\"wp-block-list\"> <li>null<strong>Britagem Grossa:<\/strong>Ap\u00f3s <a href=\"https:\/\/www.plasticgranularmachine.com\/pt\/product\/tire-shredder-machine-for-sale\/\" data-type=\"link\" data-id=\"https:\/\/www.plasticgranularmachine.com\/product\/tire-shredder-machine-for-sale\/\">triturar<\/a>, os blocos de pneus s\u00e3o alimentados em rolos estriados.<\/li>    <li>null<strong>Granula\u00e7\u00e3o:<\/strong>Est\u00e1gios de moagem ajust\u00e1veis refinam part\u00edculas.<\/li>    <li>null<strong>Separa\u00e7\u00e3o:<\/strong>Rolos magn\u00e9ticos extraem fio de a\u00e7o.<\/li>    <li>null<strong>Triagem:<\/strong>As peneiras vibrat\u00f3rias classificam o p\u00f3 (10-40 mesh).<\/li> <\/ol>   <div class=\"wp-block-image\"> <figure class=\"aligncenter size-full\"><img loading=\"lazy\" decoding=\"async\" width=\"720\" height=\"540\" src=\"https:\/\/www.plasticgranularmachine.com\/wp-content\/uploads\/2025\/06\/structure-of-the-tire-grinder-and-magnetic-separators.webp\" alt=\"estrutura do moedor de pneus e separadores magn\u00e9ticos\" class=\"wp-image-1751\" srcset=\"https:\/\/www.plasticgranularmachine.com\/wp-content\/uploads\/2025\/06\/structure-of-the-tire-grinder-and-magnetic-separators.webp 720w, https:\/\/www.plasticgranularmachine.com\/wp-content\/uploads\/2025\/06\/structure-of-the-tire-grinder-and-magnetic-separators-300x225.webp 300w, https:\/\/www.plasticgranularmachine.com\/wp-content\/uploads\/2025\/06\/structure-of-the-tire-grinder-and-magnetic-separators-16x12.webp 16w\" sizes=\"auto, (max-width: 720px) 100vw, 720px\" \/><figcaption class=\"wp-element-caption\">estrutura do moedor de pneus e separadores magn\u00e9ticos<\/figcaption><\/figure> <\/div>   <p>Destaques T\u00e9cnicos Principais:<\/p>    <ul class=\"wp-block-list\"> <li>Rolos duplamente estriados (Rela\u00e7\u00e3o de velocidade 1:2,5)<\/li>    <li>8 rolamentos para estabilidade<\/li>    <li>Rolos de liga 5Cr6MnMo (garantia de 3 anos)<\/li>    <li>Capas de prote\u00e7\u00e3o completas e sistema de lubrifica\u00e7\u00e3o<\/li> <\/ul>    <h2 class=\"wp-block-heading\">Aplica\u00e7\u00f5es da Linha de Moagem de Pneus<\/h2>    <p>Nosso moedor de pneus \u00e0 venda pode ser amplamente utilizado para:<\/p>    <ul class=\"wp-block-list\"> <li>Centros de reciclagem de fios de a\u00e7o<\/li>    <li>Plantas de recupera\u00e7\u00e3o de borracha<\/li>    <li>Pavimentos para pistas desportivas e parques infantis<\/li>    <li>Asfalto modificado com borracha<\/li>    <li>Revestimentos\/moldes de borracha industrial<\/li> <\/ul>    <figure class=\"wp-block-gallery has-nested-images columns-default is-cropped wp-block-gallery-4 is-layout-flex wp-block-gallery-is-layout-flex\"> <figure class=\"wp-block-image size-large\"><img loading=\"lazy\" decoding=\"async\" width=\"720\" height=\"540\" data-id=\"1750\" src=\"https:\/\/www.plasticgranularmachine.com\/wp-content\/uploads\/2025\/06\/rubber-runway.webp\" alt=\"pista de borracha\" class=\"wp-image-1750\" srcset=\"https:\/\/www.plasticgranularmachine.com\/wp-content\/uploads\/2025\/06\/rubber-runway.webp 720w, https:\/\/www.plasticgranularmachine.com\/wp-content\/uploads\/2025\/06\/rubber-runway-300x225.webp 300w, https:\/\/www.plasticgranularmachine.com\/wp-content\/uploads\/2025\/06\/rubber-runway-16x12.webp 16w\" sizes=\"auto, (max-width: 720px) 100vw, 720px\" \/><figcaption class=\"wp-element-caption\">pista de borracha<\/figcaption><\/figure>    <figure class=\"wp-block-image size-large\"><img loading=\"lazy\" decoding=\"async\" width=\"720\" height=\"540\" data-id=\"1749\" src=\"https:\/\/www.plasticgranularmachine.com\/wp-content\/uploads\/2025\/06\/Modified-asphalt.webp\" alt=\"Asfalto modificado\" class=\"wp-image-1749\" srcset=\"https:\/\/www.plasticgranularmachine.com\/wp-content\/uploads\/2025\/06\/Modified-asphalt.webp 720w, https:\/\/www.plasticgranularmachine.com\/wp-content\/uploads\/2025\/06\/Modified-asphalt-300x225.webp 300w, https:\/\/www.plasticgranularmachine.com\/wp-content\/uploads\/2025\/06\/Modified-asphalt-16x12.webp 16w\" sizes=\"auto, (max-width: 720px) 100vw, 720px\" \/><figcaption class=\"wp-element-caption\">Asfalto modificado<\/figcaption><\/figure> <\/figure>    <h2 class=\"wp-block-heading\">Por que escolher o nosso moedor de pneus?<\/h2>    <ul class=\"wp-block-list\"> <li>Garantia de um ano gratuita.<\/li>    <li>Personaliza\u00e7\u00e3o de voltagem (220V\/380V\/415V)<\/li>    <li>Uso de energia 30% inferior em compara\u00e7\u00e3o com os concorrentes<\/li>    <li>Fabrica\u00e7\u00e3o certificada CE, ISO<\/li>    <li>Servi\u00e7o de instala\u00e7\u00e3o no local e orienta\u00e7\u00e3o t\u00e9cnica est\u00e3o dispon\u00edveis.<\/li> <\/ul>    <p>Se voc\u00ea est\u00e1 procurando uma boa solu\u00e7\u00e3o para melhorar o seu neg\u00f3cio de reciclagem de pneus, sinta-se \u00e0 vontade para nos contatar. N\u00f3s recomendaremos o m\u00e9todo de reciclagem de pneus mais adequado para voc\u00ea!<\/p>   <div class=\"wp-block-image\"> <figure class=\"aligncenter size-full\"><img loading=\"lazy\" decoding=\"async\" width=\"720\" height=\"540\" src=\"https:\/\/www.plasticgranularmachine.com\/wp-content\/uploads\/2025\/06\/tire-mill-and-megnetic-separators.webp\" alt=\"moinho de pneus e separadores magn\u00e9ticos\" class=\"wp-image-1754\" srcset=\"https:\/\/www.plasticgranularmachine.com\/wp-content\/uploads\/2025\/06\/tire-mill-and-megnetic-separators.webp 720w, https:\/\/www.plasticgranularmachine.com\/wp-content\/uploads\/2025\/06\/tire-mill-and-megnetic-separators-300x225.webp 300w, https:\/\/www.plasticgranularmachine.com\/wp-content\/uploads\/2025\/06\/tire-mill-and-megnetic-separators-16x12.webp 16w\" sizes=\"auto, (max-width: 720px) 100vw, 720px\" \/><figcaption class=\"wp-element-caption\">moinho de pneus e separadores magn\u00e9ticos<\/figcaption><\/figure> <\/div>","protected":false},"excerpt":{"rendered":"<p>Our tire grinder and magnetic separators efficiently convert 30-100mm tire chunks to 5-40 mesh rubber powder while \u200b\u200bautomatically separating steel wires, maximizing purity and profit potential. With \u200b\u200benergy consumption reduced by 1\/3\u200b\u200b and models scaling from 80kg\/h to 2300kg\/h, we deliver industry-leading ROI for global recyclers. Raw Material &amp; Premium Output\u200b of the Tire Grinder [&hellip;]<\/p>\n","protected":false},"author":1,"featured_media":1752,"parent":0,"template":"","tags":[],"product-type":[75],"class_list":["post-1746","product","type-product","status-publish","has-post-thumbnail","hentry","product-type-tire-recycling-facility"],"_links":{"self":[{"href":"https:\/\/www.plasticgranularmachine.com\/pt\/wp-json\/wp\/v2\/product\/1746","targetHints":{"allow":["GET"]}}],"collection":[{"href":"https:\/\/www.plasticgranularmachine.com\/pt\/wp-json\/wp\/v2\/product"}],"about":[{"href":"https:\/\/www.plasticgranularmachine.com\/pt\/wp-json\/wp\/v2\/types\/product"}],"author":[{"embeddable":true,"href":"https:\/\/www.plasticgranularmachine.com\/pt\/wp-json\/wp\/v2\/users\/1"}],"wp:featuredmedia":[{"embeddable":true,"href":"https:\/\/www.plasticgranularmachine.com\/pt\/wp-json\/wp\/v2\/media\/1752"}],"wp:attachment":[{"href":"https:\/\/www.plasticgranularmachine.com\/pt\/wp-json\/wp\/v2\/media?parent=1746"}],"wp:term":[{"taxonomy":"post_tag","embeddable":true,"href":"https:\/\/www.plasticgranularmachine.com\/pt\/wp-json\/wp\/v2\/tags?post=1746"},{"taxonomy":"product-type","embeddable":true,"href":"https:\/\/www.plasticgranularmachine.com\/pt\/wp-json\/wp\/v2\/product-type?post=1746"}],"curies":[{"name":"wp","href":"https:\/\/api.w.org\/{rel}","templated":true}]}}