{"id":1801,"date":"2025-07-14T14:54:22","date_gmt":"2025-07-14T06:54:22","guid":{"rendered":"https:\/\/www.plasticgranularmachine.com\/?post_type=product&#038;p=1801"},"modified":"2025-07-14T14:54:22","modified_gmt":"2025-07-14T06:54:22","slug":"egg-tray-making-machine","status":"publish","type":"product","link":"https:\/\/www.plasticgranularmachine.com\/pt\/product\/egg-tray-making-machine\/","title":{"rendered":"M\u00e1quina de Fazer Bandejas de Ovos de Papel"},"content":{"rendered":"<p class=\"translation-block\">Est\u00e1vel, biodegrad\u00e1vel e rent\u00e1vel, as bandejas de ovos de papel tornaram-se a escolha preferida de produtores e consumidores em todo o mundo. Para atender a diversas necessidades de produ\u00e7\u00e3o, oferecemos m\u00e1quinas de fabrica\u00e7\u00e3o de bandejas de ovos com capacidades de <strong>1.000 a 7.000 pce\/h<\/strong>, personaliz\u00e1veis em <strong>cor, forma, design de cavidade<\/strong> e mais \u2014 ideais para bandejas de ovos, bandejas de frutas, apoios para cal\u00e7ado, embalagens eletr\u00f4nicas e assim por diante.<\/p>   <div class=\"wp-block-image\"> <figure class=\"aligncenter size-full\"><img loading=\"lazy\" decoding=\"async\" width=\"720\" height=\"540\" src=\"https:\/\/www.plasticgranularmachine.com\/wp-content\/uploads\/2025\/07\/pulp-egg-tray-making-machine.webp\" alt=\"m\u00e1quina para fazer bandejas de ovos de polpa\" class=\"wp-image-1810\" srcset=\"https:\/\/www.plasticgranularmachine.com\/wp-content\/uploads\/2025\/07\/pulp-egg-tray-making-machine.webp 720w, https:\/\/www.plasticgranularmachine.com\/wp-content\/uploads\/2025\/07\/pulp-egg-tray-making-machine-300x225.webp 300w, https:\/\/www.plasticgranularmachine.com\/wp-content\/uploads\/2025\/07\/pulp-egg-tray-making-machine-16x12.webp 16w\" sizes=\"auto, (max-width: 720px) 100vw, 720px\" \/><figcaption class=\"wp-element-caption\">m\u00e1quina para fazer bandejas de ovos de polpa<\/figcaption><\/figure> <\/div>   <h2 class=\"wp-block-heading\">Aplica\u00e7\u00e3o: Mat\u00e9rias-primas e Produtos Finais<\/h2>    <p class=\"translation-block\">A m\u00e1quina de fabricar bandejas de ovo usa <strong>polpa<\/strong> como mat\u00e9ria-prima, que \u00e9 produzida por uma <strong>m\u00e1quina de polpa<\/strong> a partir de v\u00e1rios tipos de papel reciclado \u2014 como <strong>jornais velhos, cart\u00e3o, papel de livro, papel ondulado e papel de escrit\u00f3rio<\/strong>.<\/p>    <figure class=\"wp-block-gallery has-nested-images columns-default is-cropped wp-block-gallery-2 is-layout-flex wp-block-gallery-is-layout-flex\"> <figure class=\"wp-block-image size-large\"><img loading=\"lazy\" decoding=\"async\" width=\"720\" height=\"540\" data-id=\"1811\" src=\"https:\/\/www.plasticgranularmachine.com\/wp-content\/uploads\/2025\/07\/waste-newspaper.webp\" alt=\"jornais de desperd\u00edcio\" class=\"wp-image-1811\" srcset=\"https:\/\/www.plasticgranularmachine.com\/wp-content\/uploads\/2025\/07\/waste-newspaper.webp 720w, https:\/\/www.plasticgranularmachine.com\/wp-content\/uploads\/2025\/07\/waste-newspaper-300x225.webp 300w, https:\/\/www.plasticgranularmachine.com\/wp-content\/uploads\/2025\/07\/waste-newspaper-16x12.webp 16w\" sizes=\"auto, (max-width: 720px) 100vw, 720px\" \/><figcaption class=\"wp-element-caption\">jornais de desperd\u00edcio<\/figcaption><\/figure>    <figure class=\"wp-block-image size-large\"><img loading=\"lazy\" decoding=\"async\" width=\"720\" height=\"540\" data-id=\"1812\" src=\"https:\/\/www.plasticgranularmachine.com\/wp-content\/uploads\/2025\/07\/waste-paper-boxes.webp\" alt=\"caixas de papel reciclado\" class=\"wp-image-1812\" srcset=\"https:\/\/www.plasticgranularmachine.com\/wp-content\/uploads\/2025\/07\/waste-paper-boxes.webp 720w, https:\/\/www.plasticgranularmachine.com\/wp-content\/uploads\/2025\/07\/waste-paper-boxes-300x225.webp 300w, https:\/\/www.plasticgranularmachine.com\/wp-content\/uploads\/2025\/07\/waste-paper-boxes-16x12.webp 16w\" sizes=\"auto, (max-width: 720px) 100vw, 720px\" \/><figcaption class=\"wp-element-caption\">caixas de papel reciclado<\/figcaption><\/figure>    <figure class=\"wp-block-image size-large\"><img loading=\"lazy\" decoding=\"async\" width=\"720\" height=\"540\" data-id=\"1809\" src=\"https:\/\/www.plasticgranularmachine.com\/wp-content\/uploads\/2025\/07\/paper-pulp.webp\" alt=\"polpa de papel\" class=\"wp-image-1809\" srcset=\"https:\/\/www.plasticgranularmachine.com\/wp-content\/uploads\/2025\/07\/paper-pulp.webp 720w, https:\/\/www.plasticgranularmachine.com\/wp-content\/uploads\/2025\/07\/paper-pulp-300x225.webp 300w, https:\/\/www.plasticgranularmachine.com\/wp-content\/uploads\/2025\/07\/paper-pulp-16x12.webp 16w\" sizes=\"auto, (max-width: 720px) 100vw, 720px\" \/><figcaption class=\"wp-element-caption\">polpa de papel<\/figcaption><\/figure> <\/figure>    <p class=\"translation-block\">Atrav\u00e9s de conforma\u00e7\u00e3o por v\u00e1cuo, a m\u00e1quina forma a polpa em <strong>bandejas de papel h\u00famidas<\/strong>, que s\u00e3o ent\u00e3o transferidas para os sistemas de secagem e acabamento.<\/p>    <p class=\"translation-block\">As bandejas h\u00famidas podem ser processadas em uma ampla gama de produtos de embalagem ecol\u00f3gicos, incluindo:<br><strong>bandejas de ovos de galinha, bandejas de ovos de pato, bandejas de frutas, apoios para cal\u00e7ado, almofadas tamp\u00e3o industriais e bandejas de embalagem de produtos eletr\u00f4nicos<\/strong>. <\/p>    <figure class=\"wp-block-gallery has-nested-images columns-default is-cropped wp-block-gallery-3 is-layout-flex wp-block-gallery-is-layout-flex\"> <figure class=\"wp-block-image size-large\"><img loading=\"lazy\" decoding=\"async\" width=\"720\" height=\"540\" data-id=\"1808\" src=\"https:\/\/www.plasticgranularmachine.com\/wp-content\/uploads\/2025\/07\/paper-egg-trays.webp\" alt=\"bandejas de ovos de papel\" class=\"wp-image-1808\" srcset=\"https:\/\/www.plasticgranularmachine.com\/wp-content\/uploads\/2025\/07\/paper-egg-trays.webp 720w, https:\/\/www.plasticgranularmachine.com\/wp-content\/uploads\/2025\/07\/paper-egg-trays-300x225.webp 300w, https:\/\/www.plasticgranularmachine.com\/wp-content\/uploads\/2025\/07\/paper-egg-trays-16x12.webp 16w\" sizes=\"auto, (max-width: 720px) 100vw, 720px\" \/><figcaption class=\"wp-element-caption\">bandejas de ovos de papel<\/figcaption><\/figure>    <figure class=\"wp-block-image size-large\"><img loading=\"lazy\" decoding=\"async\" width=\"720\" height=\"540\" data-id=\"1804\" src=\"https:\/\/www.plasticgranularmachine.com\/wp-content\/uploads\/2025\/07\/Coffee-Cup-Tray.webp\" alt=\"bandeja para copos de caf\u00e9\" class=\"wp-image-1804\" srcset=\"https:\/\/www.plasticgranularmachine.com\/wp-content\/uploads\/2025\/07\/Coffee-Cup-Tray.webp 720w, https:\/\/www.plasticgranularmachine.com\/wp-content\/uploads\/2025\/07\/Coffee-Cup-Tray-300x225.webp 300w, https:\/\/www.plasticgranularmachine.com\/wp-content\/uploads\/2025\/07\/Coffee-Cup-Tray-16x12.webp 16w\" sizes=\"auto, (max-width: 720px) 100vw, 720px\" \/><figcaption class=\"wp-element-caption\">bandeja para copos de caf\u00e9<\/figcaption><\/figure>    <figure class=\"wp-block-image size-large\"><img loading=\"lazy\" decoding=\"async\" width=\"720\" height=\"540\" data-id=\"1803\" src=\"https:\/\/www.plasticgranularmachine.com\/wp-content\/uploads\/2025\/07\/apple-tray.webp\" alt=\"bandeja de ma\u00e7\u00e3s\" class=\"wp-image-1803\" srcset=\"https:\/\/www.plasticgranularmachine.com\/wp-content\/uploads\/2025\/07\/apple-tray.webp 720w, https:\/\/www.plasticgranularmachine.com\/wp-content\/uploads\/2025\/07\/apple-tray-300x225.webp 300w, https:\/\/www.plasticgranularmachine.com\/wp-content\/uploads\/2025\/07\/apple-tray-16x12.webp 16w\" sizes=\"auto, (max-width: 720px) 100vw, 720px\" \/><figcaption class=\"wp-element-caption\">bandeja de ma\u00e7\u00e3s<\/figcaption><\/figure> <\/figure>    <h2 class=\"wp-block-heading\">Principais caracter\u00edsticas das nossas m\u00e1quinas de fabrica\u00e7\u00e3o de bandejas de ovos<\/h2>    <ul class=\"wp-block-list\"> <li><strong>Sistema de manuseio de materiais e produ\u00e7\u00e3o altamente automatizado<\/strong> ajuda a economizar tempo e custos de m\u00e3o de obra.<\/li>    <li>A capacidade de produ\u00e7\u00e3o varia de <strong>1.000 a 7.000 pcs\/h<\/strong>, atendendo \u00e0 maioria das necessidades de fabrica\u00e7\u00e3o. M\u00e1quinas personalizadas est\u00e3o dispon\u00edveis para requisitos especiais.<\/li>    <li><strong>Os moldes s\u00e3o totalmente personaliz\u00e1veis<\/strong> em termos de contagem de cavidades, tamanho, forma e material\u2014permitindo uma adapta\u00e7\u00e3o flex\u00edvel a diferentes designs de bandejas.<\/li>    <li>Os moldes s\u00e3o feitos de <strong>a\u00e7o inoxid\u00e1vel<\/strong>, garantindo resist\u00eancia \u00e0 \u00e1gua, resist\u00eancia \u00e0 corros\u00e3o, durabilidade e f\u00e1cil manuten\u00e7\u00e3o ou substitui\u00e7\u00e3o.<\/li>    <li>As bandejas de ovos acabadas apresentam <strong>tamanho e espessura uniformes<\/strong>, bordas limpas, estrutura protetora forte e total biodegradabilidade.<\/li>    <li>Corantes tamb\u00e9m podem ser aplicados durante a produ\u00e7\u00e3o para atender a necessidades espec\u00edficas de apar\u00eancia ou marca.<\/li> <\/ul>    <figure class=\"wp-block-gallery has-nested-images columns-default is-cropped wp-block-gallery-4 is-layout-flex wp-block-gallery-is-layout-flex\"> <figure class=\"wp-block-image size-large\"><img loading=\"lazy\" decoding=\"async\" width=\"720\" height=\"540\" data-id=\"1807\" src=\"https:\/\/www.plasticgranularmachine.com\/wp-content\/uploads\/2025\/07\/paper-egg-tray-making-machine.webp\" alt=\"m\u00e1quina de fazer bandejas de papel para ovos\" class=\"wp-image-1807\" srcset=\"https:\/\/www.plasticgranularmachine.com\/wp-content\/uploads\/2025\/07\/paper-egg-tray-making-machine.webp 720w, https:\/\/www.plasticgranularmachine.com\/wp-content\/uploads\/2025\/07\/paper-egg-tray-making-machine-300x225.webp 300w, https:\/\/www.plasticgranularmachine.com\/wp-content\/uploads\/2025\/07\/paper-egg-tray-making-machine-16x12.webp 16w\" sizes=\"auto, (max-width: 720px) 100vw, 720px\" \/><figcaption class=\"wp-element-caption\">m\u00e1quina de fazer bandejas de papel para ovos<\/figcaption><\/figure>    <figure class=\"wp-block-image size-large\"><img loading=\"lazy\" decoding=\"async\" width=\"720\" height=\"539\" data-id=\"1806\" src=\"https:\/\/www.plasticgranularmachine.com\/wp-content\/uploads\/2025\/07\/egg-tray-machine-mould.webp\" alt=\"molde da m\u00e1quina de bandejas de ovos\" class=\"wp-image-1806\" srcset=\"https:\/\/www.plasticgranularmachine.com\/wp-content\/uploads\/2025\/07\/egg-tray-machine-mould.webp 720w, https:\/\/www.plasticgranularmachine.com\/wp-content\/uploads\/2025\/07\/egg-tray-machine-mould-300x225.webp 300w, https:\/\/www.plasticgranularmachine.com\/wp-content\/uploads\/2025\/07\/egg-tray-machine-mould-16x12.webp 16w\" sizes=\"auto, (max-width: 720px) 100vw, 720px\" \/><figcaption class=\"wp-element-caption\">molde da m\u00e1quina de bandejas de ovos<\/figcaption><\/figure> <\/figure>    <h2 class=\"wp-block-heading\">M\u00faltiplos modelos da M\u00e1quina de Fazer Bandejas de Ovos de Papel<\/h2>    <p>De acordo com os requisitos de produ\u00e7\u00e3o atuais, fornecemos v\u00e1rios modelos de m\u00e1quinas para fabrica\u00e7\u00e3o de bandejas de ovos, incluindo: de um lado, de quatro lados, de oito lados. As especifica\u00e7\u00f5es s\u00e3o as seguintes:<\/p>    <h3 class=\"wp-block-heading\">M\u00e1quina de moldagem de bandejas de ovos de um lado<\/h3>    <p>A m\u00e1quina de fabrica\u00e7\u00e3o de bandejas de ovos de um lado tem uma superf\u00edcie de trabalho, 3*1 significa 3 moldes por fila, 4*1 significa 4 moldes por fila.<\/p>    <figure class=\"wp-block-table\"><table class=\"has-fixed-layout\"><tbody><tr><td>Modelo<\/td><td>WJ-1000-3*1<\/td><td>WJ-1500-4*1<\/td><\/tr><tr><td>Capacidade<\/td><td>1000 pcs\/h<\/td><td>1500 pcs\/h<\/td><\/tr><tr><td>Poder<\/td><td>38 KW<\/td><td>38 KW<\/td><\/tr><tr><td>Peso<\/td><td>2500 kg<\/td><td>3000 kg<\/td><\/tr><tr><td>Consumo de papel<\/td><td>80 kg\/h<\/td><td>120 kg\/h<\/td><\/tr><tr><td>Consumo de \u00e1gua<\/td><td>120 kg\/h<\/td><td>240 kg\/h<\/td><\/tr><tr><td>Tamanho da m\u00e1quina<\/td><td>2600*2200*1900 mm<\/td><td>2800*2200*1900 mm<\/td><\/tr><\/tbody><\/table><\/figure>    <figure class=\"wp-block-gallery has-nested-images columns-default is-cropped wp-block-gallery-5 is-layout-flex wp-block-gallery-is-layout-flex\"> <figure class=\"wp-block-image size-large\"><img loading=\"lazy\" decoding=\"async\" width=\"720\" height=\"540\" data-id=\"1813\" src=\"https:\/\/www.plasticgranularmachine.com\/wp-content\/uploads\/2025\/07\/WJ-1000-31-egg-tray-making-machine.webp\" alt=\"M\u00e1quina de fazer bandejas de ovos WJ-1000-3*1\" class=\"wp-image-1813\" srcset=\"https:\/\/www.plasticgranularmachine.com\/wp-content\/uploads\/2025\/07\/WJ-1000-31-egg-tray-making-machine.webp 720w, https:\/\/www.plasticgranularmachine.com\/wp-content\/uploads\/2025\/07\/WJ-1000-31-egg-tray-making-machine-300x225.webp 300w, https:\/\/www.plasticgranularmachine.com\/wp-content\/uploads\/2025\/07\/WJ-1000-31-egg-tray-making-machine-16x12.webp 16w\" sizes=\"auto, (max-width: 720px) 100vw, 720px\" \/><figcaption class=\"wp-element-caption\">M\u00e1quina de fazer bandejas de ovos WJ-1000-3*1<\/figcaption><\/figure>    <figure class=\"wp-block-image size-large\"><img loading=\"lazy\" decoding=\"async\" width=\"720\" height=\"540\" data-id=\"1814\" src=\"https:\/\/www.plasticgranularmachine.com\/wp-content\/uploads\/2025\/07\/WJ-1500-41-egg-tray-molding-machine.webp\" alt=\"M\u00e1quina de moldagem de bandejas de ovos WJ-1500-4*1\" class=\"wp-image-1814\" srcset=\"https:\/\/www.plasticgranularmachine.com\/wp-content\/uploads\/2025\/07\/WJ-1500-41-egg-tray-molding-machine.webp 720w, https:\/\/www.plasticgranularmachine.com\/wp-content\/uploads\/2025\/07\/WJ-1500-41-egg-tray-molding-machine-300x225.webp 300w, https:\/\/www.plasticgranularmachine.com\/wp-content\/uploads\/2025\/07\/WJ-1500-41-egg-tray-molding-machine-16x12.webp 16w\" sizes=\"auto, (max-width: 720px) 100vw, 720px\" \/><figcaption class=\"wp-element-caption\">M\u00e1quina de moldagem de bandejas de ovos WJ-1500-4*1<\/figcaption><\/figure> <\/figure>    <h3 class=\"wp-block-heading\">M\u00e1quina de fabrica\u00e7\u00e3o de bandejas de ovos de quatro lados<\/h3>    <p>A m\u00e1quina de fabrica\u00e7\u00e3o de cart\u00f4es de ovos de quatro lados tem quatro superf\u00edcies de trabalho, 3*4 significa 3 moldes por superf\u00edcie, e 4*4 significa 4 moldes por superf\u00edcie.<\/p>    <figure class=\"wp-block-table\"><table class=\"has-fixed-layout\"><tbody><tr><td>Modelo<\/td><td>WJ-2500-3*4<\/td><td>WJ-3000-4*4<\/td><\/tr><tr><td>Capacidade<\/td><td>2500 pcs\/h<\/td><td>3000 pcs\/h<\/td><\/tr><tr><td>Poder<\/td><td>55 KW<\/td><td>60 KW<\/td><\/tr><tr><td>Peso<\/td><td>4000 kg<\/td><td>4800 kg<\/td><\/tr><tr><td>Consumo de papel<\/td><td>200 kg\/h<\/td><td>240 kg\/h<\/td><\/tr><tr><td>Consumo de \u00e1gua<\/td><td>400 kg\/h<\/td><td>480 kg\/h<\/td><\/tr><tr><td>Tamanho da m\u00e1quina<\/td><td>2900*1800*1800<\/td><td>3250*1800*1800<\/td><\/tr><\/tbody><\/table><\/figure>    <figure class=\"wp-block-gallery has-nested-images columns-default is-cropped wp-block-gallery-6 is-layout-flex wp-block-gallery-is-layout-flex\"> <figure class=\"wp-block-image size-large\"><img loading=\"lazy\" decoding=\"async\" width=\"720\" height=\"540\" data-id=\"1815\" src=\"https:\/\/www.plasticgranularmachine.com\/wp-content\/uploads\/2025\/07\/WJ-2500-34-egg-carton-making-machine.webp\" alt=\"M\u00e1quina de fazer caixas de ovos WJ-2500-3*4\" class=\"wp-image-1815\" srcset=\"https:\/\/www.plasticgranularmachine.com\/wp-content\/uploads\/2025\/07\/WJ-2500-34-egg-carton-making-machine.webp 720w, https:\/\/www.plasticgranularmachine.com\/wp-content\/uploads\/2025\/07\/WJ-2500-34-egg-carton-making-machine-300x225.webp 300w, https:\/\/www.plasticgranularmachine.com\/wp-content\/uploads\/2025\/07\/WJ-2500-34-egg-carton-making-machine-16x12.webp 16w\" sizes=\"auto, (max-width: 720px) 100vw, 720px\" \/><figcaption class=\"wp-element-caption\">M\u00e1quina de fazer caixas de ovos WJ-2500-3*4<\/figcaption><\/figure>    <figure class=\"wp-block-image size-large\"><img loading=\"lazy\" decoding=\"async\" width=\"720\" height=\"540\" data-id=\"1816\" src=\"https:\/\/www.plasticgranularmachine.com\/wp-content\/uploads\/2025\/07\/WJ-3000-44-egg-tray-production-machine.webp\" alt=\"M\u00e1quina de produ\u00e7\u00e3o de bandejas de ovos WJ-3000-4*4\" class=\"wp-image-1816\" srcset=\"https:\/\/www.plasticgranularmachine.com\/wp-content\/uploads\/2025\/07\/WJ-3000-44-egg-tray-production-machine.webp 720w, https:\/\/www.plasticgranularmachine.com\/wp-content\/uploads\/2025\/07\/WJ-3000-44-egg-tray-production-machine-300x225.webp 300w, https:\/\/www.plasticgranularmachine.com\/wp-content\/uploads\/2025\/07\/WJ-3000-44-egg-tray-production-machine-16x12.webp 16w\" sizes=\"auto, (max-width: 720px) 100vw, 720px\" \/><figcaption class=\"wp-element-caption\">M\u00e1quina de produ\u00e7\u00e3o de bandejas de ovos WJ-3000-4*4<\/figcaption><\/figure> <\/figure>    <h3 class=\"wp-block-heading\">M\u00e1quina de fabrica\u00e7\u00e3o de bandejas de ovos de oito lados<\/h3>    <p>A m\u00e1quina de fazer bandejas de ovos de oito lados tem oito superf\u00edcies de trabalho, 4*8 significa 4 moldes por fila, 5*8 significa 5 moldes por fila e 6*8 significa 6 moldes por fila. <\/p>    <figure class=\"wp-block-table\"><table class=\"has-fixed-layout\"><tbody><tr><td>Modelo<\/td><td>WJ-4000-4*8<\/td><td>WJ-5000-5*8<\/td><td>WJ-7000-6*8<\/td><\/tr><tr><td>Capacidade<\/td><td>4000 pcs\/h<\/td><td>5000 pcs\/h<\/td><td>7000 pcs\/h<\/td><\/tr><tr><td>Poder<\/td><td>95 KW<\/td><td>95 KW<\/td><td>120 KW<\/td><\/tr><tr><td>Peso<\/td><td>7000 kg<\/td><td>8000 kg<\/td><td>10000 kg<\/td><\/tr><tr><td>Consumo de papel<\/td><td>320 kg\/h<\/td><td>400 kg\/h<\/td><td>480 kg\/h<\/td><\/tr><tr><td>Consumo de \u00e1gua<\/td><td>640 kg\/h<\/td><td>800 kg\/h<\/td><td>960 kg\/h<\/td><\/tr><tr><td>Tamanho da m\u00e1quina<\/td><td>3250*2300*2500<\/td><td>3700*2300*2500<\/td><td>3200*2300*2500<\/td><\/tr><\/tbody><\/table><\/figure>    <figure class=\"wp-block-gallery has-nested-images columns-default is-cropped wp-block-gallery-7 is-layout-flex wp-block-gallery-is-layout-flex\"> <figure class=\"wp-block-image size-large\"><img loading=\"lazy\" decoding=\"async\" width=\"720\" height=\"540\" data-id=\"1817\" src=\"https:\/\/www.plasticgranularmachine.com\/wp-content\/uploads\/2025\/07\/WJ-4000-48.webp\" alt=\"M\u00e1quina de bandejas de ovos WJ-4000-4*8\" class=\"wp-image-1817\" srcset=\"https:\/\/www.plasticgranularmachine.com\/wp-content\/uploads\/2025\/07\/WJ-4000-48.webp 720w, https:\/\/www.plasticgranularmachine.com\/wp-content\/uploads\/2025\/07\/WJ-4000-48-300x225.webp 300w, https:\/\/www.plasticgranularmachine.com\/wp-content\/uploads\/2025\/07\/WJ-4000-48-16x12.webp 16w\" sizes=\"auto, (max-width: 720px) 100vw, 720px\" \/><figcaption class=\"wp-element-caption\">M\u00e1quina de bandejas de ovos WJ-4000-4*8<\/figcaption><\/figure>    <figure class=\"wp-block-image size-large\"><img loading=\"lazy\" decoding=\"async\" width=\"720\" height=\"540\" data-id=\"1818\" src=\"https:\/\/www.plasticgranularmachine.com\/wp-content\/uploads\/2025\/07\/WJ-5000-58-egg-tray-manufacturing-machine.webp\" alt=\"M\u00e1quina de fabrica\u00e7\u00e3o de bandejas de ovos WJ-5000-5*8\" class=\"wp-image-1818\" srcset=\"https:\/\/www.plasticgranularmachine.com\/wp-content\/uploads\/2025\/07\/WJ-5000-58-egg-tray-manufacturing-machine.webp 720w, https:\/\/www.plasticgranularmachine.com\/wp-content\/uploads\/2025\/07\/WJ-5000-58-egg-tray-manufacturing-machine-300x225.webp 300w, https:\/\/www.plasticgranularmachine.com\/wp-content\/uploads\/2025\/07\/WJ-5000-58-egg-tray-manufacturing-machine-16x12.webp 16w\" sizes=\"auto, (max-width: 720px) 100vw, 720px\" \/><figcaption class=\"wp-element-caption\">M\u00e1quina de fabrica\u00e7\u00e3o de bandejas de ovos WJ-5000-5*8<\/figcaption><\/figure>    <figure class=\"wp-block-image size-large\"><img loading=\"lazy\" decoding=\"async\" width=\"720\" height=\"540\" data-id=\"1819\" src=\"https:\/\/www.plasticgranularmachine.com\/wp-content\/uploads\/2025\/07\/WJ-7000-68-egg-box-making-machine.webp\" alt=\"M\u00e1quina de fabrica\u00e7\u00e3o de caixas de ovos WJ-7000-6*8\" class=\"wp-image-1819\" srcset=\"https:\/\/www.plasticgranularmachine.com\/wp-content\/uploads\/2025\/07\/WJ-7000-68-egg-box-making-machine.webp 720w, https:\/\/www.plasticgranularmachine.com\/wp-content\/uploads\/2025\/07\/WJ-7000-68-egg-box-making-machine-300x225.webp 300w, https:\/\/www.plasticgranularmachine.com\/wp-content\/uploads\/2025\/07\/WJ-7000-68-egg-box-making-machine-16x12.webp 16w\" sizes=\"auto, (max-width: 720px) 100vw, 720px\" \/><figcaption class=\"wp-element-caption\">M\u00e1quina de fabrica\u00e7\u00e3o de caixas de ovos WJ-7000-6*8<\/figcaption><\/figure> <\/figure>    <h2 class=\"wp-block-heading\">Como escolher a sua m\u00e1quina de fazer caixas de ovos?<\/h2>    <p>A escolha de uma m\u00e1quina de bandejas de ovos depende de v\u00e1rios fatores, incluindo requisitos de produ\u00e7\u00e3o, or\u00e7amento e espa\u00e7o dispon\u00edvel. <\/p>    <ul class=\"wp-block-list\"> <li>A m\u00e1quina de fazer bandejas de ovos de um lado, com uma capacidade de 1.000 a 1.500 pe\u00e7as por hora, \u00e9 adequada para utilizadores de pequena escala com or\u00e7amentos limitados e baixas capacidades de produ\u00e7\u00e3o. Tem uma pequena \u00e1rea ocupada, \u00e9 simples de operar e pode secar bandejas de ovos molhadas sem a necessidade de uma linha de secagem.<\/li>    <li>A m\u00e1quina de moldagem de bandejas de ovos de quatro lados tem uma capacidade de 2.000 a 3.000 pe\u00e7as por hora, tornando-a adequada para fabricantes de bandejas de ovos de m\u00e9dio porte ou recicladores de papel desperd\u00edcio que j\u00e1 possuem parte da infraestrutura.<\/li>    <li>A m\u00e1quina de forma\u00e7\u00e3o de bandejas de ovos de oito lados \u00e9 r\u00e1pida e altamente eficiente, tornando-a adequada para produ\u00e7\u00e3o em grande escala.<\/li> <\/ul>    <p>Se ainda n\u00e3o tiver certeza de como escolher ou tiver outros requisitos, n\u00e3o hesite em nos contactar para uma m\u00e1quina de bandejas de papel personalizada. Voc\u00ea pode personalizar:<\/p>    <ul class=\"wp-block-list\"> <li>N\u00famero de moldes, tamanho, forma<\/li>    <li>Material<\/li>    <li>M\u00e9todo de secagem<\/li> <\/ul>    <h2 class=\"wp-block-heading\">Princ\u00edpio de funcionamento da nossa m\u00e1quina de produ\u00e7\u00e3o de bandejas de ovos<\/h2>    <p class=\"translation-block\">O completo <a href=\"https:\/\/www.plasticgranularmachine.com\/pt\/product\/egg-tray-production-line\/\" data-type=\"link\" data-id=\"https:\/\/www.plasticgranularmachine.com\/product\/egg-tray-production-line\/\">processo de fabrica\u00e7\u00e3o de bandejas de ovo de papel<\/a> \u00e9 o seguinte: <\/p>    <p>Papel reciclado \u2192 polpa \u2192 moldagem por adsor\u00e7\u00e3o de molde \u2192 bandeja de ovos molhada \u2192 secagem \u2192 bandeja de ovos acabada<\/p>    <p>A m\u00e1quina de forma\u00e7\u00e3o de bandejas de ovos cria press\u00e3o negativa com uma bomba de v\u00e1cuo. Isso puxa a polpa da superf\u00edcie do molde para criar a forma da bandeja de ovos. A bandeja de ovos molhada \u00e9 ent\u00e3o soprada por press\u00e3o de ar positiva do compressor de ar para o molde de transfer\u00eancia e, finalmente, transferida para a correia de malha ou bandeja. A secagem \u00e9 ent\u00e3o realizada.<\/p>    <h2 class=\"wp-block-heading\">Fa\u00e7a bandejas de ovos de alta qualidade com as nossas m\u00e1quinas!<\/h2>    <p>Procurando aumentar a sua produ\u00e7\u00e3o de bandejas de ovos com efici\u00eancia e qualidade? A nossa avan\u00e7ada m\u00e1quina de fazer bandejas de ovos em polpa de papel oferece uma produ\u00e7\u00e3o consistente, designs personaliz\u00e1veis e desempenho ecol\u00f3gico.<\/p>    <p>Entre em contato hoje para um or\u00e7amento gratuito e uma solu\u00e7\u00e3o especializada adaptada \u00e0s suas necessidades!<\/p>","protected":false},"excerpt":{"rendered":"<p>Stable, biodegradable, and cost-effective, paper egg trays have become the preferred choice for producers and consumers worldwide. To meet diverse production needs, we offer egg tray making machines with capacities from 1,000 to 7,000 pcs\/h, customizable in color, shape, cavity design, and more\u2014ideal for egg trays, fruit trays, shoe supports, electronic packaging, and so on. [&hellip;]<\/p>\n","protected":false},"author":1,"featured_media":1810,"parent":0,"template":"","tags":[],"product-type":[79],"class_list":["post-1801","product","type-product","status-publish","has-post-thumbnail","hentry","product-type-paper-recycling-machine"],"_links":{"self":[{"href":"https:\/\/www.plasticgranularmachine.com\/pt\/wp-json\/wp\/v2\/product\/1801","targetHints":{"allow":["GET"]}}],"collection":[{"href":"https:\/\/www.plasticgranularmachine.com\/pt\/wp-json\/wp\/v2\/product"}],"about":[{"href":"https:\/\/www.plasticgranularmachine.com\/pt\/wp-json\/wp\/v2\/types\/product"}],"author":[{"embeddable":true,"href":"https:\/\/www.plasticgranularmachine.com\/pt\/wp-json\/wp\/v2\/users\/1"}],"wp:featuredmedia":[{"embeddable":true,"href":"https:\/\/www.plasticgranularmachine.com\/pt\/wp-json\/wp\/v2\/media\/1810"}],"wp:attachment":[{"href":"https:\/\/www.plasticgranularmachine.com\/pt\/wp-json\/wp\/v2\/media?parent=1801"}],"wp:term":[{"taxonomy":"post_tag","embeddable":true,"href":"https:\/\/www.plasticgranularmachine.com\/pt\/wp-json\/wp\/v2\/tags?post=1801"},{"taxonomy":"product-type","embeddable":true,"href":"https:\/\/www.plasticgranularmachine.com\/pt\/wp-json\/wp\/v2\/product-type?post=1801"}],"curies":[{"name":"wp","href":"https:\/\/api.w.org\/{rel}","templated":true}]}}