{"id":1829,"date":"2025-07-21T15:05:45","date_gmt":"2025-07-21T07:05:45","guid":{"rendered":"https:\/\/www.plasticgranularmachine.com\/?post_type=product&#038;p=1829"},"modified":"2025-07-21T15:05:46","modified_gmt":"2025-07-21T07:05:46","slug":"tire-shredder-machine-for-sale","status":"publish","type":"product","link":"https:\/\/www.plasticgranularmachine.com\/pt\/product\/tire-shredder-machine-for-sale\/","title":{"rendered":"M\u00e1quina de Tritura\u00e7\u00e3o de Pneus \u00e0 Venda"},"content":{"rendered":"<p>A m\u00e1quina trituradora de pneus \u00e0 venda desempenha um papel fundamental no processo de reciclagem de pneus e na produ\u00e7\u00e3o de p\u00f3 de borracha, ao triturar eficientemente grandes pneus em peda\u00e7os pequenos, aproximadamente 50-100 mm, que podem ser facilmente vendidos ou transportados. Esses peda\u00e7os tamb\u00e9m podem ser mo\u00eddos em p\u00f3 de borracha fina.<\/p>    <figure class=\"wp-block-gallery has-nested-images columns-default is-cropped wp-block-gallery-2 is-layout-flex wp-block-gallery-is-layout-flex\"> <figure class=\"wp-block-image size-large\"><img loading=\"lazy\" decoding=\"async\" width=\"720\" height=\"540\" data-id=\"1842\" src=\"https:\/\/www.plasticgranularmachine.com\/wp-content\/uploads\/2025\/07\/tire-scraps.webp\" alt=\"restos de pneus\" class=\"wp-image-1842\" srcset=\"https:\/\/www.plasticgranularmachine.com\/wp-content\/uploads\/2025\/07\/tire-scraps.webp 720w, https:\/\/www.plasticgranularmachine.com\/wp-content\/uploads\/2025\/07\/tire-scraps-300x225.webp 300w, https:\/\/www.plasticgranularmachine.com\/wp-content\/uploads\/2025\/07\/tire-scraps-16x12.webp 16w\" sizes=\"auto, (max-width: 720px) 100vw, 720px\" \/><figcaption class=\"wp-element-caption\">restos de pneus<\/figcaption><\/figure>    <figure class=\"wp-block-image size-large\"><img loading=\"lazy\" decoding=\"async\" width=\"720\" height=\"540\" data-id=\"1835\" src=\"https:\/\/www.plasticgranularmachine.com\/wp-content\/uploads\/2025\/07\/industrial-tire-shredder.webp\" alt=\"triturador de pneus industriais\" class=\"wp-image-1835\" srcset=\"https:\/\/www.plasticgranularmachine.com\/wp-content\/uploads\/2025\/07\/industrial-tire-shredder.webp 720w, https:\/\/www.plasticgranularmachine.com\/wp-content\/uploads\/2025\/07\/industrial-tire-shredder-300x225.webp 300w, https:\/\/www.plasticgranularmachine.com\/wp-content\/uploads\/2025\/07\/industrial-tire-shredder-16x12.webp 16w\" sizes=\"auto, (max-width: 720px) 100vw, 720px\" \/><figcaption class=\"wp-element-caption\">triturador de pneus industriais<\/figcaption><\/figure> <\/figure>    <h2 class=\"wp-block-heading\">Como Aplicar o Triturador de Pneus Usados?<\/h2>    <p>Os nossos trituradores de pneus podem lidar com muitos tipos e tamanhos de pneus em sucata, incluindo pneus de carro, caminh\u00e3o, agr\u00edcolas e pneus OTR (fora de estrada). Eles podem processar pneus padr\u00e3o com di\u00e2metros inferiores a 1.200 mm e pneus de minera\u00e7\u00e3o de grandes dimens\u00f5es, como R35, R49, R51 e R63.<\/p>    <p>Dependendo da configura\u00e7\u00e3o do modelo, a m\u00e1quina trituradora de pneus \u00e0 venda pode alimentar e processar diretamente os seguintes materiais-prima:<\/p>    <ul class=\"wp-block-list\"> <li>Pneus completos (di\u00e2metro \u22641400 mm)<\/li>    <li>Blocos de pneus de engenharia cortados ou desintegrados<\/li>    <li>Blocos de borracha pr\u00e9-tratados<\/li>    <li>Componentes como laterais e coroas<\/li> <\/ul>    <p>O produto triturado resultante s\u00e3o blocos de borracha de tamanho ajust\u00e1vel (tipicamente 50-100 mm), que est\u00e3o bem adaptados para a pr\u00f3xima etapa de processamento. Esses blocos s\u00e3o f\u00e1ceis de armazenar e transportar e podem ser alimentados diretamente no sistema de moagem de borracha para produzir gr\u00e2nulos ou p\u00f3 de borracha fina. <\/p>   <div class=\"wp-block-image\"> <figure class=\"aligncenter size-full\"><img loading=\"lazy\" decoding=\"async\" width=\"720\" height=\"540\" src=\"https:\/\/www.plasticgranularmachine.com\/wp-content\/uploads\/2025\/07\/output-tire-blocks-of-the-tire-shredder-machine-for-sale.webp\" alt=\"blocos de pneus produzidos pela m\u00e1quina trituradora de pneus \u00e0 venda\" class=\"wp-image-1836\" srcset=\"https:\/\/www.plasticgranularmachine.com\/wp-content\/uploads\/2025\/07\/output-tire-blocks-of-the-tire-shredder-machine-for-sale.webp 720w, https:\/\/www.plasticgranularmachine.com\/wp-content\/uploads\/2025\/07\/output-tire-blocks-of-the-tire-shredder-machine-for-sale-300x225.webp 300w, https:\/\/www.plasticgranularmachine.com\/wp-content\/uploads\/2025\/07\/output-tire-blocks-of-the-tire-shredder-machine-for-sale-16x12.webp 16w\" sizes=\"auto, (max-width: 720px) 100vw, 720px\" \/><figcaption class=\"wp-element-caption\">blocos de pneus produzidos pela m\u00e1quina trituradora de pneus \u00e0 venda<\/figcaption><\/figure> <\/div>   <h2 class=\"wp-block-heading\">Principais Caracter\u00edsticas das Nossas M\u00e1quinas de Tritura\u00e7\u00e3o de Pneus<\/h2>    <p>Nossa m\u00e1quina trituradora de pneus \u00e0 venda tem uma vantagem competitiva no mercado devido \u00e0 sua configura\u00e7\u00e3o profissional e caracter\u00edsticas de desempenho.<\/p>    <ul class=\"wp-block-list\"> <li><strong>Sistema de eixo de faca de alta precis\u00e3o:<\/strong> Superf\u00edcie de corte limpa; melhora a qualidade dos produtos acabados em blocos de borracha.<\/li>    <li><strong>Estrutura de dupla eixo de alto torque:<\/strong> For\u00e7a de corte forte; lida facilmente com pneus inteiros e blocos de pneus.<\/li>    <li><strong>Ampla aplicabilidade:<\/strong> \u00c9 adequada para uma ampla gama de tipos e tamanhos de pneus, incluindo pneus de engenharia OTR.<\/li>    <li><strong>Capacidade flex\u00edvel:<\/strong> 2-20 toneladas por hora para atender \u00e0s necessidades de diferentes linhas de produ\u00e7\u00e3o.<\/li>    <li><strong>Controle de descarga ajust\u00e1vel:<\/strong> O tamanho da descarga pode ser definido com precis\u00e3o entre 50-100 mm para produzir part\u00edculas uniformes.<\/li>    <li><strong>Material de l\u00e2mina resistente ao desgaste<\/strong>\u00c9 feito de a\u00e7o inoxid\u00e1vel de alta resist\u00eancia e resistente \u00e0 corros\u00e3o para uma longa vida \u00fatil.<\/li>    <li><strong>Compatibilidade forte:<\/strong> Pode ser integrado em v\u00e1rios tipos de sistemas de reciclagem de pneus para alcan\u00e7ar uma liga\u00e7\u00e3o eficiente.<\/li>    <li><strong>Servi\u00e7o p\u00f3s-venda perfeito<\/strong>Incluindo suporte de garantia, instala\u00e7\u00e3o porta a porta, orienta\u00e7\u00e3o t\u00e9cnica, e assim por diante.<\/li> <\/ul>    <p>Esta s\u00e9rie de trituradores de borracha industriais possui tanto estabilidade de desempenho quanto adaptabilidade industrial, sendo a escolha ideal para todos os tamanhos de neg\u00f3cios de tritura\u00e7\u00e3o de pneus.<\/p>    <figure class=\"wp-block-gallery has-nested-images columns-default is-cropped wp-block-gallery-3 is-layout-flex wp-block-gallery-is-layout-flex\"> <figure class=\"wp-block-image size-large\"><img loading=\"lazy\" decoding=\"async\" width=\"720\" height=\"540\" data-id=\"1841\" src=\"https:\/\/www.plasticgranularmachine.com\/wp-content\/uploads\/2025\/07\/screens-of-the-tyre-shredding-machine.webp\" alt=\"telas da m\u00e1quina de tritura\u00e7\u00e3o de pneus\" class=\"wp-image-1841\" srcset=\"https:\/\/www.plasticgranularmachine.com\/wp-content\/uploads\/2025\/07\/screens-of-the-tyre-shredding-machine.webp 720w, https:\/\/www.plasticgranularmachine.com\/wp-content\/uploads\/2025\/07\/screens-of-the-tyre-shredding-machine-300x225.webp 300w, https:\/\/www.plasticgranularmachine.com\/wp-content\/uploads\/2025\/07\/screens-of-the-tyre-shredding-machine-16x12.webp 16w\" sizes=\"auto, (max-width: 720px) 100vw, 720px\" \/><figcaption class=\"wp-element-caption\">telas da m\u00e1quina de tritura\u00e7\u00e3o de pneus<\/figcaption><\/figure>    <figure class=\"wp-block-image size-large\"><img loading=\"lazy\" decoding=\"async\" width=\"720\" height=\"540\" data-id=\"1839\" src=\"https:\/\/www.plasticgranularmachine.com\/wp-content\/uploads\/2025\/07\/rubber-tire-shredder-blades.webp\" alt=\"l\u00e2minas do triturador de pneus de borracha\" class=\"wp-image-1839\" srcset=\"https:\/\/www.plasticgranularmachine.com\/wp-content\/uploads\/2025\/07\/rubber-tire-shredder-blades.webp 720w, https:\/\/www.plasticgranularmachine.com\/wp-content\/uploads\/2025\/07\/rubber-tire-shredder-blades-300x225.webp 300w, https:\/\/www.plasticgranularmachine.com\/wp-content\/uploads\/2025\/07\/rubber-tire-shredder-blades-16x12.webp 16w\" sizes=\"auto, (max-width: 720px) 100vw, 720px\" \/><figcaption class=\"wp-element-caption\">l\u00e2minas do triturador de pneus de borracha<\/figcaption><\/figure> <\/figure>    <h2 class=\"wp-block-heading\">Lista de Especifica\u00e7\u00f5es da M\u00e1quina Trituradora de Pneus \u00e0 Venda<\/h2>    <p>Fornecemos v\u00e1rios trituradores de pneus de borracha. Alguns par\u00e2metros principais s\u00e3o os seguintes:<\/p>    <figure class=\"wp-block-table\"><table><thead><tr><th>Modelo<\/th><th>Mat\u00e9ria-prima aplic\u00e1vel<\/th><th>Tamanho M\u00e1ximo do Alimentador de Pneus<\/th><th>Tamanho da Sa\u00edda (Peda\u00e7os de Borracha)<\/th><th>Capacidade de Processamento<\/th><th>Pot\u00eancia Total<\/th><th>Tipo de Aplica\u00e7\u00e3o<\/th><th>Especifica\u00e7\u00f5es da l\u00e2mina<\/th><th>Peso da m\u00e1quina<\/th><th>\u00c1rea ocupada (C\u00d7L\u00d7A)<\/th><\/tr><\/thead><tbody><tr><td><strong>SL-900<\/strong><\/td><td>Pneus de carro, pneus de caminh\u00e3o pequeno<\/td><td>\u2264900 mm<\/td><td>50 mm<\/td><td>2 t\/h<\/td><td>64,5 kW<\/td><td>Triturador de pneus de carro compacto<\/td><td>Dia. 360mm \/ 16 l\u00e2minas \/ 50mm de espessura<\/td><td>10 toneladas<\/td><td>9*5*2.8 m<\/td><\/tr><tr><td><strong>SL-1000<\/strong><\/td><td>Pneus de carro e de caminhonete leve<\/td><td>\u22641000 mm<\/td><td>60 mm<\/td><td>4 t\/h<\/td><td>94,5 kW<\/td><td>M\u00e1quina de tritura\u00e7\u00e3o de pneus de n\u00edvel b\u00e1sico<\/td><td>Di\u00e2metro 440mm \/ 16 l\u00e2minas \/ 50mm de espessura<\/td><td>13 toneladas<\/td><td>10*6*3,2 m<\/td><\/tr><tr><td><strong>SL-1200<\/strong><\/td><td>Pneus de passageiros e OTR desmontados<\/td><td>\u22641200 mm<\/td><td>60 mm<\/td><td>5\u20136 t\/h<\/td><td>157 kW<\/td><td>Desintegrador de pneus de borracha de m\u00e9dia escala<\/td><td>Di\u00e2metro 510mm \/ 18 l\u00e2minas \/ 60mm de espessura<\/td><td>15,8 toneladas<\/td><td>10*6*3,2 m<\/td><\/tr><tr><td><strong>SL-1500<\/strong><\/td><td>Pneus de cami\u00e3o inteiros, grandes blocos de pneus OTR<\/td><td>\u22641200 mm<\/td><td>75 mm<\/td><td>8\u201310 t\/h<\/td><td>188,5 kW<\/td><td>Destruidor de pneus industriais de alta resist\u00eancia<\/td><td>Di\u00e2metro 580mm \/ 20 l\u00e2minas \/ 75mm de espessura<\/td><td>18,6 toneladas<\/td><td>20*10*3,5 m<\/td><\/tr><tr><td><strong>SL-1800<\/strong><\/td><td>Pneus OTR de tamanho completo (por exemplo, R51\u2013R63)<\/td><td>\u22641400 mm<\/td><td>100 mm<\/td><td>15\u201320 t\/h<\/td><td>328,5 kW<\/td><td>M\u00e1quina de triturador de pneus de alta produ\u00e7\u00e3o \u00e0 venda<\/td><td>Di\u00e2metro 650mm \/ 18 l\u00e2minas \/ 100mm de espessura<\/td><td>26 toneladas<\/td><td>20*12*4 m<\/td><\/tr><\/tbody><\/table><\/figure>    <p>Se voc\u00ea tiver outras necessidades de produ\u00e7\u00e3o, sinta-se \u00e0 vontade para deixar mensagens, e podemos fornecer uma m\u00e1quina de triturador de pneus personalizada \u00e0 venda.<\/p>    <figure class=\"wp-block-gallery has-nested-images columns-default is-cropped wp-block-gallery-4 is-layout-flex wp-block-gallery-is-layout-flex\"> <figure class=\"wp-block-image size-large\"><img loading=\"lazy\" decoding=\"async\" width=\"720\" height=\"540\" data-id=\"1833\" src=\"https:\/\/www.plasticgranularmachine.com\/wp-content\/uploads\/2025\/07\/Factory-tour-of-tire-shredders-being-built.webp\" alt=\"Visita \u00e0 f\u00e1brica de trituradores de pneus em constru\u00e7\u00e3o\" class=\"wp-image-1833\" srcset=\"https:\/\/www.plasticgranularmachine.com\/wp-content\/uploads\/2025\/07\/Factory-tour-of-tire-shredders-being-built.webp 720w, https:\/\/www.plasticgranularmachine.com\/wp-content\/uploads\/2025\/07\/Factory-tour-of-tire-shredders-being-built-300x225.webp 300w, https:\/\/www.plasticgranularmachine.com\/wp-content\/uploads\/2025\/07\/Factory-tour-of-tire-shredders-being-built-16x12.webp 16w\" sizes=\"auto, (max-width: 720px) 100vw, 720px\" \/><figcaption class=\"wp-element-caption\">Visita \u00e0 f\u00e1brica de trituradores de pneus em constru\u00e7\u00e3o<\/figcaption><\/figure>    <figure class=\"wp-block-image size-large\"><img loading=\"lazy\" decoding=\"async\" width=\"720\" height=\"540\" data-id=\"1840\" src=\"https:\/\/www.plasticgranularmachine.com\/wp-content\/uploads\/2025\/07\/rubber-tire-shredder-machines-in-the-factory.webp\" alt=\"m\u00e1quinas trituradoras de pneus de borracha na f\u00e1brica\" class=\"wp-image-1840\" srcset=\"https:\/\/www.plasticgranularmachine.com\/wp-content\/uploads\/2025\/07\/rubber-tire-shredder-machines-in-the-factory.webp 720w, https:\/\/www.plasticgranularmachine.com\/wp-content\/uploads\/2025\/07\/rubber-tire-shredder-machines-in-the-factory-300x225.webp 300w, https:\/\/www.plasticgranularmachine.com\/wp-content\/uploads\/2025\/07\/rubber-tire-shredder-machines-in-the-factory-16x12.webp 16w\" sizes=\"auto, (max-width: 720px) 100vw, 720px\" \/><figcaption class=\"wp-element-caption\">m\u00e1quinas trituradoras de pneus de borracha na f\u00e1brica<\/figcaption><\/figure>    <figure class=\"wp-block-image size-large\"><img loading=\"lazy\" decoding=\"async\" width=\"720\" height=\"540\" data-id=\"1838\" src=\"https:\/\/www.plasticgranularmachine.com\/wp-content\/uploads\/2025\/07\/rubber-tire-chipper.webp\" alt=\"triturador de pneus de borracha\" class=\"wp-image-1838\" srcset=\"https:\/\/www.plasticgranularmachine.com\/wp-content\/uploads\/2025\/07\/rubber-tire-chipper.webp 720w, https:\/\/www.plasticgranularmachine.com\/wp-content\/uploads\/2025\/07\/rubber-tire-chipper-300x225.webp 300w, https:\/\/www.plasticgranularmachine.com\/wp-content\/uploads\/2025\/07\/rubber-tire-chipper-16x12.webp 16w\" sizes=\"auto, (max-width: 720px) 100vw, 720px\" \/><figcaption class=\"wp-element-caption\">triturador de pneus de borracha<\/figcaption><\/figure> <\/figure>    <h2 class=\"wp-block-heading\">Como Funciona a M\u00e1quina de Tritura\u00e7\u00e3o de Pneus?<\/h2>    <p>Etapas de trabalho da m\u00e1quina de triturador de pneus \u00e0 venda:<\/p>    <ul class=\"wp-block-list\"> <li>Alimenta\u00e7\u00e3o: Pneus inteiros ou blocos de pneus usados s\u00e3o alimentados uniformemente na c\u00e2mara de tritura\u00e7\u00e3o atrav\u00e9s de uma correia transportadora.<\/li>    <li>Corte de Eixo Duplo: Dois eixos de faca de baixa velocidade e alto torque giram em reverso de forma s\u00edncrona e utilizam l\u00e2minas de liga de alta resist\u00eancia para cortar, rasgar e triturar os pneus.<\/li>    <li>Controle de Tamanho: Atrav\u00e9s do espa\u00e7amento das l\u00e2minas e do design da malha da tela, o tamanho do material descarregado pode ser controlado dentro da faixa de 50-100 mm para atender a diferentes requisitos de reutiliza\u00e7\u00e3o.<\/li>    <li>Separa\u00e7\u00e3o inicial de fios de a\u00e7o: O processo de tritura\u00e7\u00e3o solta a maioria dos fios de a\u00e7o dentro dos pneus para posterior separa\u00e7\u00e3o magn\u00e9tica.<\/li>    <li>Transporte de descarga: Blocos de borracha triturados s\u00e3o transportados atrav\u00e9s de uma correia de descarga para o pr\u00f3ximo processo, como moagem, granula\u00e7\u00e3o ou enfardamento.<\/li> <\/ul>   <div class=\"wp-block-image\"> <figure class=\"aligncenter size-full\"><img loading=\"lazy\" decoding=\"async\" width=\"720\" height=\"540\" src=\"https:\/\/www.plasticgranularmachine.com\/wp-content\/uploads\/2025\/07\/powerful-tire-shredder-machine-for-sale.webp\" alt=\"m\u00e1quina poderosa de tritura\u00e7\u00e3o de pneus \u00e0 venda\" class=\"wp-image-1837\" srcset=\"https:\/\/www.plasticgranularmachine.com\/wp-content\/uploads\/2025\/07\/powerful-tire-shredder-machine-for-sale.webp 720w, https:\/\/www.plasticgranularmachine.com\/wp-content\/uploads\/2025\/07\/powerful-tire-shredder-machine-for-sale-300x225.webp 300w, https:\/\/www.plasticgranularmachine.com\/wp-content\/uploads\/2025\/07\/powerful-tire-shredder-machine-for-sale-16x12.webp 16w\" sizes=\"auto, (max-width: 720px) 100vw, 720px\" \/><figcaption class=\"wp-element-caption\">m\u00e1quina poderosa de tritura\u00e7\u00e3o de pneus \u00e0 venda<\/figcaption><\/figure> <\/div>   <h2 class=\"wp-block-heading\">Como as M\u00e1quinas Trituradoras de Pneus de Borracha se Encaixam em um Sistema de Reciclagem Completo?<\/h2>    <p>No processo completo de reciclagem de pneus, os pneus em fim de vida passam primeiro por um pr\u00e9-processamento, que inclui a remo\u00e7\u00e3o de fios de a\u00e7o e o corte. Em seguida, s\u00e3o enviados para o triturador de pneus de borracha para uma tritura\u00e7\u00e3o inicial, que gera blocos de borracha de tamanho uniforme que s\u00e3o f\u00e1ceis de processar posteriormente. <\/p>    <p class=\"translation-block\">Em seguida, os blocos de borracha entram no <a href=\"https:\/\/www.plasticgranularmachine.com\/pt\/product\/tire-grinder-and-magnetic-separator\/\" data-type=\"link\" data-id=\"https:\/\/www.plasticgranularmachine.com\/product\/tire-grinder-and-magnetic-separator\/\">granulador de pneus<\/a> para moagem profunda e produ\u00e7\u00e3o de p\u00f3 de borracha fino. Este p\u00f3 pode ser usado na produ\u00e7\u00e3o de produtos de borracha reciclada, como ladrilhos de borracha, materiais para pistas e veda\u00e7\u00f5es.<\/p>    <figure class=\"wp-block-gallery has-nested-images columns-default is-cropped wp-block-gallery-5 is-layout-flex wp-block-gallery-is-layout-flex\"> <figure class=\"wp-block-image size-large\"><img loading=\"lazy\" decoding=\"async\" width=\"720\" height=\"540\" data-id=\"1672\" src=\"https:\/\/www.plasticgranularmachine.com\/wp-content\/uploads\/2025\/05\/working-flow-of-the-semi-automatic-rubber-recycling-plant.webp\" alt=\"fluxo de trabalho da planta de reciclagem de borracha semi-autom\u00e1tica\" class=\"wp-image-1672\" srcset=\"https:\/\/www.plasticgranularmachine.com\/wp-content\/uploads\/2025\/05\/working-flow-of-the-semi-automatic-rubber-recycling-plant.webp 720w, https:\/\/www.plasticgranularmachine.com\/wp-content\/uploads\/2025\/05\/working-flow-of-the-semi-automatic-rubber-recycling-plant-300x225.webp 300w, https:\/\/www.plasticgranularmachine.com\/wp-content\/uploads\/2025\/05\/working-flow-of-the-semi-automatic-rubber-recycling-plant-16x12.webp 16w\" sizes=\"auto, (max-width: 720px) 100vw, 720px\" \/><figcaption class=\"wp-element-caption\">fluxo de trabalho da planta de reciclagem de borracha semi-autom\u00e1tica<\/figcaption><\/figure>    <figure class=\"wp-block-image size-large\"><img loading=\"lazy\" decoding=\"async\" width=\"720\" height=\"540\" data-id=\"1643\" src=\"https:\/\/www.plasticgranularmachine.com\/wp-content\/uploads\/2025\/04\/crumb-rubber-making-line-3.webp\" alt=\"linha de produ\u00e7\u00e3o de borracha triturada 3\" class=\"wp-image-1643\" srcset=\"https:\/\/www.plasticgranularmachine.com\/wp-content\/uploads\/2025\/04\/crumb-rubber-making-line-3.webp 720w, https:\/\/www.plasticgranularmachine.com\/wp-content\/uploads\/2025\/04\/crumb-rubber-making-line-3-300x225.webp 300w, https:\/\/www.plasticgranularmachine.com\/wp-content\/uploads\/2025\/04\/crumb-rubber-making-line-3-16x12.webp 16w\" sizes=\"auto, (max-width: 720px) 100vw, 720px\" \/><figcaption class=\"wp-element-caption\">linha de produ\u00e7\u00e3o de borracha triturada 3<\/figcaption><\/figure>    <figure class=\"wp-block-image size-large\"><img loading=\"lazy\" decoding=\"async\" width=\"720\" height=\"540\" data-id=\"1676\" src=\"https:\/\/www.plasticgranularmachine.com\/wp-content\/uploads\/2025\/05\/OTR-tire-recycling-line-working-process.webp\" alt=\"Processo de trabalho da linha de reciclagem de pneus OTR\" class=\"wp-image-1676\" srcset=\"https:\/\/www.plasticgranularmachine.com\/wp-content\/uploads\/2025\/05\/OTR-tire-recycling-line-working-process.webp 720w, https:\/\/www.plasticgranularmachine.com\/wp-content\/uploads\/2025\/05\/OTR-tire-recycling-line-working-process-300x225.webp 300w, https:\/\/www.plasticgranularmachine.com\/wp-content\/uploads\/2025\/05\/OTR-tire-recycling-line-working-process-16x12.webp 16w\" sizes=\"auto, (max-width: 720px) 100vw, 720px\" \/><figcaption class=\"wp-element-caption\">Processo de trabalho da linha de reciclagem de pneus OTR<\/figcaption><\/figure> <\/figure>    <h2 class=\"wp-block-heading\">Aplica\u00e7\u00e3o do Produto da M\u00e1quina Trituradora de Pneus \u00e0 Venda<\/h2>    <p>Embora ainda n\u00e3o esteja em estado de p\u00f3, os blocos de borracha produzidos com trituradores de pneus usados t\u00eam uma ampla gama de valor industrial e comercial.<\/p>    <ol class=\"wp-block-list\"> <li><strong>Substituto de combust\u00edvel:<\/strong> Podem ser usados como combust\u00edvel industrial para substituir carv\u00e3o e petr\u00f3leo. \u00c9 comumente utilizado nos processos de incinera\u00e7\u00e3o a alta temperatura de f\u00e1bricas de cimento, usinas de energia e f\u00e1bricas de papel.<\/li>    <li><strong>Engenharia de Fundamentos e Aterros:<\/strong> Podem ser usados para base de estradas e ferrovias com boa drenagem e amortecimento.<\/li>    <li><strong>Mats absorventes de choque e materiais de amortecimento:<\/strong> Os blocos de borracha podem ser usados como material de preenchimento para campos esportivos, parques infantis e tapetes antivibra\u00e7\u00e3o na constru\u00e7\u00e3o.<\/li>    <li><strong>Processado em p\u00f3 de borracha:<\/strong> Um moagem adicional pode produzir gr\u00e2nulos de borracha ou p\u00f3 mais detalhados, que podem ser usados para azulejos de borracha para o ch\u00e3o, tapetes de relva artificial, an\u00e9is de veda\u00e7\u00e3o e muito mais.<\/li>    <li>Pode ser utilizado como um<strong> mat\u00e9ria-prima para produtos moldados em borracha<\/strong>, como paradas de borracha para carros, lombadas, azulejos de ch\u00e3o, juntas e outros produtos reciclados. O triturador de pneus \u00e9 uma pe\u00e7a indispens\u00e1vel de equipamento nos modernos sistemas de reciclagem de pneus.<\/li> <\/ol>    <h2 class=\"wp-block-heading\">Para Onde Podemos Exportar o Nosso Triturador de Pneus de Borracha?<\/h2>    <p class=\"translation-block\">A nossa trituradora de pneus comercial para venda pode ser personalizada para clientes <strong>em todo o mundo<\/strong>. Onde quer que esteja, podemos fornecer transporte, orienta\u00e7\u00e3o t\u00e9cnica e servi\u00e7o de instala\u00e7\u00e3o no local. <\/p>    <p>Com desempenho superior e um pre\u00e7o favor\u00e1vel para a m\u00e1quina de triturar pneus, nosso triturador de pneus \u00e0 venda na \u00c1frica do Sul, triturador de pneus \u00e0 venda na Austr\u00e1lia, triturador de pneus \u00e0 venda no Reino Unido, entre outros, recebeu uma ampla gama de elogios un\u00e2nimes! Se voc\u00ea estiver interessado, sinta-se \u00e0 vontade para nos contatar!<\/p>    <figure class=\"wp-block-gallery has-nested-images columns-default is-cropped wp-block-gallery-6 is-layout-flex wp-block-gallery-is-layout-flex\"> <figure class=\"wp-block-image size-large\"><img loading=\"lazy\" decoding=\"async\" width=\"720\" height=\"540\" data-id=\"1834\" src=\"https:\/\/www.plasticgranularmachine.com\/wp-content\/uploads\/2025\/07\/Favorable-comments-on-tire-shredder-from-Kenyan-customers.webp\" alt=\"Coment\u00e1rios favor\u00e1veis sobre o triturador de pneus de clientes quenianos.\" class=\"wp-image-1834\" srcset=\"https:\/\/www.plasticgranularmachine.com\/wp-content\/uploads\/2025\/07\/Favorable-comments-on-tire-shredder-from-Kenyan-customers.webp 720w, https:\/\/www.plasticgranularmachine.com\/wp-content\/uploads\/2025\/07\/Favorable-comments-on-tire-shredder-from-Kenyan-customers-300x225.webp 300w, https:\/\/www.plasticgranularmachine.com\/wp-content\/uploads\/2025\/07\/Favorable-comments-on-tire-shredder-from-Kenyan-customers-16x12.webp 16w\" sizes=\"auto, (max-width: 720px) 100vw, 720px\" \/><figcaption class=\"wp-element-caption\">Coment\u00e1rios favor\u00e1veis sobre o triturador de pneus de clientes quenianos.<\/figcaption><\/figure>    <figure class=\"wp-block-image size-large\"><img loading=\"lazy\" decoding=\"async\" width=\"720\" height=\"540\" data-id=\"1832\" src=\"https:\/\/www.plasticgranularmachine.com\/wp-content\/uploads\/2025\/07\/Customers-visit-the-factory.webp\" alt=\"Visita do cliente \u00e0 f\u00e1brica\" class=\"wp-image-1832\" srcset=\"https:\/\/www.plasticgranularmachine.com\/wp-content\/uploads\/2025\/07\/Customers-visit-the-factory.webp 720w, https:\/\/www.plasticgranularmachine.com\/wp-content\/uploads\/2025\/07\/Customers-visit-the-factory-300x225.webp 300w, https:\/\/www.plasticgranularmachine.com\/wp-content\/uploads\/2025\/07\/Customers-visit-the-factory-16x12.webp 16w\" sizes=\"auto, (max-width: 720px) 100vw, 720px\" \/><figcaption class=\"wp-element-caption\">Visita do cliente \u00e0 f\u00e1brica<\/figcaption><\/figure> <\/figure>","protected":false},"excerpt":{"rendered":"<p>The tire shredder machine for sale plays a key role in the tire recycling process and rubber powder production by efficiently shredding large scrap tires into small pieces, approximately 50-100 mm, that can easily be sold or transported. These pieces can also be ground into fine rubber powder. How to Apply the Waste Tire Shredder? [&hellip;]<\/p>\n","protected":false},"author":1,"featured_media":1843,"parent":0,"template":"","tags":[],"product-type":[75],"class_list":["post-1829","product","type-product","status-publish","has-post-thumbnail","hentry","product-type-tire-recycling-facility"],"_links":{"self":[{"href":"https:\/\/www.plasticgranularmachine.com\/pt\/wp-json\/wp\/v2\/product\/1829","targetHints":{"allow":["GET"]}}],"collection":[{"href":"https:\/\/www.plasticgranularmachine.com\/pt\/wp-json\/wp\/v2\/product"}],"about":[{"href":"https:\/\/www.plasticgranularmachine.com\/pt\/wp-json\/wp\/v2\/types\/product"}],"author":[{"embeddable":true,"href":"https:\/\/www.plasticgranularmachine.com\/pt\/wp-json\/wp\/v2\/users\/1"}],"wp:featuredmedia":[{"embeddable":true,"href":"https:\/\/www.plasticgranularmachine.com\/pt\/wp-json\/wp\/v2\/media\/1843"}],"wp:attachment":[{"href":"https:\/\/www.plasticgranularmachine.com\/pt\/wp-json\/wp\/v2\/media?parent=1829"}],"wp:term":[{"taxonomy":"post_tag","embeddable":true,"href":"https:\/\/www.plasticgranularmachine.com\/pt\/wp-json\/wp\/v2\/tags?post=1829"},{"taxonomy":"product-type","embeddable":true,"href":"https:\/\/www.plasticgranularmachine.com\/pt\/wp-json\/wp\/v2\/product-type?post=1829"}],"curies":[{"name":"wp","href":"https:\/\/api.w.org\/{rel}","templated":true}]}}