{"id":1848,"date":"2025-07-28T11:23:52","date_gmt":"2025-07-28T03:23:52","guid":{"rendered":"https:\/\/www.plasticgranularmachine.com\/?post_type=product&#038;p=1848"},"modified":"2025-07-28T11:23:53","modified_gmt":"2025-07-28T03:23:53","slug":"waste-tire-cutting-machine","status":"publish","type":"product","link":"https:\/\/www.plasticgranularmachine.com\/pt\/product\/waste-tire-cutting-machine\/","title":{"rendered":"M\u00e1quina de Corte de Pneus Usados Padr\u00e3o &amp; Cortador de Pneus OTR"},"content":{"rendered":"<p>Em linhas de produ\u00e7\u00e3o de p\u00f3 de borracha totalmente autom\u00e1ticas, a m\u00e1quina de corte de pneus usados \u00e9 um equipamento importante utilizado para pr\u00e9-tratar os pneus antes da tritura\u00e7\u00e3o. Ela corta pneus inteiros em 2-3 se\u00e7\u00f5es que s\u00e3o f\u00e1ceis de colocar no triturador de pneus subsequente. <\/p>    <p>Oferecemos dois tipos de cortadores de pneus eficientes que podem processar pneus automotivos padr\u00e3o de at\u00e9 1200 mm de di\u00e2metro e pneus OTR de 1400 a 4000 mm, respetivamente.<\/p>    <figure class=\"wp-block-embed is-type-video is-provider-youtube wp-block-embed-youtube wp-embed-aspect-16-9 wp-has-aspect-ratio\"><div class=\"wp-block-embed__wrapper\"> <iframe loading=\"lazy\" title=\"M\u00e1quina de Corte de Pneus Usados: Ideal para Pr\u00e9-processamento de Pneus!\" width=\"500\" height=\"281\" src=\"https:\/\/www.youtube.com\/embed\/c1axNqvpzcw?feature=oembed\" frameborder=\"0\" allow=\"accelerometer; autoplay; clipboard-write; encrypted-media; gyroscope; picture-in-picture; web-share\" referrerpolicy=\"strict-origin-when-cross-origin\" allowfullscreen><\/iframe> <\/div><\/figure>    <h2 class=\"wp-block-heading\">Saiba Mais Sobre Nossos Dois Tipos de M\u00e1quinas Cortadoras de Pneus<\/h2>    <p>Os nossos cortadores de pneus usados adotam l\u00e2minas de liga e tecnologia hidr\u00e1ulica para garantir um corte eficiente e totalmente autom\u00e1tico. Abaixo est\u00e3o os principais par\u00e2metros destes dois cortadores de pneus hidr\u00e1ulicos. Coisas como cor, material da l\u00e2mina, etc., podem ser personalizadas de acordo com as suas necessidades de produ\u00e7\u00e3o. Assim, entre em contato connosco para mais detalhes!<\/p>    <figure class=\"wp-block-table\"><table><thead><tr><th>Modelo<\/th><th>M\u00e1quina Cortadora de Pneus Padr\u00e3o<\/th><th>M\u00e1quina de Corte de Pneus OTR<\/th><\/tr><\/thead><tbody><tr><td>Tamanho de Pneus Aplic\u00e1vel<\/td><td>900\u20131200 mm (sem fios de borda)<\/td><td>1400\u20134000 mm (sem fios de borda)<\/td><\/tr><tr><td>Tamanho de Sa\u00edda<\/td><td>Coloque blocos sob 900 mm<\/td><td>Fatias grandes (aprox. 2 cortes\/min)<\/td><\/tr><tr><td>Capacidade<\/td><td>60 pneus\/hora<\/td><td>120 cortes\/hora<\/td><\/tr><tr><td>Poder<\/td><td>7,5 kW<\/td><td>7,5 kW<\/td><\/tr><tr><td>Tamanho da M\u00e1quina<\/td><td>1,7*0,8*1,85 m<\/td><td>3,13*1,65*2,7 m<\/td><\/tr><tr><td>Peso da m\u00e1quina<\/td><td>1400 kg<\/td><td>7200 kg<\/td><\/tr><tr><td>Material da l\u00e2mina<\/td><td>A\u00e7o liga Cr12MoV<\/td><td>A\u00e7o liga Cr12MoV<\/td><\/tr><tr><td>Aplicativo<\/td><td>Corte de pneus de carro, pneus de caminh\u00e3o pequeno antes da tritura\u00e7\u00e3o<\/td><td>Corte de pneus gigantes OTR na reciclagem de minera\u00e7\u00e3o<\/td><\/tr><\/tbody><\/table><\/figure>    <figure class=\"wp-block-gallery has-nested-images columns-default is-cropped wp-block-gallery-2 is-layout-flex wp-block-gallery-is-layout-flex\"> <figure class=\"wp-block-image size-large\"><img loading=\"lazy\" decoding=\"async\" width=\"720\" height=\"540\" data-id=\"1857\" src=\"https:\/\/www.plasticgranularmachine.com\/wp-content\/uploads\/2025\/07\/waste-tire-cutting-machine-for-900-1200-mmm-tires.webp\" alt=\"M\u00e1quina de corte de pneus de desperd\u00edcio para pneus de 900-1200 mm\" class=\"wp-image-1857\" srcset=\"https:\/\/www.plasticgranularmachine.com\/wp-content\/uploads\/2025\/07\/waste-tire-cutting-machine-for-900-1200-mmm-tires.webp 720w, https:\/\/www.plasticgranularmachine.com\/wp-content\/uploads\/2025\/07\/waste-tire-cutting-machine-for-900-1200-mmm-tires-300x225.webp 300w, https:\/\/www.plasticgranularmachine.com\/wp-content\/uploads\/2025\/07\/waste-tire-cutting-machine-for-900-1200-mmm-tires-16x12.webp 16w\" sizes=\"auto, (max-width: 720px) 100vw, 720px\" \/><figcaption class=\"wp-element-caption\">M\u00e1quina de corte de pneus de desperd\u00edcio para pneus de 900-1200 mm<\/figcaption><\/figure>    <figure class=\"wp-block-image size-large\"><img loading=\"lazy\" decoding=\"async\" width=\"720\" height=\"540\" data-id=\"1856\" src=\"https:\/\/www.plasticgranularmachine.com\/wp-content\/uploads\/2025\/07\/waste-tire-cutter-for-1400-4000-mm-OTR-tires.webp\" alt=\"Cortador de pneus de desperd\u00edcio para pneus OTR de 1400-4000 mm\" class=\"wp-image-1856\" srcset=\"https:\/\/www.plasticgranularmachine.com\/wp-content\/uploads\/2025\/07\/waste-tire-cutter-for-1400-4000-mm-OTR-tires.webp 720w, https:\/\/www.plasticgranularmachine.com\/wp-content\/uploads\/2025\/07\/waste-tire-cutter-for-1400-4000-mm-OTR-tires-300x225.webp 300w, https:\/\/www.plasticgranularmachine.com\/wp-content\/uploads\/2025\/07\/waste-tire-cutter-for-1400-4000-mm-OTR-tires-16x12.webp 16w\" sizes=\"auto, (max-width: 720px) 100vw, 720px\" \/><figcaption class=\"wp-element-caption\">Cortador de pneus de desperd\u00edcio para pneus OTR de 1400-4000 mm<\/figcaption><\/figure> <\/figure>    <h2 class=\"wp-block-heading\">Passos de Trabalho Detalhados da M\u00e1quina de Corte de Pneus Usados<\/h2>    <p>Embora as nossas duas m\u00e1quinas de corte de pneus usados sejam projetadas para diferentes tipos e tamanhos de pneus, elas compartilham os mesmos princ\u00edpios e procedimentos b\u00e1sicos de opera\u00e7\u00e3o.<\/p>    <ul class=\"wp-block-list\"> <li>Carregamento: Coloque o pneu, com os fios de a\u00e7o removidos, de forma segura na plataforma abaixo da l\u00e2mina.<\/li>    <li>In\u00edcio: Ative o sistema hidr\u00e1ulico para acionar a l\u00e2mina superior para baixo.<\/li>    <li>Corte: A l\u00e2mina superior forma uma superf\u00edcie de corte com o assento da l\u00e2mina fixa inferior para cortar o pneu de forma eficiente.<\/li>    <li>Reiniciar: Uma vez que o corte esteja completo, o sistema hidr\u00e1ulico inverte a dire\u00e7\u00e3o e reinicia automaticamente a l\u00e2mina superior. Em seguida, o pr\u00f3ximo ciclo de corte pode ser realizado. O pneu cortado pode ent\u00e3o ser alimentado em um triturador de pneus para processamento adicional.<\/li> <\/ul>    <h2 class=\"wp-block-heading\">Principais Caracter\u00edsticas de Nossas M\u00e1quinas Cortadoras de Pneus Hidr\u00e1ulicas<\/h2>    <ul class=\"wp-block-list\"> <li>Dispon\u00edvel para corte de pneus padr\u00e3o e OTR<\/li>    <li>Sistema acionado por hidr\u00e1ulica garante alta press\u00e3o e efici\u00eancia de corte cont\u00ednua<\/li>    <li>Equipado com l\u00e2minas serrilhadas de alta resist\u00eancia para forte ader\u00eancia e for\u00e7a de corte<\/li>    <li>Corpo do cortador feito de a\u00e7o liga resistente ao desgaste para durabilidade<\/li>    <li>Pot\u00eancia moderada, acionamento el\u00e9trico trif\u00e1sico para efici\u00eancia energ\u00e9tica<\/li>    <li>Opera\u00e7\u00e3o totalmente autom\u00e1tica opcional com controle simples e seguro<\/li>    <li>M\u00e1quinas de corte de pneus padr\u00e3o e OTR podem ser integradas perfeitamente em linhas de reciclagem, trabalhando com trituradores de pneus, moinhos e mais<\/li> <\/ul>    <figure class=\"wp-block-gallery has-nested-images columns-default is-cropped wp-block-gallery-3 is-layout-flex wp-block-gallery-is-layout-flex\"> <figure class=\"wp-block-image size-large\"><img loading=\"lazy\" decoding=\"async\" width=\"720\" height=\"540\" data-id=\"1855\" src=\"https:\/\/www.plasticgranularmachine.com\/wp-content\/uploads\/2025\/07\/tire-cutter-with-crocodile-teeth-style-blades.webp\" alt=\"cortador de pneus com l\u00e2minas em estilo de dentes de crocodilo\" class=\"wp-image-1855\" srcset=\"https:\/\/www.plasticgranularmachine.com\/wp-content\/uploads\/2025\/07\/tire-cutter-with-crocodile-teeth-style-blades.webp 720w, https:\/\/www.plasticgranularmachine.com\/wp-content\/uploads\/2025\/07\/tire-cutter-with-crocodile-teeth-style-blades-300x225.webp 300w, https:\/\/www.plasticgranularmachine.com\/wp-content\/uploads\/2025\/07\/tire-cutter-with-crocodile-teeth-style-blades-16x12.webp 16w\" sizes=\"auto, (max-width: 720px) 100vw, 720px\" \/><figcaption class=\"wp-element-caption\">cortador de pneus com l\u00e2minas em estilo de dentes de crocodilo<\/figcaption><\/figure>    <figure class=\"wp-block-image size-large\"><img loading=\"lazy\" decoding=\"async\" width=\"720\" height=\"540\" data-id=\"1853\" src=\"https:\/\/www.plasticgranularmachine.com\/wp-content\/uploads\/2025\/07\/hydraulic-tire-cutter.webp\" alt=\"cortador de pneus hidr\u00e1ulico OTR\" class=\"wp-image-1853\" srcset=\"https:\/\/www.plasticgranularmachine.com\/wp-content\/uploads\/2025\/07\/hydraulic-tire-cutter.webp 720w, https:\/\/www.plasticgranularmachine.com\/wp-content\/uploads\/2025\/07\/hydraulic-tire-cutter-300x225.webp 300w, https:\/\/www.plasticgranularmachine.com\/wp-content\/uploads\/2025\/07\/hydraulic-tire-cutter-16x12.webp 16w\" sizes=\"auto, (max-width: 720px) 100vw, 720px\" \/><figcaption class=\"wp-element-caption\">cortador de pneus hidr\u00e1ulico OTR<\/figcaption><\/figure> <\/figure>    <h2 class=\"wp-block-heading\">Integra\u00e7\u00e3o de Cortadores de Pneus em Linhas de Reciclagem de P\u00f3 de Borracha<\/h2>    <p>As m\u00e1quinas de corte de pneus s\u00e3o essenciais na reciclagem de pneus, servindo como o primeiro passo para reduzir o tamanho dos pneus para posterior tritura\u00e7\u00e3o e moagem.<\/p>    <h3 class=\"wp-block-heading\">\u25b6 Para Pneus Padr\u00e3o (\u22641200mm)<\/h3>    <p class=\"translation-block\">Oferecemos tanto<span> <a href=\"https:\/\/www.plasticgranularmachine.com\/pt\/product\/tire-recycling-production-line\/\" data-type=\"link\" data-id=\"https:\/\/www.plasticgranularmachine.com\/product\/tire-recycling-production-line\/\">semi-autom\u00e1tica<\/a> <\/span> como <a href=\"https:\/\/www.plasticgranularmachine.com\/pt\/product\/rubber-recycling-plant\/\" data-type=\"link\" data-id=\"https:\/\/www.plasticgranularmachine.com\/product\/rubber-recycling-plant\/\">linhas de reciclagem de pneus residuais totalmente autom\u00e1ticas.<\/a><br>A m\u00e1quina padr\u00e3o de corte de pneus usados \u00e9 normalmente utilizada em sistemas totalmente automatizados, funcionando em conjunto com:<\/p>    <ul class=\"wp-block-list\"> <li>Removedor de fio de borda \u2192 Cortador de pneus \u2192 Triturador de pneus \u2192 Moedor de borracha<\/li> <\/ul>    <p>Esta configura\u00e7\u00e3o garante a remo\u00e7\u00e3o eficiente do a\u00e7o e a redu\u00e7\u00e3o do tamanho dos pneus para um processamento suave em p\u00f3.<\/p>    <p class=\"translation-block\">Tamb\u00e9m oferecemos uma <em>m\u00e1quina integrada de coro e corte<\/em>, que, quando emparelhada com um separador de a\u00e7o, oferece mais uma solu\u00e7\u00e3o completa de pr\u00e9-processamento autom\u00e1tica.<\/p>   <div class=\"wp-block-image\"> <figure class=\"aligncenter size-full\"><img loading=\"lazy\" decoding=\"async\" width=\"720\" height=\"540\" src=\"https:\/\/www.plasticgranularmachine.com\/wp-content\/uploads\/2025\/07\/tire-bead-remover-and-cutter-machine.webp\" alt=\"m\u00e1quina removedora de bead e cortadora de pneus\" class=\"wp-image-1854\" srcset=\"https:\/\/www.plasticgranularmachine.com\/wp-content\/uploads\/2025\/07\/tire-bead-remover-and-cutter-machine.webp 720w, https:\/\/www.plasticgranularmachine.com\/wp-content\/uploads\/2025\/07\/tire-bead-remover-and-cutter-machine-300x225.webp 300w, https:\/\/www.plasticgranularmachine.com\/wp-content\/uploads\/2025\/07\/tire-bead-remover-and-cutter-machine-16x12.webp 16w\" sizes=\"auto, (max-width: 720px) 100vw, 720px\" \/><figcaption class=\"wp-element-caption\">m\u00e1quina removedora de bead e cortadora de pneus<\/figcaption><\/figure> <\/div>   <h3 class=\"wp-block-heading\">\u25b6 Para Pneus OTR (1400\u20134000mm)<\/h3>    <p class=\"translation-block\">Fornecemos duas solu\u00e7\u00f5es flex\u00edveis de <a href=\"https:\/\/www.plasticgranularmachine.com\/pt\/product\/otr-tire-recycling-line\/\" data-type=\"link\" data-id=\"https:\/\/www.plasticgranularmachine.com\/product\/otr-tire-recycling-line\/\">reciclagem de pneus OTR<\/a>:<\/p>    <ul class=\"wp-block-list\"> <li><strong>Plano A<\/strong>:<br>Removedor de borda de pneus OTR \u2192 M\u00e1quina de corte de pneus OTR \u2192 Triturador de pneus \u2192 Granulador de borracha<\/li>    <li><strong>Plano B<\/strong>:<br>M\u00e1quina desmontadora de pneus OTR \u2192 Cortador de pneus OTR \u2192 Triturador de pneus usados \u2192 Moedor de pneus<\/li> <\/ul>    <p>Estas m\u00e1quinas s\u00e3o especialmente projetadas para pneus de minera\u00e7\u00e3o de grandes dimens\u00f5es, incluindo R63, garantindo uma redu\u00e7\u00e3o de tamanho confi\u00e1vel e uma reciclagem de alta efici\u00eancia.<\/p>    <h2 class=\"wp-block-heading\">Como Escolher o Cortador de Pneus de Borracha Certo para Pr\u00e9-processamento?<\/h2>    <p>Com base nas informa\u00e7\u00f5es acima, voc\u00ea agora tem uma compreens\u00e3o b\u00e1sica das diferentes m\u00e1quinas de corte de pneus. Ent\u00e3o, como escolher a certa?<\/p>    <p>1. Determine o Tamanho e Tipo do Pneu<\/p>    <ul class=\"wp-block-list\"> <li>Di\u00e2metro do pneu &gt; 1400 mm: Use a m\u00e1quina de corte de pneus OTR, adequada para pneus grandes fora de estrada (OTR) e de minera\u00e7\u00e3o.<\/li>    <li>Di\u00e2metro do pneu \u2264 1200 mm: Prossiga para escolher entre op\u00e7\u00f5es semi-autom\u00e1ticas e totalmente autom\u00e1ticas.<\/li> <\/ul>    <p>2. Escolha o M\u00e9todo de Corte com Base no Seu Or\u00e7amento e Capacidade<\/p>    <ul class=\"wp-block-list\"> <li>Se voc\u00ea tem um <strong>or\u00e7amento limitado ou uma opera\u00e7\u00e3o de menor escala<\/strong>, um <strong>solu\u00e7\u00e3o de reciclagem de pneus semi-autom\u00e1tica<\/strong> \u2014 incluindo cortador de lateral de pneu, cortador de tiras e cortador de blocos \u2014 \u00e9 uma escolha pr\u00e1tica e econ\u00f4mica.<\/li>    <li>Se voc\u00ea precisar <strong>alta efici\u00eancia, automa\u00e7\u00e3o e redu\u00e7\u00e3o de m\u00e3o de obra<\/strong>, opte pela nossa m\u00e1quina de corte de pneus usados totalmente autom\u00e1tica padr\u00e3o.<\/li> <\/ul>    <p>Ainda em d\u00favida? N\u00e3o se preocupe! A nossa experiente equipe de vendas ajudar\u00e1 voc\u00ea a selecionar ou personalizar a solu\u00e7\u00e3o ideal de corte de pneus para suas necessidades espec\u00edficas de reciclagem. Sinta-se \u00e0 vontade para nos contactar!<\/p>","protected":false},"excerpt":{"rendered":"<p>In fully automatic rubber powder production lines, the waste tire cutting machine is important equipment used to pretreat tires before shredding. It cuts complete tires into 2-3 sections that are easy to put into the subsequent tire shredder. We offer two types of efficient tire cutters that can process standard automotive tires up to 1200 [&hellip;]<\/p>\n","protected":false},"author":1,"featured_media":1856,"parent":0,"template":"","tags":[],"product-type":[75],"class_list":["post-1848","product","type-product","status-publish","has-post-thumbnail","hentry","product-type-tire-recycling-facility"],"_links":{"self":[{"href":"https:\/\/www.plasticgranularmachine.com\/pt\/wp-json\/wp\/v2\/product\/1848","targetHints":{"allow":["GET"]}}],"collection":[{"href":"https:\/\/www.plasticgranularmachine.com\/pt\/wp-json\/wp\/v2\/product"}],"about":[{"href":"https:\/\/www.plasticgranularmachine.com\/pt\/wp-json\/wp\/v2\/types\/product"}],"author":[{"embeddable":true,"href":"https:\/\/www.plasticgranularmachine.com\/pt\/wp-json\/wp\/v2\/users\/1"}],"wp:featuredmedia":[{"embeddable":true,"href":"https:\/\/www.plasticgranularmachine.com\/pt\/wp-json\/wp\/v2\/media\/1856"}],"wp:attachment":[{"href":"https:\/\/www.plasticgranularmachine.com\/pt\/wp-json\/wp\/v2\/media?parent=1848"}],"wp:term":[{"taxonomy":"post_tag","embeddable":true,"href":"https:\/\/www.plasticgranularmachine.com\/pt\/wp-json\/wp\/v2\/tags?post=1848"},{"taxonomy":"product-type","embeddable":true,"href":"https:\/\/www.plasticgranularmachine.com\/pt\/wp-json\/wp\/v2\/product-type?post=1848"}],"curies":[{"name":"wp","href":"https:\/\/api.w.org\/{rel}","templated":true}]}}