{"id":1860,"date":"2025-08-04T14:37:16","date_gmt":"2025-08-04T06:37:16","guid":{"rendered":"https:\/\/www.plasticgranularmachine.com\/?post_type=product&#038;p=1860"},"modified":"2025-08-04T15:44:59","modified_gmt":"2025-08-04T07:44:59","slug":"tire-debeader-for-sale","status":"publish","type":"product","link":"https:\/\/www.plasticgranularmachine.com\/pt\/product\/tire-debeader-for-sale\/","title":{"rendered":"Tire Debeader \u00e0 Venda | M\u00e1quinas de Desenho de Fios para Pneus Standard e OTR"},"content":{"rendered":"<p>No processo de reciclagem de pneus usados, a m\u00e1quina desmoldadora de pneus \u00e9 utilizada para extrair os fios de a\u00e7o embutidos nos pneus como um passo crucial. Isso previne danos ao equipamento a jusante, melhora a efici\u00eancia geral do processamento e permite a recupera\u00e7\u00e3o e reciclagem separadas dos fios de a\u00e7o.<\/p>    <p>Oferecemos uma linha completa de m\u00e1quinas descal\u00e7adoras de pneus \u00e0 venda, incluindo modelos para pneus padr\u00e3o (900\u20131200 mm) e pneus OTR extra grandes (1400\u20134000 mm).<\/p>   <div class=\"wp-block-image\"> <figure class=\"aligncenter size-full\"><img loading=\"lazy\" decoding=\"async\" width=\"720\" height=\"540\" src=\"https:\/\/www.plasticgranularmachine.com\/wp-content\/uploads\/2025\/08\/effect-of-the-tyre-debeading.webp\" alt=\"efeito da descalagem do pneu\" class=\"wp-image-1864\" srcset=\"https:\/\/www.plasticgranularmachine.com\/wp-content\/uploads\/2025\/08\/effect-of-the-tyre-debeading.webp 720w, https:\/\/www.plasticgranularmachine.com\/wp-content\/uploads\/2025\/08\/effect-of-the-tyre-debeading-300x225.webp 300w, https:\/\/www.plasticgranularmachine.com\/wp-content\/uploads\/2025\/08\/effect-of-the-tyre-debeading-16x12.webp 16w\" sizes=\"auto, (max-width: 720px) 100vw, 720px\" \/><figcaption class=\"wp-element-caption\">Efeito da desbeadagem do pneu<\/figcaption><\/figure> <\/div>   <h2 class=\"wp-block-heading\">V\u00e1rias M\u00e1quinas Desmontadoras de Pneus \u00e0 Venda<\/h2>    <h3 class=\"wp-block-heading\">M\u00e1quina Desmontadora de Pneus Padr\u00e3o (para Pneus de 900-1200 mm)<\/h3>    <p>A desmontadora de pneus pode processar pneus de 900-1200 mm, como pneus de carro, pneus de \u00f4nibus, pneus de caminh\u00e3o, etc. Em seguida, produz:<\/p>    <ul class=\"wp-block-list\"> <li>An\u00e9is de fio de a\u00e7o extra\u00eddos (podem ser revendidos como sucata)<\/li>    <li>Pneus sem fio de a\u00e7o (mais f\u00e1ceis de triturar e processar)<\/li> <\/ul>    <p>Existem dois tipos de m\u00e1quinas desmontadoras de pneus \u00e0 venda.<\/p>    <figure class=\"wp-block-table\"><table><tbody><tr><td>Modelo<\/td><td>M\u00e1quina de desmonte de pneus de gancho \u00fanico<\/td><td>Desmontadora de pneus de gancho duplo<\/td><\/tr><tr><td>Poder<\/td><td>11 KW<\/td><td>18,5 KW<\/td><\/tr><tr><td>Capacidade<\/td><td>20-30 pneus\/h<\/td><td>40-50 pneus\/h<\/td><\/tr><tr><td>Tamanho da m\u00e1quina<\/td><td>4.1*0.7*1.7 m<\/td><td>4.2*0.9*1.7 m<\/td><\/tr><tr><td>Peso da m\u00e1quina<\/td><td>1400 kg<\/td><td>1500 kg<\/td><\/tr><\/tbody><\/table><\/figure>    <figure class=\"wp-block-gallery has-nested-images columns-default is-cropped wp-block-gallery-2 is-layout-flex wp-block-gallery-is-layout-flex\"> <figure class=\"wp-block-image size-large\"><img loading=\"lazy\" decoding=\"async\" width=\"720\" height=\"540\" data-id=\"1869\" src=\"https:\/\/www.plasticgranularmachine.com\/wp-content\/uploads\/2025\/08\/single-hook-tire-debeader-for-sale.webp\" alt=\"desmontadora de pneus de gancho \u00fanico \u00e0 venda\" class=\"wp-image-1869\" srcset=\"https:\/\/www.plasticgranularmachine.com\/wp-content\/uploads\/2025\/08\/single-hook-tire-debeader-for-sale.webp 720w, https:\/\/www.plasticgranularmachine.com\/wp-content\/uploads\/2025\/08\/single-hook-tire-debeader-for-sale-300x225.webp 300w, https:\/\/www.plasticgranularmachine.com\/wp-content\/uploads\/2025\/08\/single-hook-tire-debeader-for-sale-16x12.webp 16w\" sizes=\"auto, (max-width: 720px) 100vw, 720px\" \/><figcaption class=\"wp-element-caption\">desmontadora de pneus de gancho \u00fanico \u00e0 venda<\/figcaption><\/figure>    <figure class=\"wp-block-image size-full\"><img loading=\"lazy\" decoding=\"async\" width=\"720\" height=\"540\" data-id=\"1872\" src=\"https:\/\/www.plasticgranularmachine.com\/wp-content\/uploads\/2025\/08\/tire-bead-wire-remover-machine.webp\" alt=\"m\u00e1quina removedora de arame de pneu\" class=\"wp-image-1872\" srcset=\"https:\/\/www.plasticgranularmachine.com\/wp-content\/uploads\/2025\/08\/tire-bead-wire-remover-machine.webp 720w, https:\/\/www.plasticgranularmachine.com\/wp-content\/uploads\/2025\/08\/tire-bead-wire-remover-machine-300x225.webp 300w, https:\/\/www.plasticgranularmachine.com\/wp-content\/uploads\/2025\/08\/tire-bead-wire-remover-machine-16x12.webp 16w\" sizes=\"auto, (max-width: 720px) 100vw, 720px\" \/><figcaption class=\"wp-element-caption\">m\u00e1quina removedora de arame de pneu<\/figcaption><\/figure>    <figure class=\"wp-block-image size-large\"><img loading=\"lazy\" decoding=\"async\" width=\"720\" height=\"540\" data-id=\"1862\" src=\"https:\/\/www.plasticgranularmachine.com\/wp-content\/uploads\/2025\/08\/double-hook-tire-debeader-machine.webp\" alt=\"m\u00e1quina despaletizadora de pneus de gancho duplo\" class=\"wp-image-1862\" srcset=\"https:\/\/www.plasticgranularmachine.com\/wp-content\/uploads\/2025\/08\/double-hook-tire-debeader-machine.webp 720w, https:\/\/www.plasticgranularmachine.com\/wp-content\/uploads\/2025\/08\/double-hook-tire-debeader-machine-300x225.webp 300w, https:\/\/www.plasticgranularmachine.com\/wp-content\/uploads\/2025\/08\/double-hook-tire-debeader-machine-16x12.webp 16w\" sizes=\"auto, (max-width: 720px) 100vw, 720px\" \/><figcaption class=\"wp-element-caption\">m\u00e1quina despaletizadora de pneus de gancho duplo<\/figcaption><\/figure> <\/figure>    <h3 class=\"wp-block-heading\">M\u00e1quina de Desenho de Fios de Pneus OTR (para Pneus de 1400-4000 mm)<\/h3>    <p>A m\u00e1quina de descal\u00e7amento de pneus OTR \u00e9 especialmente utilizada para manusear pneus OTR de 1400-4000 mm, incluindo pneus de minera\u00e7\u00e3o, pneus de movimenta\u00e7\u00e3o de terras, pneus de constru\u00e7\u00e3o, etc. Seus par\u00e2metros s\u00e3o os seguintes:<\/p>    <figure class=\"wp-block-table\"><table class=\"has-fixed-layout\"><tbody><tr><td>Nome<\/td><td>m\u00e1quina de desenrolar fios de pneus OTR<\/td><\/tr><tr><td>Capacidade<\/td><td>30 cortes\/h<\/td><\/tr><tr><td>Poder<\/td><td>22+3 KW<\/td><\/tr><tr><td>Tamanho da m\u00e1quina<\/td><td>7.5*2.2*3.3<\/td><\/tr><tr><td>Peso da m\u00e1quina<\/td><td>9500 kg<\/td><\/tr><\/tbody><\/table><\/figure>    <figure class=\"wp-block-gallery has-nested-images columns-default is-cropped wp-block-gallery-3 is-layout-flex wp-block-gallery-is-layout-flex\"> <figure class=\"wp-block-image size-full\"><img loading=\"lazy\" decoding=\"async\" width=\"720\" height=\"540\" data-id=\"1865\" src=\"https:\/\/www.plasticgranularmachine.com\/wp-content\/uploads\/2025\/08\/OTR-tire-debeader-for-sale.webp\" alt=\"M\u00e1quina de desmantelar pneus OTR \u00e0 venda\" class=\"wp-image-1865\" srcset=\"https:\/\/www.plasticgranularmachine.com\/wp-content\/uploads\/2025\/08\/OTR-tire-debeader-for-sale.webp 720w, https:\/\/www.plasticgranularmachine.com\/wp-content\/uploads\/2025\/08\/OTR-tire-debeader-for-sale-300x225.webp 300w, https:\/\/www.plasticgranularmachine.com\/wp-content\/uploads\/2025\/08\/OTR-tire-debeader-for-sale-16x12.webp 16w\" sizes=\"auto, (max-width: 720px) 100vw, 720px\" \/><figcaption class=\"wp-element-caption\">M\u00e1quina de desmantelar pneus OTR \u00e0 venda<\/figcaption><\/figure>    <figure class=\"wp-block-image size-large\"><img loading=\"lazy\" decoding=\"async\" width=\"540\" height=\"720\" data-id=\"1866\" src=\"https:\/\/www.plasticgranularmachine.com\/wp-content\/uploads\/2025\/08\/OTR-tire-steel-wire-drawing-machine.webp\" alt=\"M\u00e1quina de desenrolar fio de a\u00e7o para pneus OTR\" class=\"wp-image-1866\" srcset=\"https:\/\/www.plasticgranularmachine.com\/wp-content\/uploads\/2025\/08\/OTR-tire-steel-wire-drawing-machine.webp 540w, https:\/\/www.plasticgranularmachine.com\/wp-content\/uploads\/2025\/08\/OTR-tire-steel-wire-drawing-machine-225x300.webp 225w, https:\/\/www.plasticgranularmachine.com\/wp-content\/uploads\/2025\/08\/OTR-tire-steel-wire-drawing-machine-9x12.webp 9w\" sizes=\"auto, (max-width: 540px) 100vw, 540px\" \/><figcaption class=\"wp-element-caption\">M\u00e1quina de desenrolar fio de a\u00e7o para pneus OTR<\/figcaption><\/figure>    <figure class=\"wp-block-image size-large\"><img loading=\"lazy\" decoding=\"async\" width=\"540\" height=\"720\" data-id=\"1867\" src=\"https:\/\/www.plasticgranularmachine.com\/wp-content\/uploads\/2025\/08\/OTR-tire-wire-extractor.webp\" alt=\"Extrator de fio para pneus OTR\" class=\"wp-image-1867\" srcset=\"https:\/\/www.plasticgranularmachine.com\/wp-content\/uploads\/2025\/08\/OTR-tire-wire-extractor.webp 540w, https:\/\/www.plasticgranularmachine.com\/wp-content\/uploads\/2025\/08\/OTR-tire-wire-extractor-225x300.webp 225w, https:\/\/www.plasticgranularmachine.com\/wp-content\/uploads\/2025\/08\/OTR-tire-wire-extractor-9x12.webp 9w\" sizes=\"auto, (max-width: 540px) 100vw, 540px\" \/><figcaption class=\"wp-element-caption\">Extrator de fio para pneus OTR<\/figcaption><\/figure> <\/figure>    <h2 class=\"wp-block-heading\">Por Que Escolher Nossa M\u00e1quina Extratora de Fios de Pneus?<\/h2>    <ul class=\"wp-block-list\"> <li><strong>Protege as l\u00e2minas do triturador:<\/strong> Previne que o fio de a\u00e7o danifique as l\u00e2minas do triturador ou do britador<\/li>    <li><strong>Melhora a Efici\u00eancia:<\/strong> O pr\u00e9-tratamento simplifica a tritura\u00e7\u00e3o e moagem de pneus, economizando tempo e energia<\/li>    <li><strong>Recupera\u00e7\u00e3o de A\u00e7o:<\/strong> Os fios de borda extra\u00eddos s\u00e3o recicl\u00e1veis e podem ser vendidos para lucro<\/li>    <li><strong>Estrutura Forte e Componentes Dur\u00e1veis:<\/strong> Estrutura de a\u00e7o de alta resist\u00eancia e ganchos resistentes ao desgaste garantem longa vida \u00fatil<\/li>    <li><strong>Op\u00e7\u00f5es Flex\u00edveis<\/strong>: V\u00e1rios modelos para corresponder a diferentes tamanhos de pneus e n\u00edveis de automa\u00e7\u00e3o<\/li>    <li><strong>Servi\u00e7os Perfeitos:<\/strong> Oferecemos m\u00e1quinas personalizadas, orienta\u00e7\u00e3o t\u00e9cnica, instala\u00e7\u00e3o no local e suporte p\u00f3s-venda abrangente.<\/li> <\/ul>   <div class=\"wp-block-image\"> <figure class=\"aligncenter size-full\"><img loading=\"lazy\" decoding=\"async\" width=\"720\" height=\"540\" src=\"https:\/\/www.plasticgranularmachine.com\/wp-content\/uploads\/2025\/08\/details-of-the-tire-debeader-machine.webp\" alt=\"detalhes da m\u00e1quina desponte de pneus\" class=\"wp-image-1861\" srcset=\"https:\/\/www.plasticgranularmachine.com\/wp-content\/uploads\/2025\/08\/details-of-the-tire-debeader-machine.webp 720w, https:\/\/www.plasticgranularmachine.com\/wp-content\/uploads\/2025\/08\/details-of-the-tire-debeader-machine-300x225.webp 300w, https:\/\/www.plasticgranularmachine.com\/wp-content\/uploads\/2025\/08\/details-of-the-tire-debeader-machine-16x12.webp 16w\" sizes=\"auto, (max-width: 720px) 100vw, 720px\" \/><figcaption class=\"wp-element-caption\">detalhes da m\u00e1quina desponte de pneus<\/figcaption><\/figure> <\/div>   <h2 class=\"wp-block-heading\">Como Funciona a M\u00e1quina de Desenho de Fios de Pneus?<\/h2>    <p>A m\u00e1quina de descolar pneus opera de forma hidr\u00e1ulica. Um gancho de a\u00e7o (simples ou duplo) agarra o fio de a\u00e7o dentro do tal\u00e3o do pneu. Sob for\u00e7a hidr\u00e1ulica, o fio \u00e9 puxado para fora de forma limpa e coletado.<\/p>    <ul class=\"wp-block-list\"> <li>Modelos de gancho \u00fanico removem o tal\u00e3o de um lado de cada vez.<\/li>    <li>O desmanchador de pneus de gancho duplo remove ambos os lados simultaneamente<\/li>    <li>As m\u00e1quinas de desenrolar fio para pneus OTR utilizam pot\u00eancia hidr\u00e1ulica aprimorada e ganchos oversized para pneus de minera\u00e7\u00e3o gigantes.<\/li> <\/ul>    <p>Todos os modelos s\u00e3o constru\u00eddos com estruturas robustas e apresentam um sistema de fixa\u00e7\u00e3o seguro para evitar o deslizamento do pneu durante a opera\u00e7\u00e3o.<\/p>    <figure class=\"wp-block-gallery has-nested-images columns-default is-cropped wp-block-gallery-4 is-layout-flex wp-block-gallery-is-layout-flex\"> <figure class=\"wp-block-image size-large\"><img loading=\"lazy\" decoding=\"async\" width=\"720\" height=\"540\" data-id=\"1871\" src=\"https:\/\/www.plasticgranularmachine.com\/wp-content\/uploads\/2025\/08\/single-hook-tyre-debeader-for-sale.webp\" alt=\"desponte de pneus com gancho \u00fanico \u00e0 venda\" class=\"wp-image-1871\" srcset=\"https:\/\/www.plasticgranularmachine.com\/wp-content\/uploads\/2025\/08\/single-hook-tyre-debeader-for-sale.webp 720w, https:\/\/www.plasticgranularmachine.com\/wp-content\/uploads\/2025\/08\/single-hook-tyre-debeader-for-sale-300x225.webp 300w, https:\/\/www.plasticgranularmachine.com\/wp-content\/uploads\/2025\/08\/single-hook-tyre-debeader-for-sale-16x12.webp 16w\" sizes=\"auto, (max-width: 720px) 100vw, 720px\" \/><figcaption class=\"wp-element-caption\">desponte de pneus com gancho \u00fanico \u00e0 venda<\/figcaption><\/figure>    <figure class=\"wp-block-image size-large\"><img loading=\"lazy\" decoding=\"async\" width=\"720\" height=\"540\" data-id=\"1863\" src=\"https:\/\/www.plasticgranularmachine.com\/wp-content\/uploads\/2025\/08\/double-hook-tire-wire-drawing-machine.webp\" alt=\"m\u00e1quina de desenhar fio de pneu de gancho duplo\" class=\"wp-image-1863\" srcset=\"https:\/\/www.plasticgranularmachine.com\/wp-content\/uploads\/2025\/08\/double-hook-tire-wire-drawing-machine.webp 720w, https:\/\/www.plasticgranularmachine.com\/wp-content\/uploads\/2025\/08\/double-hook-tire-wire-drawing-machine-300x225.webp 300w, https:\/\/www.plasticgranularmachine.com\/wp-content\/uploads\/2025\/08\/double-hook-tire-wire-drawing-machine-16x12.webp 16w\" sizes=\"auto, (max-width: 720px) 100vw, 720px\" \/><figcaption class=\"wp-element-caption\">m\u00e1quina de desenhar fio de pneu de gancho duplo<\/figcaption><\/figure>    <figure class=\"wp-block-image size-large\"><img loading=\"lazy\" decoding=\"async\" width=\"720\" height=\"540\" data-id=\"1865\" src=\"https:\/\/www.plasticgranularmachine.com\/wp-content\/uploads\/2025\/08\/OTR-tire-debeader-for-sale.webp\" alt=\"M\u00e1quina de desmantelar pneus OTR \u00e0 venda\" class=\"wp-image-1865\" srcset=\"https:\/\/www.plasticgranularmachine.com\/wp-content\/uploads\/2025\/08\/OTR-tire-debeader-for-sale.webp 720w, https:\/\/www.plasticgranularmachine.com\/wp-content\/uploads\/2025\/08\/OTR-tire-debeader-for-sale-300x225.webp 300w, https:\/\/www.plasticgranularmachine.com\/wp-content\/uploads\/2025\/08\/OTR-tire-debeader-for-sale-16x12.webp 16w\" sizes=\"auto, (max-width: 720px) 100vw, 720px\" \/><figcaption class=\"wp-element-caption\">M\u00e1quina de desmantelar pneus OTR \u00e0 venda<\/figcaption><\/figure> <\/figure>    <h2 class=\"wp-block-heading\">Como Escolher a M\u00e1quina Desmontadora de Pneus Certa?<\/h2>    <ul class=\"wp-block-list\"> <li>Para a reciclagem de pneus menores (900-1200 mm): Escolha a m\u00e1quina de desenhar fio de pneu com gancho simples ou duplo. A vers\u00e3o de gancho duplo \u00e9 recomendada para necessidades de maior produ\u00e7\u00e3o.<\/li>    <li>Para reciclagem de pneus OTR gigantes (1800-4000 mm): Use o desmonte de pneus OTR \u00e0 venda, especificamente projetado para estruturas de banda de rodagem grossa e laterais pesadas.<\/li> <\/ul>    <p class=\"translation-block\">Por favor, sinta-se \u00e0 vontade para nos enviar os seus requisitos de produ\u00e7\u00e3o, e n\u00f3s recomendaremos ou personalizaremos a m\u00e1quina de remo\u00e7\u00e3o de arame de pneus apropriada para remover eficientemente os aros de a\u00e7o e combin\u00e1-los com m\u00e1quinas de corte de pneus ou trituradores de pneus subsequentes.<\/p>    <h2 class=\"wp-block-heading\">Contacte-nos para M\u00e1quinas Desmontadoras de Pneus \u00e0 Venda<\/h2>    <p>Pronto para melhorar a efici\u00eancia da reciclagem de pneus? Contacte a Shuliy Machinery hoje para um or\u00e7amento personalizado sobre as nossas m\u00e1quinas de despoletar pneus. Os nossos engenheiros ajudar\u00e3o voc\u00ea a selecionar o modelo mais adequado com base nos tipos de pneus, necessidades de produ\u00e7\u00e3o e or\u00e7amento.<\/p>","protected":false},"excerpt":{"rendered":"<p>In the waste tire recycling process, the tire debeader machine is used to extract the embedded steel bead wires from the tires as a crucial first step. This prevents damage to downstream equipment, enhances overall processing efficiency, and enables the separate recovery and recycling of steel wires. We offer a complete line of tire debeader [&hellip;]<\/p>\n","protected":false},"author":1,"featured_media":1863,"parent":0,"template":"","tags":[],"product-type":[75],"class_list":["post-1860","product","type-product","status-publish","has-post-thumbnail","hentry","product-type-tire-recycling-facility"],"_links":{"self":[{"href":"https:\/\/www.plasticgranularmachine.com\/pt\/wp-json\/wp\/v2\/product\/1860","targetHints":{"allow":["GET"]}}],"collection":[{"href":"https:\/\/www.plasticgranularmachine.com\/pt\/wp-json\/wp\/v2\/product"}],"about":[{"href":"https:\/\/www.plasticgranularmachine.com\/pt\/wp-json\/wp\/v2\/types\/product"}],"author":[{"embeddable":true,"href":"https:\/\/www.plasticgranularmachine.com\/pt\/wp-json\/wp\/v2\/users\/1"}],"wp:featuredmedia":[{"embeddable":true,"href":"https:\/\/www.plasticgranularmachine.com\/pt\/wp-json\/wp\/v2\/media\/1863"}],"wp:attachment":[{"href":"https:\/\/www.plasticgranularmachine.com\/pt\/wp-json\/wp\/v2\/media?parent=1860"}],"wp:term":[{"taxonomy":"post_tag","embeddable":true,"href":"https:\/\/www.plasticgranularmachine.com\/pt\/wp-json\/wp\/v2\/tags?post=1860"},{"taxonomy":"product-type","embeddable":true,"href":"https:\/\/www.plasticgranularmachine.com\/pt\/wp-json\/wp\/v2\/product-type?post=1860"}],"curies":[{"name":"wp","href":"https:\/\/api.w.org\/{rel}","templated":true}]}}