{"id":1873,"date":"2025-08-11T15:07:30","date_gmt":"2025-08-11T07:07:30","guid":{"rendered":"https:\/\/www.plasticgranularmachine.com\/?post_type=product&#038;p=1873"},"modified":"2025-08-22T17:23:05","modified_gmt":"2025-08-22T09:23:05","slug":"industrial-cardboard-shredder","status":"publish","type":"product","link":"https:\/\/www.plasticgranularmachine.com\/pt\/product\/industrial-cardboard-shredder\/","title":{"rendered":"Triturador Industrial de Cart\u00e3o para Embalagem"},"content":{"rendered":"<p>Com o r\u00e1pido crescimento das ind\u00fastrias de embalagens e log\u00edstica, a demanda por materiais de amortecimento ecol\u00f3gicos est\u00e1 aumentando\u2014junto com o volume de caixas de papel\u00e3o descartadas. Para apoiar solu\u00e7\u00f5es de embalagem sustent\u00e1veis, a Shuliy oferece trituradores industriais de papel\u00e3o eficientes que transformam caixas de papel\u00e3o ondulado em tiras ou malha de materiais absorvedores de choque, ideais para e-commerce, armaz\u00e9ns, envio de produtos fr\u00e1geis, etc.<\/p>    <figure class=\"wp-block-gallery has-nested-images columns-default is-cropped wp-block-gallery-2 is-layout-flex wp-block-gallery-is-layout-flex\"> <figure class=\"wp-block-image size-large\"><img loading=\"lazy\" decoding=\"async\" width=\"720\" height=\"540\" data-id=\"1881\" src=\"https:\/\/www.plasticgranularmachine.com\/wp-content\/uploads\/2025\/08\/mesh-shapes-products.webp\" alt=\"produtos em formas de malha\" class=\"wp-image-1881\" srcset=\"https:\/\/www.plasticgranularmachine.com\/wp-content\/uploads\/2025\/08\/mesh-shapes-products.webp 720w, https:\/\/www.plasticgranularmachine.com\/wp-content\/uploads\/2025\/08\/mesh-shapes-products-300x225.webp 300w, https:\/\/www.plasticgranularmachine.com\/wp-content\/uploads\/2025\/08\/mesh-shapes-products-16x12.webp 16w\" sizes=\"auto, (max-width: 720px) 100vw, 720px\" \/><figcaption class=\"wp-element-caption\">produtos em forma de malha<\/figcaption><\/figure>    <figure class=\"wp-block-image size-large\"><img loading=\"lazy\" decoding=\"async\" width=\"720\" height=\"540\" data-id=\"1884\" src=\"https:\/\/www.plasticgranularmachine.com\/wp-content\/uploads\/2025\/08\/Strip-shaped-finished-product.webp\" alt=\"Produto acabado em forma de tira\" class=\"wp-image-1884\" srcset=\"https:\/\/www.plasticgranularmachine.com\/wp-content\/uploads\/2025\/08\/Strip-shaped-finished-product.webp 720w, https:\/\/www.plasticgranularmachine.com\/wp-content\/uploads\/2025\/08\/Strip-shaped-finished-product-300x225.webp 300w, https:\/\/www.plasticgranularmachine.com\/wp-content\/uploads\/2025\/08\/Strip-shaped-finished-product-16x12.webp 16w\" sizes=\"auto, (max-width: 720px) 100vw, 720px\" \/><figcaption class=\"wp-element-caption\">Produto acabado em forma de tira<\/figcaption><\/figure> <\/figure>    <h2 class=\"wp-block-heading\">O que pode ser processado pelo nosso triturador industrial de papel\u00e3o?<\/h2>    <p>O triturador de papel\u00e3o \u00e9 utilizado principalmente para processar papel\u00e3o ondulado e caixas descartadas, que frequentemente v\u00eam de armaz\u00e9ns e res\u00edduos de embalagens log\u00edsticas. Esses materiais s\u00e3o volumosos e ocupam espa\u00e7o valioso.<\/p>    <figure class=\"wp-block-gallery has-nested-images columns-default is-cropped wp-block-gallery-3 is-layout-flex wp-block-gallery-is-layout-flex\"> <figure class=\"wp-block-image size-large\"><img loading=\"lazy\" decoding=\"async\" width=\"720\" height=\"540\" data-id=\"1883\" src=\"https:\/\/www.plasticgranularmachine.com\/wp-content\/uploads\/2025\/08\/paper-boxes.webp\" alt=\"caixas de papel\" class=\"wp-image-1883\" srcset=\"https:\/\/www.plasticgranularmachine.com\/wp-content\/uploads\/2025\/08\/paper-boxes.webp 720w, https:\/\/www.plasticgranularmachine.com\/wp-content\/uploads\/2025\/08\/paper-boxes-300x225.webp 300w, https:\/\/www.plasticgranularmachine.com\/wp-content\/uploads\/2025\/08\/paper-boxes-16x12.webp 16w\" sizes=\"auto, (max-width: 720px) 100vw, 720px\" \/><figcaption class=\"wp-element-caption\">caixas de papel<\/figcaption><\/figure>    <figure class=\"wp-block-image size-large\"><img loading=\"lazy\" decoding=\"async\" width=\"720\" height=\"540\" data-id=\"1877\" src=\"https:\/\/www.plasticgranularmachine.com\/wp-content\/uploads\/2025\/08\/corrugated-cardboard.webp\" alt=\"papel\u00e3o ondulado\" class=\"wp-image-1877\" srcset=\"https:\/\/www.plasticgranularmachine.com\/wp-content\/uploads\/2025\/08\/corrugated-cardboard.webp 720w, https:\/\/www.plasticgranularmachine.com\/wp-content\/uploads\/2025\/08\/corrugated-cardboard-300x225.webp 300w, https:\/\/www.plasticgranularmachine.com\/wp-content\/uploads\/2025\/08\/corrugated-cardboard-16x12.webp 16w\" sizes=\"auto, (max-width: 720px) 100vw, 720px\" \/><figcaption class=\"wp-element-caption\">papel\u00e3o ondulado<\/figcaption><\/figure> <\/figure>    <p>Ap\u00f3s o processamento, o papel\u00e3o descartado \u00e9 transformado em um material de enchimento flex\u00edvel e absorvente de choque usado para embalagem. Dois tipos principais de sa\u00eddas est\u00e3o dispon\u00edveis:<\/p>    <figure class=\"wp-block-gallery has-nested-images columns-default is-cropped wp-block-gallery-4 is-layout-flex wp-block-gallery-is-layout-flex\"> <figure class=\"wp-block-image size-large\"><img loading=\"lazy\" decoding=\"async\" width=\"720\" height=\"540\" data-id=\"1885\" src=\"https:\/\/www.plasticgranularmachine.com\/wp-content\/uploads\/2025\/08\/The-finished-product-of-the-cardboard-shredder.webp\" alt=\"O produto acabado do triturador de papel\u00e3o\" class=\"wp-image-1885\" srcset=\"https:\/\/www.plasticgranularmachine.com\/wp-content\/uploads\/2025\/08\/The-finished-product-of-the-cardboard-shredder.webp 720w, https:\/\/www.plasticgranularmachine.com\/wp-content\/uploads\/2025\/08\/The-finished-product-of-the-cardboard-shredder-300x225.webp 300w, https:\/\/www.plasticgranularmachine.com\/wp-content\/uploads\/2025\/08\/The-finished-product-of-the-cardboard-shredder-16x12.webp 16w\" sizes=\"auto, (max-width: 720px) 100vw, 720px\" \/><figcaption class=\"wp-element-caption\">O produto acabado do triturador de papel\u00e3o<\/figcaption><\/figure>    <figure class=\"wp-block-image size-large\"><img loading=\"lazy\" decoding=\"async\" width=\"720\" height=\"540\" data-id=\"1876\" src=\"https:\/\/www.plasticgranularmachine.com\/wp-content\/uploads\/2025\/08\/cardboard-shredder-produces-strip-shaped-products.webp\" alt=\"o triturador de papel\u00e3o produz produtos em forma de tira\" class=\"wp-image-1876\" srcset=\"https:\/\/www.plasticgranularmachine.com\/wp-content\/uploads\/2025\/08\/cardboard-shredder-produces-strip-shaped-products.webp 720w, https:\/\/www.plasticgranularmachine.com\/wp-content\/uploads\/2025\/08\/cardboard-shredder-produces-strip-shaped-products-300x225.webp 300w, https:\/\/www.plasticgranularmachine.com\/wp-content\/uploads\/2025\/08\/cardboard-shredder-produces-strip-shaped-products-16x12.webp 16w\" sizes=\"auto, (max-width: 720px) 100vw, 720px\" \/><figcaption class=\"wp-element-caption\">o triturador de papel\u00e3o produz produtos em forma de tira<\/figcaption><\/figure> <\/figure>    <ul class=\"wp-block-list\"> <li>Estilo de malha (favo de mel) <ul class=\"wp-block-list\"> <li>Age como um amortecedor de papel<\/li>    <li>Ideal para envolver itens fr\u00e1geis (vidro, cer\u00e2mica, eletr\u00f4nicos)<\/li>    <li>Airt, flex\u00edvel e respir\u00e1vel<\/li>    <li>Semelhante ao pl\u00e1stico bolha, mas 100% biodegrad\u00e1vel<\/li> <\/ul> <\/li>    <li>Estilo de tira (fita) <ul class=\"wp-block-list\"> <li>Usado para preencher espa\u00e7os vazios dentro das caixas<\/li>    <li>Fornece prote\u00e7\u00e3o contra vibra\u00e7\u00f5es e compress\u00e3o<\/li>    <li>Adequado para amortecer produtos pesados ou de formato irregular<\/li> <\/ul> <\/li> <\/ul>    <figure class=\"wp-block-gallery has-nested-images columns-default is-cropped wp-block-gallery-5 is-layout-flex wp-block-gallery-is-layout-flex\"> <figure class=\"wp-block-image size-large\"><img loading=\"lazy\" decoding=\"async\" width=\"720\" height=\"540\" data-id=\"1879\" src=\"https:\/\/www.plasticgranularmachine.com\/wp-content\/uploads\/2025\/08\/filling-material.webp\" alt=\"material de enchimento\" class=\"wp-image-1879\" srcset=\"https:\/\/www.plasticgranularmachine.com\/wp-content\/uploads\/2025\/08\/filling-material.webp 720w, https:\/\/www.plasticgranularmachine.com\/wp-content\/uploads\/2025\/08\/filling-material-300x225.webp 300w, https:\/\/www.plasticgranularmachine.com\/wp-content\/uploads\/2025\/08\/filling-material-16x12.webp 16w\" sizes=\"auto, (max-width: 720px) 100vw, 720px\" \/><figcaption class=\"wp-element-caption\">material de enchimento<\/figcaption><\/figure>    <figure class=\"wp-block-image size-large\"><img loading=\"lazy\" decoding=\"async\" width=\"720\" height=\"540\" data-id=\"1878\" src=\"https:\/\/www.plasticgranularmachine.com\/wp-content\/uploads\/2025\/08\/filler.webp\" alt=\"enchimento\" class=\"wp-image-1878\" srcset=\"https:\/\/www.plasticgranularmachine.com\/wp-content\/uploads\/2025\/08\/filler.webp 720w, https:\/\/www.plasticgranularmachine.com\/wp-content\/uploads\/2025\/08\/filler-300x225.webp 300w, https:\/\/www.plasticgranularmachine.com\/wp-content\/uploads\/2025\/08\/filler-16x12.webp 16w\" sizes=\"auto, (max-width: 720px) 100vw, 720px\" \/><figcaption class=\"wp-element-caption\">enchimento<\/figcaption><\/figure> <\/figure>    <h2 class=\"wp-block-heading\">O que nosso triturador de caixas de papel\u00e3o pode trazer para voc\u00ea?<\/h2>    <ul class=\"wp-block-list\"> <li>Permite a reciclagem no local de papel\u00e3o descartado para apoiar embalagens ecol\u00f3gicas<\/li>    <li>Reduz significativamente os custos com espuma, pl\u00e1stico bolha e outros enchimentos<\/li>    <li>Design compacto da m\u00e1quina com pequena \u00e1rea ocupada\u2014ideal para qualquer esta\u00e7\u00e3o de embalagem<\/li>    <li>Suporta tanto sa\u00edda em tira quanto em malha para atender a diversas necessidades de embalagem<\/li>    <li>Sa\u00edda reciclada de alta margem\u2014perfeita para r\u00e1pido ROI em opera\u00e7\u00f5es de e-commerce<\/li>    <li>Tens\u00e3o, plugue e especifica\u00e7\u00f5es personaliz\u00e1veis dispon\u00edveis para diferentes pa\u00edses<\/li> <\/ul>   <div class=\"wp-block-image\"> <figure class=\"aligncenter size-full\"><img loading=\"lazy\" decoding=\"async\" width=\"720\" height=\"540\" src=\"https:\/\/www.plasticgranularmachine.com\/wp-content\/uploads\/2025\/08\/cardboard-box-shredder.webp\" alt=\"triturador de caixa de papel\u00e3o\" class=\"wp-image-1874\" srcset=\"https:\/\/www.plasticgranularmachine.com\/wp-content\/uploads\/2025\/08\/cardboard-box-shredder.webp 720w, https:\/\/www.plasticgranularmachine.com\/wp-content\/uploads\/2025\/08\/cardboard-box-shredder-300x225.webp 300w, https:\/\/www.plasticgranularmachine.com\/wp-content\/uploads\/2025\/08\/cardboard-box-shredder-16x12.webp 16w\" sizes=\"auto, (max-width: 720px) 100vw, 720px\" \/><figcaption class=\"wp-element-caption\">triturador de caixa de papel\u00e3o<\/figcaption><\/figure> <\/div>   <h2 class=\"wp-block-heading\">Dados t\u00e9cnicos dos trituradores de papel e papel\u00e3o<\/h2>    <p>Alguns par\u00e2metros dos trituradores industriais de papel\u00e3o s\u00e3o os seguintes. Se voc\u00ea quiser saber mais, sinta-se \u00e0 vontade para nos contatar!<\/p>    <figure class=\"wp-block-table\"><table><thead><tr><th>Modelo<\/th><th><strong>SL-325<\/strong><\/th><th><strong>SL-425<\/strong><\/th><\/tr><\/thead><tbody><tr><td><strong>Largura m\u00e1xima de tritura\u00e7\u00e3o<\/strong><\/td><td>325mm<\/td><td>425mm<\/td><\/tr><tr><td><strong>Compatibilidade de material<\/strong><\/td><td>3-5 camadas de papel\u00e3o ondulado, caixas de papel\u00e3o<\/td><td>5-7 camadas de papel\u00e3o ondulado, caixas grossas<\/td><\/tr><tr><td><strong>Estilo de tritura\u00e7\u00e3o<\/strong><\/td><td>Corte em tira \/ Corte em rede (ajust\u00e1vel)<\/td><td>Corte em tira \/ Corte em rede (ajust\u00e1vel)<\/td><\/tr><tr><td><strong>Uso do produto final<\/strong><\/td><td>Enchimento de embalagem protetora, malha absorvente de choque<\/td><td>Enchimento de embalagem protetora, malha absorvente de choque<\/td><\/tr><tr><td><strong>Largura de entrada<\/strong><\/td><td>20mm<\/td><td>20mm<\/td><\/tr><tr><td><strong>Tens\u00e3o (personaliz\u00e1vel)<\/strong><\/td><td>220V 50Hz (plugue\/tens\u00e3o personalizados dispon\u00edveis)<\/td><td>380V 50Hz (plugue\/tens\u00e3o personalizados dispon\u00edveis)<\/td><\/tr><tr><td><strong>Consumo de energia<\/strong><\/td><td>1.5KW<\/td><td>2.2kW<\/td><\/tr><tr><td><strong>Velocidade de tritura\u00e7\u00e3o<\/strong><\/td><td>12m\/min<\/td><td>12m\/min<\/td><\/tr><tr><td><strong>Peso l\u00edquido<\/strong><\/td><td>86.5Kg<\/td><td>164Kg<\/td><\/tr><tr><td><strong>Dimens\u00f5es da m\u00e1quina (C*L*A)<\/strong><\/td><td>500*350*830mm<\/td><td>700*680*970mm<\/td><\/tr><tr><td><strong>Aplica\u00e7\u00f5es t\u00edpicas<\/strong><\/td><td>Embalagem de e-commerce, reciclagem de res\u00edduos de armaz\u00e9m<\/td><td>Processamento industrial de papel\u00e3o, centros de embalagem<\/td><\/tr><tr><td><strong>Destaque dos benef\u00edcios<\/strong><\/td><td>Economize custos com pl\u00e1stico bolha\/espuma, tamanho compacto, r\u00e1pido ROI<\/td><td>Economize custos de material de embalagem, alta compatibilidade<\/td><\/tr><\/tbody><\/table><\/figure>   <div class=\"wp-block-image\"> <figure class=\"aligncenter size-large\"><img loading=\"lazy\" decoding=\"async\" width=\"720\" height=\"540\" src=\"https:\/\/www.plasticgranularmachine.com\/wp-content\/uploads\/2025\/08\/two-types-of-industrial-cardboard-shredder.webp\" alt=\"dois tipos de triturador industrial de papel\u00e3o\" class=\"wp-image-1886\" srcset=\"https:\/\/www.plasticgranularmachine.com\/wp-content\/uploads\/2025\/08\/two-types-of-industrial-cardboard-shredder.webp 720w, https:\/\/www.plasticgranularmachine.com\/wp-content\/uploads\/2025\/08\/two-types-of-industrial-cardboard-shredder-300x225.webp 300w, https:\/\/www.plasticgranularmachine.com\/wp-content\/uploads\/2025\/08\/two-types-of-industrial-cardboard-shredder-16x12.webp 16w\" sizes=\"auto, (max-width: 720px) 100vw, 720px\" \/><figcaption class=\"wp-element-caption\">dois tipos de triturador industrial de papel\u00e3o<\/figcaption><\/figure> <\/div>   <h2 class=\"wp-block-heading\">Como funciona o triturador de papel para papel\u00e3o?<\/h2>    <p>O triturador industrial de papel\u00e3o da Shuliy processa papel\u00e3o ondulado descartado em material de amortecimento atrav\u00e9s de um processo mec\u00e2nico seguro e eficiente. Veja como funciona:<\/p>    <ul class=\"wp-block-list\"> <li><strong>Alimentando o papel\u00e3o:<\/strong> Insira papel\u00e3o ondulado plano na entrada frontal de 20 mm. Adequado para papel\u00e3o empilhado.<\/li>    <li><strong>Mecanismo de transporte: <\/strong>Rolamentos internos puxam automaticamente o papel\u00e3o, garantindo press\u00e3o uniforme e movimento suave.<\/li>    <li><strong>Corte e expans\u00e3o:<\/strong> O papel\u00e3o passa por um rolo de corte com l\u00e2minas afiadas. Tanto os tipos de malha quanto de tira est\u00e3o dispon\u00edveis. E o m\u00f3dulo da l\u00e2mina pode ser alternado manualmente entre os estilos.<\/li>    <li><strong>Achatar e expandir:<\/strong> Para o estilo de malha, a caixa de papel \u00e9 levemente esticada durante o corte, permitindo que as camadas se separem para flexibilidade.<\/li>    <li><strong>Descarga de sa\u00edda:<\/strong> O material processado \u00e9 expelido pela parte traseira, pronto para uso como enchimento de embalagem.<\/li>    <li><strong>Opera\u00e7\u00e3o sem poeira e segura:<\/strong> O processo \u00e9 sem poeira, opera silenciosamente e inclui recursos de seguran\u00e7a para prevenir les\u00f5es nas m\u00e3os.<\/li> <\/ul>   <div class=\"wp-block-image\"> <figure class=\"aligncenter size-full\"><img loading=\"lazy\" decoding=\"async\" width=\"720\" height=\"540\" src=\"https:\/\/www.plasticgranularmachine.com\/wp-content\/uploads\/2025\/08\/working-process-of-the-paper-shredder-for-cardboard.webp\" alt=\"processo de trabalho do triturador de papel para papel\u00e3o\" class=\"wp-image-1887\" srcset=\"https:\/\/www.plasticgranularmachine.com\/wp-content\/uploads\/2025\/08\/working-process-of-the-paper-shredder-for-cardboard.webp 720w, https:\/\/www.plasticgranularmachine.com\/wp-content\/uploads\/2025\/08\/working-process-of-the-paper-shredder-for-cardboard-300x225.webp 300w, https:\/\/www.plasticgranularmachine.com\/wp-content\/uploads\/2025\/08\/working-process-of-the-paper-shredder-for-cardboard-16x12.webp 16w\" sizes=\"auto, (max-width: 720px) 100vw, 720px\" \/><figcaption class=\"wp-element-caption\">processo de trabalho do triturador de papel para papel\u00e3o<\/figcaption><\/figure> <\/div>   <h2 class=\"wp-block-heading\">Veja a Nossa Trituradora de Cart\u00e3o em A\u00e7\u00e3o<\/h2>    <figure class=\"wp-block-embed is-type-video is-provider-youtube wp-block-embed-youtube wp-embed-aspect-16-9 wp-has-aspect-ratio\"><div class=\"wp-block-embed__wrapper\"> <iframe loading=\"lazy\" title=\"A M\u00e1quina de Embalagem Definitiva? Triturar Cart\u00e3o, Espuma EPE e Folha de Alum\u00ednio\" width=\"500\" height=\"281\" src=\"https:\/\/www.youtube.com\/embed\/WT6cmb7mtqQ?feature=oembed\" frameborder=\"0\" allow=\"accelerometer; autoplay; clipboard-write; encrypted-media; gyroscope; picture-in-picture; web-share\" referrerpolicy=\"strict-origin-when-cross-origin\" allowfullscreen><\/iframe> <\/div><\/figure>    <h2 class=\"wp-block-heading\">Confi\u00e1vel por clientes globais<\/h2>    <p class=\"translation-block\">As m\u00e1quinas trituradoras industriais de cart\u00e3o da Shuliy foram entregues com sucesso a clientes em todo o mundo e s\u00e3o amplamente utilizadas em embalagens de com\u00e9rcio electr\u00f3nico, log\u00edstica e embalo agr\u00edcola. Muitos clientes tamb\u00e9m escolhem o nosso <a href=\"https:\/\/www.plasticgranularmachine.com\/pt\/product\/egg-tray-making-machine\/\" data-type=\"link\" data-id=\"https:\/\/www.plasticgranularmachine.com\/product\/egg-tray-making-machine\/\">equipamento de tabulete de ovos<\/a> para reciclar papel residual para maior lucro. Quer necessite sa\u00edda em tipo rede ou tipo faixa, apoiamos a personaliza\u00e7\u00e3o para cumprir as normas locais de voltagem e tomadas.<\/p>    <p>Pronto para atualizar seu processo de embalagem? Entre em contato conosco hoje para um or\u00e7amento gratuito!<\/p>    <figure class=\"wp-block-gallery has-nested-images columns-default is-cropped wp-block-gallery-6 is-layout-flex wp-block-gallery-is-layout-flex\"> <figure class=\"wp-block-image size-large\"><img loading=\"lazy\" decoding=\"async\" width=\"720\" height=\"540\" data-id=\"1882\" src=\"https:\/\/www.plasticgranularmachine.com\/wp-content\/uploads\/2025\/08\/paper-and-cardboard-shredder-to-Peru.webp\" alt=\"triturador de papel e papel\u00e3o para o Peru\" class=\"wp-image-1882\" srcset=\"https:\/\/www.plasticgranularmachine.com\/wp-content\/uploads\/2025\/08\/paper-and-cardboard-shredder-to-Peru.webp 720w, https:\/\/www.plasticgranularmachine.com\/wp-content\/uploads\/2025\/08\/paper-and-cardboard-shredder-to-Peru-300x225.webp 300w, https:\/\/www.plasticgranularmachine.com\/wp-content\/uploads\/2025\/08\/paper-and-cardboard-shredder-to-Peru-16x12.webp 16w\" sizes=\"auto, (max-width: 720px) 100vw, 720px\" \/><figcaption class=\"wp-element-caption\">triturador de papel e papel\u00e3o para o Peru<\/figcaption><\/figure>    <figure class=\"wp-block-image size-large\"><img loading=\"lazy\" decoding=\"async\" width=\"720\" height=\"540\" data-id=\"1880\" src=\"https:\/\/www.plasticgranularmachine.com\/wp-content\/uploads\/2025\/08\/industrial-cardboard-shredder-to-Canada.webp\" alt=\"triturador industrial de papel\u00e3o para o Canad\u00e1\" class=\"wp-image-1880\" srcset=\"https:\/\/www.plasticgranularmachine.com\/wp-content\/uploads\/2025\/08\/industrial-cardboard-shredder-to-Canada.webp 720w, https:\/\/www.plasticgranularmachine.com\/wp-content\/uploads\/2025\/08\/industrial-cardboard-shredder-to-Canada-300x225.webp 300w, https:\/\/www.plasticgranularmachine.com\/wp-content\/uploads\/2025\/08\/industrial-cardboard-shredder-to-Canada-16x12.webp 16w\" sizes=\"auto, (max-width: 720px) 100vw, 720px\" \/><figcaption class=\"wp-element-caption\">triturador industrial de papel\u00e3o para o Canad\u00e1<\/figcaption><\/figure>    <figure class=\"wp-block-image size-large\"><img loading=\"lazy\" decoding=\"async\" width=\"720\" height=\"540\" data-id=\"1875\" src=\"https:\/\/www.plasticgranularmachine.com\/wp-content\/uploads\/2025\/08\/cardboard-paper-shredding-machine-exported-to-Malaysia.webp\" alt=\"m\u00e1quina de tritura\u00e7\u00e3o de papel\u00e3o exportada para a Mal\u00e1sia\" class=\"wp-image-1875\" srcset=\"https:\/\/www.plasticgranularmachine.com\/wp-content\/uploads\/2025\/08\/cardboard-paper-shredding-machine-exported-to-Malaysia.webp 720w, https:\/\/www.plasticgranularmachine.com\/wp-content\/uploads\/2025\/08\/cardboard-paper-shredding-machine-exported-to-Malaysia-300x225.webp 300w, https:\/\/www.plasticgranularmachine.com\/wp-content\/uploads\/2025\/08\/cardboard-paper-shredding-machine-exported-to-Malaysia-16x12.webp 16w\" sizes=\"auto, (max-width: 720px) 100vw, 720px\" \/><figcaption class=\"wp-element-caption\">m\u00e1quina de tritura\u00e7\u00e3o de papel\u00e3o exportada para a Mal\u00e1sia<\/figcaption><\/figure> <\/figure>","protected":false},"excerpt":{"rendered":"<p>With the rapid growth of the packaging and logistics industries, the demand for eco-friendly cushioning materials is increasing\u2014along with the volume of discarded cardboard boxes. To support sustainable packaging solutions, Shuliy offers efficient industrial cardboard shredders that turn waste corrugated boxes into strips or mesh shock-absorbing fillers, ideal for e-commerce, warehousing, shipping fragile goods, etc. [&hellip;]<\/p>\n","protected":false},"author":1,"featured_media":1874,"parent":0,"template":"","tags":[],"product-type":[79],"class_list":["post-1873","product","type-product","status-publish","has-post-thumbnail","hentry","product-type-paper-recycling-machine"],"_links":{"self":[{"href":"https:\/\/www.plasticgranularmachine.com\/pt\/wp-json\/wp\/v2\/product\/1873","targetHints":{"allow":["GET"]}}],"collection":[{"href":"https:\/\/www.plasticgranularmachine.com\/pt\/wp-json\/wp\/v2\/product"}],"about":[{"href":"https:\/\/www.plasticgranularmachine.com\/pt\/wp-json\/wp\/v2\/types\/product"}],"author":[{"embeddable":true,"href":"https:\/\/www.plasticgranularmachine.com\/pt\/wp-json\/wp\/v2\/users\/1"}],"wp:featuredmedia":[{"embeddable":true,"href":"https:\/\/www.plasticgranularmachine.com\/pt\/wp-json\/wp\/v2\/media\/1874"}],"wp:attachment":[{"href":"https:\/\/www.plasticgranularmachine.com\/pt\/wp-json\/wp\/v2\/media?parent=1873"}],"wp:term":[{"taxonomy":"post_tag","embeddable":true,"href":"https:\/\/www.plasticgranularmachine.com\/pt\/wp-json\/wp\/v2\/tags?post=1873"},{"taxonomy":"product-type","embeddable":true,"href":"https:\/\/www.plasticgranularmachine.com\/pt\/wp-json\/wp\/v2\/product-type?post=1873"}],"curies":[{"name":"wp","href":"https:\/\/api.w.org\/{rel}","templated":true}]}}