{"id":1971,"date":"2025-10-20T14:54:33","date_gmt":"2025-10-20T06:54:33","guid":{"rendered":"https:\/\/www.plasticgranularmachine.com\/?post_type=product&#038;p=1971"},"modified":"2025-10-20T14:54:33","modified_gmt":"2025-10-20T06:54:33","slug":"egg-tray-dryer","status":"publish","type":"product","link":"https:\/\/www.plasticgranularmachine.com\/pt\/product\/egg-tray-dryer\/","title":{"rendered":"Secador de bandejas de ovos para a sua linha de produ\u00e7\u00e3o de bandejas de ovos"},"content":{"rendered":"<p>Os secadores de tray egg s\u00e3o tipicamente utilizados com m\u00e1quinas de forma\u00e7\u00e3o de tray egg para secar rapidamente tray eggs h\u00famidos ap\u00f3s moldagem, melhorando a efici\u00eancia e estabilidade da produ\u00e7\u00e3o. Um sistema de secagem de tray egg fi\u00e1vel garante opera\u00e7\u00e3o suave e cont\u00ednua, enquanto reduz o consumo de energia. <\/p>    <p>Oferecemos solu\u00e7\u00f5es abrangentes e personaliz\u00e1veis para secagem de bandejas de papel, desenhadas para atender \u00e0 sua escala de produ\u00e7\u00e3o espec\u00edfica e necessidades de mat\u00e9ria-prima.<\/p>    <h2 class=\"wp-block-heading\">V\u00e1rios Secadores de Tray Egg dispon\u00edveis para sele\u00e7\u00e3o<\/h2>    <p>Existem v\u00e1rios tipos de sistemas de secagem de tray egg dispon\u00edveis, dependendo do tamanho da f\u00e1brica, or\u00e7amento e condi\u00e7\u00f5es energ\u00e9ticas locais. Sinta-se \u00e0 vontade para contactar-nos para recomenda\u00e7\u00f5es e equipamentos personalizados.<\/p>    <figure class=\"wp-block-table\"><table><thead><tr><th>Secador de Tray Egg de Metal<\/th><th>Sala de Secagem de Tijolo<\/th><th>M\u00e9todo de Secagem Natural<\/th><\/tr><\/thead><tbody><tr><td>Alta efici\u00eancia, automa\u00e7\u00e3o total<\/td><td>Secagem integrada, Escolha Equilibrada<\/td><td>Baixo Custo, Espa\u00e7o Pesado<\/td><\/tr><tr><td>\u2022 Investimento Inicial M\u00e1ximo<br>\u2022 N\u00e3o requer \u00c1rea Externa de Secagem<br>\u2022 Secagem mais r\u00e1pida e mais consistente<br>\u2022 Maior Espa\u00e7o de Piso da Planta Necess\u00e1rio<br>\u2022 Produ\u00e7\u00e3o: 1500-7,000 p\/h<\/td><td>\u2022 Investimento Moderado<br>\u2022 N\u00e3o requer \u00c1rea Externa de Secagem<br>\u2022 Tempo de Secagem Independente do Clima &amp; Cont\u00ednuo<br>\u2022 M\u00e9dia efici\u00eancia &amp; Pegada de espa\u00e7o<br>\u2022 Output: 1.000 \u2013 7.000 pcs\/h<\/td><td>\u2022 Investimento Inicial M\u00ednimo<br>\u2022 Grande P\u00e1tio de Secagem Necess\u00e1rio (\u2265500 m\u00b2)<br>\u2022 Dependente do tempo<br>\u2022 Ciclo de produ\u00e7\u00e3o mais longo<br>\u2022 Output: 1.000 \u2013 2.500 pcs\/h<\/td><\/tr><tr><td><strong>Combust\u00edvel Ideal:<\/strong> G\u00e1s natural, gas\u00f3leo, etc.<\/td><td><strong>Combust\u00edvel Ideal:<\/strong> Carv\u00e3o, biomassa (como cavacos de madeira, palha)<\/td><td>N\u00e3o \u00e9 necess\u00e1rio combust\u00edvel<\/td><\/tr><tr><td><strong>Ideal para:<\/strong>&nbsp;Startups com or\u00e7amento baixo e amplo espa\u00e7o livre.<\/td><td><strong>Ideal para:<\/strong>&nbsp;Neg\u00f3cios em crescimento procurando o melhor equil\u00edbrio entre custo e efici\u00eancia.<\/td><td><strong>Ideal para:<\/strong>&nbsp;Grandes produtores que d\u00e3o prioridade \u00e0 produ\u00e7\u00e3o, velocidade e automa\u00e7\u00e3o.<\/td><\/tr><\/tbody><\/table><\/figure>    <h2 class=\"wp-block-heading\">Detalhes dos nossos Sistemas de Secagem de Tray Egg<\/h2>    <h3 class=\"wp-block-heading\">Secagem Multiplos N\u00edveis de Metal<\/h3>   <div class=\"wp-block-image\"> <figure class=\"aligncenter size-full\"><img loading=\"lazy\" decoding=\"async\" width=\"720\" height=\"540\" src=\"https:\/\/www.plasticgranularmachine.com\/wp-content\/uploads\/2025\/10\/metal-egg-tray-dryer-machine.webp\" alt=\"M\u00e1quina de secagem de tray egg de metal\" class=\"wp-image-1974\" srcset=\"https:\/\/www.plasticgranularmachine.com\/wp-content\/uploads\/2025\/10\/metal-egg-tray-dryer-machine.webp 720w, https:\/\/www.plasticgranularmachine.com\/wp-content\/uploads\/2025\/10\/metal-egg-tray-dryer-machine-300x225.webp 300w, https:\/\/www.plasticgranularmachine.com\/wp-content\/uploads\/2025\/10\/metal-egg-tray-dryer-machine-16x12.webp 16w\" sizes=\"auto, (max-width: 720px) 100vw, 720px\" \/><figcaption class=\"wp-element-caption\">M\u00e1quina de secagem de tray egg de metal<\/figcaption><\/figure> <\/div>   <p>Este sistema de secagem de tray egg de metal inclui ventiladores, placas de distribui\u00e7\u00e3o de ar, bandejas, correias transportadoras por corrente, etc. Bandejas \u00famidas s\u00e3o formadas e colocadas nas correias de secagem. As bandejas s\u00e3o ent\u00e3o transportadas para a c\u00e2mara de secagem, onde s\u00e3o aquecidas de forma uniforme e secas atrav\u00e9s de um sistema de circula\u00e7\u00e3o de ar quente. <\/p>    <ul class=\"wp-block-list\"> <li>Temperatura de secagem: 180-200 \u00b0C<\/li>    <li>Dura\u00e7\u00e3o de secagem: 25-30 min<\/li>    <li>Tens\u00e3o: 380v, 50hz (Personaliz\u00e1vel)<\/li> <\/ul>    <figure class=\"wp-block-table\"><table><tbody><tr><td>Modelo<\/td><td>SL-1500<\/td><td>SL-2500<\/td><td>SL-3000<\/td><td>SL-4500<\/td><td>SL-5000<\/td><td>SL-7000<\/td><\/tr><tr><td>Produ\u00e7\u00e3o (p\u00e7\/h)<\/td><td>1500<\/td><td>2500<\/td><td>3000<\/td><td>4500<\/td><td>5000<\/td><td>7000<\/td><\/tr><tr><td>Peso (T)<\/td><td>20<\/td><td>29<\/td><td>30<\/td><td>35<\/td><td>38<\/td><td>50<\/td><\/tr><tr><td>Valor Calor\u00edfico da fornalha de combust\u00e3o<\/td><td>90<\/td><td>130<\/td><td>130<\/td><td>150<\/td><td>150<\/td><td>190<\/td><\/tr><tr><td>Tamanho do Tray Egg Dryer<\/td><td>21,5*2,2*2,4 m<\/td><td>22,5*1,9*3,4 m<\/td><td>22,5*2,2*3,4 m<\/td><td>28,5*2,2*3,4 m<\/td><td>28,5*2,2*3,4 m<\/td><td>34,5*2,5*3,6 m<\/td><\/tr><tr><td>\u00c1rea de Secagem (L*W*H)<\/td><td>\u226540*15*5 m<\/td><td>\u226540*15*5 m<\/td><td>\u226540*15*5 m<\/td><td>\u226550*15*5 m<\/td><td>\u226550*15*5 m<\/td><td>\u226550*15*5 m<\/td><\/tr><\/tbody><\/table><\/figure>    <h3 class=\"wp-block-heading\">M\u00e1quinas de secagem para forno de tijolo<\/h3>   <div class=\"wp-block-image\"> <figure class=\"aligncenter size-full\"><img loading=\"lazy\" decoding=\"async\" width=\"720\" height=\"540\" src=\"https:\/\/www.plasticgranularmachine.com\/wp-content\/uploads\/2025\/10\/Brick-kiln-drying.webp\" alt=\"Secagem de forno de tijolo\" class=\"wp-image-1972\" srcset=\"https:\/\/www.plasticgranularmachine.com\/wp-content\/uploads\/2025\/10\/Brick-kiln-drying.webp 720w, https:\/\/www.plasticgranularmachine.com\/wp-content\/uploads\/2025\/10\/Brick-kiln-drying-300x225.webp 300w, https:\/\/www.plasticgranularmachine.com\/wp-content\/uploads\/2025\/10\/Brick-kiln-drying-16x12.webp 16w\" sizes=\"auto, (max-width: 720px) 100vw, 720px\" \/><figcaption class=\"wp-element-caption\">Secagem de forno de tijolo<\/figcaption><\/figure> <\/div>   <p>A sala de secagem de tijolo \u00e9 constru\u00edda com tijolos e bet\u00e3o. O calor \u00e9 gerado na c\u00e2mara de combust\u00e3o pela queima de combust\u00edvel de biomassa, proporcionando uma secagem est\u00e1vel para tray eggs h\u00famidos.<\/p>    <ul class=\"wp-block-list\"> <li>Temperatura de secagem: 180-200 \u00b0C<\/li>    <li>Dura\u00e7\u00e3o da secagem: 1-2 h<\/li>    <li>Tens\u00e3o: 380v, 50hz (Personaliz\u00e1vel)<\/li> <\/ul>    <figure class=\"wp-block-table\"><table><tbody><tr><td>Modelo<\/td><td>SL-1-4<\/td><td>SL-3-4<\/td><td>SL-4-4<\/td><td>SL-4-8<\/td><td>SL-5-8<\/td><td>SL-6-8<\/td><\/tr><tr><td>Produ\u00e7\u00e3o (p\u00e7\/h)<\/td><td>1500<\/td><td>2000<\/td><td>2500<\/td><td>5000<\/td><td>6000<\/td><td>7000<\/td><\/tr><tr><td>Pot\u00eancia (kW)<\/td><td>18<\/td><td>18<\/td><td>18<\/td><td>18<\/td><td>25<\/td><td>36<\/td><\/tr><tr><td>Peso (T)<\/td><td>6<\/td><td>7<\/td><td>7.5<\/td><td>10<\/td><td>12<\/td><td>20<\/td><\/tr><tr><td>\u00c1rea de Secagem (m)<\/td><td>\u226540*10<\/td><td>\u226550*10<\/td><td>\u226550*10<\/td><td>\u226555*15<\/td><td>\u226565*15<\/td><td>\u226575*15<\/td><\/tr><\/tbody><\/table><\/figure>    <p class=\"translation-block\"><em>Nota: a \u00e1rea de secagem \u00e9 apenas o m\u00ednimo necess\u00e1rio para a opera\u00e7\u00e3o do equipamento. O layout real deve considerar espa\u00e7o operacional e de manuten\u00e7\u00e3o.<\/em> <em>Por favor contacte-nos para recomenda\u00e7\u00f5es.<\/em><\/p>    <h3 class=\"wp-block-heading\">Sistema de Secagem de Tray Egg Natural<\/h3>   <div class=\"wp-block-image\"> <figure class=\"aligncenter size-full\"><img loading=\"lazy\" decoding=\"async\" width=\"720\" height=\"540\" src=\"https:\/\/www.plasticgranularmachine.com\/wp-content\/uploads\/2025\/10\/natural-egg-tray-drying.webp\" alt=\"secagem natural de tray egg\" class=\"wp-image-1975\" srcset=\"https:\/\/www.plasticgranularmachine.com\/wp-content\/uploads\/2025\/10\/natural-egg-tray-drying.webp 720w, https:\/\/www.plasticgranularmachine.com\/wp-content\/uploads\/2025\/10\/natural-egg-tray-drying-300x225.webp 300w, https:\/\/www.plasticgranularmachine.com\/wp-content\/uploads\/2025\/10\/natural-egg-tray-drying-16x12.webp 16w\" sizes=\"auto, (max-width: 720px) 100vw, 720px\" \/><figcaption class=\"wp-element-caption\">secagem natural de tray egg<\/figcaption><\/figure> <\/div>   <p>Para oficinas pequenas ou regi\u00f5es com climas quentes, a secagem natural pode ser usada como um m\u00e9todo de secagem simples e de baixo custo. Podemos fornecer designs de layout e suportos de secagem para apoiar este processo.<\/p>    <ul class=\"wp-block-list\"> <li>Tempo de secagem: levar\u00e1 de v\u00e1rias horas a v\u00e1rios dias, dependendo das condi\u00e7\u00f5es meteorol\u00f3gicas, como temperatura, humidade, velocidade do vento e luz solar.<\/li>    <li>\u00c1rea de Secagem: Requer uma grande \u00e1rea aberta (p.ex., 500-1000 metros quadrados ou mais), que deve ser plana, ensolarada e sem \u00e1gua estagnada.<\/li> <\/ul>    <h2 class=\"wp-block-heading\">Por que escolher a nossa m\u00e1quina secadora de Tray Egg?<\/h2>    <p>Escolher uma m\u00e1quina de secagem de tray egg de alta qualidade \u00e9 fundamental para produ\u00e7\u00e3o est\u00e1vel e qualidade consistente do produto. Secadores de baixa qualidade costumam causar temperaturas desiguais e fluxo de ar pobre. Como resultado, as bandejas secam de forma desigual, empenam-se ou partem com facilidade. Eles tamb\u00e9m consomem mais energia e elevam os custos.<\/p>    <p>A SECADORA DE Tray Egg EFICIENTE foi concebida para efici\u00eancia, estabilidade e poupan\u00e7a de energia. Cada unidade \u00e9 testada e inspecionada antes da entrega para assegurar desempenho fi\u00e1vel. Possui:<\/p>    <ul class=\"wp-block-list\"> <li>Secagem r\u00e1pida e eficiente: temperatura est\u00e1vel e fluxo de ar uniforme.<\/li>    <li>Design Personalizado: Layout flex\u00edvel com base na capacidade e no tamanho da oficina.<\/li>    <li>Constru\u00e7\u00e3o Dur\u00e1vel: Fabricado com materiais de alta qualidade, f\u00e1cil de manter.<\/li>    <li>Poupa energia: utiliza\u00e7\u00e3o elevada de calor, baixo custo de opera\u00e7\u00e3o.<\/li>    <li>Suporte Global: orienta\u00e7\u00e3o de instala\u00e7\u00e3o e servi\u00e7o p\u00f3s-venda.<\/li> <\/ul>    <p class=\"translation-block\">Quer esteja a construir uma nova <a href=\"https:\/\/www.plasticgranularmachine.com\/pt\/product\/egg-tray-production-line\/\" data-type=\"link\" data-id=\"https:\/\/www.plasticgranularmachine.com\/product\/egg-tray-production-line\/\">linha de produ\u00e7\u00e3o de tray eggs<\/a> ou a modernizar equipamento existente, o sistema de secagem de tray egg da Shuliy oferece uma solu\u00e7\u00e3o fi\u00e1vel e de custo-efetivo.<\/p>","protected":false},"excerpt":{"rendered":"<p>Egg tray dryers are typically used with egg tray forming machines to quickly dry wet egg trays after molding, enhancing production efficiency and stability. A reliable egg tray drying system ensures smooth, continuous operation while reducing energy consumption. we provide comprehensive and customizable solutions for paper tray drying, designed to meet your specific production scale [&hellip;]<\/p>\n","protected":false},"author":1,"featured_media":1973,"parent":0,"template":"","tags":[],"product-type":[79],"class_list":["post-1971","product","type-product","status-publish","has-post-thumbnail","hentry","product-type-paper-recycling-machine"],"_links":{"self":[{"href":"https:\/\/www.plasticgranularmachine.com\/pt\/wp-json\/wp\/v2\/product\/1971","targetHints":{"allow":["GET"]}}],"collection":[{"href":"https:\/\/www.plasticgranularmachine.com\/pt\/wp-json\/wp\/v2\/product"}],"about":[{"href":"https:\/\/www.plasticgranularmachine.com\/pt\/wp-json\/wp\/v2\/types\/product"}],"author":[{"embeddable":true,"href":"https:\/\/www.plasticgranularmachine.com\/pt\/wp-json\/wp\/v2\/users\/1"}],"wp:featuredmedia":[{"embeddable":true,"href":"https:\/\/www.plasticgranularmachine.com\/pt\/wp-json\/wp\/v2\/media\/1973"}],"wp:attachment":[{"href":"https:\/\/www.plasticgranularmachine.com\/pt\/wp-json\/wp\/v2\/media?parent=1971"}],"wp:term":[{"taxonomy":"post_tag","embeddable":true,"href":"https:\/\/www.plasticgranularmachine.com\/pt\/wp-json\/wp\/v2\/tags?post=1971"},{"taxonomy":"product-type","embeddable":true,"href":"https:\/\/www.plasticgranularmachine.com\/pt\/wp-json\/wp\/v2\/product-type?post=1971"}],"curies":[{"name":"wp","href":"https:\/\/api.w.org\/{rel}","templated":true}]}}