{"id":2005,"date":"2025-11-17T14:24:28","date_gmt":"2025-11-17T06:24:28","guid":{"rendered":"https:\/\/www.plasticgranularmachine.com\/?post_type=product&#038;p=2005"},"modified":"2025-11-17T14:24:29","modified_gmt":"2025-11-17T06:24:29","slug":"dry-ice-block-machine","status":"publish","type":"product","link":"https:\/\/www.plasticgranularmachine.com\/pt\/product\/dry-ice-block-machine\/","title":{"rendered":"M\u00e1quina de Blocos de Gelo Seco de Alta Capacidade para Venda"},"content":{"rendered":"<p>Assuma o controlo das suas necessidades de refrigera\u00e7\u00e3o. A nossa M\u00e1quina de Blocos de Gelo Seco converte instantaneamente CO2 l\u00edquido em blocos de gelo seco de alta densidade, diretamente na sua instala\u00e7\u00e3o. Perfeita para log\u00edstica de cadeia de frio, processamento de alimentos e catering de companhias a\u00e9reas, esta m\u00e1quina permite produzir gelo seco fresco sob demanda, reduzindo custos e eliminando a depend\u00eancia de fornecedores externos.<\/p>   <div class=\"wp-block-image\"> <figure class=\"aligncenter size-full\"><img loading=\"lazy\" decoding=\"async\" width=\"720\" height=\"540\" src=\"https:\/\/www.plasticgranularmachine.com\/wp-content\/uploads\/2025\/11\/High-density-dry-ice-block.webp\" alt=\"Bloco de gelo seco de alta densidade\" class=\"wp-image-2015\" srcset=\"https:\/\/www.plasticgranularmachine.com\/wp-content\/uploads\/2025\/11\/High-density-dry-ice-block.webp 720w, https:\/\/www.plasticgranularmachine.com\/wp-content\/uploads\/2025\/11\/High-density-dry-ice-block-300x225.webp 300w, https:\/\/www.plasticgranularmachine.com\/wp-content\/uploads\/2025\/11\/High-density-dry-ice-block-16x12.webp 16w\" sizes=\"auto, (max-width: 720px) 100vw, 720px\" \/><figcaption class=\"wp-element-caption\">Bloco de gelo seco de alta densidade<\/figcaption><\/figure> <\/div>   <h2 class=\"wp-block-heading\">Vantagens Principais da Nossa M\u00e1quina de Fabrica\u00e7\u00e3o de Blocos de Gelo Seco<\/h2>    <p>Investir numa m\u00e1quina de prensa de gelo seco EFICIENTE oferece benef\u00edcios imediatos e a longo prazo para o seu neg\u00f3cio. Aqui est\u00e1 o porqu\u00ea de os nossos clientes nos escolherem:<\/p>    <ul class=\"wp-block-list\"> <li><strong>Controlo Total da Produ\u00e7\u00e3o: <\/strong>Produza gelo seco fresco e de alta qualidade sempre que precisar, eliminando atrasos na cadeia de abastecimento e garantindo o m\u00e1ximo poder de arrefecimento.<\/li>    <li><strong>Redu\u00e7\u00e3o Significativa de Custos:<\/strong> Ao fabricar internamente, elimina os custos adicionais do fornecedor, taxas de transporte e perdas por sublima\u00e7\u00e3o na entrega. O custo da m\u00e1quina de blocos de gelo seco \u00e9 rapidamente compensado por estas poupan\u00e7as.<\/li>    <li><strong>Qualidade Superior do Bloco:<\/strong> As nossas m\u00e1quinas produzem blocos de densidade extremamente elevada (at\u00e9 1550 kg\/m\u00b3) que sublimam mais lentamente, proporcionando um controlo de temperatura mais duradouro e fi\u00e1vel.<\/li>    <li><strong>Alta Efici\u00eancia e Menos Desperd\u00edcio:<\/strong> Com uma taxa de convers\u00e3o l\u00edder de \u226542%, a nossa m\u00e1quina de blocos de gelo seco converte mais CO\u2082 l\u00edquido em gelo s\u00f3lido, maximizando o uso dos seus recursos e reduzindo o custo por bloco.<\/li>    <li><strong>Opera\u00e7\u00e3o Simples e Automatizada:<\/strong> Com uma interface f\u00e1cil de usar, a nossa m\u00e1quina autom\u00e1tica de blocos de gelo seco \u00e9 projetada para opera\u00e7\u00e3o simples, minimizando custos de m\u00e3o-de-obra e tempo de forma\u00e7\u00e3o.<\/li> <\/ul>    <figure class=\"wp-block-gallery has-nested-images columns-default is-cropped wp-block-gallery-2 is-layout-flex wp-block-gallery-is-layout-flex\"> <figure class=\"wp-block-image size-large\"><img loading=\"lazy\" decoding=\"async\" width=\"720\" height=\"540\" data-id=\"2009\" src=\"https:\/\/www.plasticgranularmachine.com\/wp-content\/uploads\/2025\/11\/dry-ice-block-maker.webp\" alt=\"fabricante de blocos de gelo seco\" class=\"wp-image-2009\" srcset=\"https:\/\/www.plasticgranularmachine.com\/wp-content\/uploads\/2025\/11\/dry-ice-block-maker.webp 720w, https:\/\/www.plasticgranularmachine.com\/wp-content\/uploads\/2025\/11\/dry-ice-block-maker-300x225.webp 300w, https:\/\/www.plasticgranularmachine.com\/wp-content\/uploads\/2025\/11\/dry-ice-block-maker-16x12.webp 16w\" sizes=\"auto, (max-width: 720px) 100vw, 720px\" \/><figcaption class=\"wp-element-caption\">fabricante de blocos de gelo seco<\/figcaption><\/figure>    <figure class=\"wp-block-image size-large\"><img loading=\"lazy\" decoding=\"async\" width=\"720\" height=\"540\" data-id=\"2010\" src=\"https:\/\/www.plasticgranularmachine.com\/wp-content\/uploads\/2025\/11\/dry-ice-block-press.webp\" alt=\"Prensa de Gelo Seco\" class=\"wp-image-2010\" srcset=\"https:\/\/www.plasticgranularmachine.com\/wp-content\/uploads\/2025\/11\/dry-ice-block-press.webp 720w, https:\/\/www.plasticgranularmachine.com\/wp-content\/uploads\/2025\/11\/dry-ice-block-press-300x225.webp 300w, https:\/\/www.plasticgranularmachine.com\/wp-content\/uploads\/2025\/11\/dry-ice-block-press-16x12.webp 16w\" sizes=\"auto, (max-width: 720px) 100vw, 720px\" \/><figcaption class=\"wp-element-caption\">Prensa de Gelo Seco<\/figcaption><\/figure> <\/figure>    <h2 class=\"wp-block-heading\">Como Funciona uma M\u00e1quina de Blocos de Gelo Seco?<\/h2>    <p>Compreender a tecnologia por tr\u00e1s da nossa m\u00e1quina de produ\u00e7\u00e3o de blocos de gelo seco \u00e9 simples. O processo \u00e9 uma maravilha da termodin\u00e2mica, projetado para m\u00e1xima efici\u00eancia.<\/p>    <ol class=\"wp-block-list\"> <li><strong>Mat\u00e9ria-prima:<\/strong> A m\u00e1quina \u00e9 alimentada com di\u00f3xido de carbono l\u00edquido (LCO\u2082) de um tanque de armazenamento.<\/li>    <li><strong>Forma\u00e7\u00e3o: <\/strong>The LCO2 is injected into a chamber, where a rapid pressure drop converts it into dry ice &#8220;snow.&#8221;<\/li>    <li><strong>Compress\u00e3o:<\/strong> Uma prensa hidr\u00e1ulica potente compacta esta neve num bloco de gelo seco s\u00f3lido e denso, pronto para uso imediato.<\/li> <\/ol>    <p>Todo este processo \u00e9 automatizado, proporcionando uma produ\u00e7\u00e3o consistente de blocos de gelo seco de alta qualidade.<\/p>    <figure class=\"wp-block-gallery has-nested-images columns-default is-cropped wp-block-gallery-3 is-layout-flex wp-block-gallery-is-layout-flex\"> <figure class=\"wp-block-image size-large\"><img loading=\"lazy\" decoding=\"async\" width=\"720\" height=\"540\" data-id=\"2011\" src=\"https:\/\/www.plasticgranularmachine.com\/wp-content\/uploads\/2025\/11\/dry-ice-block-production-machine-working.webp\" alt=\"m\u00e1quina de produ\u00e7\u00e3o de blocos de gelo seco em funcionamento\" class=\"wp-image-2011\" srcset=\"https:\/\/www.plasticgranularmachine.com\/wp-content\/uploads\/2025\/11\/dry-ice-block-production-machine-working.webp 720w, https:\/\/www.plasticgranularmachine.com\/wp-content\/uploads\/2025\/11\/dry-ice-block-production-machine-working-300x225.webp 300w, https:\/\/www.plasticgranularmachine.com\/wp-content\/uploads\/2025\/11\/dry-ice-block-production-machine-working-16x12.webp 16w\" sizes=\"auto, (max-width: 720px) 100vw, 720px\" \/><figcaption class=\"wp-element-caption\">m\u00e1quina de produ\u00e7\u00e3o de blocos de gelo seco em funcionamento<\/figcaption><\/figure>    <figure class=\"wp-block-image size-large\"><img loading=\"lazy\" decoding=\"async\" width=\"720\" height=\"540\" data-id=\"2006\" src=\"https:\/\/www.plasticgranularmachine.com\/wp-content\/uploads\/2025\/11\/Display-of-finished-dry-ice-blocks.webp\" alt=\"Exibi\u00e7\u00e3o dos blocos de gelo seco acabados\" class=\"wp-image-2006\" srcset=\"https:\/\/www.plasticgranularmachine.com\/wp-content\/uploads\/2025\/11\/Display-of-finished-dry-ice-blocks.webp 720w, https:\/\/www.plasticgranularmachine.com\/wp-content\/uploads\/2025\/11\/Display-of-finished-dry-ice-blocks-300x225.webp 300w, https:\/\/www.plasticgranularmachine.com\/wp-content\/uploads\/2025\/11\/Display-of-finished-dry-ice-blocks-16x12.webp 16w\" sizes=\"auto, (max-width: 720px) 100vw, 720px\" \/><figcaption class=\"wp-element-caption\">Exibi\u00e7\u00e3o dos blocos de gelo seco acabados<\/figcaption><\/figure> <\/figure>    <h2 class=\"wp-block-heading\">S\u00e9rie EFICIENTE: A Melhor M\u00e1quina de Blocos de Gelo Seco para as suas Necessidades<\/h2>    <p>As a premier dry ice block machine manufacturer, we&#8217;ve engineered the ET-Series for performance and durability. Whether you need a compact unit or a heavy-duty production powerhouse, we have the solution.<\/p>    <figure class=\"wp-block-table\"><table><thead><tr><th><strong>Par\u00e2metros<\/strong><\/th><th><strong>Modelo ET-120<\/strong><\/th><th><strong>Modelo ET-240<\/strong><\/th><\/tr><\/thead><tbody><tr><td><strong>Capacidade (kg\/h)<\/strong><\/td><td>100-160<\/td><td>200-300<\/td><\/tr><tr><td><strong>Especifica\u00e7\u00f5es (mm)<\/strong><\/td><td>125*105*(15-70)<\/td><td>125*105*(18-70)<\/td><\/tr><tr><td><strong>Densidade do Gelo Seco (kg\/m\u00b3)<\/strong><\/td><td>1550<\/td><td>1450-1550<\/td><\/tr><tr><td><strong>Taxa de Convers\u00e3o<\/strong><\/td><td>\u226542%<\/td><td>\u226542%<\/td><\/tr><tr><td><strong>Pot\u00eancia (kw)<\/strong><\/td><td>4<\/td><td>8<\/td><\/tr><tr><td><strong>Peso (kg)<\/strong><\/td><td>320<\/td><td>800<\/td><\/tr><tr><td><strong>Dimens\u00f5es (cm)<\/strong><\/td><td>125*60*128<\/td><td>142*120*148<\/td><\/tr><\/tbody><\/table><\/figure>    <h3 class=\"wp-block-heading\">Modelo ET-120: M\u00e1quina Compacta e Autom\u00e1tica de Blocos de Gelo Seco<\/h3>    <p>A m\u00e1quina de fazer blocos de gelo seco ET-120 \u00e9 perfeita para neg\u00f3cios em expans\u00e3o. Com uma capacidade de 100-160 kg\/h e uma pegada pequena, \u00e9 uma m\u00e1quina de gelo seco industrial econ\u00f3mica e ideal para necessidades di\u00e1rias sem precisar de um espa\u00e7o dedicado grande.<\/p>    <h3 class=\"wp-block-heading\">Modelo ET-240: M\u00e1quina de Produ\u00e7\u00e3o de Gelo Seco de Alta Resist\u00eancia<\/h3>    <p>Para uso industrial em grande escala, o ET-240 \u00e9 a m\u00e1quina de gelo seco de alta resist\u00eancia definitiva. Com uma produ\u00e7\u00e3o massiva de 200-300 kg\/h, esta unidade foi constru\u00edda para suportar hor\u00e1rios exigentes em catering de companhias a\u00e9reas, grandes f\u00e1bricas de processamento de alimentos e principais centros log\u00edsticos.<\/p>    <h2 class=\"wp-block-heading\">Amplas Aplica\u00e7\u00f5es para Qualquer Ind\u00fastria<\/h2>    <p>A nossa m\u00e1quina de blocos de gelo seco \u00e9 uma ferramenta vers\u00e1til para qualquer neg\u00f3cio que exija refrigera\u00e7\u00e3o fi\u00e1vel. Os principais setores incluem:<\/p>    <ul class=\"wp-block-list\"> <li>Log\u00edstica de Cadeia de Frio: A solu\u00e7\u00e3o perfeita para o transporte de produtos farmac\u00eauticos, mariscos e outros perec\u00edveis.<\/li>    <li>Companhia A\u00e9rea &amp; Servi\u00e7o de Alimenta\u00e7\u00e3o: Essencial para catering de companhias a\u00e9reas e processamento de alimentos para garantir seguran\u00e7a e frescura.<\/li>    <li>M\u00e9dico &amp; Laborat\u00f3rio: Ideal para preservar vacinas, \u00f3rg\u00e3os e amostras biol\u00f3gicas.<\/li>    <li>Servi\u00e7os Industriais: Fornece uma fonte para jateamento de gelo seco e outros processos industriais. Explore a nossa gama completa de solu\u00e7\u00f5es de gelo seco aqui.<\/li> <\/ul>    <figure class=\"wp-block-gallery has-nested-images columns-default is-cropped wp-block-gallery-4 is-layout-flex wp-block-gallery-is-layout-flex\"> <figure class=\"wp-block-image size-large\"><img loading=\"lazy\" decoding=\"async\" width=\"720\" height=\"540\" data-id=\"2013\" src=\"https:\/\/www.plasticgranularmachine.com\/wp-content\/uploads\/2025\/11\/for-processing-seafood-and-other-foods.webp\" alt=\"para processamento de mariscos e outros alimentos\" class=\"wp-image-2013\" srcset=\"https:\/\/www.plasticgranularmachine.com\/wp-content\/uploads\/2025\/11\/for-processing-seafood-and-other-foods.webp 720w, https:\/\/www.plasticgranularmachine.com\/wp-content\/uploads\/2025\/11\/for-processing-seafood-and-other-foods-300x225.webp 300w, https:\/\/www.plasticgranularmachine.com\/wp-content\/uploads\/2025\/11\/for-processing-seafood-and-other-foods-16x12.webp 16w\" sizes=\"auto, (max-width: 720px) 100vw, 720px\" \/><figcaption class=\"wp-element-caption\">para processamento de mariscos e outros alimentos<\/figcaption><\/figure>    <figure class=\"wp-block-image size-large\"><img loading=\"lazy\" decoding=\"async\" width=\"720\" height=\"540\" data-id=\"2014\" src=\"https:\/\/www.plasticgranularmachine.com\/wp-content\/uploads\/2025\/11\/For-transporting-items-requiring-cold-storage.webp\" alt=\"Para transporte de itens que requerem armazenamento a frio\" class=\"wp-image-2014\" srcset=\"https:\/\/www.plasticgranularmachine.com\/wp-content\/uploads\/2025\/11\/For-transporting-items-requiring-cold-storage.webp 720w, https:\/\/www.plasticgranularmachine.com\/wp-content\/uploads\/2025\/11\/For-transporting-items-requiring-cold-storage-300x225.webp 300w, https:\/\/www.plasticgranularmachine.com\/wp-content\/uploads\/2025\/11\/For-transporting-items-requiring-cold-storage-16x12.webp 16w\" sizes=\"auto, (max-width: 720px) 100vw, 720px\" \/><figcaption class=\"wp-element-caption\">Para transporte de itens que requerem armazenamento a frio<\/figcaption><\/figure> <\/figure>    <h2 class=\"wp-block-heading\">Uma Solu\u00e7\u00e3o de Gelo Seco Totalmente Integrada<\/h2>    <p>A nossa m\u00e1quina de fazer blocos de gelo seco \u00e9 o cora\u00e7\u00e3o da sua linha de produ\u00e7\u00e3o no local. Os blocos que ela cria podem ser alimentados diretamente num Pelletizador de Gelo Seco para produzir m\u00eddia de limpeza para as nossas poderosas M\u00e1quinas de Jateamento de Gelo Seco. Para completar o seu fluxo de trabalho, armazene todos os produtos acabados nos nossos Contenedores de Armazenamento de Gelo Seco Isolados de alta resist\u00eancia para perdas m\u00ednimas e m\u00e1xima efici\u00eancia.<\/p>    <figure class=\"wp-block-gallery has-nested-images columns-default is-cropped wp-block-gallery-5 is-layout-flex wp-block-gallery-is-layout-flex\"> <figure class=\"wp-block-image size-large\"><img loading=\"lazy\" decoding=\"async\" width=\"720\" height=\"540\" data-id=\"2012\" src=\"https:\/\/www.plasticgranularmachine.com\/wp-content\/uploads\/2025\/11\/Dry-ice-pelletizer.webp\" alt=\"Pelletizador de Gelo Seco\" class=\"wp-image-2012\" srcset=\"https:\/\/www.plasticgranularmachine.com\/wp-content\/uploads\/2025\/11\/Dry-ice-pelletizer.webp 720w, https:\/\/www.plasticgranularmachine.com\/wp-content\/uploads\/2025\/11\/Dry-ice-pelletizer-300x225.webp 300w, https:\/\/www.plasticgranularmachine.com\/wp-content\/uploads\/2025\/11\/Dry-ice-pelletizer-16x12.webp 16w\" sizes=\"auto, (max-width: 720px) 100vw, 720px\" \/><figcaption class=\"wp-element-caption\">Pelletizador de Gelo Seco<\/figcaption><\/figure>    <figure class=\"wp-block-image size-large\"><img loading=\"lazy\" decoding=\"async\" width=\"720\" height=\"540\" data-id=\"2007\" src=\"https:\/\/www.plasticgranularmachine.com\/wp-content\/uploads\/2025\/11\/Dry-Ice-Blasting-Machine.webp\" alt=\"M\u00e1quina de Jateamento de Gelo Seco\" class=\"wp-image-2007\" srcset=\"https:\/\/www.plasticgranularmachine.com\/wp-content\/uploads\/2025\/11\/Dry-Ice-Blasting-Machine.webp 720w, https:\/\/www.plasticgranularmachine.com\/wp-content\/uploads\/2025\/11\/Dry-Ice-Blasting-Machine-300x225.webp 300w, https:\/\/www.plasticgranularmachine.com\/wp-content\/uploads\/2025\/11\/Dry-Ice-Blasting-Machine-16x12.webp 16w\" sizes=\"auto, (max-width: 720px) 100vw, 720px\" \/><figcaption class=\"wp-element-caption\">M\u00e1quina de Jateamento de Gelo Seco<\/figcaption><\/figure> <\/figure>    <h2 class=\"wp-block-heading\">Obtenha j\u00e1 o seu Or\u00e7amento Personalizado para M\u00e1quina de Blocos de Gelo Seco!<\/h2>    <p>Pronto para comprar uma m\u00e1quina de blocos de gelo seco e transformar as suas opera\u00e7\u00f5es? Como fornecedor global de confian\u00e7a, a EFICIENTE compromete-se a fornecer equipamentos de alta qualidade e suporte especializado.<\/p>    <p>Contacte-nos hoje para obter um or\u00e7amento detalhado, perguntar pelo pre\u00e7o da m\u00e1quina de blocos de gelo seco, e deixe os nossos especialistas ajud\u00e1-lo a escolher o modelo perfeito para as suas necessidades comerciais.<\/p>","protected":false},"excerpt":{"rendered":"<p>Take control of your cooling needs. Our Dry Ice Block Machine instantly converts liquid CO2 into solid, high-density dry ice blocks right at your facility. Perfect for cold chain logistics, food processing, and airline catering, this machine lets you produce fresh dry ice on demand, cutting costs and ending your reliance on outside suppliers. Key [&hellip;]<\/p>\n","protected":false},"author":1,"featured_media":2008,"parent":0,"template":"","tags":[],"product-type":[81],"class_list":["post-2005","product","type-product","status-publish","has-post-thumbnail","hentry","product-type-dry-ice-machine"],"_links":{"self":[{"href":"https:\/\/www.plasticgranularmachine.com\/pt\/wp-json\/wp\/v2\/product\/2005","targetHints":{"allow":["GET"]}}],"collection":[{"href":"https:\/\/www.plasticgranularmachine.com\/pt\/wp-json\/wp\/v2\/product"}],"about":[{"href":"https:\/\/www.plasticgranularmachine.com\/pt\/wp-json\/wp\/v2\/types\/product"}],"author":[{"embeddable":true,"href":"https:\/\/www.plasticgranularmachine.com\/pt\/wp-json\/wp\/v2\/users\/1"}],"wp:featuredmedia":[{"embeddable":true,"href":"https:\/\/www.plasticgranularmachine.com\/pt\/wp-json\/wp\/v2\/media\/2008"}],"wp:attachment":[{"href":"https:\/\/www.plasticgranularmachine.com\/pt\/wp-json\/wp\/v2\/media?parent=2005"}],"wp:term":[{"taxonomy":"post_tag","embeddable":true,"href":"https:\/\/www.plasticgranularmachine.com\/pt\/wp-json\/wp\/v2\/tags?post=2005"},{"taxonomy":"product-type","embeddable":true,"href":"https:\/\/www.plasticgranularmachine.com\/pt\/wp-json\/wp\/v2\/product-type?post=2005"}],"curies":[{"name":"wp","href":"https:\/\/api.w.org\/{rel}","templated":true}]}}