{"id":233,"date":"2022-07-25T07:01:36","date_gmt":"2022-07-25T07:01:36","guid":{"rendered":"https:\/\/www.plasticgranularmachine.com\/?post_type=product&#038;p=233"},"modified":"2025-01-06T09:52:54","modified_gmt":"2025-01-06T01:52:54","slug":"pet-flakes-dryer","status":"publish","type":"product","link":"https:\/\/www.plasticgranularmachine.com\/pt\/product\/pet-flakes-dryer\/","title":{"rendered":"Secador horizontal de flocos para animais de estima\u00e7\u00e3o | M\u00e1quina secadora de chips de pl\u00e1stico"},"content":{"rendered":"<p class=\"translation-block\">O secador de flocos de PET \u00e9 a \u00faltima etapa principal na <a href=\"https:\/\/www.plasticgranularmachine.com\/pt\/product\/pet-bottles-recycling-line\/\">linha de reciclagem de garrafas pl\u00e1sticas<\/a>. \u00c9 uma m\u00e1quina colocada atr\u00e1s da m\u00e1quina de lavagem de pl\u00e1stico. Com a ajuda de um secador de flocos de garrafas PET, a taxa de desidrata\u00e7\u00e3o dos flocos de pl\u00e1stico \u00e9 de at\u00e9 97%.<\/p>   <div class=\"wp-block-image\"> <figure class=\"aligncenter size-full\"><img loading=\"lazy\" decoding=\"async\" width=\"720\" height=\"540\" src=\"https:\/\/www.plasticgranularmachine.com\/wp-content\/uploads\/2022\/07\/PET-flakes-dryer-1.webp\" alt=\"Secador de flocos PET\" class=\"wp-image-1388\" srcset=\"https:\/\/www.plasticgranularmachine.com\/wp-content\/uploads\/2022\/07\/PET-flakes-dryer-1.webp 720w, https:\/\/www.plasticgranularmachine.com\/wp-content\/uploads\/2022\/07\/PET-flakes-dryer-1-300x225.webp 300w, https:\/\/www.plasticgranularmachine.com\/wp-content\/uploads\/2022\/07\/PET-flakes-dryer-1-16x12.webp 16w\" sizes=\"auto, (max-width: 720px) 100vw, 720px\" \/><figcaption class=\"wp-element-caption\">Secador de flocos PET<\/figcaption><\/figure> <\/div>   <figure class=\"wp-block-embed is-type-video is-provider-youtube wp-block-embed-youtube wp-embed-aspect-16-9 wp-has-aspect-ratio\"><div class=\"wp-block-embed__wrapper\"> <iframe loading=\"lazy\" title=\"M\u00e1quina mais seca pl\u00e1stica horizontal altamente eficiente para #plastic de secagem\" width=\"500\" height=\"281\" src=\"https:\/\/www.youtube.com\/embed\/nspYq2vnK2o?feature=oembed\" frameborder=\"0\" allow=\"accelerometer; autoplay; clipboard-write; encrypted-media; gyroscope; picture-in-picture; web-share\" referrerpolicy=\"strict-origin-when-cross-origin\" allowfullscreen><\/iframe> <\/div><\/figure>    <h2 class=\"wp-block-heading\" id=\"h-how-does-the-pet-flakes-dryer-work\">Como funciona o secador de flocos PET?<\/h2>    <p>A m\u00e1quina de secar completa o processo de desidrata\u00e7\u00e3o na ordem de movimento em espiral, desidrata\u00e7\u00e3o por separa\u00e7\u00e3o, alimenta\u00e7\u00e3o autom\u00e1tica e descarga autom\u00e1tica. Em seguida, os flocos de pl\u00e1stico s\u00e3o retirados do tanque de enx\u00e1gue e entram diretamente no funil de alimenta\u00e7\u00e3o do desidratador. Acionado pelo motor, o fuso do desidratador horizontal gira em alta velocidade. Assim, os fragmentos da garrafa de pl\u00e1stico s\u00e3o levados a rodar a uma velocidade elevada. Em seguida, os fragmentos pl\u00e1sticos s\u00e3o secos por for\u00e7a centr\u00edfuga. Ao mesmo tempo, a l\u00e2mina com um determinado \u00e2ngulo inclu\u00eddo empurra a pe\u00e7a da garrafa pl\u00e1stica para a porta de descarga. <\/p>    <p>Portanto, um secador de sucata de garrafas PET \u00e9 um dos equipamentos ideais em m\u00e1quinas de processamento de pl\u00e1stico. Pode ser usado com toda a linha de limpeza de garrafas pl\u00e1sticas PET ou pode ser usado sozinho.<\/p>   <div class=\"wp-block-image\"> <figure class=\"aligncenter size-full\"><img loading=\"lazy\" decoding=\"async\" width=\"720\" height=\"540\" src=\"https:\/\/www.plasticgranularmachine.com\/wp-content\/uploads\/2022\/07\/plastic-dehydrator-machine-1.webp\" alt=\"m\u00e1quina desidratadora de pl\u00e1stico\" class=\"wp-image-1389\" srcset=\"https:\/\/www.plasticgranularmachine.com\/wp-content\/uploads\/2022\/07\/plastic-dehydrator-machine-1.webp 720w, https:\/\/www.plasticgranularmachine.com\/wp-content\/uploads\/2022\/07\/plastic-dehydrator-machine-1-300x225.webp 300w, https:\/\/www.plasticgranularmachine.com\/wp-content\/uploads\/2022\/07\/plastic-dehydrator-machine-1-16x12.webp 16w\" sizes=\"auto, (max-width: 720px) 100vw, 720px\" \/><figcaption class=\"wp-element-caption\">m\u00e1quina desidratadora de pl\u00e1stico<\/figcaption><\/figure> <\/div>   <h2 class=\"wp-block-heading\">Caracter\u00edsticas do produto<\/h2>    <ol class=\"wp-block-list\"> <li>Amplamente utilizado. O secador de flocos PET pode desidratar <a href=\"https:\/\/en.wikipedia.org\/wiki\/Polypropylene\" target=\"_blank\" rel=\"noopener\">PP<\/a> chips de pl\u00e1stico, chips de pl\u00e1stico PE e sucata de pl\u00e1stico PET.<\/li>    <li>Alta taxa de desidrata\u00e7\u00e3o. Porque a taxa de desidrata\u00e7\u00e3o da m\u00e1quina \u00e9 superior a 97%.<\/li>    <li>A m\u00e1quina consome menos energia.<\/li>    <li>A m\u00e1quina secadora de aparas de pl\u00e1stico possui um alto grau de automa\u00e7\u00e3o, o que pode reduzir bastante a intensidade do trabalho.<\/li>    <li>Tecnologia avan\u00e7ada. Baixo desgaste e ru\u00eddo<\/li>    <li>Projeto avan\u00e7ado. O design de sa\u00edda dupla economiza tempo e esfor\u00e7o.<\/li>    <li>A estrutura da m\u00e1quina secadora de aparas de pl\u00e1stico \u00e9 simples. Portanto, a desmontagem e montagem da m\u00e1quina s\u00e3o muito convenientes e f\u00e1ceis de limpar.<\/li> <\/ol>   <div class=\"wp-block-image\"> <figure class=\"aligncenter size-full\"><img loading=\"lazy\" decoding=\"async\" width=\"720\" height=\"541\" src=\"https:\/\/www.plasticgranularmachine.com\/wp-content\/uploads\/2022\/07\/plastic-chips-dryer-machine-in-the-PET-recycling-line-1.webp\" alt=\"m\u00e1quina secadora de chips de pl\u00e1stico na linha de reciclagem de PET\" class=\"wp-image-1390\" srcset=\"https:\/\/www.plasticgranularmachine.com\/wp-content\/uploads\/2022\/07\/plastic-chips-dryer-machine-in-the-PET-recycling-line-1.webp 720w, https:\/\/www.plasticgranularmachine.com\/wp-content\/uploads\/2022\/07\/plastic-chips-dryer-machine-in-the-PET-recycling-line-1-300x225.webp 300w, https:\/\/www.plasticgranularmachine.com\/wp-content\/uploads\/2022\/07\/plastic-chips-dryer-machine-in-the-PET-recycling-line-1-16x12.webp 16w\" sizes=\"auto, (max-width: 720px) 100vw, 720px\" \/><figcaption class=\"wp-element-caption\">m\u00e1quina secadora de chips de pl\u00e1stico na linha de reciclagem de PET<\/figcaption><\/figure> <\/div>   <h2 class=\"wp-block-heading\">Par\u00e2metros da m\u00e1quina secadora de chips PET<\/h2>    <figure class=\"wp-block-table\"><table><tbody><tr><td>Modelo<\/td><td>500<\/td><\/tr><tr><td>P\u00f3<\/td><td>7,5 kW<\/td><\/tr><tr><td>Tamanho<\/td><td>2845*902*1750\uff08mm\uff09<\/td><\/tr><tr><td>Peso<\/td><td>350kg<\/td><\/tr><\/tbody><\/table><\/figure>   <div class=\"wp-block-image\"> <figure class=\"aligncenter size-full\"><img loading=\"lazy\" decoding=\"async\" width=\"720\" height=\"480\" src=\"https:\/\/www.plasticgranularmachine.com\/wp-content\/uploads\/2022\/07\/Horizontal-dewatering-machine-1.webp\" alt=\"M\u00e1quina de desidrata\u00e7\u00e3o horizontal\" class=\"wp-image-1391\" srcset=\"https:\/\/www.plasticgranularmachine.com\/wp-content\/uploads\/2022\/07\/Horizontal-dewatering-machine-1.webp 720w, https:\/\/www.plasticgranularmachine.com\/wp-content\/uploads\/2022\/07\/Horizontal-dewatering-machine-1-300x200.webp 300w, https:\/\/www.plasticgranularmachine.com\/wp-content\/uploads\/2022\/07\/Horizontal-dewatering-machine-1-18x12.webp 18w\" sizes=\"auto, (max-width: 720px) 100vw, 720px\" \/><figcaption class=\"wp-element-caption\">M\u00e1quina de desidrata\u00e7\u00e3o horizontal<\/figcaption><\/figure> <\/div>   <h2 class=\"wp-block-heading\">Para que s\u00e3o usados \u200b\u200bos flocos para animais de estima\u00e7\u00e3o?<\/h2>    <ul class=\"wp-block-list\"> <li>Fa\u00e7a garrafas pl\u00e1sticas. Todos sabemos que os pl\u00e1sticos reciclados n\u00e3o podem entrar em contacto direto com os alimentos. Mas podemos us\u00e1-lo como camada intermedi\u00e1ria de garrafas pl\u00e1sticas.<\/li>    <li>Fa\u00e7a roupa de cama. Lascas de PET recicladas podem ser transformadas em sacos de dormir, travesseiros, cobertores, colch\u00f5es e outros itens.<\/li>    <li>Al\u00e9m disso, a sucata de pl\u00e1stico tamb\u00e9m pode ser transformada em capas de telefones celulares, \u00f3culos de sol, capas de pl\u00e1stico para eletrodom\u00e9sticos, acess\u00f3rios de moldagem por inje\u00e7\u00e3o industrial, etc. Tamb\u00e9m pode ser usada para fazer cadeiras de pl\u00e1stico, blocos de constru\u00e7\u00e3o e decodificadores.<\/li> <\/ul>   <div class=\"wp-block-image\"> <figure class=\"aligncenter size-full\"><img loading=\"lazy\" decoding=\"async\" width=\"720\" height=\"540\" src=\"https:\/\/www.plasticgranularmachine.com\/wp-content\/uploads\/2022\/07\/clean-plastic-flakes.jpg\" alt=\"limpar flocos de pl\u00e1stico\" class=\"wp-image-239\" srcset=\"https:\/\/www.plasticgranularmachine.com\/wp-content\/uploads\/2022\/07\/clean-plastic-flakes.jpg 720w, https:\/\/www.plasticgranularmachine.com\/wp-content\/uploads\/2022\/07\/clean-plastic-flakes-300x225.jpg 300w\" sizes=\"auto, (max-width: 720px) 100vw, 720px\" \/><figcaption class=\"wp-element-caption\">limpar flocos de pl\u00e1stico<\/figcaption><\/figure> <\/div>   <h2 class=\"wp-block-heading\">Secador de flocos PET para venda<\/h2>    <p class=\"translation-block\">Na <a href=\"https:\/\/www.plasticgranularmachine.com\/pt\/\">Efficient machinery<\/a>, temos dois tipos diferentes de m\u00e1quinas secadoras de sucata pl\u00e1stica \u00e0 venda: secadores verticais e horizontais. Assim, voc\u00ea pode escolher diferentes tipos de secadores de acordo com suas necessidades. Importante, podemos personalizar a m\u00e1quina de acordo com suas necessidades. Portanto, se voc\u00ea deseja comprar um secador de flocos de PET que atenda \u00e0s suas necessidades, entre em contato conosco a qualquer momento.<\/p>   <div class=\"wp-block-image\"> <figure class=\"aligncenter size-full\"><img loading=\"lazy\" decoding=\"async\" width=\"719\" height=\"327\" src=\"https:\/\/www.plasticgranularmachine.com\/wp-content\/uploads\/2022\/07\/pet-flakes-dryer-in-the-factory-1.webp\" alt=\"secador de flocos para animais de estima\u00e7\u00e3o na f\u00e1brica\" class=\"wp-image-1392\" srcset=\"https:\/\/www.plasticgranularmachine.com\/wp-content\/uploads\/2022\/07\/pet-flakes-dryer-in-the-factory-1.webp 719w, https:\/\/www.plasticgranularmachine.com\/wp-content\/uploads\/2022\/07\/pet-flakes-dryer-in-the-factory-1-300x136.webp 300w, https:\/\/www.plasticgranularmachine.com\/wp-content\/uploads\/2022\/07\/pet-flakes-dryer-in-the-factory-1-18x8.webp 18w\" sizes=\"auto, (max-width: 719px) 100vw, 719px\" \/><figcaption class=\"wp-element-caption\">secador de flocos para animais de estima\u00e7\u00e3o na f\u00e1brica<\/figcaption><\/figure> <\/div>","protected":false},"excerpt":{"rendered":"<p>PET flakes dryer is the last major step in the plastic bottle recycling line. It is a machine placed behind the plastic washing machine. With the help of a PET bottle flakes dryer, the dehydration rate of plastic flakes is as high as 97%. How does the PET flakes dryer work? The dryer machine completes [&hellip;]<\/p>\n","protected":false},"author":1,"featured_media":1182,"parent":0,"template":"","tags":[38],"product-type":[9],"class_list":["post-233","product","type-product","status-publish","has-post-thumbnail","hentry","tag-pet-recycling","product-type-plastic-dryer"],"_links":{"self":[{"href":"https:\/\/www.plasticgranularmachine.com\/pt\/wp-json\/wp\/v2\/product\/233","targetHints":{"allow":["GET"]}}],"collection":[{"href":"https:\/\/www.plasticgranularmachine.com\/pt\/wp-json\/wp\/v2\/product"}],"about":[{"href":"https:\/\/www.plasticgranularmachine.com\/pt\/wp-json\/wp\/v2\/types\/product"}],"author":[{"embeddable":true,"href":"https:\/\/www.plasticgranularmachine.com\/pt\/wp-json\/wp\/v2\/users\/1"}],"wp:featuredmedia":[{"embeddable":true,"href":"https:\/\/www.plasticgranularmachine.com\/pt\/wp-json\/wp\/v2\/media\/1182"}],"wp:attachment":[{"href":"https:\/\/www.plasticgranularmachine.com\/pt\/wp-json\/wp\/v2\/media?parent=233"}],"wp:term":[{"taxonomy":"post_tag","embeddable":true,"href":"https:\/\/www.plasticgranularmachine.com\/pt\/wp-json\/wp\/v2\/tags?post=233"},{"taxonomy":"product-type","embeddable":true,"href":"https:\/\/www.plasticgranularmachine.com\/pt\/wp-json\/wp\/v2\/product-type?post=233"}],"curies":[{"name":"wp","href":"https:\/\/api.w.org\/{rel}","templated":true}]}}