{"id":257,"date":"2022-07-27T03:39:39","date_gmt":"2022-07-27T03:39:39","guid":{"rendered":"https:\/\/www.plasticgranularmachine.com\/?post_type=product&#038;p=257"},"modified":"2025-01-06T09:57:21","modified_gmt":"2025-01-06T01:57:21","slug":"pet-flakes-washing-machine","status":"publish","type":"product","link":"https:\/\/www.plasticgranularmachine.com\/pt\/product\/pet-flakes-washing-machine\/","title":{"rendered":"M\u00e1quina de tanque de separa\u00e7\u00e3o de pia flutuante de flocos de PET"},"content":{"rendered":"<p>A m\u00e1quina de lavar flocos PET \u00e9 uma das m\u00e1quinas da linha de reciclagem de garrafas pl\u00e1sticas. Desempenha um papel muito importante em toda a linha de lavagem de garrafas PET. Porque todos sabemos que os res\u00edduos de garrafas pl\u00e1sticas cont\u00eam muitas impurezas e manchas. Portanto, para obter flocos de pl\u00e1stico de alta qualidade, precisamos usar uma planta de lavagem de flocos de PET para limpar os flocos de pl\u00e1stico triturados.<\/p>   <div class=\"wp-block-image\"> <figure class=\"aligncenter size-full\"><img loading=\"lazy\" decoding=\"async\" width=\"720\" height=\"540\" src=\"https:\/\/www.plasticgranularmachine.com\/wp-content\/uploads\/2022\/07\/sink-float-plastic-separation.webp\" alt=\"pia flutua separa\u00e7\u00e3o de pl\u00e1stico\" class=\"wp-image-1283\" srcset=\"https:\/\/www.plasticgranularmachine.com\/wp-content\/uploads\/2022\/07\/sink-float-plastic-separation.webp 720w, https:\/\/www.plasticgranularmachine.com\/wp-content\/uploads\/2022\/07\/sink-float-plastic-separation-300x225.webp 300w, https:\/\/www.plasticgranularmachine.com\/wp-content\/uploads\/2022\/07\/sink-float-plastic-separation-16x12.webp 16w\" sizes=\"auto, (max-width: 720px) 100vw, 720px\" \/><figcaption class=\"wp-element-caption\">Separa\u00e7\u00e3o de pl\u00e1stico flutuante para pia<\/figcaption><\/figure> <\/div>   <h2 class=\"wp-block-heading\">Por que voc\u00ea precisa de uma m\u00e1quina de lavar garrafas PET?<\/h2>    <p>A m\u00e1quina de lavar garrafas PET tamb\u00e9m \u00e9 chamada de tanque flutuante de pia. As garrafas pl\u00e1sticas para bebidas s\u00e3o compostas por duas partes: corpo da garrafa PET e tampas de PP. Os diferentes materiais devem ser processados \u200b\u200bde maneiras diferentes. Portanto, as usinas de reciclagem de pl\u00e1stico deveriam separar o PP do PET.<\/p>    <p>Pode ser conclu\u00eddo pelas diferen\u00e7as nas densidades. A densidade da \u00e1gua \u00e9 exatamente 1g\/cm, no pl\u00e1stico comum apenas a densidade de PP e PE \u00e9 menor que 1,0; portanto, a \u00e1gua pode flutuar na \u00e1gua \u00e9 uma tampa da garrafa de PP, material para animais de estima\u00e7\u00e3o porque a densidade \u00e9 maior que a \u00e1gua afundar no fundo. \u00c9 por isso que tamb\u00e9m chamamos de uma m\u00e1quina de lavar garrafas de estima\u00e7\u00e3o de um tanque de separa\u00e7\u00e3o flutuante de pl\u00e1stico.<\/p>    <figure class=\"wp-block-gallery has-nested-images columns-default is-cropped wp-block-gallery-2 is-layout-flex wp-block-gallery-is-layout-flex\"> <figure class=\"wp-block-image size-large\"><img loading=\"lazy\" decoding=\"async\" width=\"720\" height=\"540\" data-id=\"1285\" src=\"https:\/\/www.plasticgranularmachine.com\/wp-content\/uploads\/2022\/07\/Impurities-floating-on-the-water-surface.webp\" alt=\"Impurezas flutuando na superf\u00edcie da \u00e1gua\" class=\"wp-image-1285\" srcset=\"https:\/\/www.plasticgranularmachine.com\/wp-content\/uploads\/2022\/07\/Impurities-floating-on-the-water-surface.webp 720w, https:\/\/www.plasticgranularmachine.com\/wp-content\/uploads\/2022\/07\/Impurities-floating-on-the-water-surface-300x225.webp 300w, https:\/\/www.plasticgranularmachine.com\/wp-content\/uploads\/2022\/07\/Impurities-floating-on-the-water-surface-16x12.webp 16w\" sizes=\"auto, (max-width: 720px) 100vw, 720px\" \/><figcaption class=\"wp-element-caption\">Impurezas flutuando na superf\u00edcie da \u00e1gua<\/figcaption><\/figure>    <figure class=\"wp-block-image size-large\"><img loading=\"lazy\" decoding=\"async\" width=\"720\" height=\"540\" data-id=\"1284\" src=\"https:\/\/www.plasticgranularmachine.com\/wp-content\/uploads\/2022\/07\/pet-flakes-washing-machine-in-plastic-bottle-washing-line.webp\" alt=\"m\u00e1quina de lavar flocos para animais de estima\u00e7\u00e3o em linha de lavagem de garrafas pl\u00e1sticas\" class=\"wp-image-1284\" srcset=\"https:\/\/www.plasticgranularmachine.com\/wp-content\/uploads\/2022\/07\/pet-flakes-washing-machine-in-plastic-bottle-washing-line.webp 720w, https:\/\/www.plasticgranularmachine.com\/wp-content\/uploads\/2022\/07\/pet-flakes-washing-machine-in-plastic-bottle-washing-line-300x225.webp 300w, https:\/\/www.plasticgranularmachine.com\/wp-content\/uploads\/2022\/07\/pet-flakes-washing-machine-in-plastic-bottle-washing-line-16x12.webp 16w\" sizes=\"auto, (max-width: 720px) 100vw, 720px\" \/><figcaption class=\"wp-element-caption\">m\u00e1quina de lavar flocos para animais de estima\u00e7\u00e3o em linha de lavagem de garrafas pl\u00e1sticas<\/figcaption><\/figure> <\/figure>    <h2 class=\"wp-block-heading\">Principais caracter\u00edsticas do tanque flutuante de pia de pl\u00e1stico?<\/h2>    <ul class=\"wp-block-list\"> <li>Temos o prazer de anunciar que a m\u00e1quina de lavar flocos de PET foi atualizada, alongada e aprofundada, o que resultou em precipita\u00e7\u00e3o e separa\u00e7\u00e3o de impurezas mais eficazes. <\/li>    <li>Al\u00e9m disso, equipamos-no com um sistema de reciclagem de \u00e1gua, o que ajudar\u00e1 a reduzir o consumo de \u00e1gua e os custos de opera\u00e7\u00e3o.<\/li>    <li>O tanque flutuante para pia de garrafas pl\u00e1sticas \u00e9 capaz de lidar com uma variedade de fragmentos de garrafas PET, de diferentes tamanhos e formatos, com uma ampla gama de adaptabilidade.<\/li>    <li>O processo de lavagem de garrafas pl\u00e1sticas \u00e9 simples e os resultados s\u00e3o impressionantes, com alto n\u00edvel de pureza no rPET.<\/li> <\/ul>   <div class=\"wp-block-image\"> <figure class=\"aligncenter size-large\"><img loading=\"lazy\" decoding=\"async\" width=\"1024\" height=\"622\" src=\"https:\/\/www.plasticgranularmachine.com\/wp-content\/uploads\/2022\/07\/plastic-bottle-sink-float-tank-1024x622.webp\" alt=\"tanque flutuante para pia de garrafa de pl\u00e1stico\" class=\"wp-image-1286\" srcset=\"https:\/\/www.plasticgranularmachine.com\/wp-content\/uploads\/2022\/07\/plastic-bottle-sink-float-tank-1024x622.webp 1024w, https:\/\/www.plasticgranularmachine.com\/wp-content\/uploads\/2022\/07\/plastic-bottle-sink-float-tank-300x182.webp 300w, https:\/\/www.plasticgranularmachine.com\/wp-content\/uploads\/2022\/07\/plastic-bottle-sink-float-tank-768x467.webp 768w, https:\/\/www.plasticgranularmachine.com\/wp-content\/uploads\/2022\/07\/plastic-bottle-sink-float-tank-18x12.webp 18w, https:\/\/www.plasticgranularmachine.com\/wp-content\/uploads\/2022\/07\/plastic-bottle-sink-float-tank.webp 1354w\" sizes=\"auto, (max-width: 1024px) 100vw, 1024px\" \/><figcaption class=\"wp-element-caption\">tanque flutuante para pia de garrafa de pl\u00e1stico<\/figcaption><\/figure> <\/div>   <h2 class=\"wp-block-heading\">V\u00eddeo do tanque de separa\u00e7\u00e3o flutuante de pl\u00e1stico<\/h2>    <figure class=\"wp-block-embed is-type-video is-provider-youtube wp-block-embed-youtube wp-embed-aspect-16-9 wp-has-aspect-ratio\"><div class=\"wp-block-embed__wrapper\"> <iframe loading=\"lazy\" title=\"Descontamina\u00e7\u00e3o eficiente e poderosa de garrafas PET em um processo passo a passo\" width=\"500\" height=\"281\" src=\"https:\/\/www.youtube.com\/embed\/SsiW4ed3DB8?feature=oembed\" frameborder=\"0\" allow=\"accelerometer; autoplay; clipboard-write; encrypted-media; gyroscope; picture-in-picture; web-share\" referrerpolicy=\"strict-origin-when-cross-origin\" allowfullscreen><\/iframe> <\/div><\/figure>    <p>Neste v\u00eddeo voc\u00ea pode ver como funciona uma m\u00e1quina de lavar flocos de PET. Qualquer d\u00favida que voc\u00ea tenha, n\u00e3o hesite em nos consultar. <\/p>    <h2 class=\"wp-block-heading\" id=\"h-what-are-the-pet-flakes-washing-process\">Quais s\u00e3o os processos de lavagem de flocos de PET?<\/h2>    <p>A m\u00e1quina de lavar flocos PET est\u00e1 equipada com m\u00faltiplas placas dentadas. Quando a m\u00e1quina estiver funcionando, ela ser\u00e1 abastecida com \u00e1gua limpa. A placa dentada gira e empurra os flocos de pl\u00e1stico para frente. A engrenagem rotativa limpar\u00e1 os flocos de pl\u00e1stico e remover\u00e1 as impurezas dos chips de pl\u00e1stico.<\/p>    <p>Para obter um melhor efeito de limpeza, voc\u00ea tamb\u00e9m pode adicionar detergente ao pont\u00e3o do tanque. Portanto, o processo de lavagem dos flocos de pl\u00e1stico nesta etapa consiste em limpar os flocos de pl\u00e1stico por mistura. <\/p>   <div class=\"wp-block-image\"> <figure class=\"aligncenter size-full\"><img loading=\"lazy\" decoding=\"async\" width=\"540\" height=\"720\" src=\"https:\/\/www.plasticgranularmachine.com\/wp-content\/uploads\/2022\/07\/tooth-plate-of-the-pet-flakes-washing-machine.webp\" alt=\"placa dent\u00e1ria da m\u00e1quina de lavar flocos para animais de estima\u00e7\u00e3o\" class=\"wp-image-1287\" srcset=\"https:\/\/www.plasticgranularmachine.com\/wp-content\/uploads\/2022\/07\/tooth-plate-of-the-pet-flakes-washing-machine.webp 540w, https:\/\/www.plasticgranularmachine.com\/wp-content\/uploads\/2022\/07\/tooth-plate-of-the-pet-flakes-washing-machine-225x300.webp 225w, https:\/\/www.plasticgranularmachine.com\/wp-content\/uploads\/2022\/07\/tooth-plate-of-the-pet-flakes-washing-machine-9x12.webp 9w\" sizes=\"auto, (max-width: 540px) 100vw, 540px\" \/><figcaption class=\"wp-element-caption\">placa dent\u00e1ria da m\u00e1quina de lavar flocos para animais de estima\u00e7\u00e3o<\/figcaption><\/figure> <\/div>   <h2 class=\"wp-block-heading\">Como limpar flocos de pl\u00e1stico para reciclagem?<\/h2>    <p class=\"translation-block\">Na <strong><a href=\"https:\/\/www.plasticgranularmachine.com\/pt\/product\/pet-bottles-recycling-line\/\">linha de reciclagem de garrafas de pl\u00e1stico<\/a><\/strong> completa, precisamos de mais do que apenas separa\u00e7\u00e3o por flota\u00e7\u00e3o de pl\u00e1stico. Para um melhor efeito de limpeza, tamb\u00e9m \u00e9 necess\u00e1ria uma m\u00e1quina de limpeza por fric\u00e7\u00e3o de pl\u00e1stico e uma <strong><a href=\"https:\/\/www.plasticgranularmachine.com\/pt\/product\/pet-flakes-hot-washing-machine\/\" data-type=\"link\" data-id=\"https:\/\/www.plasticgranularmachine.com\/product\/pet-flakes-hot-washing-machine\/\">m\u00e1quina de lavagem a quente<\/a><\/strong>. A m\u00e1quina de limpeza por fric\u00e7\u00e3o de pl\u00e1stico pode limpar a sujidade gordurosa e outras manchas nos detritos de pl\u00e1stico. Al\u00e9m de limpar detritos de pl\u00e1stico, a m\u00e1quina de lavagem a quente tamb\u00e9m tem a fun\u00e7\u00e3o de desinfe\u00e7\u00e3o. Sob a a\u00e7\u00e3o destes tr\u00eas equipamentos de limpeza de pl\u00e1stico, podemos obter fragmentos de pl\u00e1stico limpos.<\/p>   <div class=\"wp-block-image\"> <figure class=\"aligncenter size-full\"><img loading=\"lazy\" decoding=\"async\" width=\"720\" height=\"540\" src=\"https:\/\/www.plasticgranularmachine.com\/wp-content\/uploads\/2022\/07\/sink-float-tank-in-the-complete-plastic-bottle-washing-line.webp\" alt=\"tanque flutuante de pia na linha completa de lavagem de garrafas pl\u00e1sticas\" class=\"wp-image-1288\" srcset=\"https:\/\/www.plasticgranularmachine.com\/wp-content\/uploads\/2022\/07\/sink-float-tank-in-the-complete-plastic-bottle-washing-line.webp 720w, https:\/\/www.plasticgranularmachine.com\/wp-content\/uploads\/2022\/07\/sink-float-tank-in-the-complete-plastic-bottle-washing-line-300x225.webp 300w, https:\/\/www.plasticgranularmachine.com\/wp-content\/uploads\/2022\/07\/sink-float-tank-in-the-complete-plastic-bottle-washing-line-16x12.webp 16w\" sizes=\"auto, (max-width: 720px) 100vw, 720px\" \/><figcaption class=\"wp-element-caption\">tanque flutuante de pia na linha completa de lavagem de garrafas pl\u00e1sticas<\/figcaption><\/figure> <\/div>   <p>Se voc\u00ea quiser saber mais, n\u00e3o hesite em nos contatar e visualizar o site abaixo: <\/p>    <p><em><a href=\"https:\/\/www.plasticgranularmachine.com\/pt\/Info\/plastic-bottle-washing-machine\/\" data-type=\"link\" data-id=\"https:\/\/www.plasticgranularmachine.com\/Info\/plastic-bottle-washing-machine\/\">M\u00e1quinas de lavar garrafas de pl\u00e1stico acess\u00edveis para suas plantas<\/a><\/em><\/p>    <h2 class=\"wp-block-heading\">Par\u00e2metros do tanque de pia flutuante de pl\u00e1stico<\/h2>    <figure class=\"wp-block-table\"><table><tbody><tr><td>Nome do item<\/td><td>Tanque de pia flutuante de pl\u00e1stico<\/td><td>Material adequado<\/td><td>Variedade<\/td><\/tr><tr><td>Modelo<\/td><td>Pequeno<\/td><td>Pot\u00eancia do motor<\/td><td>3KW<\/td><\/tr><tr><td>Tamanho<\/td><td>Pode ser personalizado<\/td><td>Personalizado<\/td><td>Sim<\/td><\/tr><tr><td>\u00c2mbito de aplica\u00e7\u00e3o<\/td><td>Para lavar PP, PE, PET<\/td><td>Usos<\/td><td>Usado para limpar flocos de pl\u00e1stico, separar tampas de PP e chips de PET<\/td><\/tr><\/tbody><\/table><\/figure>    <p class=\"translation-block\">Os par\u00e2metros da pequena m\u00e1quina de lavagem de escamas de PET de pl\u00e1stico s\u00e3o mencionados na tabela. Al\u00e9m disso, temos equipamentos de limpeza de grande porte. O nosso tanque de separa\u00e7\u00e3o por flota\u00e7\u00e3o de pl\u00e1stico pode processar folhas de pl\u00e1stico PP, <a href=\"https:\/\/en.wikipedia.org\/wiki\/PE\" target=\"_blank\" rel=\"noopener\">PE<\/a> e PET. Se tiver outras necessidades, n\u00e3o hesite em contactar-nos e responderemos o mais breve poss\u00edvel.<\/p>    <h2 class=\"wp-block-heading\">Pre\u00e7o da m\u00e1quina de lavar flocos de garrafas PET<\/h2>    <p>Para ser honesto, o pre\u00e7o da m\u00e1quina de lavar chips PET \u00e9 afetado por muitos fatores, como dist\u00e2ncia, taxa de c\u00e2mbio, etc. Al\u00e9m disso, muitos clientes desejam solicitar m\u00e1quinas de lavar chips PET para atender \u00e0s suas necessidades. Portanto, se voc\u00ea deseja saber o pre\u00e7o espec\u00edfico da m\u00e1quina, entre em contato conosco. Forneceremos um or\u00e7amento detalhado da m\u00e1quina de acordo com sua situa\u00e7\u00e3o real.<\/p>   <div class=\"wp-block-image\"> <figure class=\"aligncenter size-full\"><img loading=\"lazy\" decoding=\"async\" width=\"720\" height=\"540\" src=\"https:\/\/www.plasticgranularmachine.com\/wp-content\/uploads\/2022\/07\/sink-float-tank-pet-flakes-washing-machine.webp\" alt=\"pia, tanque flutuante, flocos de animais de estima\u00e7\u00e3o, m\u00e1quina de lavar\" class=\"wp-image-1289\" srcset=\"https:\/\/www.plasticgranularmachine.com\/wp-content\/uploads\/2022\/07\/sink-float-tank-pet-flakes-washing-machine.webp 720w, https:\/\/www.plasticgranularmachine.com\/wp-content\/uploads\/2022\/07\/sink-float-tank-pet-flakes-washing-machine-300x225.webp 300w, https:\/\/www.plasticgranularmachine.com\/wp-content\/uploads\/2022\/07\/sink-float-tank-pet-flakes-washing-machine-16x12.webp 16w\" sizes=\"auto, (max-width: 720px) 100vw, 720px\" \/><figcaption class=\"wp-element-caption\">pia, tanque flutuante, flocos de animais de estima\u00e7\u00e3o, m\u00e1quina de lavar<\/figcaption><\/figure> <\/div>   <h2 class=\"wp-block-heading\">Os flocos de pl\u00e1stico derretem na m\u00e1quina de lavar?<\/h2>    <p>A resposta \u00e9 n\u00e3o. O pl\u00e1stico s\u00f3 pode derreter em temperaturas acima de 100 graus. Portanto, os flocos de pl\u00e1stico n\u00e3o derreter\u00e3o na m\u00e1quina de lavar flocos de PET.<\/p>    <figure class=\"wp-block-gallery has-nested-images columns-default is-cropped wp-block-gallery-3 is-layout-flex wp-block-gallery-is-layout-flex\"> <figure class=\"wp-block-image size-large\"><img loading=\"lazy\" decoding=\"async\" width=\"720\" height=\"540\" data-id=\"1290\" src=\"https:\/\/www.plasticgranularmachine.com\/wp-content\/uploads\/2022\/07\/PET-flakes-float-on-water.webp\" alt=\"Flocos de PET flutuam na \u00e1gua\" class=\"wp-image-1290\" srcset=\"https:\/\/www.plasticgranularmachine.com\/wp-content\/uploads\/2022\/07\/PET-flakes-float-on-water.webp 720w, https:\/\/www.plasticgranularmachine.com\/wp-content\/uploads\/2022\/07\/PET-flakes-float-on-water-300x225.webp 300w, https:\/\/www.plasticgranularmachine.com\/wp-content\/uploads\/2022\/07\/PET-flakes-float-on-water-16x12.webp 16w\" sizes=\"auto, (max-width: 720px) 100vw, 720px\" \/><figcaption class=\"wp-element-caption\">Flocos de PET flutuam na \u00e1gua<\/figcaption><\/figure>    <figure class=\"wp-block-image size-large\"><img loading=\"lazy\" decoding=\"async\" width=\"720\" height=\"540\" data-id=\"1291\" src=\"https:\/\/www.plasticgranularmachine.com\/wp-content\/uploads\/2022\/07\/PP-PE-separating-tank.webp\" alt=\"Tanque de separa\u00e7\u00e3o PP PE\" class=\"wp-image-1291\" srcset=\"https:\/\/www.plasticgranularmachine.com\/wp-content\/uploads\/2022\/07\/PP-PE-separating-tank.webp 720w, https:\/\/www.plasticgranularmachine.com\/wp-content\/uploads\/2022\/07\/PP-PE-separating-tank-300x225.webp 300w, https:\/\/www.plasticgranularmachine.com\/wp-content\/uploads\/2022\/07\/PP-PE-separating-tank-16x12.webp 16w\" sizes=\"auto, (max-width: 720px) 100vw, 720px\" \/><figcaption class=\"wp-element-caption\">Tanque de separa\u00e7\u00e3o PP PE<\/figcaption><\/figure> <\/figure>    <h2 class=\"wp-block-heading\">Resumindo<\/h2>    <p class=\"translation-block\">Concluindo, acreditamos que o tanque de afundamento \u00e9 um passo importante no processo de lavagem de PET. Tem o potencial de melhorar a reciclagem de garrafas de pl\u00e1stico e reduzir a perda de m\u00e1quinas de reciclagem subsequentes. Se procura uma solu\u00e7\u00e3o de lavagem para reciclagem de garrafas de pl\u00e1stico que possa ser vantajosa para si, ficar\u00edamos encantados em ouvir consigo. Por favor, n\u00e3o hesite em contactar-nos clicando <a href=\"https:\/\/wa.me\/8617303831295\" data-type=\"link\" data-id=\"https:\/\/wa.me\/8617303831295\" target=\"_blank\" rel=\"noopener\">aqui<\/a>.<\/p>","protected":false},"excerpt":{"rendered":"<p>PET flakes washing machine is one of the machines of plastic bottle recycling line. It plays a very important role in the whole PET bottle washing line. Because we all know that waste plastic bottles contain a lot of impurities and stains. Therefore, in order to get high-quality plastic flakes, we need to use a [&hellip;]<\/p>\n","protected":false},"author":1,"featured_media":1282,"parent":0,"template":"","tags":[38,39],"product-type":[6],"class_list":["post-257","product","type-product","status-publish","has-post-thumbnail","hentry","tag-pet-recycling","tag-washing","product-type-washing-machine"],"_links":{"self":[{"href":"https:\/\/www.plasticgranularmachine.com\/pt\/wp-json\/wp\/v2\/product\/257","targetHints":{"allow":["GET"]}}],"collection":[{"href":"https:\/\/www.plasticgranularmachine.com\/pt\/wp-json\/wp\/v2\/product"}],"about":[{"href":"https:\/\/www.plasticgranularmachine.com\/pt\/wp-json\/wp\/v2\/types\/product"}],"author":[{"embeddable":true,"href":"https:\/\/www.plasticgranularmachine.com\/pt\/wp-json\/wp\/v2\/users\/1"}],"wp:featuredmedia":[{"embeddable":true,"href":"https:\/\/www.plasticgranularmachine.com\/pt\/wp-json\/wp\/v2\/media\/1282"}],"wp:attachment":[{"href":"https:\/\/www.plasticgranularmachine.com\/pt\/wp-json\/wp\/v2\/media?parent=257"}],"wp:term":[{"taxonomy":"post_tag","embeddable":true,"href":"https:\/\/www.plasticgranularmachine.com\/pt\/wp-json\/wp\/v2\/tags?post=257"},{"taxonomy":"product-type","embeddable":true,"href":"https:\/\/www.plasticgranularmachine.com\/pt\/wp-json\/wp\/v2\/product-type?post=257"}],"curies":[{"name":"wp","href":"https:\/\/api.w.org\/{rel}","templated":true}]}}