{"id":283,"date":"2022-07-28T03:59:39","date_gmt":"2022-07-28T03:59:39","guid":{"rendered":"https:\/\/www.plasticgranularmachine.com\/?post_type=product&#038;p=283"},"modified":"2025-01-08T10:45:31","modified_gmt":"2025-01-08T02:45:31","slug":"plastic-film-crusher","status":"publish","type":"product","link":"https:\/\/www.plasticgranularmachine.com\/pt\/product\/plastic-film-crusher\/","title":{"rendered":"Triturador de filme pl\u00e1stico | Triturador de filme pl\u00e1stico"},"content":{"rendered":"<p class=\"translation-block\">O trituradora de filmes pl\u00e1sticos \u00e9 a primeira m\u00e1quina na <a href=\"https:\/\/www.plasticgranularmachine.com\/pt\/product\/plastic-film-recycling-line\/\">linha de reciclagem de filmes pl\u00e1sticos<\/a>, e \u00e9 tamb\u00e9m uma m\u00e1quina principal. Pode triturar o filme pl\u00e1stico de v\u00e1rios materiais brutos em fragmentos para subsequente limpeza e granulagem. Os filmes pl\u00e1sticos comuns s\u00e3o o filme de <a href=\"https:\/\/en.wikipedia.org\/wiki\/Polypropylene\" target=\"_blank\" rel=\"noopener\">PP<\/a> e o filme PE.<\/p>   <div class=\"wp-block-image\"> <figure class=\"aligncenter size-full\"><img loading=\"lazy\" decoding=\"async\" width=\"720\" height=\"540\" src=\"https:\/\/www.plasticgranularmachine.com\/wp-content\/uploads\/2022\/07\/plastic-film-crushing-machine-in-factory.webp\" alt=\"M\u00e1quina trituradora de filme pl\u00e1stico na f\u00e1brica\" class=\"wp-image-1348\" srcset=\"https:\/\/www.plasticgranularmachine.com\/wp-content\/uploads\/2022\/07\/plastic-film-crushing-machine-in-factory.webp 720w, https:\/\/www.plasticgranularmachine.com\/wp-content\/uploads\/2022\/07\/plastic-film-crushing-machine-in-factory-300x225.webp 300w, https:\/\/www.plasticgranularmachine.com\/wp-content\/uploads\/2022\/07\/plastic-film-crushing-machine-in-factory-16x12.webp 16w\" sizes=\"auto, (max-width: 720px) 100vw, 720px\" \/><figcaption class=\"wp-element-caption\">M\u00e1quina trituradora de filme pl\u00e1stico na f\u00e1brica<\/figcaption><\/figure> <\/div>   <h2 class=\"wp-block-heading\" id=\"h-how-does-the-plastic-film-crusher-work\">Como funciona o triturador de filme pl\u00e1stico?<\/h2>    <p>Existem dois grupos diferentes de facas dentro da trituradora de filme pl\u00e1stico: faca m\u00f3vel e faca fixa. A m\u00e1quina aciona a faca fixa interna para girar em alta velocidade atrav\u00e9s do motor para cortar o filme pl\u00e1stico. Durante a rota\u00e7\u00e3o em alta velocidade da faca m\u00f3vel, ser\u00e1 formado um espa\u00e7o entre a faca m\u00f3vel e a faca fixa. O movimento relativo da faca m\u00f3vel e da faca fixa aumentar\u00e1 o tamanho do entalhe de cisalhamento de pl\u00e1stico. A reuni\u00e3o esportiva de ambos os lados esmagar\u00e1 o bloco de pl\u00e1stico. A diferen\u00e7a entre nossa m\u00e1quina e outras m\u00e1quinas trituradoras de filme pl\u00e1stico \u00e9 que ela tamb\u00e9m possui uma fun\u00e7\u00e3o de limpeza. Pode limpar materiais durante o esmagamento.<\/p>    <figure class=\"wp-block-gallery has-nested-images columns-default is-cropped wp-block-gallery-2 is-layout-flex wp-block-gallery-is-layout-flex\"> <figure class=\"wp-block-image size-large\"><img loading=\"lazy\" decoding=\"async\" width=\"720\" height=\"540\" data-id=\"1349\" src=\"https:\/\/www.plasticgranularmachine.com\/wp-content\/uploads\/2022\/07\/pe-film-grinder.webp\" alt=\"moedor de filme pe\" class=\"wp-image-1349\" srcset=\"https:\/\/www.plasticgranularmachine.com\/wp-content\/uploads\/2022\/07\/pe-film-grinder.webp 720w, https:\/\/www.plasticgranularmachine.com\/wp-content\/uploads\/2022\/07\/pe-film-grinder-300x225.webp 300w, https:\/\/www.plasticgranularmachine.com\/wp-content\/uploads\/2022\/07\/pe-film-grinder-16x12.webp 16w\" sizes=\"auto, (max-width: 720px) 100vw, 720px\" \/><figcaption class=\"wp-element-caption\">moedor de filme pe<\/figcaption><\/figure>    <figure class=\"wp-block-image size-large\"><img loading=\"lazy\" decoding=\"async\" width=\"720\" height=\"540\" data-id=\"1350\" src=\"https:\/\/www.plasticgranularmachine.com\/wp-content\/uploads\/2022\/07\/screen-of-the-plastic-shredder.webp\" alt=\"tela do triturador de pl\u00e1stico\" class=\"wp-image-1350\" srcset=\"https:\/\/www.plasticgranularmachine.com\/wp-content\/uploads\/2022\/07\/screen-of-the-plastic-shredder.webp 720w, https:\/\/www.plasticgranularmachine.com\/wp-content\/uploads\/2022\/07\/screen-of-the-plastic-shredder-300x225.webp 300w, https:\/\/www.plasticgranularmachine.com\/wp-content\/uploads\/2022\/07\/screen-of-the-plastic-shredder-16x12.webp 16w\" sizes=\"auto, (max-width: 720px) 100vw, 720px\" \/><figcaption class=\"wp-element-caption\">tela do triturador de pl\u00e1stico<\/figcaption><\/figure> <\/figure>    <h2 class=\"wp-block-heading\">Quais s\u00e3o as vantagens das m\u00e1quinas?<\/h2>    <ol class=\"wp-block-list\"> <li><span style=\"color: initial;\">O chassi \u00e9 soldado com placa de a\u00e7o espessada, firme e dur\u00e1vel.<\/span><\/li>    <li>Todas as l\u00e2minas utilizadas s\u00e3o feitas de a\u00e7o de alta qualidade e tratadas termicamente. Possui caracter\u00edsticas de longa vida \u00fatil.<\/li>    <li>O triturador de filme pl\u00e1stico possui alta efici\u00eancia de britagem e baixo consumo de energia.<\/li>    <li>Movimento suave. Pequena vibra\u00e7\u00e3o e opera\u00e7\u00e3o conveniente.<\/li> <\/ol>   <div class=\"wp-block-image\"> <figure class=\"aligncenter size-full\"><img loading=\"lazy\" decoding=\"async\" width=\"720\" height=\"540\" src=\"https:\/\/www.plasticgranularmachine.com\/wp-content\/uploads\/2022\/07\/plastic-chipper.webp\" alt=\"picador de pl\u00e1stico\" class=\"wp-image-1351\" srcset=\"https:\/\/www.plasticgranularmachine.com\/wp-content\/uploads\/2022\/07\/plastic-chipper.webp 720w, https:\/\/www.plasticgranularmachine.com\/wp-content\/uploads\/2022\/07\/plastic-chipper-300x225.webp 300w, https:\/\/www.plasticgranularmachine.com\/wp-content\/uploads\/2022\/07\/plastic-chipper-16x12.webp 16w\" sizes=\"auto, (max-width: 720px) 100vw, 720px\" \/><figcaption class=\"wp-element-caption\">picador de pl\u00e1stico<\/figcaption><\/figure> <\/div>   <h2 class=\"wp-block-heading\">Par\u00e2metros da m\u00e1quina<\/h2>    <figure class=\"wp-block-table\"><table><tbody><tr><td>Modelo<\/td><td>60<\/td><td>80<\/td><\/tr><tr><td>Capacidade<\/td><td>500kg\/h<\/td><td>1t\/h<\/td><\/tr><tr><td>Largura da l\u00e2mina<\/td><td>60cm+30cm<\/td><td>80cm+40cm<\/td><\/tr><tr><td>Poder<\/td><td>15+7,5 kW<\/td><td>30+11kw<\/td><\/tr><\/tbody><\/table><\/figure>    <p class=\"translation-block\">Acima est\u00e3o os par\u00e2metros das duas m\u00e1quinas de tritura\u00e7\u00e3o de filme pl\u00e1stico populares da nossa empresa. Podemos ver na tabela que a produ\u00e7\u00e3o das duas m\u00e1quinas \u00e9 de 500 kg\/h e 1t\/h, respetivamente. Voc\u00ea pode escolher uma m\u00e1quina adequada de acordo com suas pr\u00f3prias necessidades. Se voc\u00ea tiver outras necessidades, podemos fornecer servi\u00e7os personalizados. Sinta-se \u00e0 vontade para nos contatar (<a href=\"https:\/\/www.plasticgranularmachine.com\/pt\/\">M\u00e1quinas eficientes<\/a>) e responderemos o mais r\u00e1pido poss\u00edvel.<\/p>   <div class=\"wp-block-image\"> <figure class=\"aligncenter size-full\"><img loading=\"lazy\" decoding=\"async\" width=\"720\" height=\"540\" src=\"https:\/\/www.plasticgranularmachine.com\/wp-content\/uploads\/2022\/07\/blade-of-the-machine.jpg\" alt=\"l\u00e2mina da m\u00e1quina\" class=\"wp-image-285\" srcset=\"https:\/\/www.plasticgranularmachine.com\/wp-content\/uploads\/2022\/07\/blade-of-the-machine.jpg 720w, https:\/\/www.plasticgranularmachine.com\/wp-content\/uploads\/2022\/07\/blade-of-the-machine-300x225.jpg 300w\" sizes=\"auto, (max-width: 720px) 100vw, 720px\" \/><figcaption class=\"wp-element-caption\">l\u00e2mina da m\u00e1quina<\/figcaption><\/figure> <\/div>   <h2 class=\"wp-block-heading\">Escopo de aplica\u00e7\u00e3o do moedor de filme pl\u00e1stico<\/h2>    <p>Nosso triturador de filme pl\u00e1stico pode esmagar a maioria dos res\u00edduos de pl\u00e1stico PP e PE. A reciclagem destes res\u00edduos pl\u00e1sticos pode n\u00e3o s\u00f3 reduzir a polui\u00e7\u00e3o ambiental, mas tamb\u00e9m trazer benef\u00edcios econ\u00f3micos consider\u00e1veis.<\/p>    <figure class=\"wp-block-embed is-type-video is-provider-youtube wp-block-embed-youtube wp-embed-aspect-16-9 wp-has-aspect-ratio\"><div class=\"wp-block-embed__wrapper\"> <iframe loading=\"lazy\" title=\"V\u00eddeo 3D do processo de reciclagem de filme PET | M\u00e1quina de reciclagem de res\u00edduos de filme pl\u00e1stico\" width=\"500\" height=\"281\" src=\"https:\/\/www.youtube.com\/embed\/rm1eGCFGcdc?feature=oembed\" frameborder=\"0\" allow=\"accelerometer; autoplay; clipboard-write; encrypted-media; gyroscope; picture-in-picture; web-share\" referrerpolicy=\"strict-origin-when-cross-origin\" allowfullscreen><\/iframe> <\/div><\/figure>","protected":false},"excerpt":{"rendered":"<p>The plastic film crusher is the first machine in the plastic film recycling line, and it is also a major machine. It can crush the plastic film of various raw materials into fragments for subsequent cleaning and granulation. Common plastic films are PP film and PE film. How does the plastic film crusher work? There [&hellip;]<\/p>\n","protected":false},"author":1,"featured_media":1352,"parent":0,"template":"","tags":[35,41],"product-type":[4],"class_list":["post-283","product","type-product","status-publish","has-post-thumbnail","hentry","tag-crushing","tag-plastic-film-recycling","product-type-crushing-machine"],"_links":{"self":[{"href":"https:\/\/www.plasticgranularmachine.com\/pt\/wp-json\/wp\/v2\/product\/283","targetHints":{"allow":["GET"]}}],"collection":[{"href":"https:\/\/www.plasticgranularmachine.com\/pt\/wp-json\/wp\/v2\/product"}],"about":[{"href":"https:\/\/www.plasticgranularmachine.com\/pt\/wp-json\/wp\/v2\/types\/product"}],"author":[{"embeddable":true,"href":"https:\/\/www.plasticgranularmachine.com\/pt\/wp-json\/wp\/v2\/users\/1"}],"wp:featuredmedia":[{"embeddable":true,"href":"https:\/\/www.plasticgranularmachine.com\/pt\/wp-json\/wp\/v2\/media\/1352"}],"wp:attachment":[{"href":"https:\/\/www.plasticgranularmachine.com\/pt\/wp-json\/wp\/v2\/media?parent=283"}],"wp:term":[{"taxonomy":"post_tag","embeddable":true,"href":"https:\/\/www.plasticgranularmachine.com\/pt\/wp-json\/wp\/v2\/tags?post=283"},{"taxonomy":"product-type","embeddable":true,"href":"https:\/\/www.plasticgranularmachine.com\/pt\/wp-json\/wp\/v2\/product-type?post=283"}],"curies":[{"name":"wp","href":"https:\/\/api.w.org\/{rel}","templated":true}]}}