{"id":314,"date":"2022-07-29T07:24:50","date_gmt":"2022-07-29T07:24:50","guid":{"rendered":"https:\/\/www.plasticgranularmachine.com\/?post_type=product&#038;p=314"},"modified":"2025-01-06T09:58:37","modified_gmt":"2025-01-06T01:58:37","slug":"plastic-film-dryer-machine","status":"publish","type":"product","link":"https:\/\/www.plasticgranularmachine.com\/pt\/product\/plastic-film-dryer-machine\/","title":{"rendered":"M\u00e1quina secadora de filme pl\u00e1stico | M\u00e1quina de secagem de pl\u00e1stico para filme"},"content":{"rendered":"<p class=\"translation-block\">A m\u00e1quina secadora de filme pl\u00e1stico \u00e9 uma m\u00e1quina especial para secar filme pl\u00e1stico triturado. \u00c9 uma das m\u00e1quinas principais na <a href=\"https:\/\/www.plasticgranularmachine.com\/pt\/product\/plastic-film-recycling-line\/\">linha de reciclagem de filme pl\u00e1stico<\/a>. Este secador de pl\u00e1stico pode n\u00e3o s\u00f3 secar a humidade no filme pl\u00e1stico, mas tamb\u00e9m remover as impurezas em materiais residuais. Em seguida, apresentaremos alguns conte\u00fados relacionados com a M\u00e1quina Secadora Vertical de Pl\u00e1stico para Filme.<\/p>   <div class=\"wp-block-image\"> <figure class=\"aligncenter size-full\"><img loading=\"lazy\" decoding=\"async\" width=\"720\" height=\"540\" src=\"https:\/\/www.plasticgranularmachine.com\/wp-content\/uploads\/2022\/07\/plastic-film-dryer-machine-1.webp\" alt=\"m\u00e1quina secadora de filme pl\u00e1stico\" class=\"wp-image-1456\" srcset=\"https:\/\/www.plasticgranularmachine.com\/wp-content\/uploads\/2022\/07\/plastic-film-dryer-machine-1.webp 720w, https:\/\/www.plasticgranularmachine.com\/wp-content\/uploads\/2022\/07\/plastic-film-dryer-machine-1-300x225.webp 300w, https:\/\/www.plasticgranularmachine.com\/wp-content\/uploads\/2022\/07\/plastic-film-dryer-machine-1-16x12.webp 16w\" sizes=\"auto, (max-width: 720px) 100vw, 720px\" \/><figcaption class=\"wp-element-caption\">m\u00e1quina secadora de filme pl\u00e1stico<\/figcaption><\/figure> <\/div>   <h2 class=\"wp-block-heading\">Princ\u00edpio de funcionamento da m\u00e1quina secadora de filme pl\u00e1stico<\/h2>    <p>A m\u00e1quina secadora de filme pl\u00e1stico \u00e9 instalada atr\u00e1s da m\u00e1quina de limpeza de filme pl\u00e1stico. De modo geral, um dispositivo de alimenta\u00e7\u00e3o ser\u00e1 equipado na frente do desidratador de pl\u00e1stico. Para que o filme pl\u00e1stico possa ser transportado automaticamente para o desidratador. <\/p>    <p>H\u00e1 um dispositivo de alimenta\u00e7\u00e3o rotativo dentro da m\u00e1quina de desidrata\u00e7\u00e3o de pl\u00e1stico. No processo de rota\u00e7\u00e3o em alta velocidade, a forte for\u00e7a centr\u00edfuga pode efetivamente remover a \u00e1gua do filme pl\u00e1stico. A prop\u00f3sito, a velocidade da m\u00e1quina pode atingir 900-1500 rota\u00e7\u00f5es por minuto.<\/p>    <figure class=\"wp-block-gallery aligncenter has-nested-images columns-default is-cropped wp-block-gallery-2 is-layout-flex wp-block-gallery-is-layout-flex\"> <figure class=\"wp-block-image size-full\"><img loading=\"lazy\" decoding=\"async\" width=\"720\" height=\"540\" data-id=\"1457\" src=\"https:\/\/www.plasticgranularmachine.com\/wp-content\/uploads\/2022\/07\/vertical-plastic-dehydrator.webp\" alt=\"desidratador pl\u00e1stico vertical\" class=\"wp-image-1457\" srcset=\"https:\/\/www.plasticgranularmachine.com\/wp-content\/uploads\/2022\/07\/vertical-plastic-dehydrator.webp 720w, https:\/\/www.plasticgranularmachine.com\/wp-content\/uploads\/2022\/07\/vertical-plastic-dehydrator-300x225.webp 300w, https:\/\/www.plasticgranularmachine.com\/wp-content\/uploads\/2022\/07\/vertical-plastic-dehydrator-16x12.webp 16w\" sizes=\"auto, (max-width: 720px) 100vw, 720px\" \/><figcaption class=\"wp-element-caption\">desidratador pl\u00e1stico vertical<\/figcaption><\/figure>    <figure class=\"wp-block-image size-full\"><img loading=\"lazy\" decoding=\"async\" width=\"720\" height=\"540\" data-id=\"1458\" src=\"https:\/\/www.plasticgranularmachine.com\/wp-content\/uploads\/2022\/07\/rotary-feeding-device.webp\" alt=\"dispositivo de alimenta\u00e7\u00e3o rotativo\" class=\"wp-image-1458\" srcset=\"https:\/\/www.plasticgranularmachine.com\/wp-content\/uploads\/2022\/07\/rotary-feeding-device.webp 720w, https:\/\/www.plasticgranularmachine.com\/wp-content\/uploads\/2022\/07\/rotary-feeding-device-300x225.webp 300w, https:\/\/www.plasticgranularmachine.com\/wp-content\/uploads\/2022\/07\/rotary-feeding-device-16x12.webp 16w\" sizes=\"auto, (max-width: 720px) 100vw, 720px\" \/><figcaption class=\"wp-element-caption\">dispositivo de alimenta\u00e7\u00e3o rotativo<\/figcaption><\/figure> <\/figure>    <h2 class=\"wp-block-heading\">Par\u00e2metros da m\u00e1quina<\/h2>    <ul class=\"wp-block-list\"> <li><strong>Aplicativo:<\/strong> Usado principalmente para secar filme pl\u00e1stico, tamb\u00e9m pode fazer parte da secagem de pl\u00e1stico duro.<\/li>    <li><strong>Modelo:<\/strong> Fornecemos para venda m\u00e1quinas secadoras de filme pl\u00e1stico SL-500 e SL-600. <\/li>    <li><strong>Poder:<\/strong> A pot\u00eancia da m\u00e1quina de secagem vertical de pl\u00e1stico est\u00e1 entre 7,5KW e 15KW. <\/li>    <li><strong>Velocidade de rota\u00e7\u00e3o do alimentador rotativo: <\/strong>900-1500 rota\u00e7\u00f5es por minuto.<\/li>    <li><strong>Uso apropriado:<\/strong> O secador de pl\u00e1stico \u00e9 utilizado entre o processo de limpeza do pl\u00e1stico e a pelotiza\u00e7\u00e3o do pl\u00e1stico, secando as pe\u00e7as pl\u00e1sticas ap\u00f3s a limpeza e facilitando o posterior processo de pelotiza\u00e7\u00e3o.<\/li> <\/ul>   <div class=\"wp-block-image\"> <figure class=\"aligncenter size-full\"><img loading=\"lazy\" decoding=\"async\" width=\"720\" height=\"540\" src=\"https:\/\/www.plasticgranularmachine.com\/wp-content\/uploads\/2022\/07\/plastic-dilm-dryer-machine-in-the-factory.webp\" alt=\"m\u00e1quina de secar dilm de pl\u00e1stico na f\u00e1brica\" class=\"wp-image-1461\" srcset=\"https:\/\/www.plasticgranularmachine.com\/wp-content\/uploads\/2022\/07\/plastic-dilm-dryer-machine-in-the-factory.webp 720w, https:\/\/www.plasticgranularmachine.com\/wp-content\/uploads\/2022\/07\/plastic-dilm-dryer-machine-in-the-factory-300x225.webp 300w, https:\/\/www.plasticgranularmachine.com\/wp-content\/uploads\/2022\/07\/plastic-dilm-dryer-machine-in-the-factory-16x12.webp 16w\" sizes=\"auto, (max-width: 720px) 100vw, 720px\" \/><figcaption class=\"wp-element-caption\">m\u00e1quina de secar dilm de pl\u00e1stico na f\u00e1brica<\/figcaption><\/figure> <\/div>   <h2 class=\"wp-block-heading\">Precau\u00e7\u00f5es para o uso da m\u00e1quina secadora de filme pl\u00e1stico<\/h2>    <ul class=\"wp-block-list\"> <li>Verifique se h\u00e1 artigos diversos na m\u00e1quina antes de inici\u00e1-la. Se houver artigos diversos na m\u00e1quina, isso afetar\u00e1 seriamente o efeito de desidrata\u00e7\u00e3o. Ao mesmo tempo, tamb\u00e9m afetar\u00e1 a vida \u00fatil da m\u00e1quina<\/li>    <li>Comissionamento. Ao usar o desidratador de filme pl\u00e1stico pela primeira vez, ele deve ser operado por 5 minutos. Verifique se h\u00e1 alguma anormalidade. Se houver alguma anormalidade, desligue imediatamente.<\/li>    <li>Desligue a energia a tempo. Desligue a fonte de alimenta\u00e7\u00e3o a tempo depois que a m\u00e1quina terminar de funcionar.<\/li>    <li>Limpe a m\u00e1quina a tempo. Ap\u00f3s a conclus\u00e3o do trabalho de desidrata\u00e7\u00e3o, os materiais dentro da m\u00e1quina devem ser limpos a tempo.<\/li> <\/ul>    <figure class=\"wp-block-gallery has-nested-images columns-default is-cropped wp-block-gallery-3 is-layout-flex wp-block-gallery-is-layout-flex\"> <figure class=\"wp-block-image size-large\"><img loading=\"lazy\" decoding=\"async\" width=\"720\" height=\"540\" data-id=\"1459\" src=\"https:\/\/www.plasticgranularmachine.com\/wp-content\/uploads\/2022\/07\/plastic-dewatering-machine.webp\" alt=\"m\u00e1quina de desidrata\u00e7\u00e3o de pl\u00e1stico\" class=\"wp-image-1459\" srcset=\"https:\/\/www.plasticgranularmachine.com\/wp-content\/uploads\/2022\/07\/plastic-dewatering-machine.webp 720w, https:\/\/www.plasticgranularmachine.com\/wp-content\/uploads\/2022\/07\/plastic-dewatering-machine-300x225.webp 300w, https:\/\/www.plasticgranularmachine.com\/wp-content\/uploads\/2022\/07\/plastic-dewatering-machine-16x12.webp 16w\" sizes=\"auto, (max-width: 720px) 100vw, 720px\" \/><figcaption class=\"wp-element-caption\">m\u00e1quina de desidrata\u00e7\u00e3o de pl\u00e1stico<\/figcaption><\/figure>    <figure class=\"wp-block-image size-large\"><img loading=\"lazy\" decoding=\"async\" width=\"720\" height=\"540\" data-id=\"1460\" src=\"https:\/\/www.plasticgranularmachine.com\/wp-content\/uploads\/2022\/07\/plastic-film-drying-machine.webp\" alt=\"m\u00e1quina de secagem de filme pl\u00e1stico\" class=\"wp-image-1460\" srcset=\"https:\/\/www.plasticgranularmachine.com\/wp-content\/uploads\/2022\/07\/plastic-film-drying-machine.webp 720w, https:\/\/www.plasticgranularmachine.com\/wp-content\/uploads\/2022\/07\/plastic-film-drying-machine-300x225.webp 300w, https:\/\/www.plasticgranularmachine.com\/wp-content\/uploads\/2022\/07\/plastic-film-drying-machine-16x12.webp 16w\" sizes=\"auto, (max-width: 720px) 100vw, 720px\" \/><figcaption class=\"wp-element-caption\">m\u00e1quina de secagem de filme pl\u00e1stico<\/figcaption><\/figure> <\/figure>    <h2 class=\"wp-block-heading\" id=\"h-why-choose-our-plastic-dryer\">Por que escolher nosso secador de pl\u00e1stico?<\/h2>    <ol class=\"wp-block-list\"> <li>Rica experi\u00eancia de exporta\u00e7\u00e3o. <a href=\"https:\/\/www.plasticgranularmachine.com\/pt\/\">Maquin\u00e1rio eficiente<\/a> \u00e9 uma empresa de m\u00e1quinas especializada em exporta\u00e7\u00e3o. Nossas m\u00e1quinas de pl\u00e1stico foram exportadas para a Alemanha, <a href=\"https:\/\/en.wikipedia.org\/wiki\/Congo\" target=\"_blank\" rel=\"noopener\">Congo<\/a>, Gana, Canad\u00e1, Estados Unidos, Filipinas, Tanz\u00e2nia e outros pa\u00edses. A rica experi\u00eancia em exporta\u00e7\u00e3o \u00e9 suficiente para lidarmos com todos os tipos de problemas.<\/li>    <li>Forte servi\u00e7o p\u00f3s-venda. N\u00e3o importa quais problemas voc\u00ea encontre no uso subsequente, nosso vendedor o ajudar\u00e1 a resolv\u00ea-los o mais r\u00e1pido poss\u00edvel. Se necess\u00e1rio, tamb\u00e9m podemos enviar instaladores para ajud\u00e1-lo a instalar a m\u00e1quina.<\/li>    <li>Entrega r\u00e1pida. A m\u00e1quina secadora de filme pl\u00e1stico \u00e9 o equipamento de reciclagem de pl\u00e1stico mais comumente usado. Portanto, nossa f\u00e1brica possui estoque suficiente. Isso pode garantir que possamos entregar a mercadoria assim que recebermos seu pedido.<\/li> <\/ol>   <div class=\"wp-block-image\"> <figure class=\"aligncenter size-full\"><img loading=\"lazy\" decoding=\"async\" width=\"405\" height=\"719\" src=\"https:\/\/www.plasticgranularmachine.com\/wp-content\/uploads\/2022\/07\/Vertical-dryer-loaded-for-delivery-1.webp\" alt=\"Secador vertical carregado para entrega\" class=\"wp-image-1385\" srcset=\"https:\/\/www.plasticgranularmachine.com\/wp-content\/uploads\/2022\/07\/Vertical-dryer-loaded-for-delivery-1.webp 405w, https:\/\/www.plasticgranularmachine.com\/wp-content\/uploads\/2022\/07\/Vertical-dryer-loaded-for-delivery-1-169x300.webp 169w, https:\/\/www.plasticgranularmachine.com\/wp-content\/uploads\/2022\/07\/Vertical-dryer-loaded-for-delivery-1-7x12.webp 7w\" sizes=\"auto, (max-width: 405px) 100vw, 405px\" \/><figcaption class=\"wp-element-caption\">Secador vertical carregado para entrega<\/figcaption><\/figure> <\/div>","protected":false},"excerpt":{"rendered":"<p>The plastic film dryer machine is a special machine for drying crushed plastic film. It is one of the main machines in the plastic film recycling line. This plastic dryer can not only dry the moisture in the plastic film but also remove the impurities in waste materials. Next, we will introduce you to some [&hellip;]<\/p>\n","protected":false},"author":1,"featured_media":1236,"parent":0,"template":"","tags":[42,41],"product-type":[9],"class_list":["post-314","product","type-product","status-publish","has-post-thumbnail","hentry","tag-dryer","tag-plastic-film-recycling","product-type-plastic-dryer"],"_links":{"self":[{"href":"https:\/\/www.plasticgranularmachine.com\/pt\/wp-json\/wp\/v2\/product\/314","targetHints":{"allow":["GET"]}}],"collection":[{"href":"https:\/\/www.plasticgranularmachine.com\/pt\/wp-json\/wp\/v2\/product"}],"about":[{"href":"https:\/\/www.plasticgranularmachine.com\/pt\/wp-json\/wp\/v2\/types\/product"}],"author":[{"embeddable":true,"href":"https:\/\/www.plasticgranularmachine.com\/pt\/wp-json\/wp\/v2\/users\/1"}],"wp:featuredmedia":[{"embeddable":true,"href":"https:\/\/www.plasticgranularmachine.com\/pt\/wp-json\/wp\/v2\/media\/1236"}],"wp:attachment":[{"href":"https:\/\/www.plasticgranularmachine.com\/pt\/wp-json\/wp\/v2\/media?parent=314"}],"wp:term":[{"taxonomy":"post_tag","embeddable":true,"href":"https:\/\/www.plasticgranularmachine.com\/pt\/wp-json\/wp\/v2\/tags?post=314"},{"taxonomy":"product-type","embeddable":true,"href":"https:\/\/www.plasticgranularmachine.com\/pt\/wp-json\/wp\/v2\/product-type?post=314"}],"curies":[{"name":"wp","href":"https:\/\/api.w.org\/{rel}","templated":true}]}}