{"id":320,"date":"2022-07-29T10:24:41","date_gmt":"2022-07-29T10:24:41","guid":{"rendered":"https:\/\/www.plasticgranularmachine.com\/?post_type=product&#038;p=320"},"modified":"2025-03-31T11:32:42","modified_gmt":"2025-03-31T03:32:42","slug":"eps-pelletizing-machine","status":"publish","type":"product","link":"https:\/\/www.plasticgranularmachine.com\/pt\/product\/eps-pelletizing-machine\/","title":{"rendered":"M\u00e1quina Pelotizadora EPS | Granulador de espuma"},"content":{"rendered":"<p class=\"translation-block\">A m\u00e1quina de granula\u00e7\u00e3o de EPS \u00e9 uma m\u00e1quina que transforma espuma EPS residual em granulados de EPS recicl\u00e1veis. Os granulados de EPS podem ser usados nas ind\u00fastrias de manufatura, agricultura e constru\u00e7\u00e3o. Ao mesmo tempo, a m\u00e1quina de granula\u00e7\u00e3o de EPS \u00e9 tamb\u00e9m o equipamento mais importante na <a href=\"https:\/\/www.plasticgranularmachine.com\/pt\/product\/eps-recycling-machine\/\">linha de reciclagem de espuma EPS<\/a>. Portanto, esta m\u00e1quina granuladora de esferovite desempenha um papel fundamental na reciclagem de espuma EPS.<\/p>    <figure class=\"wp-block-embed is-type-video is-provider-youtube wp-block-embed-youtube wp-embed-aspect-16-9 wp-has-aspect-ratio\"><div class=\"wp-block-embed__wrapper\"> <iframe loading=\"lazy\" title=\"Chega de desperd\u00edcio de espuma: esta solu\u00e7\u00e3o de reciclagem de espuma \u00e9 para voc\u00ea\" width=\"500\" height=\"281\" src=\"https:\/\/www.youtube.com\/embed\/Fhogy_M1KXU?feature=oembed\" frameborder=\"0\" allow=\"accelerometer; autoplay; clipboard-write; encrypted-media; gyroscope; picture-in-picture; web-share\" referrerpolicy=\"strict-origin-when-cross-origin\" allowfullscreen><\/iframe> <\/div><figcaption class=\"wp-element-caption\">Fluxo de trabalho detalhado do processo de reciclagem de EPS<\/figcaption><\/figure>    <h2 class=\"wp-block-heading\">Principais recursos de pelotizadores EPS eficientes<\/h2>    <ul class=\"wp-block-list\"> <li>Pode produzir de forma autom\u00e1tica e cont\u00ednua, garantindo a estabilidade do processo de granula\u00e7\u00e3o e a qualidade dos pellets de EPS.<\/li>    <li>Feito de a\u00e7o inoxid\u00e1vel de alta qualidade, \u00e9 dur\u00e1vel, resistente a altas temperaturas, resistente \u00e0 corros\u00e3o e n\u00e3o \u00e9 f\u00e1cil de deformar.<\/li>    <li>O processo de granula\u00e7\u00e3o do isopor \u00e9 visualizado e equipado com um gabinete de controle inteligente, facilitando o acompanhamento do processo de granula\u00e7\u00e3o e o controle rigoroso da temperatura, tempo, etc. durante o processo de pelotiza\u00e7\u00e3o da espuma pl\u00e1stica.<\/li>    <li>Ocupa pouco espa\u00e7o, consome pouca eletricidade e produz produtos de alta qualidade.<\/li> <\/ul>   <div class=\"wp-block-image\"> <figure class=\"aligncenter size-full\"><img loading=\"lazy\" decoding=\"async\" width=\"720\" height=\"540\" src=\"https:\/\/www.plasticgranularmachine.com\/wp-content\/uploads\/2022\/07\/EPS-pelletizer-machine-1.webp\" alt=\"M\u00e1quina peletizadora EPS\" class=\"wp-image-1172\" srcset=\"https:\/\/www.plasticgranularmachine.com\/wp-content\/uploads\/2022\/07\/EPS-pelletizer-machine-1.webp 720w, https:\/\/www.plasticgranularmachine.com\/wp-content\/uploads\/2022\/07\/EPS-pelletizer-machine-1-300x225.webp 300w, https:\/\/www.plasticgranularmachine.com\/wp-content\/uploads\/2022\/07\/EPS-pelletizer-machine-1-16x12.webp 16w\" sizes=\"auto, (max-width: 720px) 100vw, 720px\" \/><figcaption class=\"wp-element-caption\">M\u00e1quina peletizadora EPS<\/figcaption><\/figure> <\/div>   <h2 class=\"wp-block-heading\">Quais s\u00e3o as mat\u00e9rias-primas e os produtos finais do moedor de espuma EPS?<\/h2>    <h3 class=\"wp-block-heading\">Mat\u00e9rias-primas<\/h3>    <p>Este granulador EPS pode ser utilizado para processar diversos tipos de res\u00edduos de espuma, como espuma isolante, poliestireno extrudado, caixas de res\u00edduos de espuma, embalagens de espuma com aditivos, lou\u00e7as de espuma e EPE (polietileno expandido).<\/p>    <h3 class=\"wp-block-heading\">Produtos Finais<\/h3>    <p>A m\u00e1quina de pelotiza\u00e7\u00e3o EPS processa res\u00edduos de isopor pl\u00e1stico em pellets reciclados uniformes, que podem ser usados \u200b\u200bpara fabricar novos produtos pl\u00e1sticos em muitas \u00e1reas, como embalagens, constru\u00e7\u00e3o, etc. <\/p>    <p>Al\u00e9m disso, ao adicionar diferentes pigmentos, agentes qu\u00edmicos, etc. durante o processo de granula\u00e7\u00e3o, os gr\u00e2nulos de EPS podem ter cores e propriedades diferentes para diferentes necessidades de produ\u00e7\u00e3o. <\/p>   <div class=\"wp-block-image\"> <figure class=\"aligncenter size-full\"><img loading=\"lazy\" decoding=\"async\" width=\"720\" height=\"540\" src=\"https:\/\/www.plasticgranularmachine.com\/wp-content\/uploads\/2022\/07\/raw-materials-and-final-products.webp\" alt=\"mat\u00e9rias-primas e produtos finais\" class=\"wp-image-1070\" srcset=\"https:\/\/www.plasticgranularmachine.com\/wp-content\/uploads\/2022\/07\/raw-materials-and-final-products.webp 720w, https:\/\/www.plasticgranularmachine.com\/wp-content\/uploads\/2022\/07\/raw-materials-and-final-products-300x225.webp 300w, https:\/\/www.plasticgranularmachine.com\/wp-content\/uploads\/2022\/07\/raw-materials-and-final-products-16x12.webp 16w\" sizes=\"auto, (max-width: 720px) 100vw, 720px\" \/><figcaption class=\"wp-element-caption\">mat\u00e9rias-primas e produtos finais<\/figcaption><\/figure> <\/div>   <h2 class=\"wp-block-heading\">Estrutura do Granulador EPS<\/h2>   <div class=\"wp-block-image\"> <figure class=\"aligncenter size-full\"><img loading=\"lazy\" decoding=\"async\" width=\"720\" height=\"540\" src=\"https:\/\/www.plasticgranularmachine.com\/wp-content\/uploads\/2022\/07\/EPS-foam-granulator-machine-structur1.webp\" alt=\"Estrutura da m\u00e1quina granuladora de espuma EPS\" class=\"wp-image-1173\" srcset=\"https:\/\/www.plasticgranularmachine.com\/wp-content\/uploads\/2022\/07\/EPS-foam-granulator-machine-structur1.webp 720w, https:\/\/www.plasticgranularmachine.com\/wp-content\/uploads\/2022\/07\/EPS-foam-granulator-machine-structur1-300x225.webp 300w, https:\/\/www.plasticgranularmachine.com\/wp-content\/uploads\/2022\/07\/EPS-foam-granulator-machine-structur1-16x12.webp 16w\" sizes=\"auto, (max-width: 720px) 100vw, 720px\" \/><figcaption class=\"wp-element-caption\">Estrutura da m\u00e1quina granuladora de espuma EPS<\/figcaption><\/figure> <\/div>   <p>Todo o sistema de granula\u00e7\u00e3o de espuma EPS inclui a m\u00e1quina principal, m\u00e1quina auxiliar, cabe\u00e7ote de matriz, moedor e piscina de resfriamento.<\/p>    <h2 class=\"wp-block-heading\">Como funciona uma m\u00e1quina de pelotiza\u00e7\u00e3o EPS?<\/h2>    <p>O granulador de espuma EPS processa res\u00edduos de espuma EPS por meio de m\u00e9todos f\u00edsicos ou qu\u00edmicos, como pr\u00e9-tratamento, fus\u00e3o, granula\u00e7\u00e3o e granula\u00e7\u00e3o. Em primeiro lugar, o hospedeiro de granula\u00e7\u00e3o EPS derrete o pl\u00e1stico EPS e extrusa a m\u00e1quina auxiliar. Em seguida, o material de tira longa \u00e9 extrudado da matriz auxiliar de granula\u00e7\u00e3o para o reservat\u00f3rio de resfriamento. Finalmente, a m\u00e1quina de corte de pellets corta a tira de EPS em pellets de EPS de tamanho uniforme. Ap\u00f3s esta s\u00e9rie de opera\u00e7\u00f5es, podemos obter pellets de espuma EPS. Este \u00e9 todo o sistema de granula\u00e7\u00e3o de espuma EPS.<\/p>    <figure class=\"wp-block-gallery has-nested-images columns-default is-cropped wp-block-gallery-2 is-layout-flex wp-block-gallery-is-layout-flex\"> <figure class=\"wp-block-image size-large\"><img loading=\"lazy\" decoding=\"async\" width=\"720\" height=\"540\" data-id=\"1174\" src=\"https:\/\/www.plasticgranularmachine.com\/wp-content\/uploads\/2022\/07\/EPS-pelletizing-machine-2.webp\" alt=\"M\u00e1quina de pelotiza\u00e7\u00e3o EPS\" class=\"wp-image-1174\" srcset=\"https:\/\/www.plasticgranularmachine.com\/wp-content\/uploads\/2022\/07\/EPS-pelletizing-machine-2.webp 720w, https:\/\/www.plasticgranularmachine.com\/wp-content\/uploads\/2022\/07\/EPS-pelletizing-machine-2-300x225.webp 300w, https:\/\/www.plasticgranularmachine.com\/wp-content\/uploads\/2022\/07\/EPS-pelletizing-machine-2-16x12.webp 16w\" sizes=\"auto, (max-width: 720px) 100vw, 720px\" \/><figcaption class=\"wp-element-caption\">M\u00e1quina de pelotiza\u00e7\u00e3o EPS<\/figcaption><\/figure>    <figure class=\"wp-block-image size-large\"><img loading=\"lazy\" decoding=\"async\" width=\"720\" height=\"540\" data-id=\"1175\" src=\"https:\/\/www.plasticgranularmachine.com\/wp-content\/uploads\/2022\/07\/styrofoam-grinder-1.webp\" alt=\"moedor de isopor\" class=\"wp-image-1175\" srcset=\"https:\/\/www.plasticgranularmachine.com\/wp-content\/uploads\/2022\/07\/styrofoam-grinder-1.webp 720w, https:\/\/www.plasticgranularmachine.com\/wp-content\/uploads\/2022\/07\/styrofoam-grinder-1-300x225.webp 300w, https:\/\/www.plasticgranularmachine.com\/wp-content\/uploads\/2022\/07\/styrofoam-grinder-1-16x12.webp 16w\" sizes=\"auto, (max-width: 720px) 100vw, 720px\" \/><figcaption class=\"wp-element-caption\">moedor de isopor<\/figcaption><\/figure> <\/figure>    <h2 class=\"wp-block-heading\">Par\u00e2metros da m\u00e1quina<\/h2>    <figure class=\"wp-block-table\"><table><tbody><tr><td>Tipo<\/td><td>Capacidade (KG\/H)<\/td><td>Motor Principal (KW)<\/td><\/tr><tr><td>220 (Redutor Duplo)<\/td><td>150-175<\/td><td>15<\/td><\/tr><tr><td>270 (Redutor Duplo)<\/td><td>220-225<\/td><td>185<\/td><\/tr><tr><td>220 (Redutor \u00danico)<\/td><td>150-175<\/td><td>15<\/td><\/tr><tr><td>270 (Redutor \u00danico)<\/td><td>220-225<\/td><td>18.5<\/td><\/tr><tr><td>320 (Redutor Duplo)<\/td><td>275-300<\/td><td>18.5<\/td><\/tr><tr><td>350 (Redutor Duplo)<\/td><td>325-375<\/td><td>22<\/td><\/tr><\/tbody><\/table><figcaption class=\"wp-element-caption\">Dados T\u00e9cnicos da peletizadora de isopor<\/figcaption><\/figure>    <p>Os dados acima s\u00e3o dados b\u00e1sicos de algumas m\u00e1quinas de pelotiza\u00e7\u00e3o de EPS mais vendidas. Fornecemos v\u00e1rios modelos e estilos para atender \u00e0s diferentes necessidades de pelotiza\u00e7\u00e3o de isopor. Tamb\u00e9m podemos fornecer granuladores personalizados. Para informa\u00e7\u00f5es espec\u00edficas, consulte nosso gerente de marketing. <\/p>    <figure class=\"wp-block-gallery has-nested-images columns-default is-cropped wp-block-gallery-3 is-layout-flex wp-block-gallery-is-layout-flex\"> <figure class=\"wp-block-image size-large\"><img loading=\"lazy\" decoding=\"async\" width=\"720\" height=\"540\" data-id=\"1176\" src=\"https:\/\/www.plasticgranularmachine.com\/wp-content\/uploads\/2022\/07\/styrofoam-extruder-1.webp\" alt=\"extrusora de isopor\" class=\"wp-image-1176\" srcset=\"https:\/\/www.plasticgranularmachine.com\/wp-content\/uploads\/2022\/07\/styrofoam-extruder-1.webp 720w, https:\/\/www.plasticgranularmachine.com\/wp-content\/uploads\/2022\/07\/styrofoam-extruder-1-300x225.webp 300w, https:\/\/www.plasticgranularmachine.com\/wp-content\/uploads\/2022\/07\/styrofoam-extruder-1-16x12.webp 16w\" sizes=\"auto, (max-width: 720px) 100vw, 720px\" \/><figcaption class=\"wp-element-caption\">extrusora de isopor<\/figcaption><\/figure>    <figure class=\"wp-block-image size-large\"><img loading=\"lazy\" decoding=\"async\" width=\"720\" height=\"540\" data-id=\"1177\" src=\"https:\/\/www.plasticgranularmachine.com\/wp-content\/uploads\/2022\/07\/styrofoam-granulator-1.webp\" alt=\"granulador de isopor\" class=\"wp-image-1177\" srcset=\"https:\/\/www.plasticgranularmachine.com\/wp-content\/uploads\/2022\/07\/styrofoam-granulator-1.webp 720w, https:\/\/www.plasticgranularmachine.com\/wp-content\/uploads\/2022\/07\/styrofoam-granulator-1-300x225.webp 300w, https:\/\/www.plasticgranularmachine.com\/wp-content\/uploads\/2022\/07\/styrofoam-granulator-1-16x12.webp 16w\" sizes=\"auto, (max-width: 720px) 100vw, 720px\" \/><figcaption class=\"wp-element-caption\">granulador de isopor<\/figcaption><\/figure> <\/figure>    <h2 class=\"wp-block-heading\">Por que a m\u00e1quina de pelotiza\u00e7\u00e3o EPS \u00e9 popular?<\/h2>    <p>Por um lado, a vida est\u00e1 repleta de todos os tipos de produtos de espuma EPS. Al\u00e9m disso, a espuma EPS \u00e9 usada principalmente em caixas de espuma para lanches, caixas de espuma para conserva\u00e7\u00e3o de alimentos e materiais de isolamento de alimentos. Ao mesmo tempo, o EPS tamb\u00e9m \u00e9 a espuma de embalagem de aparelhos de TV, aparelhos de ar condicionado, geladeiras e outros m\u00f3veis. Estes produtos EPS causar\u00e3o grande polui\u00e7\u00e3o ambiental se n\u00e3o forem reciclados. Por outro lado, a prote\u00e7\u00e3o ambiental tornou-se uma moda. V\u00e1rios pa\u00edses tamb\u00e9m defendem a prote\u00e7\u00e3o ambiental. Portanto, os peletizadores EPS podem obter muitos lucros.<\/p>    <figure class=\"wp-block-gallery has-nested-images columns-default is-cropped wp-block-gallery-4 is-layout-flex wp-block-gallery-is-layout-flex\"> <figure class=\"wp-block-image size-large\"><img loading=\"lazy\" decoding=\"async\" width=\"720\" height=\"540\" data-id=\"1071\" src=\"https:\/\/www.plasticgranularmachine.com\/wp-content\/uploads\/2022\/07\/foam-pollution.webp\" alt=\"polui\u00e7\u00e3o de espuma\" class=\"wp-image-1071\" srcset=\"https:\/\/www.plasticgranularmachine.com\/wp-content\/uploads\/2022\/07\/foam-pollution.webp 720w, https:\/\/www.plasticgranularmachine.com\/wp-content\/uploads\/2022\/07\/foam-pollution-300x225.webp 300w, https:\/\/www.plasticgranularmachine.com\/wp-content\/uploads\/2022\/07\/foam-pollution-16x12.webp 16w\" sizes=\"auto, (max-width: 720px) 100vw, 720px\" \/><figcaption class=\"wp-element-caption\">polui\u00e7\u00e3o de espuma<\/figcaption><\/figure>    <figure class=\"wp-block-image size-large\"><img loading=\"lazy\" decoding=\"async\" width=\"720\" height=\"540\" data-id=\"1072\" src=\"https:\/\/www.plasticgranularmachine.com\/wp-content\/uploads\/2022\/07\/waste-plastic-foam.webp\" alt=\"res\u00edduos de espuma pl\u00e1stica\" class=\"wp-image-1072\" srcset=\"https:\/\/www.plasticgranularmachine.com\/wp-content\/uploads\/2022\/07\/waste-plastic-foam.webp 720w, https:\/\/www.plasticgranularmachine.com\/wp-content\/uploads\/2022\/07\/waste-plastic-foam-300x225.webp 300w, https:\/\/www.plasticgranularmachine.com\/wp-content\/uploads\/2022\/07\/waste-plastic-foam-16x12.webp 16w\" sizes=\"auto, (max-width: 720px) 100vw, 720px\" \/><figcaption class=\"wp-element-caption\">res\u00edduos de espuma pl\u00e1stica<\/figcaption><\/figure> <\/figure>    <h2 class=\"wp-block-heading\" id=\"h-application-of-eps-foam-pellets\">Aplica\u00e7\u00e3o de pellets de espuma EPS<\/h2>    <ol class=\"wp-block-list\"> <li>Na vida cotidiana, os pellets reciclados podem produzir todos os tipos de sacos de espuma EPS, barris, bacias, brinquedos, m\u00f3veis, artigos de papelaria e outros eletrodom\u00e9sticos.<\/li>    <li>Roupas. Podemos usar pellets de pl\u00e1stico EPS para fazer roupas, gravatas, bot\u00f5es e z\u00edperes.<\/li>    <li>Materiais de constru\u00e7\u00e3o. O derivado de pellets de espuma EPS e perfis de madeira pl\u00e1stica produz v\u00e1rios componentes de constru\u00e7\u00e3o, portas e janelas de espuma EPS, etc.<\/li>    <li>Fornecimentos industriais. Os pellets podem fabricar tubos, recipientes, bombas, v\u00e1lvulas, etc. Al\u00e9m disso, podem ser usados \u200b\u200bem locais de produ\u00e7\u00e3o de produtos qu\u00edmicos para solucionar corros\u00e3o e desgaste.<\/li>    <li>Suprimentos agr\u00edcolas. Al\u00e9m disso, os pellets regenerados de espuma podem ser usados \u200b\u200bpara fazer filmes agr\u00edcolas, tubos de bombeamento, m\u00e1quinas agr\u00edcolas, <a href=\"https:\/\/en.wikipedia.org\/wiki\/Fertilizer\" target=\"_blank\" rel=\"noopener\">fertilizante<\/a> sacos, sacos de cimento, etc.<\/li>    <li>Al\u00e9m disso, os pellets reciclados feitos pela m\u00e1quina de pelotiza\u00e7\u00e3o de espuma EPS tamb\u00e9m s\u00e3o amplamente utilizados na ind\u00fastria el\u00e9trica e nas ind\u00fastrias de telecomunica\u00e7\u00f5es.<\/li> <\/ol>    <figure class=\"wp-block-gallery aligncenter has-nested-images columns-default is-cropped wp-block-gallery-5 is-layout-flex wp-block-gallery-is-layout-flex\"> <figure class=\"wp-block-image size-full\"><img loading=\"lazy\" decoding=\"async\" width=\"750\" height=\"537\" data-id=\"324\" src=\"https:\/\/www.plasticgranularmachine.com\/wp-content\/uploads\/2022\/07\/finished-products.jpg\" alt=\"produtos finalizados\" class=\"wp-image-324\" srcset=\"https:\/\/www.plasticgranularmachine.com\/wp-content\/uploads\/2022\/07\/finished-products.jpg 750w, https:\/\/www.plasticgranularmachine.com\/wp-content\/uploads\/2022\/07\/finished-products-300x215.jpg 300w\" sizes=\"auto, (max-width: 750px) 100vw, 750px\" \/><figcaption class=\"wp-element-caption\">produtos finalizados<\/figcaption><\/figure>    <figure class=\"wp-block-image size-full\"><img loading=\"lazy\" decoding=\"async\" width=\"720\" height=\"540\" data-id=\"1074\" src=\"https:\/\/www.plasticgranularmachine.com\/wp-content\/uploads\/2022\/07\/foam-board.webp\" alt=\"placa de espuma\" class=\"wp-image-1074\" srcset=\"https:\/\/www.plasticgranularmachine.com\/wp-content\/uploads\/2022\/07\/foam-board.webp 720w, https:\/\/www.plasticgranularmachine.com\/wp-content\/uploads\/2022\/07\/foam-board-300x225.webp 300w, https:\/\/www.plasticgranularmachine.com\/wp-content\/uploads\/2022\/07\/foam-board-16x12.webp 16w\" sizes=\"auto, (max-width: 720px) 100vw, 720px\" \/><figcaption class=\"wp-element-caption\">placa de espuma<\/figcaption><\/figure>    <figure class=\"wp-block-image size-full\"><img loading=\"lazy\" decoding=\"async\" width=\"720\" height=\"540\" data-id=\"1073\" src=\"https:\/\/www.plasticgranularmachine.com\/wp-content\/uploads\/2022\/07\/foam-packaging.webp\" alt=\"embalagem de espuma\" class=\"wp-image-1073\" srcset=\"https:\/\/www.plasticgranularmachine.com\/wp-content\/uploads\/2022\/07\/foam-packaging.webp 720w, https:\/\/www.plasticgranularmachine.com\/wp-content\/uploads\/2022\/07\/foam-packaging-300x225.webp 300w, https:\/\/www.plasticgranularmachine.com\/wp-content\/uploads\/2022\/07\/foam-packaging-16x12.webp 16w\" sizes=\"auto, (max-width: 720px) 100vw, 720px\" \/><figcaption class=\"wp-element-caption\">embalagem de espuma<\/figcaption><\/figure> <\/figure>    <p class=\"translation-block\">A granuladora de esferovite \u00e9 frequentemente usada em conjunto com um <a href=\"https:\/\/www.plasticgranularmachine.com\/pt\/product\/foam-crushing-machine\/\" data-type=\"link\" data-id=\"https:\/\/www.plasticgranularmachine.com\/product\/foam-crushing-machine\/\">triturador de EPS<\/a>, etc., para promover conjuntamente a produ\u00e7\u00e3o de granulados de EPS reciclados de alta qualidade. Finalmente, se precisar de equipamento de reciclagem de pl\u00e1stico, n\u00e3o hesite em contactar-nos. Al\u00e9m disso, tamb\u00e9m temos uma <a href=\"https:\/\/www.plasticgranularmachine.com\/pt\/product\/plastic-film-granulator\/\">granuladora de filme pl\u00e1stico<\/a> \u00e0 venda.<\/p>    <h2 class=\"wp-block-heading\">M\u00e1quina de pelotiza\u00e7\u00e3o EPS eficiente exportada para o Canad\u00e1<\/h2>    <p>Recentemente, toda a nossa linha de reciclagem de isopor, incluindo um granulador EPS, foi exportada com sucesso para Vancouver para ajudar uma empresa de reciclagem de espuma de Vancouver a resolver o problema de equipamentos de reciclagem inadequados. Como fornecedor experiente de m\u00e1quinas para reciclagem de pl\u00e1stico, temos o prazer de contribuir para a reciclagem e utiliza\u00e7\u00e3o de pl\u00e1sticos.<\/p>    <p>Portanto, se voc\u00ea est\u00e1 tendo dificuldades com a reciclagem de pl\u00e1stico, por favor, n\u00e3o hesite em nos contatar!<\/p>    <p class=\"translation-block\"><em>Ler:<\/em> <a href=\"https:\/\/www.plasticgranularmachine.com\/pt\/Info\/styrofoam-recycling-vancouver\/\"><em>Como Impulsionamos a Reciclagem de Esferovite em Vancouver BC?<\/em><\/a><\/p>   <div class=\"wp-block-image\"> <figure class=\"aligncenter size-full\"><img loading=\"lazy\" decoding=\"async\" width=\"540\" height=\"720\" src=\"https:\/\/www.plasticgranularmachine.com\/wp-content\/uploads\/2022\/07\/EPS-Pelletizer-is-being-packed-at-the-factory-1.webp\" alt=\"Pelletizer EPS est\u00e1 sendo embalado na f\u00e1brica\" class=\"wp-image-1178\" srcset=\"https:\/\/www.plasticgranularmachine.com\/wp-content\/uploads\/2022\/07\/EPS-Pelletizer-is-being-packed-at-the-factory-1.webp 540w, https:\/\/www.plasticgranularmachine.com\/wp-content\/uploads\/2022\/07\/EPS-Pelletizer-is-being-packed-at-the-factory-1-225x300.webp 225w, https:\/\/www.plasticgranularmachine.com\/wp-content\/uploads\/2022\/07\/EPS-Pelletizer-is-being-packed-at-the-factory-1-9x12.webp 9w\" sizes=\"auto, (max-width: 540px) 100vw, 540px\" \/><figcaption class=\"wp-element-caption\">Pelletizer EPS est\u00e1 sendo embalado na f\u00e1brica<\/figcaption><\/figure> <\/div>   <h2 class=\"wp-block-heading\">Nossos servi\u00e7os<\/h2>    <ul class=\"wp-block-list\"> <li>M\u00e1quinas personalizadas est\u00e3o dispon\u00edveis com prazo de entrega de cerca de 20 dias.<\/li>    <li>Bem-vindo \u00e0 nossa f\u00e1brica para ver nossas m\u00e1quinas de pelotiza\u00e7\u00e3o EPS!<\/li>    <li>Um v\u00eddeo de teste ser\u00e1 enviado antes do envio para confirmar que n\u00e3o h\u00e1 erros.<\/li>    <li>Oferecemos suporte t\u00e9cnico e garantia de um ano.<\/li> <\/ul>    <p>Em resumo, a nossa m\u00e1quina moedora de isopor apresenta alta qualidade, alta efici\u00eancia, etc. Se voc\u00ea est\u00e1 \u00e0 procura de uma \u00f3tima solu\u00e7\u00e3o para moer seus materiais recicl\u00e1veis de espuma, seremos seu melhor parceiro. N\u00e3o hesite em nos contatar!<\/p>   <div class=\"wp-block-image\"> <figure class=\"aligncenter size-full\"><img loading=\"lazy\" decoding=\"async\" width=\"540\" height=\"720\" src=\"https:\/\/www.plasticgranularmachine.com\/wp-content\/uploads\/2022\/07\/EPS-Pelletizing-Machine-packaging-for-shipping-1.webp\" alt=\"Embalagem de m\u00e1quina de pelotiza\u00e7\u00e3o EPS para envio\" class=\"wp-image-1179\" srcset=\"https:\/\/www.plasticgranularmachine.com\/wp-content\/uploads\/2022\/07\/EPS-Pelletizing-Machine-packaging-for-shipping-1.webp 540w, https:\/\/www.plasticgranularmachine.com\/wp-content\/uploads\/2022\/07\/EPS-Pelletizing-Machine-packaging-for-shipping-1-225x300.webp 225w, https:\/\/www.plasticgranularmachine.com\/wp-content\/uploads\/2022\/07\/EPS-Pelletizing-Machine-packaging-for-shipping-1-9x12.webp 9w\" sizes=\"auto, (max-width: 540px) 100vw, 540px\" \/><figcaption class=\"wp-element-caption\">Embalagem de m\u00e1quina de pelotiza\u00e7\u00e3o EPS para envio<\/figcaption><\/figure> <\/div>","protected":false},"excerpt":{"rendered":"<p>A m\u00e1quina de pelotiza\u00e7\u00e3o EPS pode reciclar espuma EPS e fazer pelotas EPS de tamanho uniforme. O tamanho do pellet pode ser ajustado e a sa\u00edda pode ser personalizada.<\/p>","protected":false},"author":1,"featured_media":1368,"parent":0,"template":"","tags":[18,33],"product-type":[5],"class_list":["post-320","product","type-product","status-publish","has-post-thumbnail","hentry","tag-pelletizing-machine","tag-styrofoam-recycling","product-type-plastic-pelletizer"],"_links":{"self":[{"href":"https:\/\/www.plasticgranularmachine.com\/pt\/wp-json\/wp\/v2\/product\/320","targetHints":{"allow":["GET"]}}],"collection":[{"href":"https:\/\/www.plasticgranularmachine.com\/pt\/wp-json\/wp\/v2\/product"}],"about":[{"href":"https:\/\/www.plasticgranularmachine.com\/pt\/wp-json\/wp\/v2\/types\/product"}],"author":[{"embeddable":true,"href":"https:\/\/www.plasticgranularmachine.com\/pt\/wp-json\/wp\/v2\/users\/1"}],"wp:featuredmedia":[{"embeddable":true,"href":"https:\/\/www.plasticgranularmachine.com\/pt\/wp-json\/wp\/v2\/media\/1368"}],"wp:attachment":[{"href":"https:\/\/www.plasticgranularmachine.com\/pt\/wp-json\/wp\/v2\/media?parent=320"}],"wp:term":[{"taxonomy":"post_tag","embeddable":true,"href":"https:\/\/www.plasticgranularmachine.com\/pt\/wp-json\/wp\/v2\/tags?post=320"},{"taxonomy":"product-type","embeddable":true,"href":"https:\/\/www.plasticgranularmachine.com\/pt\/wp-json\/wp\/v2\/product-type?post=320"}],"curies":[{"name":"wp","href":"https:\/\/api.w.org\/{rel}","templated":true}]}}