{"id":332,"date":"2022-08-01T06:34:22","date_gmt":"2022-08-01T06:34:22","guid":{"rendered":"https:\/\/www.plasticgranularmachine.com\/?post_type=product&#038;p=332"},"modified":"2025-01-06T09:53:46","modified_gmt":"2025-01-06T01:53:46","slug":"pet-flakes-hot-washing-machine","status":"publish","type":"product","link":"https:\/\/www.plasticgranularmachine.com\/pt\/product\/pet-flakes-hot-washing-machine\/","title":{"rendered":"Nova m\u00e1quina de lavar a quente de flocos PET"},"content":{"rendered":"<p>A m\u00e1quina de lavar a quente para flocos de PET tamb\u00e9m \u00e9 chamada de lavadora a quente para flocos de PET. A m\u00e1quina de lavar a quente de flocos de garrafas PET pode efetivamente remover contaminantes, como bebidas, alimentos, l\u00edquidos, manchas de \u00f3leo, etc. \u00c9 uma m\u00e1quina necess\u00e1ria em todos os tipos de linhas de reciclagem de pl\u00e1stico. Se voc\u00ea deseja materiais recicl\u00e1veis \u200b\u200b\u200b\u200bde alta qualidade, voc\u00ea precisa de uma m\u00e1quina de flocos de PET lavada a quente. Voc\u00ea pode adicionar esta m\u00e1quina a PET, HDPE, PP\/PE e outras linhas de lavagem de pl\u00e1stico e linhas de pelotiza\u00e7\u00e3o.<\/p>   <div class=\"wp-block-image\"> <figure class=\"aligncenter size-full\"><img loading=\"lazy\" decoding=\"async\" width=\"720\" height=\"540\" src=\"https:\/\/www.plasticgranularmachine.com\/wp-content\/uploads\/2022\/08\/pet-flakes-hot-washing-machine-2.webp\" alt=\"m\u00e1quina de lavar quente para flocos de animais de estima\u00e7\u00e3o\" class=\"wp-image-1155\" srcset=\"https:\/\/www.plasticgranularmachine.com\/wp-content\/uploads\/2022\/08\/pet-flakes-hot-washing-machine-2.webp 720w, https:\/\/www.plasticgranularmachine.com\/wp-content\/uploads\/2022\/08\/pet-flakes-hot-washing-machine-2-300x225.webp 300w, https:\/\/www.plasticgranularmachine.com\/wp-content\/uploads\/2022\/08\/pet-flakes-hot-washing-machine-2-16x12.webp 16w\" sizes=\"auto, (max-width: 720px) 100vw, 720px\" \/><figcaption class=\"wp-element-caption\">m\u00e1quina de lavar quente para flocos de animais de estima\u00e7\u00e3o <\/figcaption><\/figure> <\/div>   <h2 class=\"wp-block-heading\">Caracter\u00edsticas da lavadora a quente para flocos PET<\/h2>    <ol class=\"wp-block-list\"> <li>Transfer\u00eancia de calor r\u00e1pida. O tanque de lavagem pode aumentar rapidamente a temperatura da \u00e1gua para 90-100 graus Celsius.<\/li>    <li>Multifuncional. A m\u00e1quina de lavar a quente de flocos PET tem a fun\u00e7\u00e3o de controle autom\u00e1tico de temperatura, preserva\u00e7\u00e3o de calor e agita\u00e7\u00e3o.<\/li>    <li>Bom efeito de limpeza. M\u00faltiplas p\u00e1s podem efetivamente aumentar a \u00e1rea de contato com a folha pl\u00e1stica. Portanto, tem um melhor efeito de limpeza.<\/li>    <li>Servi\u00e7o customiz\u00e1vel, a lavadora a quente de flocos PET pode ser customizada de acordo com a necessidade da sua m\u00e1quina piloto.<\/li>    <li>F\u00e1cil de limpar. O eixo de sa\u00edda do redutor e do eixo da polpa \u00e9 conectado \u00e0 luva m\u00f3vel. Portanto, \u00e9 fundamental limpar.<\/li> <\/ol>   <div class=\"wp-block-image\"> <figure class=\"aligncenter size-full\"><img loading=\"lazy\" decoding=\"async\" width=\"720\" height=\"540\" src=\"https:\/\/www.plasticgranularmachine.com\/wp-content\/uploads\/2022\/08\/hot-washer-washing-machine-for-plastic-bottles.webp\" alt=\"lavadora a quente para garrafas pl\u00e1sticas\" class=\"wp-image-1144\" srcset=\"https:\/\/www.plasticgranularmachine.com\/wp-content\/uploads\/2022\/08\/hot-washer-washing-machine-for-plastic-bottles.webp 720w, https:\/\/www.plasticgranularmachine.com\/wp-content\/uploads\/2022\/08\/hot-washer-washing-machine-for-plastic-bottles-300x225.webp 300w, https:\/\/www.plasticgranularmachine.com\/wp-content\/uploads\/2022\/08\/hot-washer-washing-machine-for-plastic-bottles-16x12.webp 16w\" sizes=\"auto, (max-width: 720px) 100vw, 720px\" \/><figcaption class=\"wp-element-caption\">lavadora a quente para garrafas pl\u00e1sticas<\/figcaption><\/figure> <\/div>   <h2 class=\"wp-block-heading\">Aplica\u00e7\u00e3o de nossa m\u00e1quina de lavar a quente de flocos de garrafas PET<\/h2>    <p class=\"translation-block\">Neste v\u00eddeo, pode ver a m\u00e1quina de lavagem a quente de garrafas PET a funcionar na <a href=\"https:\/\/www.plasticgranularmachine.com\/pt\/product\/pet-bottles-recycling-line\/\" data-type=\"link\" data-id=\"https:\/\/www.plasticgranularmachine.com\/product\/pet-bottles-recycling-line\/\">linha de reciclagem de garrafas de pl\u00e1stico<\/a>. Desempenha um papel importante na linha de lavagem de garrafas PET.<\/p>    <figure class=\"wp-block-embed is-type-video is-provider-youtube wp-block-embed-youtube wp-embed-aspect-16-9 wp-has-aspect-ratio\"><div class=\"wp-block-embed__wrapper\"> <iframe loading=\"lazy\" title=\"Descontamina\u00e7\u00e3o eficiente e poderosa de garrafas PET em um processo passo a passo\" width=\"500\" height=\"281\" src=\"https:\/\/www.youtube.com\/embed\/SsiW4ed3DB8?feature=oembed\" frameborder=\"0\" allow=\"accelerometer; autoplay; clipboard-write; encrypted-media; gyroscope; picture-in-picture; web-share\" referrerpolicy=\"strict-origin-when-cross-origin\" allowfullscreen><\/iframe> <\/div><\/figure>    <p>Esta \u00e9 a m\u00e1quina de lavar a quente de flocos de garrafas PET em nossa f\u00e1brica. A m\u00e1quina \u00e9 produzida para nosso cliente na Nig\u00e9ria que encomendou uma linha completa de reciclagem de PET.<\/p>    <figure class=\"wp-block-embed is-type-video is-provider-youtube wp-block-embed-youtube wp-embed-aspect-16-9 wp-has-aspect-ratio\"><div class=\"wp-block-embed__wrapper\"> <iframe loading=\"lazy\" title=\"D\u00ea uma olhada mais de perto na m\u00e1quina de lavar a quente PET Flakes!\" width=\"500\" height=\"281\" src=\"https:\/\/www.youtube.com\/embed\/-MTvWnwFg2M?feature=oembed\" frameborder=\"0\" allow=\"accelerometer; autoplay; clipboard-write; encrypted-media; gyroscope; picture-in-picture; web-share\" referrerpolicy=\"strict-origin-when-cross-origin\" allowfullscreen><\/iframe> <\/div><\/figure>    <h2 class=\"wp-block-heading\" id=\"h-how-does-the-pet-flake-hot-washing-machine-work\">Como funciona a m\u00e1quina de lavar a quente PET Flake?<\/h2>    <p>Quando a m\u00e1quina de lavar sucata de pl\u00e1stico estiver funcionando, a m\u00e1quina de lavar a quente de flocos de garrafas PET ser\u00e1 enchida com \u00e1gua. Ent\u00e3o, a temperatura da \u00e1gua pode subir rapidamente para 90-100 graus sob a a\u00e7\u00e3o do aquecimento eletromagn\u00e9tico ou a vapor. Para obter um melhor efeito de limpeza, voc\u00ea pode primeiro molhar o material pl\u00e1stico a ser limpo com \u00e1gua quente. <\/p>    <p>Em seguida, o agente de limpeza \u00e9 adicionado \u00e0 lavadora quente para flocos de PET para tornar o material mais limpo. Porque existem v\u00e1rias p\u00e1s dentro da m\u00e1quina de lavar a quente de flocos de pl\u00e1stico. Quando a m\u00e1quina de lavar sucata de pl\u00e1stico est\u00e1 funcionando, ela usa principalmente as p\u00e1s para esfregar o material e torn\u00e1-lo limpo. Finalmente, voc\u00ea obter\u00e1 flocos de PET de maior qualidade.<\/p>   <div class=\"wp-block-image\"> <figure class=\"aligncenter size-full\"><img loading=\"lazy\" decoding=\"async\" width=\"720\" height=\"540\" src=\"https:\/\/www.plasticgranularmachine.com\/wp-content\/uploads\/2022\/06\/plastic-bottle-flakes.jpg\" alt=\"produtos finais de flocos de garrafas de pl\u00e1stico m\u00e1quina de lavar a quente\" class=\"wp-image-156\" srcset=\"https:\/\/www.plasticgranularmachine.com\/wp-content\/uploads\/2022\/06\/plastic-bottle-flakes.jpg 720w, https:\/\/www.plasticgranularmachine.com\/wp-content\/uploads\/2022\/06\/plastic-bottle-flakes-300x225.jpg 300w\" sizes=\"auto, (max-width: 720px) 100vw, 720px\" \/><figcaption class=\"wp-element-caption\">produtos finais de flocos de garrafas de pl\u00e1stico m\u00e1quina de lavar a quente<\/figcaption><\/figure> <\/div>   <h2 class=\"wp-block-heading\">Par\u00e2metros da m\u00e1quina de lavar sucata de pl\u00e1stico<\/h2>    <figure class=\"wp-block-table\"><table><tbody><tr><td>Modelo<\/td><td>SL-500<\/td><\/tr><tr><td>Altura<\/td><td>2m<\/td><\/tr><tr><td>Di\u00e2metro<\/td><td>1,3m<\/td><\/tr><tr><td>Espessura Externa (Ajust\u00e1vel)<\/td><td>4mm<\/td><\/tr><tr><td>Espessura Inferior (Ajust\u00e1vel)<\/td><td>8mm<\/td><\/tr><tr><td>Material<\/td><td>Caixa de a\u00e7o<\/td><\/tr><tr><td>Poder<\/td><td>4kw<\/td><\/tr><tr><td>M\u00e9todo de aquecimento<\/td><td>El\u00e9trico e Vapor<\/td><\/tr><\/tbody><\/table><figcaption class=\"wp-element-caption\">Dados t\u00e9cnicos de m\u00e1quinas de lavar a quente de flocos de PET<\/figcaption><\/figure>    <p>Aqui est\u00e3o alguns dados b\u00e1sicos sobre a lavadora a quente para garrafas pl\u00e1sticas mais vendida. Se voc\u00ea tiver outras necessidades de produ\u00e7\u00e3o, tamb\u00e9m podemos fornecer m\u00e1quinas personalizadas para voc\u00ea.<\/p>   <div class=\"wp-block-image\"> <figure class=\"aligncenter size-full\"><img loading=\"lazy\" decoding=\"async\" width=\"720\" height=\"540\" src=\"https:\/\/www.plasticgranularmachine.com\/wp-content\/uploads\/2022\/08\/hot-washed-PET-flakes-machine.webp\" alt=\"m\u00e1quina de flocos PET lavados a quente\" class=\"wp-image-1154\" srcset=\"https:\/\/www.plasticgranularmachine.com\/wp-content\/uploads\/2022\/08\/hot-washed-PET-flakes-machine.webp 720w, https:\/\/www.plasticgranularmachine.com\/wp-content\/uploads\/2022\/08\/hot-washed-PET-flakes-machine-300x225.webp 300w, https:\/\/www.plasticgranularmachine.com\/wp-content\/uploads\/2022\/08\/hot-washed-PET-flakes-machine-16x12.webp 16w\" sizes=\"auto, (max-width: 720px) 100vw, 720px\" \/><figcaption class=\"wp-element-caption\">m\u00e1quina de flocos PET lavados a quente<\/figcaption><\/figure> <\/div>   <h2 class=\"wp-block-heading\">Resumindo<\/h2>    <p>Escolher a m\u00e1quina de lavar garrafas pet certa \u00e9 muito importante. Nossa m\u00e1quina de lavar a quente de flocos PET apresenta alta qualidade, alta efici\u00eancia, etc. Se voc\u00ea tiver alguma d\u00favida sobre reciclagem de garrafas pl\u00e1sticas ou precisar da m\u00e1quina, n\u00e3o hesite em nos contatar.<\/p>","protected":false},"excerpt":{"rendered":"<p>PET flakes hot washing machine is also called a hot washer for PET flakes. The PET bottle flakes hot washing machine can effectively remove contaminants such as beverage food liquids, oil stains, etc. It is a necessary machine in all kinds of plastic recycling lines. If you want higher-quality recyclable materials, you need to have [&hellip;]<\/p>\n","protected":false},"author":1,"featured_media":1145,"parent":0,"template":"","tags":[38,39],"product-type":[6],"class_list":["post-332","product","type-product","status-publish","has-post-thumbnail","hentry","tag-pet-recycling","tag-washing","product-type-washing-machine"],"_links":{"self":[{"href":"https:\/\/www.plasticgranularmachine.com\/pt\/wp-json\/wp\/v2\/product\/332","targetHints":{"allow":["GET"]}}],"collection":[{"href":"https:\/\/www.plasticgranularmachine.com\/pt\/wp-json\/wp\/v2\/product"}],"about":[{"href":"https:\/\/www.plasticgranularmachine.com\/pt\/wp-json\/wp\/v2\/types\/product"}],"author":[{"embeddable":true,"href":"https:\/\/www.plasticgranularmachine.com\/pt\/wp-json\/wp\/v2\/users\/1"}],"wp:featuredmedia":[{"embeddable":true,"href":"https:\/\/www.plasticgranularmachine.com\/pt\/wp-json\/wp\/v2\/media\/1145"}],"wp:attachment":[{"href":"https:\/\/www.plasticgranularmachine.com\/pt\/wp-json\/wp\/v2\/media?parent=332"}],"wp:term":[{"taxonomy":"post_tag","embeddable":true,"href":"https:\/\/www.plasticgranularmachine.com\/pt\/wp-json\/wp\/v2\/tags?post=332"},{"taxonomy":"product-type","embeddable":true,"href":"https:\/\/www.plasticgranularmachine.com\/pt\/wp-json\/wp\/v2\/product-type?post=332"}],"curies":[{"name":"wp","href":"https:\/\/api.w.org\/{rel}","templated":true}]}}