{"id":35,"date":"2022-06-23T03:40:55","date_gmt":"2022-06-23T03:40:55","guid":{"rendered":"http:\/\/tailwind-themes.local\/?post_type=product&#038;p=35"},"modified":"2025-01-15T17:59:51","modified_gmt":"2025-01-15T09:59:51","slug":"eps-recycling-machine","status":"publish","type":"product","link":"https:\/\/www.plasticgranularmachine.com\/pt\/product\/eps-recycling-machine\/","title":{"rendered":"M\u00e1quina de reciclagem de EPS | Reciclagem de Poliestireno Expandido"},"content":{"rendered":"<p class=\"translation-block\">As m\u00e1quinas de reciclagem de EPS podem transformar o styrofoam de res\u00edduos em pellets de pl\u00e1stico para facilitar o transporte e o armazenamento. Em todo o processo de reciclagem de EPS, as principais m\u00e1quinas incluem uma m\u00e1quina esmagadora de espuma, <a href=\"https:\/\/www.plasticgranularmachine.com\/pt\/product\/eps-pelletizing-machine\/\">granuladora de espuma<\/a>, cortadora de pellets, etc. Em seguida, apresentaremos o sistema de reciclagem de EPS em detalhe. Isto pode dar-lhe uma nova perspetiva sobre a ind\u00fastria de reciclagem de pl\u00e1stico.<\/p>    <figure class=\"wp-block-embed is-type-video is-provider-youtube wp-block-embed-youtube wp-embed-aspect-16-9 wp-has-aspect-ratio\"><div class=\"wp-block-embed__wrapper\"> <iframe loading=\"lazy\" title=\"A m\u00e1quina de pelotiza\u00e7\u00e3o EPE EPS definitiva: eficiente, confi\u00e1vel e lucrativa!\" width=\"500\" height=\"281\" src=\"https:\/\/www.youtube.com\/embed\/ncYUX9BWNa8?feature=oembed\" frameborder=\"0\" allow=\"accelerometer; autoplay; clipboard-write; encrypted-media; gyroscope; picture-in-picture; web-share\" referrerpolicy=\"strict-origin-when-cross-origin\" allowfullscreen><\/iframe> <\/div><\/figure>    <h2 class=\"wp-block-heading\">Principais recursos da linha de reciclagem de espuma EPS<\/h2>    <ul class=\"wp-block-list\"> <li>Feitas de a\u00e7o inoxid\u00e1vel de alta qualidade, nossas m\u00e1quinas de reciclagem de EPS s\u00e3o dur\u00e1veis, resistentes \u00e0 corros\u00e3o e antiaderentes.<\/li>    <li>A capacidade de 150-300kg\/h atende \u00e0s necessidades de produ\u00e7\u00e3o de diversas plantas de reciclagem de espuma de pequeno e grande porte. Servi\u00e7os personalizados tamb\u00e9m est\u00e3o dispon\u00edveis.<\/li>    <li>Com alta pot\u00eancia e uma ampla gama de aplica\u00e7\u00f5es, as m\u00e1quinas de reciclagem Efficient EPS podem processar cont\u00ednua e rapidamente EPS, XPS, EPE e outros tipos de espuma.<\/li>    <li>Oferecemos servi\u00e7os de inspe\u00e7\u00e3o no local, instala\u00e7\u00e3o e garantia de um ano.<\/li> <\/ul>    <h2 class=\"wp-block-heading\" id=\"h-detailed-eps-foam-recycling-process-introduction\">Introdu\u00e7\u00e3o detalhada ao processo de reciclagem de espuma EPS<\/h2>    <h3 class=\"wp-block-heading\">Esmagamento<\/h3>    <p>Todos sabemos que a espuma em si \u00e9 muito grande. Portanto, ocupar\u00e1 muito espa\u00e7o se n\u00e3o for tratado. Portanto, precisamos primeiro usar a m\u00e1quina para esmagar a espuma EPS em pequenos peda\u00e7os. A m\u00e1quina de reciclagem de EPS necess\u00e1ria neste momento \u00e9 um picador de espuma especial \u00e0 venda.<\/p>   <div class=\"wp-block-image\"> <figure class=\"aligncenter size-full\"><img loading=\"lazy\" decoding=\"async\" width=\"720\" height=\"540\" src=\"https:\/\/www.plasticgranularmachine.com\/wp-content\/uploads\/2022\/06\/waste-eps-foam.jpg\" alt=\"res\u00edduos de espuma eps\" class=\"wp-image-124\" srcset=\"https:\/\/www.plasticgranularmachine.com\/wp-content\/uploads\/2022\/06\/waste-eps-foam.jpg 720w, https:\/\/www.plasticgranularmachine.com\/wp-content\/uploads\/2022\/06\/waste-eps-foam-300x225.jpg 300w\" sizes=\"auto, (max-width: 720px) 100vw, 720px\" \/><figcaption class=\"wp-element-caption\">res\u00edduos de espuma eps<\/figcaption><\/figure> <\/div>   <h3 class=\"wp-block-heading\">Transporte<\/h3>    <p>Devido ao peso leve da sucata de pl\u00e1stico EPS, \u00e9 f\u00e1cil ser levada pelo vento para qualquer lugar. Para resolver melhor o problema de transporte, o transportador de espuma EPS pode facilmente entregar o isopor ao hospedeiro de pelotiza\u00e7\u00e3o. <\/p>   <div class=\"wp-block-image\"> <figure class=\"aligncenter size-full\"><img loading=\"lazy\" decoding=\"async\" width=\"720\" height=\"540\" src=\"https:\/\/www.plasticgranularmachine.com\/wp-content\/uploads\/2022\/06\/crushed-eps-foam.jpg\" alt=\"espuma de isopor triturada\" class=\"wp-image-125\" srcset=\"https:\/\/www.plasticgranularmachine.com\/wp-content\/uploads\/2022\/06\/crushed-eps-foam.jpg 720w, https:\/\/www.plasticgranularmachine.com\/wp-content\/uploads\/2022\/06\/crushed-eps-foam-300x225.jpg 300w\" sizes=\"auto, (max-width: 720px) 100vw, 720px\" \/><figcaption class=\"wp-element-caption\">espuma de isopor triturada<\/figcaption><\/figure> <\/div>   <h3 class=\"wp-block-heading\">Pelotiza\u00e7\u00e3o<\/h3>    <p>O processo de pelotiza\u00e7\u00e3o \u00e9 a etapa mais importante de todo o processo de reciclagem do EPS. A peletizadora EPS tamb\u00e9m \u00e9 a m\u00e1quina de reciclagem de espuma EPS mais importante. Nesta etapa, a m\u00e1quina de pelotiza\u00e7\u00e3o derrete o material de espuma por aquecimento. Em seguida, a espuma EPS derretida ser\u00e1 extrudada e passada atrav\u00e9s da matriz na m\u00e1quina auxiliar. Ent\u00e3o obteremos os produtos EPS filamentosos.<\/p>   <div class=\"wp-block-image\"> <figure class=\"aligncenter size-full\"><img loading=\"lazy\" decoding=\"async\" width=\"490\" height=\"532\" src=\"https:\/\/www.plasticgranularmachine.com\/wp-content\/uploads\/2022\/07\/EPS-foam-granulator.jpg\" alt=\"Peletizador EPS\" class=\"wp-image-305\" srcset=\"https:\/\/www.plasticgranularmachine.com\/wp-content\/uploads\/2022\/07\/EPS-foam-granulator.jpg 490w, https:\/\/www.plasticgranularmachine.com\/wp-content\/uploads\/2022\/07\/EPS-foam-granulator-276x300.jpg 276w\" sizes=\"auto, (max-width: 490px) 100vw, 490px\" \/><figcaption class=\"wp-element-caption\">Peletizador EPS<\/figcaption><\/figure> <\/div>   <h3 class=\"wp-block-heading\">Resfriamento<\/h3>    <p>Pelo trabalho acima da m\u00e1quina de reciclagem de espuma, podemos obter o produto EPS filamentar. Por\u00e9m, ap\u00f3s fus\u00e3o e granula\u00e7\u00e3o, a temperatura do EPS filamentar \u00e9 muito alta. Portanto, precisamos resfri\u00e1-lo com \u00e1gua fria.<\/p>    <h3 class=\"wp-block-heading\">Corte de Pelotas<\/h3>    <p>A etapa final \u00e9 cortar o fio filamentoso de EPS em pellets.<\/p>    <h2 class=\"wp-block-heading\">De quais m\u00e1quinas de reciclagem de EPS precisamos?<\/h2>    <h3 class=\"wp-block-heading\">Triturador EPS<\/h3>    <p class=\"translation-block\">Prop\u00f3sito: <a href=\"https:\/\/www.plasticgranularmachine.com\/pt\/product\/foam-crushing-machine\/\">Esmagar blocos de espuma EPS em pe\u00e7as<\/a>.<\/p>   <div class=\"wp-block-image\"> <figure class=\"aligncenter size-full\"><img loading=\"lazy\" decoding=\"async\" width=\"720\" height=\"540\" src=\"https:\/\/www.plasticgranularmachine.com\/wp-content\/uploads\/2022\/08\/Horizontal-foam-crushing-machine-1.webp\" alt=\"M\u00e1quina trituradora de espuma horizontal\" class=\"wp-image-1251\" srcset=\"https:\/\/www.plasticgranularmachine.com\/wp-content\/uploads\/2022\/08\/Horizontal-foam-crushing-machine-1.webp 720w, https:\/\/www.plasticgranularmachine.com\/wp-content\/uploads\/2022\/08\/Horizontal-foam-crushing-machine-1-300x225.webp 300w, https:\/\/www.plasticgranularmachine.com\/wp-content\/uploads\/2022\/08\/Horizontal-foam-crushing-machine-1-16x12.webp 16w\" sizes=\"auto, (max-width: 720px) 100vw, 720px\" \/><figcaption class=\"wp-element-caption\">M\u00e1quina trituradora de espuma horizontal<\/figcaption><\/figure> <\/div>   <h3 class=\"wp-block-heading\">Transportador de espuma EPS<\/h3>    <p>Finalidade: Pode enviar as pe\u00e7as trituradas de EPS para a m\u00e1quina principal de granula\u00e7\u00e3o<\/p>    <h3 class=\"wp-block-heading\">M\u00e1quina de pelotiza\u00e7\u00e3o de espuma EPS<\/h3>    <p>Objetivo: derreter e aquecer material de espuma EPS<\/p>   <div class=\"wp-block-image\"> <figure class=\"aligncenter size-full\"><img loading=\"lazy\" decoding=\"async\" width=\"720\" height=\"540\" src=\"https:\/\/www.plasticgranularmachine.com\/wp-content\/uploads\/2023\/12\/EPE-granulator-1.webp\" alt=\"Granulador EPE\" class=\"wp-image-1254\" srcset=\"https:\/\/www.plasticgranularmachine.com\/wp-content\/uploads\/2023\/12\/EPE-granulator-1.webp 720w, https:\/\/www.plasticgranularmachine.com\/wp-content\/uploads\/2023\/12\/EPE-granulator-1-300x225.webp 300w, https:\/\/www.plasticgranularmachine.com\/wp-content\/uploads\/2023\/12\/EPE-granulator-1-16x12.webp 16w\" sizes=\"auto, (max-width: 720px) 100vw, 720px\" \/><figcaption class=\"wp-element-caption\">Granulador EPE<\/figcaption><\/figure> <\/div>   <h3 class=\"wp-block-heading\">M\u00e1quina auxiliar de pelotiza\u00e7\u00e3o de espuma EPS<\/h3>    <p>Finalidade: Extrusar o pl\u00e1stico derretido em material triturado na m\u00e1quina auxiliar atrav\u00e9s da cabe\u00e7a de roscar.<\/p>    <h3 class=\"wp-block-heading\">Tanque de \u00e1gua de resfriamento<\/h3>    <p class=\"translation-block\">Prop\u00f3sito: Resfriar o filamento <a href=\"https:\/\/en.wikipedia.org\/wiki\/EPS\" target=\"_blank\" rel=\"noopener\">EPS<\/a> espuma<\/p>   <div class=\"wp-block-image\"> <figure class=\"aligncenter size-full\"><img loading=\"lazy\" decoding=\"async\" width=\"720\" height=\"540\" src=\"https:\/\/www.plasticgranularmachine.com\/wp-content\/uploads\/2023\/12\/\u2465Cooling-tank1.webp\" alt=\"Tanque de resfriamento\" class=\"wp-image-1270\" srcset=\"https:\/\/www.plasticgranularmachine.com\/wp-content\/uploads\/2023\/12\/\u2465Cooling-tank1.webp 720w, https:\/\/www.plasticgranularmachine.com\/wp-content\/uploads\/2023\/12\/\u2465Cooling-tank1-300x225.webp 300w, https:\/\/www.plasticgranularmachine.com\/wp-content\/uploads\/2023\/12\/\u2465Cooling-tank1-16x12.webp 16w\" sizes=\"auto, (max-width: 720px) 100vw, 720px\" \/><figcaption class=\"wp-element-caption\">Tanque de resfriamento<\/figcaption><\/figure> <\/div>   <h3 class=\"wp-block-heading\">M\u00e1quina de corte de gr\u00e2nulos de pl\u00e1stico<\/h3>    <p>Objetivo: cortar o filamento pl\u00e1stico resfriado em gr\u00e2nulos<\/p>   <div class=\"wp-block-image\"> <figure class=\"aligncenter size-full\"><img loading=\"lazy\" decoding=\"async\" width=\"720\" height=\"540\" src=\"https:\/\/www.plasticgranularmachine.com\/wp-content\/uploads\/2022\/07\/Pellet-cutting-machine1.webp\" alt=\"M\u00e1quina de corte de pellets\" class=\"wp-image-1326\" srcset=\"https:\/\/www.plasticgranularmachine.com\/wp-content\/uploads\/2022\/07\/Pellet-cutting-machine1.webp 720w, https:\/\/www.plasticgranularmachine.com\/wp-content\/uploads\/2022\/07\/Pellet-cutting-machine1-300x225.webp 300w, https:\/\/www.plasticgranularmachine.com\/wp-content\/uploads\/2022\/07\/Pellet-cutting-machine1-16x12.webp 16w\" sizes=\"auto, (max-width: 720px) 100vw, 720px\" \/><figcaption class=\"wp-element-caption\">M\u00e1quina de corte de pellets<\/figcaption><\/figure> <\/div>   <h2 class=\"wp-block-heading\">Por que mais e mais pessoas est\u00e3o engajadas na ind\u00fastria de reciclagem de espuma EPS?<\/h2>    <p>Como todos sabemos, a embalagem EPS \u00e9 um consum\u00edvel descart\u00e1vel. N\u00e3o \u00e9 f\u00e1cil degradar-se sozinho ap\u00f3s o descarte. No passado, os produtos de espuma causaram muita polui\u00e7\u00e3o ao meio ambiente. Com a popularidade da redu\u00e7\u00e3o das emiss\u00f5es de carbono em v\u00e1rios pa\u00edses, a gest\u00e3o de res\u00edduos de EPS tornou-se uma forma importante de proteger o meio ambiente. A reciclagem de espuma EPS pode n\u00e3o apenas evitar a polui\u00e7\u00e3o ambiental, mas tamb\u00e9m permitir que o material seja usado repetidamente. Portanto, as m\u00e1quinas de reciclagem de espuma EPS tamb\u00e9m est\u00e3o se tornando cada vez mais populares.<\/p>   <div class=\"wp-block-image\"> <figure class=\"aligncenter size-full\"><img loading=\"lazy\" decoding=\"async\" width=\"720\" height=\"540\" src=\"https:\/\/www.plasticgranularmachine.com\/wp-content\/uploads\/2022\/06\/finished-products-of-eps-foam.jpg\" alt=\"produtos acabados de espuma eps\" class=\"wp-image-122\" srcset=\"https:\/\/www.plasticgranularmachine.com\/wp-content\/uploads\/2022\/06\/finished-products-of-eps-foam.jpg 720w, https:\/\/www.plasticgranularmachine.com\/wp-content\/uploads\/2022\/06\/finished-products-of-eps-foam-300x225.jpg 300w\" sizes=\"auto, (max-width: 720px) 100vw, 720px\" \/><figcaption class=\"wp-element-caption\">produtos acabados feitos pela m\u00e1quina de reciclagem de EPS<\/figcaption><\/figure> <\/div>   <h2 class=\"wp-block-heading\">A aplica\u00e7\u00e3o de pellets de EPS reciclados<\/h2>    <p>Pelo exposto, sabemos que as m\u00e1quinas de reciclagem de EPS podem fabricar pellets de pl\u00e1stico a partir de espuma de EPS usada. O importante \u00e9 que n\u00e3o podemos usar res\u00edduos de produtos pl\u00e1sticos para fazer nada que entre em contato com alimentos. Eles incluem copos isolados, bandejas de espuma, etc. Mas podemos us\u00e1-los para fazer m\u00f3veis de exterior, telhas, cabides, caixas de ber\u00e7\u00e1rio, caixilhos de janelas e portas, materiais de embalagem, etc. blocos.<\/p>    <p> Al\u00e9m disso, quando o EPS \u00e9 combinado com solo e composto, ajuda a promover a aera\u00e7\u00e3o. E quando misturado com pl\u00e1sticos, pode ser utilizado na confec\u00e7\u00e3o de pain\u00e9is decorativos e acabamentos internos.<\/p>    <p>Resumindo, se voc\u00ea precisar de equipamento de reciclagem de espuma para o seu neg\u00f3cio, n\u00e3o hesite em nos contatar.<\/p>    <h2 class=\"wp-block-heading\">Casos de projetos de reciclagem de espuma EPS em todo o mundo<\/h2>    <ul class=\"wp-block-list\"> <li>Caso1: <a href=\"https:\/\/www.plasticgranularmachine.com\/pt\/Info\/foam-shredder-machine-sold-to-nigeria\/\">M\u00e1quina trituradora de espuma vendida para a Nig\u00e9ria<\/a><\/li>    <li>Caso2: <a href=\"https:\/\/www.plasticgranularmachine.com\/pt\/Info\/malaysian-customer-ordered-two-eps-foam-compactors\/\">Cliente da Mal\u00e1sia solicitou dois compactadores de espuma EPS<\/a><\/li> <\/ul>    <p>Acima est\u00e3o alguns cases de nossa linha de reciclagem de espuma pl\u00e1stica. Como fornecedor profissional de m\u00e1quinas de reciclagem, prometemos fornecer m\u00e1quinas de reciclagem de isopor adequadas e servi\u00e7os perfeitos para voc\u00ea. <\/p>   <div class=\"wp-block-image\"> <figure class=\"aligncenter size-full\"><img loading=\"lazy\" decoding=\"async\" width=\"720\" height=\"540\" src=\"https:\/\/www.plasticgranularmachine.com\/wp-content\/uploads\/2022\/07\/EPS-Pelletizing-Machine-2-1.webp\" alt=\"M\u00e1quina de pelotiza\u00e7\u00e3o EPS\" class=\"wp-image-1368\" srcset=\"https:\/\/www.plasticgranularmachine.com\/wp-content\/uploads\/2022\/07\/EPS-Pelletizing-Machine-2-1.webp 720w, https:\/\/www.plasticgranularmachine.com\/wp-content\/uploads\/2022\/07\/EPS-Pelletizing-Machine-2-1-300x225.webp 300w, https:\/\/www.plasticgranularmachine.com\/wp-content\/uploads\/2022\/07\/EPS-Pelletizing-Machine-2-1-16x12.webp 16w\" sizes=\"auto, (max-width: 720px) 100vw, 720px\" \/><figcaption class=\"wp-element-caption\">M\u00e1quina de pelotiza\u00e7\u00e3o EPS<\/figcaption><\/figure> <\/div>   <h2 class=\"wp-block-heading\">Entrega sobre linha de reciclagem de espuma de poliestireno<\/h2>    <ul class=\"wp-block-list\"> <li>Depois de fazer um pedido, o tempo estimado de conclus\u00e3o \u00e9 de cerca de 20 dias.<\/li>    <li>Enviaremos um v\u00eddeo da m\u00e1quina em funcionamento antes do envio para confirmar se est\u00e1 tudo em ordem.<\/li>    <li>Oferecemos remessa internacional e tamb\u00e9m podemos fornecer servi\u00e7os de instala\u00e7\u00e3o no local.<\/li> <\/ul>    <p>Abaixo est\u00e1 um v\u00eddeo de demonstra\u00e7\u00e3o sobre as m\u00e1quinas de reciclagem de espuma EPS. Se voc\u00ea estiver interessado, n\u00e3o hesite em nos contatar. Aguardamos suas novidades!<\/p>    <figure class=\"wp-block-embed is-type-video is-provider-youtube wp-block-embed-youtube wp-embed-aspect-16-9 wp-has-aspect-ratio\"><div class=\"wp-block-embed__wrapper\"> <iframe loading=\"lazy\" title=\"Veja mais de perto as m\u00e1quinas de reciclagem de isopor na f\u00e1brica!\" width=\"500\" height=\"281\" src=\"https:\/\/www.youtube.com\/embed\/Cqay6gxFv3k?feature=oembed\" frameborder=\"0\" allow=\"accelerometer; autoplay; clipboard-write; encrypted-media; gyroscope; picture-in-picture; web-share\" referrerpolicy=\"strict-origin-when-cross-origin\" allowfullscreen><\/iframe> <\/div><figcaption class=\"wp-element-caption\">M\u00e1quinas de reciclagem de EPS<\/figcaption><\/figure>","protected":false},"excerpt":{"rendered":"<p>As m\u00e1quinas de reciclagem Shuliy EPS possuem processo de reciclagem r\u00e1pido e pre\u00e7o acess\u00edvel, transformando res\u00edduos de isopor em pellets reciclados.<\/p>","protected":false},"author":1,"featured_media":1223,"parent":0,"template":"","tags":[40,33],"product-type":[10],"class_list":["post-35","product","type-product","status-publish","has-post-thumbnail","hentry","tag-solution","tag-styrofoam-recycling","product-type-solutions"],"_links":{"self":[{"href":"https:\/\/www.plasticgranularmachine.com\/pt\/wp-json\/wp\/v2\/product\/35","targetHints":{"allow":["GET"]}}],"collection":[{"href":"https:\/\/www.plasticgranularmachine.com\/pt\/wp-json\/wp\/v2\/product"}],"about":[{"href":"https:\/\/www.plasticgranularmachine.com\/pt\/wp-json\/wp\/v2\/types\/product"}],"author":[{"embeddable":true,"href":"https:\/\/www.plasticgranularmachine.com\/pt\/wp-json\/wp\/v2\/users\/1"}],"wp:featuredmedia":[{"embeddable":true,"href":"https:\/\/www.plasticgranularmachine.com\/pt\/wp-json\/wp\/v2\/media\/1223"}],"wp:attachment":[{"href":"https:\/\/www.plasticgranularmachine.com\/pt\/wp-json\/wp\/v2\/media?parent=35"}],"wp:term":[{"taxonomy":"post_tag","embeddable":true,"href":"https:\/\/www.plasticgranularmachine.com\/pt\/wp-json\/wp\/v2\/tags?post=35"},{"taxonomy":"product-type","embeddable":true,"href":"https:\/\/www.plasticgranularmachine.com\/pt\/wp-json\/wp\/v2\/product-type?post=35"}],"curies":[{"name":"wp","href":"https:\/\/api.w.org\/{rel}","templated":true}]}}