{"id":359,"date":"2022-09-14T07:35:18","date_gmt":"2022-09-14T07:35:18","guid":{"rendered":"https:\/\/www.plasticgranularmachine.com\/?post_type=product&#038;p=359"},"modified":"2025-01-06T09:57:07","modified_gmt":"2025-01-06T01:57:07","slug":"pet-flakes-friction-washer","status":"publish","type":"product","link":"https:\/\/www.plasticgranularmachine.com\/pt\/product\/pet-flakes-friction-washer\/","title":{"rendered":"Arruela de fric\u00e7\u00e3o de flocos PET"},"content":{"rendered":"<p class=\"translation-block\">A lavadora de fric\u00e7\u00e3o de flocos de PET \u00e9 uma m\u00e1quina para limpar folhas de pl\u00e1stico na linha de lavagem de garrafas pl\u00e1sticas. Ela est\u00e1 posicionada atr\u00e1s do tanque de lavagem a quente das garrafas pl\u00e1sticas. Esta m\u00e1quina e a <a href=\"https:\/\/www.plasticgranularmachine.com\/pt\/product\/pet-flakes-hot-washing-machine\/\">m\u00e1quina de lavagem a quente de flocos de garrafa PET<\/a> podem trabalhar juntas para limpar as garrafas pl\u00e1sticas com manchas. Portanto, a m\u00e1quina lavadora de flocos de PET \u00e9 uma lavadora eficiente a frio.<\/p>   <div class=\"wp-block-image\"> <figure class=\"aligncenter size-full is-resized\"><img loading=\"lazy\" decoding=\"async\" width=\"800\" height=\"800\" src=\"https:\/\/www.plasticgranularmachine.com\/wp-content\/uploads\/2022\/09\/high-speed-friction-washer-in-the-factory-1.webp\" alt=\"arruela de fric\u00e7\u00e3o de alta velocidade na f\u00e1brica\" class=\"wp-image-1293\" style=\"object-fit:cover;width:720px;height:540px\" srcset=\"https:\/\/www.plasticgranularmachine.com\/wp-content\/uploads\/2022\/09\/high-speed-friction-washer-in-the-factory-1.webp 800w, https:\/\/www.plasticgranularmachine.com\/wp-content\/uploads\/2022\/09\/high-speed-friction-washer-in-the-factory-1-300x300.webp 300w, https:\/\/www.plasticgranularmachine.com\/wp-content\/uploads\/2022\/09\/high-speed-friction-washer-in-the-factory-1-150x150.webp 150w, https:\/\/www.plasticgranularmachine.com\/wp-content\/uploads\/2022\/09\/high-speed-friction-washer-in-the-factory-1-768x768.webp 768w, https:\/\/www.plasticgranularmachine.com\/wp-content\/uploads\/2022\/09\/high-speed-friction-washer-in-the-factory-1-12x12.webp 12w\" sizes=\"auto, (max-width: 800px) 100vw, 800px\" \/><figcaption class=\"wp-element-caption\">arruela de fric\u00e7\u00e3o de alta velocidade na f\u00e1brica<\/figcaption><\/figure> <\/div>   <h2 class=\"wp-block-heading\" id=\"h-what-is-the-working-process-of-the-pet-flakes-friction-washer\">Qual \u00e9 o processo de trabalho da lavadora de fric\u00e7\u00e3o de flocos de PET?<\/h2>    <p>A lavadora de fric\u00e7\u00e3o de alta velocidade como equipamento de limpeza de pl\u00e1stico tem suas pr\u00f3prias fun\u00e7\u00f5es e vantagens exclusivas. Depois que a folha de pl\u00e1stico entra no silo, o parafuso girat\u00f3rio de alta velocidade esfregar\u00e1 totalmente o material com \u00e1gua. Sob a a\u00e7\u00e3o da for\u00e7a centr\u00edfuga rotativa de alta velocidade, a m\u00e1quina separar\u00e1 as impurezas (solo, areia, folhas, polpa) na superf\u00edcie do material. A \u00e1gua suja ser\u00e1 lavada com \u00e1gua limpa. O dispositivo de pulveriza\u00e7\u00e3o de \u00e1gua e o parafuso de alta velocidade equipados com a arruela de fric\u00e7\u00e3o de flocos de PET podem limpar a sujeira da folha de pl\u00e1stico.<\/p>   <div class=\"wp-block-image\"> <figure class=\"aligncenter size-full\"><img loading=\"lazy\" decoding=\"async\" width=\"720\" height=\"540\" src=\"https:\/\/www.plasticgranularmachine.com\/wp-content\/uploads\/2022\/09\/plastic-washing-machine-in-plant-1.webp\" alt=\"m\u00e1quina de lavar roupa de pl\u00e1stico na planta\" class=\"wp-image-1295\" srcset=\"https:\/\/www.plasticgranularmachine.com\/wp-content\/uploads\/2022\/09\/plastic-washing-machine-in-plant-1.webp 720w, https:\/\/www.plasticgranularmachine.com\/wp-content\/uploads\/2022\/09\/plastic-washing-machine-in-plant-1-300x225.webp 300w, https:\/\/www.plasticgranularmachine.com\/wp-content\/uploads\/2022\/09\/plastic-washing-machine-in-plant-1-16x12.webp 16w\" sizes=\"auto, (max-width: 720px) 100vw, 720px\" \/><figcaption class=\"wp-element-caption\">m\u00e1quina de lavar roupa de pl\u00e1stico na planta<\/figcaption><\/figure> <\/div>   <h2 class=\"wp-block-heading\">Qual \u00e9 a fun\u00e7\u00e3o da arruela de fric\u00e7\u00e3o de alta velocidade?<\/h2>    <p>A principal fun\u00e7\u00e3o do limpador de fric\u00e7\u00e3o \u00e9 remover \u00f3leo, cola, polpa de papel e outras manchas da garrafa pl\u00e1stica usando a for\u00e7a de fric\u00e7\u00e3o da rota\u00e7\u00e3o em alta velocidade. Os materiais s\u00e3o misturados em alta velocidade na lavadora, e o atrito entre cada folha de PET ajuda a remover sujeira e detritos. Ent\u00e3o a tela do filtro dentro da m\u00e1quina ir\u00e1 descarregar a sujeira lavada. Isso permite que a garrafa pl\u00e1stica seja completamente limpa. Al\u00e9m disso, o usu\u00e1rio pode controlar manualmente o tempo de limpeza dos materiais de acordo com o grau de polui\u00e7\u00e3o dos materiais. A lavadora de fric\u00e7\u00e3o de flocos de PET tamb\u00e9m tem as vantagens de uma pequena \u00e1rea de piso, opera\u00e7\u00e3o simples e alto rendimento.<\/p>    <h2 class=\"wp-block-heading\">Par\u00e2metros da m\u00e1quina<\/h2>    <figure class=\"wp-block-table\"><table><tbody><tr><td>Modelo<\/td><td>SL-1000<\/td><td>SL-2000<\/td><\/tr><tr><td>Capacidade<\/td><td>500-1000 kg\/hora<\/td><td>2.000 kg\/hora<\/td><\/tr><tr><td>Comprimento<\/td><td>3000 mm<\/td><td>3500mm<\/td><\/tr><tr><td>Poder<\/td><td>7,5 kW<\/td><td>15 kW<\/td><\/tr><tr><td>Camada de sa\u00edda<\/td><td>4mm<\/td><td>4mm<\/td><\/tr><tr><td>Espessura da L\u00e2mina<\/td><td>6mm<\/td><td>6mm<\/td><\/tr><\/tbody><\/table><\/figure>    <h2 class=\"wp-block-heading\">Estrutura da arruela de fric\u00e7\u00e3o de flocos de PET<\/h2>    <p>O corpo desta m\u00e1quina de lavar garrafas pl\u00e1sticas \u00e9 composto por um suporte para p\u00e9s, um motor, uma m\u00e1quina hospedeira, uma entrada de \u00e1gua, uma entrada de material, uma sa\u00edda de material, etc. m\u00e1quina para filtrar \u00e1gua suja.<\/p>   <div class=\"wp-block-image\"> <figure class=\"aligncenter size-full is-resized\"><img loading=\"lazy\" decoding=\"async\" width=\"800\" height=\"800\" src=\"https:\/\/www.plasticgranularmachine.com\/wp-content\/uploads\/2022\/09\/internal-details-of-the-friction-machine.webp\" alt=\"detalhes internos da m\u00e1quina de fric\u00e7\u00e3o\" class=\"wp-image-1296\" style=\"object-fit:cover;width:720px;height:540px\" srcset=\"https:\/\/www.plasticgranularmachine.com\/wp-content\/uploads\/2022\/09\/internal-details-of-the-friction-machine.webp 800w, https:\/\/www.plasticgranularmachine.com\/wp-content\/uploads\/2022\/09\/internal-details-of-the-friction-machine-300x300.webp 300w, https:\/\/www.plasticgranularmachine.com\/wp-content\/uploads\/2022\/09\/internal-details-of-the-friction-machine-150x150.webp 150w, https:\/\/www.plasticgranularmachine.com\/wp-content\/uploads\/2022\/09\/internal-details-of-the-friction-machine-768x768.webp 768w, https:\/\/www.plasticgranularmachine.com\/wp-content\/uploads\/2022\/09\/internal-details-of-the-friction-machine-12x12.webp 12w\" sizes=\"auto, (max-width: 800px) 100vw, 800px\" \/><figcaption class=\"wp-element-caption\">detalhes internos da m\u00e1quina de fric\u00e7\u00e3o<\/figcaption><\/figure> <\/div>   <h2 class=\"wp-block-heading\">Quais s\u00e3o as aplica\u00e7\u00f5es da m\u00e1quina?<\/h2>    <p class=\"translation-block\">Na verdade, nossas m\u00e1quinas podem lidar com a maioria das garrafas no mercado, como <a href=\"https:\/\/en.wikipedia.org\/wiki\/Coca-Cola\" target=\"_blank\" rel=\"noopener\">garrafas de Coca-Cola<\/a>, <a href=\"https:\/\/en.wikipedia.org\/wiki\/Soda\" target=\"_blank\" rel=\"noopener\">garrafas de refrigerante<\/a>, garrafas de suco, garrafas de ch\u00e1, garrafas de \u00e1gua mineral e outras garrafas de \u00e1gua pot\u00e1vel.<\/p>    <h2 class=\"wp-block-heading\">Uso de flocos de animais de estima\u00e7\u00e3o reciclados<\/h2>    <p>As folhas de pl\u00e1stico recicladas geralmente podem ser usadas para embalagens pl\u00e1sticas, fibras, materiais refor\u00e7ados com fibra de vidro, pl\u00e1sticos modificados e sacos pl\u00e1sticos tecidos. Dessa forma, a garrafa PET pode ser reaproveitada.<\/p>   <div class=\"wp-block-image\"> <figure class=\"aligncenter size-full\"><img loading=\"lazy\" decoding=\"async\" width=\"528\" height=\"720\" src=\"https:\/\/www.plasticgranularmachine.com\/wp-content\/uploads\/2022\/09\/plastic-bottle-washing-machine-1.webp\" alt=\"m\u00e1quina de lavar garrafas de pl\u00e1stico\" class=\"wp-image-1297\" srcset=\"https:\/\/www.plasticgranularmachine.com\/wp-content\/uploads\/2022\/09\/plastic-bottle-washing-machine-1.webp 528w, https:\/\/www.plasticgranularmachine.com\/wp-content\/uploads\/2022\/09\/plastic-bottle-washing-machine-1-220x300.webp 220w, https:\/\/www.plasticgranularmachine.com\/wp-content\/uploads\/2022\/09\/plastic-bottle-washing-machine-1-9x12.webp 9w\" sizes=\"auto, (max-width: 528px) 100vw, 528px\" \/><figcaption class=\"wp-element-caption\">m\u00e1quina de lavar garrafas de pl\u00e1stico<\/figcaption><\/figure> <\/div>   <h2 class=\"wp-block-heading\">Resumo<\/h2>    <p class=\"translation-block\">Em suma, a lavadora de fric\u00e7\u00e3o de flocos de PET \u00e9 uma m\u00e1quina indispens\u00e1vel na planta de lavagem de garrafas PET e na <a href=\"https:\/\/www.plasticgranularmachine.com\/pt\/product\/pet-bottles-recycling-line\/\">linha de reciclagem de garrafas pl\u00e1sticas<\/a>. Se voc\u00ea quiser saber mais informa\u00e7\u00f5es sobre esta m\u00e1quina, sinta-se \u00e0 vontade para nos contactar.<\/p>   <div class=\"wp-block-image\"> <figure class=\"aligncenter size-full\"><img loading=\"lazy\" decoding=\"async\" width=\"720\" height=\"540\" src=\"https:\/\/www.plasticgranularmachine.com\/wp-content\/uploads\/2022\/09\/PET-flakes-friction-washer-3.webp\" alt=\"Arruela de fric\u00e7\u00e3o de flocos de PET\" class=\"wp-image-1299\" srcset=\"https:\/\/www.plasticgranularmachine.com\/wp-content\/uploads\/2022\/09\/PET-flakes-friction-washer-3.webp 720w, https:\/\/www.plasticgranularmachine.com\/wp-content\/uploads\/2022\/09\/PET-flakes-friction-washer-3-300x225.webp 300w, https:\/\/www.plasticgranularmachine.com\/wp-content\/uploads\/2022\/09\/PET-flakes-friction-washer-3-16x12.webp 16w\" sizes=\"auto, (max-width: 720px) 100vw, 720px\" \/><figcaption class=\"wp-element-caption\">Arruela de fric\u00e7\u00e3o de flocos de PET<\/figcaption><\/figure> <\/div>","protected":false},"excerpt":{"rendered":"<p>PET flakes friction washer is a machine for cleaning plastic sheets in the plastic bottle washing line. It is behind the plastic bottle hot water washing tank. This machine and the PET bottle flakes hot washing machine can work together to clean the plastic bottles with stains. Therefore, the PET flakes washer machine is an [&hellip;]<\/p>\n","protected":false},"author":1,"featured_media":1269,"parent":0,"template":"","tags":[38,39],"product-type":[6],"class_list":["post-359","product","type-product","status-publish","has-post-thumbnail","hentry","tag-pet-recycling","tag-washing","product-type-washing-machine"],"_links":{"self":[{"href":"https:\/\/www.plasticgranularmachine.com\/pt\/wp-json\/wp\/v2\/product\/359","targetHints":{"allow":["GET"]}}],"collection":[{"href":"https:\/\/www.plasticgranularmachine.com\/pt\/wp-json\/wp\/v2\/product"}],"about":[{"href":"https:\/\/www.plasticgranularmachine.com\/pt\/wp-json\/wp\/v2\/types\/product"}],"author":[{"embeddable":true,"href":"https:\/\/www.plasticgranularmachine.com\/pt\/wp-json\/wp\/v2\/users\/1"}],"wp:featuredmedia":[{"embeddable":true,"href":"https:\/\/www.plasticgranularmachine.com\/pt\/wp-json\/wp\/v2\/media\/1269"}],"wp:attachment":[{"href":"https:\/\/www.plasticgranularmachine.com\/pt\/wp-json\/wp\/v2\/media?parent=359"}],"wp:term":[{"taxonomy":"post_tag","embeddable":true,"href":"https:\/\/www.plasticgranularmachine.com\/pt\/wp-json\/wp\/v2\/tags?post=359"},{"taxonomy":"product-type","embeddable":true,"href":"https:\/\/www.plasticgranularmachine.com\/pt\/wp-json\/wp\/v2\/product-type?post=359"}],"curies":[{"name":"wp","href":"https:\/\/api.w.org\/{rel}","templated":true}]}}