{"id":41,"date":"2022-06-23T03:44:15","date_gmt":"2022-06-23T03:44:15","guid":{"rendered":"http:\/\/tailwind-themes.local\/?post_type=product&#038;p=41"},"modified":"2025-01-06T09:59:07","modified_gmt":"2025-01-06T01:59:07","slug":"plastic-film-recycling-line","status":"publish","type":"product","link":"https:\/\/www.plasticgranularmachine.com\/pt\/product\/plastic-film-recycling-line\/","title":{"rendered":"M\u00e1quina de linha de reciclagem de filme pl\u00e1stico"},"content":{"rendered":"<p>A linha de reciclagem de filme pl\u00e1stico \u00e9 uma linha de produ\u00e7\u00e3o para reciclagem de todos os tipos de filmes pl\u00e1sticos, como sacolas pl\u00e1sticas e sacolas de tecido. Nossa linha de reciclagem de pl\u00e1stico \u00e9 muito adequada para tritura\u00e7\u00e3o, limpeza, secagem, granula\u00e7\u00e3o e embalagem de res\u00edduos de filmes pe\/pp. Com a ajuda desta linha de produ\u00e7\u00e3o, voc\u00ea pode obter facilmente pellets de pl\u00e1stico limpos. Eventualmente, esses res\u00edduos de filmes de PP\/PE tornam-se materiais renov\u00e1veis \u200b\u200be reutiliz\u00e1veis.<\/p>   <div class=\"wp-block-image\"> <figure class=\"aligncenter size-full\"><img loading=\"lazy\" decoding=\"async\" width=\"720\" height=\"540\" src=\"https:\/\/www.plasticgranularmachine.com\/wp-content\/uploads\/2022\/06\/extruder-plastic-pelletizing-line.webp\" alt=\"linha de pelotiza\u00e7\u00e3o de pl\u00e1stico extrusora\" class=\"wp-image-1329\" srcset=\"https:\/\/www.plasticgranularmachine.com\/wp-content\/uploads\/2022\/06\/extruder-plastic-pelletizing-line.webp 720w, https:\/\/www.plasticgranularmachine.com\/wp-content\/uploads\/2022\/06\/extruder-plastic-pelletizing-line-300x225.webp 300w, https:\/\/www.plasticgranularmachine.com\/wp-content\/uploads\/2022\/06\/extruder-plastic-pelletizing-line-16x12.webp 16w\" sizes=\"auto, (max-width: 720px) 100vw, 720px\" \/><figcaption class=\"wp-element-caption\">linha de pelotiza\u00e7\u00e3o de pl\u00e1stico extrusora<\/figcaption><\/figure> <\/div>   <h2 class=\"wp-block-heading\" id=\"h-what-is-the-workflow-of-the-plastic-film-recycling-line\">Qual \u00e9 o fluxo de trabalho da linha de reciclagem de filme pl\u00e1stico?<\/h2>    <p>Primeiro, coloque o filme pl\u00e1stico residual na correia transportadora. Em seguida, a correia transportadora enviar\u00e1 o filme pl\u00e1stico para o triturador de filme pl\u00e1stico para tritura\u00e7\u00e3o e limpeza. Como existem muitas impurezas nos filmes residuais, precisamos limp\u00e1-los novamente. Em seguida, seque os produtos pl\u00e1sticos limpos. Em seguida vem o processo de granula\u00e7\u00e3o mais importante. Ap\u00f3s a granula\u00e7\u00e3o, a polpa pl\u00e1stica precisa ser resfriada. Por fim, corte a tira de pl\u00e1stico em pequenas part\u00edculas de pl\u00e1stico para embalar. Este \u00e9 o fluxo de trabalho completo da linha de reciclagem de filmes pl\u00e1sticos.<\/p>   <div class=\"wp-block-image\"> <figure class=\"aligncenter size-full\"><img loading=\"lazy\" decoding=\"async\" width=\"720\" height=\"540\" src=\"https:\/\/www.plasticgranularmachine.com\/wp-content\/uploads\/2022\/06\/effect-drawing-of-plastic-film-recycling-line.webp\" alt=\"desenho de efeito de linha de reciclagem de filme pl\u00e1stico\" class=\"wp-image-1330\" srcset=\"https:\/\/www.plasticgranularmachine.com\/wp-content\/uploads\/2022\/06\/effect-drawing-of-plastic-film-recycling-line.webp 720w, https:\/\/www.plasticgranularmachine.com\/wp-content\/uploads\/2022\/06\/effect-drawing-of-plastic-film-recycling-line-300x225.webp 300w, https:\/\/www.plasticgranularmachine.com\/wp-content\/uploads\/2022\/06\/effect-drawing-of-plastic-film-recycling-line-16x12.webp 16w\" sizes=\"auto, (max-width: 720px) 100vw, 720px\" \/><figcaption class=\"wp-element-caption\">desenho de efeito de linha de reciclagem de filme pl\u00e1stico<\/figcaption><\/figure> <\/div>   <h2 class=\"wp-block-heading\">Introdu\u00e7\u00e3o da m\u00e1quina de reciclagem de filme pl\u00e1stico<\/h2>    <p>A m\u00e1quina de reciclagem de filme pl\u00e1stico de alta efici\u00eancia da Efficient \u00e9 projetada para o reprocessamento de material de embalagem flex\u00edvel de PE polietileno (HDPE, LDPE, LLDPE) e PP polipropileno, impresso e n\u00e3o impresso. Recomendamos esta linha para produtores de filme soprado, produtores de sacos tecidos e produtores de sacos com fecho zip. Eles podem reciclar os res\u00edduos de produ\u00e7\u00e3o de filme defeituosos e as sobras de filme com nossas m\u00e1quinas de reciclagem. Os pellets finais podem ser usados diretamente na linha de produ\u00e7\u00e3o de filme. Para os produtores de filme, eles podem reduzir os custos de material.<\/p>    <p>Al\u00e9m dos res\u00edduos de filmes internos (p\u00f3s-industriais), o sistema de reciclagem tamb\u00e9m \u00e9 capaz de processar res\u00edduos p\u00f3s-consumo. Os materiais recicl\u00e1veis \u200b\u200bcomuns s\u00e3o sobras de sacos, sacos de lixo usados, filmes agr\u00edcolas, embalagens de alimentos, sacos jumbo, sacos de r\u00e1fia com filmes retr\u00e1teis e extens\u00edveis e sacos de tecido PP.<\/p>   <div class=\"wp-block-image\"> <figure class=\"aligncenter size-full\"><img loading=\"lazy\" decoding=\"async\" width=\"720\" height=\"540\" src=\"https:\/\/www.plasticgranularmachine.com\/wp-content\/uploads\/2022\/06\/plastic-film-recycling-machines.webp\" alt=\"m\u00e1quinas de reciclagem de filme pl\u00e1stico na f\u00e1brica\" class=\"wp-image-1333\" srcset=\"https:\/\/www.plasticgranularmachine.com\/wp-content\/uploads\/2022\/06\/plastic-film-recycling-machines.webp 720w, https:\/\/www.plasticgranularmachine.com\/wp-content\/uploads\/2022\/06\/plastic-film-recycling-machines-300x225.webp 300w, https:\/\/www.plasticgranularmachine.com\/wp-content\/uploads\/2022\/06\/plastic-film-recycling-machines-16x12.webp 16w\" sizes=\"auto, (max-width: 720px) 100vw, 720px\" \/><figcaption class=\"wp-element-caption\">m\u00e1quinas de reciclagem de filme pl\u00e1stico na f\u00e1brica<\/figcaption><\/figure> <\/div>   <h2 class=\"wp-block-heading\">Equipamento de reciclagem central da linha de pelotiza\u00e7\u00e3o de filme<\/h2>    <h3 class=\"wp-block-heading\">Triturador de filme pl\u00e1stico<\/h3>    <p class=\"translation-block\">O triturador de pel\u00edcula pl\u00e1stica \u00e9 uma m\u00e1quina especial para triturar pel\u00edcula pl\u00e1stica. \u00c9 tamb\u00e9m o primeiro equipamento importante da linha de reciclagem de pel\u00edcula pl\u00e1stica. O cortador rotativo dentro do <strong><a href=\"https:\/\/www.plasticgranularmachine.com\/pt\/product\/plastic-film-crusher\/\" data-type=\"link\" data-id=\"https:\/\/www.plasticgranularmachine.com\/product\/plastic-film-crusher\/\">triturador de pl\u00e1stico <\/a><\/strong>pode triturar materiais em pequenos peda\u00e7os num curto espa\u00e7o de tempo. Ao mesmo tempo, esta m\u00e1quina tamb\u00e9m pode limpar detritos pl\u00e1sticos. Isto significa que tem a fun\u00e7\u00e3o de triturar e limpar. Al\u00e9m disso, as nossas m\u00e1quinas s\u00e3o feitas de a\u00e7o de alta qualidade. A l\u00e2mina \u00e9 feita de si2mn. Portanto, o triturador da m\u00e1quina \u00e9 dur\u00e1vel.<\/p>   <div class=\"wp-block-image\"> <figure class=\"aligncenter size-full\"><img loading=\"lazy\" decoding=\"async\" width=\"720\" height=\"540\" src=\"https:\/\/www.plasticgranularmachine.com\/wp-content\/uploads\/2022\/07\/plastic-crusher-for-pppe.webp\" alt=\"triturador de pl\u00e1stico para pppe\" class=\"wp-image-1323\" srcset=\"https:\/\/www.plasticgranularmachine.com\/wp-content\/uploads\/2022\/07\/plastic-crusher-for-pppe.webp 720w, https:\/\/www.plasticgranularmachine.com\/wp-content\/uploads\/2022\/07\/plastic-crusher-for-pppe-300x225.webp 300w, https:\/\/www.plasticgranularmachine.com\/wp-content\/uploads\/2022\/07\/plastic-crusher-for-pppe-16x12.webp 16w\" sizes=\"auto, (max-width: 720px) 100vw, 720px\" \/><figcaption class=\"wp-element-caption\">triturador de pl\u00e1stico para pppe<\/figcaption><\/figure> <\/div>   <h3 class=\"wp-block-heading\">M\u00e1quina de lavar filme pl\u00e1stico<\/h3>    <p class=\"translation-block\">A <strong><a href=\"https:\/\/www.plasticgranularmachine.com\/pt\/product\/pet-flakes-washing-machine\/\" data-type=\"link\" data-id=\"https:\/\/www.plasticgranularmachine.com\/product\/pet-flakes-washing-machine\/\">m\u00e1quina de lavagem de pel\u00edcula pl\u00e1stica<\/a><\/strong> \u00e9 usada para limpar novamente a pel\u00edcula pl\u00e1stica. Todos sabemos que existem muitas impurezas na pel\u00edcula pl\u00e1stica reciclada. Mat\u00e9rias-primas n\u00e3o limpas afetar\u00e3o gravemente o efeito de granula\u00e7\u00e3o subsequente. Portanto, configuramos especialmente um tanque de limpeza de pel\u00edcula pl\u00e1stica para limpar novamente a pel\u00edcula pl\u00e1stica. O agitador dentado dentro da m\u00e1quina pode empurrar os detritos pl\u00e1sticos para a frente. Portanto, isto pode reduzir ainda mais os recursos humanos.<\/p>   <div class=\"wp-block-image\"> <figure class=\"aligncenter size-full\"><img loading=\"lazy\" decoding=\"async\" width=\"720\" height=\"540\" src=\"https:\/\/www.plasticgranularmachine.com\/wp-content\/uploads\/2022\/06\/plastic-washing-machine.webp\" alt=\"m\u00e1quina de lavar pl\u00e1stico\" class=\"wp-image-1332\" srcset=\"https:\/\/www.plasticgranularmachine.com\/wp-content\/uploads\/2022\/06\/plastic-washing-machine.webp 720w, https:\/\/www.plasticgranularmachine.com\/wp-content\/uploads\/2022\/06\/plastic-washing-machine-300x225.webp 300w, https:\/\/www.plasticgranularmachine.com\/wp-content\/uploads\/2022\/06\/plastic-washing-machine-16x12.webp 16w\" sizes=\"auto, (max-width: 720px) 100vw, 720px\" \/><figcaption class=\"wp-element-caption\">m\u00e1quina de lavar pl\u00e1stico<\/figcaption><\/figure> <\/div>   <h3 class=\"wp-block-heading\">Desidratador de filme pl\u00e1stico<\/h3>    <p class=\"translation-block\">Na <a href=\"https:\/\/www.plasticgranularmachine.com\/pt\/\">M\u00e1quinas de pl\u00e1stico eficientes<\/a>, temos <strong><a href=\"https:\/\/www.plasticgranularmachine.com\/pt\/product\/pet-flakes-dryer\/\" data-type=\"link\" data-id=\"https:\/\/www.plasticgranularmachine.com\/product\/pet-flakes-dryer\/\">desidratadores de pl\u00e1stico horizontais <\/a><\/strong>e desidratadores verticais. Se tiver uma pequena f\u00e1brica, pode escolher um desidratador vertical. O desidratador <strong><a href=\"https:\/\/www.plasticgranularmachine.com\/pt\/product\/plastic-film-dryer-machine\/\" data-type=\"link\" data-id=\"https:\/\/www.plasticgranularmachine.com\/product\/plastic-film-dryer-machine\/\">vertical <\/a><\/strong>tem as fun\u00e7\u00f5es de limpeza cicl\u00f3nica potente, transporte autom\u00e1tico, desidrata\u00e7\u00e3o centr\u00edfuga de alta velocidade, etc. Portanto, pode secar materiais num curto espa\u00e7o de tempo. Com a ajuda de um desidratador vertical, o teor de \u00e1gua da pel\u00edcula pl\u00e1stica pode ser inferior a 2,5%.<\/p>   <div class=\"wp-block-image\"> <figure class=\"aligncenter size-full\"><img loading=\"lazy\" decoding=\"async\" width=\"720\" height=\"540\" src=\"https:\/\/www.plasticgranularmachine.com\/wp-content\/uploads\/2022\/07\/vertical-plastic-dewatering-machine.webp\" alt=\"m\u00e1quina de desidrata\u00e7\u00e3o pl\u00e1stica vertical\" class=\"wp-image-1324\" srcset=\"https:\/\/www.plasticgranularmachine.com\/wp-content\/uploads\/2022\/07\/vertical-plastic-dewatering-machine.webp 720w, https:\/\/www.plasticgranularmachine.com\/wp-content\/uploads\/2022\/07\/vertical-plastic-dewatering-machine-300x225.webp 300w, https:\/\/www.plasticgranularmachine.com\/wp-content\/uploads\/2022\/07\/vertical-plastic-dewatering-machine-16x12.webp 16w\" sizes=\"auto, (max-width: 720px) 100vw, 720px\" \/><figcaption class=\"wp-element-caption\">m\u00e1quina de desidrata\u00e7\u00e3o pl\u00e1stica vertical<\/figcaption><\/figure> <\/div>   <h3 class=\"wp-block-heading\">Granulador de filme pl\u00e1stico<\/h3>    <p class=\"translation-block\">O <strong><a href=\"https:\/\/www.plasticgranularmachine.com\/pt\/product\/plastic-film-granulator\/\" data-type=\"link\" data-id=\"https:\/\/www.plasticgranularmachine.com\/product\/plastic-film-granulator\/\">granulador de pel\u00edcula pl\u00e1stica<\/a><\/strong> \u00e9 o equipamento chave para a linha de reciclagem de pel\u00edcula pl\u00e1stica. Pode derreter pel\u00edculas pl\u00e1sticas de PP e PE e extrud\u00ed-las em tiras. O granulador de pl\u00e1stico adota controlo autom\u00e1tico de temperatura e sistema de aquecimento eletromagn\u00e9tico. Portanto, tem as caracter\u00edsticas de menos eletricidade, sem polui\u00e7\u00e3o e um alto grau de automa\u00e7\u00e3o. O seguinte \u00e9 o processo de produ\u00e7\u00e3o da m\u00e1quina.<br>Os materiais entram no granulador de pl\u00e1stico pela entrada de alimenta\u00e7\u00e3o. Em seguida, o material derrete sob a a\u00e7\u00e3o de um anel de aquecimento de alta temperatura. Em seguida, o material derretido flui para fora da sa\u00edda da m\u00e1quina principal e entra na m\u00e1quina granuladora auxiliar. Sob a extrus\u00e3o da m\u00e1quina auxiliar, a tira de pl\u00e1stico \u00e9 extrudida da matriz da cabe\u00e7a da m\u00e1quina.<\/p>   <div class=\"wp-block-image\"> <figure class=\"aligncenter size-full\"><img loading=\"lazy\" decoding=\"async\" width=\"720\" height=\"540\" src=\"https:\/\/www.plasticgranularmachine.com\/wp-content\/uploads\/2022\/07\/plastic-granulator.webp\" alt=\"granulador de pl\u00e1stico\" class=\"wp-image-1325\" srcset=\"https:\/\/www.plasticgranularmachine.com\/wp-content\/uploads\/2022\/07\/plastic-granulator.webp 720w, https:\/\/www.plasticgranularmachine.com\/wp-content\/uploads\/2022\/07\/plastic-granulator-300x225.webp 300w, https:\/\/www.plasticgranularmachine.com\/wp-content\/uploads\/2022\/07\/plastic-granulator-16x12.webp 16w\" sizes=\"auto, (max-width: 720px) 100vw, 720px\" \/><figcaption class=\"wp-element-caption\">granulador de pl\u00e1stico<\/figcaption><\/figure> <\/div>   <h3 class=\"wp-block-heading\">M\u00e1quina de corte de pellets<\/h3>    <p>O granulador de filme pl\u00e1stico pode derreter o filme pl\u00e1stico e extrudar a tira pl\u00e1stica. A m\u00e1quina de corte de pellets \u00e9 uma m\u00e1quina que corta tiras de pl\u00e1stico em part\u00edculas de pl\u00e1stico. O objetivo \u00e9 facilitar o armazenamento. O cortador da m\u00e1quina de corte de pellets de pl\u00e1stico \u00e9 feito de metal duro. Portanto, possui alta resist\u00eancia ao desgaste.<\/p>   <div class=\"wp-block-image\"> <figure class=\"aligncenter size-full\"><img loading=\"lazy\" decoding=\"async\" width=\"720\" height=\"540\" src=\"https:\/\/www.plasticgranularmachine.com\/wp-content\/uploads\/2022\/07\/Pellet-cutting-machine1.webp\" alt=\"M\u00e1quina de corte de pellets\" class=\"wp-image-1326\" srcset=\"https:\/\/www.plasticgranularmachine.com\/wp-content\/uploads\/2022\/07\/Pellet-cutting-machine1.webp 720w, https:\/\/www.plasticgranularmachine.com\/wp-content\/uploads\/2022\/07\/Pellet-cutting-machine1-300x225.webp 300w, https:\/\/www.plasticgranularmachine.com\/wp-content\/uploads\/2022\/07\/Pellet-cutting-machine1-16x12.webp 16w\" sizes=\"auto, (max-width: 720px) 100vw, 720px\" \/><figcaption class=\"wp-element-caption\">M\u00e1quina de corte de pellets<\/figcaption><\/figure> <\/div>   <h2 class=\"wp-block-heading\">Vantagens da m\u00e1quina eficiente de reciclagem de filme pl\u00e1stico<\/h2>    <ol class=\"wp-block-list\"> <li>Atendimento exclusivo e personalizado. Podemos ajud\u00e1-lo a projetar uma linha de produ\u00e7\u00e3o de pellets de 200kg\/h a 3.000kg\/h.<\/li>    <li>O consumo de energia de toda a linha de produ\u00e7\u00e3o \u00e9 baixo.<\/li>    <li>Podemos fornecer solu\u00e7\u00f5es de baixo or\u00e7amento para clientes com custos de baixo or\u00e7amento.<\/li>    <li>As m\u00e1quinas autom\u00e1ticas de reciclagem de filme pl\u00e1stico t\u00eam as caracter\u00edsticas de alta efici\u00eancia de produ\u00e7\u00e3o e economia de custos de m\u00e3o de obra.<\/li>    <li>10 anos de experi\u00eancia na produ\u00e7\u00e3o de equipamentos para reciclagem de pl\u00e1stico.<\/li> <\/ol>   <div class=\"wp-block-image\"> <figure class=\"aligncenter size-full\"><img loading=\"lazy\" decoding=\"async\" width=\"720\" height=\"540\" src=\"https:\/\/www.plasticgranularmachine.com\/wp-content\/uploads\/2022\/06\/finished-products.jpg\" alt=\"produtos finalizados\" class=\"wp-image-108\" srcset=\"https:\/\/www.plasticgranularmachine.com\/wp-content\/uploads\/2022\/06\/finished-products.jpg 720w, https:\/\/www.plasticgranularmachine.com\/wp-content\/uploads\/2022\/06\/finished-products-300x225.jpg 300w\" sizes=\"auto, (max-width: 720px) 100vw, 720px\" \/><figcaption class=\"wp-element-caption\">produtos finalizados<\/figcaption><\/figure> <\/div>   <h2 class=\"wp-block-heading\">V\u00eddeo da linha de reciclagem de filme pl\u00e1stico<\/h2>    <figure class=\"wp-block-embed is-type-video is-provider-youtube wp-block-embed-youtube wp-embed-aspect-16-9 wp-has-aspect-ratio\"><div class=\"wp-block-embed__wrapper\"> <iframe loading=\"lazy\" title=\"Linha de reciclagem de filme pl\u00e1stico de alta qualidade: comece sua jornada ecol\u00f3gica\" width=\"500\" height=\"281\" src=\"https:\/\/www.youtube.com\/embed\/zRuD5tD5Ohc?feature=oembed\" frameborder=\"0\" allow=\"accelerometer; autoplay; clipboard-write; encrypted-media; gyroscope; picture-in-picture; web-share\" referrerpolicy=\"strict-origin-when-cross-origin\" allowfullscreen><\/iframe> <\/div><\/figure>    <h2 class=\"wp-block-heading\">Que tipo de filme pl\u00e1stico pode ser reciclado?<\/h2>    <ol class=\"wp-block-list\"> <li>Filme agr\u00edcola. O filme agr\u00edcola inclui principalmente filme mulch e filme de efeito estufa. O filme mulching \u00e9 principalmente filme PE. A f\u00f4rma do galp\u00e3o possui filmes de PE, PE\/EVA e PVC.<\/li>    <li>Filme de embalagem. Os materiais do filme de embalagem incluem celofane, PE, <a href=\"https:\/\/en.wikipedia.org\/wiki\/Polyvinyl_chloride\" target=\"_blank\" rel=\"noopener\">PVC<\/a>, PP, EVA, PVDC, PA, PET e v\u00e1rios filmes compostos.<\/li>    <li>Filme composto pl\u00e1stico de alum\u00ednio. Os filmes compostos de alum\u00ednio e pl\u00e1stico incluem Bopp\/alum\u00ednio, pe\/alum\u00ednio, etc. Eles s\u00e3o a mat\u00e9ria-prima para a embalagem de diversos alimentos.<\/li>    <li>Filme PET. Na ind\u00fastria do pl\u00e1stico, o PET \u00e9 a principal mat\u00e9ria-prima para filmes e garrafas. <\/li> <\/ol>    <h2 class=\"wp-block-heading\">Casos de sucesso de m\u00e1quina de reciclagem de pelotiza\u00e7\u00e3o de pl\u00e1stico<\/h2>    <p>Conclu\u00edmos com sucesso muitos neg\u00f3cios de m\u00e1quinas de reciclagem de pelotiza\u00e7\u00e3o de pl\u00e1stico e temos parceiros em todo o mundo. Temos orgulho em servir muitos pa\u00edses, incluindo Om\u00e3, Nig\u00e9ria, Ar\u00e1bia Saudita, Qu\u00e9nia e Costa do Marfim, e fizemos contribui\u00e7\u00f5es positivas para a ind\u00fastria de reciclagem de pl\u00e1stico nestas regi\u00f5es.<\/p>    <figure class=\"wp-block-gallery has-nested-images columns-default is-cropped wp-block-gallery-2 is-layout-flex wp-block-gallery-is-layout-flex\"> <figure class=\"wp-block-image size-full\"><img loading=\"lazy\" decoding=\"async\" width=\"720\" height=\"540\" data-id=\"1331\" src=\"https:\/\/www.plasticgranularmachine.com\/wp-content\/uploads\/2022\/06\/pelletizing-machine-for-plastic-recycling.webp\" alt=\"m\u00e1quina de pelotiza\u00e7\u00e3o para reciclagem de pl\u00e1stico\" class=\"wp-image-1331\" srcset=\"https:\/\/www.plasticgranularmachine.com\/wp-content\/uploads\/2022\/06\/pelletizing-machine-for-plastic-recycling.webp 720w, https:\/\/www.plasticgranularmachine.com\/wp-content\/uploads\/2022\/06\/pelletizing-machine-for-plastic-recycling-300x225.webp 300w, https:\/\/www.plasticgranularmachine.com\/wp-content\/uploads\/2022\/06\/pelletizing-machine-for-plastic-recycling-16x12.webp 16w\" sizes=\"auto, (max-width: 720px) 100vw, 720px\" \/><figcaption class=\"wp-element-caption\">m\u00e1quina de pelotiza\u00e7\u00e3o para reciclagem de pl\u00e1stico<\/figcaption><\/figure>    <figure class=\"wp-block-image size-large\"><img loading=\"lazy\" decoding=\"async\" width=\"720\" height=\"540\" data-id=\"1335\" src=\"https:\/\/www.plasticgranularmachine.com\/wp-content\/uploads\/2022\/06\/pelletizing-machine-for-plastic-recycling-ship-to-Nigeria.webp\" alt=\"m\u00e1quina de pelotiza\u00e7\u00e3o para reciclagem de pl\u00e1stico navio para a Nig\u00e9ria\" class=\"wp-image-1335\" srcset=\"https:\/\/www.plasticgranularmachine.com\/wp-content\/uploads\/2022\/06\/pelletizing-machine-for-plastic-recycling-ship-to-Nigeria.webp 720w, https:\/\/www.plasticgranularmachine.com\/wp-content\/uploads\/2022\/06\/pelletizing-machine-for-plastic-recycling-ship-to-Nigeria-300x225.webp 300w, https:\/\/www.plasticgranularmachine.com\/wp-content\/uploads\/2022\/06\/pelletizing-machine-for-plastic-recycling-ship-to-Nigeria-16x12.webp 16w\" sizes=\"auto, (max-width: 720px) 100vw, 720px\" \/><figcaption class=\"wp-element-caption\">m\u00e1quina de pelotiza\u00e7\u00e3o para reciclagem de pl\u00e1stico navio para a Nig\u00e9ria<\/figcaption><\/figure> <\/figure>    <p>O cliente da Costa do Marfim comprou uma m\u00e1quina de peletiza\u00e7\u00e3o de pl\u00e1stico da Efficient Machinery para reciclar garrafas de pl\u00e1stico HDPE e PP. Agora, toda a linha de peletiza\u00e7\u00e3o de pl\u00e1stico est\u00e1 funcionando com sucesso. O v\u00eddeo a seguir foi gravado pelos trabalhadores da f\u00e1brica na Costa do Marfim.<\/p>   <div class=\"wp-block-image\"> <figure class=\"aligncenter size-full\"><img loading=\"lazy\" decoding=\"async\" width=\"720\" height=\"540\" src=\"https:\/\/www.plasticgranularmachine.com\/wp-content\/uploads\/2022\/06\/Positive-feedback-from-clients-in-Cote-dIvoire.webp\" alt=\"Feedback positivo de clientes na Costa do Marfim\" class=\"wp-image-1334\" srcset=\"https:\/\/www.plasticgranularmachine.com\/wp-content\/uploads\/2022\/06\/Positive-feedback-from-clients-in-Cote-dIvoire.webp 720w, https:\/\/www.plasticgranularmachine.com\/wp-content\/uploads\/2022\/06\/Positive-feedback-from-clients-in-Cote-dIvoire-300x225.webp 300w, https:\/\/www.plasticgranularmachine.com\/wp-content\/uploads\/2022\/06\/Positive-feedback-from-clients-in-Cote-dIvoire-16x12.webp 16w\" sizes=\"auto, (max-width: 720px) 100vw, 720px\" \/><figcaption class=\"wp-element-caption\">Feedback positivo de clientes na Costa do Marfim<\/figcaption><\/figure> <\/div>   <figure class=\"wp-block-embed is-type-video is-provider-youtube wp-block-embed-youtube wp-embed-aspect-16-9 wp-has-aspect-ratio\"><div class=\"wp-block-embed__wrapper\"> <iframe loading=\"lazy\" title=\"Feedback do cliente! Processo de fabrica\u00e7\u00e3o de gr\u00e2nulos de HDPE na Costa do Marfim\" width=\"500\" height=\"281\" src=\"https:\/\/www.youtube.com\/embed\/44dq-0uQ3V0?start=12&#038;feature=oembed\" frameborder=\"0\" allow=\"accelerometer; autoplay; clipboard-write; encrypted-media; gyroscope; picture-in-picture; web-share\" referrerpolicy=\"strict-origin-when-cross-origin\" allowfullscreen><\/iframe> <\/div><\/figure>    <p>H\u00e1 v\u00e1rios meses, um cliente de Om\u00e3 comprou uma m\u00e1quina peletizadora de pl\u00e1stico do Efficient Group. Agora as m\u00e1quinas j\u00e1 chegaram a Om\u00e3.<\/p>    <figure class=\"wp-block-embed is-type-video is-provider-youtube wp-block-embed-youtube wp-embed-aspect-16-9 wp-has-aspect-ratio\"><div class=\"wp-block-embed__wrapper\"> <iframe loading=\"lazy\" title=\"Parab\u00e9ns! unidade de granula\u00e7\u00e3o de pl\u00e1stico foi enviada para Om\u00e3 com sucesso\" width=\"500\" height=\"281\" src=\"https:\/\/www.youtube.com\/embed\/1toctzBcHWE?feature=oembed\" frameborder=\"0\" allow=\"accelerometer; autoplay; clipboard-write; encrypted-media; gyroscope; picture-in-picture; web-share\" referrerpolicy=\"strict-origin-when-cross-origin\" allowfullscreen><\/iframe> <\/div><\/figure>    <h2 class=\"wp-block-heading\">Obtenha sua pr\u00f3pria incr\u00edvel planta de reciclagem de pl\u00e1stico!<\/h2>    <p>Quando nossos clientes recebem nossas pelotizadoras, eles expressam um alto n\u00edvel de satisfa\u00e7\u00e3o. Alguns clientes at\u00e9 gravaram v\u00eddeos de feedback especificamente para n\u00f3s, compartilhando suas afirma\u00e7\u00f5es sobre o desempenho e a efic\u00e1cia da m\u00e1quina. <\/p>    <p>Se voc\u00ea estiver interessado em m\u00e1quinas de reciclagem de filme pl\u00e1stico, entre em contato conosco agora! Entraremos em contato com voc\u00ea e enviaremos os detalhes da m\u00e1quina em 24 horas.<\/p>","protected":false},"excerpt":{"rendered":"<p>Plastic film recycling line is a production line for recycling all kinds of plastic films, such as plastic bags and woven bags. Our plastic recycling line is very suitable for the crushing, cleaning, drying, granulation and packing of waste pe\/pp films. With the help of this production line, you can easily get clean plastic pellets. [&hellip;]<\/p>\n","protected":false},"author":1,"featured_media":1222,"parent":0,"template":"","tags":[41],"product-type":[10],"class_list":["post-41","product","type-product","status-publish","has-post-thumbnail","hentry","tag-plastic-film-recycling","product-type-solutions"],"_links":{"self":[{"href":"https:\/\/www.plasticgranularmachine.com\/pt\/wp-json\/wp\/v2\/product\/41","targetHints":{"allow":["GET"]}}],"collection":[{"href":"https:\/\/www.plasticgranularmachine.com\/pt\/wp-json\/wp\/v2\/product"}],"about":[{"href":"https:\/\/www.plasticgranularmachine.com\/pt\/wp-json\/wp\/v2\/types\/product"}],"author":[{"embeddable":true,"href":"https:\/\/www.plasticgranularmachine.com\/pt\/wp-json\/wp\/v2\/users\/1"}],"wp:featuredmedia":[{"embeddable":true,"href":"https:\/\/www.plasticgranularmachine.com\/pt\/wp-json\/wp\/v2\/media\/1222"}],"wp:attachment":[{"href":"https:\/\/www.plasticgranularmachine.com\/pt\/wp-json\/wp\/v2\/media?parent=41"}],"wp:term":[{"taxonomy":"post_tag","embeddable":true,"href":"https:\/\/www.plasticgranularmachine.com\/pt\/wp-json\/wp\/v2\/tags?post=41"},{"taxonomy":"product-type","embeddable":true,"href":"https:\/\/www.plasticgranularmachine.com\/pt\/wp-json\/wp\/v2\/product-type?post=41"}],"curies":[{"name":"wp","href":"https:\/\/api.w.org\/{rel}","templated":true}]}}