{"id":425,"date":"2022-11-28T16:48:30","date_gmt":"2022-11-28T08:48:30","guid":{"rendered":"https:\/\/www.plasticgranularmachine.com\/?post_type=product&#038;p=425"},"modified":"2025-03-31T11:25:11","modified_gmt":"2025-03-31T03:25:11","slug":"eps-hot-melting-recycling-machine","status":"publish","type":"product","link":"https:\/\/www.plasticgranularmachine.com\/pt\/product\/eps-hot-melting-recycling-machine\/","title":{"rendered":"M\u00e1quina de reciclagem de fus\u00e3o a quente EPS\u00a0| M\u00e1quina de derretimento de espuma EPS"},"content":{"rendered":"<p>A m\u00e1quina de reciclagem de fus\u00e3o a quente EPS pode comprimir e derreter o bloco de espuma EPS em uma longa tira de espuma com uma pegada pequena. O isopor derretido pode ser usado para fazer outros produtos pl\u00e1sticos.<\/p>    <p class=\"translation-block\">A m\u00e1quina de reciclagem de fus\u00e3o a quente de EPS, tamb\u00e9m chamada de m\u00e1quina de fus\u00e3o de espuma EPS, \u00e9 um equipamento importante na <a href=\"https:\/\/www.plasticgranularmachine.com\/pt\/product\/eps-recycling-machine\/\">m\u00e1quina de reciclagem de EPS<\/a> e desempenha um papel importante no processo de reciclagem de EPS. Muitas pessoas n\u00e3o sabem que a espuma pode ser derretida e que a temperatura de fus\u00e3o do EPS \u00e9 de 150 graus. <\/p>   <div class=\"wp-block-image\"> <figure class=\"aligncenter size-full is-resized\"><img loading=\"lazy\" decoding=\"async\" width=\"720\" height=\"540\" src=\"https:\/\/www.plasticgranularmachine.com\/wp-content\/uploads\/2022\/11\/EPS-Hot-Melting-Recycling-Machine-2.webp\" alt=\"M\u00e1quina de reciclagem de fus\u00e3o a quente EPS\" class=\"wp-image-1049\" style=\"width:720px;height:auto\" srcset=\"https:\/\/www.plasticgranularmachine.com\/wp-content\/uploads\/2022\/11\/EPS-Hot-Melting-Recycling-Machine-2.webp 720w, https:\/\/www.plasticgranularmachine.com\/wp-content\/uploads\/2022\/11\/EPS-Hot-Melting-Recycling-Machine-2-300x225.webp 300w, https:\/\/www.plasticgranularmachine.com\/wp-content\/uploads\/2022\/11\/EPS-Hot-Melting-Recycling-Machine-2-16x12.webp 16w\" sizes=\"auto, (max-width: 720px) 100vw, 720px\" \/><figcaption class=\"wp-element-caption\">M\u00e1quina de reciclagem de fus\u00e3o a quente EPS<\/figcaption><\/figure> <\/div>   <h2 class=\"wp-block-heading\">Por que usar a m\u00e1quina de reciclagem de fus\u00e3o a quente EPS?<\/h2>    <p>\u00c0 medida que os pa\u00edses prestam mais aten\u00e7\u00e3o \u00e0 prote\u00e7\u00e3o ambiental, a ind\u00fastria de reciclagem de res\u00edduos pl\u00e1sticos tem-se desenvolvido rapidamente. Al\u00e9m dos filmes pl\u00e1sticos e garrafas pl\u00e1sticas comuns, cada vez mais pessoas est\u00e3o engajadas na reciclagem de poliestireno expandido. A espuma EPS \u00e9 amplamente utilizada na ind\u00fastria de embalagens, mas \u00e9 volumosa e dif\u00edcil de transportar. <\/p>    <p class=\"translation-block\">Para facilitar o transporte do esferovite, a <a href=\"https:\/\/www.plasticgranularmachine.com\/pt\/\">Efficient Machinery<\/a> desenvolveu uma nova m\u00e1quina que pode derreter e compactar rapidamente a espuma EPS usada. A espuma EPS derretida \u00e9 f\u00e1cil de transportar e armazenar. Al\u00e9m disso, a espuma derretida pode ir diretamente para o sistema de moagem de espuma EPS na linha de processo de reciclagem de EPS.<\/p>   <div class=\"wp-block-image\"> <figure class=\"aligncenter size-full\"><img loading=\"lazy\" decoding=\"async\" width=\"720\" height=\"540\" src=\"https:\/\/www.plasticgranularmachine.com\/wp-content\/uploads\/2022\/11\/EPS-foam-melting-machine.webp\" alt=\"M\u00e1quina de derretimento de espuma EPS\" class=\"wp-image-1168\" srcset=\"https:\/\/www.plasticgranularmachine.com\/wp-content\/uploads\/2022\/11\/EPS-foam-melting-machine.webp 720w, https:\/\/www.plasticgranularmachine.com\/wp-content\/uploads\/2022\/11\/EPS-foam-melting-machine-300x225.webp 300w, https:\/\/www.plasticgranularmachine.com\/wp-content\/uploads\/2022\/11\/EPS-foam-melting-machine-16x12.webp 16w\" sizes=\"auto, (max-width: 720px) 100vw, 720px\" \/><figcaption class=\"wp-element-caption\">M\u00e1quina de derretimento de espuma EPS<\/figcaption><\/figure> <\/div>   <h2 class=\"wp-block-heading\">Vantagens da m\u00e1quina de fus\u00e3o a quente EPS<\/h2>    <ol class=\"wp-block-list\"> <li>A m\u00e1quina de reciclagem por fus\u00e3o a quente EPS tem as caracter\u00edsticas de opera\u00e7\u00e3o simples, pegada pequena e transporte conveniente de produtos acabados.<\/li>    <li>A fun\u00e7\u00e3o de controle autom\u00e1tico de temperatura pode evitar anormalidades no processo de trabalho para atingir o efeito de fus\u00e3o esperado.<\/li>    <li>A pot\u00eancia da m\u00e1quina est\u00e1 entre 18,5-22,5 kW. Com recursos de economia de energia e economia de energia.<\/li>    <li>Uma variedade de m\u00e1quinas de fus\u00e3o a quente EPS de diferentes sa\u00eddas para venda (100 kg por hora a 250 kg por hora). Os clientes podem escolher a m\u00e1quina certa de acordo com suas necessidades.<\/li>    <li>A m\u00e1quina EPS n\u00e3o altera as propriedades f\u00edsicas da espuma EPS, o que favorece uma maior reciclagem.<\/li>    <li>A m\u00e1quina \u00e9 feita de material de alta qualidade, que tem uma longa vida \u00fatil e resist\u00eancia ao desgaste<\/li> <\/ol>   <div class=\"wp-block-image\"> <figure class=\"aligncenter size-full\"><img loading=\"lazy\" decoding=\"async\" width=\"720\" height=\"540\" src=\"https:\/\/www.plasticgranularmachine.com\/wp-content\/uploads\/2022\/11\/styrofoam-densifier-in-plant.webp\" alt=\"densificador de isopor em planta\" class=\"wp-image-1169\" srcset=\"https:\/\/www.plasticgranularmachine.com\/wp-content\/uploads\/2022\/11\/styrofoam-densifier-in-plant.webp 720w, https:\/\/www.plasticgranularmachine.com\/wp-content\/uploads\/2022\/11\/styrofoam-densifier-in-plant-300x225.webp 300w, https:\/\/www.plasticgranularmachine.com\/wp-content\/uploads\/2022\/11\/styrofoam-densifier-in-plant-16x12.webp 16w\" sizes=\"auto, (max-width: 720px) 100vw, 720px\" \/><figcaption class=\"wp-element-caption\">densificador de isopor em planta<\/figcaption><\/figure> <\/div>   <h2 class=\"wp-block-heading\">V\u00eddeo da m\u00e1quina de derretimento de espuma EPS<\/h2>    <figure class=\"wp-block-embed is-type-video is-provider-youtube wp-block-embed-youtube wp-embed-aspect-16-9 wp-has-aspect-ratio\"><div class=\"wp-block-embed__wrapper\"> <iframe loading=\"lazy\" title=\"M\u00e1quina de reciclagem de fus\u00e3o a quente EPS | Como funciona uma m\u00e1quina de reciclagem de fus\u00e3o a quente EPS?\" width=\"500\" height=\"281\" src=\"https:\/\/www.youtube.com\/embed\/V0gvqkG6NeY?feature=oembed\" frameborder=\"0\" allow=\"accelerometer; autoplay; clipboard-write; encrypted-media; gyroscope; picture-in-picture; web-share\" referrerpolicy=\"strict-origin-when-cross-origin\" allowfullscreen><\/iframe> <\/div><figcaption class=\"wp-element-caption\">Processo de trabalho da m\u00e1quina de reciclagem de fus\u00e3o a quente EPS<\/figcaption><\/figure>    <h2 class=\"wp-block-heading\">Escopo de aplica\u00e7\u00e3o da m\u00e1quina de fus\u00e3o de espuma EPS<\/h2>    <p class=\"translation-block\">Esta m\u00e1quina de reciclagem de fus\u00e3o a quente de EPS pode derreter e aglomerar muitos tipos de materiais de espuma, como EPS, EPP, EPE e <a href=\"https:\/\/en.wikipedia.org\/wiki\/Ethylene-vinyl_acetate\" target=\"_blank\" rel=\"noopener\">EVA<\/a> a altas temperaturas. Materiais de espuma comuns s\u00e3o caixas de comida r\u00e1pida, caixas de embalagem, etc. Assim, a m\u00e1quina \u00e9 adequada para v\u00e1rias f\u00e1bricas de reciclagem de pl\u00e1stico.<\/p>    <p class=\"translation-block\">\u00c9 normalmente utilizada com um <a href=\"https:\/\/www.plasticgranularmachine.com\/pt\/product\/foam-crushing-machine\/\" data-type=\"link\" data-id=\"https:\/\/www.plasticgranularmachine.com\/product\/foam-crushing-machine\/\">triturador de espuma<\/a> para pr\u00e9-tratar a espuma antes da granula\u00e7\u00e3o. As m\u00e1quinas de reciclagem de fus\u00e3o a quente de EPS s\u00e3o oferecidas em v\u00e1rios modelos para atender \u00e0s necessidades de produ\u00e7\u00e3o de diferentes linhas de reciclagem de espuma.<\/p>   <div class=\"wp-block-image\"> <figure class=\"aligncenter size-full\"><img loading=\"lazy\" decoding=\"async\" width=\"750\" height=\"795\" src=\"https:\/\/www.plasticgranularmachine.com\/wp-content\/uploads\/2022\/11\/application-scope.webp\" alt=\"escopo de aplica\u00e7\u00e3o\" class=\"wp-image-428\" srcset=\"https:\/\/www.plasticgranularmachine.com\/wp-content\/uploads\/2022\/11\/application-scope.webp 750w, https:\/\/www.plasticgranularmachine.com\/wp-content\/uploads\/2022\/11\/application-scope-283x300.webp 283w\" sizes=\"auto, (max-width: 750px) 100vw, 750px\" \/><figcaption class=\"wp-element-caption\">escopo de aplica\u00e7\u00e3o<\/figcaption><\/figure> <\/div>   <h2 class=\"wp-block-heading\">Qual \u00e9 o princ\u00edpio de funcionamento da m\u00e1quina?<\/h2>    <p>A m\u00e1quina de fus\u00e3o a quente de espuma adota principalmente a estrutura de uma placa de tra\u00e7\u00e3o, e o calor da placa de aquecimento \u00e9 transmitido para a superf\u00edcie fundida do pl\u00e1stico superior e inferior pelo m\u00e9todo de aquecimento el\u00e9trico. <\/p>    <p>Em seguida, faz sua superf\u00edcie derreter e, em seguida, funde e solidifica a superf\u00edcie fundida das pe\u00e7as de aquecimento superior e inferior e, em seguida, combina-as em uma s\u00f3. <\/p>    <p>Todo o corpo da m\u00e1quina tem a forma de uma moldura, composta principalmente por tr\u00eas placas: o gabarito superior, o gabarito inferior e o gabarito quente. <\/p>    <p>A m\u00e1quina de reciclagem por fus\u00e3o a quente eps depende principalmente do controle pneum\u00e1tico. Na soldagem, a pe\u00e7a \u00e9 colocada nos moldes de duas cavidades e a placa de aquecimento \u00e9 colocada entre a espuma. Quando a temperatura da placa de aquecimento aumenta, a espuma EPS come\u00e7a a derreter.<\/p>   <div class=\"wp-block-image\"> <figure class=\"aligncenter size-full\"><img loading=\"lazy\" decoding=\"async\" width=\"720\" height=\"540\" src=\"https:\/\/www.plasticgranularmachine.com\/wp-content\/uploads\/2022\/11\/eps-hot-melting-machine.webp\" alt=\"m\u00e1quina de derretimento a quente eps\" class=\"wp-image-429\" srcset=\"https:\/\/www.plasticgranularmachine.com\/wp-content\/uploads\/2022\/11\/eps-hot-melting-machine.webp 720w, https:\/\/www.plasticgranularmachine.com\/wp-content\/uploads\/2022\/11\/eps-hot-melting-machine-300x225.webp 300w\" sizes=\"auto, (max-width: 720px) 100vw, 720px\" \/><figcaption class=\"wp-element-caption\">M\u00e1quina de fus\u00e3o a quente EPS<\/figcaption><\/figure> <\/div>   <h2 class=\"wp-block-heading\">Dados T\u00e9cnicos da M\u00e1quina de Reciclagem de Fus\u00e3o a Quente EPS<\/h2>    <figure class=\"wp-block-table\"><table><tbody><tr><td>Tipo<\/td><td>Dimens\u00f5es externas (mm)<\/td><td>Tamanho da porta de alimenta\u00e7\u00e3o (mm)<\/td><td>Pot\u00eancia de entrada (kW)<\/td><td>Capacidade (kg\/h)<\/td><\/tr><tr><td>SL-220<\/td><td>1500*800*1450<\/td><td>450*600<\/td><td>15<\/td><td>100-150<\/td><\/tr><tr><td>SL-880<\/td><td>1580*1300*850<\/td><td>800*600<\/td><td>18.5<\/td><td>150-200<\/td><\/tr><tr><td>SL-1000<\/td><td>1900*1580*900<\/td><td>1000*700<\/td><td>22<\/td><td>200-250<\/td><\/tr><\/tbody><\/table><figcaption class=\"wp-element-caption\">Par\u00e2metros de algumas m\u00e1quinas de fus\u00e3o de isopor mais vendidas<\/figcaption><\/figure>    <p>Estas s\u00e3o tr\u00eas das m\u00e1quinas de reciclagem de EPS mais vendidas da Efficient. Al\u00e9m destes tr\u00eas modelos, tamb\u00e9m temos uma variedade de m\u00e1quinas de derretimento de EPS \u00e0 venda. Al\u00e9m disso, tamb\u00e9m oferecemos servi\u00e7o personalizado. Se precisar desta m\u00e1quina, n\u00e3o hesite em nos contactar.<\/p>   <div class=\"wp-block-image\"> <figure class=\"aligncenter size-full\"><img loading=\"lazy\" decoding=\"async\" width=\"720\" height=\"540\" src=\"https:\/\/www.plasticgranularmachine.com\/wp-content\/uploads\/2022\/08\/eps-foam-after-crushing.jpg\" alt=\"espuma eps ap\u00f3s esmagamento\" class=\"wp-image-345\" srcset=\"https:\/\/www.plasticgranularmachine.com\/wp-content\/uploads\/2022\/08\/eps-foam-after-crushing.jpg 720w, https:\/\/www.plasticgranularmachine.com\/wp-content\/uploads\/2022\/08\/eps-foam-after-crushing-300x225.jpg 300w\" sizes=\"auto, (max-width: 720px) 100vw, 720px\" \/><figcaption class=\"wp-element-caption\">espuma eps ap\u00f3s esmagamento<\/figcaption><\/figure> <\/div>   <h2 class=\"wp-block-heading\">Algo sobre envio<\/h2>    <ul class=\"wp-block-list\"> <li>O prazo de entrega para m\u00e1quinas personalizadas \u00e9 de aproximadamente 20 dias.<\/li>    <li>Relate regularmente o progresso da produ\u00e7\u00e3o e envie os v\u00eddeos da m\u00e1quina de teste.<\/li>    <li>Envio atrav\u00e9s de log\u00edstica internacional.<\/li>    <li>Podemos fornecer suporte t\u00e9cnico e servi\u00e7os de instala\u00e7\u00e3o no local ap\u00f3s a chegada das m\u00e1quinas.<\/li>    <li>\u00c9 fornecida uma garantia de um ano.<\/li> <\/ul>    <p>Ent\u00e3o, o que voc\u00ea est\u00e1 esperando? Consulte agora e aproveite o pre\u00e7o com desconto. Se estiver interessado, n\u00e3o hesite em nos contatar para essas m\u00e1quinas de reciclagem confi\u00e1veis.<\/p>","protected":false},"excerpt":{"rendered":"<p>A m\u00e1quina de reciclagem de fus\u00e3o a quente EPS pode compactar e derreter espuma. A m\u00e1quina ocupa pouco espa\u00e7o e possui alta efici\u00eancia de trabalho.<\/p>","protected":false},"author":1,"featured_media":1166,"parent":0,"template":"","tags":[33],"product-type":[4],"class_list":["post-425","product","type-product","status-publish","has-post-thumbnail","hentry","tag-styrofoam-recycling","product-type-crushing-machine"],"_links":{"self":[{"href":"https:\/\/www.plasticgranularmachine.com\/pt\/wp-json\/wp\/v2\/product\/425","targetHints":{"allow":["GET"]}}],"collection":[{"href":"https:\/\/www.plasticgranularmachine.com\/pt\/wp-json\/wp\/v2\/product"}],"about":[{"href":"https:\/\/www.plasticgranularmachine.com\/pt\/wp-json\/wp\/v2\/types\/product"}],"author":[{"embeddable":true,"href":"https:\/\/www.plasticgranularmachine.com\/pt\/wp-json\/wp\/v2\/users\/1"}],"wp:featuredmedia":[{"embeddable":true,"href":"https:\/\/www.plasticgranularmachine.com\/pt\/wp-json\/wp\/v2\/media\/1166"}],"wp:attachment":[{"href":"https:\/\/www.plasticgranularmachine.com\/pt\/wp-json\/wp\/v2\/media?parent=425"}],"wp:term":[{"taxonomy":"post_tag","embeddable":true,"href":"https:\/\/www.plasticgranularmachine.com\/pt\/wp-json\/wp\/v2\/tags?post=425"},{"taxonomy":"product-type","embeddable":true,"href":"https:\/\/www.plasticgranularmachine.com\/pt\/wp-json\/wp\/v2\/product-type?post=425"}],"curies":[{"name":"wp","href":"https:\/\/api.w.org\/{rel}","templated":true}]}}