{"id":436,"date":"2022-12-09T14:32:01","date_gmt":"2022-12-09T06:32:01","guid":{"rendered":"https:\/\/www.plasticgranularmachine.com\/?post_type=product&#038;p=436"},"modified":"2025-02-06T14:35:44","modified_gmt":"2025-02-06T06:35:44","slug":"plastic-film-washing-machine","status":"publish","type":"product","link":"https:\/\/www.plasticgranularmachine.com\/pt\/product\/plastic-film-washing-machine\/","title":{"rendered":"M\u00e1quina de lavar filme pl\u00e1stico"},"content":{"rendered":"<p class=\"translation-block\">A m\u00e1quina de lavar filme pl\u00e1stico pode remover as impurezas e manchas presas ao filme pl\u00e1stico e \u00e9 uma m\u00e1quina importante na <a href=\"https:\/\/www.plasticgranularmachine.com\/pt\/product\/plastic-film-recycling-line\/\">linha de reciclagem de filme PE PP<\/a>. Pode enxaguar o filme pl\u00e1stico. Atrav\u00e9s da limpeza, o sedimento e o solo presos ser\u00e3o depositados no fundo do tanque. Somente o filme pl\u00e1stico limpo pode ter um efeito de granula\u00e7\u00e3o melhor.<\/p>    <figure class=\"wp-block-gallery has-nested-images columns-default is-cropped wp-block-gallery-2 is-layout-flex wp-block-gallery-is-layout-flex\"> <figure class=\"wp-block-image size-full\"><img loading=\"lazy\" decoding=\"async\" width=\"720\" height=\"540\" data-id=\"1488\" src=\"https:\/\/www.plasticgranularmachine.com\/wp-content\/uploads\/2022\/12\/PP-PE-films-to-be-recycled.webp\" alt=\"Filmes PP PE a serem reciclados\" class=\"wp-image-1488\" srcset=\"https:\/\/www.plasticgranularmachine.com\/wp-content\/uploads\/2022\/12\/PP-PE-films-to-be-recycled.webp 720w, https:\/\/www.plasticgranularmachine.com\/wp-content\/uploads\/2022\/12\/PP-PE-films-to-be-recycled-300x225.webp 300w, https:\/\/www.plasticgranularmachine.com\/wp-content\/uploads\/2022\/12\/PP-PE-films-to-be-recycled-16x12.webp 16w\" sizes=\"auto, (max-width: 720px) 100vw, 720px\" \/><figcaption class=\"wp-element-caption\">Filmes PP PE a serem reciclados<\/figcaption><\/figure>    <figure class=\"wp-block-image size-large\"><img loading=\"lazy\" decoding=\"async\" width=\"720\" height=\"540\" data-id=\"1487\" src=\"https:\/\/www.plasticgranularmachine.com\/wp-content\/uploads\/2022\/12\/PP-film-recycling-line-2.webp\" alt=\"Linha de reciclagem de filme PP\" class=\"wp-image-1487\" srcset=\"https:\/\/www.plasticgranularmachine.com\/wp-content\/uploads\/2022\/12\/PP-film-recycling-line-2.webp 720w, https:\/\/www.plasticgranularmachine.com\/wp-content\/uploads\/2022\/12\/PP-film-recycling-line-2-300x225.webp 300w, https:\/\/www.plasticgranularmachine.com\/wp-content\/uploads\/2022\/12\/PP-film-recycling-line-2-16x12.webp 16w\" sizes=\"auto, (max-width: 720px) 100vw, 720px\" \/><figcaption class=\"wp-element-caption\">Linha de reciclagem de filme PP<\/figcaption><\/figure>    <figure class=\"wp-block-image size-full\"><img loading=\"lazy\" decoding=\"async\" width=\"720\" height=\"540\" data-id=\"1486\" src=\"https:\/\/www.plasticgranularmachine.com\/wp-content\/uploads\/2022\/12\/high-purity-plastic-film-pieces.webp\" alt=\"pe\u00e7as de filme pl\u00e1stico de alta pureza\" class=\"wp-image-1486\" srcset=\"https:\/\/www.plasticgranularmachine.com\/wp-content\/uploads\/2022\/12\/high-purity-plastic-film-pieces.webp 720w, https:\/\/www.plasticgranularmachine.com\/wp-content\/uploads\/2022\/12\/high-purity-plastic-film-pieces-300x225.webp 300w, https:\/\/www.plasticgranularmachine.com\/wp-content\/uploads\/2022\/12\/high-purity-plastic-film-pieces-16x12.webp 16w\" sizes=\"auto, (max-width: 720px) 100vw, 720px\" \/><figcaption class=\"wp-element-caption\">pe\u00e7as de filme pl\u00e1stico de alta pureza<\/figcaption><\/figure> <\/figure>    <h2 class=\"wp-block-heading\">Princ\u00edpio de funcionamento da m\u00e1quina de lavar filme pl\u00e1stico<\/h2>    <p class=\"translation-block\">O princ\u00edpio da m\u00e1quina de lavar filme PE \u00e9 muito simples. Existem v\u00e1rias placas com dentes dentro da m\u00e1quina de lavar sucata pl\u00e1stica. Durante a opera\u00e7\u00e3o da m\u00e1quina, a placa dentada ir\u00e1 girar e empurrar o filme PP PE para frente. Quando o material move-se de uma extremidade \u00e0 outra, o filme pl\u00e1stico \u00e9 enxaguado limpo. Deve-se notar que o filme pl\u00e1stico a ser limpo deve ser o filme pl\u00e1stico triturado pelo <a href=\"https:\/\/www.plasticgranularmachine.com\/pt\/product\/plastic-film-crusher\/\">moedor de filme pl\u00e1stico<\/a>.<\/p>    <figure class=\"wp-block-gallery has-nested-images columns-default is-cropped wp-block-gallery-3 is-layout-flex wp-block-gallery-is-layout-flex\"> <figure class=\"wp-block-image size-full\"><img loading=\"lazy\" decoding=\"async\" width=\"720\" height=\"540\" data-id=\"1490\" src=\"https:\/\/www.plasticgranularmachine.com\/wp-content\/uploads\/2022\/12\/pe-film-washing-machine.webp\" alt=\"m\u00e1quina de lavar filme PE\" class=\"wp-image-1490\" srcset=\"https:\/\/www.plasticgranularmachine.com\/wp-content\/uploads\/2022\/12\/pe-film-washing-machine.webp 720w, https:\/\/www.plasticgranularmachine.com\/wp-content\/uploads\/2022\/12\/pe-film-washing-machine-300x225.webp 300w, https:\/\/www.plasticgranularmachine.com\/wp-content\/uploads\/2022\/12\/pe-film-washing-machine-16x12.webp 16w\" sizes=\"auto, (max-width: 720px) 100vw, 720px\" \/><figcaption class=\"wp-element-caption\">m\u00e1quina de lavar filme PE<\/figcaption><\/figure>    <figure class=\"wp-block-image size-large\"><img loading=\"lazy\" decoding=\"async\" width=\"720\" height=\"541\" data-id=\"1489\" src=\"https:\/\/www.plasticgranularmachine.com\/wp-content\/uploads\/2022\/12\/plastic-film-washing-machine-1.webp\" alt=\"m\u00e1quina de lavar filme pl\u00e1stico\" class=\"wp-image-1489\" srcset=\"https:\/\/www.plasticgranularmachine.com\/wp-content\/uploads\/2022\/12\/plastic-film-washing-machine-1.webp 720w, https:\/\/www.plasticgranularmachine.com\/wp-content\/uploads\/2022\/12\/plastic-film-washing-machine-1-300x225.webp 300w, https:\/\/www.plasticgranularmachine.com\/wp-content\/uploads\/2022\/12\/plastic-film-washing-machine-1-16x12.webp 16w\" sizes=\"auto, (max-width: 720px) 100vw, 720px\" \/><figcaption class=\"wp-element-caption\">m\u00e1quina de lavar filme pl\u00e1stico<\/figcaption><\/figure> <\/figure>    <figure class=\"wp-block-gallery has-nested-images columns-default is-cropped wp-block-gallery-4 is-layout-flex wp-block-gallery-is-layout-flex\"> <figure class=\"wp-block-image size-full\"><img loading=\"lazy\" decoding=\"async\" width=\"720\" height=\"540\" data-id=\"1492\" src=\"https:\/\/www.plasticgranularmachine.com\/wp-content\/uploads\/2022\/12\/rotary-pushers-of-plastic-film-washing-machine.webp\" alt=\"empurradores rotativos da m\u00e1quina de lavar filme pl\u00e1stico\" class=\"wp-image-1492\" srcset=\"https:\/\/www.plasticgranularmachine.com\/wp-content\/uploads\/2022\/12\/rotary-pushers-of-plastic-film-washing-machine.webp 720w, https:\/\/www.plasticgranularmachine.com\/wp-content\/uploads\/2022\/12\/rotary-pushers-of-plastic-film-washing-machine-300x225.webp 300w, https:\/\/www.plasticgranularmachine.com\/wp-content\/uploads\/2022\/12\/rotary-pushers-of-plastic-film-washing-machine-16x12.webp 16w\" sizes=\"auto, (max-width: 720px) 100vw, 720px\" \/><figcaption class=\"wp-element-caption\">empurradores rotativos da m\u00e1quina de lavar filme pl\u00e1stico<\/figcaption><\/figure>    <figure class=\"wp-block-image size-full\"><img loading=\"lazy\" decoding=\"async\" width=\"720\" height=\"540\" data-id=\"1493\" src=\"https:\/\/www.plasticgranularmachine.com\/wp-content\/uploads\/2022\/12\/toothed-plates-of-the-pe-film-washing-machine.webp\" alt=\"placas dentadas da m\u00e1quina de lavar filme PE\" class=\"wp-image-1493\" srcset=\"https:\/\/www.plasticgranularmachine.com\/wp-content\/uploads\/2022\/12\/toothed-plates-of-the-pe-film-washing-machine.webp 720w, https:\/\/www.plasticgranularmachine.com\/wp-content\/uploads\/2022\/12\/toothed-plates-of-the-pe-film-washing-machine-300x225.webp 300w, https:\/\/www.plasticgranularmachine.com\/wp-content\/uploads\/2022\/12\/toothed-plates-of-the-pe-film-washing-machine-16x12.webp 16w\" sizes=\"auto, (max-width: 720px) 100vw, 720px\" \/><figcaption class=\"wp-element-caption\">placas dentadas da m\u00e1quina de lavar filme PE<\/figcaption><\/figure> <\/figure>    <h2 class=\"wp-block-heading\">Par\u00e2metros da m\u00e1quina de lavar filme PE<\/h2>    <p>Abaixo est\u00e3o alguns par\u00e2metros de m\u00e1quinas de lavar filme pl\u00e1stico para refer\u00eancia, forneceremos m\u00e1quinas de lavar filme PP PE personalizadas de acordo com a produ\u00e7\u00e3o real. Por favor, deixe-nos saber seus requisitos de produ\u00e7\u00e3o!<\/p>    <figure class=\"wp-block-table aligncenter\"><table class=\"has-fixed-layout\"><tbody><tr><td>Nome<\/td><td>M\u00e1quina de lavar pl\u00e1stica<\/td><\/tr><tr><td>Tamanho<\/td><td>15-20m<\/td><\/tr><tr><td>Pot\u00eancia do motor<\/td><td>3KW<\/td><\/tr><tr><td>Mat\u00e9rias-primas<\/td><td>PP, PE, PET, LDPE, etc.<\/td><\/tr><tr><td>Fun\u00e7\u00e3o<\/td><td>Limpe filmes PP PE e melhore a pureza<\/td><\/tr><tr><td>Servi\u00e7os<\/td><td>Personalizado, garantia de um ano e suporte t\u00e9cnico<\/td><\/tr><\/tbody><\/table><\/figure>   <div class=\"wp-block-image\"> <figure class=\"aligncenter size-full\"><img loading=\"lazy\" decoding=\"async\" width=\"720\" height=\"540\" src=\"https:\/\/www.plasticgranularmachine.com\/wp-content\/uploads\/2022\/12\/plastic-washing-machine.webp\" alt=\"m\u00e1quina de lavar pl\u00e1stico\" class=\"wp-image-1494\" srcset=\"https:\/\/www.plasticgranularmachine.com\/wp-content\/uploads\/2022\/12\/plastic-washing-machine.webp 720w, https:\/\/www.plasticgranularmachine.com\/wp-content\/uploads\/2022\/12\/plastic-washing-machine-300x225.webp 300w, https:\/\/www.plasticgranularmachine.com\/wp-content\/uploads\/2022\/12\/plastic-washing-machine-16x12.webp 16w\" sizes=\"auto, (max-width: 720px) 100vw, 720px\" \/><figcaption class=\"wp-element-caption\">m\u00e1quina de lavar pl\u00e1stico<\/figcaption><\/figure> <\/div>   <h2 class=\"wp-block-heading\">Quais s\u00e3o as vantagens da m\u00e1quina de lavar sucata de pl\u00e1stico?<\/h2>    <ol class=\"wp-block-list\"> <li>O limpador de pl\u00e1stico \u00e9 feito de a\u00e7o inoxid\u00e1vel, que n\u00e3o enferruja facilmente.<\/li>    <li>Servi\u00e7os personalizados podem ser fornecidos. Podemos personaliz\u00e1-lo de acordo com nossas necessidades.<\/li>    <li>Bom efeito de limpeza. O filme pl\u00e1stico limpo \u00e9 livre de impurezas, sem emaranhamento e sem quebra.<\/li>    <li>Perfeitamente conectado com secadores de pl\u00e1stico, etc., e usado em conjunto para aumentar a efici\u00eancia da reciclagem de filme pl\u00e1stico.<\/li> <\/ol>    <figure class=\"wp-block-gallery has-nested-images columns-default is-cropped wp-block-gallery-5 is-layout-flex wp-block-gallery-is-layout-flex\"> <figure class=\"wp-block-image size-large\"><img loading=\"lazy\" decoding=\"async\" width=\"720\" height=\"540\" data-id=\"1496\" src=\"https:\/\/www.plasticgranularmachine.com\/wp-content\/uploads\/2022\/12\/plastic-scrap-washing-machine.webp\" alt=\"m\u00e1quina de lavar sucata de pl\u00e1stico\" class=\"wp-image-1496\" srcset=\"https:\/\/www.plasticgranularmachine.com\/wp-content\/uploads\/2022\/12\/plastic-scrap-washing-machine.webp 720w, https:\/\/www.plasticgranularmachine.com\/wp-content\/uploads\/2022\/12\/plastic-scrap-washing-machine-300x225.webp 300w, https:\/\/www.plasticgranularmachine.com\/wp-content\/uploads\/2022\/12\/plastic-scrap-washing-machine-16x12.webp 16w\" sizes=\"auto, (max-width: 720px) 100vw, 720px\" \/><figcaption class=\"wp-element-caption\">m\u00e1quina de lavar sucata de pl\u00e1stico<\/figcaption><\/figure>    <figure class=\"wp-block-image size-large\"><img loading=\"lazy\" decoding=\"async\" width=\"720\" height=\"540\" data-id=\"1495\" src=\"https:\/\/www.plasticgranularmachine.com\/wp-content\/uploads\/2022\/12\/pe-film-washing-machine-with-vertical-plastic-dryer.webp\" alt=\"m\u00e1quina de lavar filme pe com secador de pl\u00e1stico vertical\" class=\"wp-image-1495\" srcset=\"https:\/\/www.plasticgranularmachine.com\/wp-content\/uploads\/2022\/12\/pe-film-washing-machine-with-vertical-plastic-dryer.webp 720w, https:\/\/www.plasticgranularmachine.com\/wp-content\/uploads\/2022\/12\/pe-film-washing-machine-with-vertical-plastic-dryer-300x225.webp 300w, https:\/\/www.plasticgranularmachine.com\/wp-content\/uploads\/2022\/12\/pe-film-washing-machine-with-vertical-plastic-dryer-16x12.webp 16w\" sizes=\"auto, (max-width: 720px) 100vw, 720px\" \/><figcaption class=\"wp-element-caption\">m\u00e1quina de lavar filme pe com secador de pl\u00e1stico vertical<\/figcaption><\/figure> <\/figure>    <h2 class=\"wp-block-heading\">\u00c2mbito de aplica\u00e7\u00e3o da m\u00e1quina de lavar filme pl\u00e1stico<\/h2>    <p class=\"translation-block\">A nossa m\u00e1quina de lavagem de pl\u00e1stico PP PE LDPE n\u00e3o \u00e9 apenas adequada para limpar filmes pl\u00e1sticos, mas tamb\u00e9m para limpar flocos pl\u00e1sticos. Quer o seu material seja PE, <a href=\"https:\/\/en.wikipedia.org\/wiki\/Polypropylene\" target=\"_blank\" rel=\"noopener\">PP<\/a> ou PET. Esta m\u00e1quina pode ajud\u00e1-lo a limp\u00e1-lo.<\/p>    <h2 class=\"wp-block-heading\">Pre\u00e7o da m\u00e1quina de lavar sucata de pl\u00e1stico<\/h2>    <p>O pre\u00e7o da m\u00e1quina de lavar filme pl\u00e1stico \u00e9 afetado por muitos fatores. Precisamos saber suas necessidades, localiza\u00e7\u00e3o,e se h\u00e1 outras necessidades especiais antes que possamos lhe dar uma cota\u00e7\u00e3o exata. Al\u00e9m disso, o pre\u00e7o das m\u00e1quinas de lavar filme PE tamb\u00e9m \u00e9 afetado pelas mat\u00e9rias-primas, pol\u00edticas de exporta\u00e7\u00e3o e modelos de m\u00e1quinas. Portanto, o pre\u00e7o das m\u00e1quinas de lavar pl\u00e1stico n\u00e3o \u00e9 fixo. Se o fornecedor de m\u00e1quinas de reciclagem de pl\u00e1stico puder lhe dar uma cota\u00e7\u00e3o sem pedir nenhuma informa\u00e7\u00e3o, ele n\u00e3o \u00e9 confi\u00e1vel.<\/p>","protected":false},"excerpt":{"rendered":"<p>The plastic film washing machine can clean the impurities and stains attached to the plastic film and is an important machine in the PE PP film recycling line. It can rinse the plastic film. Through cleaning, the attached sediment and soil will be deposited at the bottom of the tank. Only the cleaned plastic film [&hellip;]<\/p>\n","protected":false},"author":1,"featured_media":113,"parent":0,"template":"","tags":[41,39],"product-type":[6],"class_list":["post-436","product","type-product","status-publish","has-post-thumbnail","hentry","tag-plastic-film-recycling","tag-washing","product-type-washing-machine"],"_links":{"self":[{"href":"https:\/\/www.plasticgranularmachine.com\/pt\/wp-json\/wp\/v2\/product\/436","targetHints":{"allow":["GET"]}}],"collection":[{"href":"https:\/\/www.plasticgranularmachine.com\/pt\/wp-json\/wp\/v2\/product"}],"about":[{"href":"https:\/\/www.plasticgranularmachine.com\/pt\/wp-json\/wp\/v2\/types\/product"}],"author":[{"embeddable":true,"href":"https:\/\/www.plasticgranularmachine.com\/pt\/wp-json\/wp\/v2\/users\/1"}],"wp:featuredmedia":[{"embeddable":true,"href":"https:\/\/www.plasticgranularmachine.com\/pt\/wp-json\/wp\/v2\/media\/113"}],"wp:attachment":[{"href":"https:\/\/www.plasticgranularmachine.com\/pt\/wp-json\/wp\/v2\/media?parent=436"}],"wp:term":[{"taxonomy":"post_tag","embeddable":true,"href":"https:\/\/www.plasticgranularmachine.com\/pt\/wp-json\/wp\/v2\/tags?post=436"},{"taxonomy":"product-type","embeddable":true,"href":"https:\/\/www.plasticgranularmachine.com\/pt\/wp-json\/wp\/v2\/product-type?post=436"}],"curies":[{"name":"wp","href":"https:\/\/api.w.org\/{rel}","templated":true}]}}