{"id":447,"date":"2022-12-15T14:18:51","date_gmt":"2022-12-15T06:18:51","guid":{"rendered":"https:\/\/www.plasticgranularmachine.com\/?post_type=product&#038;p=447"},"modified":"2025-01-06T09:47:19","modified_gmt":"2025-01-06T01:47:19","slug":"eps-compactor-for-resycling-eps-foam","status":"publish","type":"product","link":"https:\/\/www.plasticgranularmachine.com\/pt\/product\/eps-compactor-for-resycling-eps-foam\/","title":{"rendered":"Compactador EPS para reciclagem de isopor poliestireno"},"content":{"rendered":"<p>O compactador EPS tamb\u00e9m \u00e9 chamado de compactador de poliestireno e compactador de reciclagem de isopor EPS. \u00c9 uma m\u00e1quina que pode comprimir grandes volumes de espuma em blocos de espuma de alta densidade.<\/p>    <p>O compactador EPS pode reduzir o volume de espuma em 40 vezes. Possui caracter\u00edsticas de alto grau de automa\u00e7\u00e3o, economia de energia e livre de polui\u00e7\u00e3o.<\/p>    <figure class=\"wp-block-embed is-type-video is-provider-youtube wp-block-embed-youtube wp-embed-aspect-16-9 wp-has-aspect-ratio\"><div class=\"wp-block-embed__wrapper\"> <iframe loading=\"lazy\" title=\"Cansado de espuma EPS volumosa? Temos o Compactador EPS!\" width=\"500\" height=\"281\" src=\"https:\/\/www.youtube.com\/embed\/mx_nA33ul3w?feature=oembed\" frameborder=\"0\" allow=\"accelerometer; autoplay; clipboard-write; encrypted-media; gyroscope; picture-in-picture; web-share\" referrerpolicy=\"strict-origin-when-cross-origin\" allowfullscreen><\/iframe> <\/div><figcaption class=\"wp-element-caption\">O v\u00eddeo demonstra como funciona um compactador EPS.<\/figcaption><\/figure>    <h2 class=\"wp-block-heading\">Quais s\u00e3o as vantagens do compactador de espuma eficiente?<\/h2>    <ol class=\"wp-block-list\"> <li>O compactador de poliestireno est\u00e1 equipado com um dispositivo de britagem que pode esmagar diretamente grandes placas de espuma.<\/li>    <li>A densidade da espuma comprimida pelo compactador de isopor \u00e9 alta, podendo comprimir a espuma EPS em 40 vezes.<\/li>    <li>Existe um dispositivo regulador de press\u00e3o na extremidade frontal do dispositivo de compress\u00e3o, que pode ajustar a taxa de compress\u00e3o.<\/li>    <li>Os blocos de espuma compactada s\u00e3o f\u00e1ceis de cortar, armazenar e empilhar.<\/li>    <li>N\u00e3o h\u00e1 cheiro peculiar durante a opera\u00e7\u00e3o da m\u00e1quina.<\/li>    <li>Materiais EPS comprimidos podem ser reciclados.<\/li>    <li>O tamanho da m\u00e1quina compactadora EPS pode ser personalizado de acordo com as necessidades do cliente<\/li> <\/ol>    <figure class=\"wp-block-gallery has-nested-images columns-default is-cropped wp-block-gallery-2 is-layout-flex wp-block-gallery-is-layout-flex\"> <figure class=\"wp-block-image size-large\"><img loading=\"lazy\" decoding=\"async\" width=\"720\" height=\"540\" data-id=\"1227\" src=\"https:\/\/www.plasticgranularmachine.com\/wp-content\/uploads\/2022\/12\/eps-compactor-machine1.webp\" alt=\"m\u00e1quina compactadora eps\" class=\"wp-image-1227\" srcset=\"https:\/\/www.plasticgranularmachine.com\/wp-content\/uploads\/2022\/12\/eps-compactor-machine1.webp 720w, https:\/\/www.plasticgranularmachine.com\/wp-content\/uploads\/2022\/12\/eps-compactor-machine1-300x225.webp 300w, https:\/\/www.plasticgranularmachine.com\/wp-content\/uploads\/2022\/12\/eps-compactor-machine1-16x12.webp 16w\" sizes=\"auto, (max-width: 720px) 100vw, 720px\" \/><figcaption class=\"wp-element-caption\">m\u00e1quina compactadora eps<\/figcaption><\/figure>    <figure class=\"wp-block-image size-large\"><img loading=\"lazy\" decoding=\"async\" width=\"720\" height=\"540\" data-id=\"1228\" src=\"https:\/\/www.plasticgranularmachine.com\/wp-content\/uploads\/2022\/12\/end-products-by-the-EPS-compactor.webp\" alt=\"produtos finais pelo compactador EPS\" class=\"wp-image-1228\" srcset=\"https:\/\/www.plasticgranularmachine.com\/wp-content\/uploads\/2022\/12\/end-products-by-the-EPS-compactor.webp 720w, https:\/\/www.plasticgranularmachine.com\/wp-content\/uploads\/2022\/12\/end-products-by-the-EPS-compactor-300x225.webp 300w, https:\/\/www.plasticgranularmachine.com\/wp-content\/uploads\/2022\/12\/end-products-by-the-EPS-compactor-16x12.webp 16w\" sizes=\"auto, (max-width: 720px) 100vw, 720px\" \/><figcaption class=\"wp-element-caption\">produtos finais pelo compactador EPS<\/figcaption><\/figure> <\/figure>    <h2 class=\"wp-block-heading\">Como funciona a m\u00e1quina compactadora EPS?<\/h2>    <ol class=\"wp-block-list\"> <li>Primeiro, precisamos colocar a espuma EPS na tremonha.<\/li>    <li>Em seguida, a espuma EPS entrar\u00e1 na c\u00e2mara de britagem para tritura\u00e7\u00e3o. O triturador acoplado ao compactador Eps pode esmagar grandes peda\u00e7os de espuma em peda\u00e7os pequenos.<\/li>    <li>Em seguida, o mecanismo de parafuso aperta pequenos peda\u00e7os de <a href=\"https:\/\/onlinelibrary.wiley.com\/doi\/10.1002\/app.47529\" target=\"_blank\" rel=\"noopener\">Espuma EPS<\/a> em um bloco de compress\u00e3o com se\u00e7\u00e3o quadrada.<\/li> <\/ol>   <div class=\"wp-block-image\"> <figure class=\"aligncenter size-full\"><img loading=\"lazy\" decoding=\"async\" width=\"720\" height=\"540\" src=\"https:\/\/www.plasticgranularmachine.com\/wp-content\/uploads\/2022\/12\/EPS-compressor.webp\" alt=\"Compressor EPS\" class=\"wp-image-1229\" srcset=\"https:\/\/www.plasticgranularmachine.com\/wp-content\/uploads\/2022\/12\/EPS-compressor.webp 720w, https:\/\/www.plasticgranularmachine.com\/wp-content\/uploads\/2022\/12\/EPS-compressor-300x225.webp 300w, https:\/\/www.plasticgranularmachine.com\/wp-content\/uploads\/2022\/12\/EPS-compressor-16x12.webp 16w\" sizes=\"auto, (max-width: 720px) 100vw, 720px\" \/><figcaption class=\"wp-element-caption\">Compressor EPS<\/figcaption><\/figure> <\/div>   <h2 class=\"wp-block-heading\">Compactador EPS para venda<\/h2>    <figure class=\"wp-block-table\"><table><tbody><tr><td>Modelo<\/td><td>SL-300<\/td><td>SL-400<\/td><\/tr><tr><td>Capacidade<\/td><td>150kg\/h<\/td><td>250kg\/hora<\/td><\/tr><tr><td>Tamanho de entrada<\/td><td>1100*800mm<\/td><td>1200*1000mm<\/td><\/tr><tr><td>Pot\u00eancia do motor<\/td><td>11 kW<\/td><td>22 kW<\/td><\/tr><tr><td>Tamanho da m\u00e1quina<\/td><td>3000*1400*1400mm<\/td><td>4600*1600*1600mm<\/td><\/tr><\/tbody><\/table><figcaption class=\"wp-element-caption\">Compactador EPS para venda<\/figcaption><\/figure>    <p>Acima est\u00e1 a tabela de par\u00e2metros de dois compactadores de isopor. Sua produ\u00e7\u00e3o \u00e9 de 150kg\/h e 250kg\/h respectivamente. A pot\u00eancia do motor \u00e9 11kw e 22kw respectivamente. Voc\u00ea pode escolher o compactador de poliestireno certo de acordo com suas necessidades.<\/p>    <figure class=\"wp-block-gallery has-nested-images columns-default is-cropped wp-block-gallery-3 is-layout-flex wp-block-gallery-is-layout-flex\"> <figure class=\"wp-block-image size-large\"><img loading=\"lazy\" decoding=\"async\" width=\"720\" height=\"540\" data-id=\"1231\" src=\"https:\/\/www.plasticgranularmachine.com\/wp-content\/uploads\/2022\/12\/polystyrene-compactor-details1.webp\" alt=\"detalhes do compactador de poliestireno\" class=\"wp-image-1231\" srcset=\"https:\/\/www.plasticgranularmachine.com\/wp-content\/uploads\/2022\/12\/polystyrene-compactor-details1.webp 720w, https:\/\/www.plasticgranularmachine.com\/wp-content\/uploads\/2022\/12\/polystyrene-compactor-details1-300x225.webp 300w, https:\/\/www.plasticgranularmachine.com\/wp-content\/uploads\/2022\/12\/polystyrene-compactor-details1-16x12.webp 16w\" sizes=\"auto, (max-width: 720px) 100vw, 720px\" \/><figcaption class=\"wp-element-caption\">detalhes do compactador de poliestireno<\/figcaption><\/figure>    <figure class=\"wp-block-image size-large\"><img loading=\"lazy\" decoding=\"async\" width=\"720\" height=\"540\" data-id=\"1230\" src=\"https:\/\/www.plasticgranularmachine.com\/wp-content\/uploads\/2022\/12\/foam-compressor1.webp\" alt=\"compressor de espuma\" class=\"wp-image-1230\" srcset=\"https:\/\/www.plasticgranularmachine.com\/wp-content\/uploads\/2022\/12\/foam-compressor1.webp 720w, https:\/\/www.plasticgranularmachine.com\/wp-content\/uploads\/2022\/12\/foam-compressor1-300x225.webp 300w, https:\/\/www.plasticgranularmachine.com\/wp-content\/uploads\/2022\/12\/foam-compressor1-16x12.webp 16w\" sizes=\"auto, (max-width: 720px) 100vw, 720px\" \/><figcaption class=\"wp-element-caption\">compressor de espuma<\/figcaption><\/figure> <\/figure>    <h2 class=\"wp-block-heading\">Por que o compactador de poliestireno est\u00e1 se tornando cada vez mais popular?<\/h2>    <p>Hoje em dia, os pa\u00edses atribuem import\u00e2ncia \u00e0 ind\u00fastria de prote\u00e7\u00e3o ambiental. A incinera\u00e7\u00e3o de espuma EPS \u00e9 cada vez mais indesej\u00e1vel. Assim, cada vez mais pessoas optam por investir na ind\u00fastria de reciclagem de EPS. Para transportar a espuma EPS de forma mais conveniente, \u00e9 necess\u00e1rio um compactador de poliestireno para reduzir o volume da espuma.<\/p>    <p class=\"translation-block\">Portanto, os compactadores de poliestireno s\u00e3o cada vez mais populares. Na Efficient Plastic Recycling Machinery Factory, tamb\u00e9m temos o <a href=\"https:\/\/www.plasticgranularmachine.com\/pt\/product\/eps-pelletizing-machine\/\">granulador de EPS<\/a>, a <a href=\"https:\/\/www.plasticgranularmachine.com\/pt\/product\/foam-crushing-machine\/\">m\u00e1quina de triturar EPS<\/a> e a linha de reciclagem de EPS para venda. Se precisar de uma <a href=\"https:\/\/www.plasticgranularmachine.com\/pt\/product\/eps-recycling-machine\/\">m\u00e1quina de reciclagem de EPS<\/a> relacionada, n\u00e3o hesite em contactar-nos.<\/p>   <div class=\"wp-block-image\"> <figure class=\"aligncenter size-large\"><img loading=\"lazy\" decoding=\"async\" width=\"720\" height=\"540\" src=\"https:\/\/www.plasticgranularmachine.com\/wp-content\/uploads\/2022\/12\/vertical-EPS-foam-compactor.webp\" alt=\"compactador vertical de espuma EPS\" class=\"wp-image-1234\" srcset=\"https:\/\/www.plasticgranularmachine.com\/wp-content\/uploads\/2022\/12\/vertical-EPS-foam-compactor.webp 720w, https:\/\/www.plasticgranularmachine.com\/wp-content\/uploads\/2022\/12\/vertical-EPS-foam-compactor-300x225.webp 300w, https:\/\/www.plasticgranularmachine.com\/wp-content\/uploads\/2022\/12\/vertical-EPS-foam-compactor-16x12.webp 16w\" sizes=\"auto, (max-width: 720px) 100vw, 720px\" \/><figcaption class=\"wp-element-caption\">compactador vertical de espuma EPS<\/figcaption><\/figure> <\/div>   <h2 class=\"wp-block-heading\">Cases de Sucesso de Compactador de Isopor para Venda<\/h2>    <p class=\"translation-block\">Em setembro de 2022, <a href=\"https:\/\/www.plasticgranularmachine.com\/pt\/Info\/malaysian-customer-ordered-two-eps-foam-compactors\/\">clientes da Mal\u00e1sia encomendaram dois compactadores de reciclagem de poliestireno expandido para EPS<\/a>. Este cliente tem uma f\u00e1brica de reciclagem de espuma EPS. Al\u00e9m de produzir blocos de espuma comprimida, ele tamb\u00e9m produz gr\u00e2nulos de EPS. Ap\u00f3s quase dois meses de uso, o cliente est\u00e1 muito satisfeito com o efeito de produ\u00e7\u00e3o do compactador de espuma.<\/p>   <div class=\"wp-block-image\"> <figure class=\"aligncenter size-full\"><img loading=\"lazy\" decoding=\"async\" width=\"720\" height=\"540\" src=\"https:\/\/www.plasticgranularmachine.com\/wp-content\/uploads\/2022\/12\/packing-picture.webp\" alt=\" compactador de isopor para venda\" class=\"wp-image-446\" srcset=\"https:\/\/www.plasticgranularmachine.com\/wp-content\/uploads\/2022\/12\/packing-picture.webp 720w, https:\/\/www.plasticgranularmachine.com\/wp-content\/uploads\/2022\/12\/packing-picture-300x225.webp 300w\" sizes=\"auto, (max-width: 720px) 100vw, 720px\" \/><figcaption class=\"wp-element-caption\"> compactador de isopor para venda<\/figcaption><\/figure> <\/div>   <h2 class=\"wp-block-heading\">Precau\u00e7\u00f5es de opera\u00e7\u00e3o<\/h2>    <ol class=\"wp-block-list\"> <li>Confirme a fonte de alimenta\u00e7\u00e3o usada pela m\u00e1quina.<\/li>    <li>N\u00e3o coloque a m\u00e3o na caixa de material, na pe\u00e7a de transmiss\u00e3o ou na pe\u00e7a de aquecimento durante a opera\u00e7\u00e3o.<\/li>    <li>Use uma m\u00e1scara pontiaguda e prote\u00e7\u00e3o auricular durante a opera\u00e7\u00e3o.<\/li>    <li>N\u00e3o lave a m\u00e1quina diretamente com \u00e1gua. N\u00e3o trabalhe descal\u00e7o quando o local de trabalho estiver molhado.<\/li>    <li>Quando o compactador EPS n\u00e3o estiver em uso, cubra o compartimento para evitar que outros objetos caiam nele.<\/li>    <li>Quando a m\u00e1quina n\u00e3o estiver em uso, certifique-se de desconectar a fonte de alimenta\u00e7\u00e3o<\/li>    <li>N\u00e3o substitua pe\u00e7as da m\u00e1quina \u00e0 vontade.<\/li>    <li>As pe\u00e7as principais devem ser lubrificadas com \u00f3leo frequentemente.<\/li> <\/ol>   <div class=\"wp-block-image\"> <figure class=\"aligncenter size-full\"><img loading=\"lazy\" decoding=\"async\" width=\"720\" height=\"540\" src=\"https:\/\/www.plasticgranularmachine.com\/wp-content\/uploads\/2022\/12\/styrofoam-compactor-1.webp\" alt=\"compactador de isopor\" class=\"wp-image-1233\" srcset=\"https:\/\/www.plasticgranularmachine.com\/wp-content\/uploads\/2022\/12\/styrofoam-compactor-1.webp 720w, https:\/\/www.plasticgranularmachine.com\/wp-content\/uploads\/2022\/12\/styrofoam-compactor-1-300x225.webp 300w, https:\/\/www.plasticgranularmachine.com\/wp-content\/uploads\/2022\/12\/styrofoam-compactor-1-16x12.webp 16w\" sizes=\"auto, (max-width: 720px) 100vw, 720px\" \/><figcaption class=\"wp-element-caption\">compactador de isopor<\/figcaption><\/figure> <\/div>   <h2 class=\"wp-block-heading\">Relacionado ao envio para m\u00e1quina compactadora EPS<\/h2>    <ol class=\"wp-block-list\"> <li>O compactador de poliestireno pode ser customizado de acordo com sua necessidade de produ\u00e7\u00e3o, e o prazo de produ\u00e7\u00e3o \u00e9 de cerca de 20 dias.<\/li>    <li>Envie regularmente atualiza\u00e7\u00f5es do progresso da produ\u00e7\u00e3o e v\u00eddeos de m\u00e1quinas de teste. Confirme as informa\u00e7\u00f5es do compressor de espuma com voc\u00ea antes do envio.<\/li>    <li>Bem-vindo a visitar nossa f\u00e1brica eficiente para inspecionar nossos compressores EPS.<\/li>    <li>Envio atrav\u00e9s de log\u00edstica internacional.<\/li>    <li>Fornecer suporte t\u00e9cnico e servi\u00e7os de instala\u00e7\u00e3o no local.<\/li>    <li>Est\u00e1 inclu\u00edda uma garantia de um ano, garantindo a qualidade da m\u00e1quina.<\/li> <\/ol>   <div class=\"wp-block-image\"> <figure class=\"aligncenter size-full\"><img loading=\"lazy\" decoding=\"async\" width=\"720\" height=\"540\" src=\"https:\/\/www.plasticgranularmachine.com\/wp-content\/uploads\/2022\/12\/Polystyrene-Compactor-Packaging.webp\" alt=\"Embalagem compactadora de poliestireno\" class=\"wp-image-1232\" srcset=\"https:\/\/www.plasticgranularmachine.com\/wp-content\/uploads\/2022\/12\/Polystyrene-Compactor-Packaging.webp 720w, https:\/\/www.plasticgranularmachine.com\/wp-content\/uploads\/2022\/12\/Polystyrene-Compactor-Packaging-300x225.webp 300w, https:\/\/www.plasticgranularmachine.com\/wp-content\/uploads\/2022\/12\/Polystyrene-Compactor-Packaging-16x12.webp 16w\" sizes=\"auto, (max-width: 720px) 100vw, 720px\" \/><figcaption class=\"wp-element-caption\">Embalagem compactadora de poliestireno<\/figcaption><\/figure> <\/div>   <p>Em resumo, os nossos compactadores de EPS s\u00e3o confi\u00e1veis e de alta qualidade. Se voc\u00ea est\u00e1 \u00e0 procura de uma \u00f3tima solu\u00e7\u00e3o para a reciclagem de isopor, n\u00e3o hesite em nos contactar. Ofertas incr\u00edveis a pre\u00e7os imbat\u00edveis aguardam por voc\u00ea!<\/p>","protected":false},"excerpt":{"rendered":"<p>O compactador de EPS pode reduzir o volume de espuma em 40 vezes. Possui caracter\u00edsticas de alto grau de automa\u00e7\u00e3o, economia de energia e \u00e9 livre de polui\u00e7\u00e3o.<\/p>","protected":false},"author":1,"featured_media":1225,"parent":0,"template":"","tags":[35,33],"product-type":[4],"class_list":["post-447","product","type-product","status-publish","has-post-thumbnail","hentry","tag-crushing","tag-styrofoam-recycling","product-type-crushing-machine"],"_links":{"self":[{"href":"https:\/\/www.plasticgranularmachine.com\/pt\/wp-json\/wp\/v2\/product\/447","targetHints":{"allow":["GET"]}}],"collection":[{"href":"https:\/\/www.plasticgranularmachine.com\/pt\/wp-json\/wp\/v2\/product"}],"about":[{"href":"https:\/\/www.plasticgranularmachine.com\/pt\/wp-json\/wp\/v2\/types\/product"}],"author":[{"embeddable":true,"href":"https:\/\/www.plasticgranularmachine.com\/pt\/wp-json\/wp\/v2\/users\/1"}],"wp:featuredmedia":[{"embeddable":true,"href":"https:\/\/www.plasticgranularmachine.com\/pt\/wp-json\/wp\/v2\/media\/1225"}],"wp:attachment":[{"href":"https:\/\/www.plasticgranularmachine.com\/pt\/wp-json\/wp\/v2\/media?parent=447"}],"wp:term":[{"taxonomy":"post_tag","embeddable":true,"href":"https:\/\/www.plasticgranularmachine.com\/pt\/wp-json\/wp\/v2\/tags?post=447"},{"taxonomy":"product-type","embeddable":true,"href":"https:\/\/www.plasticgranularmachine.com\/pt\/wp-json\/wp\/v2\/product-type?post=447"}],"curies":[{"name":"wp","href":"https:\/\/api.w.org\/{rel}","templated":true}]}}