{"id":453,"date":"2022-12-23T13:44:19","date_gmt":"2022-12-23T05:44:19","guid":{"rendered":"https:\/\/www.plasticgranularmachine.com\/?post_type=product&#038;p=453"},"modified":"2025-01-06T09:57:52","modified_gmt":"2025-01-06T01:57:52","slug":"plastic-bottle-label-removing-machine","status":"publish","type":"product","link":"https:\/\/www.plasticgranularmachine.com\/pt\/product\/plastic-bottle-label-removing-machine\/","title":{"rendered":"M\u00e1quina de remo\u00e7\u00e3o de etiquetas de garrafas de pl\u00e1stico"},"content":{"rendered":"<p class=\"translation-block\">Como voc\u00ea remove r\u00f3tulos de garrafas pl\u00e1sticas? A m\u00e1quina de remo\u00e7\u00e3o de r\u00f3tulos de garrafas pl\u00e1sticas \u00e9 uma m\u00e1quina de reciclagem que pode separar rapidamente os r\u00f3tulos em v\u00e1rias garrafas pl\u00e1sticas do corpo da garrafa. Esta m\u00e1quina de remo\u00e7\u00e3o de r\u00f3tulos \u00e9 a primeira na <a href=\"https:\/\/www.plasticgranularmachine.com\/pt\/product\/pet-bottles-recycling-line\/\">linha de reciclagem de garrafas PET<\/a>. A m\u00e1quina de remo\u00e7\u00e3o de r\u00f3tulos de garrafas PET pode melhorar significativamente a efici\u00eancia da reciclagem de garrafas PET.<\/p>    <figure class=\"wp-block-embed is-type-video is-provider-youtube wp-block-embed-youtube wp-embed-aspect-16-9 wp-has-aspect-ratio\"><div class=\"wp-block-embed__wrapper\"> <iframe loading=\"lazy\" title=\"Melhore a pureza da reciclagem de sua garrafa PET com removedor de r\u00f3tulos de garrafas pl\u00e1sticas\" width=\"500\" height=\"281\" src=\"https:\/\/www.youtube.com\/embed\/te5c3XMkGIs?feature=oembed\" frameborder=\"0\" allow=\"accelerometer; autoplay; clipboard-write; encrypted-media; gyroscope; picture-in-picture; web-share\" referrerpolicy=\"strict-origin-when-cross-origin\" allowfullscreen><\/iframe> <\/div><\/figure>    <h2 class=\"wp-block-heading\">Vantagens da m\u00e1quina removedora de etiquetas de garrafas pl\u00e1sticas<\/h2>    <ol class=\"wp-block-list\"> <li>Alta taxa de remo\u00e7\u00e3o de adesivos. A taxa de remo\u00e7\u00e3o de etiquetas da nossa m\u00e1quina removedora de r\u00f3tulos de garrafas PET \u00e9 superior a 98%.<\/li>    <li>A l\u00e2mina dentro da m\u00e1quina de remo\u00e7\u00e3o de r\u00f3tulos para reciclagem de garrafas PET \u00e9 feita de liga de a\u00e7o. Tem as vantagens de alta dureza e resist\u00eancia ao desgaste.<\/li>    <li>A m\u00e1quina removedora de adesivos para garrafas de pl\u00e1stico tem alta efici\u00eancia de trabalho. Ele pode lidar com 1 a 1,2 toneladas de garrafas pl\u00e1sticas por hora.<\/li>    <li>A m\u00e1quina de remo\u00e7\u00e3o de etiquetas para reciclagem de garrafas pl\u00e1sticas tem forte aplicabilidade. A m\u00e1quina removedora autom\u00e1tica de r\u00f3tulos de garrafas PET pode remover r\u00f3tulos de garrafas pl\u00e1sticas de diferentes tamanhos.<\/li>    <li>Servi\u00e7os personalizados. Podemos personalizar o comprimento e a largura da m\u00e1quina de reciclagem de acordo com as necessidades do cliente.<\/li> <\/ol>    <figure class=\"wp-block-gallery has-nested-images columns-default is-cropped wp-block-gallery-2 is-layout-flex wp-block-gallery-is-layout-flex\"> <figure class=\"wp-block-image size-large\"><img loading=\"lazy\" decoding=\"async\" width=\"720\" height=\"540\" data-id=\"1080\" src=\"https:\/\/www.plasticgranularmachine.com\/wp-content\/uploads\/2022\/12\/blades-of-plastic-bottle-label-removing-machine.webp\" alt=\"l\u00e2minas de m\u00e1quina de remo\u00e7\u00e3o de r\u00f3tulos de garrafas pl\u00e1sticas\" class=\"wp-image-1080\" srcset=\"https:\/\/www.plasticgranularmachine.com\/wp-content\/uploads\/2022\/12\/blades-of-plastic-bottle-label-removing-machine.webp 720w, https:\/\/www.plasticgranularmachine.com\/wp-content\/uploads\/2022\/12\/blades-of-plastic-bottle-label-removing-machine-300x225.webp 300w, https:\/\/www.plasticgranularmachine.com\/wp-content\/uploads\/2022\/12\/blades-of-plastic-bottle-label-removing-machine-16x12.webp 16w\" sizes=\"auto, (max-width: 720px) 100vw, 720px\" \/><figcaption class=\"wp-element-caption\">l\u00e2minas de m\u00e1quina de remo\u00e7\u00e3o de r\u00f3tulos de garrafas pl\u00e1sticas<\/figcaption><\/figure>    <figure class=\"wp-block-image size-large\"><img loading=\"lazy\" decoding=\"async\" width=\"720\" height=\"540\" data-id=\"1082\" src=\"https:\/\/www.plasticgranularmachine.com\/wp-content\/uploads\/2022\/12\/high-quality-stainless-steel-parts.webp\" alt=\"pe\u00e7as de a\u00e7o inoxid\u00e1vel de alta qualidade\" class=\"wp-image-1082\" srcset=\"https:\/\/www.plasticgranularmachine.com\/wp-content\/uploads\/2022\/12\/high-quality-stainless-steel-parts.webp 720w, https:\/\/www.plasticgranularmachine.com\/wp-content\/uploads\/2022\/12\/high-quality-stainless-steel-parts-300x225.webp 300w, https:\/\/www.plasticgranularmachine.com\/wp-content\/uploads\/2022\/12\/high-quality-stainless-steel-parts-16x12.webp 16w\" sizes=\"auto, (max-width: 720px) 100vw, 720px\" \/><figcaption class=\"wp-element-caption\">pe\u00e7as de a\u00e7o inoxid\u00e1vel de alta qualidade<\/figcaption><\/figure> <\/figure>    <h2 class=\"wp-block-heading\">Escopo de aplica\u00e7\u00e3o da m\u00e1quina removedora de etiquetas de garrafas PET<\/h2>    <p>A m\u00e1quina de remo\u00e7\u00e3o de r\u00f3tulos de garrafas pl\u00e1sticas pode remover r\u00f3tulos de garrafas de refrigerante, garrafas de \u00e1gua mineral, garrafas de refrigerante, garrafas de iogurte, garrafas de xampu, garrafas de ketchup, garrafas de rem\u00e9dios e outras garrafas pl\u00e1sticas. Tamb\u00e9m pode ser a melhor maneira de remover r\u00f3tulos de garrafas de cerveja.<\/p>    <p>Se voc\u00ea n\u00e3o tem certeza se a m\u00e1quina de reciclagem de garrafas PET pode lidar com suas mat\u00e9rias-primas, envie-nos um e-mail a qualquer momento. Responderemos o mais breve poss\u00edvel.<\/p>    <h2 class=\"wp-block-heading\">Exibi\u00e7\u00e3o de produto acabado<\/h2>    <p class=\"translation-block\">Os produtos finais da m\u00e1quina de remo\u00e7\u00e3o de r\u00f3tulos de garrafas pl\u00e1sticas s\u00e3o sem r\u00f3tulos, as plantas de reciclagem podem enviar a garrafa para a <strong><a href=\"https:\/\/www.plasticgranularmachine.com\/pt\/product\/plastic-film-crusher\/\">m\u00e1quina de triturar pl\u00e1stico<\/a><\/strong> diretamente e concluir o restante do processo de reciclagem. <\/p>    <figure class=\"wp-block-gallery has-nested-images columns-default is-cropped wp-block-gallery-3 is-layout-flex wp-block-gallery-is-layout-flex\"> <figure class=\"wp-block-image size-large\"><img loading=\"lazy\" decoding=\"async\" width=\"720\" height=\"540\" data-id=\"462\" src=\"https:\/\/www.plasticgranularmachine.com\/wp-content\/uploads\/2022\/12\/clean-pet-bottles.jpg\" alt=\"limpar garrafas pet\" class=\"wp-image-462\" srcset=\"https:\/\/www.plasticgranularmachine.com\/wp-content\/uploads\/2022\/12\/clean-pet-bottles.jpg 720w, https:\/\/www.plasticgranularmachine.com\/wp-content\/uploads\/2022\/12\/clean-pet-bottles-300x225.jpg 300w\" sizes=\"auto, (max-width: 720px) 100vw, 720px\" \/><figcaption class=\"wp-element-caption\">limpar garrafas pet<\/figcaption><\/figure>    <figure class=\"wp-block-image size-large\"><img loading=\"lazy\" decoding=\"async\" width=\"720\" height=\"540\" data-id=\"463\" src=\"https:\/\/www.plasticgranularmachine.com\/wp-content\/uploads\/2022\/12\/plastic-bottle.webp\" alt=\"garrafa de pl\u00e1stico\" class=\"wp-image-463\" srcset=\"https:\/\/www.plasticgranularmachine.com\/wp-content\/uploads\/2022\/12\/plastic-bottle.webp 720w, https:\/\/www.plasticgranularmachine.com\/wp-content\/uploads\/2022\/12\/plastic-bottle-300x225.webp 300w\" sizes=\"auto, (max-width: 720px) 100vw, 720px\" \/><figcaption class=\"wp-element-caption\">garrafa de pl\u00e1stico<\/figcaption><\/figure> <\/figure>    <h2 class=\"wp-block-heading\">Como remover r\u00f3tulos de garrafas pl\u00e1sticas?<\/h2>    <p class=\"translation-block\">A m\u00e1quina de remo\u00e7\u00e3o de r\u00f3tulos de garrafas pl\u00e1sticas pode remover facilmente o r\u00f3tulo da garrafa pl\u00e1stica. Primeiro, precisamos colocar a garrafa pl\u00e1stica na esteira transportadora, que ir\u00e1 transportar a garrafa pl\u00e1stica para a m\u00e1quina de remo\u00e7\u00e3o de r\u00f3tulos de garrafas pl\u00e1sticas. Em seguida, o cortador de <a href=\"https:\/\/en.wikipedia.org\/wiki\/Alloy_steel\" target=\"_blank\" rel=\"noopener\">a\u00e7o liga<\/a> dentro da m\u00e1quina far\u00e1 v\u00e1rios cortes no r\u00f3tulo. Ent\u00e3o, a l\u00e2mina em forma de dente rotativo ir\u00e1 descascar o r\u00f3tulo do corpo da garrafa ao longo da boca marcada.<\/p>    <p>Por fim, o ventilador configurado pela m\u00e1quina soprar\u00e1 a etiqueta descascada da parte superior da m\u00e1quina e a garrafa pl\u00e1stica ser\u00e1 descarregada pela sa\u00edda. A taxa de remo\u00e7\u00e3o de etiqueta do removedor eficiente de r\u00f3tulos de garrafas pl\u00e1sticas \u00e9 superior a 98%.<\/p>    <figure class=\"wp-block-gallery aligncenter has-nested-images columns-default is-cropped wp-block-gallery-4 is-layout-flex wp-block-gallery-is-layout-flex\"> <figure class=\"wp-block-image size-full\"><img loading=\"lazy\" decoding=\"async\" width=\"720\" height=\"540\" data-id=\"1083\" src=\"https:\/\/www.plasticgranularmachine.com\/wp-content\/uploads\/2022\/12\/PET-bottle-label-remover-machine-1.webp\" alt=\"M\u00e1quina removedora de r\u00f3tulos de garrafas PET\" class=\"wp-image-1083\" srcset=\"https:\/\/www.plasticgranularmachine.com\/wp-content\/uploads\/2022\/12\/PET-bottle-label-remover-machine-1.webp 720w, https:\/\/www.plasticgranularmachine.com\/wp-content\/uploads\/2022\/12\/PET-bottle-label-remover-machine-1-300x225.webp 300w, https:\/\/www.plasticgranularmachine.com\/wp-content\/uploads\/2022\/12\/PET-bottle-label-remover-machine-1-16x12.webp 16w\" sizes=\"auto, (max-width: 720px) 100vw, 720px\" \/><figcaption class=\"wp-element-caption\">M\u00e1quina removedora de r\u00f3tulos de garrafas PET<\/figcaption><\/figure>    <figure class=\"wp-block-image size-full\"><img loading=\"lazy\" decoding=\"async\" width=\"720\" height=\"540\" data-id=\"1084\" src=\"https:\/\/www.plasticgranularmachine.com\/wp-content\/uploads\/2022\/12\/removed-labels-from-plastic-bottles.webp\" alt=\"removeu r\u00f3tulos de garrafas pl\u00e1sticas\" class=\"wp-image-1084\" srcset=\"https:\/\/www.plasticgranularmachine.com\/wp-content\/uploads\/2022\/12\/removed-labels-from-plastic-bottles.webp 720w, https:\/\/www.plasticgranularmachine.com\/wp-content\/uploads\/2022\/12\/removed-labels-from-plastic-bottles-300x225.webp 300w, https:\/\/www.plasticgranularmachine.com\/wp-content\/uploads\/2022\/12\/removed-labels-from-plastic-bottles-16x12.webp 16w\" sizes=\"auto, (max-width: 720px) 100vw, 720px\" \/><figcaption class=\"wp-element-caption\">removeu r\u00f3tulos de garrafas pl\u00e1sticas<\/figcaption><\/figure> <\/figure>    <h2 class=\"wp-block-heading\">Par\u00e2metro t\u00e9cnico da m\u00e1quina removedora de etiquetas PET<\/h2>    <figure class=\"wp-block-table\"><table><tbody><tr><td>Modelo<\/td><td>SL-600<\/td><\/tr><tr><td>Capacidade<\/td><td>1-1,2 t\/h<\/td><\/tr><tr><td>Taxa de remo\u00e7\u00e3o do r\u00f3tulo<\/td><td>98%<\/td><\/tr><tr><td>Tamanho<\/td><td>4000*1800*1600mm<\/td><\/tr><tr><td>A principal pot\u00eancia da m\u00e1quina<\/td><td>11 kW<\/td><\/tr><tr><td>Poder dos f\u00e3s<\/td><td>3 kW<\/td><\/tr><tr><td>Peso<\/td><td>1500kg<\/td><\/tr><\/tbody><\/table><figcaption class=\"wp-element-caption\">Dados b\u00e1sicos da m\u00e1quina removedora de etiquetas de garrafas pl\u00e1sticas<\/figcaption><\/figure>    <p>Os itens acima s\u00e3o par\u00e2metros t\u00e9cnicos da m\u00e1quina de remo\u00e7\u00e3o de r\u00f3tulos de garrafas pl\u00e1sticas de grande venda. Tamb\u00e9m podemos fornecer removedores de etiquetas PET personalizados com base em suas necessidades de reciclagem. <\/p>   <div class=\"wp-block-image\"> <figure class=\"aligncenter size-large\"><img loading=\"lazy\" decoding=\"async\" width=\"720\" height=\"540\" src=\"https:\/\/www.plasticgranularmachine.com\/wp-content\/uploads\/2022\/12\/plastic-bottle-label-remover-machine.webp\" alt=\"m\u00e1quina removedora de r\u00f3tulos de garrafas de pl\u00e1stico\" class=\"wp-image-1087\" srcset=\"https:\/\/www.plasticgranularmachine.com\/wp-content\/uploads\/2022\/12\/plastic-bottle-label-remover-machine.webp 720w, https:\/\/www.plasticgranularmachine.com\/wp-content\/uploads\/2022\/12\/plastic-bottle-label-remover-machine-300x225.webp 300w, https:\/\/www.plasticgranularmachine.com\/wp-content\/uploads\/2022\/12\/plastic-bottle-label-remover-machine-16x12.webp 16w\" sizes=\"auto, (max-width: 720px) 100vw, 720px\" \/><figcaption class=\"wp-element-caption\">m\u00e1quina removedora de r\u00f3tulos de garrafas de pl\u00e1stico<\/figcaption><\/figure> <\/div>   <h2 class=\"wp-block-heading\">Removedor de r\u00f3tulos PET melhora a pureza da reciclagem de garrafas de pl\u00e1stico e cerveja no Sud\u00e3o do Sul<\/h2>    <p>Recentemente, um cliente do Sud\u00e3o do Sul envolvido na reciclagem de garrafas de pl\u00e1stico e de cerveja procurava a melhor solu\u00e7\u00e3o de reciclagem. Ap\u00f3s uma s\u00e9rie de discuss\u00f5es, alcan\u00e7amos uma coopera\u00e7\u00e3o perfeita e vendemos uma linha completa de reciclagem de PET, incluindo um removedor de etiquetas, resolvendo com sucesso o problema de instala\u00e7\u00f5es de reciclagem inadequadas no Sud\u00e3o do Sul. <\/p>    <p>Temos o prazer de contribuir para a reciclagem de pl\u00e1stico no Sud\u00e3o do Sul. Se voc\u00ea tamb\u00e9m tiver problemas com a reciclagem de garrafas pl\u00e1sticas, n\u00e3o hesite em nos consultar. <\/p>   <div class=\"wp-block-image\"> <figure class=\"aligncenter size-full\"><img loading=\"lazy\" decoding=\"async\" width=\"720\" height=\"540\" src=\"https:\/\/www.plasticgranularmachine.com\/wp-content\/uploads\/2022\/12\/PET-bottle-washing-line-installed-in-South-Sudan.webp\" alt=\"Linha de lavagem de garrafas PET instalada no Sud\u00e3o do Sul\" class=\"wp-image-1085\" srcset=\"https:\/\/www.plasticgranularmachine.com\/wp-content\/uploads\/2022\/12\/PET-bottle-washing-line-installed-in-South-Sudan.webp 720w, https:\/\/www.plasticgranularmachine.com\/wp-content\/uploads\/2022\/12\/PET-bottle-washing-line-installed-in-South-Sudan-300x225.webp 300w, https:\/\/www.plasticgranularmachine.com\/wp-content\/uploads\/2022\/12\/PET-bottle-washing-line-installed-in-South-Sudan-16x12.webp 16w\" sizes=\"auto, (max-width: 720px) 100vw, 720px\" \/><figcaption class=\"wp-element-caption\">Linha de lavagem de garrafas PET instalada no Sud\u00e3o do Sul<\/figcaption><\/figure> <\/div>   <h2 class=\"wp-block-heading\">Como operar a m\u00e1quina de remo\u00e7\u00e3o de etiquetas de garrafas pl\u00e1sticas?<\/h2>    <p>O modo de opera\u00e7\u00e3o da m\u00e1quina removedora de r\u00f3tulos de garrafas pl\u00e1sticas \u00e9 muito simples. O operador s\u00f3 precisa ligar o interruptor do host, o interruptor do ventilador e o motor do transportador. Em seguida, despeje a garrafa pl\u00e1stica de mat\u00e9ria-prima na correia transportadora. Ent\u00e3o a m\u00e1quina come\u00e7ar\u00e1 a funcionar automaticamente. \u00c9 importante ressaltar que objetos duros n\u00e3o devem ser colocados na m\u00e1quina removedora de etiquetas para animais de estima\u00e7\u00e3o durante a opera\u00e7\u00e3o da m\u00e1quina. Desligue o motor da correia, o motor principal e o motor do ventilador depois que a m\u00e1quina funcionar.<\/p>   <div class=\"wp-block-image\"> <figure class=\"aligncenter size-full\"><img loading=\"lazy\" decoding=\"async\" width=\"720\" height=\"540\" src=\"https:\/\/www.plasticgranularmachine.com\/wp-content\/uploads\/2022\/12\/label-removing-machine-in-factory.webp\" alt=\"m\u00e1quina de remo\u00e7\u00e3o de etiquetas na f\u00e1brica\" class=\"wp-image-1088\" srcset=\"https:\/\/www.plasticgranularmachine.com\/wp-content\/uploads\/2022\/12\/label-removing-machine-in-factory.webp 720w, https:\/\/www.plasticgranularmachine.com\/wp-content\/uploads\/2022\/12\/label-removing-machine-in-factory-300x225.webp 300w, https:\/\/www.plasticgranularmachine.com\/wp-content\/uploads\/2022\/12\/label-removing-machine-in-factory-16x12.webp 16w\" sizes=\"auto, (max-width: 720px) 100vw, 720px\" \/><figcaption class=\"wp-element-caption\">m\u00e1quina de remo\u00e7\u00e3o de etiquetas na f\u00e1brica<\/figcaption><\/figure> <\/div>   <h2 class=\"wp-block-heading\">Nossos servi\u00e7os<\/h2>    <ul class=\"wp-block-list\"> <li>Podemos fornecer m\u00e1quinas removedoras de r\u00f3tulos de garrafas pl\u00e1sticas personalizadas com base em suas necessidades.<\/li>    <li>Enviaremos o v\u00eddeo de teste antes da entrega.<\/li>    <li>Depois de receber a m\u00e1quina removedora de r\u00f3tulos de garrafas pl\u00e1sticas, fornecemos suporte t\u00e9cnico, instala\u00e7\u00e3o no local e guias de opera\u00e7\u00e3o. <\/li>    <li>Oferecemos garantia de um ano. <\/li> <\/ul>   <div class=\"wp-block-image\"> <figure class=\"aligncenter size-full\"><img loading=\"lazy\" decoding=\"async\" width=\"720\" height=\"540\" src=\"https:\/\/www.plasticgranularmachine.com\/wp-content\/uploads\/2022\/12\/shipping-for-PET-bottle-label-remover-machine.webp\" alt=\"envio para m\u00e1quina removedora de r\u00f3tulos de garrafas PET\" class=\"wp-image-1086\" srcset=\"https:\/\/www.plasticgranularmachine.com\/wp-content\/uploads\/2022\/12\/shipping-for-PET-bottle-label-remover-machine.webp 720w, https:\/\/www.plasticgranularmachine.com\/wp-content\/uploads\/2022\/12\/shipping-for-PET-bottle-label-remover-machine-300x225.webp 300w, https:\/\/www.plasticgranularmachine.com\/wp-content\/uploads\/2022\/12\/shipping-for-PET-bottle-label-remover-machine-16x12.webp 16w\" sizes=\"auto, (max-width: 720px) 100vw, 720px\" \/><figcaption class=\"wp-element-caption\">envio para m\u00e1quina removedora de r\u00f3tulos de garrafas PET<\/figcaption><\/figure> <\/div>   <h2 class=\"wp-block-heading\">Contate-nos<\/h2>    <p>Em resumo, o removedor de r\u00f3tulos de garrafas pl\u00e1sticas EFICIENTE pode ajud\u00e1-lo a melhorar a pureza da reciclagem de pl\u00e1stico, melhorar a qualidade das garrafas pl\u00e1sticas recicladas e obter maiores lucros. Se precisar, entre em contato conosco clicando na caixa de di\u00e1logo \u00e0 direita.<\/p>","protected":false},"excerpt":{"rendered":"<p>How do you remove labels from plastic bottles? The plastic bottle label remover machine is a recycling machine that can quickly separate the labels on various plastic bottles from the bottle body. This label removing machine is the first in the PET bottle recycling line. The pet bottle label remover machine can greatly improve the [&hellip;]<\/p>\n","protected":false},"author":1,"featured_media":1079,"parent":0,"template":"","tags":[38],"product-type":[6],"class_list":["post-453","product","type-product","status-publish","has-post-thumbnail","hentry","tag-pet-recycling","product-type-washing-machine"],"_links":{"self":[{"href":"https:\/\/www.plasticgranularmachine.com\/pt\/wp-json\/wp\/v2\/product\/453","targetHints":{"allow":["GET"]}}],"collection":[{"href":"https:\/\/www.plasticgranularmachine.com\/pt\/wp-json\/wp\/v2\/product"}],"about":[{"href":"https:\/\/www.plasticgranularmachine.com\/pt\/wp-json\/wp\/v2\/types\/product"}],"author":[{"embeddable":true,"href":"https:\/\/www.plasticgranularmachine.com\/pt\/wp-json\/wp\/v2\/users\/1"}],"wp:featuredmedia":[{"embeddable":true,"href":"https:\/\/www.plasticgranularmachine.com\/pt\/wp-json\/wp\/v2\/media\/1079"}],"wp:attachment":[{"href":"https:\/\/www.plasticgranularmachine.com\/pt\/wp-json\/wp\/v2\/media?parent=453"}],"wp:term":[{"taxonomy":"post_tag","embeddable":true,"href":"https:\/\/www.plasticgranularmachine.com\/pt\/wp-json\/wp\/v2\/tags?post=453"},{"taxonomy":"product-type","embeddable":true,"href":"https:\/\/www.plasticgranularmachine.com\/pt\/wp-json\/wp\/v2\/product-type?post=453"}],"curies":[{"name":"wp","href":"https:\/\/api.w.org\/{rel}","templated":true}]}}