{"id":495,"date":"2023-05-09T16:29:55","date_gmt":"2023-05-09T08:29:55","guid":{"rendered":"https:\/\/www.plasticgranularmachine.com\/?post_type=product&#038;p=495"},"modified":"2025-02-21T14:27:11","modified_gmt":"2025-02-21T06:27:11","slug":"hydraulic-plastic-baling-machine","status":"publish","type":"product","link":"https:\/\/www.plasticgranularmachine.com\/pt\/product\/hydraulic-plastic-baling-machine\/","title":{"rendered":"M\u00e1quina enfardadeira hidr\u00e1ulica de pl\u00e1stico"},"content":{"rendered":"<p>Usando uma enfardadeira hidr\u00e1ulica de pl\u00e1stico, os res\u00edduos de pl\u00e1stico s\u00e3o comprimidos e embalados em um fardo que pode ser transportado e armazenado facilmente. A Efficient Machinery fornece uma enfardadeira profissional que pode enfardar filmes pl\u00e1sticos e garrafas pl\u00e1sticas. <\/p>   <div class=\"wp-block-image\"> <figure class=\"aligncenter size-full\"><img loading=\"lazy\" decoding=\"async\" width=\"720\" height=\"540\" src=\"https:\/\/www.plasticgranularmachine.com\/wp-content\/uploads\/2023\/05\/raw-materials-of-plastic-baler1.webp\" alt=\"\" class=\"wp-image-497\" srcset=\"https:\/\/www.plasticgranularmachine.com\/wp-content\/uploads\/2023\/05\/raw-materials-of-plastic-baler1.webp 720w, https:\/\/www.plasticgranularmachine.com\/wp-content\/uploads\/2023\/05\/raw-materials-of-plastic-baler1-300x225.webp 300w\" sizes=\"auto, (max-width: 720px) 100vw, 720px\" \/><\/figure> <\/div>   <h2 class=\"wp-block-heading\">Aplica\u00e7\u00e3o de enfardadeira hidr\u00e1ulica de pl\u00e1stico<\/h2>    <p class=\"translation-block\">Instala\u00e7\u00f5es de reciclagem: A m\u00e1quina de enfardar pl\u00e1stico hidr\u00e1ulica \u00e9 comumente utilizada em instala\u00e7\u00f5es de reciclagem para comprimir e embalar res\u00edduos pl\u00e1sticos como garrafas e filmes pl\u00e1sticos. A enfardadeira de filme pl\u00e1stico pode embalar os materiais em fardos para facilitar o transporte e o armazenamento. Isto pode ajudar a reduzir o volume de res\u00edduos pl\u00e1sticos e facilitar o transporte e a reciclagem para uma <a href=\"https:\/\/www.plasticgranularmachine.com\/pt\/product\/plastic-film-recycling-line\/\">f\u00e1brica de reciclagem de pl\u00e1stico<\/a>.<\/p>    <p>Este \u00e9 um v\u00eddeo de feedback de nossos clientes no Togo, eles usam a enfardadeira de pl\u00e1stico para embalar sacos pl\u00e1sticos de res\u00edduos. <\/p>    <figure class=\"wp-block-embed is-type-video is-provider-youtube wp-block-embed-youtube wp-embed-aspect-16-9 wp-has-aspect-ratio\"><div class=\"wp-block-embed__wrapper\"> <iframe loading=\"lazy\" title=\"M\u00e1quina de enfardamento de garrafas de pl\u00e1stico eficiente: compress\u00e3o hidr\u00e1ulica de alta densidade!\" width=\"500\" height=\"281\" src=\"https:\/\/www.youtube.com\/embed\/o6Ju1yAOmuY?feature=oembed\" frameborder=\"0\" allow=\"accelerometer; autoplay; clipboard-write; encrypted-media; gyroscope; picture-in-picture; web-share\" referrerpolicy=\"strict-origin-when-cross-origin\" allowfullscreen><\/iframe> <\/div><\/figure>    <p>F\u00e1bricas: As f\u00e1bricas geralmente geram uma grande quantidade de res\u00edduos pl\u00e1sticos, como sucata de pe\u00e7as pl\u00e1sticas e materiais de embalagem. M\u00e1quinas enfardadeiras de pl\u00e1stico podem ser usadas para comprimir e embalar esses res\u00edduos em fardos para f\u00e1cil armazenamento e descarte.<\/p>    <p>Centros de gerenciamento de res\u00edduos: A enfardadeira de garrafas pl\u00e1sticas tamb\u00e9m \u00e9 usada em centros de gerenciamento de res\u00edduos para compactar e embalar res\u00edduos pl\u00e1sticos de resid\u00eancias e empresas. Isto pode ajudar a reduzir o volume de res\u00edduos pl\u00e1sticos em aterros. Al\u00e9m disso, pode promover um sistema de gest\u00e3o de res\u00edduos mais sustent\u00e1vel.<\/p>    <p>Ind\u00fastria agr\u00edcola: A enfardadeira hidr\u00e1ulica de filme tamb\u00e9m pode ser usada na ind\u00fastria agr\u00edcola para comprimir e embalar materiais pl\u00e1sticos, como filmes de estufa e tubos de irriga\u00e7\u00e3o. Isto pode ajudar os agricultores a gerir os seus res\u00edduos de pel\u00edcula pl\u00e1stica de forma mais eficiente.<\/p>   <div class=\"wp-block-image\"> <figure class=\"aligncenter size-full\"><img loading=\"lazy\" decoding=\"async\" width=\"540\" height=\"720\" src=\"https:\/\/www.plasticgranularmachine.com\/wp-content\/uploads\/2023\/05\/plastic-baler-machine-21.webp\" alt=\"enfardadeira de pl\u00e1stico\" class=\"wp-image-498\" srcset=\"https:\/\/www.plasticgranularmachine.com\/wp-content\/uploads\/2023\/05\/plastic-baler-machine-21.webp 540w, https:\/\/www.plasticgranularmachine.com\/wp-content\/uploads\/2023\/05\/plastic-baler-machine-21-225x300.webp 225w\" sizes=\"auto, (max-width: 540px) 100vw, 540px\" \/><figcaption class=\"wp-element-caption\">enfardadeira de pl\u00e1stico<\/figcaption><\/figure> <\/div>  <div class=\"wp-block-image\"> <figure class=\"aligncenter size-full\"><img loading=\"lazy\" decoding=\"async\" width=\"540\" height=\"720\" src=\"https:\/\/www.plasticgranularmachine.com\/wp-content\/uploads\/2023\/05\/plastic-baler-for-sale1.webp\" alt=\"enfardadeira de pl\u00e1stico\" class=\"wp-image-499\" srcset=\"https:\/\/www.plasticgranularmachine.com\/wp-content\/uploads\/2023\/05\/plastic-baler-for-sale1.webp 540w, https:\/\/www.plasticgranularmachine.com\/wp-content\/uploads\/2023\/05\/plastic-baler-for-sale1-225x300.webp 225w\" sizes=\"auto, (max-width: 540px) 100vw, 540px\" \/><figcaption class=\"wp-element-caption\">Enfardadeira hidr\u00e1ulica de pl\u00e1stico<\/figcaption><\/figure> <\/div>   <h2 class=\"wp-block-heading\">Estrutura da enfardadeira hidr\u00e1ulica<\/h2>   <div class=\"wp-block-image\"> <figure class=\"aligncenter size-full\"><img loading=\"lazy\" decoding=\"async\" width=\"720\" height=\"540\" src=\"https:\/\/www.plasticgranularmachine.com\/wp-content\/uploads\/2023\/05\/Waste-plastic-baling-machine-structure1.webp\" alt=\"Estrutura da m\u00e1quina de enfardamento de res\u00edduos de pl\u00e1stico\" class=\"wp-image-496\" srcset=\"https:\/\/www.plasticgranularmachine.com\/wp-content\/uploads\/2023\/05\/Waste-plastic-baling-machine-structure1.webp 720w, https:\/\/www.plasticgranularmachine.com\/wp-content\/uploads\/2023\/05\/Waste-plastic-baling-machine-structure1-300x225.webp 300w\" sizes=\"auto, (max-width: 720px) 100vw, 720px\" \/><figcaption class=\"wp-element-caption\">Estrutura da m\u00e1quina de enfardamento de res\u00edduos de pl\u00e1stico<\/figcaption><\/figure> <\/div>   <h2 class=\"wp-block-heading\">Vantagens da m\u00e1quina enfardadeira de sucata de garrafas pet<\/h2>    <p>Economia de espa\u00e7o: as enfardadeiras de sucata de garrafas PET s\u00e3o compactas e projetadas para ocupar um espa\u00e7o m\u00ednimo, o que as torna ideais para uso em \u00e1reas pequenas.<\/p>    <p>Alta efici\u00eancia: As m\u00e1quinas possuem alta capacidade de enfardamento e podem comprimir um grande volume de garrafas PET em um tamanho menor, economizando espa\u00e7o e reduzindo custos de transporte.<\/p>    <p>Maior seguran\u00e7a: As enfardadeiras de sucata de garrafas PET s\u00e3o equipadas com recursos de seguran\u00e7a que evitam acidentes durante a opera\u00e7\u00e3o. Tamb\u00e9m possuem bot\u00f5es de parada de emerg\u00eancia e outros mecanismos de seguran\u00e7a para garantir a seguran\u00e7a do operador.<\/p>    <h2 class=\"wp-block-heading\">Par\u00e2metros da m\u00e1quina enfardadeira de pl\u00e1stico hidr\u00e1ulico<\/h2>    <p>Os dados a seguir s\u00e3o os par\u00e2metros essenciais da enfardadeira de pl\u00e1stico, caso tenha interesse, entre em contato conosco e preencha o formul\u00e1rio de consulta em nosso site. Nosso gerente de vendas ter\u00e1 prazer em sugerir a m\u00e1quina mais adequada para voc\u00ea.<\/p>    <figure class=\"wp-block-table\"><table><tbody><tr><td>Modelo<\/td><td>Press\u00e3o (tonelada)<\/td><td>Pot\u00eancia (kw)<\/td><td>Tamanho (mm)<\/td><td>Produ\u00e7\u00e3o (t\/h)<\/td><td>Peso (tonelada)<\/td><\/tr><tr><td>SL-30<\/td><td>30<\/td><td>5.5<\/td><td>800*400*600<\/td><td>0,8-1T<\/td><td>0.8<\/td><\/tr><tr><td>SL-40<\/td><td>30<\/td><td>7.5<\/td><td>900*600*800<\/td><td>1-1,2T<\/td><td>1.3<\/td><\/tr><tr><td>SL-60<\/td><td>60<\/td><td>7.5<\/td><td>900*600*800<\/td><td>1,5-2T<\/td><td>1.5<\/td><\/tr><tr><td>SL-80<\/td><td>80<\/td><td>11<\/td><td>1100*800*1000<\/td><td>2-3T<\/td><td>2<\/td><\/tr><tr><td>SL-100<\/td><td>100<\/td><td>15<\/td><td>1100*800*1100<\/td><td>3-3,5T<\/td><td>2.8<\/td><\/tr><tr><td>SL-120<\/td><td>120<\/td><td>18.5<\/td><td>1200*800*1200<\/td><td>4-5T<\/td><td>3.2<\/td><\/tr><\/tbody><\/table><\/figure>","protected":false},"excerpt":{"rendered":"<p>Using a hydraulic plastic baling machine, waste plastic is compressed and packed into a bale that can be transported and stored easily. Efficient Machinery provides a professional baling machine that can bale plastic films and plastic bottles. Application of hydraulic plastic baling machine Recycling facilities: The hydraulic plastic baling machine is commonly used in recycling [&hellip;]<\/p>\n","protected":false},"author":1,"featured_media":500,"parent":0,"template":"","tags":[38],"product-type":[32],"class_list":["post-495","product","type-product","status-publish","has-post-thumbnail","hentry","tag-pet-recycling","product-type-plastic-baler"],"_links":{"self":[{"href":"https:\/\/www.plasticgranularmachine.com\/pt\/wp-json\/wp\/v2\/product\/495","targetHints":{"allow":["GET"]}}],"collection":[{"href":"https:\/\/www.plasticgranularmachine.com\/pt\/wp-json\/wp\/v2\/product"}],"about":[{"href":"https:\/\/www.plasticgranularmachine.com\/pt\/wp-json\/wp\/v2\/types\/product"}],"author":[{"embeddable":true,"href":"https:\/\/www.plasticgranularmachine.com\/pt\/wp-json\/wp\/v2\/users\/1"}],"wp:featuredmedia":[{"embeddable":true,"href":"https:\/\/www.plasticgranularmachine.com\/pt\/wp-json\/wp\/v2\/media\/500"}],"wp:attachment":[{"href":"https:\/\/www.plasticgranularmachine.com\/pt\/wp-json\/wp\/v2\/media?parent=495"}],"wp:term":[{"taxonomy":"post_tag","embeddable":true,"href":"https:\/\/www.plasticgranularmachine.com\/pt\/wp-json\/wp\/v2\/tags?post=495"},{"taxonomy":"product-type","embeddable":true,"href":"https:\/\/www.plasticgranularmachine.com\/pt\/wp-json\/wp\/v2\/product-type?post=495"}],"curies":[{"name":"wp","href":"https:\/\/api.w.org\/{rel}","templated":true}]}}