{"id":57,"date":"2022-06-23T07:15:29","date_gmt":"2022-06-23T07:15:29","guid":{"rendered":"http:\/\/tailwind-themes.local\/?post_type=product&#038;p=57"},"modified":"2025-01-06T09:57:37","modified_gmt":"2025-01-06T01:57:37","slug":"plastic-bottle-crushing-machine","status":"publish","type":"product","link":"https:\/\/www.plasticgranularmachine.com\/pt\/product\/plastic-bottle-crushing-machine\/","title":{"rendered":"M\u00e1quina trituradora de garrafas de pl\u00e1stico | M\u00e1quina trituradora de pl\u00e1stico"},"content":{"rendered":"<p class=\"translation-block\">A m\u00e1quina de tritura\u00e7\u00e3o de garrafas de pl\u00e1stico \u00e9 uma das principais m\u00e1quinas na <a href=\"https:\/\/www.plasticgranularmachine.com\/pt\/product\/pet-bottles-recycling-line\/\">linha de reciclagem de garrafas de pl\u00e1stico<\/a>. Pode triturar garrafas PET, garrafas PE, garrafas PP e outras garrafas de pl\u00e1stico em pequenos peda\u00e7os. Todos sabemos que as garrafas de pl\u00e1stico s\u00e3o grandes. Se n\u00e3o forem trituradas antecipadamente, ser\u00e1 dif\u00edcil de limpar. N\u00e3o \u00e9 f\u00e1cil reciclar garrafas de pl\u00e1stico. Portanto, este triturador de garrafas de pl\u00e1stico \u00e9 tamb\u00e9m o equipamento principal da linha de limpeza de garrafas de pl\u00e1stico.<\/p>   <div class=\"wp-block-image\"> <figure class=\"aligncenter size-full\"><img loading=\"lazy\" decoding=\"async\" width=\"720\" height=\"540\" src=\"https:\/\/www.plasticgranularmachine.com\/wp-content\/uploads\/2022\/06\/plastic-bottle-shredding-machine.webp\" alt=\"m\u00e1quina de tritura\u00e7\u00e3o de garrafas de pl\u00e1stico\" class=\"wp-image-1357\" srcset=\"https:\/\/www.plasticgranularmachine.com\/wp-content\/uploads\/2022\/06\/plastic-bottle-shredding-machine.webp 720w, https:\/\/www.plasticgranularmachine.com\/wp-content\/uploads\/2022\/06\/plastic-bottle-shredding-machine-300x225.webp 300w, https:\/\/www.plasticgranularmachine.com\/wp-content\/uploads\/2022\/06\/plastic-bottle-shredding-machine-16x12.webp 16w\" sizes=\"auto, (max-width: 720px) 100vw, 720px\" \/><figcaption class=\"wp-element-caption\">m\u00e1quina de tritura\u00e7\u00e3o de garrafas de pl\u00e1stico<\/figcaption><\/figure> <\/div>   <h2 class=\"wp-block-heading\">Como esmagar garrafas pl\u00e1sticas de \u00e1gua?<\/h2>    <p>Nosso triturador de pl\u00e1stico possui 6 facas m\u00f3veis e 4 facas fixas. Primeiro voc\u00ea precisa colocar a garrafa de pl\u00e1stico na porta de alimenta\u00e7\u00e3o da m\u00e1quina trituradora de garrafas de pl\u00e1stico. Em seguida, a m\u00e1quina aciona a cabe\u00e7a de corte m\u00f3vel para girar em alta velocidade atrav\u00e9s do motor. No processo de rota\u00e7\u00e3o em alta velocidade da faca m\u00f3vel, uma lacuna ser\u00e1 formada entre a faca m\u00f3vel e a faca fixa sob a a\u00e7\u00e3o da tend\u00eancia de movimento relativo da faca m\u00f3vel e da faca fixa. Isto aumentar\u00e1 o tamanho do entalhe de cisalhamento de pl\u00e1stico. Ent\u00e3o a faca ir\u00e1 esmagar o pl\u00e1stico em peda\u00e7os. O pl\u00e1stico triturado \u00e9 filtrado da folha de pl\u00e1stico atrav\u00e9s da tela. <\/p>    <p>O que precisamos fazer \u00e9 despejar os res\u00edduos de garrafas pl\u00e1sticas na porta de alimenta\u00e7\u00e3o da trituradora de pl\u00e1stico. E ent\u00e3o ligue o interruptor.<\/p>    <figure class=\"wp-block-embed is-type-video is-provider-youtube wp-block-embed-youtube wp-embed-aspect-16-9 wp-has-aspect-ratio\"><div class=\"wp-block-embed__wrapper\"> <iframe loading=\"lazy\" title=\"Planta de reciclagem de garrafas PET | V\u00eddeo do processo de reciclagem de PET 2022\" width=\"500\" height=\"281\" src=\"https:\/\/www.youtube.com\/embed\/e49v-pFLeJ0?feature=oembed\" frameborder=\"0\" allow=\"accelerometer; autoplay; clipboard-write; encrypted-media; gyroscope; picture-in-picture; web-share\" referrerpolicy=\"strict-origin-when-cross-origin\" allowfullscreen><\/iframe> <\/div><\/figure>    <h2 class=\"wp-block-heading\">Quais s\u00e3o as caracter\u00edsticas da m\u00e1quina trituradora de garrafas pl\u00e1sticas?<\/h2>    <ol class=\"wp-block-list\"> <li>A trituradora de pl\u00e1stico \u00e9 feita de a\u00e7o de alta qualidade. Portanto, possui caracter\u00edsticas de durabilidade e longa vida \u00fatil.<\/li>    <li>O tamanho da folha pl\u00e1stica pode ser customizado de acordo com sua necessidade.<\/li>    <li>A m\u00e1quina tem baixa velocidade e baixo ru\u00eddo.<\/li>    <li>A m\u00e1quina \u00e9 r\u00e1pida na descarga sem esc\u00f3ria.<\/li>    <li>F\u00e1cil de manter e limpar.<\/li> <\/ol>   <div class=\"wp-block-image\"> <figure class=\"aligncenter size-full\"><img loading=\"lazy\" decoding=\"async\" width=\"720\" height=\"540\" src=\"https:\/\/www.plasticgranularmachine.com\/wp-content\/uploads\/2022\/06\/blade-of-plastic-bottle-crusher.webp\" alt=\"l\u00e2mina de triturador de garrafa de pl\u00e1stico\" class=\"wp-image-1358\" srcset=\"https:\/\/www.plasticgranularmachine.com\/wp-content\/uploads\/2022\/06\/blade-of-plastic-bottle-crusher.webp 720w, https:\/\/www.plasticgranularmachine.com\/wp-content\/uploads\/2022\/06\/blade-of-plastic-bottle-crusher-300x225.webp 300w, https:\/\/www.plasticgranularmachine.com\/wp-content\/uploads\/2022\/06\/blade-of-plastic-bottle-crusher-16x12.webp 16w\" sizes=\"auto, (max-width: 720px) 100vw, 720px\" \/><figcaption class=\"wp-element-caption\">l\u00e2mina de triturador de garrafa de pl\u00e1stico<\/figcaption><\/figure> <\/div>   <h2 class=\"wp-block-heading\">Par\u00e2metros da m\u00e1quina<\/h2>    <figure class=\"wp-block-table\"><table><tbody><tr><td>Modelo<\/td><td>500<\/td><td>600<\/td><td>800<\/td><td>1000<\/td><td>1200<\/td><\/tr><tr><td>Capacidade (kg\/h)<\/td><td>200-500<\/td><td>800-1000<\/td><td>1200<\/td><td>1500<\/td><td>2000-2500<\/td><\/tr><tr><td>Motor (kw)<\/td><td>11<\/td><td>15-18.5<\/td><td>20-30<\/td><td>37<\/td><td>45<\/td><\/tr><tr><td>Faca (pcs)<\/td><td>5<\/td><td>8<\/td><td>10<\/td><td>12<\/td><td>12<\/td><\/tr><tr><td>Di\u00e2metro (mm)<\/td><td>325<\/td><td>377<\/td><td>425<\/td><td>425<\/td><td>500<\/td><\/tr><\/tbody><\/table><\/figure>    <p>Podemos ver pela tabela que temos cinco trituradores de garrafas pl\u00e1sticas com rendimentos diferentes. A produ\u00e7\u00e3o \u00e9 de 200-500kg\/h, 800-1000kg\/h, 1000kg\/h, 1500kg\/h e 2000-2500kg\/h respectivamente. Portanto, nossas m\u00e1quinas podem atender aos requisitos de mais de 90% de projetos de reciclagem de pl\u00e1stico no mercado.<\/p>   <div class=\"wp-block-image\"> <figure class=\"aligncenter size-full\"><img loading=\"lazy\" decoding=\"async\" width=\"720\" height=\"540\" src=\"https:\/\/www.plasticgranularmachine.com\/wp-content\/uploads\/2022\/06\/screen-of-the-plastic-bottle-crusher.webp\" alt=\"tela do triturador de garrafas de pl\u00e1stico\" class=\"wp-image-1356\" srcset=\"https:\/\/www.plasticgranularmachine.com\/wp-content\/uploads\/2022\/06\/screen-of-the-plastic-bottle-crusher.webp 720w, https:\/\/www.plasticgranularmachine.com\/wp-content\/uploads\/2022\/06\/screen-of-the-plastic-bottle-crusher-300x225.webp 300w, https:\/\/www.plasticgranularmachine.com\/wp-content\/uploads\/2022\/06\/screen-of-the-plastic-bottle-crusher-16x12.webp 16w\" sizes=\"auto, (max-width: 720px) 100vw, 720px\" \/><figcaption class=\"wp-element-caption\">tela do triturador de garrafas de pl\u00e1stico<\/figcaption><\/figure> <\/div>   <h2 class=\"wp-block-heading\">Usos de garrafas pl\u00e1sticas trituradas por m\u00e1quina trituradora de garrafas pl\u00e1sticas<\/h2>    <ol class=\"wp-block-list\"> <li>Fabrica\u00e7\u00e3o de garrafas pet. O que precisamos de saber \u00e9 que os pl\u00e1sticos reciclados n\u00e3o podem estar em contacto direto com os alimentos. Mas podemos us\u00e1-lo na camada intermedi\u00e1ria de garrafas pl\u00e1sticas.<\/li>    <li>Fia\u00e7\u00e3o de fabrica\u00e7\u00e3o <a href=\"https:\/\/en.wikipedia.org\/wiki\/Fiber\" target=\"_blank\" rel=\"noopener\">fibras<\/a>. Flocos de PET reciclados podem ser transformados em travesseiros, sacos de dormir, colch\u00f5es, cobertores e outros itens.<\/li>    <li>Al\u00e9m disso, flocos de pl\u00e1stico tamb\u00e9m podem ser transformados em \u00f3culos de sol, capas de celulares, acess\u00f3rios de moldagem por inje\u00e7\u00e3o industrial, capas de pl\u00e1stico para eletrodom\u00e9sticos, bolas de Natal, etc. Voc\u00ea tamb\u00e9m pode us\u00e1-los para fazer cadeiras de pl\u00e1stico, tijolos de constru\u00e7\u00e3o e decodificadores.<\/li> <\/ol>   <div class=\"wp-block-image\"> <figure class=\"aligncenter size-full\"><img loading=\"lazy\" decoding=\"async\" width=\"720\" height=\"540\" src=\"https:\/\/www.plasticgranularmachine.com\/wp-content\/uploads\/2022\/06\/plastic-bottle-flakes.jpg\" alt=\"flocos de garrafa de pl\u00e1stico\" class=\"wp-image-156\" srcset=\"https:\/\/www.plasticgranularmachine.com\/wp-content\/uploads\/2022\/06\/plastic-bottle-flakes.jpg 720w, https:\/\/www.plasticgranularmachine.com\/wp-content\/uploads\/2022\/06\/plastic-bottle-flakes-300x225.jpg 300w\" sizes=\"auto, (max-width: 720px) 100vw, 720px\" \/><figcaption class=\"wp-element-caption\">flocos de garrafa de pl\u00e1stico<\/figcaption><\/figure> <\/div>   <h2 class=\"wp-block-heading\">Quais s\u00e3o os nossos pontos fortes?<\/h2>    <p class=\"translation-block\"><a href=\"https:\/\/www.plasticgranularmachine.com\/pt\/\">A maquinaria pl\u00e1stica eficiente<\/a> \u00e9 um fabricante profissional de m\u00e1quinas de esmagar garrafas de pl\u00e1stico. Al\u00e9m das m\u00e1quinas de esmagar garrafas de pl\u00e1stico, tamb\u00e9m produzimos <a href=\"https:\/\/www.plasticgranularmachine.com\/pt\/product\/plastic-film-recycling-line\/\">equipamento de reciclagem de pel\u00edcula pl\u00e1stica<\/a>, <a href=\"https:\/\/www.plasticgranularmachine.com\/pt\/product\/eps-recycling-machine\/\">equipamento de reciclagem de espuma EPS<\/a> e uma s\u00e9rie de equipamentos de reciclagem. Como fabricante profissional, podemos fornecer esquemas de design razo\u00e1veis de acordo com as necessidades dos clientes. Ao mesmo tempo, tamb\u00e9m podemos fornecer servi\u00e7os personalizados. Portanto, a Efficient Machinery tem casos de sucesso em muitos pa\u00edses ao redor do mundo. Se precisar de uma m\u00e1quina de esmagar garrafas PET ou outro equipamento de reciclagem de pl\u00e1stico, n\u00e3o hesite em contactar-nos. Responderemos o mais breve poss\u00edvel.<\/p>   <div class=\"wp-block-image\"> <figure class=\"aligncenter size-full\"><img loading=\"lazy\" decoding=\"async\" width=\"720\" height=\"540\" src=\"https:\/\/www.plasticgranularmachine.com\/wp-content\/uploads\/2022\/06\/pet-bottle-crusher-in-the-factory.webp\" alt=\"triturador de garrafas pet na f\u00e1brica\" class=\"wp-image-1359\" srcset=\"https:\/\/www.plasticgranularmachine.com\/wp-content\/uploads\/2022\/06\/pet-bottle-crusher-in-the-factory.webp 720w, https:\/\/www.plasticgranularmachine.com\/wp-content\/uploads\/2022\/06\/pet-bottle-crusher-in-the-factory-300x225.webp 300w, https:\/\/www.plasticgranularmachine.com\/wp-content\/uploads\/2022\/06\/pet-bottle-crusher-in-the-factory-16x12.webp 16w\" sizes=\"auto, (max-width: 720px) 100vw, 720px\" \/><figcaption class=\"wp-element-caption\">triturador de garrafas pet na f\u00e1brica<\/figcaption><\/figure> <\/div>   <h2 class=\"wp-block-heading\" id=\"h-f-q\">Perguntas e respostas<\/h2>    <p>P: As garrafas pl\u00e1sticas trituradas s\u00e3o recicl\u00e1veis?<br>R: a resposta \u00e9 sim. Garrafas pl\u00e1sticas trituradas podem ser recicladas. Porque em todo o processo de reciclagem de garrafas pl\u00e1sticas, triturar as garrafas pl\u00e1sticas \u00e9 o primeiro passo. Portanto, n\u00e3o importa se voc\u00ea n\u00e3o recicla garrafas pl\u00e1sticas completas. Eles tamb\u00e9m podem ser triturados e reciclados.<\/p>    <p>P: Voc\u00ea precisa esmagar garrafas pl\u00e1sticas para recicl\u00e1-las?<br>R: Sim. Se voc\u00ea deseja se engajar na ind\u00fastria de reciclagem de pl\u00e1stico, voc\u00ea deve esmagar garrafas pl\u00e1sticas com a ajuda de uma m\u00e1quina trituradora de garrafas pl\u00e1sticas. Porque a garrafa de pl\u00e1stico \u00e9 grande. Por um lado \u00e9 dif\u00edcil de limpar, por outro lado n\u00e3o \u00e9 f\u00e1cil de granular.<\/p>","protected":false},"excerpt":{"rendered":"<p>Plastic bottle crushing machine is one of the main machines in the plastic bottle recycling line. It can crush PET bottles, PE bottles, PP bottles, and other plastic bottles into small pieces. We all know that plastic bottles are big. If it is not crushed in advance, it will be difficult to clean. It is [&hellip;]<\/p>\n","protected":false},"author":1,"featured_media":1184,"parent":0,"template":"","tags":[35,38],"product-type":[4],"class_list":["post-57","product","type-product","status-publish","has-post-thumbnail","hentry","tag-crushing","tag-pet-recycling","product-type-crushing-machine"],"_links":{"self":[{"href":"https:\/\/www.plasticgranularmachine.com\/pt\/wp-json\/wp\/v2\/product\/57","targetHints":{"allow":["GET"]}}],"collection":[{"href":"https:\/\/www.plasticgranularmachine.com\/pt\/wp-json\/wp\/v2\/product"}],"about":[{"href":"https:\/\/www.plasticgranularmachine.com\/pt\/wp-json\/wp\/v2\/types\/product"}],"author":[{"embeddable":true,"href":"https:\/\/www.plasticgranularmachine.com\/pt\/wp-json\/wp\/v2\/users\/1"}],"wp:featuredmedia":[{"embeddable":true,"href":"https:\/\/www.plasticgranularmachine.com\/pt\/wp-json\/wp\/v2\/media\/1184"}],"wp:attachment":[{"href":"https:\/\/www.plasticgranularmachine.com\/pt\/wp-json\/wp\/v2\/media?parent=57"}],"wp:term":[{"taxonomy":"post_tag","embeddable":true,"href":"https:\/\/www.plasticgranularmachine.com\/pt\/wp-json\/wp\/v2\/tags?post=57"},{"taxonomy":"product-type","embeddable":true,"href":"https:\/\/www.plasticgranularmachine.com\/pt\/wp-json\/wp\/v2\/product-type?post=57"}],"curies":[{"name":"wp","href":"https:\/\/api.w.org\/{rel}","templated":true}]}}