{"id":651,"date":"2023-12-15T16:39:39","date_gmt":"2023-12-15T08:39:39","guid":{"rendered":"https:\/\/www.plasticgranularmachine.com\/?post_type=product&#038;p=651"},"modified":"2025-01-06T10:02:06","modified_gmt":"2025-01-06T02:02:06","slug":"waste-bale-opener","status":"publish","type":"product","link":"https:\/\/www.plasticgranularmachine.com\/pt\/product\/waste-bale-opener\/","title":{"rendered":"Abridor de fardos de res\u00edduos | M\u00e1quina desbaladeira de pl\u00e1stico"},"content":{"rendered":"<p>O abridor de fardos de res\u00edduos \u00e9 um equipamento importante nas usinas de reciclagem de pl\u00e1stico, sua principal fun\u00e7\u00e3o \u00e9 desembrulhar os res\u00edduos de produtos pl\u00e1sticos extrudados e enfardados com alta efici\u00eancia, para criar comodidade para posterior processamento e classifica\u00e7\u00e3o.<\/p>    <figure class=\"wp-block-embed is-type-video is-provider-youtube wp-block-embed-youtube wp-embed-aspect-16-9 wp-has-aspect-ratio\"><div class=\"wp-block-embed__wrapper\"> <iframe loading=\"lazy\" title=\"Abridor de enfardadeira de garrafas PET | m\u00e1quina debaladora de pl\u00e1stico vertical\" width=\"500\" height=\"281\" src=\"https:\/\/www.youtube.com\/embed\/ujKPMvq7vLY?feature=oembed\" frameborder=\"0\" allow=\"accelerometer; autoplay; clipboard-write; encrypted-media; gyroscope; picture-in-picture; web-share\" referrerpolicy=\"strict-origin-when-cross-origin\" allowfullscreen><\/iframe> <\/div><\/figure>    <h2 class=\"wp-block-heading\">Aplica\u00e7\u00e3o de abridor de fardos de garrafas PET<\/h2>    <p>Usado principalmente para rasgar garrafas PET que foram comprimidas em tijolos de garrafas pl\u00e1sticas, desembalar e dispersar em garrafas individuais e, ao mesmo tempo, tem a capacidade de alimenta\u00e7\u00e3o quantitativa, o que \u00e9 conveniente para a posterior classifica\u00e7\u00e3o da produ\u00e7\u00e3o. Al\u00e9m dos tijolos de garrafas pl\u00e1sticas, o abridor de fardos de garrafas PET tamb\u00e9m pode desempacotar v\u00e1rios materiais, como sacos pl\u00e1sticos tecidos, sacos pl\u00e1sticos PE, sacos de papel kraft e outras embalagens compactadas de sacos.<\/p>   <div class=\"wp-block-image\"> <figure class=\"aligncenter size-full\"><img loading=\"lazy\" decoding=\"async\" width=\"720\" height=\"540\" src=\"https:\/\/www.plasticgranularmachine.com\/wp-content\/uploads\/2023\/12\/PET-Debaler-Machine.webp\" alt=\"Abridor de fardos de res\u00edduos \" class=\"wp-image-654\" srcset=\"https:\/\/www.plasticgranularmachine.com\/wp-content\/uploads\/2023\/12\/PET-Debaler-Machine.webp 720w, https:\/\/www.plasticgranularmachine.com\/wp-content\/uploads\/2023\/12\/PET-Debaler-Machine-300x225.webp 300w\" sizes=\"auto, (max-width: 720px) 100vw, 720px\" \/><\/figure> <\/div>  <div class=\"wp-block-image\"> <figure class=\"aligncenter size-full\"><img loading=\"lazy\" decoding=\"async\" width=\"720\" height=\"540\" src=\"https:\/\/www.plasticgranularmachine.com\/wp-content\/uploads\/2023\/12\/Debaler-Machine.webp\" alt=\"\" class=\"wp-image-653\" srcset=\"https:\/\/www.plasticgranularmachine.com\/wp-content\/uploads\/2023\/12\/Debaler-Machine.webp 720w, https:\/\/www.plasticgranularmachine.com\/wp-content\/uploads\/2023\/12\/Debaler-Machine-300x225.webp 300w\" sizes=\"auto, (max-width: 720px) 100vw, 720px\" \/><\/figure> <\/div>   <h2 class=\"wp-block-heading\">Caracter\u00edsticas da m\u00e1quina debaladeira de pl\u00e1stico vertical <\/h2>    <ul class=\"wp-block-list\"> <li>Melhorando a efici\u00eancia: O desempacotador de garrafas pl\u00e1sticas utiliza tecnologia avan\u00e7ada de desempacotamento para desempacotar garrafas pl\u00e1sticas comprimidas de forma eficiente e r\u00e1pida, aumentando a efici\u00eancia de todo o processo de reciclagem.<\/li>    <li>Protegendo a qualidade das garrafas pl\u00e1sticas: O design da m\u00e1quina abridora de fardos leva em considera\u00e7\u00e3o o manuseio leve das garrafas pl\u00e1sticas para garantir que a superf\u00edcie das garrafas n\u00e3o seja danificada durante o processo de desembalagem e sua qualidade original seja mantida.<\/li>    <li>Reduzindo a intensidade do trabalho: O uso da m\u00e1quina debaladeira de pl\u00e1stico reduz muito a intensidade do trabalho de desembalagem manual, proporcionando um ambiente de trabalho mais humano e seguro para as usinas de reciclagem.<\/li> <\/ul>","protected":false},"excerpt":{"rendered":"<p>Waste bale opener is an important piece of equipment in plastic recycling plants, its main function is to unwrap the extruded and baled waste plastic products with high efficiency, to create convenience for subsequent processing and classification. PET bottle bale opener application Mainly used for tearing off PET bottles that have been compressed into plastic [&hellip;]<\/p>\n","protected":false},"author":1,"featured_media":654,"parent":0,"template":"","tags":[38],"product-type":[32],"class_list":["post-651","product","type-product","status-publish","has-post-thumbnail","hentry","tag-pet-recycling","product-type-plastic-baler"],"_links":{"self":[{"href":"https:\/\/www.plasticgranularmachine.com\/pt\/wp-json\/wp\/v2\/product\/651","targetHints":{"allow":["GET"]}}],"collection":[{"href":"https:\/\/www.plasticgranularmachine.com\/pt\/wp-json\/wp\/v2\/product"}],"about":[{"href":"https:\/\/www.plasticgranularmachine.com\/pt\/wp-json\/wp\/v2\/types\/product"}],"author":[{"embeddable":true,"href":"https:\/\/www.plasticgranularmachine.com\/pt\/wp-json\/wp\/v2\/users\/1"}],"wp:featuredmedia":[{"embeddable":true,"href":"https:\/\/www.plasticgranularmachine.com\/pt\/wp-json\/wp\/v2\/media\/654"}],"wp:attachment":[{"href":"https:\/\/www.plasticgranularmachine.com\/pt\/wp-json\/wp\/v2\/media?parent=651"}],"wp:term":[{"taxonomy":"post_tag","embeddable":true,"href":"https:\/\/www.plasticgranularmachine.com\/pt\/wp-json\/wp\/v2\/tags?post=651"},{"taxonomy":"product-type","embeddable":true,"href":"https:\/\/www.plasticgranularmachine.com\/pt\/wp-json\/wp\/v2\/product-type?post=651"}],"curies":[{"name":"wp","href":"https:\/\/api.w.org\/{rel}","templated":true}]}}