{"id":656,"date":"2023-12-15T17:42:44","date_gmt":"2023-12-15T09:42:44","guid":{"rendered":"https:\/\/www.plasticgranularmachine.com\/?post_type=product&#038;p=656"},"modified":"2025-01-06T09:52:32","modified_gmt":"2025-01-06T01:52:32","slug":"hdpe-granules-making-machine","status":"publish","type":"product","link":"https:\/\/www.plasticgranularmachine.com\/pt\/product\/hdpe-granules-making-machine\/","title":{"rendered":"M\u00e1quina para fabricar gr\u00e2nulos de HDPE | M\u00e1quina de pelotiza\u00e7\u00e3o de pl\u00e1stico"},"content":{"rendered":"<p>Nossa peletizadora de pl\u00e1stico HDPE \u00e9 uma m\u00e1quina inovadora projetada para processar materiais duros de pl\u00e1stico HDPE, incluindo garrafas pl\u00e1sticas, tambores pl\u00e1sticos e assim por diante. Foi exportado com sucesso para o Qu\u00e9nia, Nig\u00e9ria, Costa do Marfim, Ar\u00e1bia Saudita e outros pa\u00edses togoleses. <\/p>    <p class=\"translation-block\">A nossa m\u00e1quina instalou uma linha completa de <strong><a href=\"https:\/\/www.plasticgranularmachine.com\/pt\/product\/plastic-granulating-line\/\" data-type=\"link\" data-id=\"https:\/\/www.plasticgranularmachine.com\/product\/plastic-granulating-line\/\">linha de reciclagem de pelletiza\u00e7\u00e3o de pl\u00e1stico<\/a><\/strong> para os nossos clientes, ajudando-os a processar uma grande quantidade de res\u00edduos de HDPE, e a produ\u00e7\u00e3o final de gr\u00e2nulos pl\u00e1sticos de alta qualidade conquistou os nossos clientes.<\/p>   <div class=\"wp-block-image\"> <figure class=\"aligncenter size-full\"><img loading=\"lazy\" decoding=\"async\" width=\"720\" height=\"540\" src=\"https:\/\/www.plasticgranularmachine.com\/wp-content\/uploads\/2023\/12\/Positive-feedback-from-clients-in-Cote-dIvoire1.webp\" alt=\"Feedback positivo de clientes na Costa do Marfim\" class=\"wp-image-1370\" srcset=\"https:\/\/www.plasticgranularmachine.com\/wp-content\/uploads\/2023\/12\/Positive-feedback-from-clients-in-Cote-dIvoire1.webp 720w, https:\/\/www.plasticgranularmachine.com\/wp-content\/uploads\/2023\/12\/Positive-feedback-from-clients-in-Cote-dIvoire1-300x225.webp 300w, https:\/\/www.plasticgranularmachine.com\/wp-content\/uploads\/2023\/12\/Positive-feedback-from-clients-in-Cote-dIvoire1-16x12.webp 16w\" sizes=\"auto, (max-width: 720px) 100vw, 720px\" \/><figcaption class=\"wp-element-caption\">Feedback positivo de clientes na Costa do Marfim<\/figcaption><\/figure> <\/div>  <div class=\"wp-block-image\"> <figure class=\"aligncenter size-full\"><img loading=\"lazy\" decoding=\"async\" width=\"720\" height=\"540\" src=\"https:\/\/www.plasticgranularmachine.com\/wp-content\/uploads\/2023\/01\/plasic-film-granulator.webp\" alt=\"granulador de filme pl\u00e1stico\" class=\"wp-image-477\" srcset=\"https:\/\/www.plasticgranularmachine.com\/wp-content\/uploads\/2023\/01\/plasic-film-granulator.webp 720w, https:\/\/www.plasticgranularmachine.com\/wp-content\/uploads\/2023\/01\/plasic-film-granulator-300x225.webp 300w\" sizes=\"auto, (max-width: 720px) 100vw, 720px\" \/><figcaption class=\"wp-element-caption\">M\u00e1quina de fabrica\u00e7\u00e3o de gr\u00e2nulos de HDPE enviada para a Ar\u00e1bia Saudita<\/figcaption><\/figure> <\/div>   <h2 class=\"wp-block-heading\">Processo de pelotiza\u00e7\u00e3o de reciclagem de pl\u00e1stico HDPE<\/h2>    <ul class=\"wp-block-list\"> <li>Fus\u00e3o: Os pellets secos de HDPE s\u00e3o alimentados no sistema de fus\u00e3o da m\u00e1quina de fazer gr\u00e2nulos de HDPE, onde s\u00e3o derretidos em altas temperaturas para transform\u00e1-los em um estado fluido, prontos para o subsequente processo de extrus\u00e3o.<\/li>    <li>Extrus\u00e3o: O material HDPE derretido passa pela extrusora e \u00e9 empurrado por um parafuso aquecido, que aquece ainda mais o material e o expulsa da matriz.<\/li>    <li>Resfriamento: A temperatura das tiras de pl\u00e1stico que acabam de sair da m\u00e1quina de fazer gr\u00e2nulos de HDPE \u00e9 muito alta, ent\u00e3o elas precisam ser resfriadas com tanques de \u00e1gua de resfriamento e, ao mesmo tempo, o resfriamento pode fazer o pl\u00e1stico endurecer rapidamente, para que ele pode ser conveniente para pelotiza\u00e7\u00e3o subsequente de pl\u00e1stico HDPE.<\/li>    <li>Corte: Finalmente, os pellets de HDPE cortados s\u00e3o cortados em comprimentos adequados para obter o pellet reciclado final.<\/li> <\/ul>   <div class=\"wp-block-image\"> <figure class=\"aligncenter size-full\"><img loading=\"lazy\" decoding=\"async\" width=\"720\" height=\"540\" src=\"https:\/\/www.plasticgranularmachine.com\/wp-content\/uploads\/2023\/12\/plastic-granulator-in-the-factory.webp\" alt=\"granulador de pl\u00e1stico na f\u00e1brica\" class=\"wp-image-1371\" srcset=\"https:\/\/www.plasticgranularmachine.com\/wp-content\/uploads\/2023\/12\/plastic-granulator-in-the-factory.webp 720w, https:\/\/www.plasticgranularmachine.com\/wp-content\/uploads\/2023\/12\/plastic-granulator-in-the-factory-300x225.webp 300w, https:\/\/www.plasticgranularmachine.com\/wp-content\/uploads\/2023\/12\/plastic-granulator-in-the-factory-16x12.webp 16w\" sizes=\"auto, (max-width: 720px) 100vw, 720px\" \/><figcaption class=\"wp-element-caption\">granulador de pl\u00e1stico na f\u00e1brica<\/figcaption><\/figure> <\/div>   <h2 class=\"wp-block-heading\">Par\u00e2metros da m\u00e1quina de pelotiza\u00e7\u00e3o HDPE <\/h2>    <p>Os quatro modelos a seguir s\u00e3o os tipos mais avan\u00e7ados de nossas m\u00e1quinas de pelotiza\u00e7\u00e3o de pl\u00e1stico e suas capacidades podem atender \u00e0s necessidades da maioria dos clientes. Por\u00e9m, se voc\u00ea precisar de um modelo maior, tamb\u00e9m podemos personaliz\u00e1-lo, fique \u00e0 vontade para nos contatar a qualquer momento. <\/p>    <figure class=\"wp-block-table\"><table><tbody><tr><td>Modelo de m\u00e1quina<\/td><td>SL-125<\/td><td>SL-150<\/td><td>SL-180<\/td><td>SL-200<\/td><\/tr><tr><td>Di\u00e2metro do parafuso<\/td><td>125mm<\/td><td>150mm<\/td><td>180mm<\/td><td>200mm<\/td><\/tr><tr><td>Velocidade do fuso<\/td><td>50-70\/min<\/td><td>40-50\/min<\/td><td>40-50\/min<\/td><td>40-50\/min<\/td><\/tr><tr><td>Pot\u00eancia do motor principal<\/td><td>30KW<\/td><td>37KW<\/td><td>55 kW<\/td><td>75 kW<\/td><\/tr><tr><td>Redutor (engrenagem r\u00edgida)<\/td><td>225<\/td><td>250<\/td><td>280<\/td><td>315<\/td><\/tr><tr><td>Tamanho<\/td><td>2.6*0.7*0.7<\/td><td>3.0*0.7*0.7<\/td><td>3.2*0.7*0.7<\/td><td>3.5*1*1<\/td><\/tr><tr><td>Sa\u00edda<\/td><td>180kg\/hora<\/td><td>300kg\/hora<\/td><td>350kg\/hora<\/td><td>380kg\/hora<\/td><\/tr><\/tbody><\/table><\/figure>   <div class=\"wp-block-image\"> <figure class=\"aligncenter size-full\"><img loading=\"lazy\" decoding=\"async\" width=\"720\" height=\"540\" src=\"https:\/\/www.plasticgranularmachine.com\/wp-content\/uploads\/2023\/12\/HDPE-granules-making-machine.webp\" alt=\"M\u00e1quina para fazer gr\u00e2nulos de HDPE\" class=\"wp-image-1372\" srcset=\"https:\/\/www.plasticgranularmachine.com\/wp-content\/uploads\/2023\/12\/HDPE-granules-making-machine.webp 720w, https:\/\/www.plasticgranularmachine.com\/wp-content\/uploads\/2023\/12\/HDPE-granules-making-machine-300x225.webp 300w, https:\/\/www.plasticgranularmachine.com\/wp-content\/uploads\/2023\/12\/HDPE-granules-making-machine-16x12.webp 16w\" sizes=\"auto, (max-width: 720px) 100vw, 720px\" \/><figcaption class=\"wp-element-caption\">M\u00e1quina para fazer gr\u00e2nulos de HDPE<\/figcaption><\/figure> <\/div>   <h2 class=\"wp-block-heading\">Feedback da Costa do Marfim sobre a m\u00e1quina de fabrica\u00e7\u00e3o de gr\u00e2nulos de HDPE <\/h2>    <figure class=\"wp-block-embed is-type-video is-provider-youtube wp-block-embed-youtube wp-embed-aspect-16-9 wp-has-aspect-ratio\"><div class=\"wp-block-embed__wrapper\"> <iframe loading=\"lazy\" title=\"Feedback do cliente! Processo de fabrica\u00e7\u00e3o de gr\u00e2nulos de HDPE na Costa do Marfim\" width=\"500\" height=\"281\" src=\"https:\/\/www.youtube.com\/embed\/44dq-0uQ3V0?start=18&#038;feature=oembed\" frameborder=\"0\" allow=\"accelerometer; autoplay; clipboard-write; encrypted-media; gyroscope; picture-in-picture; web-share\" referrerpolicy=\"strict-origin-when-cross-origin\" allowfullscreen><\/iframe> <\/div><\/figure>","protected":false},"excerpt":{"rendered":"<p>Our HDPE plastic pellet machine is an innovative machine designed for processing HDPE plastic hard materials, including plastic bottles, plastic drums and so on. It has been successfully exported to Kenya, Nigeria, Cote d&#8217;Ivoire, Saudi Arabia and other Togolese countries. Our machine has set up a complete plastic pelletizing recycling line for our customers, helping [&hellip;]<\/p>\n","protected":false},"author":1,"featured_media":1267,"parent":0,"template":"","tags":[36,18],"product-type":[5],"class_list":["post-656","product","type-product","status-publish","has-post-thumbnail","hentry","tag-hard-plastic-recycling","tag-pelletizing-machine","product-type-plastic-pelletizer"],"_links":{"self":[{"href":"https:\/\/www.plasticgranularmachine.com\/pt\/wp-json\/wp\/v2\/product\/656","targetHints":{"allow":["GET"]}}],"collection":[{"href":"https:\/\/www.plasticgranularmachine.com\/pt\/wp-json\/wp\/v2\/product"}],"about":[{"href":"https:\/\/www.plasticgranularmachine.com\/pt\/wp-json\/wp\/v2\/types\/product"}],"author":[{"embeddable":true,"href":"https:\/\/www.plasticgranularmachine.com\/pt\/wp-json\/wp\/v2\/users\/1"}],"wp:featuredmedia":[{"embeddable":true,"href":"https:\/\/www.plasticgranularmachine.com\/pt\/wp-json\/wp\/v2\/media\/1267"}],"wp:attachment":[{"href":"https:\/\/www.plasticgranularmachine.com\/pt\/wp-json\/wp\/v2\/media?parent=656"}],"wp:term":[{"taxonomy":"post_tag","embeddable":true,"href":"https:\/\/www.plasticgranularmachine.com\/pt\/wp-json\/wp\/v2\/tags?post=656"},{"taxonomy":"product-type","embeddable":true,"href":"https:\/\/www.plasticgranularmachine.com\/pt\/wp-json\/wp\/v2\/product-type?post=656"}],"curies":[{"name":"wp","href":"https:\/\/api.w.org\/{rel}","templated":true}]}}