{"id":660,"date":"2023-12-18T11:16:13","date_gmt":"2023-12-18T03:16:13","guid":{"rendered":"https:\/\/www.plasticgranularmachine.com\/?post_type=product&#038;p=660"},"modified":"2025-01-06T09:54:03","modified_gmt":"2025-01-06T01:54:03","slug":"trommel-screen","status":"publish","type":"product","link":"https:\/\/www.plasticgranularmachine.com\/pt\/product\/trommel-screen\/","title":{"rendered":"M\u00e1quina de tela Trommel para garrafas PET"},"content":{"rendered":"<p>As peneiras basculantes s\u00e3o equipamentos usados \u200b\u200bna f\u00e1brica de reciclagem de garrafas pl\u00e1sticas para purificar efetivamente os res\u00edduos pl\u00e1sticos por meio de triagem e classifica\u00e7\u00e3o, fornecendo uma base de material clara e organizada para as etapas subsequentes de processamento.<\/p>   <div class=\"wp-block-image\"> <figure class=\"aligncenter size-full\"><img loading=\"lazy\" decoding=\"async\" width=\"720\" height=\"540\" src=\"https:\/\/www.plasticgranularmachine.com\/wp-content\/uploads\/2023\/12\/industrial-trommel-machine.webp\" alt=\"Tela Trommel\" class=\"wp-image-662\" srcset=\"https:\/\/www.plasticgranularmachine.com\/wp-content\/uploads\/2023\/12\/industrial-trommel-machine.webp 720w, https:\/\/www.plasticgranularmachine.com\/wp-content\/uploads\/2023\/12\/industrial-trommel-machine-300x225.webp 300w\" sizes=\"auto, (max-width: 720px) 100vw, 720px\" \/><\/figure> <\/div>  <div class=\"wp-block-image\"> <figure class=\"aligncenter size-full\"><img loading=\"lazy\" decoding=\"async\" width=\"720\" height=\"540\" src=\"https:\/\/www.plasticgranularmachine.com\/wp-content\/uploads\/2023\/12\/industrial-trommel.webp\" alt=\"\" class=\"wp-image-661\" srcset=\"https:\/\/www.plasticgranularmachine.com\/wp-content\/uploads\/2023\/12\/industrial-trommel.webp 720w, https:\/\/www.plasticgranularmachine.com\/wp-content\/uploads\/2023\/12\/industrial-trommel-300x225.webp 300w\" sizes=\"auto, (max-width: 720px) 100vw, 720px\" \/><\/figure> <\/div>   <h2 class=\"wp-block-heading\">Introdu\u00e7\u00e3o da tela trommel para reciclagem de pl\u00e1stico<\/h2>    <p>Uma peneira trommel geralmente consiste em uma estrutura de tela principal, uma entrada, um tambor, um motor e sistema de acionamento, uma malha de tela e uma sa\u00edda de esc\u00f3ria.<\/p>    <p>Atrav\u00e9s do tambor girat\u00f3rio e da malha de tela razoavelmente projetada, a peneira girat\u00f3ria faz o lixo pl\u00e1stico rolar e girar, separando os detritos e mat\u00e9rias-primas n\u00e3o conformes.<\/p>    <h2 class=\"wp-block-heading\">Por que voc\u00ea precisa de uma m\u00e1quina de peneira trommel para garrafas PET?<\/h2>    <p>No geral, o uso de telas trommel em linhas de reciclagem de garrafas pl\u00e1sticas desempenha um papel de pr\u00e9-tratamento e ajuda a melhorar a efici\u00eancia da reciclagem e a qualidade dos flocos de PET. Os pontos a seguir explicar\u00e3o os detalhes espec\u00edficos.<\/p>    <ul class=\"wp-block-list\"> <li>Triagem de tamanho: As telas tipo tumbler podem ser usadas para peneirar garrafas pl\u00e1sticas de diferentes tamanhos, separando garrafas grandes, m\u00e9dias e pequenas. Isto ajuda nas etapas subsequentes de processamento, garantindo que cada tamanho de garrafa possa ser alimentado no equipamento apropriado para processamento.<\/li>    <li>Remo\u00e7\u00e3o de Impurezas: As peneiras para garrafas PET s\u00e3o eficazes na remo\u00e7\u00e3o de impurezas como pedras, metais, etc. Isto ajuda a evitar que estes contaminantes danifiquem outros equipamentos de reciclagem e melhora a efici\u00eancia de todo o processo de reciclagem.<\/li>    <li>Purifica\u00e7\u00e3o de materiais: Atrav\u00e9s da tela do copo, pode ser realizada a purifica\u00e7\u00e3o inicial dos res\u00edduos de garrafas pl\u00e1sticas, removendo fixa\u00e7\u00f5es superficiais, sujeira e assim por diante. Isto ajuda a melhorar a qualidade do produto final e garante que o pl\u00e1stico reciclado atende aos crit\u00e9rios de reutiliza\u00e7\u00e3o.<\/li> <\/ul>    <h2 class=\"wp-block-heading\">Linha de reciclagem de garrafas pl\u00e1sticas relacionadas<\/h2>    <p class=\"translation-block\">A <strong><a href=\"https:\/\/www.plasticgranularmachine.com\/pt\/product\/pet-bottles-recycling-line\/\" data-type=\"link\" data-id=\"https:\/\/www.plasticgranularmachine.com\/product\/pet-bottles-recycling-line\/\">linha de reciclagem de garrafas PET<\/a><\/strong> adota um processo avan\u00e7ado para fragmentar garrafas pl\u00e1sticas PET descartadas atrav\u00e9s de um triturador, que \u00e9 posteriormente lavado por uma m\u00e1quina de lavar para remover poluentes, e, por fim, atrav\u00e9s de um sistema de secagem para remover \u00e1gua, resultando em flocos de PET limpos e secos.<\/p>   <div class=\"wp-block-image\"> <figure class=\"aligncenter size-full is-resized\"><img loading=\"lazy\" decoding=\"async\" width=\"720\" height=\"540\" src=\"https:\/\/www.plasticgranularmachine.com\/wp-content\/uploads\/2022\/06\/PET-bottle-recycling-machine.webp\" alt=\"\" class=\"wp-image-578\" style=\"width:720px;height:auto\" srcset=\"https:\/\/www.plasticgranularmachine.com\/wp-content\/uploads\/2022\/06\/PET-bottle-recycling-machine.webp 720w, https:\/\/www.plasticgranularmachine.com\/wp-content\/uploads\/2022\/06\/PET-bottle-recycling-machine-300x225.webp 300w\" sizes=\"auto, (max-width: 720px) 100vw, 720px\" \/><figcaption class=\"wp-element-caption\">linha de reciclagem de garrafas pl\u00e1sticas<\/figcaption><\/figure> <\/div>","protected":false},"excerpt":{"rendered":"<p>Tumbler screens are equipment used in the plastic bottle recycling factory to effectively purify plastic waste through screening and sorting, providing a clear and organized material base for subsequent processing steps. Introduction of trommel screen for plastic recycling A trommel screen usually consists of a main screen frame, an inlet, a drum, a motor and [&hellip;]<\/p>\n","protected":false},"author":1,"featured_media":662,"parent":0,"template":"","tags":[38],"product-type":[32],"class_list":["post-660","product","type-product","status-publish","has-post-thumbnail","hentry","tag-pet-recycling","product-type-plastic-baler"],"_links":{"self":[{"href":"https:\/\/www.plasticgranularmachine.com\/pt\/wp-json\/wp\/v2\/product\/660","targetHints":{"allow":["GET"]}}],"collection":[{"href":"https:\/\/www.plasticgranularmachine.com\/pt\/wp-json\/wp\/v2\/product"}],"about":[{"href":"https:\/\/www.plasticgranularmachine.com\/pt\/wp-json\/wp\/v2\/types\/product"}],"author":[{"embeddable":true,"href":"https:\/\/www.plasticgranularmachine.com\/pt\/wp-json\/wp\/v2\/users\/1"}],"wp:featuredmedia":[{"embeddable":true,"href":"https:\/\/www.plasticgranularmachine.com\/pt\/wp-json\/wp\/v2\/media\/662"}],"wp:attachment":[{"href":"https:\/\/www.plasticgranularmachine.com\/pt\/wp-json\/wp\/v2\/media?parent=660"}],"wp:term":[{"taxonomy":"post_tag","embeddable":true,"href":"https:\/\/www.plasticgranularmachine.com\/pt\/wp-json\/wp\/v2\/tags?post=660"},{"taxonomy":"product-type","embeddable":true,"href":"https:\/\/www.plasticgranularmachine.com\/pt\/wp-json\/wp\/v2\/product-type?post=660"}],"curies":[{"name":"wp","href":"https:\/\/api.w.org\/{rel}","templated":true}]}}