{"id":663,"date":"2023-12-18T16:19:34","date_gmt":"2023-12-18T08:19:34","guid":{"rendered":"https:\/\/www.plasticgranularmachine.com\/?post_type=product&#038;p=663"},"modified":"2025-01-06T10:00:16","modified_gmt":"2025-01-06T02:00:16","slug":"plastic-strip-cutting-machine","status":"publish","type":"product","link":"https:\/\/www.plasticgranularmachine.com\/pt\/product\/plastic-strip-cutting-machine\/","title":{"rendered":"M\u00e1quina de corte de tiras de pl\u00e1stico"},"content":{"rendered":"<p>A peletizadora de pl\u00e1stico \u00e9 a \u00faltima etapa da linha de pelotiza\u00e7\u00e3o, ela cortar\u00e1 as longas tiras de pl\u00e1stico em pequenos pellets para posterior embalagem e venda.<\/p>    <figure class=\"wp-block-gallery aligncenter has-nested-images columns-default is-cropped wp-block-gallery-2 is-layout-flex wp-block-gallery-is-layout-flex\"> <figure class=\"wp-block-image size-full\"><img loading=\"lazy\" decoding=\"async\" width=\"720\" height=\"540\" data-id=\"1339\" src=\"https:\/\/www.plasticgranularmachine.com\/wp-content\/uploads\/2023\/12\/plastic-pelletizing-line-includes-plastic-dana-cutter.webp\" alt=\"linha de pelotiza\u00e7\u00e3o de pl\u00e1stico inclui cortador de pl\u00e1stico dana\" class=\"wp-image-1339\" srcset=\"https:\/\/www.plasticgranularmachine.com\/wp-content\/uploads\/2023\/12\/plastic-pelletizing-line-includes-plastic-dana-cutter.webp 720w, https:\/\/www.plasticgranularmachine.com\/wp-content\/uploads\/2023\/12\/plastic-pelletizing-line-includes-plastic-dana-cutter-300x225.webp 300w, https:\/\/www.plasticgranularmachine.com\/wp-content\/uploads\/2023\/12\/plastic-pelletizing-line-includes-plastic-dana-cutter-16x12.webp 16w\" sizes=\"auto, (max-width: 720px) 100vw, 720px\" \/><figcaption class=\"wp-element-caption\">linha de pelotiza\u00e7\u00e3o de pl\u00e1stico inclui cortador de pl\u00e1stico dana<\/figcaption><\/figure>    <figure class=\"wp-block-image size-full\"><img loading=\"lazy\" decoding=\"async\" width=\"720\" height=\"540\" data-id=\"1340\" src=\"https:\/\/www.plasticgranularmachine.com\/wp-content\/uploads\/2023\/12\/Plastic-pellet-making-machine.webp\" alt=\"M\u00e1quina de fazer pellets de pl\u00e1stico\" class=\"wp-image-1340\" srcset=\"https:\/\/www.plasticgranularmachine.com\/wp-content\/uploads\/2023\/12\/Plastic-pellet-making-machine.webp 720w, https:\/\/www.plasticgranularmachine.com\/wp-content\/uploads\/2023\/12\/Plastic-pellet-making-machine-300x225.webp 300w, https:\/\/www.plasticgranularmachine.com\/wp-content\/uploads\/2023\/12\/Plastic-pellet-making-machine-16x12.webp 16w\" sizes=\"auto, (max-width: 720px) 100vw, 720px\" \/><figcaption class=\"wp-element-caption\">M\u00e1quina de fazer pellets de pl\u00e1stico<\/figcaption><\/figure> <\/figure>    <h2 class=\"wp-block-heading\">Aplica\u00e7\u00e3o de m\u00e1quina de corte de tiras de pl\u00e1stico<\/h2>    <p>\u00c9 adequado para m\u00e1quinas de pelotiza\u00e7\u00e3o de pl\u00e1stico ap\u00f3s puxar tiras, usadas para PVC, PP, LDPE, HDPE, LLDPE e outras pelotiza\u00e7\u00f5es de pl\u00e1stico.<\/p>    <figure class=\"wp-block-gallery has-nested-images columns-default is-cropped wp-block-gallery-3 is-layout-flex wp-block-gallery-is-layout-flex\"> <figure class=\"wp-block-image size-large\"><img loading=\"lazy\" decoding=\"async\" width=\"720\" height=\"540\" data-id=\"1337\" src=\"https:\/\/www.plasticgranularmachine.com\/wp-content\/uploads\/2023\/12\/plastic-dana-cutting-machine.webp\" alt=\"m\u00e1quina de corte de pl\u00e1stico dana\" class=\"wp-image-1337\" srcset=\"https:\/\/www.plasticgranularmachine.com\/wp-content\/uploads\/2023\/12\/plastic-dana-cutting-machine.webp 720w, https:\/\/www.plasticgranularmachine.com\/wp-content\/uploads\/2023\/12\/plastic-dana-cutting-machine-300x225.webp 300w, https:\/\/www.plasticgranularmachine.com\/wp-content\/uploads\/2023\/12\/plastic-dana-cutting-machine-16x12.webp 16w\" sizes=\"auto, (max-width: 720px) 100vw, 720px\" \/><figcaption class=\"wp-element-caption\">m\u00e1quina de corte de pl\u00e1stico dana<\/figcaption><\/figure>    <figure class=\"wp-block-image size-large\"><img loading=\"lazy\" decoding=\"async\" width=\"720\" height=\"540\" data-id=\"1338\" src=\"https:\/\/www.plasticgranularmachine.com\/wp-content\/uploads\/2023\/12\/Plastic-Strip-Cutting-Machine-1.webp\" alt=\"M\u00e1quina de corte de tiras de pl\u00e1stico\" class=\"wp-image-1338\" srcset=\"https:\/\/www.plasticgranularmachine.com\/wp-content\/uploads\/2023\/12\/Plastic-Strip-Cutting-Machine-1.webp 720w, https:\/\/www.plasticgranularmachine.com\/wp-content\/uploads\/2023\/12\/Plastic-Strip-Cutting-Machine-1-300x225.webp 300w, https:\/\/www.plasticgranularmachine.com\/wp-content\/uploads\/2023\/12\/Plastic-Strip-Cutting-Machine-1-16x12.webp 16w\" sizes=\"auto, (max-width: 720px) 100vw, 720px\" \/><figcaption class=\"wp-element-caption\">M\u00e1quina de corte de tiras de pl\u00e1stico<\/figcaption><\/figure> <\/figure>    <h2 class=\"wp-block-heading\">Estrutura da m\u00e1quina de corte de pellets de pl\u00e1stico <\/h2>    <p>O peletizador de pl\u00e1stico \u00e9 composto principalmente de placa, rolo de press\u00e3o e dispositivo de transmiss\u00e3o.<\/p>    <figure class=\"wp-block-gallery has-nested-images columns-default is-cropped wp-block-gallery-4 is-layout-flex wp-block-gallery-is-layout-flex\"> <figure class=\"wp-block-image size-large\"><img loading=\"lazy\" decoding=\"async\" width=\"720\" height=\"540\" data-id=\"1341\" src=\"https:\/\/www.plasticgranularmachine.com\/wp-content\/uploads\/2023\/12\/details-of-the-plastic-pellet-making-machine.webp\" alt=\"detalhes da m\u00e1quina de fazer pellets de pl\u00e1stico\" class=\"wp-image-1341\" srcset=\"https:\/\/www.plasticgranularmachine.com\/wp-content\/uploads\/2023\/12\/details-of-the-plastic-pellet-making-machine.webp 720w, https:\/\/www.plasticgranularmachine.com\/wp-content\/uploads\/2023\/12\/details-of-the-plastic-pellet-making-machine-300x225.webp 300w, https:\/\/www.plasticgranularmachine.com\/wp-content\/uploads\/2023\/12\/details-of-the-plastic-pellet-making-machine-16x12.webp 16w\" sizes=\"auto, (max-width: 720px) 100vw, 720px\" \/><figcaption class=\"wp-element-caption\">detalhes da m\u00e1quina de fazer pellets de pl\u00e1stico<\/figcaption><\/figure>    <figure class=\"wp-block-image size-large\"><img loading=\"lazy\" decoding=\"async\" width=\"720\" height=\"540\" data-id=\"1342\" src=\"https:\/\/www.plasticgranularmachine.com\/wp-content\/uploads\/2023\/12\/hob-of-the-plastic-dana-cutter-machine.webp\" alt=\"fog\u00e3o da m\u00e1quina cortadora de pl\u00e1stico dana\" class=\"wp-image-1342\" srcset=\"https:\/\/www.plasticgranularmachine.com\/wp-content\/uploads\/2023\/12\/hob-of-the-plastic-dana-cutter-machine.webp 720w, https:\/\/www.plasticgranularmachine.com\/wp-content\/uploads\/2023\/12\/hob-of-the-plastic-dana-cutter-machine-300x225.webp 300w, https:\/\/www.plasticgranularmachine.com\/wp-content\/uploads\/2023\/12\/hob-of-the-plastic-dana-cutter-machine-16x12.webp 16w\" sizes=\"auto, (max-width: 720px) 100vw, 720px\" \/><figcaption class=\"wp-element-caption\">fog\u00e3o da m\u00e1quina cortadora de pl\u00e1stico dana<\/figcaption><\/figure> <\/figure>    <h2 class=\"wp-block-heading\">Par\u00e2metros da m\u00e1quina de corte de tiras de pl\u00e1stico<\/h2>    <figure class=\"wp-block-table\"><table><tbody><tr><td>Tipo<\/td><td>Poder<\/td><td>Largura das facas<\/td><td>Tipo de faca<\/td><\/tr><tr><td>SL-180<\/td><td>3<\/td><td>180<\/td><td>fog\u00e3o<\/td><\/tr><tr><td>SL-220<\/td><td>5.5<\/td><td>220<\/td><td>fog\u00e3o<\/td><\/tr><tr><td>SL-260<\/td><td>5.5<\/td><td>260<\/td><td>fog\u00e3o<\/td><\/tr><\/tbody><\/table><\/figure>   <div class=\"wp-block-image\"> <figure class=\"aligncenter size-full\"><img loading=\"lazy\" decoding=\"async\" width=\"540\" height=\"720\" src=\"https:\/\/www.plasticgranularmachine.com\/wp-content\/uploads\/2023\/12\/plastic-dana-cutter.webp\" alt=\"cortador de pl\u00e1stico dana\" class=\"wp-image-1343\" srcset=\"https:\/\/www.plasticgranularmachine.com\/wp-content\/uploads\/2023\/12\/plastic-dana-cutter.webp 540w, https:\/\/www.plasticgranularmachine.com\/wp-content\/uploads\/2023\/12\/plastic-dana-cutter-225x300.webp 225w, https:\/\/www.plasticgranularmachine.com\/wp-content\/uploads\/2023\/12\/plastic-dana-cutter-9x12.webp 9w\" sizes=\"auto, (max-width: 540px) 100vw, 540px\" \/><figcaption class=\"wp-element-caption\">cortador de pl\u00e1stico dana<\/figcaption><\/figure> <\/div>   <h2 class=\"wp-block-heading\">A opera\u00e7\u00e3o da m\u00e1quina de corte de pellets de pl\u00e1stico deve ser observada<\/h2>    <ul class=\"wp-block-list\"> <li>Enchimento do operador, deve ter boa apar\u00eancia, n\u00e3o entrar nos detritos do material, controlar a temperatura.<\/li>    <li>A temperatura da \u00e1gua geralmente deve estar entre 50 \u2013 60 \u2103, baixa, f\u00e1cil de quebrar a tira, al\u00e9m de f\u00e1cil de colar. No in\u00edcio, a temperatura da \u00e1gua n\u00e3o \u00e9 est\u00e1vel, o gr\u00e3o cortado pode ser usado para cortar o transportador da m\u00e1quina de gr\u00e3os por um per\u00edodo de tempo, e assim a temperatura da \u00e1gua aumenta e ent\u00e3o deixa a m\u00e1quina de corte de pellets de pl\u00e1stico cortar automaticamente o pl\u00e1stico, para n\u00e3o quebrar a tira.<\/li>    <li>Os gr\u00e2nulos de corte devem ser puxados uniformemente antes da tira no rolo de press\u00e3o, caso contr\u00e1rio danificar\u00e1 o cortador de pellets de pl\u00e1stico.<\/li> <\/ul>    <h2 class=\"wp-block-heading\">Linha de pelotiza\u00e7\u00e3o de pl\u00e1stico relacionada <\/h2>    <p class=\"translation-block\">A linha <strong><a href=\"https:\/\/www.plasticgranularmachine.com\/pt\/product\/plastic-film-recycling-line\/\" data-type=\"link\" data-id=\"https:\/\/www.plasticgranularmachine.com\/product\/plastic-film-recycling-line\/\">de pelletiza\u00e7\u00e3o de pl\u00e1stico<\/a><\/strong> inclui granula\u00e7\u00e3o de pl\u00e1stico, trituradores de pl\u00e1stico, m\u00e1quinas de lavagem de pl\u00e1stico e m\u00e1quinas de corte de fitas de pl\u00e1stico. Se \u00e9 uma f\u00e1brica de reciclagem de pl\u00e1stico ou vai iniciar um novo neg\u00f3cio de reciclagem, sinta-se \u00e0 vontade para contactar-nos a qualquer momento. Vamos personalizar uma solu\u00e7\u00e3o completa de pelletiza\u00e7\u00e3o de pl\u00e1stico para si.<\/p>    <figure class=\"wp-block-embed is-type-video is-provider-youtube wp-block-embed-youtube wp-embed-aspect-16-9 wp-has-aspect-ratio\"><div class=\"wp-block-embed__wrapper\"> <iframe loading=\"lazy\" title=\"Dos res\u00edduos aos pellets: veja nossa m\u00e1quina granuladora de pl\u00e1stico em a\u00e7\u00e3o!\" width=\"500\" height=\"281\" src=\"https:\/\/www.youtube.com\/embed\/RyomHQQR0cQ?feature=oembed\" frameborder=\"0\" allow=\"accelerometer; autoplay; clipboard-write; encrypted-media; gyroscope; picture-in-picture; web-share\" referrerpolicy=\"strict-origin-when-cross-origin\" allowfullscreen><\/iframe> <\/div><\/figure>","protected":false},"excerpt":{"rendered":"<p>Plastic pelletizer is the last step of the pelletizing line, it will cut the long plastic strips into small pellets for subsequent packaging and sales. Application of Plastic Strip Cutting Machine It is suitable for plastic pelletizing machines after pulling strips, used for PVC, PP, LDPE, HDPE, LLDPE and other plastic pelletizing. Plastic pellet cutting [&hellip;]<\/p>\n","protected":false},"author":1,"featured_media":1224,"parent":0,"template":"","tags":[37],"product-type":[4],"class_list":["post-663","product","type-product","status-publish","has-post-thumbnail","hentry","tag-pelletizing","product-type-crushing-machine"],"_links":{"self":[{"href":"https:\/\/www.plasticgranularmachine.com\/pt\/wp-json\/wp\/v2\/product\/663","targetHints":{"allow":["GET"]}}],"collection":[{"href":"https:\/\/www.plasticgranularmachine.com\/pt\/wp-json\/wp\/v2\/product"}],"about":[{"href":"https:\/\/www.plasticgranularmachine.com\/pt\/wp-json\/wp\/v2\/types\/product"}],"author":[{"embeddable":true,"href":"https:\/\/www.plasticgranularmachine.com\/pt\/wp-json\/wp\/v2\/users\/1"}],"wp:featuredmedia":[{"embeddable":true,"href":"https:\/\/www.plasticgranularmachine.com\/pt\/wp-json\/wp\/v2\/media\/1224"}],"wp:attachment":[{"href":"https:\/\/www.plasticgranularmachine.com\/pt\/wp-json\/wp\/v2\/media?parent=663"}],"wp:term":[{"taxonomy":"post_tag","embeddable":true,"href":"https:\/\/www.plasticgranularmachine.com\/pt\/wp-json\/wp\/v2\/tags?post=663"},{"taxonomy":"product-type","embeddable":true,"href":"https:\/\/www.plasticgranularmachine.com\/pt\/wp-json\/wp\/v2\/product-type?post=663"}],"curies":[{"name":"wp","href":"https:\/\/api.w.org\/{rel}","templated":true}]}}