{"id":674,"date":"2023-12-18T17:36:14","date_gmt":"2023-12-18T09:36:14","guid":{"rendered":"https:\/\/www.plasticgranularmachine.com\/?post_type=product&#038;p=674"},"modified":"2025-01-06T09:43:22","modified_gmt":"2025-01-06T01:43:22","slug":"plastic-foam-granulator","status":"publish","type":"product","link":"https:\/\/www.plasticgranularmachine.com\/pt\/product\/plastic-foam-granulator\/","title":{"rendered":"Granulador de espuma pl\u00e1stica EPE"},"content":{"rendered":"<p>O granulador de espuma pl\u00e1stica EPE \u00e9 especialmente usado para processar a espuma feita de EPE em gr\u00e2nulos. Os gr\u00e2nulos de pl\u00e1stico finais t\u00eam tamanho limpo e cor uniforme e receberam bons coment\u00e1rios do mercado.<\/p>   <div class=\"wp-block-image\"> <figure class=\"aligncenter size-full\"><img loading=\"lazy\" decoding=\"async\" width=\"720\" height=\"540\" src=\"https:\/\/www.plasticgranularmachine.com\/wp-content\/uploads\/2023\/12\/EPE-granulator-1.webp\" alt=\"Granulador EPE\" class=\"wp-image-1254\" srcset=\"https:\/\/www.plasticgranularmachine.com\/wp-content\/uploads\/2023\/12\/EPE-granulator-1.webp 720w, https:\/\/www.plasticgranularmachine.com\/wp-content\/uploads\/2023\/12\/EPE-granulator-1-300x225.webp 300w, https:\/\/www.plasticgranularmachine.com\/wp-content\/uploads\/2023\/12\/EPE-granulator-1-16x12.webp 16w\" sizes=\"auto, (max-width: 720px) 100vw, 720px\" \/><figcaption class=\"wp-element-caption\">Granulador EPE<\/figcaption><\/figure> <\/div>   <h2 class=\"wp-block-heading\">Vantagens da m\u00e1quina extrusora de espuma EPE<\/h2>    <ul class=\"wp-block-list\"> <li><strong>Ampla gama de aplica\u00e7\u00f5es:<\/strong> Os granuladores de espuma EPE personalizados podem atender com efic\u00e1cia a v\u00e1rias escalas de produ\u00e7\u00e3o de pelotiza\u00e7\u00e3o de EPE.<\/li>    <li><strong>F\u00e1cil de operar:<\/strong> Equipado com gabinete inteligente, pode controlar o andamento da produ\u00e7\u00e3o em tempo real e parar quando parado.<\/li>    <li><strong>Alta Efici\u00eancia Econ\u00f4mica:<\/strong> boa qualidade das part\u00edculas acabadas, alto valor econ\u00f4mico, baixo custo de manuten\u00e7\u00e3o do peletizador.<\/li> <\/ul>    <p>As vantagens da m\u00e1quina de extrus\u00e3o EPE s\u00e3o mais do que isso, vamos continuar a explorar os seus segredos juntos!<\/p>    <figure class=\"wp-block-gallery has-nested-images columns-default is-cropped wp-block-gallery-2 is-layout-flex wp-block-gallery-is-layout-flex\"> <figure class=\"wp-block-image size-large\"><img loading=\"lazy\" decoding=\"async\" width=\"720\" height=\"540\" data-id=\"1262\" src=\"https:\/\/www.plasticgranularmachine.com\/wp-content\/uploads\/2023\/12\/polystyrene-granuales-machine.webp\" alt=\"m\u00e1quina de granulados de poliestireno\" class=\"wp-image-1262\" srcset=\"https:\/\/www.plasticgranularmachine.com\/wp-content\/uploads\/2023\/12\/polystyrene-granuales-machine.webp 720w, https:\/\/www.plasticgranularmachine.com\/wp-content\/uploads\/2023\/12\/polystyrene-granuales-machine-300x225.webp 300w, https:\/\/www.plasticgranularmachine.com\/wp-content\/uploads\/2023\/12\/polystyrene-granuales-machine-16x12.webp 16w\" sizes=\"auto, (max-width: 720px) 100vw, 720px\" \/><figcaption class=\"wp-element-caption\">m\u00e1quina de granulados de poliestireno<\/figcaption><\/figure>    <figure class=\"wp-block-image size-full\"><img loading=\"lazy\" decoding=\"async\" width=\"720\" height=\"540\" data-id=\"1264\" src=\"https:\/\/www.plasticgranularmachine.com\/wp-content\/uploads\/2023\/12\/plastic-foam-granulator.webp\" alt=\"granulador de espuma pl\u00e1stica\" class=\"wp-image-1264\" srcset=\"https:\/\/www.plasticgranularmachine.com\/wp-content\/uploads\/2023\/12\/plastic-foam-granulator.webp 720w, https:\/\/www.plasticgranularmachine.com\/wp-content\/uploads\/2023\/12\/plastic-foam-granulator-300x225.webp 300w, https:\/\/www.plasticgranularmachine.com\/wp-content\/uploads\/2023\/12\/plastic-foam-granulator-16x12.webp 16w\" sizes=\"auto, (max-width: 720px) 100vw, 720px\" \/><figcaption class=\"wp-element-caption\">granulador de espuma pl\u00e1stica<\/figcaption><\/figure> <\/figure>    <h2 class=\"wp-block-heading\">Mat\u00e9rias-primas do granulador de espuma pl\u00e1stica<\/h2>    <ul class=\"wp-block-list\"> <li>Material de embalagem: A espuma EPE \u00e9 amplamente utilizada em embalagens, especialmente para itens fr\u00e1geis, como produtos eletr\u00f4nicos, produtos de vidro, cer\u00e2mica, etc.<\/li>    <li>Material isolante: Devido \u00e0s suas propriedades isolantes, a espuma EPE pode ser utilizada na constru\u00e7\u00e3o e engenharia, como material isolante para telhados, paredes e outras pe\u00e7as.<\/li>    <li>Enchimento de embalagens: Usado como pacote e material de enchimento para encher caixas e itens de pacote e proteger mercadorias contra danos no transporte.<\/li> <\/ul>    <figure class=\"wp-block-gallery has-nested-images columns-default is-cropped wp-block-gallery-3 is-layout-flex wp-block-gallery-is-layout-flex\"> <figure class=\"wp-block-image size-large\"><img loading=\"lazy\" decoding=\"async\" width=\"720\" height=\"540\" data-id=\"1257\" src=\"https:\/\/www.plasticgranularmachine.com\/wp-content\/uploads\/2023\/12\/styrofoam-packaging-peanuts.webp\" alt=\"embalagem de isopor de amendoim\" class=\"wp-image-1257\" srcset=\"https:\/\/www.plasticgranularmachine.com\/wp-content\/uploads\/2023\/12\/styrofoam-packaging-peanuts.webp 720w, https:\/\/www.plasticgranularmachine.com\/wp-content\/uploads\/2023\/12\/styrofoam-packaging-peanuts-300x225.webp 300w, https:\/\/www.plasticgranularmachine.com\/wp-content\/uploads\/2023\/12\/styrofoam-packaging-peanuts-16x12.webp 16w\" sizes=\"auto, (max-width: 720px) 100vw, 720px\" \/><figcaption class=\"wp-element-caption\">embalagem de isopor de amendoim<\/figcaption><\/figure>    <figure class=\"wp-block-image size-large\"><img loading=\"lazy\" decoding=\"async\" width=\"720\" height=\"540\" data-id=\"1255\" src=\"https:\/\/www.plasticgranularmachine.com\/wp-content\/uploads\/2023\/12\/epe-packaging.webp\" alt=\"embalagem epe\" class=\"wp-image-1255\" srcset=\"https:\/\/www.plasticgranularmachine.com\/wp-content\/uploads\/2023\/12\/epe-packaging.webp 720w, https:\/\/www.plasticgranularmachine.com\/wp-content\/uploads\/2023\/12\/epe-packaging-300x225.webp 300w, https:\/\/www.plasticgranularmachine.com\/wp-content\/uploads\/2023\/12\/epe-packaging-16x12.webp 16w\" sizes=\"auto, (max-width: 720px) 100vw, 720px\" \/><figcaption class=\"wp-element-caption\">embalagem epe<\/figcaption><\/figure>    <figure class=\"wp-block-image size-large\"><img loading=\"lazy\" decoding=\"async\" width=\"720\" height=\"540\" data-id=\"1256\" src=\"https:\/\/www.plasticgranularmachine.com\/wp-content\/uploads\/2023\/12\/polystyrene-materials.webp\" alt=\"materiais de poliestireno\" class=\"wp-image-1256\" srcset=\"https:\/\/www.plasticgranularmachine.com\/wp-content\/uploads\/2023\/12\/polystyrene-materials.webp 720w, https:\/\/www.plasticgranularmachine.com\/wp-content\/uploads\/2023\/12\/polystyrene-materials-300x225.webp 300w, https:\/\/www.plasticgranularmachine.com\/wp-content\/uploads\/2023\/12\/polystyrene-materials-16x12.webp 16w\" sizes=\"auto, (max-width: 720px) 100vw, 720px\" \/><figcaption class=\"wp-element-caption\">materiais de poliestireno<\/figcaption><\/figure> <\/figure>    <h2 class=\"wp-block-heading\">Produtos finais da m\u00e1quina granuladora de espuma pl\u00e1stica EPE<\/h2>   <div class=\"wp-block-image\"> <figure class=\"aligncenter size-large\"><img loading=\"lazy\" decoding=\"async\" width=\"540\" height=\"720\" src=\"https:\/\/www.plasticgranularmachine.com\/wp-content\/uploads\/2023\/12\/epe-foam-granules.webp\" alt=\"gr\u00e2nulos de espuma epe\" class=\"wp-image-1258\" srcset=\"https:\/\/www.plasticgranularmachine.com\/wp-content\/uploads\/2023\/12\/epe-foam-granules.webp 540w, https:\/\/www.plasticgranularmachine.com\/wp-content\/uploads\/2023\/12\/epe-foam-granules-225x300.webp 225w, https:\/\/www.plasticgranularmachine.com\/wp-content\/uploads\/2023\/12\/epe-foam-granules-9x12.webp 9w\" sizes=\"auto, (max-width: 540px) 100vw, 540px\" \/><figcaption class=\"wp-element-caption\">gr\u00e2nulos de espuma epe<\/figcaption><\/figure> <\/div>   <p>Nossos granuladores de espuma pl\u00e1stica podem produzir pellets de pl\u00e1stico de alta qualidade de forma est\u00e1vel, mesmo em ambientes de produ\u00e7\u00e3o adversos. Os produtos finais podem ser utilizados para fabricar novos produtos pl\u00e1sticos e possuem alto valor econ\u00f4mico.<\/p>    <h2 class=\"wp-block-heading\">Princ\u00edpio de funcionamento da m\u00e1quina granuladora EPE<\/h2>    <p>Esmagamento: Assim que a espuma entra na m\u00e1quina granuladora EPE, ela primeiro passa por um sistema de britagem. Esta etapa foi projetada para quebrar grandes peda\u00e7os de espuma em peda\u00e7os menores para processamento posterior.<\/p>    <p>Aquecimento e fus\u00e3o: Os blocos de espuma triturados passam por um sistema de aquecimento que os derrete at\u00e9 um estado fluido. Esta etapa ajuda a alterar as propriedades f\u00edsicas do material de espuma, facilitando seu processamento.<\/p>    <p>Extrus\u00e3o: O material de espuma parcialmente derretido \u00e9 alimentado no sistema de extrus\u00e3o e finalmente extrudado em tiras pela matriz.<\/p>   <div class=\"wp-block-image\"> <figure class=\"aligncenter size-full\"><img loading=\"lazy\" decoding=\"async\" width=\"720\" height=\"540\" src=\"https:\/\/www.plasticgranularmachine.com\/wp-content\/uploads\/2023\/12\/epe-foam-extruder.webp\" alt=\"extrusora de espuma epe\" class=\"wp-image-1259\" srcset=\"https:\/\/www.plasticgranularmachine.com\/wp-content\/uploads\/2023\/12\/epe-foam-extruder.webp 720w, https:\/\/www.plasticgranularmachine.com\/wp-content\/uploads\/2023\/12\/epe-foam-extruder-300x225.webp 300w, https:\/\/www.plasticgranularmachine.com\/wp-content\/uploads\/2023\/12\/epe-foam-extruder-16x12.webp 16w\" sizes=\"auto, (max-width: 720px) 100vw, 720px\" \/><figcaption class=\"wp-element-caption\">extrusora de espuma epe<\/figcaption><\/figure> <\/div>   <p>Resfriamento: A tira pl\u00e1stica passa por um tanque de resfriamento para reduzir sua temperatura, garantindo estabilidade e cura do pl\u00e1stico.<\/p>    <p>Corte: A tira pl\u00e1stica resfriada passa por uma peletizadora, onde \u00e9 cortada no comprimento desejado de pellets.<\/p>   <div class=\"wp-block-image\"> <figure class=\"aligncenter size-full\"><img loading=\"lazy\" decoding=\"async\" width=\"720\" height=\"540\" src=\"https:\/\/www.plasticgranularmachine.com\/wp-content\/uploads\/2023\/12\/EPE-Foam-Machines.webp\" alt=\"M\u00e1quinas de espuma EPE\" class=\"wp-image-1260\" srcset=\"https:\/\/www.plasticgranularmachine.com\/wp-content\/uploads\/2023\/12\/EPE-Foam-Machines.webp 720w, https:\/\/www.plasticgranularmachine.com\/wp-content\/uploads\/2023\/12\/EPE-Foam-Machines-300x225.webp 300w, https:\/\/www.plasticgranularmachine.com\/wp-content\/uploads\/2023\/12\/EPE-Foam-Machines-16x12.webp 16w\" sizes=\"auto, (max-width: 720px) 100vw, 720px\" \/><figcaption class=\"wp-element-caption\">M\u00e1quinas de espuma EPE<\/figcaption><\/figure> <\/div>   <h2 class=\"wp-block-heading\">V\u00eddeo de trabalho da m\u00e1quina de pelotiza\u00e7\u00e3o de espuma pl\u00e1stica<\/h2>    <figure class=\"wp-block-embed is-type-video is-provider-youtube wp-block-embed-youtube wp-embed-aspect-16-9 wp-has-aspect-ratio\"><div class=\"wp-block-embed__wrapper\"> <iframe loading=\"lazy\" title=\"M\u00e1quina de pelotiza\u00e7\u00e3o para reciclagem de espuma pl\u00e1stica EPE | Linha de produ\u00e7\u00e3o de gr\u00e2nulos EPE\" width=\"500\" height=\"281\" src=\"https:\/\/www.youtube.com\/embed\/7o_JFLpl5F4?start=11&#038;feature=oembed\" frameborder=\"0\" allow=\"accelerometer; autoplay; clipboard-write; encrypted-media; gyroscope; picture-in-picture; web-share\" referrerpolicy=\"strict-origin-when-cross-origin\" allowfullscreen><\/iframe> <\/div><\/figure>    <p class=\"translation-block\">Este v\u00eddeo mostra como um granulador de espuma pl\u00e1stica EPE funciona na completa <a href=\"https:\/\/www.plasticgranularmachine.com\/pt\/product\/eps-recycling-machine\/\" data-type=\"link\" data-id=\"https:\/\/www.plasticgranularmachine.com\/product\/eps-recycling-machine\/\"><em>linha de reciclagem de styrofoam<\/em><\/a>. Transformando grandes res\u00edduos de espuma em pellets reciclados de alta qualidade, este pelletizador de styrofoam faz um bom trabalho\uff01<\/p>    <h2 class=\"wp-block-heading\">Resumindo<\/h2>    <p>Se tiver alguma d\u00favida sobre a reciclagem de EPE ou precisar de m\u00e1quinas para a produ\u00e7\u00e3o de pellets de espuma, n\u00e3o hesite em contactar-nos. A ampla gama de aplica\u00e7\u00f5es e a grande capacidade das nossas m\u00e1quinas de pelletiza\u00e7\u00e3o de espuma tornam-nas adequadas para todos os tamanhos de produ\u00e7\u00e3o. Se tiver necessidades especiais, tamb\u00e9m podemos fornecer m\u00e1quinas personalizadas.<\/p>","protected":false},"excerpt":{"rendered":"<p>O granulador de espuma pl\u00e1stica EPE \u00e9 projetado especificamente para transformar espuma EPE em gr\u00e2nulos reciclados, que possuem alto valor.<\/p>","protected":false},"author":1,"featured_media":1253,"parent":0,"template":"","tags":[18,33],"product-type":[5],"class_list":["post-674","product","type-product","status-publish","has-post-thumbnail","hentry","tag-pelletizing-machine","tag-styrofoam-recycling","product-type-plastic-pelletizer"],"_links":{"self":[{"href":"https:\/\/www.plasticgranularmachine.com\/pt\/wp-json\/wp\/v2\/product\/674","targetHints":{"allow":["GET"]}}],"collection":[{"href":"https:\/\/www.plasticgranularmachine.com\/pt\/wp-json\/wp\/v2\/product"}],"about":[{"href":"https:\/\/www.plasticgranularmachine.com\/pt\/wp-json\/wp\/v2\/types\/product"}],"author":[{"embeddable":true,"href":"https:\/\/www.plasticgranularmachine.com\/pt\/wp-json\/wp\/v2\/users\/1"}],"wp:featuredmedia":[{"embeddable":true,"href":"https:\/\/www.plasticgranularmachine.com\/pt\/wp-json\/wp\/v2\/media\/1253"}],"wp:attachment":[{"href":"https:\/\/www.plasticgranularmachine.com\/pt\/wp-json\/wp\/v2\/media?parent=674"}],"wp:term":[{"taxonomy":"post_tag","embeddable":true,"href":"https:\/\/www.plasticgranularmachine.com\/pt\/wp-json\/wp\/v2\/tags?post=674"},{"taxonomy":"product-type","embeddable":true,"href":"https:\/\/www.plasticgranularmachine.com\/pt\/wp-json\/wp\/v2\/product-type?post=674"}],"curies":[{"name":"wp","href":"https:\/\/api.w.org\/{rel}","templated":true}]}}