{"id":682,"date":"2023-12-20T11:02:23","date_gmt":"2023-12-20T03:02:23","guid":{"rendered":"https:\/\/www.plasticgranularmachine.com\/?post_type=product&#038;p=682"},"modified":"2025-01-06T10:01:40","modified_gmt":"2025-01-06T02:01:40","slug":"storage-bin-for-plastic-pellets","status":"publish","type":"product","link":"https:\/\/www.plasticgranularmachine.com\/pt\/product\/storage-bin-for-plastic-pellets\/","title":{"rendered":"Caixa de armazenamento para pellets de pl\u00e1stico"},"content":{"rendered":"<p>A caixa de armazenamento eficiente para pellets de pl\u00e1stico \u00e9 um equipamento independente para uma f\u00e1brica de reciclagem. O produto final da linha de produ\u00e7\u00e3o de pellets pl\u00e1sticos precisa ser armazenado de forma adequada, portanto, se voc\u00ea \u00e9 um reciclador de pl\u00e1stico, entre em contato conosco!<\/p>    <h2 class=\"wp-block-heading\">Planta de fabrica\u00e7\u00e3o de caixas de armazenamento de pellets de pl\u00e1stico<\/h2>    <figure class=\"wp-block-embed is-type-video is-provider-youtube wp-block-embed-youtube wp-embed-aspect-16-9 wp-has-aspect-ratio\"><div class=\"wp-block-embed__wrapper\"> <iframe loading=\"lazy\" title=\"Silos de armazenamento personaliz\u00e1veis \u200b\u200bpara gr\u00e2nulos de pl\u00e1stico em f\u00e1brica de reciclagem de pl\u00e1stico\" width=\"500\" height=\"281\" src=\"https:\/\/www.youtube.com\/embed\/mWDMYbnqnXE?start=2&#038;feature=oembed\" frameborder=\"0\" allow=\"accelerometer; autoplay; clipboard-write; encrypted-media; gyroscope; picture-in-picture; web-share\" referrerpolicy=\"strict-origin-when-cross-origin\" allowfullscreen><\/iframe> <\/div><\/figure>    <h2 class=\"wp-block-heading\">Caracter\u00edsticas do silo de estoque de pelotas de pl\u00e1stico<\/h2>    <p>Sele\u00e7\u00e3o do material: Os silos para pellets pl\u00e1sticos s\u00e3o geralmente feitos de a\u00e7o inoxid\u00e1vel, que \u00e9 resistente \u00e0 abras\u00e3o e \u00e0 corros\u00e3o, para garantir que n\u00e3o haja contamina\u00e7\u00e3o dos pellets pl\u00e1sticos armazenados e que sejam dur\u00e1veis.<\/p>    <p>Design \u00e0 prova de umidade: Os silos s\u00e3o projetados com um recurso \u00e0 prova de umidade que evita que a umidade afete os pellets e mant\u00e9m a qualidade dos pellets.<\/p>    <p class=\"translation-block\">Capacidade Personalizada: A capacidade do silo pode ser personalizada de acordo com a procura de produ\u00e7\u00e3o, geralmente com diferentes especifica\u00e7\u00f5es, como 1 tonelada, 5 toneladas, 10 toneladas, etc., para se adaptar a diferentes escalas de <strong><a href=\"https:\/\/www.plasticgranularmachine.com\/pt\/product\/plastic-film-recycling-line\/\" data-type=\"link\" data-id=\"https:\/\/www.plasticgranularmachine.com\/product\/plastic-film-recycling-line\/\">produ\u00e7\u00e3o de granulado de pl\u00e1stico<\/a><\/strong>.<\/p>    <p>Projeto de seguran\u00e7a: Os silos s\u00e3o constru\u00eddos e utilizados tendo em mente a seguran\u00e7a do operador e podem incluir projetos para evitar o despejo de pellets e medidas de seguran\u00e7a correspondentes.<\/p>    <h2 class=\"wp-block-heading\">Fotos adicionais da caixa de armazenamento para pellets de pl\u00e1stico na f\u00e1brica<\/h2>    <figure class=\"wp-block-gallery has-nested-images columns-default is-cropped wp-block-gallery-2 is-layout-flex wp-block-gallery-is-layout-flex\"> <figure class=\"wp-block-image size-large\"><img loading=\"lazy\" decoding=\"async\" width=\"540\" height=\"720\" data-id=\"688\" src=\"https:\/\/www.plasticgranularmachine.com\/wp-content\/uploads\/2023\/12\/plastic-stock-bin.webp\" alt=\"\" class=\"wp-image-688\" srcset=\"https:\/\/www.plasticgranularmachine.com\/wp-content\/uploads\/2023\/12\/plastic-stock-bin.webp 540w, https:\/\/www.plasticgranularmachine.com\/wp-content\/uploads\/2023\/12\/plastic-stock-bin-225x300.webp 225w\" sizes=\"auto, (max-width: 540px) 100vw, 540px\" \/><\/figure>    <figure class=\"wp-block-image size-large\"><img loading=\"lazy\" decoding=\"async\" width=\"540\" height=\"720\" data-id=\"691\" src=\"https:\/\/www.plasticgranularmachine.com\/wp-content\/uploads\/2023\/12\/silo.webp\" alt=\"Caixa de armazenamento para pellets de pl\u00e1stico\" class=\"wp-image-691\" srcset=\"https:\/\/www.plasticgranularmachine.com\/wp-content\/uploads\/2023\/12\/silo.webp 540w, https:\/\/www.plasticgranularmachine.com\/wp-content\/uploads\/2023\/12\/silo-225x300.webp 225w\" sizes=\"auto, (max-width: 540px) 100vw, 540px\" \/><\/figure> <\/figure>    <figure class=\"wp-block-gallery has-nested-images columns-default is-cropped wp-block-gallery-3 is-layout-flex wp-block-gallery-is-layout-flex\"> <figure class=\"wp-block-image size-large\"><img loading=\"lazy\" decoding=\"async\" width=\"540\" height=\"720\" data-id=\"687\" src=\"https:\/\/www.plasticgranularmachine.com\/wp-content\/uploads\/2023\/12\/plastic-pellet-silo.webp\" alt=\"\" class=\"wp-image-687\" srcset=\"https:\/\/www.plasticgranularmachine.com\/wp-content\/uploads\/2023\/12\/plastic-pellet-silo.webp 540w, https:\/\/www.plasticgranularmachine.com\/wp-content\/uploads\/2023\/12\/plastic-pellet-silo-225x300.webp 225w\" sizes=\"auto, (max-width: 540px) 100vw, 540px\" \/><\/figure>    <figure class=\"wp-block-image size-full\"><img loading=\"lazy\" decoding=\"async\" width=\"540\" height=\"720\" data-id=\"685\" src=\"https:\/\/www.plasticgranularmachine.com\/wp-content\/uploads\/2023\/12\/plastic-granule-silo.webp\" alt=\"\" class=\"wp-image-685\" srcset=\"https:\/\/www.plasticgranularmachine.com\/wp-content\/uploads\/2023\/12\/plastic-granule-silo.webp 540w, https:\/\/www.plasticgranularmachine.com\/wp-content\/uploads\/2023\/12\/plastic-granule-silo-225x300.webp 225w\" sizes=\"auto, (max-width: 540px) 100vw, 540px\" \/><\/figure> <\/figure>    <h2 class=\"wp-block-heading\">Par\u00e2metros do silo de armazenamento de gr\u00e2nulos de pl\u00e1stico<\/h2>    <figure class=\"wp-block-table\"><table><tbody><tr><td>Material<\/td><td>a\u00e7o inoxid\u00e1vel 304<\/td><\/tr><tr><td>Volume<\/td><td>1 tonelada-30 toneladas<\/td><\/tr><tr><td>Altura<\/td><td>personalizado pelo volume que voc\u00ea precisa<\/td><\/tr><tr><td>Di\u00e2metro<\/td><td>personalizado pelo volume que voc\u00ea precisa<\/td><\/tr><\/tbody><\/table><\/figure>","protected":false},"excerpt":{"rendered":"<p>Efficient storage bin for plastic pellets is an independent equipment for a recycling factory. The final product of the plastic pellet production line needs to be stored properly therefore, if you are a plastic recycler, please contact us! Plastic pellet storage bin manufacturing plant Features of plastic pellet stock silo Material selection: Silos for plastic [&hellip;]<\/p>\n","protected":false},"author":1,"featured_media":1310,"parent":0,"template":"","tags":[37],"product-type":[32],"class_list":["post-682","product","type-product","status-publish","has-post-thumbnail","hentry","tag-pelletizing","product-type-plastic-baler"],"_links":{"self":[{"href":"https:\/\/www.plasticgranularmachine.com\/pt\/wp-json\/wp\/v2\/product\/682","targetHints":{"allow":["GET"]}}],"collection":[{"href":"https:\/\/www.plasticgranularmachine.com\/pt\/wp-json\/wp\/v2\/product"}],"about":[{"href":"https:\/\/www.plasticgranularmachine.com\/pt\/wp-json\/wp\/v2\/types\/product"}],"author":[{"embeddable":true,"href":"https:\/\/www.plasticgranularmachine.com\/pt\/wp-json\/wp\/v2\/users\/1"}],"wp:featuredmedia":[{"embeddable":true,"href":"https:\/\/www.plasticgranularmachine.com\/pt\/wp-json\/wp\/v2\/media\/1310"}],"wp:attachment":[{"href":"https:\/\/www.plasticgranularmachine.com\/pt\/wp-json\/wp\/v2\/media?parent=682"}],"wp:term":[{"taxonomy":"post_tag","embeddable":true,"href":"https:\/\/www.plasticgranularmachine.com\/pt\/wp-json\/wp\/v2\/tags?post=682"},{"taxonomy":"product-type","embeddable":true,"href":"https:\/\/www.plasticgranularmachine.com\/pt\/wp-json\/wp\/v2\/product-type?post=682"}],"curies":[{"name":"wp","href":"https:\/\/api.w.org\/{rel}","templated":true}]}}