{"id":722,"date":"2023-12-25T11:18:27","date_gmt":"2023-12-25T03:18:27","guid":{"rendered":"https:\/\/www.plasticgranularmachine.com\/?post_type=product&#038;p=722"},"modified":"2025-01-06T10:01:51","modified_gmt":"2025-01-06T02:01:51","slug":"strand-cooling-bath","status":"publish","type":"product","link":"https:\/\/www.plasticgranularmachine.com\/pt\/product\/strand-cooling-bath\/","title":{"rendered":"Banho de resfriamento de fios para pelotiza\u00e7\u00e3o de pl\u00e1stico"},"content":{"rendered":"<p>O banho de resfriamento do fio da Efficient Machinery desempenha um papel fundamental no resfriamento e na cura do processo de reciclagem e pelotiza\u00e7\u00e3o de pl\u00e1stico. Nossos granuladores de pl\u00e1stico exportados para Ar\u00e1bia Saudita, \u00c1frica do Sul, Nig\u00e9ria e outros pa\u00edses s\u00e3o equipados com tanques de resfriamento de \u00e1gua.<\/p>   <div class=\"wp-block-image\"> <figure class=\"aligncenter size-full\"><img loading=\"lazy\" decoding=\"async\" width=\"720\" height=\"540\" src=\"https:\/\/www.plasticgranularmachine.com\/wp-content\/uploads\/2023\/12\/plastic-pelletizing-machines.webp\" alt=\"m\u00e1quinas de pelotiza\u00e7\u00e3o de pl\u00e1stico\" class=\"wp-image-1272\" srcset=\"https:\/\/www.plasticgranularmachine.com\/wp-content\/uploads\/2023\/12\/plastic-pelletizing-machines.webp 720w, https:\/\/www.plasticgranularmachine.com\/wp-content\/uploads\/2023\/12\/plastic-pelletizing-machines-300x225.webp 300w, https:\/\/www.plasticgranularmachine.com\/wp-content\/uploads\/2023\/12\/plastic-pelletizing-machines-16x12.webp 16w\" sizes=\"auto, (max-width: 720px) 100vw, 720px\" \/><figcaption class=\"wp-element-caption\">m\u00e1quinas de pelotiza\u00e7\u00e3o de pl\u00e1stico<\/figcaption><\/figure> <\/div>   <h2 class=\"wp-block-heading\">Uso de banho de resfriamento de fio para pelotiza\u00e7\u00e3o de pl\u00e1stico<\/h2>    <figure class=\"wp-block-gallery has-nested-images columns-default is-cropped wp-block-gallery-2 is-layout-flex wp-block-gallery-is-layout-flex\"> <figure class=\"wp-block-image size-large\"><img loading=\"lazy\" decoding=\"async\" width=\"720\" height=\"540\" data-id=\"1274\" src=\"https:\/\/www.plasticgranularmachine.com\/wp-content\/uploads\/2023\/12\/water-cooling-tank-for-plastic.webp\" alt=\"tanque de resfriamento de \u00e1gua para pl\u00e1stico\" class=\"wp-image-1274\" srcset=\"https:\/\/www.plasticgranularmachine.com\/wp-content\/uploads\/2023\/12\/water-cooling-tank-for-plastic.webp 720w, https:\/\/www.plasticgranularmachine.com\/wp-content\/uploads\/2023\/12\/water-cooling-tank-for-plastic-300x225.webp 300w, https:\/\/www.plasticgranularmachine.com\/wp-content\/uploads\/2023\/12\/water-cooling-tank-for-plastic-16x12.webp 16w\" sizes=\"auto, (max-width: 720px) 100vw, 720px\" \/><figcaption class=\"wp-element-caption\">tanque de resfriamento de \u00e1gua para pl\u00e1stico<\/figcaption><\/figure>    <figure class=\"wp-block-image size-large\"><img loading=\"lazy\" decoding=\"async\" width=\"720\" height=\"540\" data-id=\"1273\" src=\"https:\/\/www.plasticgranularmachine.com\/wp-content\/uploads\/2023\/12\/strand-cooling-bath.webp\" alt=\"banho de resfriamento de fios\" class=\"wp-image-1273\" srcset=\"https:\/\/www.plasticgranularmachine.com\/wp-content\/uploads\/2023\/12\/strand-cooling-bath.webp 720w, https:\/\/www.plasticgranularmachine.com\/wp-content\/uploads\/2023\/12\/strand-cooling-bath-300x225.webp 300w, https:\/\/www.plasticgranularmachine.com\/wp-content\/uploads\/2023\/12\/strand-cooling-bath-16x12.webp 16w\" sizes=\"auto, (max-width: 720px) 100vw, 720px\" \/><figcaption class=\"wp-element-caption\">banho de resfriamento de fios<\/figcaption><\/figure> <\/figure>    <p>Os fios de pl\u00e1stico extrudados da m\u00e1quina peletizadora est\u00e3o muito quentes quando s\u00e3o produzidos pela primeira vez e precisam ser rapidamente resfriados em um banho de resfriamento de fios. A baixa temperatura tamb\u00e9m endurece o pl\u00e1stico rapidamente, o que ajuda a garantir que a tira mantenha a sua forma para o processo de corte subsequente.<\/p>   <div class=\"wp-block-image\"> <figure class=\"aligncenter size-full\"><img loading=\"lazy\" decoding=\"async\" width=\"540\" height=\"720\" src=\"https:\/\/www.plasticgranularmachine.com\/wp-content\/uploads\/2023\/12\/strand-cooling-bath-working-for-plastic-granulation.webp\" alt=\"banho de resfriamento de fio trabalhando para granula\u00e7\u00e3o de pl\u00e1stico\" class=\"wp-image-1276\" srcset=\"https:\/\/www.plasticgranularmachine.com\/wp-content\/uploads\/2023\/12\/strand-cooling-bath-working-for-plastic-granulation.webp 540w, https:\/\/www.plasticgranularmachine.com\/wp-content\/uploads\/2023\/12\/strand-cooling-bath-working-for-plastic-granulation-225x300.webp 225w, https:\/\/www.plasticgranularmachine.com\/wp-content\/uploads\/2023\/12\/strand-cooling-bath-working-for-plastic-granulation-9x12.webp 9w\" sizes=\"auto, (max-width: 540px) 100vw, 540px\" \/><figcaption class=\"wp-element-caption\">banho de resfriamento de fio trabalhando para granula\u00e7\u00e3o de pl\u00e1stico<\/figcaption><\/figure> <\/div>   <h2 class=\"wp-block-heading\">Vantagens do banho-maria para resfriamento de fios de pl\u00e1stico <\/h2>    <p>A\u00e7o inoxid\u00e1vel: O banho-maria para resfriamento do fio pl\u00e1stico \u00e9 feito de a\u00e7o inoxid\u00e1vel, as caracter\u00edsticas do a\u00e7o inoxid\u00e1vel garantem que o tanque de resfriamento possa manter um alto grau de durabilidade em ambiente \u00famido, prolongando assim a vida \u00fatil.<\/p>    <p class=\"translation-block\">Correspond\u00eancia de especifica\u00e7\u00f5es: O banho de \u00e1gua de arrefecimento \u00e9 perfeitamente compat\u00edvel com o <strong><a href=\"https:\/\/www.plasticgranularmachine.com\/pt\/product\/plastic-film-granulator\/\" data-type=\"link\" data-id=\"https:\/\/www.plasticgranularmachine.com\/product\/plastic-film-granulator\/\">granulador de pel\u00edcula pl\u00e1stica<\/a><\/strong>. Isto garante que as dimens\u00f5es da calha s\u00e3o compat\u00edveis com a capacidade do granulador, evitando estrangulamentos no processo de produ\u00e7\u00e3o.<\/p>    <figure class=\"wp-block-gallery aligncenter has-nested-images columns-default is-cropped wp-block-gallery-3 is-layout-flex wp-block-gallery-is-layout-flex\"> <figure class=\"wp-block-image size-full\"><img loading=\"lazy\" decoding=\"async\" width=\"720\" height=\"540\" data-id=\"1275\" src=\"https:\/\/www.plasticgranularmachine.com\/wp-content\/uploads\/2023\/12\/extrusion-cooling-tank-for-plastic.webp\" alt=\"tanque de resfriamento de extrus\u00e3o para pl\u00e1stico\" class=\"wp-image-1275\" srcset=\"https:\/\/www.plasticgranularmachine.com\/wp-content\/uploads\/2023\/12\/extrusion-cooling-tank-for-plastic.webp 720w, https:\/\/www.plasticgranularmachine.com\/wp-content\/uploads\/2023\/12\/extrusion-cooling-tank-for-plastic-300x225.webp 300w, https:\/\/www.plasticgranularmachine.com\/wp-content\/uploads\/2023\/12\/extrusion-cooling-tank-for-plastic-16x12.webp 16w\" sizes=\"auto, (max-width: 720px) 100vw, 720px\" \/><figcaption class=\"wp-element-caption\">tanque de resfriamento de extrus\u00e3o para pl\u00e1stico<\/figcaption><\/figure>    <figure class=\"wp-block-image size-full\"><img loading=\"lazy\" decoding=\"async\" width=\"720\" height=\"540\" data-id=\"1277\" src=\"https:\/\/www.plasticgranularmachine.com\/wp-content\/uploads\/2023\/12\/plastic-granules-making-machines.webp\" alt=\"m\u00e1quinas para fazer gr\u00e2nulos de pl\u00e1stico\" class=\"wp-image-1277\" srcset=\"https:\/\/www.plasticgranularmachine.com\/wp-content\/uploads\/2023\/12\/plastic-granules-making-machines.webp 720w, https:\/\/www.plasticgranularmachine.com\/wp-content\/uploads\/2023\/12\/plastic-granules-making-machines-300x225.webp 300w, https:\/\/www.plasticgranularmachine.com\/wp-content\/uploads\/2023\/12\/plastic-granules-making-machines-16x12.webp 16w\" sizes=\"auto, (max-width: 720px) 100vw, 720px\" \/><figcaption class=\"wp-element-caption\">m\u00e1quinas para fazer gr\u00e2nulos de pl\u00e1stico<\/figcaption><\/figure> <\/figure>    <h2 class=\"wp-block-heading\">Integra\u00e7\u00e3o da linha de pelotiza\u00e7\u00e3o para reciclagem de pl\u00e1stico<\/h2>    <p class=\"translation-block\">Os tanques de arrefecimento s\u00e3o geralmente ligados a outros equipamentos de granula\u00e7\u00e3o, como granuladores e cortadores de pl\u00e1stico, para realizar a opera\u00e7\u00e3o integrada de toda a<strong><a href=\"https:\/\/www.plasticgranularmachine.com\/pt\/product\/plastic-granulating-line\/\" data-type=\"link\" data-id=\"https:\/\/www.plasticgranularmachine.com\/product\/plastic-granulating-line\/\"> linha de reciclagem de granula\u00e7\u00e3o de pl\u00e1stico<\/a><\/strong>, o que melhora a efici\u00eancia da produ\u00e7\u00e3o e a facilidade de opera\u00e7\u00e3o.<\/p>    <figure class=\"wp-block-gallery aligncenter has-nested-images columns-default is-cropped wp-block-gallery-4 is-layout-flex wp-block-gallery-is-layout-flex\"> <figure class=\"wp-block-image size-full\"><img loading=\"lazy\" decoding=\"async\" width=\"720\" height=\"540\" data-id=\"1280\" src=\"https:\/\/www.plasticgranularmachine.com\/wp-content\/uploads\/2023\/12\/extrusion-cooling-tank-plastic-.webp\" alt=\"uso do tanque de resfriamento de extrus\u00e3o na linha de pelotiza\u00e7\u00e3o\" class=\"wp-image-1280\" srcset=\"https:\/\/www.plasticgranularmachine.com\/wp-content\/uploads\/2023\/12\/extrusion-cooling-tank-plastic-.webp 720w, https:\/\/www.plasticgranularmachine.com\/wp-content\/uploads\/2023\/12\/extrusion-cooling-tank-plastic--300x225.webp 300w, https:\/\/www.plasticgranularmachine.com\/wp-content\/uploads\/2023\/12\/extrusion-cooling-tank-plastic--16x12.webp 16w\" sizes=\"auto, (max-width: 720px) 100vw, 720px\" \/><figcaption class=\"wp-element-caption\">uso do tanque de resfriamento de extrus\u00e3o na linha de pelotiza\u00e7\u00e3o<\/figcaption><\/figure>    <figure class=\"wp-block-image size-full\"><img loading=\"lazy\" decoding=\"async\" width=\"720\" height=\"540\" data-id=\"1278\" src=\"https:\/\/www.plasticgranularmachine.com\/wp-content\/uploads\/2023\/12\/water-cooling-tank-in-a-pelletizing-line.webp\" alt=\"tanque de resfriamento de \u00e1gua em uma linha de pelotiza\u00e7\u00e3o\" class=\"wp-image-1278\" srcset=\"https:\/\/www.plasticgranularmachine.com\/wp-content\/uploads\/2023\/12\/water-cooling-tank-in-a-pelletizing-line.webp 720w, https:\/\/www.plasticgranularmachine.com\/wp-content\/uploads\/2023\/12\/water-cooling-tank-in-a-pelletizing-line-300x225.webp 300w, https:\/\/www.plasticgranularmachine.com\/wp-content\/uploads\/2023\/12\/water-cooling-tank-in-a-pelletizing-line-16x12.webp 16w\" sizes=\"auto, (max-width: 720px) 100vw, 720px\" \/><figcaption class=\"wp-element-caption\">tanque de resfriamento de \u00e1gua em uma linha de pelotiza\u00e7\u00e3o<\/figcaption><\/figure> <\/figure>","protected":false},"excerpt":{"rendered":"<p>Os banhos de resfriamento de fios desempenham um papel importante nas linhas de pelotiza\u00e7\u00e3o de pl\u00e1stico para ajudar a solidificar e resfriar a folha de pl\u00e1stico extrudado derretida.<\/p>","protected":false},"author":1,"featured_media":1447,"parent":0,"template":"","tags":[37],"product-type":[32],"class_list":["post-722","product","type-product","status-publish","has-post-thumbnail","hentry","tag-pelletizing","product-type-plastic-baler"],"_links":{"self":[{"href":"https:\/\/www.plasticgranularmachine.com\/pt\/wp-json\/wp\/v2\/product\/722","targetHints":{"allow":["GET"]}}],"collection":[{"href":"https:\/\/www.plasticgranularmachine.com\/pt\/wp-json\/wp\/v2\/product"}],"about":[{"href":"https:\/\/www.plasticgranularmachine.com\/pt\/wp-json\/wp\/v2\/types\/product"}],"author":[{"embeddable":true,"href":"https:\/\/www.plasticgranularmachine.com\/pt\/wp-json\/wp\/v2\/users\/1"}],"wp:featuredmedia":[{"embeddable":true,"href":"https:\/\/www.plasticgranularmachine.com\/pt\/wp-json\/wp\/v2\/media\/1447"}],"wp:attachment":[{"href":"https:\/\/www.plasticgranularmachine.com\/pt\/wp-json\/wp\/v2\/media?parent=722"}],"wp:term":[{"taxonomy":"post_tag","embeddable":true,"href":"https:\/\/www.plasticgranularmachine.com\/pt\/wp-json\/wp\/v2\/tags?post=722"},{"taxonomy":"product-type","embeddable":true,"href":"https:\/\/www.plasticgranularmachine.com\/pt\/wp-json\/wp\/v2\/product-type?post=722"}],"curies":[{"name":"wp","href":"https:\/\/api.w.org\/{rel}","templated":true}]}}