{"id":921,"date":"2024-10-16T14:52:42","date_gmt":"2024-10-16T06:52:42","guid":{"rendered":"https:\/\/www.plasticgranularmachine.com\/?post_type=product&#038;p=921"},"modified":"2025-07-08T09:24:11","modified_gmt":"2025-07-08T01:24:11","slug":"hard-plastic-shredder","status":"publish","type":"product","link":"https:\/\/www.plasticgranularmachine.com\/pt\/product\/hard-plastic-shredder\/","title":{"rendered":"Triturador de pl\u00e1stico r\u00edgido | PP PE HDPE, etc. M\u00e1quina trituradora de pl\u00e1stico r\u00edgido"},"content":{"rendered":"<p>Triturador de pl\u00e1stico r\u00edgido, componente crucial servido em linhas de reciclagem de pl\u00e1stico para PP, PE, HDPE, LDPE, etc. \u00c9 especialmente projetado para triturar pl\u00e1sticos r\u00edgidos em peda\u00e7os menores para processos de reciclagem subsequentes, melhorando a efici\u00eancia da reciclagem. <\/p>   <div class=\"wp-block-image\"> <figure class=\"aligncenter size-full\"><img loading=\"lazy\" decoding=\"async\" width=\"720\" height=\"540\" src=\"https:\/\/www.plasticgranularmachine.com\/wp-content\/uploads\/2024\/10\/hard-plastic-shredder-machine-1.webp\" alt=\"M\u00e1quina de triturador de pl\u00e1stico duro\" class=\"wp-image-1606\" srcset=\"https:\/\/www.plasticgranularmachine.com\/wp-content\/uploads\/2024\/10\/hard-plastic-shredder-machine-1.webp 720w, https:\/\/www.plasticgranularmachine.com\/wp-content\/uploads\/2024\/10\/hard-plastic-shredder-machine-1-300x225.webp 300w, https:\/\/www.plasticgranularmachine.com\/wp-content\/uploads\/2024\/10\/hard-plastic-shredder-machine-1-16x12.webp 16w\" sizes=\"auto, (max-width: 720px) 100vw, 720px\" \/><figcaption class=\"wp-element-caption\">M\u00e1quina de triturador de pl\u00e1stico duro<\/figcaption><\/figure> <\/div>   <h2 class=\"wp-block-heading\">Principais recursos do triturador de pl\u00e1stico r\u00edgido eficiente<\/h2>    <ul class=\"wp-block-list\"> <li>V\u00e1rias facas est\u00e3o dispon\u00edveis, incluindo flor, plana, fatiar, etc., feitas de a\u00e7o inoxid\u00e1vel de alta qualidade e afiadas e dur\u00e1veis.<\/li>    <li>Material de a\u00e7o inoxid\u00e1vel de alta qualidade, n\u00e3o mancha, antiaderente, f\u00e1cil de limpar, espa\u00e7amento ajust\u00e1vel e dur\u00e1vel.<\/li>    <li>15-55 kW de pot\u00eancia, explos\u00e3o poderosa, baixa taxa de falhas, r\u00e1pida dissipa\u00e7\u00e3o de calor.<\/li>    <li>A prote\u00e7\u00e3o contra sobrecarga e a prote\u00e7\u00e3o de energia ajudam a garantir uma produ\u00e7\u00e3o segura e padronizada.<\/li>    <li>Design de tela remov\u00edvel para f\u00e1cil limpeza.<\/li>    <li>Fornece garantia de um ano, instala\u00e7\u00e3o no local e guias de opera\u00e7\u00e3o.<\/li> <\/ul>   <div class=\"wp-block-image\"> <figure class=\"aligncenter size-full\"><img loading=\"lazy\" decoding=\"async\" width=\"720\" height=\"540\" src=\"https:\/\/www.plasticgranularmachine.com\/wp-content\/uploads\/2024\/10\/hard-plastic-shredder.webp\" alt=\"triturador de pl\u00e1stico duro\" class=\"wp-image-1189\" srcset=\"https:\/\/www.plasticgranularmachine.com\/wp-content\/uploads\/2024\/10\/hard-plastic-shredder.webp 720w, https:\/\/www.plasticgranularmachine.com\/wp-content\/uploads\/2024\/10\/hard-plastic-shredder-300x225.webp 300w, https:\/\/www.plasticgranularmachine.com\/wp-content\/uploads\/2024\/10\/hard-plastic-shredder-16x12.webp 16w\" sizes=\"auto, (max-width: 720px) 100vw, 720px\" \/><figcaption class=\"wp-element-caption\">triturador de pl\u00e1stico duro<\/figcaption><\/figure> <\/div>   <h2 class=\"wp-block-heading\">Quais s\u00e3o as mat\u00e9rias-primas e produtos finais dos britadores?<\/h2>    <h3 class=\"wp-block-heading\">Mat\u00e9rias-primas<\/h3>    <p>O triturador de pl\u00e1stico r\u00edgido Eficiente tem uma ampla aplica\u00e7\u00e3o para triturar PP, PE, PVC, HDPE, ABS, PC, etc. \u00c9 normalmente usado para processar: Pl\u00e1stico, eletr\u00f4nicos, recipientes de pl\u00e1stico, pe\u00e7as automotivas, malas, utens\u00edlios de cozinha de pl\u00e1stico, garrafas de \u00e1gua , tambores azuis, etc.<\/p>    <p style=\"font-size:16px\" class=\"translation-block\"><em>Artigo de blog relacionado: <a href=\"https:\/\/www.plasticgranularmachine.com\/pt\/Info\/pvc-pipe-shredder\/\" data-type=\"link\" data-id=\"https:\/\/www.plasticgranularmachine.com\/Info\/pvc-pipe-shredder\/\">Resumo do programa eficiente de tritura\u00e7\u00e3o de tubos de pl\u00e1stico: para HDPE, PVC, etc.<\/a><\/em><\/p>    <figure class=\"wp-block-gallery has-nested-images columns-default is-cropped wp-block-gallery-2 is-layout-flex wp-block-gallery-is-layout-flex\"> <figure class=\"wp-block-image size-large\"><img loading=\"lazy\" decoding=\"async\" width=\"720\" height=\"540\" data-id=\"1191\" src=\"https:\/\/www.plasticgranularmachine.com\/wp-content\/uploads\/2024\/10\/PP-bumber-1.webp\" alt=\"Amortecedor PP\" class=\"wp-image-1191\" srcset=\"https:\/\/www.plasticgranularmachine.com\/wp-content\/uploads\/2024\/10\/PP-bumber-1.webp 720w, https:\/\/www.plasticgranularmachine.com\/wp-content\/uploads\/2024\/10\/PP-bumber-1-300x225.webp 300w, https:\/\/www.plasticgranularmachine.com\/wp-content\/uploads\/2024\/10\/PP-bumber-1-16x12.webp 16w\" sizes=\"auto, (max-width: 720px) 100vw, 720px\" \/><figcaption class=\"wp-element-caption\">Amortecedor PP<\/figcaption><\/figure>    <figure class=\"wp-block-image size-large\"><img loading=\"lazy\" decoding=\"async\" width=\"720\" height=\"540\" data-id=\"1192\" src=\"https:\/\/www.plasticgranularmachine.com\/wp-content\/uploads\/2024\/10\/PVC-electric-wire-1.webp\" alt=\"Fio el\u00e9trico de PVC\" class=\"wp-image-1192\" srcset=\"https:\/\/www.plasticgranularmachine.com\/wp-content\/uploads\/2024\/10\/PVC-electric-wire-1.webp 720w, https:\/\/www.plasticgranularmachine.com\/wp-content\/uploads\/2024\/10\/PVC-electric-wire-1-300x225.webp 300w, https:\/\/www.plasticgranularmachine.com\/wp-content\/uploads\/2024\/10\/PVC-electric-wire-1-16x12.webp 16w\" sizes=\"auto, (max-width: 720px) 100vw, 720px\" \/><figcaption class=\"wp-element-caption\">Fio el\u00e9trico de PVC<\/figcaption><\/figure>    <figure class=\"wp-block-image size-large\"><img loading=\"lazy\" decoding=\"async\" width=\"720\" height=\"540\" data-id=\"1190\" src=\"https:\/\/www.plasticgranularmachine.com\/wp-content\/uploads\/2024\/10\/HDPE-drum-1.webp\" alt=\"Tambor HDPE\" class=\"wp-image-1190\" srcset=\"https:\/\/www.plasticgranularmachine.com\/wp-content\/uploads\/2024\/10\/HDPE-drum-1.webp 720w, https:\/\/www.plasticgranularmachine.com\/wp-content\/uploads\/2024\/10\/HDPE-drum-1-300x225.webp 300w, https:\/\/www.plasticgranularmachine.com\/wp-content\/uploads\/2024\/10\/HDPE-drum-1-16x12.webp 16w\" sizes=\"auto, (max-width: 720px) 100vw, 720px\" \/><figcaption class=\"wp-element-caption\">Tambor HDPE<\/figcaption><\/figure> <\/figure>    <h3 class=\"wp-block-heading\">Produtos Finais<\/h3>    <p>O triturador de pl\u00e1stico produz flocos uniformes dos tamanhos necess\u00e1rios, que s\u00e3o utilizados no processo de pelotiza\u00e7\u00e3o subsequente.<\/p>    <figure class=\"wp-block-gallery has-nested-images columns-default is-cropped wp-block-gallery-3 is-layout-flex wp-block-gallery-is-layout-flex\"> <figure class=\"wp-block-image size-large\"><img loading=\"lazy\" decoding=\"async\" width=\"720\" height=\"540\" data-id=\"1200\" src=\"https:\/\/www.plasticgranularmachine.com\/wp-content\/uploads\/2024\/10\/High-quality-plastic-fragments.webp\" alt=\"Fragmentos de pl\u00e1stico de alta qualidade\" class=\"wp-image-1200\" srcset=\"https:\/\/www.plasticgranularmachine.com\/wp-content\/uploads\/2024\/10\/High-quality-plastic-fragments.webp 720w, https:\/\/www.plasticgranularmachine.com\/wp-content\/uploads\/2024\/10\/High-quality-plastic-fragments-300x225.webp 300w, https:\/\/www.plasticgranularmachine.com\/wp-content\/uploads\/2024\/10\/High-quality-plastic-fragments-16x12.webp 16w\" sizes=\"auto, (max-width: 720px) 100vw, 720px\" \/><figcaption class=\"wp-element-caption\">Fragmentos de pl\u00e1stico de alta qualidade<\/figcaption><\/figure>    <figure class=\"wp-block-image size-large\"><img loading=\"lazy\" decoding=\"async\" width=\"720\" height=\"540\" data-id=\"1199\" src=\"https:\/\/www.plasticgranularmachine.com\/wp-content\/uploads\/2024\/10\/crushed-plastic-flakes.webp\" alt=\"flocos de pl\u00e1stico esmagados\" class=\"wp-image-1199\" srcset=\"https:\/\/www.plasticgranularmachine.com\/wp-content\/uploads\/2024\/10\/crushed-plastic-flakes.webp 720w, https:\/\/www.plasticgranularmachine.com\/wp-content\/uploads\/2024\/10\/crushed-plastic-flakes-300x225.webp 300w, https:\/\/www.plasticgranularmachine.com\/wp-content\/uploads\/2024\/10\/crushed-plastic-flakes-16x12.webp 16w\" sizes=\"auto, (max-width: 720px) 100vw, 720px\" \/><figcaption class=\"wp-element-caption\">flocos de pl\u00e1stico esmagados<\/figcaption><\/figure> <\/figure>    <h2 class=\"wp-block-heading\">Especifica\u00e7\u00f5es do triturador de pl\u00e1stico r\u00edgido<\/h2>    <figure class=\"wp-block-table\"><table class=\"has-fixed-layout\"><tbody><tr><td>Modelo<\/td><td>SL-600<\/td><td>SL-800<\/td><td>SL-1000<\/td><\/tr><tr><td>Pot\u00eancia (KW)<\/td><td>30<\/td><td>45<\/td><td>55<\/td><\/tr><tr><td>Capacidade (kg\/h)<\/td><td>600~800<\/td><td>800~1000<\/td><td>1000~1200<\/td><\/tr><tr><td>Material das L\u00e2minas<\/td><td>60 Si2Mn<\/td><td>60 Si2Mn<\/td><td>60 Si2Mn<\/td><\/tr><tr><td>garantia<\/td><td>Um ano<\/td><td>Um ano<\/td><td>Um ano<\/td><\/tr><\/tbody><\/table><figcaption class=\"wp-element-caption\">Os dados t\u00e9cnicos b\u00e1sicos do triturador de pl\u00e1stico r\u00edgido<\/figcaption><\/figure>    <ul class=\"wp-block-list\"> <li><em>Certifica\u00e7\u00e3o CE e ISO<\/em><\/li> <\/ul>    <p>Os itens acima s\u00e3o os par\u00e2metros de alguns trituradores de grande venda. Eles t\u00eam uma variedade de aplica\u00e7\u00f5es para f\u00e1bricas de reciclagem de pl\u00e1stico de todos os tamanhos. Tamb\u00e9m fornecemos m\u00e1quinas trituradoras de pl\u00e1stico r\u00edgido personalizadas com base em suas necessidades de produ\u00e7\u00e3o.<\/p>   <div class=\"wp-block-image\"> <figure class=\"aligncenter size-full\"><img loading=\"lazy\" decoding=\"async\" width=\"720\" height=\"540\" src=\"https:\/\/www.plasticgranularmachine.com\/wp-content\/uploads\/2024\/10\/hard-plastic-shredder-in-the-factory.webp\" alt=\"trituradora de pl\u00e1stico duro na f\u00e1brica\" class=\"wp-image-1193\" srcset=\"https:\/\/www.plasticgranularmachine.com\/wp-content\/uploads\/2024\/10\/hard-plastic-shredder-in-the-factory.webp 720w, https:\/\/www.plasticgranularmachine.com\/wp-content\/uploads\/2024\/10\/hard-plastic-shredder-in-the-factory-300x225.webp 300w, https:\/\/www.plasticgranularmachine.com\/wp-content\/uploads\/2024\/10\/hard-plastic-shredder-in-the-factory-16x12.webp 16w\" sizes=\"auto, (max-width: 720px) 100vw, 720px\" \/><figcaption class=\"wp-element-caption\">trituradora de pl\u00e1stico duro na f\u00e1brica<\/figcaption><\/figure> <\/div>   <h2 class=\"wp-block-heading\">Estruturas de triturador de pl\u00e1stico <\/h2>    <p>Um triturador de pl\u00e1stico consiste em uma entrada de alimenta\u00e7\u00e3o, c\u00e2mara de britagem, l\u00e2minas, tela, suporte de base, motor, polia e porta de descarga. <\/p>    <p>As p\u00e1s fixadas ao rotor e girando com ele s\u00e3o conhecidas como p\u00e1s do rotor. Por outro lado, as l\u00e2minas que s\u00e3o fixadas \u00e0 estrutura ou alojamento da l\u00e2mina do britador s\u00e3o chamadas de l\u00e2minas estacion\u00e1rias e permanecem no lugar sem girar. Tanto as p\u00e1s do rotor quanto as p\u00e1s estacion\u00e1rias colaboram para cortar efetivamente o pl\u00e1stico r\u00edgido em fragmentos uniformes.<\/p>    <figure class=\"wp-block-gallery has-nested-images columns-default is-cropped wp-block-gallery-4 is-layout-flex wp-block-gallery-is-layout-flex\"> <figure class=\"wp-block-image size-large\"><img loading=\"lazy\" decoding=\"async\" width=\"720\" height=\"540\" data-id=\"1194\" src=\"https:\/\/www.plasticgranularmachine.com\/wp-content\/uploads\/2024\/10\/base-support-1.webp\" alt=\"suporte b\u00e1sico\" class=\"wp-image-1194\" srcset=\"https:\/\/www.plasticgranularmachine.com\/wp-content\/uploads\/2024\/10\/base-support-1.webp 720w, https:\/\/www.plasticgranularmachine.com\/wp-content\/uploads\/2024\/10\/base-support-1-300x225.webp 300w, https:\/\/www.plasticgranularmachine.com\/wp-content\/uploads\/2024\/10\/base-support-1-16x12.webp 16w\" sizes=\"auto, (max-width: 720px) 100vw, 720px\" \/><figcaption class=\"wp-element-caption\">suporte b\u00e1sico<\/figcaption><\/figure>    <figure class=\"wp-block-image size-large\"><img loading=\"lazy\" decoding=\"async\" width=\"720\" height=\"540\" data-id=\"1196\" src=\"https:\/\/www.plasticgranularmachine.com\/wp-content\/uploads\/2024\/10\/blades-1.webp\" alt=\"l\u00e2minas\" class=\"wp-image-1196\" srcset=\"https:\/\/www.plasticgranularmachine.com\/wp-content\/uploads\/2024\/10\/blades-1.webp 720w, https:\/\/www.plasticgranularmachine.com\/wp-content\/uploads\/2024\/10\/blades-1-300x225.webp 300w, https:\/\/www.plasticgranularmachine.com\/wp-content\/uploads\/2024\/10\/blades-1-16x12.webp 16w\" sizes=\"auto, (max-width: 720px) 100vw, 720px\" \/><figcaption class=\"wp-element-caption\">l\u00e2minas<\/figcaption><\/figure>    <figure class=\"wp-block-image size-large\"><img loading=\"lazy\" decoding=\"async\" width=\"720\" height=\"540\" data-id=\"1195\" src=\"https:\/\/www.plasticgranularmachine.com\/wp-content\/uploads\/2024\/10\/screen-1.webp\" alt=\"tela\" class=\"wp-image-1195\" srcset=\"https:\/\/www.plasticgranularmachine.com\/wp-content\/uploads\/2024\/10\/screen-1.webp 720w, https:\/\/www.plasticgranularmachine.com\/wp-content\/uploads\/2024\/10\/screen-1-300x225.webp 300w, https:\/\/www.plasticgranularmachine.com\/wp-content\/uploads\/2024\/10\/screen-1-16x12.webp 16w\" sizes=\"auto, (max-width: 720px) 100vw, 720px\" \/><figcaption class=\"wp-element-caption\">tela<\/figcaption><\/figure> <\/figure>    <h2 class=\"wp-block-heading\">Como funciona uma m\u00e1quina trituradora de pl\u00e1stico r\u00edgido?<\/h2>    <h3 class=\"wp-block-heading\">Alimenta\u00e7\u00e3o<\/h3>    <ul class=\"wp-block-list\"> <li>Primeiro, as mat\u00e9rias-primas pl\u00e1sticas s\u00e3o alimentadas manualmente ou transportadas para a porta de alimenta\u00e7\u00e3o do britador por uma correia transportadora e, em seguida, s\u00e3o processadas na c\u00e2mara de britagem.<\/li>    <li>Equipados com formas cil\u00edndricas longas, configura\u00e7\u00f5es retangulares largas, etc. entradas de alimenta\u00e7\u00e3o, nossos trituradores de pl\u00e1stico r\u00edgido s\u00e3o adequados para v\u00e1rios produtos pl\u00e1sticos.<\/li> <\/ul>    <h3 class=\"wp-block-heading\">Esmagamento<\/h3>    <ul class=\"wp-block-list\"> <li>As l\u00e2minas rotativas do rotor do britador giram em alta velocidade, formando um efeito de cisalhamento com as l\u00e2minas fixas. Juntos, eles esmagam as mat\u00e9rias-primas pl\u00e1sticas de forma eficiente. <\/li>    <li>O britador Efficient possui l\u00e2minas grossas que podem triturar com for\u00e7a e efici\u00eancia sem ficar presas ou obstru\u00eddas.<\/li> <\/ul>    <h3 class=\"wp-block-heading\">Triagem<\/h3>    <ul class=\"wp-block-list\"> <li>Os pl\u00e1sticos triturados ser\u00e3o selecionados pela tela. Os tamanhos necess\u00e1rios de flocos de pl\u00e1stico podem passar pela tela, enquanto fragmentos maiores permanecem na c\u00e2mara para posterior tritura\u00e7\u00e3o.<\/li>    <li>O tamanho da malha pode ser ajustado com base nas suas necessidades de produ\u00e7\u00e3o. Recomenda-se usar uma malha de 16 mm ou maior ao processar materiais grandes para uma opera\u00e7\u00e3o suave.<\/li> <\/ul>    <h3 class=\"wp-block-heading\">Descarregando<\/h3>    <p>Os fragmentos pl\u00e1sticos que passam pela tela ficam sujeitos \u00e0 gravidade e caem diretamente no fundo, onde s\u00e3o descarregados pela sa\u00edda.<\/p>    <h3 class=\"wp-block-heading\">V\u00eddeo de opera\u00e7\u00e3o<\/h3>    <p>Abaixo est\u00e1 um v\u00eddeo de feedback de um cliente de Om\u00e3, que demonstra o processo de transforma\u00e7\u00e3o de materiais pl\u00e1sticos HDPE em flocos. <\/p>    <figure class=\"wp-block-embed is-type-video is-provider-youtube wp-block-embed-youtube wp-embed-aspect-16-9 wp-has-aspect-ratio\"><div class=\"wp-block-embed__wrapper\"> <iframe loading=\"lazy\" title=\"Linha de britagem e lavagem de HDPE: uma solu\u00e7\u00e3o eficiente para a fabrica\u00e7\u00e3o de flocos de pl\u00e1stico r\u00edgido\" width=\"500\" height=\"281\" src=\"https:\/\/www.youtube.com\/embed\/E5hept4Uu30?feature=oembed\" frameborder=\"0\" allow=\"accelerometer; autoplay; clipboard-write; encrypted-media; gyroscope; picture-in-picture; web-share\" referrerpolicy=\"strict-origin-when-cross-origin\" allowfullscreen><\/iframe> <\/div><\/figure>    <h2 class=\"wp-block-heading\">O que a Efficient faz em rela\u00e7\u00e3o ao envio?<\/h2>    <ul class=\"wp-block-list\"> <li>A m\u00e1quina levar\u00e1 cerca de 20-25 dias para ser entregue se n\u00e3o houver estoque dispon\u00edvel.<\/li>    <li>Antes do envio, geralmente enviamos a demonstra\u00e7\u00e3o do teste ao nosso cliente, garantindo que n\u00e3o haja problemas.<\/li>    <li>Envie trituradores de pl\u00e1stico atrav\u00e9s de log\u00edstica internacional.<\/li>    <li>Se houver alguma pe\u00e7a defeituosa, ela poder\u00e1 ser reenviada.<\/li> <\/ul>    <p>Em suma, os servi\u00e7os que oferecemos s\u00e3o abrangentes, garantindo a sua tranquilidade em rela\u00e7\u00e3o a potenciais acidentes.<\/p>   <div class=\"wp-block-image\"> <figure class=\"aligncenter size-full\"><img loading=\"lazy\" decoding=\"async\" width=\"720\" height=\"540\" src=\"https:\/\/www.plasticgranularmachine.com\/wp-content\/uploads\/2024\/10\/plastic-crushing-machine-shipment.webp\" alt=\"remessa de m\u00e1quina trituradora de pl\u00e1stico\" class=\"wp-image-1197\" srcset=\"https:\/\/www.plasticgranularmachine.com\/wp-content\/uploads\/2024\/10\/plastic-crushing-machine-shipment.webp 720w, https:\/\/www.plasticgranularmachine.com\/wp-content\/uploads\/2024\/10\/plastic-crushing-machine-shipment-300x225.webp 300w, https:\/\/www.plasticgranularmachine.com\/wp-content\/uploads\/2024\/10\/plastic-crushing-machine-shipment-16x12.webp 16w\" sizes=\"auto, (max-width: 720px) 100vw, 720px\" \/><figcaption class=\"wp-element-caption\">remessa de m\u00e1quina trituradora de pl\u00e1stico<\/figcaption><\/figure> <\/div>   <h2 class=\"wp-block-heading\">Trituradores de pl\u00e1stico eficientes para venda<\/h2>    <p class=\"translation-block\">O triturador PP eficiente pode ser personalizado para atender \u00e0s necessidades de linhas de reciclagem de pl\u00e1stico r\u00edgido de todos os tamanhos e \u00e9 adequado para todos os tipos de f\u00e1bricas de reciclagem ou fabrico de pl\u00e1stico duro. Se estiver interessado, n\u00e3o hesite em <em><a href=\"https:\/\/www.plasticgranularmachine.com\/pt\/contact\/\" data-type=\"link\" data-id=\"https:\/\/www.plasticgranularmachine.com\/contact\/\">contactar-nos<\/a><\/em>. Teremos todo o gosto em fornecer servi\u00e7os de inspe\u00e7\u00e3o no local e acompanh\u00e1-lo em visitas, oferecendo explica\u00e7\u00f5es detalhadas das m\u00e1quinas. Adicionalmente, teremos todo o gosto em partilhar sugest\u00f5es para otimizar o layout da sua f\u00e1brica. Aguardamos as suas not\u00edcias!<\/p>   <div class=\"wp-block-image\"> <figure class=\"aligncenter size-full\"><img loading=\"lazy\" decoding=\"async\" width=\"720\" height=\"540\" src=\"https:\/\/www.plasticgranularmachine.com\/wp-content\/uploads\/2024\/10\/plastic-chipper-machine-for-sale.webp\" alt=\"M\u00e1quina picadora de pl\u00e1stico para venda\" class=\"wp-image-1198\" srcset=\"https:\/\/www.plasticgranularmachine.com\/wp-content\/uploads\/2024\/10\/plastic-chipper-machine-for-sale.webp 720w, https:\/\/www.plasticgranularmachine.com\/wp-content\/uploads\/2024\/10\/plastic-chipper-machine-for-sale-300x225.webp 300w, https:\/\/www.plasticgranularmachine.com\/wp-content\/uploads\/2024\/10\/plastic-chipper-machine-for-sale-16x12.webp 16w\" sizes=\"auto, (max-width: 720px) 100vw, 720px\" \/><figcaption class=\"wp-element-caption\">M\u00e1quina picadora de pl\u00e1stico para venda<\/figcaption><\/figure> <\/div>","protected":false},"excerpt":{"rendered":"<p>O triturador de pl\u00e1stico r\u00edgido de 600 ~ 1200 kg \/ h pode efetivamente esmagar PP, PE, PVC, HDPE, etc. Esta postagem apresenta isso em detalhes. <\/p>","protected":false},"author":1,"featured_media":1606,"parent":0,"template":"","tags":[35,36],"product-type":[4],"class_list":["post-921","product","type-product","status-publish","has-post-thumbnail","hentry","tag-crushing","tag-hard-plastic-recycling","product-type-crushing-machine"],"_links":{"self":[{"href":"https:\/\/www.plasticgranularmachine.com\/pt\/wp-json\/wp\/v2\/product\/921","targetHints":{"allow":["GET"]}}],"collection":[{"href":"https:\/\/www.plasticgranularmachine.com\/pt\/wp-json\/wp\/v2\/product"}],"about":[{"href":"https:\/\/www.plasticgranularmachine.com\/pt\/wp-json\/wp\/v2\/types\/product"}],"author":[{"embeddable":true,"href":"https:\/\/www.plasticgranularmachine.com\/pt\/wp-json\/wp\/v2\/users\/1"}],"wp:featuredmedia":[{"embeddable":true,"href":"https:\/\/www.plasticgranularmachine.com\/pt\/wp-json\/wp\/v2\/media\/1606"}],"wp:attachment":[{"href":"https:\/\/www.plasticgranularmachine.com\/pt\/wp-json\/wp\/v2\/media?parent=921"}],"wp:term":[{"taxonomy":"post_tag","embeddable":true,"href":"https:\/\/www.plasticgranularmachine.com\/pt\/wp-json\/wp\/v2\/tags?post=921"},{"taxonomy":"product-type","embeddable":true,"href":"https:\/\/www.plasticgranularmachine.com\/pt\/wp-json\/wp\/v2\/product-type?post=921"}],"curies":[{"name":"wp","href":"https:\/\/api.w.org\/{rel}","templated":true}]}}