{"id":954,"date":"2024-10-18T16:40:06","date_gmt":"2024-10-18T08:40:06","guid":{"rendered":"https:\/\/www.plasticgranularmachine.com\/?post_type=product&#038;p=954"},"modified":"2025-03-21T17:08:45","modified_gmt":"2025-03-21T09:08:45","slug":"hard-plastic-recycling-line","status":"publish","type":"product","link":"https:\/\/www.plasticgranularmachine.com\/pt\/product\/hard-plastic-recycling-line\/","title":{"rendered":"Linha de reciclagem de pl\u00e1stico r\u00edgido para reafia\u00e7\u00e3o de PP PE PVC HDPE"},"content":{"rendered":"<p>Voc\u00ea est\u00e1 procurando a melhor solu\u00e7\u00e3o para reciclar paletes, tubos, latas de \u00f3leo, materiais de cabe\u00e7otes de extrus\u00e3o, etc.? A linha de reciclagem de pl\u00e1stico r\u00edgido fornece um m\u00e9todo completo e eficiente de moagem de PP, PE, PVC, HDPE, etc. em gr\u00e2nulos de alto valor.<\/p>    <figure class=\"wp-block-gallery has-nested-images columns-default is-cropped wp-block-gallery-2 is-layout-flex wp-block-gallery-is-layout-flex\"> <figure class=\"wp-block-image size-full\"><img loading=\"lazy\" decoding=\"async\" width=\"720\" height=\"540\" data-id=\"1205\" src=\"https:\/\/www.plasticgranularmachine.com\/wp-content\/uploads\/2024\/10\/plastic-pallet-1.webp\" alt=\"palete de pl\u00e1stico\" class=\"wp-image-1205\" srcset=\"https:\/\/www.plasticgranularmachine.com\/wp-content\/uploads\/2024\/10\/plastic-pallet-1.webp 720w, https:\/\/www.plasticgranularmachine.com\/wp-content\/uploads\/2024\/10\/plastic-pallet-1-300x225.webp 300w, https:\/\/www.plasticgranularmachine.com\/wp-content\/uploads\/2024\/10\/plastic-pallet-1-16x12.webp 16w\" sizes=\"auto, (max-width: 720px) 100vw, 720px\" \/><figcaption class=\"wp-element-caption\">palete de pl\u00e1stico<\/figcaption><\/figure>    <figure class=\"wp-block-image size-full\"><img loading=\"lazy\" decoding=\"async\" width=\"720\" height=\"540\" data-id=\"1204\" src=\"https:\/\/www.plasticgranularmachine.com\/wp-content\/uploads\/2024\/10\/plastic-containers1.webp\" alt=\"recipientes de pl\u00e1stico\" class=\"wp-image-1204\" srcset=\"https:\/\/www.plasticgranularmachine.com\/wp-content\/uploads\/2024\/10\/plastic-containers1.webp 720w, https:\/\/www.plasticgranularmachine.com\/wp-content\/uploads\/2024\/10\/plastic-containers1-300x225.webp 300w, https:\/\/www.plasticgranularmachine.com\/wp-content\/uploads\/2024\/10\/plastic-containers1-16x12.webp 16w\" sizes=\"auto, (max-width: 720px) 100vw, 720px\" \/><figcaption class=\"wp-element-caption\">recipientes de pl\u00e1stico<\/figcaption><\/figure>    <figure class=\"wp-block-image size-large\"><img loading=\"lazy\" decoding=\"async\" width=\"720\" height=\"540\" data-id=\"1206\" src=\"https:\/\/www.plasticgranularmachine.com\/wp-content\/uploads\/2024\/10\/Fruit-Basket-1.webp\" alt=\"Cesta de frutas\" class=\"wp-image-1206\" srcset=\"https:\/\/www.plasticgranularmachine.com\/wp-content\/uploads\/2024\/10\/Fruit-Basket-1.webp 720w, https:\/\/www.plasticgranularmachine.com\/wp-content\/uploads\/2024\/10\/Fruit-Basket-1-300x225.webp 300w, https:\/\/www.plasticgranularmachine.com\/wp-content\/uploads\/2024\/10\/Fruit-Basket-1-16x12.webp 16w\" sizes=\"auto, (max-width: 720px) 100vw, 720px\" \/><figcaption class=\"wp-element-caption\">Cesta de frutas<\/figcaption><\/figure> <\/figure>    <h2 class=\"wp-block-heading\">Principais caracter\u00edsticas da linha eficiente de reciclagem de pl\u00e1stico r\u00edgido<\/h2>    <ul class=\"wp-block-list\"> <li>Ampla gama de aplica\u00e7\u00f5es: Processa facilmente v\u00e1rios pl\u00e1sticos duros e \u00e9 adequado para f\u00e1bricas de todos os tamanhos.<\/li>    <li>Capacidade de 100~500kg\/h e motores potentes para produ\u00e7\u00e3o eficiente e cont\u00ednua.<\/li>    <li>V\u00e1rias m\u00e1quinas personaliz\u00e1veis \u200b\u200best\u00e3o dispon\u00edveis para sele\u00e7\u00e3o e combina\u00e7\u00e3o, com configura\u00e7\u00e3o flex\u00edvel.<\/li>    <li>\u00c9 equipado com um sistema inteligente de controle de temperatura para controle preciso da temperatura de granula\u00e7\u00e3o.<\/li>    <li>Os gr\u00e2nulos produzidos possuem alta qualidade, superf\u00edcie lisa e uniforme e boas propriedades f\u00edsicas.<\/li> <\/ul>   <div class=\"wp-block-image\"> <figure class=\"aligncenter size-full\"><img loading=\"lazy\" decoding=\"async\" width=\"720\" height=\"540\" src=\"https:\/\/www.plasticgranularmachine.com\/wp-content\/uploads\/2024\/10\/hard-plastic-recycling-line-3.webp\" alt=\"linha de reciclagem de pl\u00e1stico duro\" class=\"wp-image-1207\" srcset=\"https:\/\/www.plasticgranularmachine.com\/wp-content\/uploads\/2024\/10\/hard-plastic-recycling-line-3.webp 720w, https:\/\/www.plasticgranularmachine.com\/wp-content\/uploads\/2024\/10\/hard-plastic-recycling-line-3-300x225.webp 300w, https:\/\/www.plasticgranularmachine.com\/wp-content\/uploads\/2024\/10\/hard-plastic-recycling-line-3-16x12.webp 16w\" sizes=\"auto, (max-width: 720px) 100vw, 720px\" \/><figcaption class=\"wp-element-caption\">linha de reciclagem de pl\u00e1stico duro<\/figcaption><\/figure> <\/div>   <h2 class=\"wp-block-heading\">Para quais tipos de processamento de pl\u00e1stico as m\u00e1quinas de reciclagem eficientes s\u00e3o adequadas?<\/h2>    <h3 class=\"wp-block-heading\">Mat\u00e9rias-primas<\/h3>    <p>A linha de reciclagem de pl\u00e1stico duro \u00e9 especialmente projetada para transformar pl\u00e1sticos PP, PE, PVC, HDPE, ABS, etc. de alta resist\u00eancia e rigidez em gr\u00e2nulos reutiliz\u00e1veis. Esses materiais normalmente podem ser coletados nos campos abaixo:<\/p>    <ul class=\"wp-block-list\"> <li><strong>Necessidades di\u00e1rias:<\/strong> Brinquedos, m\u00f3veis, recipientes para alimentos, etc.<\/li>    <li><strong>Constru\u00e7\u00e3o<\/strong>: Tubos, caixilhos de janelas, etc.<\/li>    <li><strong>Ind\u00fastria automotiva<\/strong>: P\u00e1ra-choques e outras pe\u00e7as<\/li>    <li><strong>Produtos eletr\u00f4nicos<\/strong>: Caixas isolantes, conectores, etc.<\/li>    <li><strong>Ind\u00fastria de embalagens:<\/strong> Baldes de pl\u00e1stico r\u00edgido, latas, etc.<\/li> <\/ul>    <h3 class=\"wp-block-heading\">Produtos Finais<\/h3>    <p>Esses pl\u00e1sticos duros s\u00e3o finalmente transformados em pellets uniformes, que podem ser usados \u200b\u200bpara fabricar novos produtos pl\u00e1sticos.<\/p>    <figure class=\"wp-block-gallery has-nested-images columns-default is-cropped wp-block-gallery-3 is-layout-flex wp-block-gallery-is-layout-flex\"> <figure class=\"wp-block-image size-large\"><img loading=\"lazy\" decoding=\"async\" width=\"720\" height=\"540\" data-id=\"1209\" src=\"https:\/\/www.plasticgranularmachine.com\/wp-content\/uploads\/2024\/10\/Raw-materials-and-products-of-hard-plastic-recycling-line-1.webp\" alt=\"Mat\u00e9rias-primas e produtos da linha de reciclagem de pl\u00e1stico r\u00edgido\" class=\"wp-image-1209\" srcset=\"https:\/\/www.plasticgranularmachine.com\/wp-content\/uploads\/2024\/10\/Raw-materials-and-products-of-hard-plastic-recycling-line-1.webp 720w, https:\/\/www.plasticgranularmachine.com\/wp-content\/uploads\/2024\/10\/Raw-materials-and-products-of-hard-plastic-recycling-line-1-300x225.webp 300w, https:\/\/www.plasticgranularmachine.com\/wp-content\/uploads\/2024\/10\/Raw-materials-and-products-of-hard-plastic-recycling-line-1-16x12.webp 16w\" sizes=\"auto, (max-width: 720px) 100vw, 720px\" \/><figcaption class=\"wp-element-caption\">Mat\u00e9rias-primas e produtos da linha de reciclagem de pl\u00e1stico r\u00edgido<\/figcaption><\/figure>    <figure class=\"wp-block-image size-large\"><img loading=\"lazy\" decoding=\"async\" width=\"720\" height=\"540\" data-id=\"1208\" src=\"https:\/\/www.plasticgranularmachine.com\/wp-content\/uploads\/2024\/10\/HDPE-pipes-and-granule.webp\" alt=\"Tubos e gr\u00e2nulos de HDPE\" class=\"wp-image-1208\" srcset=\"https:\/\/www.plasticgranularmachine.com\/wp-content\/uploads\/2024\/10\/HDPE-pipes-and-granule.webp 720w, https:\/\/www.plasticgranularmachine.com\/wp-content\/uploads\/2024\/10\/HDPE-pipes-and-granule-300x225.webp 300w, https:\/\/www.plasticgranularmachine.com\/wp-content\/uploads\/2024\/10\/HDPE-pipes-and-granule-16x12.webp 16w\" sizes=\"auto, (max-width: 720px) 100vw, 720px\" \/><figcaption class=\"wp-element-caption\">Tubos e gr\u00e2nulos de HDPE<\/figcaption><\/figure> <\/figure>    <h3 class=\"wp-block-heading\">F\u00e1bricas adequadas<\/h3>    <p>A linha de reciclagem de pl\u00e1stico r\u00edgido Efficient \u00e9 altamente vers\u00e1til e pode ser customizada para atender \u00e0s necessidades de f\u00e1bricas de todos os portes. Isto torna-o adequado tanto para pequenos como grandes recicladores de pl\u00e1stico que procuram reciclar materiais p\u00f3s-consumo, bem como para fabricantes que pretendem recuperar pl\u00e1sticos p\u00f3s-industriais.<\/p>    <h2 class=\"wp-block-heading\">Como funciona o processo de reciclagem?<\/h2>    <h3 class=\"wp-block-heading\">Passo 1: Esmagamento<\/h3>    <p>Primeiramente, os pl\u00e1sticos r\u00edgidos s\u00e3o alimentados em uma trituradora de pl\u00e1stico para serem triturados em flocos menores, que s\u00e3o mais convenientes para lavar e peletizar. Pela classifica\u00e7\u00e3o das mat\u00e9rias-primas, os tamanhos dos flocos obtidos s\u00e3o diferentes e podem ser ajustados. Eles t\u00eam normalmente cerca de 10 ~ 20 mm para os processos subsequentes. <\/p>    <p class=\"translation-block\">O <em><a href=\"https:\/\/www.plasticgranularmachine.com\/pt\/product\/hard-plastic-shredder\/\" data-type=\"link\" data-id=\"https:\/\/www.plasticgranularmachine.com\/product\/hard-plastic-shredder\/\">triturador de pl\u00e1stico<\/a><\/em> utiliza a for\u00e7a de cisalhamento da l\u00e2mina girat\u00f3ria e da l\u00e2mina estacion\u00e1ria para triturar materiais grandes e duros de forma eficiente sem entupimentos.<\/p>    <div class=\"wp-block-media-text is-stacked-on-mobile\"><figure class=\"wp-block-media-text__media\"><img loading=\"lazy\" decoding=\"async\" width=\"720\" height=\"540\" src=\"https:\/\/www.plasticgranularmachine.com\/wp-content\/uploads\/2024\/10\/hard-plastic-shredder-machine-1.webp\" alt=\"M\u00e1quina de triturador de pl\u00e1stico duro\" class=\"wp-image-1606 size-full\" srcset=\"https:\/\/www.plasticgranularmachine.com\/wp-content\/uploads\/2024\/10\/hard-plastic-shredder-machine-1.webp 720w, https:\/\/www.plasticgranularmachine.com\/wp-content\/uploads\/2024\/10\/hard-plastic-shredder-machine-1-300x225.webp 300w, https:\/\/www.plasticgranularmachine.com\/wp-content\/uploads\/2024\/10\/hard-plastic-shredder-machine-1-16x12.webp 16w\" sizes=\"auto, (max-width: 720px) 100vw, 720px\" \/><\/figure><div class=\"wp-block-media-text__content\"> <ul class=\"wp-block-list\"> <li>Material: 60Si2Mn<\/li>    <li>Capacidade: 600~1200kg\/h<\/li>    <li>Mat\u00e9rias-primas: pl\u00e1sticos r\u00edgidos<\/li>    <li>Produtos Finais: flocos uniformes<\/li> <\/ul> <\/div><\/div>    <h3 class=\"wp-block-heading\">Passo 2: Lavagem<\/h3>    <p>Os pl\u00e1sticos destinados \u00e0 reciclagem muitas vezes apresentam sujeira e outras impurezas em suas superf\u00edcies, que devem ser lavadas em um tanque de lavagem para garantir a pureza e limpeza dos materiais reciclados.<\/p>    <p class=\"translation-block\">O <em><a href=\"https:\/\/www.plasticgranularmachine.com\/pt\/product\/plastic-film-washing-machine\/\" data-type=\"link\" data-id=\"https:\/\/www.plasticgranularmachine.com\/product\/plastic-film-washing-machine\/\">tanque de lavagem de pel\u00edcula pl\u00e1stica<\/a><\/em> tem geralmente entre 10 a 30m de comprimento e pode ser personalizado com base nas suas necessidades de produ\u00e7\u00e3o. Utiliza um sistema de circula\u00e7\u00e3o de \u00e1gua, que \u00e9 altamente eficiente e energeticamente econ\u00f3mico.<\/p>    <div class=\"wp-block-media-text is-stacked-on-mobile\"><figure class=\"wp-block-media-text__media\"><img loading=\"lazy\" decoding=\"async\" width=\"720\" height=\"540\" src=\"https:\/\/www.plasticgranularmachine.com\/wp-content\/uploads\/2024\/10\/plastic-washing-machine.webp\" alt=\"m\u00e1quina de lavar pl\u00e1stico\" class=\"wp-image-1211 size-full\" srcset=\"https:\/\/www.plasticgranularmachine.com\/wp-content\/uploads\/2024\/10\/plastic-washing-machine.webp 720w, https:\/\/www.plasticgranularmachine.com\/wp-content\/uploads\/2024\/10\/plastic-washing-machine-300x225.webp 300w, https:\/\/www.plasticgranularmachine.com\/wp-content\/uploads\/2024\/10\/plastic-washing-machine-16x12.webp 16w\" sizes=\"auto, (max-width: 720px) 100vw, 720px\" \/><\/figure><div class=\"wp-block-media-text__content\"> <ul class=\"wp-block-list\"> <li>Pot\u00eancia: 3KW<\/li>    <li>Comprimento: 10 ~ 30m<\/li>    <li>Fun\u00e7\u00e3o: Lavar pl\u00e1sticos e remover impurezas.<\/li> <\/ul> <\/div><\/div>    <h3 class=\"wp-block-heading\">Etapa 3: Peletiza\u00e7\u00e3o<\/h3>    <p class=\"translation-block\">O <em><a href=\"https:\/\/www.plasticgranularmachine.com\/pt\/product\/hdpe-granules-making-machine\/\" data-type=\"link\" data-id=\"https:\/\/www.plasticgranularmachine.com\/product\/hdpe-granules-making-machine\/\">aparelho de pelletiza\u00e7\u00e3o de pl\u00e1stico<\/a><\/em> \u00e9 uma pe\u00e7a essencial de equipamento que transforma pl\u00e1stico em pellets. Todo o processo envolve aquecimento, extrus\u00e3o, arrefecimento e corte.<\/p>    <ul class=\"wp-block-list\"> <li>Usando a tecnologia de fus\u00e3o por parafuso em alta temperatura, os pl\u00e1sticos s\u00e3o aquecidos at\u00e9 derreterem e depois extrudados em longas tiras pela cabe\u00e7a de roscar.<\/li>    <li>Essas tiras densas passam por um tanque de resfriamento para solidificar e melhorar a suavidade da superf\u00edcie.<\/li>    <li>Finalmente, uma m\u00e1quina de corte de pellets de pl\u00e1stico corta as longas tiras em gr\u00e2nulos uniformes.<\/li> <\/ul>    <div class=\"wp-block-media-text is-stacked-on-mobile\"><figure class=\"wp-block-media-text__media\"><img loading=\"lazy\" decoding=\"async\" width=\"720\" height=\"540\" src=\"https:\/\/www.plasticgranularmachine.com\/wp-content\/uploads\/2024\/10\/plastic-pelletizer-machine.webp\" alt=\"m\u00e1quina peletizadora de pl\u00e1stico\" class=\"wp-image-1212 size-full\" srcset=\"https:\/\/www.plasticgranularmachine.com\/wp-content\/uploads\/2024\/10\/plastic-pelletizer-machine.webp 720w, https:\/\/www.plasticgranularmachine.com\/wp-content\/uploads\/2024\/10\/plastic-pelletizer-machine-300x225.webp 300w, https:\/\/www.plasticgranularmachine.com\/wp-content\/uploads\/2024\/10\/plastic-pelletizer-machine-16x12.webp 16w\" sizes=\"auto, (max-width: 720px) 100vw, 720px\" \/><\/figure><div class=\"wp-block-media-text__content\"> <ul class=\"wp-block-list\"> <li>Pot\u00eancia: 30 ~ 75KW<\/li>    <li>Produ\u00e7\u00e3o: 180 ~ 380 kg\/h<\/li>    <li>Material: a\u00e7o inoxid\u00e1vel de alta qualidade<\/li> <\/ul> <\/div><\/div>    <h3 class=\"wp-block-heading\">Passo 4: Secagem<\/h3>    <p>Um secador de pl\u00e1stico \u00e9 usado especialmente em linhas de reciclagem de pl\u00e1stico para desidrar o pl\u00e1stico ap\u00f3s a limpeza ou gritos. A taxa de desidrata\u00e7\u00e3o \u00e9 superior a 97%.<\/p>    <div class=\"wp-block-media-text is-stacked-on-mobile\"><figure class=\"wp-block-media-text__media\"><img loading=\"lazy\" decoding=\"async\" width=\"720\" height=\"540\" src=\"https:\/\/www.plasticgranularmachine.com\/wp-content\/uploads\/2024\/10\/horizontal-plastic-dryer.webp\" alt=\"secador de pl\u00e1stico horizontal\" class=\"wp-image-1608 size-full\" srcset=\"https:\/\/www.plasticgranularmachine.com\/wp-content\/uploads\/2024\/10\/horizontal-plastic-dryer.webp 720w, https:\/\/www.plasticgranularmachine.com\/wp-content\/uploads\/2024\/10\/horizontal-plastic-dryer-300x225.webp 300w, https:\/\/www.plasticgranularmachine.com\/wp-content\/uploads\/2024\/10\/horizontal-plastic-dryer-16x12.webp 16w\" sizes=\"auto, (max-width: 720px) 100vw, 720px\" \/><\/figure><div class=\"wp-block-media-text__content\"> <ul class=\"wp-block-list\"> <li>Pot\u00eancia: 7,5 ~ 15 KW<\/li>    <li>Taxa de desidrata\u00e7\u00e3o: mais de 97%<\/li>    <li>Material: a\u00e7o inoxid\u00e1vel de alta qualidade<\/li> <\/ul> <\/div><\/div>    <h2 class=\"wp-block-heading\">Informa\u00e7\u00f5es relacionadas ao envio sobre efici\u00eancia<\/h2>    <ul class=\"wp-block-list\"> <li>Fornecemos sugest\u00f5es correspondentes e projetos de f\u00e1brica com base em suas necessidades de produ\u00e7\u00e3o.<\/li>    <li>Bem-vindo a visitar nossa f\u00e1brica para inspe\u00e7\u00e3o!<\/li>    <li>O prazo de entrega \u00e9 de cerca de 20 a 25 dias ap\u00f3s a realiza\u00e7\u00e3o do pedido.<\/li>    <li>Envio atrav\u00e9s de log\u00edstica internacional.<\/li>    <li>Oferecemos garantia de um ano, instala\u00e7\u00e3o no local e servi\u00e7os de ajuste.<\/li> <\/ul>    <p>Eficiente tem mais de dez anos de experi\u00eancia, grandes oficinas de produ\u00e7\u00e3o e equipes profissionais. Espero que possamos cooperar para melhorar sua efici\u00eancia de produ\u00e7\u00e3o!<\/p>    <figure class=\"wp-block-gallery has-nested-images columns-default is-cropped wp-block-gallery-4 is-layout-flex wp-block-gallery-is-layout-flex\"> <figure class=\"wp-block-image size-large\"><img loading=\"lazy\" decoding=\"async\" width=\"720\" height=\"540\" data-id=\"1215\" src=\"https:\/\/www.plasticgranularmachine.com\/wp-content\/uploads\/2024\/10\/Shipping-preparation-for-plastic-granulation-line.webp\" alt=\"Prepara\u00e7\u00e3o de envio para linha de granula\u00e7\u00e3o de pl\u00e1stico\" class=\"wp-image-1215\" srcset=\"https:\/\/www.plasticgranularmachine.com\/wp-content\/uploads\/2024\/10\/Shipping-preparation-for-plastic-granulation-line.webp 720w, https:\/\/www.plasticgranularmachine.com\/wp-content\/uploads\/2024\/10\/Shipping-preparation-for-plastic-granulation-line-300x225.webp 300w, https:\/\/www.plasticgranularmachine.com\/wp-content\/uploads\/2024\/10\/Shipping-preparation-for-plastic-granulation-line-16x12.webp 16w\" sizes=\"auto, (max-width: 720px) 100vw, 720px\" \/><figcaption class=\"wp-element-caption\">Prepara\u00e7\u00e3o de envio para linha de granula\u00e7\u00e3o de pl\u00e1stico<\/figcaption><\/figure>    <figure class=\"wp-block-image size-large\"><img loading=\"lazy\" decoding=\"async\" width=\"720\" height=\"540\" data-id=\"1214\" src=\"https:\/\/www.plasticgranularmachine.com\/wp-content\/uploads\/2024\/10\/Pelletizer-crating.webp\" alt=\"Caixa de peletiza\u00e7\u00e3o\" class=\"wp-image-1214\" srcset=\"https:\/\/www.plasticgranularmachine.com\/wp-content\/uploads\/2024\/10\/Pelletizer-crating.webp 720w, https:\/\/www.plasticgranularmachine.com\/wp-content\/uploads\/2024\/10\/Pelletizer-crating-300x225.webp 300w, https:\/\/www.plasticgranularmachine.com\/wp-content\/uploads\/2024\/10\/Pelletizer-crating-16x12.webp 16w\" sizes=\"auto, (max-width: 720px) 100vw, 720px\" \/><figcaption class=\"wp-element-caption\">Caixa de peletiza\u00e7\u00e3o<\/figcaption><\/figure> <\/figure>    <h2 class=\"wp-block-heading\">Compartilhando Casos de Sucesso<\/h2>    <p>Nos \u00faltimos anos, a shuliy exportou com sucesso muitas m\u00e1quinas de reciclagem de pl\u00e1stico para todo o mundo. Aqui est\u00e3o alguns casos recentes de linhas de reciclagem de pl\u00e1stico r\u00edgido. Se desejar obter mais informa\u00e7\u00f5es, n\u00e3o hesite em contactar-nos.<\/p>    <ul class=\"wp-block-list\"> <li><em><a href=\"https:\/\/www.plasticgranularmachine.com\/pt\/Info\/plastic-pellet-making-machine-exported-to-germany\/\" data-type=\"link\" data-id=\"https:\/\/www.plasticgranularmachine.com\/Info\/plastic-pellet-making-machine-exported-to-germany\/\">M\u00e1quina de fazer pelotas de pl\u00e1stico exportada para a Alemanha<\/a><\/em><\/li>    <li><em><a href=\"https:\/\/www.plasticgranularmachine.com\/pt\/Info\/pvc-granulator-machine-shipped-to-oman-successfully\/\" data-type=\"link\" data-id=\"https:\/\/www.plasticgranularmachine.com\/Info\/pvc-granulator-machine-shipped-to-oman-successfully\/\">M\u00e1quina granuladora de PVC enviada para Om\u00e3 com sucesso<\/a><\/em><\/li>    <li><em><a href=\"https:\/\/www.plasticgranularmachine.com\/pt\/Info\/plastic-recycling-pellet-machine-sent-to-mozambique\/\" data-type=\"link\" data-id=\"https:\/\/www.plasticgranularmachine.com\/Info\/plastic-recycling-pellet-machine-sent-to-mozambique\/\">Coopera\u00e7\u00e3o cont\u00ednua: m\u00e1quina de pellets para reciclagem de pl\u00e1stico enviada para Mo\u00e7ambique<\/a><\/em><\/li> <\/ul>    <figure class=\"wp-block-gallery has-nested-images columns-default is-cropped wp-block-gallery-5 is-layout-flex wp-block-gallery-is-layout-flex\"> <figure class=\"wp-block-image size-large\"><img loading=\"lazy\" decoding=\"async\" width=\"720\" height=\"540\" data-id=\"1216\" src=\"https:\/\/www.plasticgranularmachine.com\/wp-content\/uploads\/2024\/10\/A-photo-with-the-customer-3.webp\" alt=\"Uma foto com o cliente\" class=\"wp-image-1216\" srcset=\"https:\/\/www.plasticgranularmachine.com\/wp-content\/uploads\/2024\/10\/A-photo-with-the-customer-3.webp 720w, https:\/\/www.plasticgranularmachine.com\/wp-content\/uploads\/2024\/10\/A-photo-with-the-customer-3-300x225.webp 300w, https:\/\/www.plasticgranularmachine.com\/wp-content\/uploads\/2024\/10\/A-photo-with-the-customer-3-16x12.webp 16w\" sizes=\"auto, (max-width: 720px) 100vw, 720px\" \/><figcaption class=\"wp-element-caption\">Uma foto com o cliente<\/figcaption><\/figure>    <figure class=\"wp-block-image size-large\"><img loading=\"lazy\" decoding=\"async\" width=\"720\" height=\"540\" data-id=\"1217\" src=\"https:\/\/www.plasticgranularmachine.com\/wp-content\/uploads\/2024\/10\/Group-photo-with-customer-at-plastic-recycling-machine-installation-site.webp\" alt=\"Foto de grupo com cliente no local de instala\u00e7\u00e3o da m\u00e1quina de reciclagem de pl\u00e1stico\" class=\"wp-image-1217\" srcset=\"https:\/\/www.plasticgranularmachine.com\/wp-content\/uploads\/2024\/10\/Group-photo-with-customer-at-plastic-recycling-machine-installation-site.webp 720w, https:\/\/www.plasticgranularmachine.com\/wp-content\/uploads\/2024\/10\/Group-photo-with-customer-at-plastic-recycling-machine-installation-site-300x225.webp 300w, https:\/\/www.plasticgranularmachine.com\/wp-content\/uploads\/2024\/10\/Group-photo-with-customer-at-plastic-recycling-machine-installation-site-16x12.webp 16w\" sizes=\"auto, (max-width: 720px) 100vw, 720px\" \/><figcaption class=\"wp-element-caption\">Foto de grupo com cliente no local de instala\u00e7\u00e3o da m\u00e1quina de reciclagem de pl\u00e1stico<\/figcaption><\/figure> <\/figure>    <h3 class=\"wp-block-heading\">V\u00eddeo de feedback do cliente<\/h3>    <p>A linha de reciclagem de pl\u00e1stico r\u00edgido Efficient tem recebido muitos elogios devido \u00e0s suas in\u00fameras vantagens. Este \u00e9 um v\u00eddeo de feedback do nosso cliente de Om\u00e3. <\/p>    <figure class=\"wp-block-embed is-type-video is-provider-youtube wp-block-embed-youtube wp-embed-aspect-16-9 wp-has-aspect-ratio\"><div class=\"wp-block-embed__wrapper\"> <iframe loading=\"lazy\" title=\"Como a planta de reciclagem de pl\u00e1stico de Om\u00e3 transforma res\u00edduos r\u00edgidos em pellets reciclados\" width=\"500\" height=\"281\" src=\"https:\/\/www.youtube.com\/embed\/NUP-LciKvvU?feature=oembed\" frameborder=\"0\" allow=\"accelerometer; autoplay; clipboard-write; encrypted-media; gyroscope; picture-in-picture; web-share\" referrerpolicy=\"strict-origin-when-cross-origin\" allowfullscreen><\/iframe> <\/div><\/figure>    <h2 class=\"wp-block-heading\">Aguardamos suas not\u00edcias<\/h2>    <p>Em resumo, a linha de reciclagem de pl\u00e1stico duro eficiente apresenta alta efici\u00eancia, alta qualidade e baixo consumo de energia. Al\u00e9m disso, oferecemos servi\u00e7os abrangentes para satisfazer todas as suas necessidades de produ\u00e7\u00e3o. Se estiver interessado, n\u00e3o hesite em nos contactar.<\/p>   <div class=\"wp-block-image\"> <figure class=\"aligncenter size-full\"><img loading=\"lazy\" decoding=\"async\" width=\"720\" height=\"540\" src=\"https:\/\/www.plasticgranularmachine.com\/wp-content\/uploads\/2024\/10\/hard-plastic-recycling-line-in-the-factory.webp\" alt=\"linha de reciclagem de pl\u00e1stico duro na f\u00e1brica\" class=\"wp-image-1218\" srcset=\"https:\/\/www.plasticgranularmachine.com\/wp-content\/uploads\/2024\/10\/hard-plastic-recycling-line-in-the-factory.webp 720w, https:\/\/www.plasticgranularmachine.com\/wp-content\/uploads\/2024\/10\/hard-plastic-recycling-line-in-the-factory-300x225.webp 300w, https:\/\/www.plasticgranularmachine.com\/wp-content\/uploads\/2024\/10\/hard-plastic-recycling-line-in-the-factory-16x12.webp 16w\" sizes=\"auto, (max-width: 720px) 100vw, 720px\" \/><figcaption class=\"wp-element-caption\">linha de reciclagem de pl\u00e1stico duro na f\u00e1brica<\/figcaption><\/figure> <\/div>","protected":false},"excerpt":{"rendered":"<p>A linha de reciclagem de pl\u00e1stico r\u00edgido \u00e9 um conjunto de importantes m\u00e1quinas combinadas que trituram pl\u00e1sticos r\u00edgidos PP, PE, PVC, HDPE, etc. <\/p>","protected":false},"author":1,"featured_media":1202,"parent":0,"template":"","tags":[36,40],"product-type":[10],"class_list":["post-954","product","type-product","status-publish","has-post-thumbnail","hentry","tag-hard-plastic-recycling","tag-solution","product-type-solutions"],"_links":{"self":[{"href":"https:\/\/www.plasticgranularmachine.com\/pt\/wp-json\/wp\/v2\/product\/954","targetHints":{"allow":["GET"]}}],"collection":[{"href":"https:\/\/www.plasticgranularmachine.com\/pt\/wp-json\/wp\/v2\/product"}],"about":[{"href":"https:\/\/www.plasticgranularmachine.com\/pt\/wp-json\/wp\/v2\/types\/product"}],"author":[{"embeddable":true,"href":"https:\/\/www.plasticgranularmachine.com\/pt\/wp-json\/wp\/v2\/users\/1"}],"wp:featuredmedia":[{"embeddable":true,"href":"https:\/\/www.plasticgranularmachine.com\/pt\/wp-json\/wp\/v2\/media\/1202"}],"wp:attachment":[{"href":"https:\/\/www.plasticgranularmachine.com\/pt\/wp-json\/wp\/v2\/media?parent=954"}],"wp:term":[{"taxonomy":"post_tag","embeddable":true,"href":"https:\/\/www.plasticgranularmachine.com\/pt\/wp-json\/wp\/v2\/tags?post=954"},{"taxonomy":"product-type","embeddable":true,"href":"https:\/\/www.plasticgranularmachine.com\/pt\/wp-json\/wp\/v2\/product-type?post=954"}],"curies":[{"name":"wp","href":"https:\/\/api.w.org\/{rel}","templated":true}]}}