{"id":139,"date":"2022-07-20T08:55:52","date_gmt":"2022-07-20T08:55:52","guid":{"rendered":"https:\/\/www.plasticgranularmachine.com\/?post_type=product&#038;p=139"},"modified":"2025-01-06T10:00:00","modified_gmt":"2025-01-06T02:00:00","slug":"plastic-granulating-line","status":"publish","type":"product","link":"https:\/\/www.plasticgranularmachine.com\/sw\/product\/plastic-granulating-line\/","title":{"rendered":"Plastgranuleringslinje f\u00f6r PP LDPE HDPE \u00e5tervinning"},"content":{"rendered":"<p>Plastgranuleringslinjen \u00e4r den vanligaste produktionslinjen i plast\u00e5tervinningslinjer. S\u00e5 denna linje har syftet att \u00e5tervinna plast till pellets. Utmatningsomf\u00e5nget f\u00f6r den kompletta plastpelletseringslinjen \u00e4r 100-500 kg\/h. <\/p>    <p>\u00c5tervinningslinjen inkluderar en kross- och tv\u00e4ttmaskin, plastfilmssk\u00f6ljningstank, plastavvattningsmaskin, plast pelletiseringsmaskin, kyltank, pelletiseringsmaskin, och lagringsbeh\u00e5llare. <\/p>   <div class=\"wp-block-image\"> <figure class=\"aligncenter size-full\"><img loading=\"lazy\" decoding=\"async\" width=\"720\" height=\"540\" src=\"https:\/\/www.plasticgranularmachine.com\/wp-content\/uploads\/2022\/07\/plastic-granulating-line.webp\" alt=\"plastgranuleringslinje\" class=\"wp-image-1322\" srcset=\"https:\/\/www.plasticgranularmachine.com\/wp-content\/uploads\/2022\/07\/plastic-granulating-line.webp 720w, https:\/\/www.plasticgranularmachine.com\/wp-content\/uploads\/2022\/07\/plastic-granulating-line-300x225.webp 300w, https:\/\/www.plasticgranularmachine.com\/wp-content\/uploads\/2022\/07\/plastic-granulating-line-16x12.webp 16w\" sizes=\"auto, (max-width: 720px) 100vw, 720px\" \/><figcaption class=\"wp-element-caption\">plastgranuleringslinje<\/figcaption><\/figure> <\/div>   <h2 class=\"wp-block-heading\" id=\"h-what-is-the-scope-of-application-of-the-plastic-granulating-line\">Vad \u00e4r till\u00e4mpningsomr\u00e5det f\u00f6r plastgranuleringslinan?<\/h2>    <p class=\"translation-block\">Men inte alla plaster kan hanteras av v\u00e5r plast\u00e5tervinningsgranuleringslinje. V\u00e5r linje kan endast bearbeta PP, PE, BOPP, LDPE och HDPE plastfilmer. Andra plastmaterial, som PET-flaskor och EPS-skum, m\u00e5ste bearbetas av <a href=\"https:\/\/www.plasticgranularmachine.com\/sw\/product\/pet-bottles-recycling-line\/\">PET-flask\u00e5tervinningslinje<\/a> och <a href=\"https:\/\/www.plasticgranularmachine.com\/sw\/product\/eps-recycling-machine\/\">EPS-skum\u00e5tervinningspelletteringslinje<\/a>. Detta inneb\u00e4r ocks\u00e5 att s\u00e4rskilda material kr\u00e4ver s\u00e4rskilda plastmaskiner och linjer. Om du st\u00f6ter p\u00e5 en tillverkare som s\u00e4ger att deras en plast\u00e5tervinningslinje kan hantera alla plastmaterial. D\u00e5 m\u00e5ste du vara mer uppm\u00e4rksam.<\/p>   <div class=\"wp-block-image\"> <figure class=\"aligncenter size-full\"><img loading=\"lazy\" decoding=\"async\" width=\"720\" height=\"540\" src=\"https:\/\/www.plasticgranularmachine.com\/wp-content\/uploads\/2022\/07\/different-waste-plastic-film.jpg\" alt=\"olika avfall plastfilm\" class=\"wp-image-142\" srcset=\"https:\/\/www.plasticgranularmachine.com\/wp-content\/uploads\/2022\/07\/different-waste-plastic-film.jpg 720w, https:\/\/www.plasticgranularmachine.com\/wp-content\/uploads\/2022\/07\/different-waste-plastic-film-300x225.jpg 300w\" sizes=\"auto, (max-width: 720px) 100vw, 720px\" \/><figcaption class=\"wp-element-caption\">olika avfall plastfilm<\/figcaption><\/figure> <\/div>   <h2 class=\"wp-block-heading\">Hur tillverkas plastgranuler?<\/h2>    <p>F\u00f6ljande \u00e4r en introduktion till pelletiseringsprocessen f\u00f6r plastgranuleringslinjen.<\/p>    <h3 class=\"wp-block-heading\">Rivning och reng\u00f6ring<\/h3>    <p>F\u00f6rst m\u00e5ste plastfilmen krossas till bitar. Under krossningen kommer v\u00e5r plastbearbetningsmaskin att reng\u00f6ra plastfragmenten.<\/p>   <div class=\"wp-block-image\"> <figure class=\"aligncenter size-full\"><img loading=\"lazy\" decoding=\"async\" width=\"720\" height=\"540\" src=\"https:\/\/www.plasticgranularmachine.com\/wp-content\/uploads\/2022\/07\/waste-plastic-after-crushing.jpg\" alt=\"avfallsplast efter krossning\" class=\"wp-image-143\" srcset=\"https:\/\/www.plasticgranularmachine.com\/wp-content\/uploads\/2022\/07\/waste-plastic-after-crushing.jpg 720w, https:\/\/www.plasticgranularmachine.com\/wp-content\/uploads\/2022\/07\/waste-plastic-after-crushing-300x225.jpg 300w\" sizes=\"auto, (max-width: 720px) 100vw, 720px\" \/><figcaption class=\"wp-element-caption\">avfallsplast efter krossning<\/figcaption><\/figure> <\/div>   <h3 class=\"wp-block-heading\">Avvattning<\/h3>    <p>Efter reng\u00f6ring kommer plastskr\u00e4pet att inneh\u00e5lla mycket vatten. D\u00e4rf\u00f6r, f\u00f6r b\u00e4ttre pelletsresultat, m\u00e5ste de avvattnas och torkas.<\/p>    <h3 class=\"wp-block-heading\">Pelletisering<\/h3>    <p>N\u00e4sta \u00e4r den viktigaste delen av plastgranuleringslinan. Plastpelletsmaskinen sm\u00e4lter plastfilmen och extruderar l\u00e5nga str\u00e4ngar av plast.<\/p>    <h3 class=\"wp-block-heading\">Kylning<\/h3>    <p>Sedan kyls filamentplastiken f\u00f6r att stelnas f\u00f6r efterf\u00f6ljande klippning.<\/p>    <h3 class=\"wp-block-heading\">Pelletisering<\/h3>    <p>Efter kylning sk\u00e4rs de l\u00e5nga remsorna av plast till pellets med en sk\u00e4rare.<\/p>   <div class=\"wp-block-image\"> <figure class=\"aligncenter size-full\"><img loading=\"lazy\" decoding=\"async\" width=\"720\" height=\"540\" src=\"https:\/\/www.plasticgranularmachine.com\/wp-content\/uploads\/2022\/06\/finished-products.jpg\" alt=\"f\u00e4rdiga produkter\" class=\"wp-image-108\" srcset=\"https:\/\/www.plasticgranularmachine.com\/wp-content\/uploads\/2022\/06\/finished-products.jpg 720w, https:\/\/www.plasticgranularmachine.com\/wp-content\/uploads\/2022\/06\/finished-products-300x225.jpg 300w\" sizes=\"auto, (max-width: 720px) 100vw, 720px\" \/><figcaption class=\"wp-element-caption\">f\u00e4rdiga produkter<\/figcaption><\/figure> <\/div>   <h3 class=\"wp-block-heading\">Lagring<\/h3>    <p>Till sist lagras plastpellets i lagringsbeh\u00e5llare.<\/p>    <h2 class=\"wp-block-heading\">Huvudmaskinen i plastgranuleringslinjen<\/h2>    <h3 class=\"wp-block-heading\">Plastkrossmaskin<\/h3>    <p class=\"translation-block\"><strong><a href=\"https:\/\/www.plasticgranularmachine.com\/sw\/product\/plastic-film-crusher\/\">plastkross<\/a><\/strong> \u00e4r den f\u00f6rsta huvudmaskinen i plast\u00e5tervinnings- och granuleringslinjen. Den kan krossa plastfilmer till plastfragment. Dessutom \u00e4r st\u00f6rsta egenskapen hos v\u00e5r plastkross att den kan reng\u00f6ra plastfragment efter krossning. S\u00e5 detta \u00e4r en krossnings- och reng\u00f6ringsmaskin. Den inbyggda s\u00e4rskilda kniven \u00e4r mycket vass och kan sk\u00e4ra plastfilmer till sm\u00e5 bitar p\u00e5 kort tid. Maskinen har en sluten t\u00e4t design, s\u00e5 den \u00e4r mycket s\u00e4ker.<\/p>   <div class=\"wp-block-image\"> <figure class=\"aligncenter size-full\"><img loading=\"lazy\" decoding=\"async\" width=\"720\" height=\"540\" src=\"https:\/\/www.plasticgranularmachine.com\/wp-content\/uploads\/2022\/07\/plastic-crusher-for-pppe.webp\" alt=\"plastkross f\u00f6r PPPE\" class=\"wp-image-1323\" srcset=\"https:\/\/www.plasticgranularmachine.com\/wp-content\/uploads\/2022\/07\/plastic-crusher-for-pppe.webp 720w, https:\/\/www.plasticgranularmachine.com\/wp-content\/uploads\/2022\/07\/plastic-crusher-for-pppe-300x225.webp 300w, https:\/\/www.plasticgranularmachine.com\/wp-content\/uploads\/2022\/07\/plastic-crusher-for-pppe-16x12.webp 16w\" sizes=\"auto, (max-width: 720px) 100vw, 720px\" \/><figcaption class=\"wp-element-caption\">plastkross f\u00f6r PPPE<\/figcaption><\/figure> <\/div>   <h3 class=\"wp-block-heading\">Plastavvattningsmaskin<\/h3>    <p class=\"translation-block\">Effektiv<strong><a href=\"https:\/\/www.plasticgranularmachine.com\/sw\/product\/pet-flakes-dryer\/\"> plastavvattningsmaskin<\/a><\/strong> \u00e4r en maskin som anv\u00e4nder stark centrifugalkraft f\u00f6r att torka vattnet i plastfragment.<\/p>   <div class=\"wp-block-image\"> <figure class=\"aligncenter size-full\"><img loading=\"lazy\" decoding=\"async\" width=\"720\" height=\"540\" src=\"https:\/\/www.plasticgranularmachine.com\/wp-content\/uploads\/2022\/07\/vertical-plastic-dewatering-machine.webp\" alt=\"vertikal avvattningsmaskin f\u00f6r plast\" class=\"wp-image-1324\" srcset=\"https:\/\/www.plasticgranularmachine.com\/wp-content\/uploads\/2022\/07\/vertical-plastic-dewatering-machine.webp 720w, https:\/\/www.plasticgranularmachine.com\/wp-content\/uploads\/2022\/07\/vertical-plastic-dewatering-machine-300x225.webp 300w, https:\/\/www.plasticgranularmachine.com\/wp-content\/uploads\/2022\/07\/vertical-plastic-dewatering-machine-16x12.webp 16w\" sizes=\"auto, (max-width: 720px) 100vw, 720px\" \/><figcaption class=\"wp-element-caption\">vertikal avvattningsmaskin f\u00f6r plast<\/figcaption><\/figure> <\/div>   <h3 class=\"wp-block-heading\">Plastgranulator<\/h3>    <p class=\"translation-block\">V\u00e5r<strong><a href=\"https:\/\/www.plasticgranularmachine.com\/sw\/product\/plastic-film-granulator\/\"> plast\u00e5tervinningsgranulator<\/a><\/strong> \u00e4r en maskin som kan sm\u00e4lta plastfilmer och extrudera l\u00e5nga strimor av plast. Hela plastgranuleringssystemet inkluderar huvudmaskin och hj\u00e4lpmedel. Efter sm\u00e4ltning kommer plasten att fl\u00f6da ut ur huvudenhetens utlopp och sedan g\u00e5 in i hj\u00e4lpmedelsmaskinen. Under hj\u00e4lpmedelsmaskinens verkan kommer den remformade plasten att extruderas fr\u00e5n hj\u00e4lpmaskinens huvudbearbetningsverktyg.<\/p>   <div class=\"wp-block-image\"> <figure class=\"aligncenter size-full\"><img loading=\"lazy\" decoding=\"async\" width=\"720\" height=\"540\" src=\"https:\/\/www.plasticgranularmachine.com\/wp-content\/uploads\/2022\/07\/plastic-granulator.webp\" alt=\"plastgranulator\" class=\"wp-image-1325\" srcset=\"https:\/\/www.plasticgranularmachine.com\/wp-content\/uploads\/2022\/07\/plastic-granulator.webp 720w, https:\/\/www.plasticgranularmachine.com\/wp-content\/uploads\/2022\/07\/plastic-granulator-300x225.webp 300w, https:\/\/www.plasticgranularmachine.com\/wp-content\/uploads\/2022\/07\/plastic-granulator-16x12.webp 16w\" sizes=\"auto, (max-width: 720px) 100vw, 720px\" \/><figcaption class=\"wp-element-caption\">plastgranulator<\/figcaption><\/figure> <\/div>   <h3 class=\"wp-block-heading\">Pellets sk\u00e4rare<\/h3>    <p class=\"translation-block\">F\u00f6r att f\u00e5 plastpartiklar beh\u00f6ver du en plastgranulator f\u00f6r att sk\u00e4ra l\u00e5nga plastremor till plastpartiklar. En <strong><a href=\"https:\/\/www.plasticgranularmachine.com\/sw\/product\/plastic-strip-cutting-machine\/\">pellets-sk\u00e4rmaskin<\/a><\/strong>kan hj\u00e4lpa dig uppn\u00e5 detta. Dessutom kan storleken p\u00e5 plastpartiklar justeras enligt dina behov.<\/p>   <div class=\"wp-block-image\"> <figure class=\"aligncenter size-full\"><img loading=\"lazy\" decoding=\"async\" width=\"720\" height=\"540\" src=\"https:\/\/www.plasticgranularmachine.com\/wp-content\/uploads\/2022\/07\/Pellet-cutting-machine1.webp\" alt=\"Pellets sk\u00e4rare\" class=\"wp-image-1326\" srcset=\"https:\/\/www.plasticgranularmachine.com\/wp-content\/uploads\/2022\/07\/Pellet-cutting-machine1.webp 720w, https:\/\/www.plasticgranularmachine.com\/wp-content\/uploads\/2022\/07\/Pellet-cutting-machine1-300x225.webp 300w, https:\/\/www.plasticgranularmachine.com\/wp-content\/uploads\/2022\/07\/Pellet-cutting-machine1-16x12.webp 16w\" sizes=\"auto, (max-width: 720px) 100vw, 720px\" \/><figcaption class=\"wp-element-caption\">Pellets sk\u00e4rare<\/figcaption><\/figure> <\/div>   <h2 class=\"wp-block-heading\">Plastgranulator till salu<\/h2>    <p class=\"translation-block\">Sammanfattningsvis vet vi att plastgranulatorn \u00e4r nyckelutrustningen i hela plastgranuleringslinan. Avfallspplastgranulationsextruder till\u00e4mpar automatisk temperaturkontroll och elektromagnetisk uppv\u00e4rmningsteknik. D\u00e4rf\u00f6r har den egenskaper som l\u00e5g effektf\u00f6rbrukning, ingen f\u00f6rorening och h\u00f6g automatiseringsgrad. I <a href=\"https:\/\/www.plasticgranularmachine.com\/sw\/\">Efficient plastic recycling machinery<\/a> har vi sm\u00e5 plastgranulatorer f\u00f6r salu och plastgranulatorer i stor skala. F\u00f6ljande \u00e4r parametrarna f\u00f6r tre plastgranulators. Om du vill ha andra maskiner, v\u00e4nligen kontakta oss.<\/p>    <figure class=\"wp-block-table\"><table><tbody><tr><td>Mfano<\/td><td>SL-125<\/td><td>SL-150<\/td><td>SL-180<\/td><\/tr><tr><td>Skruvdiameter<\/td><td>125mm<\/td><td>150mm<\/td><td>180mm<\/td><\/tr><tr><td>Huvudaxelhastighet<\/td><td>50-70min<\/td><td>40-60min<\/td><td>40-50min<\/td><\/tr><tr><td>Huvudmotor<\/td><td>22+1.5lw<\/td><td>30+1.5kw<\/td><td>45kw<\/td><\/tr><tr><td>Kapacitet<\/td><td>3t\/dag<\/td><td>5t\/dag<\/td><td>7t\/dag\/ 24h<\/td><\/tr><\/tbody><\/table><\/figure>   <div class=\"wp-block-image\"> <figure class=\"aligncenter size-full\"><img loading=\"lazy\" decoding=\"async\" width=\"720\" height=\"540\" src=\"https:\/\/www.plasticgranularmachine.com\/wp-content\/uploads\/2022\/07\/plastic-granules-making-machine.webp\" alt=\"plastgranuleringsmaskin\" class=\"wp-image-1327\" srcset=\"https:\/\/www.plasticgranularmachine.com\/wp-content\/uploads\/2022\/07\/plastic-granules-making-machine.webp 720w, https:\/\/www.plasticgranularmachine.com\/wp-content\/uploads\/2022\/07\/plastic-granules-making-machine-300x225.webp 300w, https:\/\/www.plasticgranularmachine.com\/wp-content\/uploads\/2022\/07\/plastic-granules-making-machine-16x12.webp 16w\" sizes=\"auto, (max-width: 720px) 100vw, 720px\" \/><figcaption class=\"wp-element-caption\">plastgranuleringsmaskin<\/figcaption><\/figure> <\/div>   <h2 class=\"wp-block-heading\">Egenskaper hos plastgranuleringslinan<\/h2>    <ol class=\"wp-block-list\"> <li>H\u00f6g output. Produktionslinjens output \u00e4r h\u00f6g, och maxutg\u00e5ng per timme kan n\u00e5 1000 kg.<\/li>    <li>Widely used. V\u00e5r \u00e5tervinningslinje kan granulera plastfilmer av olika r\u00e5material. Vad som \u00e4r mer vanligt r\u00e5material inkluderar PP, PE, BOPP, LDPE och HDPE.<\/li>    <li>L\u00e4tt att anv\u00e4nda. Eftersom hela plastpelletseringslinjen endast kr\u00e4ver 3-4 personer.<\/li>    <li>Automationsgrad.<\/li>    <li>L\u00e5ng livsl\u00e4ngd. Hela produktionslinjen \u00e4r tillverkad av h\u00e5llbart st\u00e5l. D\u00e4rf\u00f6r har den egenskaper som robusthet och h\u00e5llbarhet.<\/li> <\/ol>    <h2 class=\"wp-block-heading\">3D-video av processen f\u00f6r plastfilmgranulering<\/h2>    <figure class=\"wp-block-embed is-type-video is-provider-youtube wp-block-embed-youtube wp-embed-aspect-16-9 wp-has-aspect-ratio\"><div class=\"wp-block-embed__wrapper\"> <iframe loading=\"lazy\" title=\"3D-video av PET-film\u00e5tervinningsprocessen | Spillplastfilms\u00e5tervinningsmaskin\" width=\"500\" height=\"281\" src=\"https:\/\/www.youtube.com\/embed\/rm1eGCFGcdc?feature=oembed\" frameborder=\"0\" allow=\"accelerometer; autoplay; clipboard-write; encrypted-media; gyroscope; picture-in-picture; web-share\" referrerpolicy=\"strict-origin-when-cross-origin\" allowfullscreen><\/iframe> <\/div><\/figure>    <h2 class=\"wp-block-heading\">F&amp;Q<\/h2>    <ol class=\"wp-block-list\"> <li>Malighafi zangu ni PP, PE, PET, <a href=\"https:\/\/en.wikipedia.org\/wiki\/Polyvinyl_chloride\" target=\"_blank\" rel=\"noopener\">PVC<\/a>, PS, na bidhaa nyingine za plastiki. Naweza kutumia mstari mmoja wa uzalishaji kwa granulation?<br>A: Hapana, malighafi tofauti zina michakato tofauti ya matibabu. (kwa sababu malighafi tofauti zina pointi tofauti za kuyeyuka)<\/li>    <li>Ikiwa malighafi ni PP na PE, joto gani linahitajika kwa granulation? Joto la juu zaidi la mashine ni lipi?<br>A: 240 degrees Celsius is enough. What&#8217;s more, the maximum working temperature of the machine can reach 500 degrees.<\/li>    <li>Je, matumizi ya nishati ya mstari wote wa pelletizing wa plastiki ni kiasi gani?<br>A: matumizi ya nishati kwa tani ya nyenzo ni takriban nyuzi 500.<\/li>    <li>Je, nyenzo za kisukuu na die ya granulator ni zipi?<br>A: Luo manganese chuma \/40 Luo<\/li>    <li>Jinsi gani ya kutambua mfano wa mashine ya pelletizing ya extrusion?<br>A: Mfano unagawanywa kulingana na kipenyo cha ndani cha skrufu.<\/li>    <li>Jinsi ya kutengeneza chembe za rangi tofauti? Je, kuna fomula?<br>A: Ongeza rangi wakati wa granulating. Fomula inaweza kupatikana tu baada ya kuweka oda.<\/li>    <li>Naitaji watu wangapi kuendesha mstari wote wa pelletizing wa plastiki?<br>A: Watu 3-4 ni vya kutosha<\/li> <\/ol>    <p>Sammantaget, om du beh\u00f6ver plastgranuleringsservice, v\u00e4nligen kontakta oss.<\/p>","protected":false},"excerpt":{"rendered":"<p>The plastic granulating line is the most common production line in plastic recycling lines. So, this line has the purpose of recycling plastic into pellets. The output range of the complete plastic pelletizing line is from 100-500 kg\/h. The recycling line includes a crushing and washing machine, plastic film rinsing tank, plastic dewatering machine, plastic [&hellip;]<\/p>\n","protected":false},"author":1,"featured_media":1220,"parent":0,"template":"","tags":[37,41],"product-type":[10],"class_list":["post-139","product","type-product","status-publish","has-post-thumbnail","hentry","tag-pelletizing","tag-plastic-film-recycling","product-type-solutions"],"_links":{"self":[{"href":"https:\/\/www.plasticgranularmachine.com\/sw\/wp-json\/wp\/v2\/product\/139","targetHints":{"allow":["GET"]}}],"collection":[{"href":"https:\/\/www.plasticgranularmachine.com\/sw\/wp-json\/wp\/v2\/product"}],"about":[{"href":"https:\/\/www.plasticgranularmachine.com\/sw\/wp-json\/wp\/v2\/types\/product"}],"author":[{"embeddable":true,"href":"https:\/\/www.plasticgranularmachine.com\/sw\/wp-json\/wp\/v2\/users\/1"}],"wp:featuredmedia":[{"embeddable":true,"href":"https:\/\/www.plasticgranularmachine.com\/sw\/wp-json\/wp\/v2\/media\/1220"}],"wp:attachment":[{"href":"https:\/\/www.plasticgranularmachine.com\/sw\/wp-json\/wp\/v2\/media?parent=139"}],"wp:term":[{"taxonomy":"post_tag","embeddable":true,"href":"https:\/\/www.plasticgranularmachine.com\/sw\/wp-json\/wp\/v2\/tags?post=139"},{"taxonomy":"product-type","embeddable":true,"href":"https:\/\/www.plasticgranularmachine.com\/sw\/wp-json\/wp\/v2\/product-type?post=139"}],"curies":[{"name":"wp","href":"https:\/\/api.w.org\/{rel}","templated":true}]}}