{"id":1567,"date":"2025-03-17T14:55:17","date_gmt":"2025-03-17T06:55:17","guid":{"rendered":"https:\/\/www.plasticgranularmachine.com\/?post_type=product&#038;p=1567"},"modified":"2025-03-31T09:07:46","modified_gmt":"2025-03-31T01:07:46","slug":"force-feeder-for-extruder","status":"publish","type":"product","link":"https:\/\/www.plasticgranularmachine.com\/sw\/product\/force-feeder-for-extruder\/","title":{"rendered":"Kifaa cha Kulisha kwa Nguvu kwa Extruder"},"content":{"rendered":"<p>Mchimba nguvu wa EFFICIENT ni kifaa maalum cha usambazaji kilichoundwa kwa ajili ya pelletizing ya filamu laini za plastiki, kama PP, PE, LDPE, nk. Mchimba nguvu huu kwa extruder unahakikisha usambazaji wa sawia, thabiti, na laini wa nyenzo za plastiki taka kwa granulator ya plastiki kwa kutumia mfumo wa usambazaji wa screw wa kisasa. Mekaniki hii ya usambazaji ya kuaminika inatoa msingi mzuri kwa pelletizing plastiki yenye ufanisi.<\/p>    <figure class=\"wp-block-embed is-type-video is-provider-youtube wp-block-embed-youtube wp-embed-aspect-16-9 wp-has-aspect-ratio\"><div class=\"wp-block-embed__wrapper\"> <iframe loading=\"lazy\" title=\"Screw Force Feeder for Extruder: Hemligheten till stabil och j\u00e4mn pelletisering!\" width=\"500\" height=\"281\" src=\"https:\/\/www.youtube.com\/embed\/kBizD50HKOg?feature=oembed\" frameborder=\"0\" allow=\"accelerometer; autoplay; clipboard-write; encrypted-media; gyroscope; picture-in-picture; web-share\" referrerpolicy=\"strict-origin-when-cross-origin\" allowfullscreen><\/iframe> <\/div><\/figure>    <h2 class=\"wp-block-heading\">Kwa nini Tunahitaji Mchimba Nguvu?<\/h2>    <p>Filamu za plastiki, kama filamu za PP, mifuko ya PE, nk. zina sifa za kiasi chao kikubwa na msongamano wa chini. Kwa hivyo, mbinu za usambazaji za jadi zinazotumika katika pelletizing zinaweza kusababisha matatizo ya kuziba na kuzunguka. Matatizo haya yanadhuru kwa ufanisi na kiasi cha urejelezaji wa plastiki.<\/p>    <p>Genom att utnyttja den mekaniska kraften i extruderens skruv i kraftmataren kan du uppn\u00e5 kontinuerlig och stabil matning, vilket s\u00e4kerst\u00e4ller stabilitet och j\u00e4mnhet i plastpelletisering.<\/p>   <div class=\"wp-block-image\"> <figure class=\"aligncenter size-full\"><img loading=\"lazy\" decoding=\"async\" width=\"540\" height=\"720\" src=\"https:\/\/www.plasticgranularmachine.com\/wp-content\/uploads\/2025\/03\/force-feeder-for-extruder.webp\" alt=\"mchimba nguvu kwa extruder\" class=\"wp-image-1591\" srcset=\"https:\/\/www.plasticgranularmachine.com\/wp-content\/uploads\/2025\/03\/force-feeder-for-extruder.webp 540w, https:\/\/www.plasticgranularmachine.com\/wp-content\/uploads\/2025\/03\/force-feeder-for-extruder-225x300.webp 225w, https:\/\/www.plasticgranularmachine.com\/wp-content\/uploads\/2025\/03\/force-feeder-for-extruder-9x12.webp 9w\" sizes=\"auto, (max-width: 540px) 100vw, 540px\" \/><figcaption class=\"wp-element-caption\">mchimba nguvu kwa extruder<\/figcaption><\/figure> <\/div>   <h2 class=\"wp-block-heading\">Faida za Hopper yetu ya Mchimba Nguvu<\/h2>    <h3 class=\"wp-block-heading\">Boresha athari za pelletizing plastiki: <\/h3>    <ol class=\"wp-block-list\"> <li>Usambazaji wa kulazimishwa wa screws unaboresha kwa ufanisi ufanisi wa usambazaji wa filamu za plastiki. <\/li>    <li>Usambazaji wa umoja, ili kuzuia mabadiliko katika kiasi cha nyenzo katika extruder, kuhakikisha utulivu wa mchakato wa extrusion na ubora wa bidhaa.<\/li>    <li>Kusukuma plastiki ili kuboresha msongamano na hivyo kupunguza hewa inayoweza kuingia, kuboresha athari ya kuyeyuka kwa pelletizing inayofuata.<\/li> <\/ol>   <div class=\"wp-block-image\"> <figure class=\"aligncenter size-full\"><img loading=\"lazy\" decoding=\"async\" width=\"720\" height=\"540\" src=\"https:\/\/www.plasticgranularmachine.com\/wp-content\/uploads\/2025\/03\/Screw-feeding.webp\" alt=\"Usambazaji wa screw\" class=\"wp-image-1594\" srcset=\"https:\/\/www.plasticgranularmachine.com\/wp-content\/uploads\/2025\/03\/Screw-feeding.webp 720w, https:\/\/www.plasticgranularmachine.com\/wp-content\/uploads\/2025\/03\/Screw-feeding-300x225.webp 300w, https:\/\/www.plasticgranularmachine.com\/wp-content\/uploads\/2025\/03\/Screw-feeding-16x12.webp 16w\" sizes=\"auto, (max-width: 720px) 100vw, 720px\" \/><figcaption class=\"wp-element-caption\">Usambazaji wa screw<\/figcaption><\/figure> <\/div>   <h3 class=\"wp-block-heading\">Gharama za uendeshaji za chini<\/h3>    <ol class=\"wp-block-list\"> <li>Imara ufanisi wa nishati: Motor yetu ya ufanisi wa juu na blades za mduara zilizoboreshwa hutoa utendaji mzuri kwa kupunguza upinzani na matumizi ya chini ya nishati. Kasi ya motor inaweza kubadilishwa ili kufanana na mahitaji ya uzalishaji, kuhakikisha usambazaji sahihi na kupoteza nishati kidogo.<\/li>    <li>Muda mrefu wa huduma: tumia nyenzo za chuma cha pua za ubora wa juu, sugu kwa kuvaa na kutu ya oksidi, gharama ya chini ya matengenezo.<\/li>    <li>Punguza nguvu za watu: Unganisha kwa ukamilifu conveyor na mfumo wa pelletizing, fanya usambazaji wa moja kwa moja na sahihi, punguza matumizi ya nguvu za watu.<\/li> <\/ol>    <h3 class=\"wp-block-heading\">Uendeshaji rahisi na marekebisho ya kubadilika<\/h3>    <ul class=\"wp-block-list\"> <li>Mbinu ya kiotomatiki, rahisi kuelewa uendeshaji <\/li>    <li>Marekebisho ya kubadilika ya kasi ya screw, shinikizo la usambazaji, na vigezo vingine ili kuhakikisha athari bora ya usambazaji na extrusion.<\/li> <\/ul>    <h3 class=\"wp-block-heading\">Matumizi Mapana<\/h3>    <p>Mchimba nguvu huu kwa extruder unaweza kutumika kwa aina nyingi za plastiki, kama PP, PE, LDPE, HDPE filamu, EPS foam, EPE foam, nk. Mashine hii inaweza kutumika katika urejelezaji wa plastiki mbalimbali.<\/p>    <p>Kwa malighafi tofauti za plastiki, unaweza kubadilisha kwa urahisi mipangilio ya kila paramita ili kuboresha athari za urejelezaji wa plastiki.<\/p>    <figure class=\"wp-block-gallery has-nested-images columns-default is-cropped wp-block-gallery-2 is-layout-flex wp-block-gallery-is-layout-flex\"> <figure class=\"wp-block-image size-large\"><img loading=\"lazy\" decoding=\"async\" width=\"720\" height=\"540\" data-id=\"1596\" src=\"https:\/\/www.plasticgranularmachine.com\/wp-content\/uploads\/2025\/03\/woven-bags.webp\" alt=\"mifuko ya kusuka\" class=\"wp-image-1596\" srcset=\"https:\/\/www.plasticgranularmachine.com\/wp-content\/uploads\/2025\/03\/woven-bags.webp 720w, https:\/\/www.plasticgranularmachine.com\/wp-content\/uploads\/2025\/03\/woven-bags-300x225.webp 300w, https:\/\/www.plasticgranularmachine.com\/wp-content\/uploads\/2025\/03\/woven-bags-16x12.webp 16w\" sizes=\"auto, (max-width: 720px) 100vw, 720px\" \/><figcaption class=\"wp-element-caption\">mifuko ya kusuka<\/figcaption><\/figure>    <figure class=\"wp-block-image size-large\"><img loading=\"lazy\" decoding=\"async\" width=\"720\" height=\"540\" data-id=\"1593\" src=\"https:\/\/www.plasticgranularmachine.com\/wp-content\/uploads\/2025\/03\/plastic-bags.webp\" alt=\"mifuko ya plastiki\" class=\"wp-image-1593\" srcset=\"https:\/\/www.plasticgranularmachine.com\/wp-content\/uploads\/2025\/03\/plastic-bags.webp 720w, https:\/\/www.plasticgranularmachine.com\/wp-content\/uploads\/2025\/03\/plastic-bags-300x225.webp 300w, https:\/\/www.plasticgranularmachine.com\/wp-content\/uploads\/2025\/03\/plastic-bags-16x12.webp 16w\" sizes=\"auto, (max-width: 720px) 100vw, 720px\" \/><figcaption class=\"wp-element-caption\">mifuko ya plastiki<\/figcaption><\/figure>    <figure class=\"wp-block-image size-large\"><img loading=\"lazy\" decoding=\"async\" width=\"720\" height=\"540\" data-id=\"1590\" src=\"https:\/\/www.plasticgranularmachine.com\/wp-content\/uploads\/2025\/03\/EPE-foams.webp\" alt=\"mifuko ya EPE\" class=\"wp-image-1590\" srcset=\"https:\/\/www.plasticgranularmachine.com\/wp-content\/uploads\/2025\/03\/EPE-foams.webp 720w, https:\/\/www.plasticgranularmachine.com\/wp-content\/uploads\/2025\/03\/EPE-foams-300x225.webp 300w, https:\/\/www.plasticgranularmachine.com\/wp-content\/uploads\/2025\/03\/EPE-foams-16x12.webp 16w\" sizes=\"auto, (max-width: 720px) 100vw, 720px\" \/><figcaption class=\"wp-element-caption\">mifuko ya EPE<\/figcaption><\/figure> <\/figure>    <h2 class=\"wp-block-heading\">Mchimba Nguvu Kwa Extruder Unafanya Kazi Vipi?<\/h2>    <ol class=\"wp-block-list\"> <li>Malighafi ya plastiki iliyotayarishwa kabla inaingia kwenye hopper ya mchimba kupitia kifaa cha usambazaji otomatiki.<\/li>    <li>Screw ya mchimba inabana plastiki kwa kuzunguka na kuisafirisha kwenye screw ya extruder<\/li>    <li>Mchimba nguvu kwa extruder unatoa pelletizer usambazaji wa nyenzo mbichi wa sawa na thabiti, kuhakikisha pelletizing ya kuyeyuka ya ubora wa juu inayofuata.<\/li> <\/ol>    <figure class=\"wp-block-embed is-type-video is-provider-youtube wp-block-embed-youtube wp-embed-aspect-16-9 wp-has-aspect-ratio\"><div class=\"wp-block-embed__wrapper\"> <iframe loading=\"lazy\" title=\"Mstari wa Urejelezaji wa Filamu za Plastiki za Ubora wa Juu: Anza Safari Yako ya Kijani\" width=\"500\" height=\"281\" src=\"https:\/\/www.youtube.com\/embed\/zRuD5tD5Ohc?feature=oembed\" frameborder=\"0\" allow=\"accelerometer; autoplay; clipboard-write; encrypted-media; gyroscope; picture-in-picture; web-share\" referrerpolicy=\"strict-origin-when-cross-origin\" allowfullscreen><\/iframe> <\/div><figcaption class=\"wp-element-caption\">Mchimba Nguvu Uliotumika Katika Mstari wa Pelletizing Filamu za Plastiki<\/figcaption><\/figure>    <h2 class=\"wp-block-heading\">Takwimu za Kiufundi za Mashine ya Usambazaji<\/h2>    <figure class=\"wp-block-table\"><table class=\"has-fixed-layout\"><tbody><tr><td>Mfano<\/td><td>SL-600<\/td><\/tr><tr><td>Nguvu<\/td><td>2.2KW<\/td><\/tr><tr><td>Ukubwa<\/td><td>600*600*1200mm<\/td><\/tr><tr><td>Maombi<\/td><td>Filamu za PP, PE, LDPE, HDPE, LLDPE, EPS, EPE, nk.<\/td><\/tr><tr><td>Kazi<\/td><td>Ugavi wa kuaminika wa malighafi kwa granulators za plastiki.<\/td><\/tr><\/tbody><\/table><\/figure>   <div class=\"wp-block-image\"> <figure class=\"aligncenter size-full\"><img loading=\"lazy\" decoding=\"async\" width=\"720\" height=\"540\" src=\"https:\/\/www.plasticgranularmachine.com\/wp-content\/uploads\/2025\/03\/forced-feeder-in-plastic-pelletizing-system.webp\" alt=\"mchimba nguvu katika mfumo wa pelletizing plastiki\" class=\"wp-image-1592\" srcset=\"https:\/\/www.plasticgranularmachine.com\/wp-content\/uploads\/2025\/03\/forced-feeder-in-plastic-pelletizing-system.webp 720w, https:\/\/www.plasticgranularmachine.com\/wp-content\/uploads\/2025\/03\/forced-feeder-in-plastic-pelletizing-system-300x225.webp 300w, https:\/\/www.plasticgranularmachine.com\/wp-content\/uploads\/2025\/03\/forced-feeder-in-plastic-pelletizing-system-16x12.webp 16w\" sizes=\"auto, (max-width: 720px) 100vw, 720px\" \/><figcaption class=\"wp-element-caption\">mchimba nguvu katika mfumo wa pelletizing plastiki<\/figcaption><\/figure> <\/div>   <h2 class=\"wp-block-heading\">Athari za Uendeshaji za Mchimba Nguvu katika Uhamasishaji<\/h2>    <p class=\"translation-block\">Mchimba nguvu kwa kawaida hutumika pamoja na <a href=\"https:\/\/www.plasticgranularmachine.com\/sw\/product\/plastic-film-granulator\/\" data-type=\"link\" data-id=\"https:\/\/www.plasticgranularmachine.com\/product\/plastic-film-granulator\/\">mashine ya pelletizing plastiki<\/a>, ambayo imewasaidia wateja katika nchi nyingi, kama Nigeria, Ethiopia, Saudi Arabia, nk., kufikia uzalishaji wa pelletizing plastiki wenye ufanisi na wa ubora wa juu na imepewa sifa nyingi.<\/p>    <p>Ifuatayo ni baadhi ya kesi za kuuza nje zilizofanikiwa. Kwa maelezo zaidi, tafadhali wasiliana nasi kwa suluhu bora za pelletizing plastiki zilizobinafsishwa!<\/p>    <figure class=\"wp-block-gallery has-nested-images columns-default is-cropped wp-block-gallery-3 is-layout-flex wp-block-gallery-is-layout-flex\"> <figure class=\"wp-block-image size-large\"><img loading=\"lazy\" decoding=\"async\" width=\"720\" height=\"540\" data-id=\"623\" src=\"https:\/\/www.plasticgranularmachine.com\/wp-content\/uploads\/2023\/11\/plastic-pelletizer-in-Nigeria-2.webp\" alt=\"mashine ya pelletizing plastiki nchini Nigeria\" class=\"wp-image-623\" srcset=\"https:\/\/www.plasticgranularmachine.com\/wp-content\/uploads\/2023\/11\/plastic-pelletizer-in-Nigeria-2.webp 720w, https:\/\/www.plasticgranularmachine.com\/wp-content\/uploads\/2023\/11\/plastic-pelletizer-in-Nigeria-2-300x225.webp 300w\" sizes=\"auto, (max-width: 720px) 100vw, 720px\" \/><figcaption class=\"wp-element-caption\">mashine ya pelletizing plastiki nchini Nigeria<\/figcaption><\/figure>    <figure class=\"wp-block-image size-large\"><img loading=\"lazy\" decoding=\"async\" width=\"1024\" height=\"576\" data-id=\"721\" src=\"https:\/\/www.plasticgranularmachine.com\/wp-content\/uploads\/2023\/12\/plastic-recycling-plant-installe-1024x576.jpg\" alt=\"mashine ya pelletizing plastiki iliyowekwa nchini Saudi Abria\" class=\"wp-image-721\" srcset=\"https:\/\/www.plasticgranularmachine.com\/wp-content\/uploads\/2023\/12\/plastic-recycling-plant-installe-1024x576.jpg 1024w, https:\/\/www.plasticgranularmachine.com\/wp-content\/uploads\/2023\/12\/plastic-recycling-plant-installe-300x169.jpg 300w, https:\/\/www.plasticgranularmachine.com\/wp-content\/uploads\/2023\/12\/plastic-recycling-plant-installe-768x432.jpg 768w, https:\/\/www.plasticgranularmachine.com\/wp-content\/uploads\/2023\/12\/plastic-recycling-plant-installe.jpg 1280w\" sizes=\"auto, (max-width: 1024px) 100vw, 1024px\" \/><figcaption class=\"wp-element-caption\">mashine ya pelletizing plastiki iliyowekwa nchini Saudi Abria<\/figcaption><\/figure> <\/figure>    <h2 class=\"wp-block-heading\">Huduma Zetu<\/h2>    <ul class=\"wp-block-list\"> <li>\u2013 Anpassade granuleringl\u00f6sningar<\/li>    <li>\u2013 Upprepad fels\u00f6kning f\u00f6r att s\u00e4kerst\u00e4lla inga fel<\/li>    <li>\u2013 Smidig och snabb internationell logistik<\/li>    <li>\u2013 On-site installation och teknisk v\u00e4gledning<\/li>    <li>\u2013 Eftermarknadsrespons i tid, ett \u00e5rs fri garanti<\/li>    <li>\u2013 Livstidstillg\u00e5ng av reservdelar<\/li> <\/ul>    <h2 class=\"wp-block-heading\">Hitimisho<\/h2>    <p>Mchimba nguvu kwa extruder ni mashine muhimu kuhakikisha utulivu na ufanisi wa mchakato wa granulation plastiki, ikitoa usambazaji wa nyenzo mbichi wa umoja na endelevu na kuboresha ufanisi na ubora wa granulation plastiki. Ikiwa unatafuta suluhu sahihi ya usambazaji wa pelletizing plastiki, karibisha kuwasiliana nasi!<\/p>","protected":false},"excerpt":{"rendered":"<p>Mchimba nguvu kwa extruder ni mashine isiyoweza kukosekana katika mchakato wa pelletizing plastiki laini, kuhakikisha usambazaji wa umoja na ufanisi.<\/p>","protected":false},"author":1,"featured_media":1591,"parent":0,"template":"","tags":[37],"product-type":[5],"class_list":["post-1567","product","type-product","status-publish","has-post-thumbnail","hentry","tag-pelletizing","product-type-plastic-pelletizer"],"_links":{"self":[{"href":"https:\/\/www.plasticgranularmachine.com\/sw\/wp-json\/wp\/v2\/product\/1567","targetHints":{"allow":["GET"]}}],"collection":[{"href":"https:\/\/www.plasticgranularmachine.com\/sw\/wp-json\/wp\/v2\/product"}],"about":[{"href":"https:\/\/www.plasticgranularmachine.com\/sw\/wp-json\/wp\/v2\/types\/product"}],"author":[{"embeddable":true,"href":"https:\/\/www.plasticgranularmachine.com\/sw\/wp-json\/wp\/v2\/users\/1"}],"wp:featuredmedia":[{"embeddable":true,"href":"https:\/\/www.plasticgranularmachine.com\/sw\/wp-json\/wp\/v2\/media\/1591"}],"wp:attachment":[{"href":"https:\/\/www.plasticgranularmachine.com\/sw\/wp-json\/wp\/v2\/media?parent=1567"}],"wp:term":[{"taxonomy":"post_tag","embeddable":true,"href":"https:\/\/www.plasticgranularmachine.com\/sw\/wp-json\/wp\/v2\/tags?post=1567"},{"taxonomy":"product-type","embeddable":true,"href":"https:\/\/www.plasticgranularmachine.com\/sw\/wp-json\/wp\/v2\/product-type?post=1567"}],"curies":[{"name":"wp","href":"https:\/\/api.w.org\/{rel}","templated":true}]}}