{"id":1642,"date":"2025-04-30T15:44:01","date_gmt":"2025-04-30T07:44:01","guid":{"rendered":"https:\/\/www.plasticgranularmachine.com\/?post_type=product&#038;p=1642"},"modified":"2026-04-03T16:27:05","modified_gmt":"2026-04-03T08:27:05","slug":"rubber-recycling-plant","status":"publish","type":"product","link":"https:\/\/www.plasticgranularmachine.com\/sw\/product\/rubber-recycling-plant\/","title":{"rendered":"Automatisk gummivinningsanl\u00e4ggning F\u00f6r Effektiv D\u00e4cktugg\u00e5tervinning"},"content":{"rendered":"<p>V\u00e5r helt automatiserade gummi\u00e5tervinningsanl\u00e4ggning \u00e4r utformad f\u00f6r att omvandla skrotade d\u00e4ck till gummiblock, granulat eller pulver f\u00f6r \u00e5tervinning. Utrustningen \u00e4r effektiv, l\u00e4tt att anv\u00e4nda och kan effektivt hj\u00e4lpa dig att starta eller f\u00f6rb\u00e4ttra din d\u00e4ck\u00e5tervinningsverksamhet!<\/p>    <figure class=\"wp-block-gallery has-nested-images columns-default is-cropped wp-block-gallery-2 is-layout-flex wp-block-gallery-is-layout-flex\"> <figure class=\"wp-block-image size-large\"><img loading=\"lazy\" decoding=\"async\" width=\"720\" height=\"540\" data-id=\"1660\" src=\"https:\/\/www.plasticgranularmachine.com\/wp-content\/uploads\/2025\/04\/waste-tires.webp\" alt=\"avfall d\u00e4ck\" class=\"wp-image-1660\" srcset=\"https:\/\/www.plasticgranularmachine.com\/wp-content\/uploads\/2025\/04\/waste-tires.webp 720w, https:\/\/www.plasticgranularmachine.com\/wp-content\/uploads\/2025\/04\/waste-tires-300x225.webp 300w, https:\/\/www.plasticgranularmachine.com\/wp-content\/uploads\/2025\/04\/waste-tires-16x12.webp 16w\" sizes=\"auto, (max-width: 720px) 100vw, 720px\" \/><figcaption class=\"wp-element-caption\">avfall d\u00e4ck<\/figcaption><\/figure>    <figure class=\"wp-block-image size-large\"><img loading=\"lazy\" decoding=\"async\" width=\"720\" height=\"540\" data-id=\"1649\" src=\"https:\/\/www.plasticgranularmachine.com\/wp-content\/uploads\/2025\/04\/rubber-blocks-and-rubber-powders.webp\" alt=\"gummiblock och gummipulver\" class=\"wp-image-1649\" srcset=\"https:\/\/www.plasticgranularmachine.com\/wp-content\/uploads\/2025\/04\/rubber-blocks-and-rubber-powders.webp 720w, https:\/\/www.plasticgranularmachine.com\/wp-content\/uploads\/2025\/04\/rubber-blocks-and-rubber-powders-300x225.webp 300w, https:\/\/www.plasticgranularmachine.com\/wp-content\/uploads\/2025\/04\/rubber-blocks-and-rubber-powders-16x12.webp 16w\" sizes=\"auto, (max-width: 720px) 100vw, 720px\" \/><figcaption class=\"wp-element-caption\">gummiblock och gummipulver<\/figcaption><\/figure> <\/figure>    <h2 class=\"wp-block-heading\">Till\u00e4mpning av den Helt Automatiska D\u00e4ck\u00e5tervinningslinjen<\/h2>    <p>V\u00e5r helt automatiska gummi\u00e5tervinningsanl\u00e4ggning \u00e4r utformad f\u00f6r d\u00e4ck under 1200 mm i diameter, inklusive personbilar, bussar, lastbilar, etc. d\u00e4ck. Genom integrerad f\u00f6rbehandling, shredding, malning och magnet- och fiberseparering producerar den effektivt h\u00f6gkvalitativt gummipulver (10-40 n\u00e4t) med \u00f6ver 99% renhet. Utdata uppfyller helt branschens krav f\u00f6r modifierad asfalt, idrottsbanor, \u00e5tervunna gummiprodukter och mer!<\/p>    <figure class=\"wp-block-gallery has-nested-images columns-default is-cropped wp-block-gallery-3 is-layout-flex wp-block-gallery-is-layout-flex\"> <figure class=\"wp-block-image size-large\"><img loading=\"lazy\" decoding=\"async\" width=\"720\" height=\"540\" data-id=\"1658\" src=\"https:\/\/www.plasticgranularmachine.com\/wp-content\/uploads\/2025\/04\/athletic-tracks.webp\" alt=\"idrottsbanor\" class=\"wp-image-1658\" srcset=\"https:\/\/www.plasticgranularmachine.com\/wp-content\/uploads\/2025\/04\/athletic-tracks.webp 720w, https:\/\/www.plasticgranularmachine.com\/wp-content\/uploads\/2025\/04\/athletic-tracks-300x225.webp 300w, https:\/\/www.plasticgranularmachine.com\/wp-content\/uploads\/2025\/04\/athletic-tracks-16x12.webp 16w\" sizes=\"auto, (max-width: 720px) 100vw, 720px\" \/><figcaption class=\"wp-element-caption\">idrottsbanor<\/figcaption><\/figure>    <figure class=\"wp-block-image size-large\"><img loading=\"lazy\" decoding=\"async\" width=\"720\" height=\"540\" data-id=\"1648\" src=\"https:\/\/www.plasticgranularmachine.com\/wp-content\/uploads\/2025\/04\/recycled-rubber.webp\" alt=\"\u00e5tervunnet gummi\" class=\"wp-image-1648\" srcset=\"https:\/\/www.plasticgranularmachine.com\/wp-content\/uploads\/2025\/04\/recycled-rubber.webp 720w, https:\/\/www.plasticgranularmachine.com\/wp-content\/uploads\/2025\/04\/recycled-rubber-300x225.webp 300w, https:\/\/www.plasticgranularmachine.com\/wp-content\/uploads\/2025\/04\/recycled-rubber-16x12.webp 16w\" sizes=\"auto, (max-width: 720px) 100vw, 720px\" \/><figcaption class=\"wp-element-caption\">\u00e5tervunnet gummi<\/figcaption><\/figure>    <figure class=\"wp-block-image size-large\"><img loading=\"lazy\" decoding=\"async\" width=\"720\" height=\"540\" data-id=\"1659\" src=\"https:\/\/www.plasticgranularmachine.com\/wp-content\/uploads\/2025\/04\/modified-asphalt.webp\" alt=\"modifierad asfalt\" class=\"wp-image-1659\" srcset=\"https:\/\/www.plasticgranularmachine.com\/wp-content\/uploads\/2025\/04\/modified-asphalt.webp 720w, https:\/\/www.plasticgranularmachine.com\/wp-content\/uploads\/2025\/04\/modified-asphalt-300x225.webp 300w, https:\/\/www.plasticgranularmachine.com\/wp-content\/uploads\/2025\/04\/modified-asphalt-16x12.webp 16w\" sizes=\"auto, (max-width: 720px) 100vw, 720px\" \/><figcaption class=\"wp-element-caption\">modifierad asfalt<\/figcaption><\/figure> <\/figure>    <p>Vi kan erbjuda anpassade \u00e5tervinningsl\u00f6sningar f\u00f6r d\u00e4ck\u00e5tervinnare, d\u00e4cktillverkare, \u00e5tervunna gummiproducenter, avfalls\u00e5tervinningsstationer, etc.<\/p>    <h2 class=\"wp-block-heading\">Nyckelfunktioner i V\u00e5r Gummipulverproduktionslinje<\/h2>    <ul class=\"wp-block-list\"> <li>Tre flexibla konfigurationer finns tillg\u00e4ngliga f\u00f6r att m\u00f6ta olika d\u00e4ck\u00e5tervinningsbehov.<\/li>    <li>Gummipulver av olika finhet (10-40 n\u00e4t) kan anpassas.<\/li>    <li>Nyckeldelar \u00e4r tillverkade av legering och andra slitstarka material, och CE- och ISO-certifikat kan tillhandah\u00e5llas.<\/li>    <li>Graderad \u00e5tervinning av gummi, st\u00e5ltr\u00e5d, nylon, etc., med renhet p\u00e5 mer \u00e4n 99% av gummipulver.<\/li>    <li>Helt automatisk drift, s\u00e4krare och mer effektiv, med den h\u00f6gsta gummi\u00e5tervinningskapaciteten p\u00e5 upp till 2,300 kg\/h.<\/li> <\/ul>   <div class=\"wp-block-image\"> <figure class=\"aligncenter size-full\"><img loading=\"lazy\" decoding=\"async\" width=\"720\" height=\"540\" src=\"https:\/\/www.plasticgranularmachine.com\/wp-content\/uploads\/2025\/04\/rubber-recycling-plant.webp\" alt=\"gummihanteringsanl\u00e4ggning\" class=\"wp-image-1650\" srcset=\"https:\/\/www.plasticgranularmachine.com\/wp-content\/uploads\/2025\/04\/rubber-recycling-plant.webp 720w, https:\/\/www.plasticgranularmachine.com\/wp-content\/uploads\/2025\/04\/rubber-recycling-plant-300x225.webp 300w, https:\/\/www.plasticgranularmachine.com\/wp-content\/uploads\/2025\/04\/rubber-recycling-plant-16x12.webp 16w\" sizes=\"auto, (max-width: 720px) 100vw, 720px\" \/><figcaption class=\"wp-element-caption\">gummihanteringsanl\u00e4ggning<\/figcaption><\/figure> <\/div>   <h2 class=\"wp-block-heading\">Tre popul\u00e4ra d\u00e4ck\u00e5tervinningsl\u00f6sningar f\u00f6r olika behov<\/h2>    <p>Gummipulverproduktionsprocessen best\u00e5r av: f\u00f6rbehandling, d\u00e4ckshredding, d\u00e4ckmalning och sortering. Beroende p\u00e5 d\u00e4cktyp eller d\u00e4ckshredderns effekt kan olika f\u00f6rbehandlingsmetoder v\u00e4ljas.<\/p>    <h3 class=\"wp-block-heading\">D\u00e4ck\u00e5tervinningsanl\u00e4ggning 1<\/h3>    <div class=\"wp-block-media-text is-stacked-on-mobile\"><figure class=\"wp-block-media-text__media\"><img loading=\"lazy\" decoding=\"async\" width=\"720\" height=\"540\" src=\"https:\/\/www.plasticgranularmachine.com\/wp-content\/uploads\/2025\/04\/tire-recycling-plant-1.webp\" alt=\"d\u00e4ck\u00e5tervinningsanl\u00e4ggning 1\" class=\"wp-image-1644 size-full\" srcset=\"https:\/\/www.plasticgranularmachine.com\/wp-content\/uploads\/2025\/04\/tire-recycling-plant-1.webp 720w, https:\/\/www.plasticgranularmachine.com\/wp-content\/uploads\/2025\/04\/tire-recycling-plant-1-300x225.webp 300w, https:\/\/www.plasticgranularmachine.com\/wp-content\/uploads\/2025\/04\/tire-recycling-plant-1-16x12.webp 16w\" sizes=\"auto, (max-width: 720px) 100vw, 720px\" \/><\/figure><div class=\"wp-block-media-text__content\"> <p>Om d\u00e4cken \u00e4r mindre eller kraftigare beh\u00f6ver de inte f\u00f6rbehandlas och kan \u00e5tervinnas direkt genom d\u00e4ckshreddern och d\u00e4ckmalnings- och sorteringssystemen (kvarnar, magnetseparatorer, nylon-sorterare).<\/p> <\/div><\/div>    <h3 class=\"wp-block-heading\">Gummi\u00e5tervinningsanl\u00e4ggning 2<\/h3>    <div class=\"wp-block-media-text is-stacked-on-mobile\"><figure class=\"wp-block-media-text__media\"><img loading=\"lazy\" decoding=\"async\" width=\"720\" height=\"540\" src=\"https:\/\/www.plasticgranularmachine.com\/wp-content\/uploads\/2025\/04\/rubber-recycling-plant-2.webp\" alt=\"gummi\u00e5tervinningsanl\u00e4ggning 2\" class=\"wp-image-1645 size-full\" srcset=\"https:\/\/www.plasticgranularmachine.com\/wp-content\/uploads\/2025\/04\/rubber-recycling-plant-2.webp 720w, https:\/\/www.plasticgranularmachine.com\/wp-content\/uploads\/2025\/04\/rubber-recycling-plant-2-300x225.webp 300w, https:\/\/www.plasticgranularmachine.com\/wp-content\/uploads\/2025\/04\/rubber-recycling-plant-2-16x12.webp 16w\" sizes=\"auto, (max-width: 720px) 100vw, 720px\" \/><\/figure><div class=\"wp-block-media-text__content\"> <ol class=\"wp-block-list\"> <li>D\u00e4ckf\u00e4lgsborttagaren tar bort st\u00e5ltr\u00e5dar fr\u00e5n gamla d\u00e4ck<\/li>    <li>D\u00e4cksk\u00e4rmaskinen sk\u00e4r skr\u00e4pd\u00e4ck i 2-3 bitar.<\/li>    <li>D\u00e4ckshreddern krossar gummi till 50-100 mm block<\/li>    <li>Mal och sortera med gummipulverproduktionssystemet<\/li> <\/ol> <\/div><\/div>    <h3 class=\"wp-block-heading\">Gummigranulatproduktionslinje 3<\/h3>    <div class=\"wp-block-media-text is-stacked-on-mobile\"><figure class=\"wp-block-media-text__media\"><img loading=\"lazy\" decoding=\"async\" width=\"720\" height=\"540\" src=\"https:\/\/www.plasticgranularmachine.com\/wp-content\/uploads\/2025\/04\/crumb-rubber-making-line-3.webp\" alt=\"sm\u00f6rjad gummilinje 3\" class=\"wp-image-1643 size-full\" srcset=\"https:\/\/www.plasticgranularmachine.com\/wp-content\/uploads\/2025\/04\/crumb-rubber-making-line-3.webp 720w, https:\/\/www.plasticgranularmachine.com\/wp-content\/uploads\/2025\/04\/crumb-rubber-making-line-3-300x225.webp 300w, https:\/\/www.plasticgranularmachine.com\/wp-content\/uploads\/2025\/04\/crumb-rubber-making-line-3-16x12.webp 16w\" sizes=\"auto, (max-width: 720px) 100vw, 720px\" \/><\/figure><div class=\"wp-block-media-text__content\"> <ol class=\"wp-block-list\"> <li>Ta bort d\u00e4ckf\u00e4lgen som inneh\u00e5ller m\u00e5nga st\u00e5ltr\u00e5dar och sk\u00e4r skr\u00e4pd\u00e4cken f\u00f6r enklare shredding.<\/li>    <li>Anv\u00e4nd tr\u00e5dseparatorn f\u00f6r att separera st\u00e5ltr\u00e5dar och gummi.<\/li>    <li>Mal gummi fr\u00e5n steg 1 och 2 till 50-100 mm block.<\/li>    <li>Mal och sortera f\u00f6r premium d\u00e4ckpulver.<\/li> <\/ol> <\/div><\/div>    <h2 class=\"wp-block-heading\">Detaljer om D\u00e4ck\u00e5tervinningsmaskiner<\/h2>    <h3 class=\"wp-block-heading\">D\u00e4ckf\u00e4lgsborttagare<\/h3>    <p class=\"translation-block\">Mashine yetu ya <a href=\"https:\/\/www.plasticgranularmachine.com\/sw\/product\/tire-debeader-for-sale\/\" data-type=\"link\" data-id=\"https:\/\/www.plasticgranularmachine.com\/product\/tire-debeader-for-sale\/\"> kuchora waya wa mpira kwa hydraulic<\/a> inatumia nguvu ya maji ya shinikizo la juu kushikilia kwa nguvu na kutoa nyuzi za mshipa wa chuma kutoka kwa matairi, kuhakikisha usambazaji wa ufanisi na kulinda vifaa vya kusaga vinavyofuata. Ni hatua ya kwanza katika <mark class=\"has-inline-color has-vivid-cyan-blue-color\"> Kiwanda cha Urejelezaji wa Mpira 2<\/mark>.<\/p>    <div class=\"wp-block-media-text is-stacked-on-mobile\"><figure class=\"wp-block-media-text__media\"><img loading=\"lazy\" decoding=\"async\" width=\"720\" height=\"540\" src=\"https:\/\/www.plasticgranularmachine.com\/wp-content\/uploads\/2025\/04\/tire-steel-wire-drawing-machine.webp\" alt=\"d\u00e4ckst\u00e5ltr\u00e5dsdragmaskin\" class=\"wp-image-1656 size-full\" srcset=\"https:\/\/www.plasticgranularmachine.com\/wp-content\/uploads\/2025\/04\/tire-steel-wire-drawing-machine.webp 720w, https:\/\/www.plasticgranularmachine.com\/wp-content\/uploads\/2025\/04\/tire-steel-wire-drawing-machine-300x225.webp 300w, https:\/\/www.plasticgranularmachine.com\/wp-content\/uploads\/2025\/04\/tire-steel-wire-drawing-machine-16x12.webp 16w\" sizes=\"auto, (max-width: 720px) 100vw, 720px\" \/><\/figure><div class=\"wp-block-media-text__content\"> <ul class=\"wp-block-list\"> <li>Typ: Enkel krok\/dubbel krok d\u00e4ckf\u00e4lgsborttagare<\/li>    <li>Kapasitet: 20-30\/ 40-50 stycken per timme<\/li>    <li>Effekt: 11\/ 18.5 KW<\/li>    <li>Till\u00e4mpning: 900-1200 mm d\u00e4ck<\/li> <\/ul> <\/div><\/div>    <h3 class=\"wp-block-heading\">D\u00e4cksk\u00e4rare<\/h3>    <p class=\"translation-block\">Iliyotengenezwa kwa blade za Cr12MoV, <a href=\"https:\/\/www.plasticgranularmachine.com\/sw\/product\/waste-tire-cutting-machine\/\" data-type=\"link\" data-id=\"https:\/\/www.plasticgranularmachine.com\/product\/waste-tire-cutting-machine\/\"> mashine ya kukata matairi<\/a> ni ngumu na sugu kwa kuvaa, inakata kwa ufanisi matairi bila rim hadi 1200mm hadi vipande vya mpira vya hadi 900mm.<\/p>    <div class=\"wp-block-media-text is-stacked-on-mobile\"><figure class=\"wp-block-media-text__media\"><img loading=\"lazy\" decoding=\"async\" width=\"720\" height=\"540\" src=\"https:\/\/www.plasticgranularmachine.com\/wp-content\/uploads\/2025\/04\/tire-cutter-for-sale.webp\" alt=\"d\u00e4cksk\u00e4rare till salu\" class=\"wp-image-1652 size-full\" srcset=\"https:\/\/www.plasticgranularmachine.com\/wp-content\/uploads\/2025\/04\/tire-cutter-for-sale.webp 720w, https:\/\/www.plasticgranularmachine.com\/wp-content\/uploads\/2025\/04\/tire-cutter-for-sale-300x225.webp 300w, https:\/\/www.plasticgranularmachine.com\/wp-content\/uploads\/2025\/04\/tire-cutter-for-sale-16x12.webp 16w\" sizes=\"auto, (max-width: 720px) 100vw, 720px\" \/><\/figure><div class=\"wp-block-media-text__content\"> <ul class=\"wp-block-list\"> <li>Kapasitet: 60 stycken\/h<\/li>    <li>Ing\u00e5ng: 900-1200 mm d\u00e4ck<\/li>    <li>Utdata: d\u00e4ckblock \uff1c900 mm<\/li>    <li>Effekt: 7.5 KW<\/li>    <li>Bladmaterial: Cr12MoV<\/li> <\/ul> <\/div><\/div>    <h3 class=\"wp-block-heading\">D\u00e4ckf\u00e4lgsborttagnings- och sk\u00e4rmaskin<\/h3>    <p class=\"translation-block\">Kujumuisha kazi za <a href=\"https:\/\/www.plasticgranularmachine.com\/sw\/product\/waste-tire-cutting-machine\/\" data-type=\"link\" data-id=\"https:\/\/www.plasticgranularmachine.com\/product\/waste-tire-cutting-machine\/\"> kuondoa na kukata mshipa wa bead<\/a> katika mashine moja hupunguza muda wa uhamishaji wa vifaa na ni salama zaidi na yenye ufanisi zaidi. Ni hatua ya kwanza katika usindikaji wa awali wa <mark class=\"has-inline-color has-vivid-cyan-blue-color\"> Mstari wa Urejelezaji wa Matairi 3<\/mark>.<\/p>    <div class=\"wp-block-media-text is-stacked-on-mobile\"><figure class=\"wp-block-media-text__media\"><img loading=\"lazy\" decoding=\"async\" width=\"720\" height=\"540\" src=\"https:\/\/www.plasticgranularmachine.com\/wp-content\/uploads\/2025\/04\/tire-bead-removal-and-cutting-machine.webp\" alt=\"d\u00e4ckf\u00e4lgsborttagnings- och sk\u00e4rmaskin\" class=\"wp-image-1651 size-full\" srcset=\"https:\/\/www.plasticgranularmachine.com\/wp-content\/uploads\/2025\/04\/tire-bead-removal-and-cutting-machine.webp 720w, https:\/\/www.plasticgranularmachine.com\/wp-content\/uploads\/2025\/04\/tire-bead-removal-and-cutting-machine-300x225.webp 300w, https:\/\/www.plasticgranularmachine.com\/wp-content\/uploads\/2025\/04\/tire-bead-removal-and-cutting-machine-16x12.webp 16w\" sizes=\"auto, (max-width: 720px) 100vw, 720px\" \/><\/figure><div class=\"wp-block-media-text__content\"> <ul class=\"wp-block-list\"> <li>Kapasitet: 3 t\/h<\/li>    <li>Effekt: 7.5+3 KW<\/li>    <li>Ing\u00e5ng: 900-1200 mm d\u00e4ck<\/li>    <li>Utdata: \uff1c900 mm d\u00e4ck<\/li> <\/ul> <\/div><\/div>    <h3 class=\"wp-block-heading\">D\u00e4ckst\u00e5ltr\u00e5dsseparator<\/h3>    <p>D\u00e4ckst\u00e5ltr\u00e5dsseparatormaskinen, tillverkad av h\u00e5llbara material, separerar effektivt gummi fr\u00e5n st\u00e5ltr\u00e5d med hj\u00e4lp av mekanisk rivning och rullning. Vanligtvis placerad efter d\u00e4ckf\u00e4lgsborttagning och sk\u00e4rmaskinen i <mark style=\"background-color:rgba(0, 0, 0, 0)\" class=\"has-inline-color has-vivid-cyan-blue-color\">D\u00e4ck\u00e5tervinningsl\u00f6sning 3<\/mark>, det f\u00f6rb\u00e4ttrar renheten av gummipulvret och skyddar nedstr\u00f6msutrustningen.<\/p>    <div class=\"wp-block-media-text is-stacked-on-mobile\"><figure class=\"wp-block-media-text__media\"><img loading=\"lazy\" decoding=\"async\" width=\"720\" height=\"540\" src=\"https:\/\/www.plasticgranularmachine.com\/wp-content\/uploads\/2025\/04\/tire-steel-wire-separator.webp\" alt=\"d\u00e4ckst\u00e5ltr\u00e5dsseparator\" class=\"wp-image-1657 size-full\" srcset=\"https:\/\/www.plasticgranularmachine.com\/wp-content\/uploads\/2025\/04\/tire-steel-wire-separator.webp 720w, https:\/\/www.plasticgranularmachine.com\/wp-content\/uploads\/2025\/04\/tire-steel-wire-separator-300x225.webp 300w, https:\/\/www.plasticgranularmachine.com\/wp-content\/uploads\/2025\/04\/tire-steel-wire-separator-16x12.webp 16w\" sizes=\"auto, (max-width: 720px) 100vw, 720px\" \/><\/figure><div class=\"wp-block-media-text__content\"> <ul class=\"wp-block-list\"> <li>Kapasitet: 120 stycken\/h<\/li>    <li>Effekt: 18.5 KW<\/li>    <li>Vikt: 1800 kg<\/li>    <li>Maskinstorlek: 2*1.9*1.8m<\/li> <\/ul> <\/div><\/div>    <h3 class=\"wp-block-heading\">D\u00e4ckshredder<\/h3>   <div class=\"wp-block-image\"> <figure class=\"aligncenter size-full\"><img loading=\"lazy\" decoding=\"async\" width=\"720\" height=\"540\" src=\"https:\/\/www.plasticgranularmachine.com\/wp-content\/uploads\/2025\/04\/tire-shredder-machine.webp\" alt=\"d\u00e4ckshreddermaskin\" class=\"wp-image-1655\" srcset=\"https:\/\/www.plasticgranularmachine.com\/wp-content\/uploads\/2025\/04\/tire-shredder-machine.webp 720w, https:\/\/www.plasticgranularmachine.com\/wp-content\/uploads\/2025\/04\/tire-shredder-machine-300x225.webp 300w, https:\/\/www.plasticgranularmachine.com\/wp-content\/uploads\/2025\/04\/tire-shredder-machine-16x12.webp 16w\" sizes=\"auto, (max-width: 720px) 100vw, 720px\" \/><figcaption class=\"wp-element-caption\">d\u00e4ckshreddermaskin<\/figcaption><\/figure> <\/div>   <p class=\"translation-block\">Det <a href=\"https:\/\/www.plasticgranularmachine.com\/sw\/product\/tire-shredder-machine-for-sale\/\" data-type=\"link\" data-id=\"https:\/\/www.plasticgranularmachine.com\/product\/tire-shredder-machine-for-sale\/\">d\u00e4ckshredder som s\u00e4ljs<\/a> anv\u00e4nds i stor utstr\u00e4ckning i gummi\u00e5tervinningsanl\u00e4ggningar f\u00f6r att bearbeta f\u00f6rbehandlade d\u00e4ck till enhetliga gummibitar som varierar fr\u00e5n 5 till 100 mm. Det \u00e4r l\u00e4mpligt f\u00f6r sm\u00e5 personbilsd\u00e4ck, &lt;900 mm d\u00e4ckblock och demonterade OTR (off-the-road) d\u00e4ck.<\/p>    <p>D\u00e4ckshreddern erbjuder justerbar partikelstorlek, h\u00f6g effekt och kapacitet med en robust struktur f\u00f6r kontinuerlig h\u00f6g effektivitet. Nyckelkomponenter, som sk\u00e4rmen och bladen, \u00e4r l\u00e4tt demonterbara f\u00f6r underh\u00e5ll.<\/p>    <figure class=\"wp-block-table\"><table class=\"has-fixed-layout\"><tbody><tr><td>Mfano<\/td><td>900<\/td><td>1000<\/td><td>1200<\/td><td>1500<\/td><td>1800<\/td><\/tr><tr><td>Kapasitet(t\/h)<\/td><td>2<\/td><td>4<\/td><td>5-6<\/td><td>8-10<\/td><td>15-20<\/td><\/tr><tr><td>Effekt(KW)<\/td><td>64.5<\/td><td>94.5<\/td><td>157<\/td><td>188.5<\/td><td>328.5<\/td><\/tr><tr><td>Ing\u00e5ngsstorlek(mm)<\/td><td>\uff1c900<\/td><td>\uff1c1000<\/td><td>\uff1c1200<\/td><td>\uff1c1200<\/td><td>\uff1c1400<\/td><\/tr><tr><td>Utdata Storlek(mm)<\/td><td>50<\/td><td>60<\/td><td>60<\/td><td>75<\/td><td>100<\/td><\/tr><tr><td>Bladtjocklek(mm)<\/td><td>50<\/td><td>60<\/td><td>60<\/td><td>75<\/td><td>100<\/td><\/tr><tr><td>Bladnummer<\/td><td>16<\/td><td>16<\/td><td>18<\/td><td>20<\/td><td>18<\/td><\/tr><\/tbody><\/table><\/figure>    <h3 class=\"wp-block-heading\">D\u00e4ckmalare och magnetseparator<\/h3>   <div class=\"wp-block-image\"> <figure class=\"aligncenter size-full\"><img loading=\"lazy\" decoding=\"async\" width=\"720\" height=\"540\" src=\"https:\/\/www.plasticgranularmachine.com\/wp-content\/uploads\/2025\/04\/tire-grinder-and-magnetic-separator.webp\" alt=\"d\u00e4ckmalare och magnetseparator\" class=\"wp-image-1653\" srcset=\"https:\/\/www.plasticgranularmachine.com\/wp-content\/uploads\/2025\/04\/tire-grinder-and-magnetic-separator.webp 720w, https:\/\/www.plasticgranularmachine.com\/wp-content\/uploads\/2025\/04\/tire-grinder-and-magnetic-separator-300x225.webp 300w, https:\/\/www.plasticgranularmachine.com\/wp-content\/uploads\/2025\/04\/tire-grinder-and-magnetic-separator-16x12.webp 16w\" sizes=\"auto, (max-width: 720px) 100vw, 720px\" \/><figcaption class=\"wp-element-caption\">d\u00e4ckmalare och magnetseparator<\/figcaption><\/figure> <\/div>   <p class=\"translation-block\">Det <a href=\"https:\/\/www.plasticgranularmachine.com\/sw\/product\/tire-grinder-and-magnetic-separator\/\" data-type=\"link\" data-id=\"https:\/\/www.plasticgranularmachine.com\/product\/tire-grinder-and-magnetic-separator\/\">d\u00e4ckmalnings- och sorteringssystemet<\/a> har en precisionsd\u00e4ckmalare och tv\u00e5stegs magnetseparatorer. Det maler effektivt gummipartiklar fr\u00e5n 30-100 mm till ett fint pulver av 10-40 n\u00e4t samtidigt som det tar bort j\u00e4rnf\u00f6roreningar, vilket uppn\u00e5r en renhet p\u00e5 99% f\u00f6r optimal \u00e5teranv\u00e4ndning. De specifika kapaciteterna f\u00f6r olika modeller \u00e4r som f\u00f6ljer.<\/p>    <figure class=\"wp-block-table\"><table class=\"has-fixed-layout\"><tbody><tr><td>Utdata Storlek\\Modell<\/td><td>SL-350 Linje<\/td><td>SL-400 Linje<\/td><td>SL-450 Linje<\/td><td>SL-560 Linje<\/td><td>SL-560 D Linje<\/td><td>SL-660 Linje<\/td><\/tr><tr><td>10 n\u00e4t<\/td><td>250-300<\/td><td>400-500<\/td><td>500-600<\/td><td>900-1000<\/td><td>1500-1600<\/td><td>2100-2300<\/td><\/tr><tr><td>20 n\u00e4t<\/td><td>180-230<\/td><td>300-350<\/td><td>400-500<\/td><td>600-700<\/td><td>1200-1300<\/td><td>1600-1700<\/td><\/tr><tr><td>30 n\u00e4t<\/td><td>150-210<\/td><td>240-280<\/td><td>350-450<\/td><td>450-550<\/td><td>1000-1100<\/td><td>1200-1300<\/td><\/tr><tr><td>40 n\u00e4t<\/td><td>80-120<\/td><td>150-175<\/td><td>200-250<\/td><td>300-350<\/td><td>800-900<\/td><td>900-1000<\/td><\/tr><\/tbody><\/table><\/figure>    <h3 class=\"wp-block-heading\">Fiberseparationsmaskin<\/h3>    <p class=\"translation-block\"><a href=\"https:\/\/www.plasticgranularmachine.com\/sw\/product\/fiber-separator\/\" data-type=\"link\" data-id=\"https:\/\/www.plasticgranularmachine.com\/product\/fiber-separator\/\"> Sehemu ya kutenganisha nyuzi<\/a> hutumia upepo wa kuchuja na tofauti za unene wa nyuzi kwa ufanisi kutenganisha nyuzi nyembamba kutoka kwa unga wa mpira, kuongeza usafi wake. Kwa kasi ya upepo inayoweza kurekebishwa na uendeshaji wa nishati ya chini, vifaa hivi ni bora kwa urejelezaji wa mpira na viwanda vingine vya kemikali kwa kutenganisha na kupanga chembe nyembamba.<\/p>    <div class=\"wp-block-media-text is-stacked-on-mobile\"><figure class=\"wp-block-media-text__media\"><img loading=\"lazy\" decoding=\"async\" width=\"720\" height=\"540\" src=\"https:\/\/www.plasticgranularmachine.com\/wp-content\/uploads\/2025\/04\/fiber-separator.webp\" alt=\"fiberseparator\" class=\"wp-image-1646 size-full\" srcset=\"https:\/\/www.plasticgranularmachine.com\/wp-content\/uploads\/2025\/04\/fiber-separator.webp 720w, https:\/\/www.plasticgranularmachine.com\/wp-content\/uploads\/2025\/04\/fiber-separator-300x225.webp 300w, https:\/\/www.plasticgranularmachine.com\/wp-content\/uploads\/2025\/04\/fiber-separator-16x12.webp 16w\" sizes=\"auto, (max-width: 720px) 100vw, 720px\" \/><\/figure><div class=\"wp-block-media-text__content\"> <ul class=\"wp-block-list\"> <li>Kapacitet: 800-1000 kg\/h<\/li>    <li>Motorsnabbhet: 760 r\/min<\/li>    <li>Motoreffekt: 5.5 KW<\/li>    <li>Maskinstorlek: 1500*1500*3400mm<\/li> <\/ul> <\/div><\/div>    <h2 class=\"wp-block-heading\">Professionella D\u00e4ck\u00e5tervinningsmaskiner till Salu<\/h2>    <p>V\u00e5ra helt automatiska gummi\u00e5tervinningsanl\u00e4ggningar har en modul\u00e4r design, vilket m\u00f6jligg\u00f6r flexibel anpassning. De producerar effektivt gummiblock, granulat eller pulver med justerbara partikelstorlekar f\u00f6r olika branschapplikationer. Tveka inte att kontakta oss f\u00f6r att hitta den r\u00e4tta d\u00e4ck\u00e5tervinningsl\u00f6sningen f\u00f6r dig!<\/p>","protected":false},"excerpt":{"rendered":"<p>Our fully automated rubber recycling plant is designed to convert scrap tyres into rubber blocks, granules, or powder for recycling. The equipment is efficient, easy to operate, and can effectively help you start or improve your tire recycling business! Application of the Fully Automatic Tire Recycling Line Our fully automatic rubber recycling plant is designed [&hellip;]<\/p>\n","protected":false},"author":1,"featured_media":1650,"parent":0,"template":"","tags":[76],"product-type":[10],"class_list":["post-1642","product","type-product","status-publish","has-post-thumbnail","hentry","tag-tire-recycling","product-type-solutions"],"_links":{"self":[{"href":"https:\/\/www.plasticgranularmachine.com\/sw\/wp-json\/wp\/v2\/product\/1642","targetHints":{"allow":["GET"]}}],"collection":[{"href":"https:\/\/www.plasticgranularmachine.com\/sw\/wp-json\/wp\/v2\/product"}],"about":[{"href":"https:\/\/www.plasticgranularmachine.com\/sw\/wp-json\/wp\/v2\/types\/product"}],"author":[{"embeddable":true,"href":"https:\/\/www.plasticgranularmachine.com\/sw\/wp-json\/wp\/v2\/users\/1"}],"wp:featuredmedia":[{"embeddable":true,"href":"https:\/\/www.plasticgranularmachine.com\/sw\/wp-json\/wp\/v2\/media\/1650"}],"wp:attachment":[{"href":"https:\/\/www.plasticgranularmachine.com\/sw\/wp-json\/wp\/v2\/media?parent=1642"}],"wp:term":[{"taxonomy":"post_tag","embeddable":true,"href":"https:\/\/www.plasticgranularmachine.com\/sw\/wp-json\/wp\/v2\/tags?post=1642"},{"taxonomy":"product-type","embeddable":true,"href":"https:\/\/www.plasticgranularmachine.com\/sw\/wp-json\/wp\/v2\/product-type?post=1642"}],"curies":[{"name":"wp","href":"https:\/\/api.w.org\/{rel}","templated":true}]}}