{"id":1663,"date":"2025-05-12T16:29:21","date_gmt":"2025-05-12T08:29:21","guid":{"rendered":"https:\/\/www.plasticgranularmachine.com\/?post_type=product&#038;p=1663"},"modified":"2025-07-22T14:28:50","modified_gmt":"2025-07-22T06:28:50","slug":"tire-recycling-production-line","status":"publish","type":"product","link":"https:\/\/www.plasticgranularmachine.com\/sw\/product\/tire-recycling-production-line\/","title":{"rendered":"Semanual Tire Recycling Production Line"},"content":{"rendered":"<p>Den halvautomatiska d\u00e4ck\u00e5tervinningsproduktionslinjen kombinerar samverkan mellan manuell assistans och automatiserad utrustning f\u00f6r att uppn\u00e5 omvandlingen av skrot d\u00e4ck till gummipulver p\u00e5 ett kostnadseffektivt s\u00e4tt. <\/p>    <p>Det kan brett anv\u00e4ndas f\u00f6r att \u00e5tervinna vanliga skrot d\u00e4ck, s\u00e5som bil d\u00e4ck, och kan drivas av endast 2-4 personer, vilket g\u00f6r den s\u00e4rskilt l\u00e4mplig f\u00f6r start-ups eller sm\u00e5 till medelstora d\u00e4ck\u00e5tervinningsanl\u00e4ggningar med begr\u00e4nsade budgetar.<\/p>   <div class=\"wp-block-image\"> <figure class=\"aligncenter size-full\"><img loading=\"lazy\" decoding=\"async\" width=\"720\" height=\"463\" src=\"https:\/\/www.plasticgranularmachine.com\/wp-content\/uploads\/2025\/05\/semi-automatic-tire-recycling-production-line.webp\" alt=\"halvautomatisk d\u00e4ck\u00e5tervinningslinje\" class=\"wp-image-1667\" srcset=\"https:\/\/www.plasticgranularmachine.com\/wp-content\/uploads\/2025\/05\/semi-automatic-tire-recycling-production-line.webp 720w, https:\/\/www.plasticgranularmachine.com\/wp-content\/uploads\/2025\/05\/semi-automatic-tire-recycling-production-line-300x193.webp 300w, https:\/\/www.plasticgranularmachine.com\/wp-content\/uploads\/2025\/05\/semi-automatic-tire-recycling-production-line-18x12.webp 18w\" sizes=\"auto, (max-width: 720px) 100vw, 720px\" \/><figcaption class=\"wp-element-caption\">halvautomatisk d\u00e4ck\u00e5tervinningslinje<\/figcaption><\/figure> <\/div>   <h2 class=\"wp-block-heading\">Ans\u00f6kan och slutprodukter av d\u00e4ck\u00e5tervinningsproduktionslinje<\/h2>    <p>Den halvautomatiska d\u00e4ck\u00e5tervinningslinjen passar f\u00f6r bearbetning av alla typer av avfall d\u00e4ck med diameter \u2264 1200 mm, s\u00e5som personbilsd\u00e4ck, lastbilsd\u00e4ck och s\u00e5 vidare. <\/p>    <figure class=\"wp-block-gallery has-nested-images columns-default is-cropped wp-block-gallery-2 is-layout-flex wp-block-gallery-is-layout-flex\"> <figure class=\"wp-block-image size-large\"><img loading=\"lazy\" decoding=\"async\" width=\"720\" height=\"540\" data-id=\"1666\" src=\"https:\/\/www.plasticgranularmachine.com\/wp-content\/uploads\/2025\/05\/scrap-tires.webp\" alt=\"skr\u00e4ppd\u00e4ck\" class=\"wp-image-1666\" srcset=\"https:\/\/www.plasticgranularmachine.com\/wp-content\/uploads\/2025\/05\/scrap-tires.webp 720w, https:\/\/www.plasticgranularmachine.com\/wp-content\/uploads\/2025\/05\/scrap-tires-300x225.webp 300w, https:\/\/www.plasticgranularmachine.com\/wp-content\/uploads\/2025\/05\/scrap-tires-16x12.webp 16w\" sizes=\"auto, (max-width: 720px) 100vw, 720px\" \/><figcaption class=\"wp-element-caption\">skr\u00e4ppd\u00e4ck<\/figcaption><\/figure>    <figure class=\"wp-block-image size-large\"><img loading=\"lazy\" decoding=\"async\" width=\"720\" height=\"540\" data-id=\"1665\" src=\"https:\/\/www.plasticgranularmachine.com\/wp-content\/uploads\/2025\/05\/Rubber-powder-of-different-finenesses.webp\" alt=\"Gummipulver av olika grovlekar\" class=\"wp-image-1665\" srcset=\"https:\/\/www.plasticgranularmachine.com\/wp-content\/uploads\/2025\/05\/Rubber-powder-of-different-finenesses.webp 720w, https:\/\/www.plasticgranularmachine.com\/wp-content\/uploads\/2025\/05\/Rubber-powder-of-different-finenesses-300x225.webp 300w, https:\/\/www.plasticgranularmachine.com\/wp-content\/uploads\/2025\/05\/Rubber-powder-of-different-finenesses-16x12.webp 16w\" sizes=\"auto, (max-width: 720px) 100vw, 720px\" \/><figcaption class=\"wp-element-caption\">Gummipulver av olika grovlekar<\/figcaption><\/figure> <\/figure>    <p>Genom f\u00f6rbehandlingsprocessen, shredding, grov- och finmalning och screeningsprocessen bearbetas skrot d\u00e4cken till 10-40 mesh justerbara gummigranulat eller pulver, och produktens renhet uppn\u00e5r 99% eller mer.<\/p>    <h2 class=\"wp-block-heading\">Viktiga funktioner i avfall d\u00e4ck\u00e5tervinningslinje<\/h2>    <ul class=\"wp-block-list\"> <li><strong>Uwekezaji mdogo:<\/strong> Muundo rahisi, uendeshaji rahisi, gharama ya ununuzi ya chini, yanayofaa kwa waanzishaji au viwanda vidogo.<\/li>    <li><strong>Kurudi kwa juu:<\/strong> ufanisi mkubwa, ubora mzuri wa bidhaa, usafi hadi 99%, ushindani mkubwa sokoni.<\/li>    <li><strong>Rahisi operesheni:<\/strong> watu 2-4 tu wanaweza kusaidia kukamilisha uzalishaji. Vifaa vina vifaa vya kinga salama, na ni salama kuendesha. <\/li>    <li><strong>Ulinzi wa mazingira:<\/strong> Vyeti vya CE na ISO vinaweza kutolewa, na matumizi ya nishati ya chini, hakuna uchafuzi, na vinaendana na viwango vya mazingira.<\/li> <\/ul>    <h2 class=\"wp-block-heading\">Hur fungerar den halvautomatiska gummipulverproduktionslinjen?<\/h2>    <p>Den kompletta halvautomatiska avfall d\u00e4ck\u00e5tervinningslinjen best\u00e5r av en d\u00e4ckkantssk\u00e4rare, en d\u00e4ckremsk\u00e4rare, en d\u00e4ckblocksk\u00e4rare, en d\u00e4ck shredder, en gummipulvermaskin och magnetsepareringssystem och en fiberseparator.<\/p>   <div class=\"wp-block-image\"> <figure class=\"aligncenter size-full\"><img loading=\"lazy\" decoding=\"async\" width=\"720\" height=\"540\" src=\"https:\/\/www.plasticgranularmachine.com\/wp-content\/uploads\/2025\/05\/working-flow-of-the-semi-automatic-rubber-recycling-plant.webp\" alt=\"arbetsfl\u00f6de f\u00f6r halvautomatisk gummi\u00e5tervinningsanl\u00e4ggning\" class=\"wp-image-1672\" srcset=\"https:\/\/www.plasticgranularmachine.com\/wp-content\/uploads\/2025\/05\/working-flow-of-the-semi-automatic-rubber-recycling-plant.webp 720w, https:\/\/www.plasticgranularmachine.com\/wp-content\/uploads\/2025\/05\/working-flow-of-the-semi-automatic-rubber-recycling-plant-300x225.webp 300w, https:\/\/www.plasticgranularmachine.com\/wp-content\/uploads\/2025\/05\/working-flow-of-the-semi-automatic-rubber-recycling-plant-16x12.webp 16w\" sizes=\"auto, (max-width: 720px) 100vw, 720px\" \/><figcaption class=\"wp-element-caption\">arbetsfl\u00f6de f\u00f6r halvautomatisk gummi\u00e5tervinningsanl\u00e4ggning<\/figcaption><\/figure> <\/div>   <ol class=\"wp-block-list\"> <li><strong>Kabla ya matibabu 1<\/strong>: Kwa kutumia mashine ya kukata pete za tairi, kata sehemu ya tairi inayobeba waya chuma nyingi ili kupata ukuta wa tairi wa mpira.<\/li>    <li><strong>Kabla ya matibabu 2:<\/strong> Kutumia mashine ya kukata strip ya tairi hukata ukuta wa tairi kuwa strips zenye urefu wa 3-5 cm.<\/li>    <li><strong>Kabla ya matibabu 3:<\/strong> Kisha, kata strips za mpira kuwa blocks ndogo za urefu na upana wa cm 5 kwa kutumia mashine ya kukata tairi kwa ajili ya mchakato wa kukata baadaye.<\/li>    <li><strong>Kukanda &amp; Kukagua:<\/strong> The twin rollers efficiently grind rubber blocks into 10-40 mesh powder through shearing and friction. A vibrating screen and multi-stage screening system automatically separate qualified powder, recycling any material that doesn&#8217;t meet size requirements.<\/li>    <li><strong>Utofauti wa Sumaku: <\/strong>Kupitia kusukuma kwa roller ya sumaku, waya chuma mchanganyiko katika unga wa mpira huondolewa kwa ufanisi, na usafi wa unga wa mpira huboreshwa.<\/li>    <li><strong>Utofauti wa nyuzi: <\/strong>Nyuzinyuzi za nylon zilizobaki huondolewa kwa kupiga kelele kwa hewa ili kuhakikisha usafi wa unga wa mpira unaweza kuzidi 99%.<\/li> <\/ol>    <h2 class=\"wp-block-heading\">Effektiva d\u00e4ck\u00e5tervinningsmaskiner till salu<\/h2>    <p>v\u00e5ra d\u00e4ck\u00e5tervinningsproduktionslinjer \u00e4r modul\u00e4ra och flexibla. Nedan finns information om de viktigaste specifikationerna f\u00f6r varje maskin.<\/p>    <h3 class=\"wp-block-heading\">D\u00e4ckkantssk\u00e4rare<\/h3>    <div class=\"wp-block-media-text is-stacked-on-mobile\"><figure class=\"wp-block-media-text__media\"><img loading=\"lazy\" decoding=\"async\" width=\"720\" height=\"540\" src=\"https:\/\/www.plasticgranularmachine.com\/wp-content\/uploads\/2025\/05\/tire-sidewall-cutter.webp\" alt=\"pemotong sidewall ban\" class=\"wp-image-1670 size-full\" srcset=\"https:\/\/www.plasticgranularmachine.com\/wp-content\/uploads\/2025\/05\/tire-sidewall-cutter.webp 720w, https:\/\/www.plasticgranularmachine.com\/wp-content\/uploads\/2025\/05\/tire-sidewall-cutter-300x225.webp 300w, https:\/\/www.plasticgranularmachine.com\/wp-content\/uploads\/2025\/05\/tire-sidewall-cutter-16x12.webp 16w\" sizes=\"auto, (max-width: 720px) 100vw, 720px\" \/><\/figure><div class=\"wp-block-media-text__content\"> <p>Mycket effektivt vid borttagning av st\u00e5ltr\u00e5dar, skyddar och f\u00f6rl\u00e4nger livsl\u00e4ngden f\u00f6r hela linjen.<\/p>    <ul class=\"wp-block-list\"> <li>Kapacitet: 40 st\/f\u00f6rh.<\/li>    <li>Motorstyrka: 4+0.75 KW<\/li>    <li>Arbetsomr\u00e5de: d\u00e4ck 650-1250 mm<\/li>    <li>Maskinens storlek: 1.8m*1.3m*1.6m<\/li> <\/ul> <\/div><\/div>    <h3 class=\"wp-block-heading\">D\u00e4ckrems-sk\u00e4rare<\/h3>    <div class=\"wp-block-media-text is-stacked-on-mobile\"><figure class=\"wp-block-media-text__media\"><img loading=\"lazy\" decoding=\"async\" width=\"720\" height=\"540\" src=\"https:\/\/www.plasticgranularmachine.com\/wp-content\/uploads\/2025\/05\/tire-strip-cutter.webp\" alt=\"pemotong strip ban\" class=\"wp-image-1671 size-full\" srcset=\"https:\/\/www.plasticgranularmachine.com\/wp-content\/uploads\/2025\/05\/tire-strip-cutter.webp 720w, https:\/\/www.plasticgranularmachine.com\/wp-content\/uploads\/2025\/05\/tire-strip-cutter-300x225.webp 300w, https:\/\/www.plasticgranularmachine.com\/wp-content\/uploads\/2025\/05\/tire-strip-cutter-16x12.webp 16w\" sizes=\"auto, (max-width: 720px) 100vw, 720px\" \/><\/figure><div class=\"wp-block-media-text__content\"> <p>Stark sk\u00e4rkraft, enkel drift och liten footprint.<\/p>    <ul class=\"wp-block-list\"> <li>Kapacitet: 1000 kg\/h<\/li>    <li>Motorstyrka: 5.5 KW<\/li>    <li>Motordrivning: 45 r\/min<\/li>    <li>Slutprodukter: 3-5 cm breda remsor<\/li> <\/ul> <\/div><\/div>    <h3 class=\"wp-block-heading\">D\u00e4ckblock-sk\u00e4rare<\/h3>    <div class=\"wp-block-media-text is-stacked-on-mobile\"><figure class=\"wp-block-media-text__media\"><img loading=\"lazy\" decoding=\"async\" width=\"720\" height=\"540\" src=\"https:\/\/www.plasticgranularmachine.com\/wp-content\/uploads\/2025\/05\/tire-block-cutter.webp\" alt=\"d\u00e4ckblocksk\u00e4rare\" class=\"wp-image-1668 size-full\" srcset=\"https:\/\/www.plasticgranularmachine.com\/wp-content\/uploads\/2025\/05\/tire-block-cutter.webp 720w, https:\/\/www.plasticgranularmachine.com\/wp-content\/uploads\/2025\/05\/tire-block-cutter-300x225.webp 300w, https:\/\/www.plasticgranularmachine.com\/wp-content\/uploads\/2025\/05\/tire-block-cutter-16x12.webp 16w\" sizes=\"auto, (max-width: 720px) 100vw, 720px\" \/><\/figure><div class=\"wp-block-media-text__content\"> <p>Stabila snitt f\u00f6rb\u00e4ttrar effektivt d\u00e4ck\u00e5tervinningen, skyddar efterf\u00f6ljande enhet och \u00e4r l\u00e4mpliga f\u00f6r kontinuerlig drift<\/p>    <ul class=\"wp-block-list\"> <li>Modell: QKJ-358, uppdaterad d\u00e4ckblocksk\u00e4rare<\/li>    <li>Kapacitet: 800\/1500 kg\/h<\/li>    <li>Motorstyrka: 5.5\/18.5 KW<\/li> <\/ul> <\/div><\/div>    <h3 class=\"wp-block-heading\">D\u00e4ckgrinder och magnetseparatorer<\/h3>    <div class=\"wp-block-media-text is-stacked-on-mobile\"><figure class=\"wp-block-media-text__media\"><img loading=\"lazy\" decoding=\"async\" width=\"720\" height=\"540\" src=\"https:\/\/www.plasticgranularmachine.com\/wp-content\/uploads\/2025\/05\/tire-crusher-and-magnetic-separator.webp\" alt=\"d\u00e4ckkross och magnetseparator\" class=\"wp-image-1669 size-full\" srcset=\"https:\/\/www.plasticgranularmachine.com\/wp-content\/uploads\/2025\/05\/tire-crusher-and-magnetic-separator.webp 720w, https:\/\/www.plasticgranularmachine.com\/wp-content\/uploads\/2025\/05\/tire-crusher-and-magnetic-separator-300x225.webp 300w, https:\/\/www.plasticgranularmachine.com\/wp-content\/uploads\/2025\/05\/tire-crusher-and-magnetic-separator-16x12.webp 16w\" sizes=\"auto, (max-width: 720px) 100vw, 720px\" \/><\/figure><div class=\"wp-block-media-text__content\"> <p class=\"translation-block\">Fint <a href=\"https:\/\/www.plasticgranularmachine.com\/sw\/product\/tire-grinder-and-magnetic-separator\/\" data-type=\"link\" data-id=\"https:\/\/www.plasticgranularmachine.com\/product\/tire-grinder-and-magnetic-separator\/\">malning<\/a>, multi-stegs screening, j\u00e4mnt och fint material, justerbar storlek, renhet st\u00f6rre \u00e4n 99%.<\/p>    <ul class=\"wp-block-list\"> <li>Modell: SL-350\/400\/450\/560\/560D\/660 Linje<\/li>    <li>Kapacitet: 80-300\/ 150-400\/ 200-600\/ 300-1000\/ 800-1600\/ 900-2300 kg\/h<\/li>    <li>Utmatningsstorlek: 10-40 mesh (2.5-0.63 mm)<\/li> <\/ul> <\/div><\/div>    <h3 class=\"wp-block-heading\">Fiberr separator<\/h3>    <div class=\"wp-block-media-text is-stacked-on-mobile\"><figure class=\"wp-block-media-text__media\"><img loading=\"lazy\" decoding=\"async\" width=\"720\" height=\"540\" src=\"https:\/\/www.plasticgranularmachine.com\/wp-content\/uploads\/2025\/05\/fiber-separator.webp\" alt=\"fiberseparator\" class=\"wp-image-1664 size-full\" srcset=\"https:\/\/www.plasticgranularmachine.com\/wp-content\/uploads\/2025\/05\/fiber-separator.webp 720w, https:\/\/www.plasticgranularmachine.com\/wp-content\/uploads\/2025\/05\/fiber-separator-300x225.webp 300w, https:\/\/www.plasticgranularmachine.com\/wp-content\/uploads\/2025\/05\/fiber-separator-16x12.webp 16w\" sizes=\"auto, (max-width: 720px) 100vw, 720px\" \/><\/figure><div class=\"wp-block-media-text__content\"> <p>Mycket effektiv borttagning av nylonfibrer, ingen skada p\u00e5 gummipulvret, energisparande och milj\u00f6v\u00e4nlig.<\/p>    <ul class=\"wp-block-list\"> <li>Kapacitet: 800-1000 kg\/h<\/li>    <li>Motorstyrka: 5.5 KW<\/li>    <li>Output renhet: mer \u00e4n 99%<\/li> <\/ul> <\/div><\/div>    <h2 class=\"wp-block-heading\">F\u00e5 en skr\u00e4ddarsydd d\u00e4ck\u00e5tervinningsl\u00f6sning!<\/h2>    <p class=\"translation-block\">Oavsett om du precis startar din d\u00e4ck\u00e5tervinningsverksamhet eller redan driver en mogen \u00e5tervinningsanl\u00e4ggning erbjuder vi skr\u00e4ddarsydda l\u00f6sningar f\u00f6r alla typer av d\u00e4ck \u2014 fr\u00e5n semi-automatisk till fullt automatiska d\u00e4ck\u00e5tervinningsproduktionslinjer. V\u00e4nligen kontakta oss f\u00f6r mer information!<\/p>","protected":false},"excerpt":{"rendered":"<p>The semi-automatic tire recycling production line combines the synergistic operation of manual assistance and automated equipment to achieve the conversion of scrap tires into rubber powder in a cost-effective manner. It can be widely used to recycle common scrap tires, such as car tires, and can be operated by only 2-4 people, making it particularly [&hellip;]<\/p>\n","protected":false},"author":1,"featured_media":1672,"parent":0,"template":"","tags":[],"product-type":[10],"class_list":["post-1663","product","type-product","status-publish","has-post-thumbnail","hentry","product-type-solutions"],"_links":{"self":[{"href":"https:\/\/www.plasticgranularmachine.com\/sw\/wp-json\/wp\/v2\/product\/1663","targetHints":{"allow":["GET"]}}],"collection":[{"href":"https:\/\/www.plasticgranularmachine.com\/sw\/wp-json\/wp\/v2\/product"}],"about":[{"href":"https:\/\/www.plasticgranularmachine.com\/sw\/wp-json\/wp\/v2\/types\/product"}],"author":[{"embeddable":true,"href":"https:\/\/www.plasticgranularmachine.com\/sw\/wp-json\/wp\/v2\/users\/1"}],"wp:featuredmedia":[{"embeddable":true,"href":"https:\/\/www.plasticgranularmachine.com\/sw\/wp-json\/wp\/v2\/media\/1672"}],"wp:attachment":[{"href":"https:\/\/www.plasticgranularmachine.com\/sw\/wp-json\/wp\/v2\/media?parent=1663"}],"wp:term":[{"taxonomy":"post_tag","embeddable":true,"href":"https:\/\/www.plasticgranularmachine.com\/sw\/wp-json\/wp\/v2\/tags?post=1663"},{"taxonomy":"product-type","embeddable":true,"href":"https:\/\/www.plasticgranularmachine.com\/sw\/wp-json\/wp\/v2\/product-type?post=1663"}],"curies":[{"name":"wp","href":"https:\/\/api.w.org\/{rel}","templated":true}]}}