{"id":1674,"date":"2025-05-20T14:53:31","date_gmt":"2025-05-20T06:53:31","guid":{"rendered":"https:\/\/www.plasticgranularmachine.com\/?post_type=product&#038;p=1674"},"modified":"2025-07-22T14:39:49","modified_gmt":"2025-07-22T06:39:49","slug":"otr-tire-recycling-line","status":"publish","type":"product","link":"https:\/\/www.plasticgranularmachine.com\/sw\/product\/otr-tire-recycling-line\/","title":{"rendered":"OTR d\u00e4ck\u00e5tervinning | Komplett avfallslinjeberedning"},"content":{"rendered":"<p>Med den snabba tillv\u00e4xten inom gruvor, jordbruk och andra tungmaskinindustrier finns det ett \u00f6kande behov av att \u00e5tervinna och g\u00f6ra sig av med avfall Off-The-Road (OTR) d\u00e4ck. Dessa d\u00e4ck \u00e4r f\u00f6r stora och h\u00e5llbara f\u00f6r att behandlas direkt, vilket utg\u00f6r en utmaning. <\/p>    <p>Som svar har vi utvecklat tv\u00e5 professionella och effektiva OTR-d\u00e4ck\u00e5tervinningsl\u00f6sningar. Genom s\u00f6nderdelning, krossning, malning och screening kan vi producera h\u00f6gren gummipulver och effektivt extrahera och separera st\u00e5lr\u00e5d och andra material.<\/p>    <figure class=\"wp-block-gallery has-nested-images columns-default is-cropped wp-block-gallery-2 is-layout-flex wp-block-gallery-is-layout-flex\"> <figure class=\"wp-block-image size-large\"><img loading=\"lazy\" decoding=\"async\" width=\"720\" height=\"540\" data-id=\"1683\" src=\"https:\/\/www.plasticgranularmachine.com\/wp-content\/uploads\/2025\/05\/OTR-tires.webp\" alt=\"OTR-d\u00e4ck\" class=\"wp-image-1683\" srcset=\"https:\/\/www.plasticgranularmachine.com\/wp-content\/uploads\/2025\/05\/OTR-tires.webp 720w, https:\/\/www.plasticgranularmachine.com\/wp-content\/uploads\/2025\/05\/OTR-tires-300x225.webp 300w, https:\/\/www.plasticgranularmachine.com\/wp-content\/uploads\/2025\/05\/OTR-tires-16x12.webp 16w\" sizes=\"auto, (max-width: 720px) 100vw, 720px\" \/><figcaption class=\"wp-element-caption\">OTR-d\u00e4ck<\/figcaption><\/figure>    <figure class=\"wp-block-image size-large\"><img loading=\"lazy\" decoding=\"async\" width=\"720\" height=\"540\" data-id=\"1681\" src=\"https:\/\/www.plasticgranularmachine.com\/wp-content\/uploads\/2025\/05\/rubber-powders.webp\" alt=\"gummipulver\" class=\"wp-image-1681\" srcset=\"https:\/\/www.plasticgranularmachine.com\/wp-content\/uploads\/2025\/05\/rubber-powders.webp 720w, https:\/\/www.plasticgranularmachine.com\/wp-content\/uploads\/2025\/05\/rubber-powders-300x225.webp 300w, https:\/\/www.plasticgranularmachine.com\/wp-content\/uploads\/2025\/05\/rubber-powders-16x12.webp 16w\" sizes=\"auto, (max-width: 720px) 100vw, 720px\" \/><figcaption class=\"wp-element-caption\">gummipulver<\/figcaption><\/figure> <\/figure>    <h2 class=\"wp-block-heading\">Varf\u00f6r investering i OTR-plast\u00e5tervinning \u00e4r ett smart val\uff1f<\/h2>    <p>OTR-d\u00e4ck\u00e5tervinning ger betydande ekonomiska och milj\u00f6m\u00e4ssiga f\u00f6rdelar. OTR-d\u00e4ck, som anv\u00e4nds i tung utrustning som gruvor och jordbruk, inneh\u00e5ller \u00e5teranv\u00e4nbara material som gummi, st\u00e5ltr\u00e5d och nylon.<\/p>    <p>\u00c5tervinning av dessa OTR-d\u00e4ck producerar v\u00e4rdefull gummipulver som kan anv\u00e4ndas i asfalt, gummigolvplattor och andra produkter. Denna process minskar avfall och f\u00f6roreningar men st\u00f6der ocks\u00e5 statliga initiativ och f\u00f6rst\u00e4rker f\u00f6retagens gr\u00f6na image.<\/p>   <div class=\"wp-block-image\"> <figure class=\"aligncenter size-full\"><img loading=\"lazy\" decoding=\"async\" width=\"720\" height=\"540\" src=\"https:\/\/www.plasticgranularmachine.com\/wp-content\/uploads\/2025\/05\/Recovered-rubber-powder-steel-rims-fibers-etc.-from-scrap-tires.webp\" alt=\"\u00c5tervunnet gummipulver, st\u00e5lr\u00f6r, fibrer osv. fr\u00e5n skrotd\u00e4ck\" class=\"wp-image-1680\" srcset=\"https:\/\/www.plasticgranularmachine.com\/wp-content\/uploads\/2025\/05\/Recovered-rubber-powder-steel-rims-fibers-etc.-from-scrap-tires.webp 720w, https:\/\/www.plasticgranularmachine.com\/wp-content\/uploads\/2025\/05\/Recovered-rubber-powder-steel-rims-fibers-etc.-from-scrap-tires-300x225.webp 300w, https:\/\/www.plasticgranularmachine.com\/wp-content\/uploads\/2025\/05\/Recovered-rubber-powder-steel-rims-fibers-etc.-from-scrap-tires-16x12.webp 16w\" sizes=\"auto, (max-width: 720px) 100vw, 720px\" \/><figcaption class=\"wp-element-caption\">\u00c5tervunnet gummipulver, st\u00e5lr\u00f6r, fibrer osv. fr\u00e5n skrotd\u00e4ck<\/figcaption><\/figure> <\/div>   <h2 class=\"wp-block-heading\">Nyckelfunktioner hos v\u00e5ra gruvd\u00e4ck\u00e5tervinningsmaskiner <\/h2>    <ul class=\"wp-block-list\"> <li><strong>Super d\u00e4ckbearbetningskapacitet:<\/strong> l\u00e4mplig f\u00f6r gigantiska d\u00e4ck med en diameter p\u00e5 minst 1400 mm och kan bearbeta flera ton OTR-d\u00e4ck kontinuerligt och stabilt.<\/li>    <li><strong>H\u00f6gkvalitativa f\u00e4rdiga produkter:<\/strong> gummipulvret \u00e4r minst 99% rent, fint och enhetligt; st\u00e5lvajern kan s\u00e4ljas direkt till st\u00e5lverk; fibrerna kan anv\u00e4ndas som br\u00e4nsle.<\/li>    <li><strong>Utrustningen presterar bra:<\/strong> OTR d\u00e4ck\u00e5tervinningsutrustning \u00e4r tillverkad av tunga, robusta material som \u00e4r byggda f\u00f6r att h\u00e5lla. Den \u00e4r energieffektiv och l\u00e4tt att underh\u00e5lla.<\/li>    <li><strong>Perfekt service:<\/strong> anpassad utrustning \u00e4r tillg\u00e4nglig. Vi erbjuder ocks\u00e5 teknisk support, installation p\u00e5 plats, en ett\u00e5rig gratis garanti och en livsl\u00e5ng tillg\u00e5ng p\u00e5 delar.<\/li> <\/ul>    <figure class=\"wp-block-gallery has-nested-images columns-default is-cropped wp-block-gallery-3 is-layout-flex wp-block-gallery-is-layout-flex\"> <figure class=\"wp-block-image size-large\"><img loading=\"lazy\" decoding=\"async\" width=\"720\" height=\"540\" data-id=\"1677\" src=\"https:\/\/www.plasticgranularmachine.com\/wp-content\/uploads\/2025\/05\/OTR-tire-recycling-line.webp\" alt=\"OTR-d\u00e4ck\u00e5tervinningslinje\" class=\"wp-image-1677\" srcset=\"https:\/\/www.plasticgranularmachine.com\/wp-content\/uploads\/2025\/05\/OTR-tire-recycling-line.webp 720w, https:\/\/www.plasticgranularmachine.com\/wp-content\/uploads\/2025\/05\/OTR-tire-recycling-line-300x225.webp 300w, https:\/\/www.plasticgranularmachine.com\/wp-content\/uploads\/2025\/05\/OTR-tire-recycling-line-16x12.webp 16w\" sizes=\"auto, (max-width: 720px) 100vw, 720px\" \/><figcaption class=\"wp-element-caption\">OTR-d\u00e4ck\u00e5tervinningslinje<\/figcaption><\/figure>    <figure class=\"wp-block-image size-large\"><img loading=\"lazy\" decoding=\"async\" width=\"720\" height=\"540\" data-id=\"1679\" src=\"https:\/\/www.plasticgranularmachine.com\/wp-content\/uploads\/2025\/05\/OTR-tire-recycling-plant.webp\" alt=\"OTR-d\u00e4ck\u00e5tervinningsanl\u00e4ggning\" class=\"wp-image-1679\" srcset=\"https:\/\/www.plasticgranularmachine.com\/wp-content\/uploads\/2025\/05\/OTR-tire-recycling-plant.webp 720w, https:\/\/www.plasticgranularmachine.com\/wp-content\/uploads\/2025\/05\/OTR-tire-recycling-plant-300x225.webp 300w, https:\/\/www.plasticgranularmachine.com\/wp-content\/uploads\/2025\/05\/OTR-tire-recycling-plant-16x12.webp 16w\" sizes=\"auto, (max-width: 720px) 100vw, 720px\" \/><figcaption class=\"wp-element-caption\">OTR-d\u00e4ck\u00e5tervinningsanl\u00e4ggning<\/figcaption><\/figure> <\/figure>    <h2 class=\"wp-block-heading\">Tv\u00e5 OTR-d\u00e4ck\u00e5tervinningsl\u00f6sningar f\u00f6r dina behov<\/h2>    <h3 class=\"wp-block-heading\">OTR-d\u00e4ck\u00e5tervinningsl\u00f6sning 1:<\/h3>    <p class=\"translation-block\"><strong>Utrustning:<\/strong> OTR-ritmaskin, OTR-sk\u00e4rmaskin, d\u00e4ckslip, d\u00e4ckslipare och magnetseparator<\/p>   <div class=\"wp-block-image\"> <figure class=\"aligncenter size-full\"><img loading=\"lazy\" decoding=\"async\" width=\"720\" height=\"540\" src=\"https:\/\/www.plasticgranularmachine.com\/wp-content\/uploads\/2025\/05\/OTR-tire-recycling-line-working-process.webp\" alt=\"OTR-d\u00e4ck\u00e5tervinningslinje arbetsfl\u00f6de\" class=\"wp-image-1676\" srcset=\"https:\/\/www.plasticgranularmachine.com\/wp-content\/uploads\/2025\/05\/OTR-tire-recycling-line-working-process.webp 720w, https:\/\/www.plasticgranularmachine.com\/wp-content\/uploads\/2025\/05\/OTR-tire-recycling-line-working-process-300x225.webp 300w, https:\/\/www.plasticgranularmachine.com\/wp-content\/uploads\/2025\/05\/OTR-tire-recycling-line-working-process-16x12.webp 16w\" sizes=\"auto, (max-width: 720px) 100vw, 720px\" \/><figcaption class=\"wp-element-caption\">OTR-d\u00e4ck\u00e5tervinningslinje arbetsfl\u00f6de<\/figcaption><\/figure> <\/div>   <p class=\"translation-block\"><strong>Arbetsfl\u00f6de:<\/strong><\/p>    <ol class=\"wp-block-list\"> <li>OTR-snittmaskinen avl\u00e4gsnar effektivt innerv\u00e4ggens st\u00e5lramar fr\u00e5n d\u00e4cken med ett hakekl\u00e4mmverktyg och ett dragverktyg, vilket minskar slitage p\u00e5 efterf\u00f6ljande utrustning.<\/li>    <li>OTR-sk\u00e4rmaskinen \u00e4r hydrauliskt drivna och sk\u00e4r stora d\u00e4ck i flera bitar med en kraftfull sk\u00e4rkraft f\u00f6r efterf\u00f6ljande shreddering.<\/li>    <li><a href=\"https:\/\/www.plasticgranularmachine.com\/sw\/product\/tire-shredder-machine-for-sale\/\" data-type=\"link\" data-id=\"https:\/\/www.plasticgranularmachine.com\/product\/tire-shredder-machine-for-sale\/\">D\u00e4ckkrossar<\/a> finns i ett brett utbud av modeller. D\u00e4ckbitarna krossas av tvillingaxlar som arbetar med l\u00e5g hastighet och h\u00f6g vridmoment f\u00f6r att producera enhetliga gummibitar som m\u00e4ter cirka 50\u2013100 mm.<\/li>    <li><a href=\"https:\/\/www.plasticgranularmachine.com\/sw\/product\/tire-grinder-and-magnetic-separator\/\" data-type=\"link\" data-id=\"https:\/\/www.plasticgranularmachine.com\/product\/tire-grinder-and-magnetic-separator\/\">Finmalning och flerstegs screening<\/a> producerar en utmatningsstorlek av 10\u201340 mesh gummipulver (storlek fritt justerbar), samtidigt som pulver blandat med fin st\u00e5lvajer avl\u00e4gsnas. Gummipulverets renhet \u00e4r h\u00f6gre \u00e4n 99%.<\/li> <\/ol>    <h3 class=\"wp-block-heading\">Gruvd\u00e4ck\u00e5tervinningsanl\u00e4ggning 2: <\/h3>    <p class=\"translation-block\"><strong>Utrustning:<\/strong> OTR-demonteringsmaskin, OTR-sk\u00e4re-maskin, OTR-d\u00e4ckst\u00e5lr\u00f6rseparator, d\u00e4ckslipmaskin, d\u00e4ckslipare och magnetseparationsmaskiner<\/p>   <div class=\"wp-block-image\"> <figure class=\"aligncenter size-full\"><img loading=\"lazy\" decoding=\"async\" width=\"720\" height=\"540\" src=\"https:\/\/www.plasticgranularmachine.com\/wp-content\/uploads\/2025\/05\/Mining-tires-recycling-machine-working-process.webp\" alt=\"Gruvavfallsd\u00e4ck \u00e5tervinningsmaskins arbetsprocess\" class=\"wp-image-1675\" srcset=\"https:\/\/www.plasticgranularmachine.com\/wp-content\/uploads\/2025\/05\/Mining-tires-recycling-machine-working-process.webp 720w, https:\/\/www.plasticgranularmachine.com\/wp-content\/uploads\/2025\/05\/Mining-tires-recycling-machine-working-process-300x225.webp 300w, https:\/\/www.plasticgranularmachine.com\/wp-content\/uploads\/2025\/05\/Mining-tires-recycling-machine-working-process-16x12.webp 16w\" sizes=\"auto, (max-width: 720px) 100vw, 720px\" \/><figcaption class=\"wp-element-caption\">Gruvavfallsd\u00e4ck \u00e5tervinningsmaskins arbetsprocess<\/figcaption><\/figure> <\/div>   <p class=\"translation-block\"><strong>Workflow: <\/strong><\/p>    <ul class=\"wp-block-list\"> <li>Den roterande sk\u00e4rare splittrar och bryter ned j\u00e4tted\u00e4ck i dubb, gummi och \u00f6verdel, vilket minskar b\u00f6rdan f\u00f6r efterf\u00f6ljande OTR-d\u00e4ck\u00e5tervinningsmaskiner.<\/li>    <li>OTR-d\u00e4cksavsnittsmaskinen sk\u00e4r d\u00e4ckt\u00f6ts del i r\u00e4tt storlek f\u00f6r shreddern.<\/li>    <li>Separatorera av st\u00e5l i OTR-d\u00e4cket tar bort st\u00e5lringen fr\u00e5n bead-\u00f6ppningen p\u00e5 gruvd\u00e4ck. Den \u00e5terst\u00e5ende gummin g\u00e5r till malningen f\u00f6r bearbetning.<\/li>    <li>Alloy-bladen p\u00e5 d\u00e4ckslipen roterar i f\u00f6rh\u00e5llande till varandra f\u00f6r att mala d\u00e4ckt-blocken till 50-100 mm bitar, vilka \u00e4r l\u00e4tta att mala. Den specifika storleken kan st\u00e4llas in enligt shredder-modellen.<\/li>    <li>D\u00e4ckslipen mal gummit till pulver och anv\u00e4nder ett vibrerande siktverk f\u00f6r att uppn\u00e5 partikelstorlek. Dessutom avl\u00e4gsnar det flerlagers magnetiska separationen fin st\u00e5ltr\u00e5d fr\u00e5n gummipulver, vilket s\u00e4kerst\u00e4ller f\u00e4rdigt produkts renhet.<\/li> <\/ul>    <h2 class=\"wp-block-heading\">F\u00e5 OTR-d\u00e4ck\u00e5tervinningsmaskinkostnad<\/h2>    <p>Om du verkar inom gruvn\u00e4ringen, en industriisk park eller en milj\u00f6organisation, \u00e4r investeringen i en OTR-d\u00e4ck\u00e5tervinningsverksamhet ett h\u00e5llbart och l\u00f6nsamt val. Vi har exporterat v\u00e5r OTR-d\u00e4ck\u00e5tervinningsutrustning till Australien, Kanada, Kenya och m\u00e5nga andra l\u00e4nder, vilket hj\u00e4lper v\u00e5ra kunder att l\u00f6sa utmaningen med att hantera gigantiska d\u00e4ck och dramatiskt \u00f6ka \u00e5tervinningshastigheten.<\/p>    <p>Om du \u00e4r intresserad av att f\u00f6rb\u00e4ttra din verksamhet, kontakta oss idag f\u00f6r den b\u00e4sta \u00e5tervinningsl\u00f6sningen!<\/p>    <figure class=\"wp-block-gallery has-nested-images columns-default is-cropped wp-block-gallery-4 is-layout-flex wp-block-gallery-is-layout-flex\"> <figure class=\"wp-block-image size-large\"><img loading=\"lazy\" decoding=\"async\" width=\"720\" height=\"540\" data-id=\"1678\" src=\"https:\/\/www.plasticgranularmachine.com\/wp-content\/uploads\/2025\/05\/OTR-tire-recycling-machines-shipped-to-Canada.webp\" alt=\"OTR-d\u00e4ck\u00e5tervinningsmaskiner skickade till Kanada\" class=\"wp-image-1678\" srcset=\"https:\/\/www.plasticgranularmachine.com\/wp-content\/uploads\/2025\/05\/OTR-tire-recycling-machines-shipped-to-Canada.webp 720w, https:\/\/www.plasticgranularmachine.com\/wp-content\/uploads\/2025\/05\/OTR-tire-recycling-machines-shipped-to-Canada-300x225.webp 300w, https:\/\/www.plasticgranularmachine.com\/wp-content\/uploads\/2025\/05\/OTR-tire-recycling-machines-shipped-to-Canada-16x12.webp 16w\" sizes=\"auto, (max-width: 720px) 100vw, 720px\" \/><figcaption class=\"wp-element-caption\">OTR-d\u00e4ck\u00e5tervinningsmaskiner skickade till Kanada<\/figcaption><\/figure>    <figure class=\"wp-block-image size-large\"><img loading=\"lazy\" decoding=\"async\" width=\"720\" height=\"540\" data-id=\"1682\" src=\"https:\/\/www.plasticgranularmachine.com\/wp-content\/uploads\/2025\/05\/Tire-grinder-loaded-for-shipment-to-Qatar.webp\" alt=\"D\u00e4ckslipen lastad f\u00f6r skeppning till Qatar\" class=\"wp-image-1682\" srcset=\"https:\/\/www.plasticgranularmachine.com\/wp-content\/uploads\/2025\/05\/Tire-grinder-loaded-for-shipment-to-Qatar.webp 720w, https:\/\/www.plasticgranularmachine.com\/wp-content\/uploads\/2025\/05\/Tire-grinder-loaded-for-shipment-to-Qatar-300x225.webp 300w, https:\/\/www.plasticgranularmachine.com\/wp-content\/uploads\/2025\/05\/Tire-grinder-loaded-for-shipment-to-Qatar-16x12.webp 16w\" sizes=\"auto, (max-width: 720px) 100vw, 720px\" \/><figcaption class=\"wp-element-caption\">D\u00e4ckslipen lastad f\u00f6r skeppning till Qatar<\/figcaption><\/figure> <\/figure>","protected":false},"excerpt":{"rendered":"<p>With the rapid growth of mining, agriculture, and other heavy machinery industries, there is an increasing need to recycle and dispose of waste Off-The-Road (OTR) tires. These tires are too large and durable to be processed directly, which presents a challenge. In response, we have developed two professional and efficient OTR tire recycling solutions. Through [&hellip;]<\/p>\n","protected":false},"author":1,"featured_media":1675,"parent":0,"template":"","tags":[],"product-type":[10],"class_list":["post-1674","product","type-product","status-publish","has-post-thumbnail","hentry","product-type-solutions"],"_links":{"self":[{"href":"https:\/\/www.plasticgranularmachine.com\/sw\/wp-json\/wp\/v2\/product\/1674","targetHints":{"allow":["GET"]}}],"collection":[{"href":"https:\/\/www.plasticgranularmachine.com\/sw\/wp-json\/wp\/v2\/product"}],"about":[{"href":"https:\/\/www.plasticgranularmachine.com\/sw\/wp-json\/wp\/v2\/types\/product"}],"author":[{"embeddable":true,"href":"https:\/\/www.plasticgranularmachine.com\/sw\/wp-json\/wp\/v2\/users\/1"}],"wp:featuredmedia":[{"embeddable":true,"href":"https:\/\/www.plasticgranularmachine.com\/sw\/wp-json\/wp\/v2\/media\/1675"}],"wp:attachment":[{"href":"https:\/\/www.plasticgranularmachine.com\/sw\/wp-json\/wp\/v2\/media?parent=1674"}],"wp:term":[{"taxonomy":"post_tag","embeddable":true,"href":"https:\/\/www.plasticgranularmachine.com\/sw\/wp-json\/wp\/v2\/tags?post=1674"},{"taxonomy":"product-type","embeddable":true,"href":"https:\/\/www.plasticgranularmachine.com\/sw\/wp-json\/wp\/v2\/product-type?post=1674"}],"curies":[{"name":"wp","href":"https:\/\/api.w.org\/{rel}","templated":true}]}}