{"id":1688,"date":"2025-05-26T10:49:51","date_gmt":"2025-05-26T02:49:51","guid":{"rendered":"https:\/\/www.plasticgranularmachine.com\/?post_type=product&#038;p=1688"},"modified":"2025-07-23T10:32:17","modified_gmt":"2025-07-23T02:32:17","slug":"egg-tray-production-line","status":"publish","type":"product","link":"https:\/\/www.plasticgranularmachine.com\/sw\/product\/egg-tray-production-line\/","title":{"rendered":"Ongeza Faida kwa Laini ya Uzalishaji wa Trei za Mayai"},"content":{"rendered":"<p>V\u00e5r pappersmassa-\u00e4ggskalsproduktion har kapacitet 1 000 till 7 000 stycken per timme. Den kan effektivt omvandla avfallspapper till olika papperskorgsprodukter, s\u00e5som \u00e4ggbrickor, \u00e4pplebrickor, skobrickor, kaf\u00e9koppbrickor, etc. Dessa produkter anv\u00e4nds i m\u00e5nga f\u00e4lt, inklusive mat, jordbruk och vardagliga behov.<\/p>    <p>Med v\u00e5r utrustning \u00e4r den genomsnittliga totala kostnaden per \u00e4ggskalsbricka endast $0.026-$0.04, medan v\u00e4rldsmarknadspriset vanligtvis \u00e4r $0.07-$0.10 eller mer. Vinstmarginalen \u00e4r s\u00e5 h\u00f6g som 150%-250%, vilket g\u00f6r detta till ett mycket attraktivt investeringsprojekt!<\/p>   <div class=\"wp-block-image\"> <figure class=\"aligncenter size-full\"><img loading=\"lazy\" decoding=\"async\" width=\"720\" height=\"540\" src=\"https:\/\/www.plasticgranularmachine.com\/wp-content\/uploads\/2025\/05\/egg-tray-manufacturing-plant.webp\" alt=\"\u00e4ggbrief\u00f6ringsanl\u00e4ggning\" class=\"wp-image-1692\" srcset=\"https:\/\/www.plasticgranularmachine.com\/wp-content\/uploads\/2025\/05\/egg-tray-manufacturing-plant.webp 720w, https:\/\/www.plasticgranularmachine.com\/wp-content\/uploads\/2025\/05\/egg-tray-manufacturing-plant-300x225.webp 300w, https:\/\/www.plasticgranularmachine.com\/wp-content\/uploads\/2025\/05\/egg-tray-manufacturing-plant-16x12.webp 16w\" sizes=\"auto, (max-width: 720px) 100vw, 720px\" \/><figcaption class=\"wp-element-caption\">\u00e4ggbrief\u00f6ringsanl\u00e4ggning<\/figcaption><\/figure> <\/div>   <h2 class=\"wp-block-heading\">R\u00e5material och slutprodukter av \u00e4ggskalsmaskinerna<\/h2>    <p>V\u00e5r \u00e4ggskalsproduktion best\u00e5r av \u00e5tervunnet papper och v\u00e4xtfibrer, s\u00e5som gamla tidningar, kartonger, anv\u00e4nda \u00e4ggbrickor, massafiber osv., som r\u00e5material. Genom pulping, formning, torkning och paketering tillverkas andningsbara, biologiskt nedbrytbara, milj\u00f6v\u00e4nliga \u00e4ggbrickor.<\/p>    <figure class=\"wp-block-gallery has-nested-images columns-default is-cropped wp-block-gallery-2 is-layout-flex wp-block-gallery-is-layout-flex\"> <figure class=\"wp-block-image size-large\"><img loading=\"lazy\" decoding=\"async\" width=\"720\" height=\"540\" data-id=\"1703\" src=\"https:\/\/www.plasticgranularmachine.com\/wp-content\/uploads\/2025\/05\/waste-paper-boxes.webp\" alt=\"massakartonger av returpapper\" class=\"wp-image-1703\" srcset=\"https:\/\/www.plasticgranularmachine.com\/wp-content\/uploads\/2025\/05\/waste-paper-boxes.webp 720w, https:\/\/www.plasticgranularmachine.com\/wp-content\/uploads\/2025\/05\/waste-paper-boxes-300x225.webp 300w, https:\/\/www.plasticgranularmachine.com\/wp-content\/uploads\/2025\/05\/waste-paper-boxes-16x12.webp 16w\" sizes=\"auto, (max-width: 720px) 100vw, 720px\" \/><figcaption class=\"wp-element-caption\">massakartonger av returpapper<\/figcaption><\/figure>    <figure class=\"wp-block-image size-large\"><img loading=\"lazy\" decoding=\"async\" width=\"720\" height=\"540\" data-id=\"1702\" src=\"https:\/\/www.plasticgranularmachine.com\/wp-content\/uploads\/2025\/05\/waste-nueswpapers.webp\" alt=\"returpapperstidningar\" class=\"wp-image-1702\" srcset=\"https:\/\/www.plasticgranularmachine.com\/wp-content\/uploads\/2025\/05\/waste-nueswpapers.webp 720w, https:\/\/www.plasticgranularmachine.com\/wp-content\/uploads\/2025\/05\/waste-nueswpapers-300x225.webp 300w, https:\/\/www.plasticgranularmachine.com\/wp-content\/uploads\/2025\/05\/waste-nueswpapers-16x12.webp 16w\" sizes=\"auto, (max-width: 720px) 100vw, 720px\" \/><figcaption class=\"wp-element-caption\">returpapperstidningar<\/figcaption><\/figure>    <figure class=\"wp-block-image size-large\"><img loading=\"lazy\" decoding=\"async\" width=\"720\" height=\"540\" data-id=\"1691\" src=\"https:\/\/www.plasticgranularmachine.com\/wp-content\/uploads\/2025\/05\/books.webp\" alt=\"b\u00f6cker\" class=\"wp-image-1691\" srcset=\"https:\/\/www.plasticgranularmachine.com\/wp-content\/uploads\/2025\/05\/books.webp 720w, https:\/\/www.plasticgranularmachine.com\/wp-content\/uploads\/2025\/05\/books-300x225.webp 300w, https:\/\/www.plasticgranularmachine.com\/wp-content\/uploads\/2025\/05\/books-16x12.webp 16w\" sizes=\"auto, (max-width: 720px) 100vw, 720px\" \/><figcaption class=\"wp-element-caption\">b\u00f6cker<\/figcaption><\/figure> <\/figure>    <p>Genom att byta form och justera produktionsprocessen kan vi producera h\u00f6gkvalitativa pappersbrickor i olika storlekar, former och f\u00e4rger f\u00f6r att m\u00f6ta olika behov. V\u00e5ra brickor anv\u00e4nds i livsmedelsf\u00f6rpackningar, vardagliga f\u00f6rem\u00e5l, transporter, elektroniska st\u00f6t-skydd-f\u00f6rpackningar och s\u00e5 vidare.<\/p>   <div class=\"wp-block-image\"> <figure class=\"aligncenter size-full\"><img loading=\"lazy\" decoding=\"async\" width=\"720\" height=\"540\" src=\"https:\/\/www.plasticgranularmachine.com\/wp-content\/uploads\/2025\/05\/various-paper-trays.webp\" alt=\"olika pappersbrickor\" class=\"wp-image-1701\" srcset=\"https:\/\/www.plasticgranularmachine.com\/wp-content\/uploads\/2025\/05\/various-paper-trays.webp 720w, https:\/\/www.plasticgranularmachine.com\/wp-content\/uploads\/2025\/05\/various-paper-trays-300x225.webp 300w, https:\/\/www.plasticgranularmachine.com\/wp-content\/uploads\/2025\/05\/various-paper-trays-16x12.webp 16w\" sizes=\"auto, (max-width: 720px) 100vw, 720px\" \/><figcaption class=\"wp-element-caption\">olika pappersbrickor<\/figcaption><\/figure> <\/div>   <h2 class=\"wp-block-heading\">K\u00e4rnfunktioner i v\u00e5r \u00e4ggskalsproduktion<\/span><\/h2>    <ul class=\"wp-block-list\"> <li>R\u00e5material f\u00f6r \u00e5tervinning av returpapper \u00e4r allm\u00e4nt tillg\u00e4ngliga.<\/li>    <li>F\u00e4rdiga \u00e4ggbrickor kan anpassas i prestanda, f\u00e4rg, tjocklek och form.<\/li>    <li>De biologiskt nedbrytbara \u00e4ggkartongerna uppfyller milj\u00f6standarder och \u00e4r andningsbara.<\/li>    <li>Maskinen erbjuder automatisk eller semi-automatisk drift.<\/li>    <li>Olika torkmetoder passar olika klimat.<\/li>    <li>L\u00e5ga produktionskostnader ger h\u00f6g avkastning, med vinstmarginaler p\u00e5 150%-250%.<\/li>    <li>Vi tillhandah\u00e5ller produktionslinjer med kapacitet 1 000\u20137 000 st\/h och st\u00f6der hela planeringsprocessen, inklusive installation och en kostnadsfri garanti.<\/li> <\/ul>   <div class=\"wp-block-image\"> <figure class=\"aligncenter size-full\"><img loading=\"lazy\" decoding=\"async\" width=\"720\" height=\"540\" src=\"https:\/\/www.plasticgranularmachine.com\/wp-content\/uploads\/2025\/05\/egg-tray-production-line.webp\" alt=\"\u00e4ggskalsproduktionslinje\" class=\"wp-image-1694\" srcset=\"https:\/\/www.plasticgranularmachine.com\/wp-content\/uploads\/2025\/05\/egg-tray-production-line.webp 720w, https:\/\/www.plasticgranularmachine.com\/wp-content\/uploads\/2025\/05\/egg-tray-production-line-300x225.webp 300w, https:\/\/www.plasticgranularmachine.com\/wp-content\/uploads\/2025\/05\/egg-tray-production-line-16x12.webp 16w\" sizes=\"auto, (max-width: 720px) 100vw, 720px\" \/><figcaption class=\"wp-element-caption\">\u00e4ggskalsproduktionslinje<\/figcaption><\/figure> <\/div>   <h2 class=\"wp-block-heading\">Fullst\u00e4ndig \u00e4ggskalsframst\u00e4llningsprocess avsl\u00f6jad<\/h2>   <div class=\"wp-block-image\"> <figure class=\"aligncenter size-full\"><img loading=\"lazy\" decoding=\"async\" width=\"700\" height=\"461\" src=\"https:\/\/www.plasticgranularmachine.com\/wp-content\/uploads\/2025\/05\/procedures-of-egg-tray-production-line.webp\" alt=\"procedurer f\u00f6r \u00e4ggskalsproduktionlinje\" class=\"wp-image-1699\" srcset=\"https:\/\/www.plasticgranularmachine.com\/wp-content\/uploads\/2025\/05\/procedures-of-egg-tray-production-line.webp 700w, https:\/\/www.plasticgranularmachine.com\/wp-content\/uploads\/2025\/05\/procedures-of-egg-tray-production-line-300x198.webp 300w, https:\/\/www.plasticgranularmachine.com\/wp-content\/uploads\/2025\/05\/procedures-of-egg-tray-production-line-18x12.webp 18w\" sizes=\"auto, (max-width: 700px) 100vw, 700px\" \/><figcaption class=\"wp-element-caption\">procedurer f\u00f6r \u00e4ggskalsproduktionlinje<\/figcaption><\/figure> <\/div>   <h3 class=\"wp-block-heading\">Pappersmassa pulping<\/h3>    <ul class=\"wp-block-list\"> <li>S\u00e4tt in returpapper och vatten i hydraulpulen f\u00f6r att krossa massan.<\/li>    <li>Sedan tills\u00e4tts tillsatser till massan i konditioneringstanken f\u00f6r att modifiera massan. R\u00f6r kontinuerligt f\u00f6r att bilda en enhetlig massa.<\/li>    <li>Massapumpar transporterar massan sedan till tillf\u00f6rselackan.<\/li>    <li>Tills\u00e4tt vatten f\u00f6r att sp\u00e4da massan till en koncentration av 3-5%.<\/li> <\/ul>   <div class=\"wp-block-image\"> <figure class=\"aligncenter size-full\"><img loading=\"lazy\" decoding=\"async\" width=\"720\" height=\"540\" src=\"https:\/\/www.plasticgranularmachine.com\/wp-content\/uploads\/2025\/05\/paper-pulping-machine.webp\" alt=\"mesin penggumpalan kertas\" class=\"wp-image-1698\" srcset=\"https:\/\/www.plasticgranularmachine.com\/wp-content\/uploads\/2025\/05\/paper-pulping-machine.webp 720w, https:\/\/www.plasticgranularmachine.com\/wp-content\/uploads\/2025\/05\/paper-pulping-machine-300x225.webp 300w, https:\/\/www.plasticgranularmachine.com\/wp-content\/uploads\/2025\/05\/paper-pulping-machine-16x12.webp 16w\" sizes=\"auto, (max-width: 720px) 100vw, 720px\" \/><figcaption class=\"wp-element-caption\">mesin penggumpalan kertas<\/figcaption><\/figure> <\/div>   <h3 class=\"wp-block-heading\">\u00c4ggskalsformning<\/h3>    <p class=\"translation-block\">Formningsprocessen \u00e4r den viktigaste steget i \u00e4ggskalsproduktionlinjen. Vi erbjuder m\u00e5nga modeller av <a href=\"https:\/\/www.plasticgranularmachine.com\/sw\/product\/egg-tray-making-machine\/\" data-type=\"link\" data-id=\"https:\/\/www.plasticgranularmachine.com\/product\/egg-tray-making-machine\/\">\u00e4ggskalsformmaskiner<\/a>, inklusive enkelsidiga, fyrsidiga och \u00e5ttasidiga \u00e4ggskalsformmaskiner, med kapaciteter fr\u00e5n 1 000 till 7 000 stycken per timme.<\/p>    <ul class=\"wp-block-list\"> <li>Formen p\u00e5 \u00e4ggskalsmaskinens formningsform suger upp massan under verkan av en vacuum-pump.<\/li>    <li>\u00d6verskottsvatten rinner ut ur massan genom ett rostfritt st\u00e5l-n\u00e4t till en \u00e5tervinningspool f\u00f6r \u00e5teranv\u00e4ndning.<\/li>    <li>Efter vakuumavvattning formas \u00e4ggskalsbrickan.<\/li>    <li>Vakuummaskinen hj\u00e4lper sedan att demold\u00e4ggskalsbrickorna och \u00f6verf\u00f6ra dem till transportbandet.<\/li> <\/ul>   <div class=\"wp-block-image\"> <figure class=\"aligncenter size-full\"><img loading=\"lazy\" decoding=\"async\" width=\"720\" height=\"540\" src=\"https:\/\/www.plasticgranularmachine.com\/wp-content\/uploads\/2025\/05\/automatic-egg-tray-molding-machine.webp\" alt=\"automatisk \u00e4ggskalsformmaskin\" class=\"wp-image-1690\" srcset=\"https:\/\/www.plasticgranularmachine.com\/wp-content\/uploads\/2025\/05\/automatic-egg-tray-molding-machine.webp 720w, https:\/\/www.plasticgranularmachine.com\/wp-content\/uploads\/2025\/05\/automatic-egg-tray-molding-machine-300x225.webp 300w, https:\/\/www.plasticgranularmachine.com\/wp-content\/uploads\/2025\/05\/automatic-egg-tray-molding-machine-16x12.webp 16w\" sizes=\"auto, (max-width: 720px) 100vw, 720px\" \/><figcaption class=\"wp-element-caption\">automatisk \u00e4ggskalsformmaskin<\/figcaption><\/figure> <\/div>   <h3 class=\"wp-block-heading\">Torkning<\/h3>    <p>F\u00f6rsta formade v\u00e5ta \u00e4ggskalsbrickor m\u00e5ste torkas f\u00f6r att \u00f6ka deras stabilitet och fasthet. V\u00e4lj den mest l\u00e4mpliga torkmetoden enligt lokalt klimat, plats och andra f\u00f6rh\u00e5llanden. V\u00e5r \u00e4ggskalsproduktion st\u00f6djer f\u00f6ljande:<\/p>    <ul class=\"wp-block-list\"> <li>Manuell torkning<\/li>    <li>Torkugn bakning<\/li>    <li>Flerlagers metalltorkning.<\/li>    <li>Civilingenj\u00f6rstorkning.<\/li> <\/ul>    <figure class=\"wp-block-gallery has-nested-images columns-default is-cropped wp-block-gallery-3 is-layout-flex wp-block-gallery-is-layout-flex\"> <figure class=\"wp-block-image size-large\"><img loading=\"lazy\" decoding=\"async\" width=\"720\" height=\"540\" data-id=\"1697\" src=\"https:\/\/www.plasticgranularmachine.com\/wp-content\/uploads\/2025\/05\/Multi-layer-metal-dryers.webp\" alt=\"Flerlagers metalltorkar\" class=\"wp-image-1697\" srcset=\"https:\/\/www.plasticgranularmachine.com\/wp-content\/uploads\/2025\/05\/Multi-layer-metal-dryers.webp 720w, https:\/\/www.plasticgranularmachine.com\/wp-content\/uploads\/2025\/05\/Multi-layer-metal-dryers-300x225.webp 300w, https:\/\/www.plasticgranularmachine.com\/wp-content\/uploads\/2025\/05\/Multi-layer-metal-dryers-16x12.webp 16w\" sizes=\"auto, (max-width: 720px) 100vw, 720px\" \/><figcaption class=\"wp-element-caption\">Flerlagers metalltorkar<\/figcaption><\/figure>    <figure class=\"wp-block-image size-large\"><img loading=\"lazy\" decoding=\"async\" width=\"720\" height=\"540\" data-id=\"1696\" src=\"https:\/\/www.plasticgranularmachine.com\/wp-content\/uploads\/2025\/05\/mesh-belt-dryer.webp\" alt=\"n\u00e4tband-torkare\" class=\"wp-image-1696\" srcset=\"https:\/\/www.plasticgranularmachine.com\/wp-content\/uploads\/2025\/05\/mesh-belt-dryer.webp 720w, https:\/\/www.plasticgranularmachine.com\/wp-content\/uploads\/2025\/05\/mesh-belt-dryer-300x225.webp 300w, https:\/\/www.plasticgranularmachine.com\/wp-content\/uploads\/2025\/05\/mesh-belt-dryer-16x12.webp 16w\" sizes=\"auto, (max-width: 720px) 100vw, 720px\" \/><figcaption class=\"wp-element-caption\">n\u00e4tband-torkare<\/figcaption><\/figure> <\/figure>    <h3 class=\"wp-block-heading\">Varmpress och Packning:<\/h3>    <ul class=\"wp-block-list\"> <li>Varmpressningsmaskinen pressar \u00e4ggskalsbrickorna vid h\u00f6g temperatur f\u00f6r att f\u00f6rb\u00e4ttra deras styrka och utseende.<\/li>    <li>Viksmaskinen staplar pr affirmeltegligt de heta \u00e4ggskalsbrickorna enligt data, vilket f\u00f6rb\u00e4ttrar r\u00e4kning och packningseffektivitet.<\/li>    <li>Balermaskinen f\u00e5ngar och packar \u00e4ggskalsbrickorna f\u00f6r enkel transport och f\u00f6rvaring.<\/li> <\/ul>    <figure class=\"wp-block-gallery has-nested-images columns-default is-cropped wp-block-gallery-4 is-layout-flex wp-block-gallery-is-layout-flex\"> <figure class=\"wp-block-image size-large\"><img loading=\"lazy\" decoding=\"async\" width=\"720\" height=\"540\" data-id=\"1695\" src=\"https:\/\/www.plasticgranularmachine.com\/wp-content\/uploads\/2025\/05\/hot-press-machine.webp\" alt=\"varmpressmaskin\" class=\"wp-image-1695\" srcset=\"https:\/\/www.plasticgranularmachine.com\/wp-content\/uploads\/2025\/05\/hot-press-machine.webp 720w, https:\/\/www.plasticgranularmachine.com\/wp-content\/uploads\/2025\/05\/hot-press-machine-300x225.webp 300w, https:\/\/www.plasticgranularmachine.com\/wp-content\/uploads\/2025\/05\/hot-press-machine-16x12.webp 16w\" sizes=\"auto, (max-width: 720px) 100vw, 720px\" \/><figcaption class=\"wp-element-caption\">varmpressmaskin<\/figcaption><\/figure>    <figure class=\"wp-block-image size-large\"><img loading=\"lazy\" decoding=\"async\" width=\"720\" height=\"540\" data-id=\"1693\" src=\"https:\/\/www.plasticgranularmachine.com\/wp-content\/uploads\/2025\/05\/egg-tray-packing-machine.webp\" alt=\"\u00e4ggskalspackmaskin\" class=\"wp-image-1693\" srcset=\"https:\/\/www.plasticgranularmachine.com\/wp-content\/uploads\/2025\/05\/egg-tray-packing-machine.webp 720w, https:\/\/www.plasticgranularmachine.com\/wp-content\/uploads\/2025\/05\/egg-tray-packing-machine-300x225.webp 300w, https:\/\/www.plasticgranularmachine.com\/wp-content\/uploads\/2025\/05\/egg-tray-packing-machine-16x12.webp 16w\" sizes=\"auto, (max-width: 720px) 100vw, 720px\" \/><figcaption class=\"wp-element-caption\">\u00e4ggskalspackmaskin<\/figcaption><\/figure> <\/figure>    <h2 class=\"wp-block-heading\">V\u00e4lj oss f\u00f6r h\u00f6g avkastning Egg Tray Manufacturing Plant<\/h2>    <p>V\u00e5r \u00e4ggskalsproduktion kr\u00e4ver l\u00e5g investering men ger h\u00f6g avkastning och har s\u00e5lts till m\u00e5nga l\u00e4nder, inklusive Saudiarabien, Niger, Mali, Spanien, Schweiz, etc., och har f\u00e5tt goda mottaganden.<\/p>    <p>Om du \u00e4r intresserad av v\u00e5ra produkter, v\u00e4nligen kontakta oss f\u00f6r skr\u00e4ddarsydda l\u00f6sningar!<\/p>    <figure class=\"wp-block-gallery has-nested-images columns-default is-cropped wp-block-gallery-5 is-layout-flex wp-block-gallery-is-layout-flex\"> <figure class=\"wp-block-image size-large\"><img loading=\"lazy\" decoding=\"async\" width=\"720\" height=\"540\" data-id=\"1700\" src=\"https:\/\/www.plasticgranularmachine.com\/wp-content\/uploads\/2025\/05\/Spain-client-visits-egg-tray-machine.webp\" alt=\"Spansk kund bes\u00f6ker \u00e4ggskalsmaskin\" class=\"wp-image-1700\" srcset=\"https:\/\/www.plasticgranularmachine.com\/wp-content\/uploads\/2025\/05\/Spain-client-visits-egg-tray-machine.webp 720w, https:\/\/www.plasticgranularmachine.com\/wp-content\/uploads\/2025\/05\/Spain-client-visits-egg-tray-machine-300x225.webp 300w, https:\/\/www.plasticgranularmachine.com\/wp-content\/uploads\/2025\/05\/Spain-client-visits-egg-tray-machine-16x12.webp 16w\" sizes=\"auto, (max-width: 720px) 100vw, 720px\" \/><figcaption class=\"wp-element-caption\">Spansk kund bes\u00f6ker \u00e4ggskalsmaskin<\/figcaption><\/figure>    <figure class=\"wp-block-image size-large\"><img loading=\"lazy\" decoding=\"async\" width=\"720\" height=\"540\" data-id=\"1689\" src=\"https:\/\/www.plasticgranularmachine.com\/wp-content\/uploads\/2025\/05\/African-customer-visits-the-factory.webp\" alt=\"Afrikansk kund bes\u00f6ker fabriken\" class=\"wp-image-1689\" srcset=\"https:\/\/www.plasticgranularmachine.com\/wp-content\/uploads\/2025\/05\/African-customer-visits-the-factory.webp 720w, https:\/\/www.plasticgranularmachine.com\/wp-content\/uploads\/2025\/05\/African-customer-visits-the-factory-300x225.webp 300w, https:\/\/www.plasticgranularmachine.com\/wp-content\/uploads\/2025\/05\/African-customer-visits-the-factory-16x12.webp 16w\" sizes=\"auto, (max-width: 720px) 100vw, 720px\" \/><figcaption class=\"wp-element-caption\">Afrikansk kund bes\u00f6ker fabriken<\/figcaption><\/figure> <\/figure>","protected":false},"excerpt":{"rendered":"<p>Our paper pulp egg tray production line has a capacity of 1,000 to 7,000 pieces per hour. It can efficiently convert waste paper into various paper tray products, such as egg trays, apple trays, shoe trays, coffee cup trays, etc. These products are widely used in many fields, including food, agriculture, and daily necessities. Using [&hellip;]<\/p>\n","protected":false},"author":1,"featured_media":1692,"parent":0,"template":"","tags":[],"product-type":[10],"class_list":["post-1688","product","type-product","status-publish","has-post-thumbnail","hentry","product-type-solutions"],"_links":{"self":[{"href":"https:\/\/www.plasticgranularmachine.com\/sw\/wp-json\/wp\/v2\/product\/1688","targetHints":{"allow":["GET"]}}],"collection":[{"href":"https:\/\/www.plasticgranularmachine.com\/sw\/wp-json\/wp\/v2\/product"}],"about":[{"href":"https:\/\/www.plasticgranularmachine.com\/sw\/wp-json\/wp\/v2\/types\/product"}],"author":[{"embeddable":true,"href":"https:\/\/www.plasticgranularmachine.com\/sw\/wp-json\/wp\/v2\/users\/1"}],"wp:featuredmedia":[{"embeddable":true,"href":"https:\/\/www.plasticgranularmachine.com\/sw\/wp-json\/wp\/v2\/media\/1692"}],"wp:attachment":[{"href":"https:\/\/www.plasticgranularmachine.com\/sw\/wp-json\/wp\/v2\/media?parent=1688"}],"wp:term":[{"taxonomy":"post_tag","embeddable":true,"href":"https:\/\/www.plasticgranularmachine.com\/sw\/wp-json\/wp\/v2\/tags?post=1688"},{"taxonomy":"product-type","embeddable":true,"href":"https:\/\/www.plasticgranularmachine.com\/sw\/wp-json\/wp\/v2\/product-type?post=1688"}],"curies":[{"name":"wp","href":"https:\/\/api.w.org\/{rel}","templated":true}]}}