{"id":1706,"date":"2025-06-09T16:13:01","date_gmt":"2025-06-09T08:13:01","guid":{"rendered":"https:\/\/www.plasticgranularmachine.com\/?post_type=product&#038;p=1706"},"modified":"2025-07-23T10:37:32","modified_gmt":"2025-07-23T02:37:32","slug":"fabric-waste-cutting-machine","status":"publish","type":"product","link":"https:\/\/www.plasticgranularmachine.com\/sw\/product\/fabric-waste-cutting-machine\/","title":{"rendered":"Maskin f\u00f6r sk\u00e4rning av textilavfall f\u00f6r \u00e5tervinningsanl\u00e4ggning av fiber"},"content":{"rendered":"<p>Mashine yetu ya kukata taka za nguo ni bora kwa urejeleaji wa vifaa vya nyuzi kama mabaki ya pamba, nyuzi za polyester, nguo za zamani, n.k. Ikiwa na uwezo wa 300\u20135000 kg\/h, inakata taka kwa ufanisi kwa ajili ya urejeleaji wa nyuzi. Shukrani kwa muundo wake wa kudumu na pato safi, inatumika sana katika viwanda vya nyuzi na mimea ya nyuzi nchini Mexico, Morocco, Sri Lanka, na zaidi.<\/p>   <div class=\"wp-block-image\"> <figure class=\"aligncenter size-full\"><img loading=\"lazy\" decoding=\"async\" width=\"720\" height=\"540\" src=\"https:\/\/www.plasticgranularmachine.com\/wp-content\/uploads\/2025\/06\/facbric-waste-cutting-machine1.webp\" alt=\"mashine ya kukata taka za nguo\" class=\"wp-image-1717\" srcset=\"https:\/\/www.plasticgranularmachine.com\/wp-content\/uploads\/2025\/06\/facbric-waste-cutting-machine1.webp 720w, https:\/\/www.plasticgranularmachine.com\/wp-content\/uploads\/2025\/06\/facbric-waste-cutting-machine1-300x225.webp 300w, https:\/\/www.plasticgranularmachine.com\/wp-content\/uploads\/2025\/06\/facbric-waste-cutting-machine1-16x12.webp 16w\" sizes=\"auto, (max-width: 720px) 100vw, 720px\" \/><figcaption class=\"wp-element-caption\">mashine ya kukata taka za nguo<\/figcaption><\/figure> <\/div>   <h2 class=\"wp-block-heading\">Kazi ya Mashine ya Kukata Taka za Nyuzinyuzi<\/h2>    <h3 class=\"wp-block-heading\">Muktadha wa Maombi<\/h3>    <p>Mashine ya kukata nyuzi ya nyuzi inatumika sana katika sekta zifuatazo:<\/p>    <ul class=\"wp-block-list\"> <li><strong>Viwanda vya kitambaa<\/strong>: Kukata mabaki ya kitambaa, taka za uzi, na mapambo ya ukingo.<\/li>    <li><strong>Viwanda vya nguo<\/strong>: Kushughulikia mabaki ya pamba na nguo za zamani kwa ajili ya urejeshaji.<\/li>    <li><strong>Viwanda vya urejelezaji wa nyuzi<\/strong>: Kuandaa takataka za kitambaa kwa kufungua, kuipakua, au kuirejea tena.<\/li>    <li><strong>Vichakataji vya nyenzo zisizo na tishu<\/strong>: Kukata karatasi laini za nyuzi na rolli zisizo na tishu.<\/li>    <li><strong>Wapokeaji wa nguo za mtaani<\/strong>: Kukata nguo zilizotumika kuwa vipande vya nyuzi sawasawa.<\/li> <\/ul>    <p>Mashine hii ya kukata taka za nguo ni bora kwa kushughulikia kiasi kikubwa cha taka za pamba, polyester, na taka nyingine za nyuzi laini.<\/p>    <figure class=\"wp-block-gallery has-nested-images columns-default is-cropped wp-block-gallery-2 is-layout-flex wp-block-gallery-is-layout-flex\"> <figure class=\"wp-block-image size-large\"><img loading=\"lazy\" decoding=\"async\" width=\"720\" height=\"540\" data-id=\"1716\" src=\"https:\/\/www.plasticgranularmachine.com\/wp-content\/uploads\/2025\/06\/waste-textile.webp\" alt=\"taka za nyuzi\" class=\"wp-image-1716\" srcset=\"https:\/\/www.plasticgranularmachine.com\/wp-content\/uploads\/2025\/06\/waste-textile.webp 720w, https:\/\/www.plasticgranularmachine.com\/wp-content\/uploads\/2025\/06\/waste-textile-300x225.webp 300w, https:\/\/www.plasticgranularmachine.com\/wp-content\/uploads\/2025\/06\/waste-textile-16x12.webp 16w\" sizes=\"auto, (max-width: 720px) 100vw, 720px\" \/><figcaption class=\"wp-element-caption\">taka za nyuzi<\/figcaption><\/figure>    <figure class=\"wp-block-image size-large\"><img loading=\"lazy\" decoding=\"async\" width=\"721\" height=\"541\" data-id=\"1709\" src=\"https:\/\/www.plasticgranularmachine.com\/wp-content\/uploads\/2025\/06\/cotton-waste.webp\" alt=\"taka za pamba\" class=\"wp-image-1709\" srcset=\"https:\/\/www.plasticgranularmachine.com\/wp-content\/uploads\/2025\/06\/cotton-waste.webp 721w, https:\/\/www.plasticgranularmachine.com\/wp-content\/uploads\/2025\/06\/cotton-waste-300x225.webp 300w, https:\/\/www.plasticgranularmachine.com\/wp-content\/uploads\/2025\/06\/cotton-waste-16x12.webp 16w\" sizes=\"auto, (max-width: 721px) 100vw, 721px\" \/><figcaption class=\"wp-element-caption\">taka za pamba<\/figcaption><\/figure>    <figure class=\"wp-block-image size-large\"><img loading=\"lazy\" decoding=\"async\" width=\"720\" height=\"540\" data-id=\"1713\" src=\"https:\/\/www.plasticgranularmachine.com\/wp-content\/uploads\/2025\/06\/fiber.webp\" alt=\"nyuzi\" class=\"wp-image-1713\" srcset=\"https:\/\/www.plasticgranularmachine.com\/wp-content\/uploads\/2025\/06\/fiber.webp 720w, https:\/\/www.plasticgranularmachine.com\/wp-content\/uploads\/2025\/06\/fiber-300x225.webp 300w, https:\/\/www.plasticgranularmachine.com\/wp-content\/uploads\/2025\/06\/fiber-16x12.webp 16w\" sizes=\"auto, (max-width: 720px) 100vw, 720px\" \/><figcaption class=\"wp-element-caption\">nyuzi<\/figcaption><\/figure> <\/figure>    <h3 class=\"wp-block-heading\">Slutprodukter<\/h3>    <p>Ukubwa wa pato la nyuzi unaweza kubadilishwa kutoka 5 hadi 300 mm, na ina sifa:<\/p>    <ul class=\"wp-block-list\"> <li>Urefu ni wa kawaida na unaweza kubadilishwa.<\/li>    <li>Si rahisi kukwama, ina fluff kubwa, na rahisi kufungua.<\/li>    <li>Mipaka ni safi na haina vumbi bila alama za kuchoma.<\/li>    <li>Inaweza kuingizwa moja kwa moja katika mashine ya ufunguzi wa nyuzi au vifaa vingine vya baadaye kwa usindikaji.<\/li>    <li>Ina matumizi mapana katika vifaa vya insulation ya joto, padding ya mchele, nyuzi zinazoweza kurejelewa, na zaidi.<\/li> <\/ul>    <figure class=\"wp-block-gallery has-nested-images columns-default is-cropped wp-block-gallery-3 is-layout-flex wp-block-gallery-is-layout-flex\"> <figure class=\"wp-block-image size-large\"><img loading=\"lazy\" decoding=\"async\" width=\"722\" height=\"578\" data-id=\"1715\" src=\"https:\/\/www.plasticgranularmachine.com\/wp-content\/uploads\/2025\/06\/uniform-end-products-of-textile-cutter.webp\" alt=\"bidhaa za mwisho za kawaida za kukata nyuzinyuzi\" class=\"wp-image-1715\" srcset=\"https:\/\/www.plasticgranularmachine.com\/wp-content\/uploads\/2025\/06\/uniform-end-products-of-textile-cutter.webp 722w, https:\/\/www.plasticgranularmachine.com\/wp-content\/uploads\/2025\/06\/uniform-end-products-of-textile-cutter-300x240.webp 300w, https:\/\/www.plasticgranularmachine.com\/wp-content\/uploads\/2025\/06\/uniform-end-products-of-textile-cutter-15x12.webp 15w\" sizes=\"auto, (max-width: 722px) 100vw, 722px\" \/><figcaption class=\"wp-element-caption\">bidhaa za mwisho za kawaida za kukata nyuzinyuzi<\/figcaption><\/figure>    <figure class=\"wp-block-image size-large\"><img loading=\"lazy\" decoding=\"async\" width=\"720\" height=\"540\" data-id=\"1714\" src=\"https:\/\/www.plasticgranularmachine.com\/wp-content\/uploads\/2025\/06\/output-of-the-fabric-cutter.webp\" alt=\"pato la kukata nguo\" class=\"wp-image-1714\" srcset=\"https:\/\/www.plasticgranularmachine.com\/wp-content\/uploads\/2025\/06\/output-of-the-fabric-cutter.webp 720w, https:\/\/www.plasticgranularmachine.com\/wp-content\/uploads\/2025\/06\/output-of-the-fabric-cutter-300x225.webp 300w, https:\/\/www.plasticgranularmachine.com\/wp-content\/uploads\/2025\/06\/output-of-the-fabric-cutter-16x12.webp 16w\" sizes=\"auto, (max-width: 720px) 100vw, 720px\" \/><figcaption class=\"wp-element-caption\">pato la kukata nguo<\/figcaption><\/figure> <\/figure>    <h2 class=\"wp-block-heading\">Sifa Muhimu za Mashine ya Kukata Nguo Kiotomatiki<\/h2>    <ul class=\"wp-block-list\"> <li><strong>Maombi Mbalimbali<\/strong> \u2013 Inafaa kwa nyenzo mbalimbali za nyuzi; inaendana na mistari tofauti ya urejelezaji wa kitambaa.<\/li>    <li><strong>Visu vya Kudumu<\/strong> \u2013 Imewekwa visu za chuma cha aloi cha ubora wa juu kwa ugumu mzuri na upinzani wa kuvaa.<\/li>    <li><strong>Ufanisi wa Juu wa Kukata<\/strong> \u2013 Inatumia muundo wa jiko la torque la mwelekeo wa mwelekeo wa juu; uwezo hadi kg 5000\/h.<\/li>    <li><strong>Ulinzi wa Usalama<\/strong> \u2013 Mfumo wa kinga ya mzigo wa ziada na wa joto wa kujenga ili kuzuia kuingiliwa au kuunganishwa kwa nyenzo.<\/li>    <li><strong>Matengenezo Rahisi<\/strong> \u2013 Muundo wa visu wa moduli kwa kubadilisha haraka na kupunguza muda wa kusimama.<\/li> <\/ul>    <figure class=\"wp-block-gallery has-nested-images columns-default is-cropped wp-block-gallery-4 is-layout-flex wp-block-gallery-is-layout-flex\"> <figure class=\"wp-block-image size-large\"><img loading=\"lazy\" decoding=\"async\" width=\"721\" height=\"540\" data-id=\"1708\" src=\"https:\/\/www.plasticgranularmachine.com\/wp-content\/uploads\/2025\/06\/baldes-of-the-fabric-waste-cutting-machine.webp\" alt=\"vikata vya mashine ya kukata taka za nguo\" class=\"wp-image-1708\" srcset=\"https:\/\/www.plasticgranularmachine.com\/wp-content\/uploads\/2025\/06\/baldes-of-the-fabric-waste-cutting-machine.webp 721w, https:\/\/www.plasticgranularmachine.com\/wp-content\/uploads\/2025\/06\/baldes-of-the-fabric-waste-cutting-machine-300x225.webp 300w, https:\/\/www.plasticgranularmachine.com\/wp-content\/uploads\/2025\/06\/baldes-of-the-fabric-waste-cutting-machine-16x12.webp 16w\" sizes=\"auto, (max-width: 721px) 100vw, 721px\" \/><figcaption class=\"wp-element-caption\">vikata vya mashine ya kukata taka za nguo<\/figcaption><\/figure>    <figure class=\"wp-block-image size-large\"><img loading=\"lazy\" decoding=\"async\" width=\"720\" height=\"540\" data-id=\"1707\" src=\"https:\/\/www.plasticgranularmachine.com\/wp-content\/uploads\/2025\/06\/auto-fabric-cutting-machine-blades.webp\" alt=\"vikata vya mashine ya kukata nguo kiotomatiki\" class=\"wp-image-1707\" srcset=\"https:\/\/www.plasticgranularmachine.com\/wp-content\/uploads\/2025\/06\/auto-fabric-cutting-machine-blades.webp 720w, https:\/\/www.plasticgranularmachine.com\/wp-content\/uploads\/2025\/06\/auto-fabric-cutting-machine-blades-300x225.webp 300w, https:\/\/www.plasticgranularmachine.com\/wp-content\/uploads\/2025\/06\/auto-fabric-cutting-machine-blades-16x12.webp 16w\" sizes=\"auto, (max-width: 720px) 100vw, 720px\" \/><figcaption class=\"wp-element-caption\">vikata vya mashine ya kukata nguo kiotomatiki<\/figcaption><\/figure> <\/figure>    <h2 class=\"wp-block-heading\">Parametere za Mashine ya Kukata Vifaa vya Nyuzinyuzi kwa Mauzo<\/h2>    <p>Ifuatayo ni baadhi ya vipimo vya mashine za kukata taka za nguo zinazouzwa sana. Tunaweza pia kutoa vikata vya nyuzi vilivyobinafsishwa kulingana na mahitaji yako ya uzalishaji.<\/p>    <figure class=\"wp-block-table\"><table><tbody><tr><td>Mfano<\/td><td>500B<\/td><td>800C<\/td><td>1200B<\/td><td>1600B<\/td><td>2400B<\/td><\/tr><tr><td>Uwezo (kg\/h)<\/td><td>300-500<\/td><td>500-800<\/td><td>800-1200<\/td><td>1000-3000<\/td><td>2000-5000<\/td><\/tr><tr><td>Nguvu ya Motor (KW)<\/td><td>5.5+1.5<\/td><td>7.5 + 1.5<\/td><td>15 + 2.2<\/td><td>18.5 + 3.0<\/td><td>22 + 3.0<\/td><\/tr><tr><td>Urefu wa Kukata (mm)<\/td><td>5-150<\/td><td>5-150<\/td><td>5-150<\/td><td>5-300<\/td><td>10-300<\/td><\/tr><tr><td>Unene wa Kukata (mm)<\/td><td>20<\/td><td>30-50<\/td><td>30-50<\/td><td>30-150<\/td><td>30-200<\/td><\/tr><tr><td>Ukubwa wa Ukanda wa Kuingiza\/Kutoa (mm)<\/td><td>2800*350<\/td><td>2800*350<\/td><td>3000*520<\/td><td>3000*720<\/td><td>3000*1100<\/td><\/tr><tr><td>Mipimo (mm)<\/td><td>3200*1000*1200<\/td><td>3200*1000*1200<\/td><td>7000*1500*1500<\/td><td>7000*1800*1950<\/td><td>5800*2200*1950<\/td><\/tr><\/tbody><\/table><\/figure>    <h2 class=\"wp-block-heading\">Kanuni ya Kazi ya Mashine ya Kukata Nyuzinyuzi<\/h2>    <ol class=\"wp-block-list\"> <li><strong>Kula<\/strong>:<br>Taka za kitambaa huingizwa kwa conveyor.<\/li>    <li><strong>Kukata kwa mzunguko<\/strong>:<br>Visu vya mzunguko vinashindana na visu vilivyowekwa ndani ya chumba ili kukata nyuzi kuwa vipande vifupi.<\/li>    <li><strong>Kutoa<\/strong>:<br>Vipande vya kitambaa vilivyokatwa vinatolewa kupitia lango kwa usindikaji zaidi.<\/li>    <li><strong>Mipangilio Inayoweza kurekebishwa<\/strong>:<br>Kasi, pengo la visu, na urefu wa pato vinaweza kurekebishwa kwa nyenzo tofauti na malengo ya usindikaji.<\/li> <\/ol>    <p>Muundo wa kukata wa rotary unahakikisha kukata kuendelea bila kuzibika.<\/p>    <h2 class=\"wp-block-heading\">Pata Suluhisho Lako la Urejeleaji wa Nyuzinyuzi<\/h2>    <p>Unatafuta njia bora ya kushughulikia taka za nyuzi? Mashine zetu za kukata taka za nyuzi zinatumiwa na mimea ya urejeleaji katika nchi mbalimbali. Wasiliana nasi leo kwa nukuu na suluhisho la kukata bure!<\/p>    <figure class=\"wp-block-gallery aligncenter has-nested-images columns-default is-cropped wp-block-gallery-5 is-layout-flex wp-block-gallery-is-layout-flex\"> <figure class=\"wp-block-image size-large\"><img loading=\"lazy\" decoding=\"async\" width=\"720\" height=\"540\" data-id=\"1712\" src=\"https:\/\/www.plasticgranularmachine.com\/wp-content\/uploads\/2025\/06\/fiber-cutting-machine.webp\" alt=\"mashine ya kukata nyuzi\" class=\"wp-image-1712\" srcset=\"https:\/\/www.plasticgranularmachine.com\/wp-content\/uploads\/2025\/06\/fiber-cutting-machine.webp 720w, https:\/\/www.plasticgranularmachine.com\/wp-content\/uploads\/2025\/06\/fiber-cutting-machine-300x225.webp 300w, https:\/\/www.plasticgranularmachine.com\/wp-content\/uploads\/2025\/06\/fiber-cutting-machine-16x12.webp 16w\" sizes=\"auto, (max-width: 720px) 100vw, 720px\" \/><figcaption class=\"wp-element-caption\">mashine ya kukata nyuzi<\/figcaption><\/figure>    <figure class=\"wp-block-image size-large\"><img loading=\"lazy\" decoding=\"async\" width=\"719\" height=\"540\" data-id=\"1711\" src=\"https:\/\/www.plasticgranularmachine.com\/wp-content\/uploads\/2025\/06\/fabric-waste-cutting-machine.webp\" alt=\"mashine ya kukata taka za nguo\" class=\"wp-image-1711\" srcset=\"https:\/\/www.plasticgranularmachine.com\/wp-content\/uploads\/2025\/06\/fabric-waste-cutting-machine.webp 719w, https:\/\/www.plasticgranularmachine.com\/wp-content\/uploads\/2025\/06\/fabric-waste-cutting-machine-300x225.webp 300w, https:\/\/www.plasticgranularmachine.com\/wp-content\/uploads\/2025\/06\/fabric-waste-cutting-machine-16x12.webp 16w\" sizes=\"auto, (max-width: 719px) 100vw, 719px\" \/><figcaption class=\"wp-element-caption\">mashine ya kukata taka za nguo<\/figcaption><\/figure> <\/figure>    <h2 class=\"wp-block-heading\">Maswali Yanayoulizwa Mara kwa Mara Kuhusu Mashine ya Kukata Taka za Nyuzinyuzi<\/h2>    <p>If you still have other questions, please feel free to contact us. We\u2019re here to help!<\/p>   <div id=\"rank-math-faq\" class=\"rank-math-block\"> <div class=\"rank-math-list\"> <div id=\"faq-question-1749109529835\" class=\"rank-math-list-item\"> <h3 class=\"rank-math-question\">Je, inaweza kushughulikia vifaa vilivyoongezwa kama vile mipako ya ngozi?<\/h3> <div class=\"rank-math-answer\">  <p>Inasaidia tabaka za unene wa 20-200mm<\/p>  <\/div> <\/div> <div id=\"faq-question-1749109698218\" class=\"rank-math-list-item\"> <h3 class=\"rank-math-question\">Je, ukubwa wa kukata unaweza kubadilishwa?<\/h3> <div class=\"rank-math-answer\">  <p>Ndio. Tunatoa mipangilio iliyoboreshwa kutoka 5mm hadi 300 mm urefu wa pato.<\/p>  <\/div> <\/div> <div id=\"faq-question-1749109829710\" class=\"rank-math-list-item\"> <h3 class=\"rank-math-question\">Je, mashine ni salama kwa waendeshaji?<\/h3> <div class=\"rank-math-answer\">  <p>Ndio. Mashine ina vifuniko vya usalama, kusimamisha dharura, na sensorer za kinga.<\/p>  <\/div> <\/div> <div id=\"faq-question-1749110001487\" class=\"rank-math-list-item\"> <h3 class=\"rank-math-question\">Jinsi ya kutunza mashine ya kukata nyuzi?<\/h3> <div class=\"rank-math-answer\">  <p>Safisha vumbi la nyuzi mara kwa mara, punguza mafuta katika kuzaa, na angalia ukali wa blade kila masaa 300.<\/p>  <\/div> <\/div> <div id=\"faq-question-1749110074056\" class=\"rank-math-list-item\"> <h3 class=\"rank-math-question\">Je, mnapata usaidizi wa ufungaji au uendeshaji?<\/h3> <div class=\"rank-math-answer\">  <p>Ndio. Tunatoa ufungaji wa eneo, mwongozo wa kiufundi, usambazaji wa vipuri, na kadhalika.<\/p>  <\/div> <\/div> <\/div> <\/div>","protected":false},"excerpt":{"rendered":"<p>Our fabric waste cutting machine is ideal for recycling textile materials like cotton scraps, polyester fibers, old clothes, etc. With a capacity of 300\u20135000 kg\/h, it efficiently cuts waste for further fiber recycling. Thanks to its durable design and clean output, it\u2019s widely used in textile mills and fiber plants across Mexico, Morocco, Sri Lanka, [&hellip;]<\/p>\n","protected":false},"author":1,"featured_media":1710,"parent":0,"template":"","tags":[],"product-type":[77],"class_list":["post-1706","product","type-product","status-publish","has-post-thumbnail","hentry","product-type-fiber-recycling-machine"],"_links":{"self":[{"href":"https:\/\/www.plasticgranularmachine.com\/sw\/wp-json\/wp\/v2\/product\/1706","targetHints":{"allow":["GET"]}}],"collection":[{"href":"https:\/\/www.plasticgranularmachine.com\/sw\/wp-json\/wp\/v2\/product"}],"about":[{"href":"https:\/\/www.plasticgranularmachine.com\/sw\/wp-json\/wp\/v2\/types\/product"}],"author":[{"embeddable":true,"href":"https:\/\/www.plasticgranularmachine.com\/sw\/wp-json\/wp\/v2\/users\/1"}],"wp:featuredmedia":[{"embeddable":true,"href":"https:\/\/www.plasticgranularmachine.com\/sw\/wp-json\/wp\/v2\/media\/1710"}],"wp:attachment":[{"href":"https:\/\/www.plasticgranularmachine.com\/sw\/wp-json\/wp\/v2\/media?parent=1706"}],"wp:term":[{"taxonomy":"post_tag","embeddable":true,"href":"https:\/\/www.plasticgranularmachine.com\/sw\/wp-json\/wp\/v2\/tags?post=1706"},{"taxonomy":"product-type","embeddable":true,"href":"https:\/\/www.plasticgranularmachine.com\/sw\/wp-json\/wp\/v2\/product-type?post=1706"}],"curies":[{"name":"wp","href":"https:\/\/api.w.org\/{rel}","templated":true}]}}