{"id":1722,"date":"2025-06-16T14:20:26","date_gmt":"2025-06-16T06:20:26","guid":{"rendered":"https:\/\/www.plasticgranularmachine.com\/?post_type=product&#038;p=1722"},"modified":"2025-07-23T10:35:52","modified_gmt":"2025-07-23T02:35:52","slug":"hydraulic-metal-baler","status":"publish","type":"product","link":"https:\/\/www.plasticgranularmachine.com\/sw\/product\/hydraulic-metal-baler\/","title":{"rendered":"Prensa hidr\u00e1ulica de metal para reciclaje de chatarra eficiente"},"content":{"rendered":"<p>Letar du efter en effektiv l\u00f6sning f\u00f6r att komprimera ditt metallskrot och minska lagrings- och transportkostnaderna? V\u00e5r hydrauliska metallbalar \u00e4r ditt ideala val\u2014kraftfull, anpassningsbar och byggd f\u00f6r l\u00e5ng livsl\u00e4ngd.<\/p>   <div class=\"wp-block-image\"> <figure class=\"aligncenter size-full\"><img loading=\"lazy\" decoding=\"async\" width=\"720\" height=\"540\" src=\"https:\/\/www.plasticgranularmachine.com\/wp-content\/uploads\/2025\/06\/hydraulic-metal-baler.webp\" alt=\"&lt;a href=&quot;https:\/\/www.plasticgranularmachine.com&quot;&gt;Hem&lt;\/a&gt;&lt;span class=&quot;separator&quot;&gt; \u00bb &lt;\/span&gt;&lt;span class=&quot;last&quot;&gt;Produkt Typ&lt;\/span&gt;&lt;span class=&quot;separator&quot;&gt; \u00bb &lt;\/span&gt;&lt;span class=&quot;last&quot;&gt;Metall\u00e5tervinningsmaskin&lt;\/span&gt;\" class=\"wp-image-1725\" srcset=\"https:\/\/www.plasticgranularmachine.com\/wp-content\/uploads\/2025\/06\/hydraulic-metal-baler.webp 720w, https:\/\/www.plasticgranularmachine.com\/wp-content\/uploads\/2025\/06\/hydraulic-metal-baler-300x225.webp 300w, https:\/\/www.plasticgranularmachine.com\/wp-content\/uploads\/2025\/06\/hydraulic-metal-baler-16x12.webp 16w\" sizes=\"auto, (max-width: 720px) 100vw, 720px\" \/><figcaption class=\"wp-element-caption\"><a href=\"https:\/\/www.plasticgranularmachine.com\/sw\/\">Hem<\/a><span class=\"separator\"> \u00bb <\/span><span class=\"last\">Produkt Typ<\/span><span class=\"separator\"> \u00bb <\/span><span class=\"last\">Metall\u00e5tervinningsmaskin<\/span><\/figcaption><\/figure> <\/div>   <h2 class=\"wp-block-heading\">Vad \u00e4r en hydraulisk metallbalar?<\/h2>    <p>En hydraulisk metallbalar \u00e4r en specialiserad \u00e5tervinningsmaskin utformad f\u00f6r att komprimera olika metallskrot till kompakta, t\u00e4ta balar. Drivs av hydrauliskt tryck, s\u00e4kerst\u00e4ller denna utrustning h\u00f6g effektivitetsdrift i skrotomr\u00e5den, \u00e5tervinningscentraler, metallbearbetningsanl\u00e4ggningar och sm\u00e4ltningsindustrier.<\/p>    <figure class=\"wp-block-gallery has-nested-images columns-default is-cropped wp-block-gallery-2 is-layout-flex wp-block-gallery-is-layout-flex\"> <figure class=\"wp-block-image size-large\"><img loading=\"lazy\" decoding=\"async\" width=\"720\" height=\"540\" data-id=\"1726\" src=\"https:\/\/www.plasticgranularmachine.com\/wp-content\/uploads\/2025\/06\/hydraulic-scrap-baling-press-machine.webp\" alt=\"hydraulisk skrotbalar pressmaskin\" class=\"wp-image-1726\" srcset=\"https:\/\/www.plasticgranularmachine.com\/wp-content\/uploads\/2025\/06\/hydraulic-scrap-baling-press-machine.webp 720w, https:\/\/www.plasticgranularmachine.com\/wp-content\/uploads\/2025\/06\/hydraulic-scrap-baling-press-machine-300x225.webp 300w, https:\/\/www.plasticgranularmachine.com\/wp-content\/uploads\/2025\/06\/hydraulic-scrap-baling-press-machine-16x12.webp 16w\" sizes=\"auto, (max-width: 720px) 100vw, 720px\" \/><figcaption class=\"wp-element-caption\">hydraulisk skrotbalar pressmaskin<\/figcaption><\/figure>    <figure class=\"wp-block-image size-large\"><img loading=\"lazy\" decoding=\"async\" width=\"720\" height=\"540\" data-id=\"1727\" src=\"https:\/\/www.plasticgranularmachine.com\/wp-content\/uploads\/2025\/06\/Metal-blocks-baled-by-hydraulic-metal-baler.webp\" alt=\"Metallblock som balas av hydraulisk metallbalar\" class=\"wp-image-1727\" srcset=\"https:\/\/www.plasticgranularmachine.com\/wp-content\/uploads\/2025\/06\/Metal-blocks-baled-by-hydraulic-metal-baler.webp 720w, https:\/\/www.plasticgranularmachine.com\/wp-content\/uploads\/2025\/06\/Metal-blocks-baled-by-hydraulic-metal-baler-300x225.webp 300w, https:\/\/www.plasticgranularmachine.com\/wp-content\/uploads\/2025\/06\/Metal-blocks-baled-by-hydraulic-metal-baler-16x12.webp 16w\" sizes=\"auto, (max-width: 720px) 100vw, 720px\" \/><figcaption class=\"wp-element-caption\">Metallblock som balas av hydraulisk metallbalar<\/figcaption><\/figure> <\/figure>    <h2 class=\"wp-block-heading\">Inmatningsmaterial och f\u00e4rdiga bal-typer<\/h2>    <p>V\u00e5ra hydrauliska metallpressar kan hantera ett brett utbud av j\u00e4rn- och icke-j\u00e4rnmetaller, inklusive:<\/p>    <ul class=\"wp-block-list\"> <li>Skrotst\u00e5l och j\u00e4rn<\/li>    <li>Elf\u00f6rpackningar av aluminium och ark<\/li>    <li>Koppartr\u00e5dar och r\u00f6r<\/li>    <li>St\u00e5lsp\u00e5n och aluminumchips<\/li>    <li>Bilh\u00f6ljen, oljer\u00f6ret och demonterade apparater<\/li> <\/ul>    <figure class=\"wp-block-gallery has-nested-images columns-default is-cropped wp-block-gallery-3 is-layout-flex wp-block-gallery-is-layout-flex\"> <figure class=\"wp-block-image size-large\"><img loading=\"lazy\" decoding=\"async\" width=\"720\" height=\"540\" data-id=\"1730\" src=\"https:\/\/www.plasticgranularmachine.com\/wp-content\/uploads\/2025\/06\/Scrap-car-shells.webp\" alt=\"Skrotbilsh\u00f6ljen\" class=\"wp-image-1730\" srcset=\"https:\/\/www.plasticgranularmachine.com\/wp-content\/uploads\/2025\/06\/Scrap-car-shells.webp 720w, https:\/\/www.plasticgranularmachine.com\/wp-content\/uploads\/2025\/06\/Scrap-car-shells-300x225.webp 300w, https:\/\/www.plasticgranularmachine.com\/wp-content\/uploads\/2025\/06\/Scrap-car-shells-16x12.webp 16w\" sizes=\"auto, (max-width: 720px) 100vw, 720px\" \/><figcaption class=\"wp-element-caption\">Skrotbilsh\u00f6ljen<\/figcaption><\/figure>    <figure class=\"wp-block-image size-large\"><img loading=\"lazy\" decoding=\"async\" width=\"720\" height=\"540\" data-id=\"1731\" src=\"https:\/\/www.plasticgranularmachine.com\/wp-content\/uploads\/2025\/06\/scrap-copper-wire.webp\" alt=\"skrot koppartr\u00e5d\" class=\"wp-image-1731\" srcset=\"https:\/\/www.plasticgranularmachine.com\/wp-content\/uploads\/2025\/06\/scrap-copper-wire.webp 720w, https:\/\/www.plasticgranularmachine.com\/wp-content\/uploads\/2025\/06\/scrap-copper-wire-300x225.webp 300w, https:\/\/www.plasticgranularmachine.com\/wp-content\/uploads\/2025\/06\/scrap-copper-wire-16x12.webp 16w\" sizes=\"auto, (max-width: 720px) 100vw, 720px\" \/><figcaption class=\"wp-element-caption\">skrot koppartr\u00e5d<\/figcaption><\/figure>    <figure class=\"wp-block-image size-large\"><img loading=\"lazy\" decoding=\"async\" width=\"720\" height=\"540\" data-id=\"1729\" src=\"https:\/\/www.plasticgranularmachine.com\/wp-content\/uploads\/2025\/06\/Scrap-aluminum-cans.webp\" alt=\"Skrot aluminiumburkar\" class=\"wp-image-1729\" srcset=\"https:\/\/www.plasticgranularmachine.com\/wp-content\/uploads\/2025\/06\/Scrap-aluminum-cans.webp 720w, https:\/\/www.plasticgranularmachine.com\/wp-content\/uploads\/2025\/06\/Scrap-aluminum-cans-300x225.webp 300w, https:\/\/www.plasticgranularmachine.com\/wp-content\/uploads\/2025\/06\/Scrap-aluminum-cans-16x12.webp 16w\" sizes=\"auto, (max-width: 720px) 100vw, 720px\" \/><figcaption class=\"wp-element-caption\">Skrot aluminiumburkar<\/figcaption><\/figure> <\/figure>    <p>De f\u00e4rdiga balarna kan vara rektangul\u00e4ra, cylindriska eller till och med oktagonala, beroende p\u00e5 din ugns storlek eller lagringspreferenser.<\/p>    <h2 class=\"wp-block-heading\">Till\u00e4mpningar av v\u00e5r hydrauliska metallpress<\/h2>    <p>Denna utrustning anv\u00e4nds i stor utstr\u00e4ckning inom:<\/p>    <ul class=\"wp-block-list\"> <li>Skrotn\u00e5or- och metall\u00e5tervinningsanl\u00e4ggningar<\/li>    <li>Metallbearbetnings- och tillverkningsanl\u00e4ggningar<\/li>    <li>St\u00e5lverk och gjuterier<\/li>    <li>Automatiska demonteringsg\u00e5rdar<\/li>    <li>AvfallsSorteringscentraler<\/li> <\/ul>    <p>Genom att omvandla l\u00f6st skrot till h\u00f6gdensitetsbalar underl\u00e4ttas transport, minskar oxidationsf\u00f6rlusten under sm\u00e4ltning och f\u00f6rb\u00e4ttrar ugnsfodrings effektivitet.<\/p>   <div class=\"wp-block-image\"> <figure class=\"aligncenter size-large\"><img loading=\"lazy\" decoding=\"async\" width=\"720\" height=\"540\" src=\"https:\/\/www.plasticgranularmachine.com\/wp-content\/uploads\/2025\/06\/regular-metal-bales.webp\" alt=\"regelbundna metallbalor\" class=\"wp-image-1728\" srcset=\"https:\/\/www.plasticgranularmachine.com\/wp-content\/uploads\/2025\/06\/regular-metal-bales.webp 720w, https:\/\/www.plasticgranularmachine.com\/wp-content\/uploads\/2025\/06\/regular-metal-bales-300x225.webp 300w, https:\/\/www.plasticgranularmachine.com\/wp-content\/uploads\/2025\/06\/regular-metal-bales-16x12.webp 16w\" sizes=\"auto, (max-width: 720px) 100vw, 720px\" \/><figcaption class=\"wp-element-caption\">regelbundna metallbalor<\/figcaption><\/figure> <\/div>   <h2 class=\"wp-block-heading\">Nyckelfunktioner hos hydraulikpressmaskinen<\/h2>    <p>Shuliy hydrauliska metallbalarare \u00e4r utformade med anv\u00e4ndarv\u00e4nlighet och effektivitet i \u00e5tanke:<\/p>    <ul class=\"wp-block-list\"> <li><strong>: Uendeshaji wa umeme wa majimaji<\/strong>: Smooth, imara, na yenye ufanisi wa nishati.<\/li>    <li><strong>: Aina za udhibiti zinazobadilika<\/strong>: Chagua kati ya udhibiti wa mikono na automatisering ya PLC.<\/li>    <li><strong>Njia nyingi za kutoa bale<\/strong>: Kushinikiza upande, mbele, na kubadilisha bales kulingana na aina tofauti za nyenzo.<\/li>    <li><strong>Hakuna msingi unaohitajika<\/strong>: Rahisi usakinishaji, hata maeneo ya mbali. Matoleo yanayowaka dizeli pia yapo.<\/li>    <li><strong>: Muundo mdogo na imara<\/strong>: Imeundwa kwa ajili ya operesheni endelevu na matengenezo madogo.<\/li> <\/ul>    <p>Oavsett om du arbetar med l\u00e4ttviktiga aluminiumskrot eller tungt industriellt metallarbete har vi modeller som str\u00e4cker sig fr\u00e5n 125 till 400 ton f\u00f6r att m\u00f6ta din produktion.<\/p>    <figure class=\"wp-block-gallery has-nested-images columns-default is-cropped wp-block-gallery-4 is-layout-flex wp-block-gallery-is-layout-flex\"> <figure class=\"wp-block-image size-large\"><img loading=\"lazy\" decoding=\"async\" width=\"720\" height=\"540\" data-id=\"1724\" src=\"https:\/\/www.plasticgranularmachine.com\/wp-content\/uploads\/2025\/06\/details-of-the-metal-baling-machine.webp\" alt=\"detaljer om metallbalingmaskinen\" class=\"wp-image-1724\" srcset=\"https:\/\/www.plasticgranularmachine.com\/wp-content\/uploads\/2025\/06\/details-of-the-metal-baling-machine.webp 720w, https:\/\/www.plasticgranularmachine.com\/wp-content\/uploads\/2025\/06\/details-of-the-metal-baling-machine-300x225.webp 300w, https:\/\/www.plasticgranularmachine.com\/wp-content\/uploads\/2025\/06\/details-of-the-metal-baling-machine-16x12.webp 16w\" sizes=\"auto, (max-width: 720px) 100vw, 720px\" \/><figcaption class=\"wp-element-caption\">detaljer om metallbalingmaskinen<\/figcaption><\/figure>    <figure class=\"wp-block-image size-large\"><img loading=\"lazy\" decoding=\"async\" width=\"720\" height=\"540\" data-id=\"1723\" src=\"https:\/\/www.plasticgranularmachine.com\/wp-content\/uploads\/2025\/06\/auto-metal-baler.webp\" alt=\"automatisk metallbalar\" class=\"wp-image-1723\" srcset=\"https:\/\/www.plasticgranularmachine.com\/wp-content\/uploads\/2025\/06\/auto-metal-baler.webp 720w, https:\/\/www.plasticgranularmachine.com\/wp-content\/uploads\/2025\/06\/auto-metal-baler-300x225.webp 300w, https:\/\/www.plasticgranularmachine.com\/wp-content\/uploads\/2025\/06\/auto-metal-baler-16x12.webp 16w\" sizes=\"auto, (max-width: 720px) 100vw, 720px\" \/><figcaption class=\"wp-element-caption\">automatisk metallbalar<\/figcaption><\/figure> <\/figure>    <h2 class=\"wp-block-heading\">Parametrar f\u00f6r f\u00f6rs\u00e4ljningsbara skrotningsmaskin<\/h2>    <figure style=\"font-size:17px\" class=\"wp-block-table\"><table><tbody><tr><td>Mfano<\/td><td>Y81- 125<\/td><td>Y81- 135<\/td><td>Y81- 160<\/td><td>Y81- 200<\/td><td>Y81- 250<\/td><td>Y81- 315<\/td><td>Y81- 400<\/td><\/tr><tr><td>Hydrauliskt tryck<\/td><td>125 T<\/td><td>135 T<\/td><td>160 T<\/td><td>200 T<\/td><td>250 T<\/td><td>315 T<\/td><td>400 T<\/td><\/tr><tr><td>Bale Storlek<\/td><td>30*30 cm<\/td><td>30*30 cm<\/td><td>35*35\/40*40 cm<\/td><td>45*45 cm<\/td><td>50*50 cm<\/td><td>50*50\/60*60 cm<\/td><td>60*60 cm<\/td><\/tr><tr><td>Bale Vikt<\/td><td>30-50 kg<\/td><td>30-50 kg<\/td><td>50-180 kg<\/td><td>100-200 kg<\/td><td>200-800 kg<\/td><td>700-1500 kg<\/td><td>1000-1500 kg<\/td><\/tr><tr><td>Cykeltid<\/td><td>100 s<\/td><td>110 s<\/td><td>110-130 s<\/td><td>140 s<\/td><td>150-160 s<\/td><td>170-200 s<\/td><td>180 s<\/td><\/tr><tr><td>Motorstyrka<\/td><td>15 KW<\/td><td>18.5 KW<\/td><td>18.5\/ 22 KW<\/td><td>22 KW<\/td><td>44 KW<\/td><td>60 kW<\/td><td>90 KW<\/td><\/tr><tr><td>Silo Volym<\/td><td>300 L<\/td><td>300 L<\/td><td>300\/600 L<\/td><td>600 L<\/td><td>800-1000 L<\/td><td>1000-1500 L<\/td><td>1500 L<\/td><\/tr><\/tbody><\/table><\/figure>    <h2 class=\"wp-block-heading\">Hur fungerar metallskrotbalarmaskinen?<\/h2>    <p>Den hydrauliska metallbalaren fungerar genom en serie hydraulcylindrar:<\/p>    <ol class=\"wp-block-list\"> <li><strong>Kula<\/strong>: Takataka za chuma huingizwa kwenye chumba cha shinikizo kwa mkono au kupitia conveyor.<\/li>    <li><strong>: Shinikizo<\/strong>: Mfumo wa majimaji huwashwa na kusukuma nyenzo kwa kutumia silinda za shinikizo la juu.<\/li>    <li><strong>Kutoa<\/strong>: Mara bale inapotengenezwa, huachwa kwa kutumia njia iliyochaguliwa\u2014kugonga, mbele, au kushinikiza upande.<\/li> <\/ol>    <p>Balarens intelligenta styrsystem s\u00e4kerst\u00e4ller konsekventa balestorlekar och h\u00f6ga genomstr\u00f6mningshastigheter, vilket sparar b\u00e5de tid och arbetskraft.<\/p>   <div class=\"wp-block-image\"> <figure class=\"aligncenter size-full\"><img loading=\"lazy\" decoding=\"async\" width=\"720\" height=\"540\" src=\"https:\/\/www.plasticgranularmachine.com\/wp-content\/uploads\/2025\/06\/metal-recycling-baler.webp\" alt=\"metall\u00e5tervinningsbalar\" class=\"wp-image-1733\" srcset=\"https:\/\/www.plasticgranularmachine.com\/wp-content\/uploads\/2025\/06\/metal-recycling-baler.webp 720w, https:\/\/www.plasticgranularmachine.com\/wp-content\/uploads\/2025\/06\/metal-recycling-baler-300x225.webp 300w, https:\/\/www.plasticgranularmachine.com\/wp-content\/uploads\/2025\/06\/metal-recycling-baler-16x12.webp 16w\" sizes=\"auto, (max-width: 720px) 100vw, 720px\" \/><figcaption class=\"wp-element-caption\">metall\u00e5tervinningsbalar<\/figcaption><\/figure> <\/div>   <h2 class=\"wp-block-heading\">Anpassad skrot metallbalar till f\u00f6rs\u00e4ljning<\/h2>    <p class=\"translation-block\">Redo att optimera din metall\u00e5tervinningsprocess? Kontakta oss nu f\u00f6r en skr\u00e4ddarsydd hydraulisk metallbalarl\u00f6sning! Dessutom, f\u00f6rutom metallbaling, erbjuder vi \u00e4ven <a href=\"https:\/\/www.plasticgranularmachine.com\/sw\/product\/hydraulic-plastic-baling-machine\/\" data-type=\"link\" data-id=\"https:\/\/www.plasticgranularmachine.com\/product\/hydraulic-plastic-baling-machine\/\">plastbalingpressar<\/a> f\u00f6r \u00e5tervinning.<\/p>","protected":false},"excerpt":{"rendered":"<p>Looking for an efficient solution to compress your metal scrap and reduce storage and transport costs? Our hydraulic metal baler is your ideal choice\u2014powerful, customizable, and built to last. What Is a Hydraulic Metal Baler? A hydraulic metal baler is a specialized recycling machine designed to compress various metal scraps into compact, dense bales. Powered [&hellip;]<\/p>\n","protected":false},"author":1,"featured_media":1725,"parent":0,"template":"","tags":[],"product-type":[78],"class_list":["post-1722","product","type-product","status-publish","has-post-thumbnail","hentry","product-type-metal-recycling-machine"],"_links":{"self":[{"href":"https:\/\/www.plasticgranularmachine.com\/sw\/wp-json\/wp\/v2\/product\/1722","targetHints":{"allow":["GET"]}}],"collection":[{"href":"https:\/\/www.plasticgranularmachine.com\/sw\/wp-json\/wp\/v2\/product"}],"about":[{"href":"https:\/\/www.plasticgranularmachine.com\/sw\/wp-json\/wp\/v2\/types\/product"}],"author":[{"embeddable":true,"href":"https:\/\/www.plasticgranularmachine.com\/sw\/wp-json\/wp\/v2\/users\/1"}],"wp:featuredmedia":[{"embeddable":true,"href":"https:\/\/www.plasticgranularmachine.com\/sw\/wp-json\/wp\/v2\/media\/1725"}],"wp:attachment":[{"href":"https:\/\/www.plasticgranularmachine.com\/sw\/wp-json\/wp\/v2\/media?parent=1722"}],"wp:term":[{"taxonomy":"post_tag","embeddable":true,"href":"https:\/\/www.plasticgranularmachine.com\/sw\/wp-json\/wp\/v2\/tags?post=1722"},{"taxonomy":"product-type","embeddable":true,"href":"https:\/\/www.plasticgranularmachine.com\/sw\/wp-json\/wp\/v2\/product-type?post=1722"}],"curies":[{"name":"wp","href":"https:\/\/api.w.org\/{rel}","templated":true}]}}