{"id":1746,"date":"2025-06-23T14:37:32","date_gmt":"2025-06-23T06:37:32","guid":{"rendered":"https:\/\/www.plasticgranularmachine.com\/?post_type=product&#038;p=1746"},"modified":"2025-07-22T14:36:07","modified_gmt":"2025-07-22T06:36:07","slug":"tire-grinder-and-magnetic-separator","status":"publish","type":"product","link":"https:\/\/www.plasticgranularmachine.com\/sw\/product\/tire-grinder-and-magnetic-separator\/","title":{"rendered":"Gummipallsmaskin Och Magnetseparators| Gummipulver tillverkas"},"content":{"rendered":"<p>Kinu chetu cha matairi na kutenganisha kwa sumaku kinabadilisha kwa ufanisi vipande vya matairi vya 30-100mm kuwa poda ya goma ya 5-40 mesh huku ikitenganisha nyuzi za chuma kiotomatiki, ikiongeza usafi na uwezo wa faida. Kwa matumizi ya nishati kupunguzwa kwa 1\/3\u200b\u200b na mifano inayopatikana kutoka 80kg\/h hadi 2300kg\/h, tunatoa ROI inayoongoza katika tasnia kwa wasindikaji wa kimataifa.<\/p>    <figure class=\"wp-block-gallery has-nested-images columns-default is-cropped wp-block-gallery-2 is-layout-flex wp-block-gallery-is-layout-flex\"> <figure class=\"wp-block-image size-large\"><img loading=\"lazy\" decoding=\"async\" width=\"720\" height=\"540\" data-id=\"1753\" src=\"https:\/\/www.plasticgranularmachine.com\/wp-content\/uploads\/2025\/06\/tire-grinding-screening-system-in-the-factory.webp\" alt=\"mfumo wa kuchuja matairi katika kiwanda\" class=\"wp-image-1753\" srcset=\"https:\/\/www.plasticgranularmachine.com\/wp-content\/uploads\/2025\/06\/tire-grinding-screening-system-in-the-factory.webp 720w, https:\/\/www.plasticgranularmachine.com\/wp-content\/uploads\/2025\/06\/tire-grinding-screening-system-in-the-factory-300x225.webp 300w, https:\/\/www.plasticgranularmachine.com\/wp-content\/uploads\/2025\/06\/tire-grinding-screening-system-in-the-factory-16x12.webp 16w\" sizes=\"auto, (max-width: 720px) 100vw, 720px\" \/><figcaption class=\"wp-element-caption\">mfumo wa kuchuja matairi katika kiwanda<\/figcaption><\/figure>    <figure class=\"wp-block-image size-large\"><img loading=\"lazy\" decoding=\"async\" width=\"720\" height=\"540\" data-id=\"1747\" src=\"https:\/\/www.plasticgranularmachine.com\/wp-content\/uploads\/2025\/06\/fine-rubber-powder.webp\" alt=\"poda ya goma ya fine\" class=\"wp-image-1747\" srcset=\"https:\/\/www.plasticgranularmachine.com\/wp-content\/uploads\/2025\/06\/fine-rubber-powder.webp 720w, https:\/\/www.plasticgranularmachine.com\/wp-content\/uploads\/2025\/06\/fine-rubber-powder-300x225.webp 300w, https:\/\/www.plasticgranularmachine.com\/wp-content\/uploads\/2025\/06\/fine-rubber-powder-16x12.webp 16w\" sizes=\"auto, (max-width: 720px) 100vw, 720px\" \/><figcaption class=\"wp-element-caption\">poda ya goma ya fine<\/figcaption><\/figure> <\/figure>    <h2 class=\"wp-block-heading\">Malighafi &amp; Matokeo ya Juu\u200b ya Mfumo wa Kinu cha Matairi<\/h2>    <p class=\"translation-block\">Kinu chetu cha matairi na kutenganisha kwa sumaku kimeandaliwa kwa umakini kwa ajili ya kuunganishwa bila mshono katika <a href=\"https:\/\/www.plasticgranularmachine.com\/sw\/product\/tire-recycling-production-line\/\" data-type=\"link\" data-id=\"https:\/\/www.plasticgranularmachine.com\/product\/tire-recycling-production-line\/\">michakato ya urejeleaji ya nusu-otomati<\/a> na <a href=\"https:\/\/www.plasticgranularmachine.com\/sw\/product\/rubber-recycling-plant\/\" data-type=\"link\" data-id=\"https:\/\/www.plasticgranularmachine.com\/product\/rubber-recycling-plant\/\">michakato ya urejeleaji wa matairi taka ya kiotomatiki<\/a>. Urahisi huu unaruhusu usindikaji wa ufanisi wa aina mbalimbali za matairi, ikiwa ni pamoja na matairi ya kawaida (&lt;1200mm kwa kipenyo) na matairi makubwa ya Off-the-Road (OTR). Ndani ya usanidi wa mstari wa urejeleaji wa matairi, mfumo unashughulikia ingizo na matokeo yafuatayo:<\/p>    <ul class=\"wp-block-list\"> <li>\u200b<strong>\u200bIngizo:\u200b<\/strong>\u200b Gari\/zilizovunjwa (vipande vya 30-100mm).<\/li>    <li>\u200b<strong>\u200bMatokeo:\u200b<\/strong>\u200b <ul class=\"wp-block-list\"> <li>5-40 mesh (0.63mm\u20132.5mm) poda ya goma ya fine<\/li>    <li>Nyuzinyuzi za chuma safi (zilizorejelewa kupitia kutenganisha kwa sumaku)<\/li> <\/ul> <\/li> <\/ul>    <p>Hakuna lazima ya kuainisha kwa mikono - matokeo safi katika kupita moja.<\/p>    <figure class=\"wp-block-gallery has-nested-images columns-default is-cropped wp-block-gallery-3 is-layout-flex wp-block-gallery-is-layout-flex\"> <figure class=\"wp-block-image size-large\"><img loading=\"lazy\" decoding=\"async\" width=\"720\" height=\"540\" data-id=\"1755\" src=\"https:\/\/www.plasticgranularmachine.com\/wp-content\/uploads\/2025\/06\/tire-powder-for-new-rubber-products-manufacturing.webp\" alt=\"poda ya matairi kwa utengenezaji wa bidhaa mpya za goma\" class=\"wp-image-1755\" srcset=\"https:\/\/www.plasticgranularmachine.com\/wp-content\/uploads\/2025\/06\/tire-powder-for-new-rubber-products-manufacturing.webp 720w, https:\/\/www.plasticgranularmachine.com\/wp-content\/uploads\/2025\/06\/tire-powder-for-new-rubber-products-manufacturing-300x225.webp 300w, https:\/\/www.plasticgranularmachine.com\/wp-content\/uploads\/2025\/06\/tire-powder-for-new-rubber-products-manufacturing-16x12.webp 16w\" sizes=\"auto, (max-width: 720px) 100vw, 720px\" \/><figcaption class=\"wp-element-caption\">poda ya matairi kwa utengenezaji wa bidhaa mpya za goma<\/figcaption><\/figure>    <figure class=\"wp-block-image size-large\"><img loading=\"lazy\" decoding=\"async\" width=\"720\" height=\"540\" data-id=\"1748\" src=\"https:\/\/www.plasticgranularmachine.com\/wp-content\/uploads\/2025\/06\/fine-steel-wires.webp\" alt=\"nyuzi za chuma za fine\" class=\"wp-image-1748\" srcset=\"https:\/\/www.plasticgranularmachine.com\/wp-content\/uploads\/2025\/06\/fine-steel-wires.webp 720w, https:\/\/www.plasticgranularmachine.com\/wp-content\/uploads\/2025\/06\/fine-steel-wires-300x225.webp 300w, https:\/\/www.plasticgranularmachine.com\/wp-content\/uploads\/2025\/06\/fine-steel-wires-16x12.webp 16w\" sizes=\"auto, (max-width: 720px) 100vw, 720px\" \/><figcaption class=\"wp-element-caption\">nyuzi za chuma za fine<\/figcaption><\/figure> <\/figure>    <h2 class=\"wp-block-heading\">Kwa Nini Mashine zetu za Poda ya Goma Zinapendwa Sokoni?<\/h2>    <ul class=\"wp-block-list\"> <li><strong>Muundo wa Ufanisi wa Jumuishi<\/strong>: Inachanganya kuvunjika, kuchuja, na utenganishaji wa sumaku katika mfumo mmoja mdogo ili kuhakikisha usindikaji wa haraka na wa ufanisi.<\/li>    <li><strong>Ukubwa wa Gundi unaoweza kurekebishwa<\/strong>: Gundi ya gundi inachukuliwa kwa uhuru kati ya <strong>Mesh 5 na 40<\/strong>, inafaa kwa matumizi mbalimbali kama vile bidhaa za gundi zilizorejea, sakafu za michezo, na mats.<\/li>    <li><strong>Msururu Mpana wa Uwezo<\/strong>: Uwezo wa uzalishaji kutoka kwa <strong>80 kg\/h hadi 2300 kg\/h<\/strong>, kufanya iwe bora kwa warsha ndogo, vituo vya kati, na viwanda vikubwa vya urejeshaji wa taka.<\/li>    <li><strong>Uondoaji wa Chuma kwa Ufanisi<\/strong>: Imewekwa na <strong>ngoma yenye sumaku imara iliyojengwa ndani<\/strong>, ambayo inatoa waya wa chuma nyembamba kwa ufanisi kutoka kwa gundi ya gundi.<\/li>    <li><strong>Matokeo ya Ustahimilivu wa Juu<\/strong>: Gundi ya mwisho inafikia <strong>usafi wa angalau 99%<\/strong>, kuhakikisha ubora wa juu kwa matumizi ya baadae.<\/li> <\/ul>    <h2 class=\"wp-block-heading\">Maalum ya Kiufundi\u200b ya Mstari wetu wa Kinu cha Matairi ya Goma<\/h2>    <figure class=\"wp-block-table\"><table><thead><tr><th>\u200b<strong>\u200bSaizi ya Matokeo\u200b<\/strong>\u200b<\/th><th>\u200b<strong>\u200bSL-350 Kinu cha Matairi\u200b<\/strong>\u200b<\/th><th>\u200b<strong>\u200bSL-400 Greda la Goma\u200b<\/strong>\u200b<\/th><th>\u200b<strong>\u200bSL-450 Kinu cha Matairi\u200b<\/strong>\u200b<\/th><th>\u200b<strong>\u200bSL-560 Mfumo wa Kutenganisha wa Sumaku\u200b<\/strong>\u200b<\/th><th>\u200b<strong>\u200bSL-560D Kinu cha Viwandani\u200b<\/strong>\u200b<\/th><th>\u200b<strong>\u200bSL-660 Kinu cha Uwezo Mkubwa<\/strong>\u200b<\/th><\/tr><\/thead><tbody><tr><td>\u200b<strong>\u200b10 Mesh (2.5mm)\u200b<\/strong>\u200b<\/td><td>250-300 kg\/h<\/td><td>400-500 kg\/h<\/td><td>500-600 kg\/h<\/td><td>900-1000 kg\/h<\/td><td>\u200b\u200b1500-1600 kg\/h\u200b\u200b<\/td><td>2100-2300 kg\/h<\/td><\/tr><tr><td>\u200b<strong>\u200b20 Mesh (1.25mm)\u200b<\/strong>\u200b<\/td><td>180-230 kg\/h<\/td><td>300-350 kg\/h<\/td><td>400-500 kg\/h<\/td><td>600-700 kg\/h<\/td><td>\u200b\u200b1200-1300 kg\/h\u200b\u200b<\/td><td>1600-1700 kg\/h<\/td><\/tr><tr><td>\u200b<strong>\u200b30 Mesh (0.83mm)\u200b<\/strong>\u200b<\/td><td>150-210 kg\/h<\/td><td>240-280 kg\/h<\/td><td>350-450 kg\/h<\/td><td>450-550 kg\/h<\/td><td>\u200b\u200b1000-1100 kg\/h\u200b\u200b<\/td><td>1200-1300 kg\/h<\/td><\/tr><tr><td>\u200b<strong>\u200b40 Mesh (0.63mm)\u200b<\/strong>\u200b<\/td><td>80-120 kg\/h<\/td><td>150-175 kg\/h<\/td><td>200-250 kg\/h<\/td><td>300-350 kg\/h<\/td><td>\u200b\u200b800-900 kg\/h\u200b\u200b<\/td><td>900-1000 kg\/h<\/td><\/tr><tr><td>\u200b<strong>\u200bUrejeleaji wa Nyuzinyuzi za Chuma\u200b<\/strong>\u200b<\/td><td>\u2705 Kutenganisha kwa Sumaku iliyounganishwa<\/td><td>\u2705 Kuondolewa kwa Auto<\/td><td>\u2705 Kuondolewa kwa Endelevu<\/td><td>\u2705 Uondoaji wa Nguvu ya Juu<\/td><td>\u2705 Kutenganisha kwa Hatua Mbili<\/td><td>\u2705 Urejeleaji wa Mzito<\/td><\/tr><tr><td>\u200b<strong>\u200bUboreshaji wa Nguvu\u200b<\/strong>\u200b<\/td><td>220V\/380V\/415V<\/td><td>Msaada wa Voltage wa Kimataifa<\/td><td><\/td><\/tr><\/tbody><\/table><\/figure>    <ul class=\"wp-block-list\"> <li><strong>Sehemu ya Sumaku Iliyojengwa Ndani\u200b<\/strong>\u200b: Inaondoa waya wa chuma kwa ufanisi wa 99% wakati wa mchakato wa kusaga. <\/li>    <li><strong>Okoa Nguvu\u200b<\/strong>\u200b: Matumizi ya chini ya 30% ikilinganishwa na mashine za jadi<\/li>    <li><strong>Udhamini wa Rollers\u200b<\/strong>\u200b: dhamana ya miaka 3 kwa vichanja vya alloy ya 5Cr6MnMo<\/li>    <li><strong>Msururu wa Matokeo\u200b<\/strong>\u200b: Mesh 5-40 (Skrini zinazoweza kubadilishwa zinapatikana)<\/li> <\/ul>    <h2 class=\"wp-block-heading\">Jinsi Kinu cha Matairi na Kutenganisha kwa Sumaku Kifanyavyo Kazi?<\/h2>    <ol class=\"wp-block-list\"> <li>\u200b<strong>\u200bKuvunjika Kuu:\u200b<\/strong>\u200b Baada ya <a href=\"https:\/\/www.plasticgranularmachine.com\/sw\/product\/tire-shredder-machine-for-sale\/\" data-type=\"link\" data-id=\"https:\/\/www.plasticgranularmachine.com\/product\/tire-shredder-machine-for-sale\/\">kupasua<\/a>, vipande vya gundi huingizwa kwenye vichanja vya mviringo.<\/li>    <li>\u200b<strong>\u200bUundaji wa poda:\u200b<\/strong>\u200bHatua za kusaga zinazoweza kurekebishwa hurekebisha chembe.<\/li>    <li>\u200b<strong>\u200bUtenganishaji:\u200b<\/strong>\u200bVichanja vya sumaku vinatoa waya wa chuma.<\/li>    <li>\u200b<strong>\u200bKuchuja:\u200b<\/strong>\u200bVichujio vya Vibration vinahesabu poda (10-40 mesh).<\/li> <\/ol>   <div class=\"wp-block-image\"> <figure class=\"aligncenter size-full\"><img loading=\"lazy\" decoding=\"async\" width=\"720\" height=\"540\" src=\"https:\/\/www.plasticgranularmachine.com\/wp-content\/uploads\/2025\/06\/structure-of-the-tire-grinder-and-magnetic-separators.webp\" alt=\"muundo wa kinu cha matairi na kutenganisha kwa sumaku\" class=\"wp-image-1751\" srcset=\"https:\/\/www.plasticgranularmachine.com\/wp-content\/uploads\/2025\/06\/structure-of-the-tire-grinder-and-magnetic-separators.webp 720w, https:\/\/www.plasticgranularmachine.com\/wp-content\/uploads\/2025\/06\/structure-of-the-tire-grinder-and-magnetic-separators-300x225.webp 300w, https:\/\/www.plasticgranularmachine.com\/wp-content\/uploads\/2025\/06\/structure-of-the-tire-grinder-and-magnetic-separators-16x12.webp 16w\" sizes=\"auto, (max-width: 720px) 100vw, 720px\" \/><figcaption class=\"wp-element-caption\">muundo wa kinu cha matairi na kutenganisha kwa sumaku<\/figcaption><\/figure> <\/div>   <p>Mambo Muhimu ya Teknolojia:<\/p>    <ul class=\"wp-block-list\"> <li>Rollers zenye grooves mbili (Kiwango cha kasi 1:2.5)<\/li>    <li>Vikundi 8 vya kuzunguka kwa utulivu<\/li>    <li>5Cr6MnMo rollers za aloi (dhamana ya mwaka 3)<\/li>    <li>Mifuniko ya ulinzi kamili &amp; mfumo wa lubrication<\/li> <\/ul>    <h2 class=\"wp-block-heading\">Matumizi ya Mstari wa Kusaga Matairi<\/h2>    <p>Kinu chetu cha matairi kinauzwa kinaweza kutumika kwa wingi kwa:<\/p>    <ul class=\"wp-block-list\"> <li>kituo cha urejeleaji wa nyuzi za chuma<\/li>    <li>mifumo ya urejeleaji wa goma<\/li>    <li>sakata za michezo na sakafu za uwanja<\/li>    <li>asphalt iliyobadilishwa na goma<\/li>    <li>mifuko ya viwandani ya goma\/molding<\/li> <\/ul>    <figure class=\"wp-block-gallery has-nested-images columns-default is-cropped wp-block-gallery-4 is-layout-flex wp-block-gallery-is-layout-flex\"> <figure class=\"wp-block-image size-large\"><img loading=\"lazy\" decoding=\"async\" width=\"720\" height=\"540\" data-id=\"1750\" src=\"https:\/\/www.plasticgranularmachine.com\/wp-content\/uploads\/2025\/06\/rubber-runway.webp\" alt=\"barabara ya goma\" class=\"wp-image-1750\" srcset=\"https:\/\/www.plasticgranularmachine.com\/wp-content\/uploads\/2025\/06\/rubber-runway.webp 720w, https:\/\/www.plasticgranularmachine.com\/wp-content\/uploads\/2025\/06\/rubber-runway-300x225.webp 300w, https:\/\/www.plasticgranularmachine.com\/wp-content\/uploads\/2025\/06\/rubber-runway-16x12.webp 16w\" sizes=\"auto, (max-width: 720px) 100vw, 720px\" \/><figcaption class=\"wp-element-caption\">barabara ya goma<\/figcaption><\/figure>    <figure class=\"wp-block-image size-large\"><img loading=\"lazy\" decoding=\"async\" width=\"720\" height=\"540\" data-id=\"1749\" src=\"https:\/\/www.plasticgranularmachine.com\/wp-content\/uploads\/2025\/06\/Modified-asphalt.webp\" alt=\"asphalt iliyobadilishwa\" class=\"wp-image-1749\" srcset=\"https:\/\/www.plasticgranularmachine.com\/wp-content\/uploads\/2025\/06\/Modified-asphalt.webp 720w, https:\/\/www.plasticgranularmachine.com\/wp-content\/uploads\/2025\/06\/Modified-asphalt-300x225.webp 300w, https:\/\/www.plasticgranularmachine.com\/wp-content\/uploads\/2025\/06\/Modified-asphalt-16x12.webp 16w\" sizes=\"auto, (max-width: 720px) 100vw, 720px\" \/><figcaption class=\"wp-element-caption\">asphalt iliyobadilishwa<\/figcaption><\/figure> <\/figure>    <h2 class=\"wp-block-heading\">Kwa Nini Uchague Kinu chetu cha Matairi?\u200b\u200b<\/h2>    <ul class=\"wp-block-list\"> <li>Dhamana ya mwaka mmoja bure.<\/li>    <li>urekebishaji wa voltage (220V\/380V\/415V)<\/li>    <li>30% matumizi ya nishati ya chini dhidi ya washindani<\/li>    <li>Utengenezaji wa CE, ISO umeidhinishwa<\/li>    <li>Huduma ya ufungaji kwenye tovuti na mwongozo wa kiufundi vinapatikana.<\/li> <\/ul>    <p>Hvis du leter etter en god l\u00f8sning for \u00e5 forbedre din dekkgjenvinningsvirksomhet, ikke n\u00f8l med \u00e5 kontakte oss. Vi vil anbefale den mest passende avfallsdekk gjenvinningsmetode for deg!<\/p>   <div class=\"wp-block-image\"> <figure class=\"aligncenter size-full\"><img loading=\"lazy\" decoding=\"async\" width=\"720\" height=\"540\" src=\"https:\/\/www.plasticgranularmachine.com\/wp-content\/uploads\/2025\/06\/tire-mill-and-megnetic-separators.webp\" alt=\"kinu cha matairi na kutenganisha kwa sumaku\" class=\"wp-image-1754\" srcset=\"https:\/\/www.plasticgranularmachine.com\/wp-content\/uploads\/2025\/06\/tire-mill-and-megnetic-separators.webp 720w, https:\/\/www.plasticgranularmachine.com\/wp-content\/uploads\/2025\/06\/tire-mill-and-megnetic-separators-300x225.webp 300w, https:\/\/www.plasticgranularmachine.com\/wp-content\/uploads\/2025\/06\/tire-mill-and-megnetic-separators-16x12.webp 16w\" sizes=\"auto, (max-width: 720px) 100vw, 720px\" \/><figcaption class=\"wp-element-caption\">kinu cha matairi na kutenganisha kwa sumaku<\/figcaption><\/figure> <\/div>","protected":false},"excerpt":{"rendered":"<p>Our tire grinder and magnetic separators efficiently convert 30-100mm tire chunks to 5-40 mesh rubber powder while \u200b\u200bautomatically separating steel wires, maximizing purity and profit potential. With \u200b\u200benergy consumption reduced by 1\/3\u200b\u200b and models scaling from 80kg\/h to 2300kg\/h, we deliver industry-leading ROI for global recyclers. Raw Material &amp; Premium Output\u200b of the Tire Grinder [&hellip;]<\/p>\n","protected":false},"author":1,"featured_media":1752,"parent":0,"template":"","tags":[],"product-type":[75],"class_list":["post-1746","product","type-product","status-publish","has-post-thumbnail","hentry","product-type-tire-recycling-facility"],"_links":{"self":[{"href":"https:\/\/www.plasticgranularmachine.com\/sw\/wp-json\/wp\/v2\/product\/1746","targetHints":{"allow":["GET"]}}],"collection":[{"href":"https:\/\/www.plasticgranularmachine.com\/sw\/wp-json\/wp\/v2\/product"}],"about":[{"href":"https:\/\/www.plasticgranularmachine.com\/sw\/wp-json\/wp\/v2\/types\/product"}],"author":[{"embeddable":true,"href":"https:\/\/www.plasticgranularmachine.com\/sw\/wp-json\/wp\/v2\/users\/1"}],"wp:featuredmedia":[{"embeddable":true,"href":"https:\/\/www.plasticgranularmachine.com\/sw\/wp-json\/wp\/v2\/media\/1752"}],"wp:attachment":[{"href":"https:\/\/www.plasticgranularmachine.com\/sw\/wp-json\/wp\/v2\/media?parent=1746"}],"wp:term":[{"taxonomy":"post_tag","embeddable":true,"href":"https:\/\/www.plasticgranularmachine.com\/sw\/wp-json\/wp\/v2\/tags?post=1746"},{"taxonomy":"product-type","embeddable":true,"href":"https:\/\/www.plasticgranularmachine.com\/sw\/wp-json\/wp\/v2\/product-type?post=1746"}],"curies":[{"name":"wp","href":"https:\/\/api.w.org\/{rel}","templated":true}]}}