{"id":1801,"date":"2025-07-14T14:54:22","date_gmt":"2025-07-14T06:54:22","guid":{"rendered":"https:\/\/www.plasticgranularmachine.com\/?post_type=product&#038;p=1801"},"modified":"2025-07-14T14:54:22","modified_gmt":"2025-07-14T06:54:22","slug":"egg-tray-making-machine","status":"publish","type":"product","link":"https:\/\/www.plasticgranularmachine.com\/sw\/product\/egg-tray-making-machine\/","title":{"rendered":"Pappers\u00e4ggbr\u00e4du tillverkningsmaskin"},"content":{"rendered":"<p class=\"translation-block\">Stabila, biologiskt nedbrytbara och kostnadseffektiva papper\u00e4ggbrickor har blivit det f\u00f6redragna valet f\u00f6r tillverkare och konsumenter v\u00e4rlden \u00f6ver. F\u00f6r att m\u00f6ta olika produktionsbehov erbjuder vi \u00e4ggbricksmaskiner med kapaciteter fr\u00e5n <strong>1 000 till 7 000 st\/h<\/strong>, anpassningsbara i <strong>f\u00e4rg, form, h\u00e5lutformning<\/strong> och mer\u2014idealiskt f\u00f6r \u00e4ggbrickor, fruktbrickor, skost\u00f6d, elektronikkapsling och s\u00e5 vidare.<\/p>   <div class=\"wp-block-image\"> <figure class=\"aligncenter size-full\"><img loading=\"lazy\" decoding=\"async\" width=\"720\" height=\"540\" src=\"https:\/\/www.plasticgranularmachine.com\/wp-content\/uploads\/2025\/07\/pulp-egg-tray-making-machine.webp\" alt=\"masa pembuat baki telur pulp\" class=\"wp-image-1810\" srcset=\"https:\/\/www.plasticgranularmachine.com\/wp-content\/uploads\/2025\/07\/pulp-egg-tray-making-machine.webp 720w, https:\/\/www.plasticgranularmachine.com\/wp-content\/uploads\/2025\/07\/pulp-egg-tray-making-machine-300x225.webp 300w, https:\/\/www.plasticgranularmachine.com\/wp-content\/uploads\/2025\/07\/pulp-egg-tray-making-machine-16x12.webp 16w\" sizes=\"auto, (max-width: 720px) 100vw, 720px\" \/><figcaption class=\"wp-element-caption\">masa pembuat baki telur pulp<\/figcaption><\/figure> <\/div>   <h2 class=\"wp-block-heading\">Ans\u00f6kan: R\u00e5material &amp; Slutprodukter<\/h2>    <p class=\"translation-block\">\u00c4ggbricksmaskinen anv\u00e4nder &lt;strong_pulpa<\/strong> som r\u00e5material, som produceras av en <strong>massamassa-maskin<\/strong> fr\u00e5n olika typer av returpapper\u2014s\u00e5som <strong>gamla tidningar, kartong, bokpapper, wellpapper och kontorsavfall<\/strong>.<\/p>    <figure class=\"wp-block-gallery has-nested-images columns-default is-cropped wp-block-gallery-2 is-layout-flex wp-block-gallery-is-layout-flex\"> <figure class=\"wp-block-image size-large\"><img loading=\"lazy\" decoding=\"async\" width=\"720\" height=\"540\" data-id=\"1811\" src=\"https:\/\/www.plasticgranularmachine.com\/wp-content\/uploads\/2025\/07\/waste-newspaper.webp\" alt=\"returpapper\" class=\"wp-image-1811\" srcset=\"https:\/\/www.plasticgranularmachine.com\/wp-content\/uploads\/2025\/07\/waste-newspaper.webp 720w, https:\/\/www.plasticgranularmachine.com\/wp-content\/uploads\/2025\/07\/waste-newspaper-300x225.webp 300w, https:\/\/www.plasticgranularmachine.com\/wp-content\/uploads\/2025\/07\/waste-newspaper-16x12.webp 16w\" sizes=\"auto, (max-width: 720px) 100vw, 720px\" \/><figcaption class=\"wp-element-caption\">returpapper<\/figcaption><\/figure>    <figure class=\"wp-block-image size-large\"><img loading=\"lazy\" decoding=\"async\" width=\"720\" height=\"540\" data-id=\"1812\" src=\"https:\/\/www.plasticgranularmachine.com\/wp-content\/uploads\/2025\/07\/waste-paper-boxes.webp\" alt=\"massakartonger av returpapper\" class=\"wp-image-1812\" srcset=\"https:\/\/www.plasticgranularmachine.com\/wp-content\/uploads\/2025\/07\/waste-paper-boxes.webp 720w, https:\/\/www.plasticgranularmachine.com\/wp-content\/uploads\/2025\/07\/waste-paper-boxes-300x225.webp 300w, https:\/\/www.plasticgranularmachine.com\/wp-content\/uploads\/2025\/07\/waste-paper-boxes-16x12.webp 16w\" sizes=\"auto, (max-width: 720px) 100vw, 720px\" \/><figcaption class=\"wp-element-caption\">massakartonger av returpapper<\/figcaption><\/figure>    <figure class=\"wp-block-image size-large\"><img loading=\"lazy\" decoding=\"async\" width=\"720\" height=\"540\" data-id=\"1809\" src=\"https:\/\/www.plasticgranularmachine.com\/wp-content\/uploads\/2025\/07\/paper-pulp.webp\" alt=\"pappersmassa\" class=\"wp-image-1809\" srcset=\"https:\/\/www.plasticgranularmachine.com\/wp-content\/uploads\/2025\/07\/paper-pulp.webp 720w, https:\/\/www.plasticgranularmachine.com\/wp-content\/uploads\/2025\/07\/paper-pulp-300x225.webp 300w, https:\/\/www.plasticgranularmachine.com\/wp-content\/uploads\/2025\/07\/paper-pulp-16x12.webp 16w\" sizes=\"auto, (max-width: 720px) 100vw, 720px\" \/><figcaption class=\"wp-element-caption\">pappersmassa<\/figcaption><\/figure> <\/figure>    <p class=\"translation-block\">Genom vakuumformning formar maskinen pulpen till <strong>fuktiga pappersbrickor<\/strong>, som sedan f\u00f6rs \u00f6ver till torknings- och finishsystemen.<\/p>    <p class=\"translation-block\">De v\u00e5ta brickorna kan omvandlas till ett brett utbud av milj\u00f6v\u00e4nliga f\u00f6rpackningsprodukter, inklusive:<br><strong>kyckling\u00e4ggbrickor, ank-\u00e4ggbrickor, fruktbrickor, skost\u00f6d, industriella buffertkuddar och elektronikf\u00f6rpackningar<\/strong>. <\/p>    <figure class=\"wp-block-gallery has-nested-images columns-default is-cropped wp-block-gallery-3 is-layout-flex wp-block-gallery-is-layout-flex\"> <figure class=\"wp-block-image size-large\"><img loading=\"lazy\" decoding=\"async\" width=\"720\" height=\"540\" data-id=\"1808\" src=\"https:\/\/www.plasticgranularmachine.com\/wp-content\/uploads\/2025\/07\/paper-egg-trays.webp\" alt=\"papper \u00e4ggbrickor\" class=\"wp-image-1808\" srcset=\"https:\/\/www.plasticgranularmachine.com\/wp-content\/uploads\/2025\/07\/paper-egg-trays.webp 720w, https:\/\/www.plasticgranularmachine.com\/wp-content\/uploads\/2025\/07\/paper-egg-trays-300x225.webp 300w, https:\/\/www.plasticgranularmachine.com\/wp-content\/uploads\/2025\/07\/paper-egg-trays-16x12.webp 16w\" sizes=\"auto, (max-width: 720px) 100vw, 720px\" \/><figcaption class=\"wp-element-caption\">papper \u00e4ggbrickor<\/figcaption><\/figure>    <figure class=\"wp-block-image size-large\"><img loading=\"lazy\" decoding=\"async\" width=\"720\" height=\"540\" data-id=\"1804\" src=\"https:\/\/www.plasticgranularmachine.com\/wp-content\/uploads\/2025\/07\/Coffee-Cup-Tray.webp\" alt=\"Kaffekoppsbrickor\" class=\"wp-image-1804\" srcset=\"https:\/\/www.plasticgranularmachine.com\/wp-content\/uploads\/2025\/07\/Coffee-Cup-Tray.webp 720w, https:\/\/www.plasticgranularmachine.com\/wp-content\/uploads\/2025\/07\/Coffee-Cup-Tray-300x225.webp 300w, https:\/\/www.plasticgranularmachine.com\/wp-content\/uploads\/2025\/07\/Coffee-Cup-Tray-16x12.webp 16w\" sizes=\"auto, (max-width: 720px) 100vw, 720px\" \/><figcaption class=\"wp-element-caption\">Kaffekoppsbrickor<\/figcaption><\/figure>    <figure class=\"wp-block-image size-large\"><img loading=\"lazy\" decoding=\"async\" width=\"720\" height=\"540\" data-id=\"1803\" src=\"https:\/\/www.plasticgranularmachine.com\/wp-content\/uploads\/2025\/07\/apple-tray.webp\" alt=\"\u00e4ppelbricka\" class=\"wp-image-1803\" srcset=\"https:\/\/www.plasticgranularmachine.com\/wp-content\/uploads\/2025\/07\/apple-tray.webp 720w, https:\/\/www.plasticgranularmachine.com\/wp-content\/uploads\/2025\/07\/apple-tray-300x225.webp 300w, https:\/\/www.plasticgranularmachine.com\/wp-content\/uploads\/2025\/07\/apple-tray-16x12.webp 16w\" sizes=\"auto, (max-width: 720px) 100vw, 720px\" \/><figcaption class=\"wp-element-caption\">\u00e4ppelbricka<\/figcaption><\/figure> <\/figure>    <h2 class=\"wp-block-heading\">Viktiga funktioner hos v\u00e5ra \u00e4ggbricksstillverkningsmaskiner<\/h2>    <ul class=\"wp-block-list\"> <li><strong>Mfumo wa usafirishaji wa nyenzo wa kiotomatiki sana<\/strong> husaidia kuokoa muda na gharama za kazi.<\/li>    <li>Uwezo wa uzalishaji kutoka <strong>1,000 hadi 7,000 vipande\/h<\/strong>, kukidhi mahitaji mengi ya utengenezaji. Mashine maalum zinapatikana kwa mahitaji maalum.<\/li>    <li><strong>Vibumba vinaweza kubadilishwa kikamilifu<\/strong> kwenye idadi ya cavity, ukubwa, umbo, na nyenzo\u2014kuruhusu mabadiliko rahisi kwa miundo tofauti ya tray.<\/li>    <li>Vibumba vinatengenezwa kwa <strong>chuma cha pua<\/strong>, kuhakikisha upinzani wa maji, upinzani wa kutu, uimara, na matengenezo rahisi au kubadilishwa.<\/li>    <li>Tray za mayai zilizomalizika zina sifa <strong>ukubwa na unene wa kawaida<\/strong>, safi edges, muundo wa kinga imara, na biodegradability kamili.<\/li>    <li>F\u00e4rgtillsatser kan ocks\u00e5 till\u00e4mpas under produktionen f\u00f6r att m\u00f6ta specifika utseende- eller varum\u00e4rkesbehov.<\/li> <\/ul>    <figure class=\"wp-block-gallery has-nested-images columns-default is-cropped wp-block-gallery-4 is-layout-flex wp-block-gallery-is-layout-flex\"> <figure class=\"wp-block-image size-large\"><img loading=\"lazy\" decoding=\"async\" width=\"720\" height=\"540\" data-id=\"1807\" src=\"https:\/\/www.plasticgranularmachine.com\/wp-content\/uploads\/2025\/07\/paper-egg-tray-making-machine.webp\" alt=\"papper-\u00e4ggbricksmaskin\" class=\"wp-image-1807\" srcset=\"https:\/\/www.plasticgranularmachine.com\/wp-content\/uploads\/2025\/07\/paper-egg-tray-making-machine.webp 720w, https:\/\/www.plasticgranularmachine.com\/wp-content\/uploads\/2025\/07\/paper-egg-tray-making-machine-300x225.webp 300w, https:\/\/www.plasticgranularmachine.com\/wp-content\/uploads\/2025\/07\/paper-egg-tray-making-machine-16x12.webp 16w\" sizes=\"auto, (max-width: 720px) 100vw, 720px\" \/><figcaption class=\"wp-element-caption\">papper-\u00e4ggbricksmaskin<\/figcaption><\/figure>    <figure class=\"wp-block-image size-large\"><img loading=\"lazy\" decoding=\"async\" width=\"720\" height=\"539\" data-id=\"1806\" src=\"https:\/\/www.plasticgranularmachine.com\/wp-content\/uploads\/2025\/07\/egg-tray-machine-mould.webp\" alt=\"\u00e4ggbricksmaskin form\" class=\"wp-image-1806\" srcset=\"https:\/\/www.plasticgranularmachine.com\/wp-content\/uploads\/2025\/07\/egg-tray-machine-mould.webp 720w, https:\/\/www.plasticgranularmachine.com\/wp-content\/uploads\/2025\/07\/egg-tray-machine-mould-300x225.webp 300w, https:\/\/www.plasticgranularmachine.com\/wp-content\/uploads\/2025\/07\/egg-tray-machine-mould-16x12.webp 16w\" sizes=\"auto, (max-width: 720px) 100vw, 720px\" \/><figcaption class=\"wp-element-caption\">\u00e4ggbricksmaskin form<\/figcaption><\/figure> <\/figure>    <h2 class=\"wp-block-heading\">Flera modeller av papper \u00e4ggbrickstillverkningsmaskin<\/h2>    <p>Enligt de faktiska produktionskraven tillhandah\u00e5ller vi olika modeller av \u00e4ggbricksstillverkningsmaskin, inklusive: enkel-sidig, fyrsidig, \u00e5ttasidig. Specifikationerna \u00e4r f\u00f6ljande:<\/p>    <h3 class=\"wp-block-heading\">En-sidig \u00e4ggbricksformningsmaskin<\/h3>    <p>En-sidig \u00e4ggbrickstillverkningsmaskin har en arbetsyta, 3*1 betyder 3 formar per rad, 4*1 betyder 4 formar per rad.<\/p>    <figure class=\"wp-block-table\"><table class=\"has-fixed-layout\"><tbody><tr><td>Mfano<\/td><td>WJ-1000-3*1<\/td><td>WJ-1500-4*1<\/td><\/tr><tr><td>Kapacitet<\/td><td>1000 st\/h<\/td><td>1500 st\/h<\/td><\/tr><tr><td>Nguvu<\/td><td>38 kW<\/td><td>38 kW<\/td><\/tr><tr><td>Peso<\/td><td>2500 kg<\/td><td>3000 kg<\/td><\/tr><tr><td>Pappersf\u00f6rbrukning<\/td><td>80 kg\/h<\/td><td>120 kg\/h<\/td><\/tr><tr><td>Vattenf\u00f6rbrukning<\/td><td>120 kg\/h<\/td><td>240 kg\/h<\/td><\/tr><tr><td>ukubwa wa mashine<\/td><td>2600*2200*1900 mm<\/td><td>2800*2200*1900 mm<\/td><\/tr><\/tbody><\/table><\/figure>    <figure class=\"wp-block-gallery has-nested-images columns-default is-cropped wp-block-gallery-5 is-layout-flex wp-block-gallery-is-layout-flex\"> <figure class=\"wp-block-image size-large\"><img loading=\"lazy\" decoding=\"async\" width=\"720\" height=\"540\" data-id=\"1813\" src=\"https:\/\/www.plasticgranularmachine.com\/wp-content\/uploads\/2025\/07\/WJ-1000-31-egg-tray-making-machine.webp\" alt=\"WJ-1000-3*1 \u00e4ggbrickstillverkningsmaskin\" class=\"wp-image-1813\" srcset=\"https:\/\/www.plasticgranularmachine.com\/wp-content\/uploads\/2025\/07\/WJ-1000-31-egg-tray-making-machine.webp 720w, https:\/\/www.plasticgranularmachine.com\/wp-content\/uploads\/2025\/07\/WJ-1000-31-egg-tray-making-machine-300x225.webp 300w, https:\/\/www.plasticgranularmachine.com\/wp-content\/uploads\/2025\/07\/WJ-1000-31-egg-tray-making-machine-16x12.webp 16w\" sizes=\"auto, (max-width: 720px) 100vw, 720px\" \/><figcaption class=\"wp-element-caption\">WJ-1000-3*1 \u00e4ggbrickstillverkningsmaskin<\/figcaption><\/figure>    <figure class=\"wp-block-image size-large\"><img loading=\"lazy\" decoding=\"async\" width=\"720\" height=\"540\" data-id=\"1814\" src=\"https:\/\/www.plasticgranularmachine.com\/wp-content\/uploads\/2025\/07\/WJ-1500-41-egg-tray-molding-machine.webp\" alt=\"WJ-1500-4*1 \u00e4ggbricksformningsmaskin\" class=\"wp-image-1814\" srcset=\"https:\/\/www.plasticgranularmachine.com\/wp-content\/uploads\/2025\/07\/WJ-1500-41-egg-tray-molding-machine.webp 720w, https:\/\/www.plasticgranularmachine.com\/wp-content\/uploads\/2025\/07\/WJ-1500-41-egg-tray-molding-machine-300x225.webp 300w, https:\/\/www.plasticgranularmachine.com\/wp-content\/uploads\/2025\/07\/WJ-1500-41-egg-tray-molding-machine-16x12.webp 16w\" sizes=\"auto, (max-width: 720px) 100vw, 720px\" \/><figcaption class=\"wp-element-caption\">WJ-1500-4*1 \u00e4ggbricksformningsmaskin<\/figcaption><\/figure> <\/figure>    <h3 class=\"wp-block-heading\">Fyrafssig \u00e4ggbricksstillverkningsmaskin<\/h3>    <p>Den fyrsidiga \u00e4ggkartongstillverkningsmaskinen har fyra arbetsytor, 3*4 betyder 3 formar per yta, och 4*4 betyder 4 formar per yta.<\/p>    <figure class=\"wp-block-table\"><table class=\"has-fixed-layout\"><tbody><tr><td>Mfano<\/td><td>WJ-2500-3*4<\/td><td>WJ-3000-4*4<\/td><\/tr><tr><td>Kapacitet<\/td><td>2500 st\/h<\/td><td>3000 st\/h<\/td><\/tr><tr><td>Nguvu<\/td><td>55 kW<\/td><td>60 kW<\/td><\/tr><tr><td>Peso<\/td><td>4000 kg<\/td><td>4800 kg<\/td><\/tr><tr><td>Pappersf\u00f6rbrukning<\/td><td>200 kg\/h<\/td><td>240 kg\/h<\/td><\/tr><tr><td>Vattenf\u00f6rbrukning<\/td><td>400 kg\/h<\/td><td>480 kg\/h<\/td><\/tr><tr><td>ukubwa wa mashine<\/td><td>2900*1800*1800<\/td><td>3250*1800*1800<\/td><\/tr><\/tbody><\/table><\/figure>    <figure class=\"wp-block-gallery has-nested-images columns-default is-cropped wp-block-gallery-6 is-layout-flex wp-block-gallery-is-layout-flex\"> <figure class=\"wp-block-image size-large\"><img loading=\"lazy\" decoding=\"async\" width=\"720\" height=\"540\" data-id=\"1815\" src=\"https:\/\/www.plasticgranularmachine.com\/wp-content\/uploads\/2025\/07\/WJ-2500-34-egg-carton-making-machine.webp\" alt=\"WJ-2500-3*4 \u00e4ggkartong tillverkningsmaskin\" class=\"wp-image-1815\" srcset=\"https:\/\/www.plasticgranularmachine.com\/wp-content\/uploads\/2025\/07\/WJ-2500-34-egg-carton-making-machine.webp 720w, https:\/\/www.plasticgranularmachine.com\/wp-content\/uploads\/2025\/07\/WJ-2500-34-egg-carton-making-machine-300x225.webp 300w, https:\/\/www.plasticgranularmachine.com\/wp-content\/uploads\/2025\/07\/WJ-2500-34-egg-carton-making-machine-16x12.webp 16w\" sizes=\"auto, (max-width: 720px) 100vw, 720px\" \/><figcaption class=\"wp-element-caption\">WJ-2500-3*4 \u00e4ggkartong tillverkningsmaskin<\/figcaption><\/figure>    <figure class=\"wp-block-image size-large\"><img loading=\"lazy\" decoding=\"async\" width=\"720\" height=\"540\" data-id=\"1816\" src=\"https:\/\/www.plasticgranularmachine.com\/wp-content\/uploads\/2025\/07\/WJ-3000-44-egg-tray-production-machine.webp\" alt=\"WJ-3000-4*4 \u00e4ggbrickstillverkningsmaskin\" class=\"wp-image-1816\" srcset=\"https:\/\/www.plasticgranularmachine.com\/wp-content\/uploads\/2025\/07\/WJ-3000-44-egg-tray-production-machine.webp 720w, https:\/\/www.plasticgranularmachine.com\/wp-content\/uploads\/2025\/07\/WJ-3000-44-egg-tray-production-machine-300x225.webp 300w, https:\/\/www.plasticgranularmachine.com\/wp-content\/uploads\/2025\/07\/WJ-3000-44-egg-tray-production-machine-16x12.webp 16w\" sizes=\"auto, (max-width: 720px) 100vw, 720px\" \/><figcaption class=\"wp-element-caption\">WJ-3000-4*4 \u00e4ggbrickstillverkningsmaskin<\/figcaption><\/figure> <\/figure>    <h3 class=\"wp-block-heading\">\u00c5ttasidig \u00e4ggbricksmaskin<\/h3>    <p>Den \u00e5ttasidiga torkmaskinen f\u00f6r \u00e4ggbrickor har \u00e5tta arbetsytor, 4*8 betyder 4 formar per rad, 5*8 betyder 5 formar per rad, och 6*8 betyder 6 formar per rad. <\/p>    <figure class=\"wp-block-table\"><table class=\"has-fixed-layout\"><tbody><tr><td>Mfano<\/td><td>WJ-4000-4*8<\/td><td>WJ-5000-5*8<\/td><td>WJ-7000-6*8<\/td><\/tr><tr><td>Kapacitet<\/td><td>4000 st\/h<\/td><td>5000 st\/h<\/td><td>7000 st\/h<\/td><\/tr><tr><td>Nguvu<\/td><td>95 kW<\/td><td>95 kW<\/td><td>120 kW<\/td><\/tr><tr><td>Peso<\/td><td>7000 kg<\/td><td>8000 kg<\/td><td>10000 kg<\/td><\/tr><tr><td>Pappersf\u00f6rbrukning<\/td><td>320 kg\/h<\/td><td>400 kg\/h<\/td><td>480 kg\/h<\/td><\/tr><tr><td>Vattenf\u00f6rbrukning<\/td><td>640 kg\/h<\/td><td>800 kg\/h<\/td><td>960 kg\/h<\/td><\/tr><tr><td>ukubwa wa mashine<\/td><td>3250*2300*2500<\/td><td>3700*2300*2500<\/td><td>3200*2300*2500<\/td><\/tr><\/tbody><\/table><\/figure>    <figure class=\"wp-block-gallery has-nested-images columns-default is-cropped wp-block-gallery-7 is-layout-flex wp-block-gallery-is-layout-flex\"> <figure class=\"wp-block-image size-large\"><img loading=\"lazy\" decoding=\"async\" width=\"720\" height=\"540\" data-id=\"1817\" src=\"https:\/\/www.plasticgranularmachine.com\/wp-content\/uploads\/2025\/07\/WJ-4000-48.webp\" alt=\"WJ-4000-4*8 \u00e4ggbricksmaskin\" class=\"wp-image-1817\" srcset=\"https:\/\/www.plasticgranularmachine.com\/wp-content\/uploads\/2025\/07\/WJ-4000-48.webp 720w, https:\/\/www.plasticgranularmachine.com\/wp-content\/uploads\/2025\/07\/WJ-4000-48-300x225.webp 300w, https:\/\/www.plasticgranularmachine.com\/wp-content\/uploads\/2025\/07\/WJ-4000-48-16x12.webp 16w\" sizes=\"auto, (max-width: 720px) 100vw, 720px\" \/><figcaption class=\"wp-element-caption\">WJ-4000-4*8 \u00e4ggbricksmaskin<\/figcaption><\/figure>    <figure class=\"wp-block-image size-large\"><img loading=\"lazy\" decoding=\"async\" width=\"720\" height=\"540\" data-id=\"1818\" src=\"https:\/\/www.plasticgranularmachine.com\/wp-content\/uploads\/2025\/07\/WJ-5000-58-egg-tray-manufacturing-machine.webp\" alt=\"WJ-5000-5*8 \u00e4ggbricksstillverkningsmaskin\" class=\"wp-image-1818\" srcset=\"https:\/\/www.plasticgranularmachine.com\/wp-content\/uploads\/2025\/07\/WJ-5000-58-egg-tray-manufacturing-machine.webp 720w, https:\/\/www.plasticgranularmachine.com\/wp-content\/uploads\/2025\/07\/WJ-5000-58-egg-tray-manufacturing-machine-300x225.webp 300w, https:\/\/www.plasticgranularmachine.com\/wp-content\/uploads\/2025\/07\/WJ-5000-58-egg-tray-manufacturing-machine-16x12.webp 16w\" sizes=\"auto, (max-width: 720px) 100vw, 720px\" \/><figcaption class=\"wp-element-caption\">WJ-5000-5*8 \u00e4ggbricksstillverkningsmaskin<\/figcaption><\/figure>    <figure class=\"wp-block-image size-large\"><img loading=\"lazy\" decoding=\"async\" width=\"720\" height=\"540\" data-id=\"1819\" src=\"https:\/\/www.plasticgranularmachine.com\/wp-content\/uploads\/2025\/07\/WJ-7000-68-egg-box-making-machine.webp\" alt=\"WJ-7000-6*8 \u00e4ggbox tillverkningsmaskin\" class=\"wp-image-1819\" srcset=\"https:\/\/www.plasticgranularmachine.com\/wp-content\/uploads\/2025\/07\/WJ-7000-68-egg-box-making-machine.webp 720w, https:\/\/www.plasticgranularmachine.com\/wp-content\/uploads\/2025\/07\/WJ-7000-68-egg-box-making-machine-300x225.webp 300w, https:\/\/www.plasticgranularmachine.com\/wp-content\/uploads\/2025\/07\/WJ-7000-68-egg-box-making-machine-16x12.webp 16w\" sizes=\"auto, (max-width: 720px) 100vw, 720px\" \/><figcaption class=\"wp-element-caption\">WJ-7000-6*8 \u00e4ggbox tillverkningsmaskin<\/figcaption><\/figure> <\/figure>    <h2 class=\"wp-block-heading\">Hur v\u00e4ljer man din \u00e4ggboxstillverkningsmaskin?<\/h2>    <p>Valet av en \u00e4ggbrickstillverkningsmaskin beror p\u00e5 flera faktorer, inklusive produktionskrav, budget och tillg\u00e4ngligt utrymme. <\/p>    <ul class=\"wp-block-list\"> <li>Enkel sided \u00e4ggbrickstillverkningsmaskin, med kapacitet p\u00e5 1 000\u20131 500 stycken per timme, passar sm\u00e5 anv\u00e4ndare med begr\u00e4nsade budgetar och l\u00e5ga produktionskapaciteter. Den har en liten footprint, \u00e4r enkel att anv\u00e4nda och kan torka fuktiga \u00e4ggbrickor utan behov av torklinje.<\/li>    <li>Den fyrsidiga formningsmaskinen f\u00f6r \u00e4ggbrickor har en kapacitet p\u00e5 2000\u20133000 stycken per timme, vilket g\u00f6r den l\u00e4mplig f\u00f6r medelstora tillverkare av \u00e4ggbrickor eller \u00e5tervinnare av returpapper som redan har del av grunden.<\/li>    <li>Den \u00e5ttasidiga \u00e4ggbricksformningsmaskinen \u00e4r snabb och mycket effektiv, l\u00e4mplig f\u00f6r storskalig produktion.<\/li> <\/ul>    <p>Om du fortfarande \u00e4r os\u00e4ker p\u00e5 hur du v\u00e4ljer eller har andra krav, tveka inte att kontakta oss f\u00f6r en anpassad pappersbrickmaskin. Du kan anpassa:<\/p>    <ul class=\"wp-block-list\"> <li>Antal formar, storlek, form<\/li>    <li>Material<\/li>    <li>Torkmetod<\/li> <\/ul>    <h2 class=\"wp-block-heading\">Arbetsprincip f\u00f6r v\u00e5r \u00e4ggskivstillverkningsmaskin<\/h2>    <p class=\"translation-block\">The complete <a href=\"https:\/\/www.plasticgranularmachine.com\/sw\/product\/egg-tray-production-line\/\" data-type=\"link\" data-id=\"https:\/\/www.plasticgranularmachine.com\/product\/egg-tray-production-line\/\">paper egg tray making process<\/a> is as follows: <\/p>    <p>Sltpapper \u2192 massaframst\u00e4llning \u2192 formning genom adsorption \u2192 fuktiga \u00e4ggbrickor \u2192 torkning \u2192 f\u00e4rdiga \u00e4ggbrickor<\/p>    <p>\u00c4ggsk\u00e5lsformningsmaskinen skapar negativt tryck med en vakuumpump. Detta drar massan fr\u00e5n formens yta f\u00f6r att skapa formen p\u00e5 \u00e4ggsk\u00e5len. Den v\u00e5ta \u00e4ggsk\u00e5len bl\u00e5ses sedan med positivt lufttryck fr\u00e5n kompressorn till \u00f6verf\u00f6ringsformen och \u00f6verf\u00f6rs slutligen till n\u00e4tbandet eller brickan. Torkningen utf\u00f6rs sedan.<\/p>    <h2 class=\"wp-block-heading\">G\u00f6r h\u00f6gkvalitativa \u00e4ggbrickor med v\u00e5ra maskiner!<\/h2>    <p>Vill du \u00f6ka din \u00e4ggbricksproduktion med effektivitet och kvalitet? V\u00e5r avancerade maskin f\u00f6r tillverkning av \u00e4ggbrickor av papperspulpa levererar konsekvent resultat, anpassningsbara designer och milj\u00f6v\u00e4nlig prestanda.<\/p>    <p>Kontakta oss idag f\u00f6r en gratis offert och en expertl\u00f6sning anpassad efter dina behov!<\/p>","protected":false},"excerpt":{"rendered":"<p>Stable, biodegradable, and cost-effective, paper egg trays have become the preferred choice for producers and consumers worldwide. To meet diverse production needs, we offer egg tray making machines with capacities from 1,000 to 7,000 pcs\/h, customizable in color, shape, cavity design, and more\u2014ideal for egg trays, fruit trays, shoe supports, electronic packaging, and so on. [&hellip;]<\/p>\n","protected":false},"author":1,"featured_media":1810,"parent":0,"template":"","tags":[],"product-type":[79],"class_list":["post-1801","product","type-product","status-publish","has-post-thumbnail","hentry","product-type-paper-recycling-machine"],"_links":{"self":[{"href":"https:\/\/www.plasticgranularmachine.com\/sw\/wp-json\/wp\/v2\/product\/1801","targetHints":{"allow":["GET"]}}],"collection":[{"href":"https:\/\/www.plasticgranularmachine.com\/sw\/wp-json\/wp\/v2\/product"}],"about":[{"href":"https:\/\/www.plasticgranularmachine.com\/sw\/wp-json\/wp\/v2\/types\/product"}],"author":[{"embeddable":true,"href":"https:\/\/www.plasticgranularmachine.com\/sw\/wp-json\/wp\/v2\/users\/1"}],"wp:featuredmedia":[{"embeddable":true,"href":"https:\/\/www.plasticgranularmachine.com\/sw\/wp-json\/wp\/v2\/media\/1810"}],"wp:attachment":[{"href":"https:\/\/www.plasticgranularmachine.com\/sw\/wp-json\/wp\/v2\/media?parent=1801"}],"wp:term":[{"taxonomy":"post_tag","embeddable":true,"href":"https:\/\/www.plasticgranularmachine.com\/sw\/wp-json\/wp\/v2\/tags?post=1801"},{"taxonomy":"product-type","embeddable":true,"href":"https:\/\/www.plasticgranularmachine.com\/sw\/wp-json\/wp\/v2\/product-type?post=1801"}],"curies":[{"name":"wp","href":"https:\/\/api.w.org\/{rel}","templated":true}]}}