{"id":1829,"date":"2025-07-21T15:05:45","date_gmt":"2025-07-21T07:05:45","guid":{"rendered":"https:\/\/www.plasticgranularmachine.com\/?post_type=product&#038;p=1829"},"modified":"2026-04-20T13:59:09","modified_gmt":"2026-04-20T05:59:09","slug":"tire-shredder-machine-for-sale","status":"publish","type":"product","link":"https:\/\/www.plasticgranularmachine.com\/sw\/product\/tire-shredder-machine-for-sale\/","title":{"rendered":"D\u00e4cksplitmaskin till salu"},"content":{"rendered":"<p>D\u00e4ckflistrande maskinen till salu spelar en nyckelroll i d\u00e4ck\u00e5tervinningsprocessen och gummipulproduktion genom att effektivt krossa stora skrot-d\u00e4ck till sm\u00e5 bitar, cirka 50-100 mm, som enkelt kan s\u00e4ljas eller transporteras. Dessa bitar kan ocks\u00e5 malas till fint gummipulver.<\/p>    <figure class=\"wp-block-gallery has-nested-images columns-default is-cropped wp-block-gallery-2 is-layout-flex wp-block-gallery-is-layout-flex\"> <figure class=\"wp-block-image size-large\"><img loading=\"lazy\" decoding=\"async\" width=\"720\" height=\"540\" data-id=\"1842\" src=\"https:\/\/www.plasticgranularmachine.com\/wp-content\/uploads\/2025\/07\/tire-scraps.webp\" alt=\"d\u00e4cksrester\" class=\"wp-image-1842\" srcset=\"https:\/\/www.plasticgranularmachine.com\/wp-content\/uploads\/2025\/07\/tire-scraps.webp 720w, https:\/\/www.plasticgranularmachine.com\/wp-content\/uploads\/2025\/07\/tire-scraps-300x225.webp 300w, https:\/\/www.plasticgranularmachine.com\/wp-content\/uploads\/2025\/07\/tire-scraps-16x12.webp 16w\" sizes=\"auto, (max-width: 720px) 100vw, 720px\" \/><figcaption class=\"wp-element-caption\">d\u00e4cksrester<\/figcaption><\/figure>    <figure class=\"wp-block-image size-large\"><img loading=\"lazy\" decoding=\"async\" width=\"720\" height=\"540\" data-id=\"1835\" src=\"https:\/\/www.plasticgranularmachine.com\/wp-content\/uploads\/2025\/07\/industrial-tire-shredder.webp\" alt=\"industriell d\u00e4ckflistrande maskin\" class=\"wp-image-1835\" srcset=\"https:\/\/www.plasticgranularmachine.com\/wp-content\/uploads\/2025\/07\/industrial-tire-shredder.webp 720w, https:\/\/www.plasticgranularmachine.com\/wp-content\/uploads\/2025\/07\/industrial-tire-shredder-300x225.webp 300w, https:\/\/www.plasticgranularmachine.com\/wp-content\/uploads\/2025\/07\/industrial-tire-shredder-16x12.webp 16w\" sizes=\"auto, (max-width: 720px) 100vw, 720px\" \/><figcaption class=\"wp-element-caption\">industriell d\u00e4ckflistrande maskin<\/figcaption><\/figure> <\/figure>    <h2 class=\"wp-block-heading\">Hur ans\u00f6ker man om D\u00e4ckflistrande maskin?<\/h2>    <p>V\u00e5ra d\u00e4ckflistrare kan hantera m\u00e5nga typer och storlekar av skrot-d\u00e4ck, inklusive bil, lastbil, jordbruk och OTR-d\u00e4ck. De kan bearbeta standardd\u00e4ck med diametrar mindre \u00e4n 1 200 mm samt st\u00f6rre gruvd\u00e4ck, som R35, R49, R51 och R63.<\/p>    <p>Beroende p\u00e5 modellens konfiguration kan d\u00e4ckkrossmaskinen till salu direkt mata och bearbeta f\u00f6ljande r\u00e5material:<\/p>    <ul class=\"wp-block-list\"> <li>Fullst\u00e4ndiga d\u00e4ck (diameter \u22641400 mm)<\/li>    <li>Skurna eller s\u00f6ndriggjorda ingenj\u00f6rsd\u00e4ckblock<\/li>    <li>F\u00f6rbehandlade gummiblockor<\/li>    <li>Komponenter som sidov\u00e4ggar och kronor<\/li> <\/ul>    <p>De skurna produktens fraktion \u00e4r justerbar \u2013 storleksblock av gummi (vanligtvis 50-100 mm), som passar v\u00e4l in i n\u00e4sta bearbetningssteg. Dessa block \u00e4r l\u00e4tta att lagra och transportera och kan matas direkt in i gummigrunderingssystemet f\u00f6r att producera fina gummigranuler eller pulver. <\/p>   <div class=\"wp-block-image\"> <figure class=\"aligncenter size-full\"><img loading=\"lazy\" decoding=\"async\" width=\"720\" height=\"540\" src=\"https:\/\/www.plasticgranularmachine.com\/wp-content\/uploads\/2025\/07\/output-tire-blocks-of-the-tire-shredder-machine-for-sale.webp\" alt=\"utmatningsd\u00e4ckblock av d\u00e4ckflistrande maskin till salu\" class=\"wp-image-1836\" srcset=\"https:\/\/www.plasticgranularmachine.com\/wp-content\/uploads\/2025\/07\/output-tire-blocks-of-the-tire-shredder-machine-for-sale.webp 720w, https:\/\/www.plasticgranularmachine.com\/wp-content\/uploads\/2025\/07\/output-tire-blocks-of-the-tire-shredder-machine-for-sale-300x225.webp 300w, https:\/\/www.plasticgranularmachine.com\/wp-content\/uploads\/2025\/07\/output-tire-blocks-of-the-tire-shredder-machine-for-sale-16x12.webp 16w\" sizes=\"auto, (max-width: 720px) 100vw, 720px\" \/><figcaption class=\"wp-element-caption\">utmatningsd\u00e4ckblock av d\u00e4ckflistrande maskin till salu<\/figcaption><\/figure> <\/div>   <h2 class=\"wp-block-heading\">Funktioner fr\u00e4msta i v\u00e5ra d\u00e4ckflistra maskiner<\/h2>    <p>V\u00e5r d\u00e4ckflistrande maskin till salu har ett konkurrenskraftigt f\u00f6rspr\u00e5ng p\u00e5 marknaden tack vare sin professional konfiguration och prestandaegenskaper.<\/p>    <ul class=\"wp-block-list\"> <li><strong>Mfumo wa shina wa blade wa usahihi wa juu:<\/strong> Uso wa kukata safi; huboresha ubora wa bidhaa za block za mpira zilizomalizika.<\/li>    <li><strong>Muundo wa mshipa wa nguvu kubwa wa mwelekeo wa pande mbili:<\/strong> Nguvu kali ya kukata; inashughulikia kwa urahisi matairi yote na vipande vya matairi.<\/li>    <li><strong>Utegemezi mpana:<\/strong> Inafaa kwa aina na ukubwa mbalimbali wa matairi, ikiwa ni pamoja na matairi ya uhandisi ya OTR.<\/li>    <li><strong>Uwezo wa kubadilika:<\/strong> Tani 2-20 kwa saa ili kukidhi mahitaji ya mistari tofauti ya uzalishaji.<\/li>    <li><strong>Udhibiti wa kutolewa unaoweza kubadilishwa:<\/strong> Ukubwa wa kutupa unaweza kuwekwa kwa usahihi kati ya mm 50-100 ili kuzalisha chembe za usawa.<\/li>    <li><strong>Nyenzo ya blade sugu ya kuvaa<\/strong>: Imetengenezwa kwa chuma cha pua chenye nguvu kubwa, kinachostahimili kutu kwa maisha marefu.<\/li>    <li><strong>Ulinganifu wa nguvu:<\/strong> Inaweza kuunganishwa na mifumo mbalimbali ya urejelezaji wa matairi ili kufanikisha uhusiano wa ufanisi.<\/li>    <li><strong>Huduma bora baada ya mauzo<\/strong>: Pamoja na msaada wa dhamana, usakinishaji wa mlango hadi mlango, mwongozo wa kiufundi, na kadhalika.<\/li> <\/ul>    <p>Denna industriella gummi-flistrande serie har b\u00e5de prestandastabilitet och industriell anpassningsf\u00f6rm\u00e5ga och \u00e4r det idealiska valet f\u00f6r alla storlekar av d\u00e4ckflistrande verksamhet.<\/p>    <figure class=\"wp-block-gallery has-nested-images columns-default is-cropped wp-block-gallery-3 is-layout-flex wp-block-gallery-is-layout-flex\"> <figure class=\"wp-block-image size-large\"><img loading=\"lazy\" decoding=\"async\" width=\"720\" height=\"540\" data-id=\"1841\" src=\"https:\/\/www.plasticgranularmachine.com\/wp-content\/uploads\/2025\/07\/screens-of-the-tyre-shredding-machine.webp\" alt=\"sk\u00e4rmar av d\u00e4ckflistrande maskinen\" class=\"wp-image-1841\" srcset=\"https:\/\/www.plasticgranularmachine.com\/wp-content\/uploads\/2025\/07\/screens-of-the-tyre-shredding-machine.webp 720w, https:\/\/www.plasticgranularmachine.com\/wp-content\/uploads\/2025\/07\/screens-of-the-tyre-shredding-machine-300x225.webp 300w, https:\/\/www.plasticgranularmachine.com\/wp-content\/uploads\/2025\/07\/screens-of-the-tyre-shredding-machine-16x12.webp 16w\" sizes=\"auto, (max-width: 720px) 100vw, 720px\" \/><figcaption class=\"wp-element-caption\">sk\u00e4rmar av d\u00e4ckflistrande maskinen<\/figcaption><\/figure>    <figure class=\"wp-block-image size-large\"><img loading=\"lazy\" decoding=\"async\" width=\"720\" height=\"540\" data-id=\"1839\" src=\"https:\/\/www.plasticgranularmachine.com\/wp-content\/uploads\/2025\/07\/rubber-tire-shredder-blades.webp\" alt=\"gummid\u00e4cksflistrade blad\" class=\"wp-image-1839\" srcset=\"https:\/\/www.plasticgranularmachine.com\/wp-content\/uploads\/2025\/07\/rubber-tire-shredder-blades.webp 720w, https:\/\/www.plasticgranularmachine.com\/wp-content\/uploads\/2025\/07\/rubber-tire-shredder-blades-300x225.webp 300w, https:\/\/www.plasticgranularmachine.com\/wp-content\/uploads\/2025\/07\/rubber-tire-shredder-blades-16x12.webp 16w\" sizes=\"auto, (max-width: 720px) 100vw, 720px\" \/><figcaption class=\"wp-element-caption\">gummid\u00e4cksflistrade blad<\/figcaption><\/figure> <\/figure>    <h2 class=\"wp-block-heading\">Specifikationslista f\u00f6r D\u00e4ckflistrande Maskin till Sal<\/h2>    <p>Vi tillhandah\u00e5ller olika gummid\u00e4cksflistrare. N\u00e5gra huvudsakliga parametrar \u00e4r f\u00f6ljande:<\/p>    <figure class=\"wp-block-table\"><table><thead><tr><th>Mfano<\/th><th>Giltig r\u00e5material<\/th><th>Max D\u00e4ckmatningsstorlek<\/th><th>Utmatningsstorlek (gummichips)<\/th><th>Bearbetningskapacitet<\/th><th>Total effekt<\/th><th>Applikationstyp<\/th><th>Sk\u00e4rspecifikationer<\/th><th>Maskinvikt<\/th><th>Fotavtryck (L\u00d7B\u00d7H)<\/th><\/tr><\/thead><tbody><tr><td><strong>ET-900<\/strong><\/td><td>Bil- d\u00e4ck, sm\u00e5 lastbilsd\u00e4ck<\/td><td>\u2264900 mm<\/td><td>50 mm<\/td><td>2 t\/h<\/td><td>64.5 kW<\/td><td>Komprimerad bil-d\u00e4ckflistrare<\/td><td>Dia. 360mm \/ 16 blad \/ 50mm tjock<\/td><td>10 ton<\/td><td>9*5*2.8 m<\/td><\/tr><tr><td><strong>ET-1000<\/strong><\/td><td>Bil- &amp; l\u00e4tt lastbil-d\u00e4ck<\/td><td>\u22641000 mm<\/td><td>60 mm<\/td><td>4 t\/h<\/td><td>94.5 kW<\/td><td>Ing\u00e5ngsniv\u00e5 d\u00e4ckkrossmaskin<\/td><td>Dia. 440mm \/ 16 blad \/ 50mm tjock<\/td><td>13 ton<\/td><td>10*6*3.2 m<\/td><\/tr><tr><td><strong>ET-1200<\/strong><\/td><td>Passagerarer &amp; demoniserade OTR-d\u00e4ck<\/td><td>\u22641200 mm<\/td><td>60 mm<\/td><td>5\u20136 t\/h<\/td><td>157 kW<\/td><td>Medelstort gummid\u00e4cksflistrare<\/td><td>Dia. 510mm \/ 18 blad \/ 60mm tjock<\/td><td>15.8 ton<\/td><td>10*6*3.2 m<\/td><\/tr><tr><td><strong>ET-1500<\/strong><\/td><td>Hela lastbil-d\u00e4ck, stora OTR-d\u00e4ckblock<\/td><td>\u22641200 mm<\/td><td>75 mm<\/td><td>8\u201310 t\/h<\/td><td>188.5 kW<\/td><td>L\u00e5gd avd\u00e4cksh\u00e4lsflistrare<\/td><td>Dia. 580mm \/ 20 blad \/ 75mm tjock<\/td><td>18.6 ton<\/td><td>20*10*3.5 m<\/td><\/tr><tr><td><strong>ET-1800<\/strong><\/td><td>Fullstora OTR-d\u00e4ck (t.ex. R51\u2013R63)<\/td><td>\u22641400 mm<\/td><td>100 mm<\/td><td>15\u201320 t\/h<\/td><td>328.5 kW<\/td><td>H\u00f6gavkastande d\u00e4ckflistrande maskin till salu<\/td><td>Dia. 650mm \/ 18 blad \/ 100mm tjock<\/td><td>26 ton<\/td><td>20*12*4 m<\/td><\/tr><\/tbody><\/table><\/figure>    <p>Om du har andra produktionsbehov, v\u00e4nligen l\u00e4mna meddelanden s\u00e5 kan vi erbjuda en skr\u00e4ddarsydd d\u00e4ckflistrande maskin till salu.<\/p>    <figure class=\"wp-block-gallery has-nested-images columns-default is-cropped wp-block-gallery-4 is-layout-flex wp-block-gallery-is-layout-flex\"> <figure class=\"wp-block-image size-large\"><img loading=\"lazy\" decoding=\"async\" width=\"720\" height=\"540\" data-id=\"1833\" src=\"https:\/\/www.plasticgranularmachine.com\/wp-content\/uploads\/2025\/07\/Factory-tour-of-tire-shredders-being-built.webp\" alt=\"Fabrikstour av d\u00e4ckflistrande maskiner som byggs\" class=\"wp-image-1833\" srcset=\"https:\/\/www.plasticgranularmachine.com\/wp-content\/uploads\/2025\/07\/Factory-tour-of-tire-shredders-being-built.webp 720w, https:\/\/www.plasticgranularmachine.com\/wp-content\/uploads\/2025\/07\/Factory-tour-of-tire-shredders-being-built-300x225.webp 300w, https:\/\/www.plasticgranularmachine.com\/wp-content\/uploads\/2025\/07\/Factory-tour-of-tire-shredders-being-built-16x12.webp 16w\" sizes=\"auto, (max-width: 720px) 100vw, 720px\" \/><figcaption class=\"wp-element-caption\">Fabrikstour av d\u00e4ckflistrande maskiner som byggs<\/figcaption><\/figure>    <figure class=\"wp-block-image size-large\"><img loading=\"lazy\" decoding=\"async\" width=\"720\" height=\"540\" data-id=\"1840\" src=\"https:\/\/www.plasticgranularmachine.com\/wp-content\/uploads\/2025\/07\/rubber-tire-shredder-machines-in-the-factory.webp\" alt=\"gummid\u00e4cksflistrande maskiner i fabriken\" class=\"wp-image-1840\" srcset=\"https:\/\/www.plasticgranularmachine.com\/wp-content\/uploads\/2025\/07\/rubber-tire-shredder-machines-in-the-factory.webp 720w, https:\/\/www.plasticgranularmachine.com\/wp-content\/uploads\/2025\/07\/rubber-tire-shredder-machines-in-the-factory-300x225.webp 300w, https:\/\/www.plasticgranularmachine.com\/wp-content\/uploads\/2025\/07\/rubber-tire-shredder-machines-in-the-factory-16x12.webp 16w\" sizes=\"auto, (max-width: 720px) 100vw, 720px\" \/><figcaption class=\"wp-element-caption\">gummid\u00e4cksflistrande maskiner i fabriken<\/figcaption><\/figure>    <figure class=\"wp-block-image size-large\"><img loading=\"lazy\" decoding=\"async\" width=\"720\" height=\"540\" data-id=\"1838\" src=\"https:\/\/www.plasticgranularmachine.com\/wp-content\/uploads\/2025\/07\/rubber-tire-chipper.webp\" alt=\"gummid\u00e4cksfr\u00e4sare\" class=\"wp-image-1838\" srcset=\"https:\/\/www.plasticgranularmachine.com\/wp-content\/uploads\/2025\/07\/rubber-tire-chipper.webp 720w, https:\/\/www.plasticgranularmachine.com\/wp-content\/uploads\/2025\/07\/rubber-tire-chipper-300x225.webp 300w, https:\/\/www.plasticgranularmachine.com\/wp-content\/uploads\/2025\/07\/rubber-tire-chipper-16x12.webp 16w\" sizes=\"auto, (max-width: 720px) 100vw, 720px\" \/><figcaption class=\"wp-element-caption\">gummid\u00e4cksfr\u00e4sare<\/figcaption><\/figure> <\/figure>    <h2 class=\"wp-block-heading\">Hur fungerar d\u00e4ckkrossmaskinen?<\/h2>    <p>Arbetssteg av d\u00e4ckflistrande maskin till salu:<\/p>    <ul class=\"wp-block-list\"> <li>Inmatning: Hela d\u00e4ck eller block av avfall d\u00e4ck matas j\u00e4mnt in i sk\u00e4rkammaren via ett transportband.<\/li>    <li>Dubbelaxlad sk\u00e4rning: Tv\u00e5 l\u00e5gt roterande, h\u00f6gvridande knivaxlar roterar i omv\u00e4nd synkronisering och anv\u00e4nder h\u00f6gstyrka legeringsblad f\u00f6r att sk\u00e4ra, riva och krossa d\u00e4cken.<\/li>    <li>Storlekreglering: Genom sk\u00e4rbladssats och n\u00e4tmaskdesign kan storleken p\u00e5 den utmatade materialen kontrolleras inom 50-100 mm-intervallet f\u00f6r att m\u00f6ta olika \u00e5teranv\u00e4ndningskrav.<\/li>    <li>Inledande separation av st\u00e5lv\u00e5gar: Flisningsprocessen frig\u00f6r de flesta st\u00e5lv\u00e5garna i d\u00e4cken f\u00f6r efterf\u00f6ljande magnetisk separation.<\/li>    <li>Utmatnings\u00f6verf\u00f6ring: Skurna gummiblock f\u00f6rs till n\u00e4sta process via en utm\u00e4tningsb\u00e4lte, s\u00e5som slipning, granulering eller balning.<\/li> <\/ul>   <div class=\"wp-block-image\"> <figure class=\"aligncenter size-full\"><img loading=\"lazy\" decoding=\"async\" width=\"720\" height=\"540\" src=\"https:\/\/www.plasticgranularmachine.com\/wp-content\/uploads\/2025\/07\/powerful-tire-shredder-machine-for-sale.webp\" alt=\"kraftfull d\u00e4ckflistrande maskin till salu\" class=\"wp-image-1837\" srcset=\"https:\/\/www.plasticgranularmachine.com\/wp-content\/uploads\/2025\/07\/powerful-tire-shredder-machine-for-sale.webp 720w, https:\/\/www.plasticgranularmachine.com\/wp-content\/uploads\/2025\/07\/powerful-tire-shredder-machine-for-sale-300x225.webp 300w, https:\/\/www.plasticgranularmachine.com\/wp-content\/uploads\/2025\/07\/powerful-tire-shredder-machine-for-sale-16x12.webp 16w\" sizes=\"auto, (max-width: 720px) 100vw, 720px\" \/><figcaption class=\"wp-element-caption\">kraftfull d\u00e4ckflistrande maskin till salu<\/figcaption><\/figure> <\/div>   <h2 class=\"wp-block-heading\">Hur passar gummid\u00e4cksflistrande maskiner in i ett fullst\u00e4ndigt \u00e5tervinningssystem?<\/h2>    <p>I den kompletta d\u00e4ck\u00e5tervinningsprocessen genomg\u00e5r avfall d\u00e4cken f\u00f6rst f\u00f6rbehandling, vilket inkluderar st\u00e5ltr\u00e5d avl\u00e4gsnande och hackning. D\u00e4refter skickas de till d\u00e4ckflistrande maskin f\u00f6r initial krossning, vilket generar j\u00e4mnt storlekade gummiblock som \u00e4r l\u00e4tta att bearbeta vidare. <\/p>    <p class=\"translation-block\">N\u00e4sta steg g\u00e5r blocken av gummi in i <a href=\"https:\/\/www.plasticgranularmachine.com\/sw\/product\/tire-grinder-and-magnetic-separator\/\" data-type=\"link\" data-id=\"https:\/\/www.plasticgranularmachine.com\/product\/tire-grinder-and-magnetic-separator\/\">d\u00e4ckgranulator<\/a> f\u00f6r djup slipning f\u00f6r att producera fin gummipulver. Detta pulver kan anv\u00e4ndas i produktionen av \u00e5tervunna gummiprodukter, s\u00e5som gummi-golvplattor, landningsmaterial, och t\u00e4tningsringar.<\/p>    <figure class=\"wp-block-gallery has-nested-images columns-default is-cropped wp-block-gallery-5 is-layout-flex wp-block-gallery-is-layout-flex\"> <figure class=\"wp-block-image size-large\"><img loading=\"lazy\" decoding=\"async\" width=\"720\" height=\"540\" data-id=\"1672\" src=\"https:\/\/www.plasticgranularmachine.com\/wp-content\/uploads\/2025\/05\/working-flow-of-the-semi-automatic-rubber-recycling-plant.webp\" alt=\"arbetsfl\u00f6de f\u00f6r halvautomatisk gummi\u00e5tervinningsanl\u00e4ggning\" class=\"wp-image-1672\" srcset=\"https:\/\/www.plasticgranularmachine.com\/wp-content\/uploads\/2025\/05\/working-flow-of-the-semi-automatic-rubber-recycling-plant.webp 720w, https:\/\/www.plasticgranularmachine.com\/wp-content\/uploads\/2025\/05\/working-flow-of-the-semi-automatic-rubber-recycling-plant-300x225.webp 300w, https:\/\/www.plasticgranularmachine.com\/wp-content\/uploads\/2025\/05\/working-flow-of-the-semi-automatic-rubber-recycling-plant-16x12.webp 16w\" sizes=\"auto, (max-width: 720px) 100vw, 720px\" \/><figcaption class=\"wp-element-caption\">arbetsfl\u00f6de f\u00f6r halvautomatisk gummi\u00e5tervinningsanl\u00e4ggning<\/figcaption><\/figure>    <figure class=\"wp-block-image size-large\"><img loading=\"lazy\" decoding=\"async\" width=\"720\" height=\"540\" data-id=\"1643\" src=\"https:\/\/www.plasticgranularmachine.com\/wp-content\/uploads\/2025\/04\/crumb-rubber-making-line-3.webp\" alt=\"sm\u00f6rjad gummilinje 3\" class=\"wp-image-1643\" srcset=\"https:\/\/www.plasticgranularmachine.com\/wp-content\/uploads\/2025\/04\/crumb-rubber-making-line-3.webp 720w, https:\/\/www.plasticgranularmachine.com\/wp-content\/uploads\/2025\/04\/crumb-rubber-making-line-3-300x225.webp 300w, https:\/\/www.plasticgranularmachine.com\/wp-content\/uploads\/2025\/04\/crumb-rubber-making-line-3-16x12.webp 16w\" sizes=\"auto, (max-width: 720px) 100vw, 720px\" \/><figcaption class=\"wp-element-caption\">sm\u00f6rjad gummilinje 3<\/figcaption><\/figure>    <figure class=\"wp-block-image size-large\"><img loading=\"lazy\" decoding=\"async\" width=\"720\" height=\"540\" data-id=\"1676\" src=\"https:\/\/www.plasticgranularmachine.com\/wp-content\/uploads\/2025\/05\/OTR-tire-recycling-line-working-process.webp\" alt=\"OTR-d\u00e4ck\u00e5tervinningslinje arbetsfl\u00f6de\" class=\"wp-image-1676\" srcset=\"https:\/\/www.plasticgranularmachine.com\/wp-content\/uploads\/2025\/05\/OTR-tire-recycling-line-working-process.webp 720w, https:\/\/www.plasticgranularmachine.com\/wp-content\/uploads\/2025\/05\/OTR-tire-recycling-line-working-process-300x225.webp 300w, https:\/\/www.plasticgranularmachine.com\/wp-content\/uploads\/2025\/05\/OTR-tire-recycling-line-working-process-16x12.webp 16w\" sizes=\"auto, (max-width: 720px) 100vw, 720px\" \/><figcaption class=\"wp-element-caption\">OTR-d\u00e4ck\u00e5tervinningslinje arbetsfl\u00f6de<\/figcaption><\/figure> <\/figure>    <h2 class=\"wp-block-heading\">Till\u00e4mpning av Utmatningen fr\u00e5n D\u00e4ckflistrande Maskin Till Salu<\/h2>    <p>Trots att det \u00e4nnu inte \u00e4r i pulverform har gummiblock producerade med avfall d\u00e4ckflistrare ett brett industriellt och kommersiellt v\u00e4rde.<\/p>    <ol class=\"wp-block-list\"> <li><strong>Badala ya mafuta:<\/strong> Vinaweza kutumika kama mafuta ya viwandani kubadilisha makaa na mafuta. Vinatumika sana katika michakato ya kuchoma kwa joto la juu ya viwanda vya saruji, umeme, na karatasi.<\/li>    <li><strong>Uhandisi wa msingi na udongo wa taka:<\/strong> Inaweza kutumika kwa msingi wa barabara na reli na maji mazuri ya maji na cushioning.<\/li>    <li><strong>Matairi ya kupunguza mshtuko na vifaa vya cushioning:<\/strong> Vipande vya mpira vinaweza kutumika kama nyenzo za kujaza kwa uwanja wa michezo, uwanja wa watoto, na matandiko ya kupunguza kelele katika ujenzi.<\/li>    <li><strong>Imechakatwa kuwa unga wa mpira:<\/strong> Kukata zaidi kunaweza kuzalisha granules za mpira au unga wa kina zaidi, ambazo zinaweza kutumika kwa tiles za sakafu za mpira, matandiko ya nyasi bandia, pete za kuziba, na zaidi.<\/li>    <li>Inaweza kutumika kama<strong> malighafi kwa bidhaa za ukungu wa mpira<\/strong>, kama vile stopper za magari za mpira, bump za kasi, tiles za sakafu, gaskets, na bidhaa nyingine zilizorejelewa. Kwa bidhaa, shredder ya matairi ni kifaa kisichokosekana katika mifumo ya kisasa ya urejelezaji wa matairi ya taka.<\/li> <\/ol>    <h2 class=\"wp-block-heading\">Var kan vi exportera v\u00e5r gummid\u00e4cksflistrande maskin till?<\/h2>    <p class=\"translation-block\">V\u00e5r kommersiella d\u00e4ckflistrande maskin till salu kan skr\u00e4ddarsys f\u00f6r kunder <strong>\u00f6ver hela v\u00e4rlden<\/strong>. Var som helst d\u00e4r du befinner dig kan vi erbjuda transport, teknisk v\u00e4gledning och on-site installationsservice. <\/p>    <p>Med \u00f6verl\u00e4gsen prestanda och f\u00f6rm\u00e5nlig pris p\u00e5 d\u00e4ckkrossmaskinen, v\u00e5r d\u00e4ckkrossmaskin f\u00f6r f\u00f6rs\u00e4ljning i Sydafrika, d\u00e4ckkrossmaskin f\u00f6r f\u00f6rs\u00e4ljning i Australien, d\u00e4ckkrossmaskin till f\u00f6rs\u00e4ljning i Storbritannien, och s\u00e5 vidare. fick ett brett spektrum av enh\u00e4llig uppr\u00e4ttelse! Om du \u00e4r intresserad, v\u00e4nligen kontakta oss!<\/p>    <figure class=\"wp-block-gallery has-nested-images columns-default is-cropped wp-block-gallery-6 is-layout-flex wp-block-gallery-is-layout-flex\"> <figure class=\"wp-block-image size-large\"><img loading=\"lazy\" decoding=\"async\" width=\"720\" height=\"540\" data-id=\"1834\" src=\"https:\/\/www.plasticgranularmachine.com\/wp-content\/uploads\/2025\/07\/Favorable-comments-on-tire-shredder-from-Kenyan-customers.webp\" alt=\"Positiva kommentarer om d\u00e4ckflistrande maskin fr\u00e5n kenyanska kunder\" class=\"wp-image-1834\" srcset=\"https:\/\/www.plasticgranularmachine.com\/wp-content\/uploads\/2025\/07\/Favorable-comments-on-tire-shredder-from-Kenyan-customers.webp 720w, https:\/\/www.plasticgranularmachine.com\/wp-content\/uploads\/2025\/07\/Favorable-comments-on-tire-shredder-from-Kenyan-customers-300x225.webp 300w, https:\/\/www.plasticgranularmachine.com\/wp-content\/uploads\/2025\/07\/Favorable-comments-on-tire-shredder-from-Kenyan-customers-16x12.webp 16w\" sizes=\"auto, (max-width: 720px) 100vw, 720px\" \/><figcaption class=\"wp-element-caption\">Positiva kommentarer om d\u00e4ckflistrande maskin fr\u00e5n kenyanska kunder<\/figcaption><\/figure>    <figure class=\"wp-block-image size-large\"><img loading=\"lazy\" decoding=\"async\" width=\"720\" height=\"540\" data-id=\"1832\" src=\"https:\/\/www.plasticgranularmachine.com\/wp-content\/uploads\/2025\/07\/Customers-visit-the-factory.webp\" alt=\"Kund bes\u00f6ker fabriken\" class=\"wp-image-1832\" srcset=\"https:\/\/www.plasticgranularmachine.com\/wp-content\/uploads\/2025\/07\/Customers-visit-the-factory.webp 720w, https:\/\/www.plasticgranularmachine.com\/wp-content\/uploads\/2025\/07\/Customers-visit-the-factory-300x225.webp 300w, https:\/\/www.plasticgranularmachine.com\/wp-content\/uploads\/2025\/07\/Customers-visit-the-factory-16x12.webp 16w\" sizes=\"auto, (max-width: 720px) 100vw, 720px\" \/><figcaption class=\"wp-element-caption\">Kund bes\u00f6ker fabriken<\/figcaption><\/figure> <\/figure>","protected":false},"excerpt":{"rendered":"<p>The tire shredder machine for sale plays a key role in the tire recycling process and rubber powder production by efficiently shredding large scrap tires into small pieces, approximately 50-100 mm, that can easily be sold or transported. These pieces can also be ground into fine rubber powder. How to Apply the Waste Tire Shredder? [&hellip;]<\/p>\n","protected":false},"author":1,"featured_media":1843,"parent":0,"template":"","tags":[],"product-type":[75],"class_list":["post-1829","product","type-product","status-publish","has-post-thumbnail","hentry","product-type-tire-recycling-facility"],"_links":{"self":[{"href":"https:\/\/www.plasticgranularmachine.com\/sw\/wp-json\/wp\/v2\/product\/1829","targetHints":{"allow":["GET"]}}],"collection":[{"href":"https:\/\/www.plasticgranularmachine.com\/sw\/wp-json\/wp\/v2\/product"}],"about":[{"href":"https:\/\/www.plasticgranularmachine.com\/sw\/wp-json\/wp\/v2\/types\/product"}],"author":[{"embeddable":true,"href":"https:\/\/www.plasticgranularmachine.com\/sw\/wp-json\/wp\/v2\/users\/1"}],"wp:featuredmedia":[{"embeddable":true,"href":"https:\/\/www.plasticgranularmachine.com\/sw\/wp-json\/wp\/v2\/media\/1843"}],"wp:attachment":[{"href":"https:\/\/www.plasticgranularmachine.com\/sw\/wp-json\/wp\/v2\/media?parent=1829"}],"wp:term":[{"taxonomy":"post_tag","embeddable":true,"href":"https:\/\/www.plasticgranularmachine.com\/sw\/wp-json\/wp\/v2\/tags?post=1829"},{"taxonomy":"product-type","embeddable":true,"href":"https:\/\/www.plasticgranularmachine.com\/sw\/wp-json\/wp\/v2\/product-type?post=1829"}],"curies":[{"name":"wp","href":"https:\/\/api.w.org\/{rel}","templated":true}]}}